{"id":7718,"date":"2018-06-26T09:10:32","date_gmt":"2018-06-26T09:10:32","guid":{"rendered":"http:\/\/icom.museum\/sobre-nosotros\/history-of-icom\/"},"modified":"2022-09-01T11:25:36","modified_gmt":"2022-09-01T09:25:36","slug":"historia-del-icom","status":"publish","type":"page","link":"https:\/\/icom.museum\/es\/sobre-nosotros\/historia-del-icom\/","title":{"rendered":"Historia del ICOM"},"content":{"rendered":"<h2>A lo largo de los a\u00f1os, el ICOM ha conseguido adaptarse a las preocupaciones de los profesionales de museos del mundo, sin olvidar su principal misi\u00f3n. M\u00e1s de 60 a\u00f1os despu\u00e9s de su creaci\u00f3n, la organizaci\u00f3n representa a la comunidad muse\u00edstica mundial en su conjunto.<\/h2>\n<h3>1946 &#8211; 1947: Nacimiento del ICOM<\/h3>\n<p>En menos de un a\u00f1o, dos encuentros marcaron el nacimiento del ICOM. El primero tuvo lugar en Par\u00eds para la creaci\u00f3n del Consejo internacional de museos por iniciativa de Chauncey J. Hamlin (Estados Unidos de Am\u00e9rica), que se convirti\u00f3 en el primer presidente de la organizaci\u00f3n. El segundo tuvo lugar en M\u00e9xico con ocasi\u00f3n de la primera Asamblea general de la organizaci\u00f3n.<\/p>\n<div id=\"c73\" class=\"csc-default\">\n<div class=\"csc-textpic csc-textpic-intext-left-nowrap csc-textpic-border\">\n<div class=\"csc-textpic-text\">\n<div id=\"c74\" class=\"csc-default\">\n<div id=\"c147\" class=\"csc-default\">\n<div class=\"csc-textpic csc-textpic-intext-left csc-textpic-border\">\n<div class=\"csc-textpic-text\">\n<h3 class=\"bodytext\">1947 &#8211; 1968: Crecimiento<\/h3>\n<div id=\"c74\" class=\"csc-default\">\n<p class=\"bodytext\">Las siete conferencias que tuvieron lugar entre 1948 y 1965 vieron el ICOM desarrollarse poco a poco. Las estructuras se reforzaron, la representaci\u00f3n geogr\u00e1fica se ampli\u00f3 pero sobre todo, las actividades se volvieron m\u00e1s profesionales. Las dos pen\u00faltimas conferencias generales (en La Haya y \u00c1msterdam en 1962 y en Nueva York en 1965) mostraron la amplitud de las necesidades y el entusiasmo de los participantes.<\/p>\n<p class=\"bodytext\">Las preocupaciones de aquellos a\u00f1os est\u00e1n relacionadas con tres sectores esenciales: el papel educativo de los museos, las exposiciones y la circulaci\u00f3n internacional de los bienes culturales, la conservaci\u00f3n y la restauraci\u00f3n de los bienes culturales.<\/p>\n<h3>1968 &#8211; 1977: Los a\u00f1os de crisis y de transici\u00f3n<\/h3>\n<div id=\"c147\" class=\"csc-default\">\n<div class=\"csc-textpic csc-textpic-intext-left csc-textpic-border\">\n<div class=\"csc-textpic-text\">\n<p class=\"bodytext\">A partir de 1968, los d\u00e9ficits financieros se convirtieron en un problema cr\u00f3nico. La actividad, los proyectos y los gastos fueron aumentando mientras que el importe de las cotizaciones no cambi\u00f3 en ocho a\u00f1os. Mientras tanto, empezaron a distinguirse los nuevos rasgos de los museos y su papel en la sociedad contempor\u00e1nea. Al principio de los a\u00f1os 70, la instituci\u00f3n vivi\u00f3 una crisis aguda que estuvo a punto de poner en peligro la existencia misma del ICOM. La \u00fanica soluci\u00f3n residi\u00f3 en aumentar sus propios recursos, lo cual implicaba subir el importe de las cotizaciones de los miembros para acabar con esta situaci\u00f3n injusta. Se revisaron los estatutos tambi\u00e9n: ya no se pod\u00eda limitar el\u00a0 n\u00famero de miembros activos a 15 por cada comit\u00e9 nacional.<\/p>\n<p class=\"bodytext\">Desde la Conferencia general de Grenoble en 1971, se examin\u00f3 la idea de acoger a miembros individuales sin distinci\u00f3n alguna. En 1974, se adopt\u00f3 una reforma en Copenhague: desde entonces los miembros activos y los miembros asociados est\u00e1n reunidos en una sola categor\u00eda. Prevaleci\u00f3 el esp\u00edritu democr\u00e1tico y se otorg\u00f3 el derecho de voto y la elegibilidad a todo miembro de la profesi\u00f3n.<\/p>\n<\/div>\n<\/div>\n<\/div>\n<\/div>\n<p><img loading=\"lazy\" decoding=\"async\" class=\"aligncenter size-large wp-image-7652\" src=\"https:\/\/icom.museum\/wp-content\/uploads\/2018\/06\/42-1024x674.jpg\" alt=\"\" width=\"1024\" height=\"674\" srcset=\"https:\/\/icom.museum\/wp-content\/uploads\/2018\/06\/42-1024x674.jpg 1024w, https:\/\/icom.museum\/wp-content\/uploads\/2018\/06\/42-300x198.jpg 300w, https:\/\/icom.museum\/wp-content\/uploads\/2018\/06\/42-768x506.jpg 768w\" sizes=\"(max-width: 1024px) 100vw, 1024px\" \/><\/p>\n<p><em>18-29 de mayo de 1977, 11\u00aa Conferencia General, Mosc\u00fa-Leningrado, URSS<\/em><\/p>\n<\/div>\n<\/div>\n<\/div>\n<\/div>\n<div id=\"c426\" class=\"csc-default\">\n<div class=\"csc-textpic csc-textpic-intext-left csc-textpic-border\">\n<div class=\"csc-textpic-text\">\n<h3 class=\"bodytext\">1977 &#8211; 1989 : La apertura al mundo<\/h3>\n<div id=\"c426\" class=\"csc-default\">\n<div class=\"csc-textpic csc-textpic-intext-left csc-textpic-border\">\n<div class=\"csc-textpic-text\">\n<p class=\"bodytext\">El ICOM tan s\u00f3lo empez\u00f3 a desarrollar sus actividades en los pa\u00edses en v\u00edas de desarrollo a partir de 1977.<\/p>\n<p class=\"bodytext\">Una resoluci\u00f3n adoptada en Mosc\u00fa en 1977 prev\u00e9 apoyar a los pa\u00edses en v\u00edas de desarrollo en Asia, \u00c1frica y Am\u00e9rica latina en los asuntos relacionados con la formaci\u00f3n del personal de los museos y de los restauradores, teniendo en cuenta la necesidad de contar con personal cualificado y especializado en conservaci\u00f3n y permitiendo a la vez la promoci\u00f3n de la creaci\u00f3n y la difusi\u00f3n de material did\u00e1ctico para la ense\u00f1anza de la conservaci\u00f3n.<\/p>\n<p class=\"bodytext\">Cuatro conferencias decisivas (en 1977, 1980, 1983 y 1986) le permitieron al ICOM alcanzar dos objetivos estrat\u00e9gicos:<\/p>\n<ul>\n<li>La creaci\u00f3n de una pol\u00edtica de los museos al servicio de la sociedad y de su desarrollo;<\/li>\n<li>la aprobaci\u00f3n del\u00a0<i>C\u00f3digo de deontolog\u00eda<\/i>, una obra de referencia.<\/li>\n<\/ul>\n<\/div>\n<\/div>\n<\/div>\n<p>&nbsp;<\/p>\n<p><img loading=\"lazy\" decoding=\"async\" class=\"aligncenter size-large wp-image-7655\" src=\"https:\/\/icom.museum\/wp-content\/uploads\/2018\/06\/New5-1024x730.jpg\" alt=\"\" width=\"1024\" height=\"730\" srcset=\"https:\/\/icom.museum\/wp-content\/uploads\/2018\/06\/New5-1024x730.jpg 1024w, https:\/\/icom.museum\/wp-content\/uploads\/2018\/06\/New5-300x214.jpg 300w, https:\/\/icom.museum\/wp-content\/uploads\/2018\/06\/New5-768x547.jpg 768w\" sizes=\"(max-width: 1024px) 100vw, 1024px\" \/><\/p>\n<p><em>26 de octubre &#8211; 4 de noviembre de 1986, XIV Conferencia General, Buenos Aires, Argentina<\/em><\/p>\n<h3>1989 &#8211; 1996 : El ICOM eficaz y universal<\/h3>\n<p>La situaci\u00f3n econ\u00f3mica del ICOM empez\u00f3 a mejorar y el d\u00e9ficit desapareci\u00f3 en 1994. La pol\u00edtica de recaudaci\u00f3n de fondos ofrece unas perspectivas prometedoras. La fama del ICOM y su acci\u00f3n mundial le garantizan una gran representatividad, feliz desenlace que recompensa medio siglo de esfuerzos.<\/p>\n<div id=\"c428\" class=\"csc-default\">\n<div class=\"csc-textpic csc-textpic-intext-left csc-textpic-border\">\n<div class=\"csc-textpic-text\">\n<p class=\"bodytext\">En una \u00e9poca en que muchas organizaciones internacionales buscan un nuevo aliento y se enfrentan con problemas financieros y estructurales, el ICOM consigui\u00f3 conservar su aspecto universal, su flexibilidad y la imaginaci\u00f3n que le permiten satisfacer las exigencias de la profesi\u00f3n.<\/p>\n<p class=\"bodytext\">Las resoluciones aprobadas en las \u00faltimas asambleas generales sientan las bases de una pol\u00edtica relativa al patrimonio en conformidad con la idea que el desarrollo econ\u00f3mico va acompa\u00f1ado de factores culturales.<\/p>\n<\/div>\n<\/div>\n<\/div>\n<div id=\"c428\" class=\"csc-default\">\n<div class=\"csc-textpic csc-textpic-intext-left csc-textpic-border\">\n<div class=\"csc-textpic-text\">\n<p><img loading=\"lazy\" decoding=\"async\" class=\"aligncenter size-large wp-image-7658\" src=\"https:\/\/icom.museum\/wp-content\/uploads\/2018\/06\/82-1024x751.jpg\" alt=\"\" width=\"1024\" height=\"751\" srcset=\"https:\/\/icom.museum\/wp-content\/uploads\/2018\/06\/82-1024x751.jpg 1024w, https:\/\/icom.museum\/wp-content\/uploads\/2018\/06\/82-300x220.jpg 300w, https:\/\/icom.museum\/wp-content\/uploads\/2018\/06\/82-768x564.jpg 768w\" sizes=\"(max-width: 1024px) 100vw, 1024px\" \/><\/p>\n<p><em>18\u00aa Asamblea General del ICOM, Stavanger, Noruega, 7 de julio de 1995<\/em><\/p>\n<\/div>\n<\/div>\n<\/div>\n<\/div>\n<\/div>\n<\/div>\n<div id=\"c431\" class=\"csc-default\">\n<div class=\"csc-textpic csc-textpic-intext-left csc-textpic-border\">\n<div class=\"csc-textpic-text\">\n<h3 class=\"bodytext\">1996 &#8211; 2004 Una nueva era de acciones<\/h3>\n<p class=\"bodytext\">A partir de 1986, el ICOM intensifica su acci\u00f3n a favor de la lucha contra el tr\u00e1fico il\u00edcito de bienes culturales a trav\u00e9s de las Listas rojas y de la serie Cien objetos desaparecidos. La prevenci\u00f3n de los riesgos relacionados con cat\u00e1strofes naturales o causadas por el hombre se fue acelerando con el Programa de emergencia en los museos (MEP) inaugurado en 2002 y con la participaci\u00f3n del ICOM en el Comit\u00e9 internacional del Escudo azul (ICBS).<\/p>\n<div id=\"c431\" class=\"csc-default\">\n<div class=\"csc-textpic csc-textpic-intext-left csc-textpic-border\">\n<div class=\"csc-textpic-text\">\n<p class=\"bodytext\">As\u00ed, el ICOM ha seguido un camino nuevo, cada vez m\u00e1s arraigado en la comunidad muse\u00edstica internacional y m\u00e1s cerca de la sociedad civil.<\/p>\n<\/div>\n<\/div>\n<\/div>\n<p><img loading=\"lazy\" decoding=\"async\" class=\"aligncenter size-large wp-image-7661\" src=\"https:\/\/icom.museum\/wp-content\/uploads\/2018\/06\/ICOM-98-1024x682.jpg\" alt=\"\" width=\"1024\" height=\"682\" srcset=\"https:\/\/icom.museum\/wp-content\/uploads\/2018\/06\/ICOM-98-1024x682.jpg 1024w, https:\/\/icom.museum\/wp-content\/uploads\/2018\/06\/ICOM-98-300x200.jpg 300w, https:\/\/icom.museum\/wp-content\/uploads\/2018\/06\/ICOM-98-768x512.jpg 768w, https:\/\/icom.museum\/wp-content\/uploads\/2018\/06\/ICOM-98.jpg 1600w\" sizes=\"(max-width: 1024px) 100vw, 1024px\" \/><\/p>\n<p><em>18\u00aa Conferencia General del ICOM, 1998, Melbourne, Australia<\/em><\/p>\n<h3>2004 Hasta hoy: La apertura a Asia<\/h3>\n<p>A fin de definir su nueva estrategia, el ICOM cre\u00f3 un grupo de trabajo sobre la reforma de la organizaci\u00f3n y public\u00f3 un informe titulado Herramientas para renovar la organizaci\u00f3n. Adem\u00e1s el ICOM public\u00f3 C\u00f3mo administrar un museo: manual pr\u00e1ctico, una obra dirigida a los profesionales que se convirti\u00f3 en una referencia para la comunidad muse\u00edstica internacional.<\/p>\n<div id=\"c434\" class=\"csc-default\">\n<div class=\"csc-textpic csc-textpic-intext-left csc-textpic-border csc-textpic-equalheight\">\n<div class=\"csc-textpic-text\">\n<p class=\"bodytext\">Las acciones a favor de la protecci\u00f3n del patrimonio cultural continuaron, en particular con la participaci\u00f3n activa del ICOM en el Escudo azul y la administraci\u00f3n de Object ID. Desde entonces la protecci\u00f3n del patrimonio cultural inmaterial forma parte integrante del programa de actividades del ICOM. Todos estos elementos contribuyen a la influencia institucional del ICOM. A partir de 2004, al organizar por primera vez una conferencia general en Asia (Se\u00fal, Rep\u00fablica de Corea) el ICOM recalca su voluntad de integrar de forma m\u00e1s significativa al continente asi\u00e1tico. Esta apertura se ha confirmado en 2010 con la presencia de la organizaci\u00f3n en la Exposici\u00f3n universal y la organizaci\u00f3n de la conferencia general en Shangh\u00e1i. Tras las Conferencias Generales en Rio de Janeiro en 2013 y en Mil\u00e1n en 2016, el ICOM continua a reforzar su presencia en Asia, especialmente a trav\u00e9s de la pr\u00f3xima Conferencia General de 2019 en Kioto, Jap\u00f3n.<\/p>\n<\/div>\n<\/div>\n<\/div>\n<div id=\"c434\" class=\"csc-default\">\n<div class=\"csc-textpic csc-textpic-intext-left csc-textpic-border csc-textpic-equalheight\">\n<div class=\"csc-textpic-text\">\n<p><img loading=\"lazy\" decoding=\"async\" class=\"aligncenter size-large wp-image-7664\" src=\"https:\/\/icom.museum\/wp-content\/uploads\/2018\/06\/New11-1024x683.jpg\" alt=\"\" width=\"1024\" height=\"683\" srcset=\"https:\/\/icom.museum\/wp-content\/uploads\/2018\/06\/New11-1024x683.jpg 1024w, https:\/\/icom.museum\/wp-content\/uploads\/2018\/06\/New11-300x200.jpg 300w, https:\/\/icom.museum\/wp-content\/uploads\/2018\/06\/New11-768x512.jpg 768w\" sizes=\"(max-width: 1024px) 100vw, 1024px\" \/><\/p>\n<\/div>\n<\/div>\n<\/div>\n<\/div>\n<\/div>\n<\/div>\n<\/div>\n<\/div>\n<\/div>\n<p>&nbsp;<\/p>\n","protected":false},"excerpt":{"rendered":"<p>A lo largo de los a\u00f1os, el ICOM ha conseguido adaptarse a las preocupaciones de los profesionales de museos del mundo, sin olvidar su principal misi\u00f3n. M\u00e1s de 60 a\u00f1os despu\u00e9s de su creaci\u00f3n, la organizaci\u00f3n representa a la comunidad muse\u00edstica mundial en su conjunto. 1946 &#8211; 1947: Nacimiento del ICOM En menos de un [&hellip;]<\/p>\n","protected":false},"author":10,"featured_media":0,"parent":5368,"menu_order":1,"comment_status":"closed","ping_status":"closed","template":"","meta":{"inline_featured_image":false,"footnotes":""},"class_list":["post-7718","page","type-page","status-publish","hentry"],"acf":[],"yoast_head":"<!-- This site is optimized with the Yoast SEO plugin v23.7 - https:\/\/yoast.com\/wordpress\/plugins\/seo\/ -->\n<title>Historia del ICOM - International Council of Museums<\/title>\n<meta name=\"robots\" content=\"index, follow, max-snippet:-1, max-image-preview:large, max-video-preview:-1\" \/>\n<link rel=\"canonical\" href=\"https:\/\/icom.museum\/es\/sobre-nosotros\/historia-del-icom\/\" \/>\n<meta property=\"og:locale\" content=\"es_ES\" \/>\n<meta property=\"og:type\" content=\"article\" \/>\n<meta property=\"og:title\" content=\"Historia del ICOM - International Council of Museums\" \/>\n<meta property=\"og:description\" content=\"A lo largo de los a\u00f1os, el ICOM ha conseguido adaptarse a las preocupaciones de los profesionales de museos del mundo, sin olvidar su principal misi\u00f3n. M\u00e1s de 60 a\u00f1os despu\u00e9s de su creaci\u00f3n, la organizaci\u00f3n representa a la comunidad muse\u00edstica mundial en su conjunto. 1946 &#8211; 1947: Nacimiento del ICOM En menos de un [&hellip;]\" \/>\n<meta property=\"og:url\" content=\"https:\/\/icom.museum\/es\/sobre-nosotros\/historia-del-icom\/\" \/>\n<meta property=\"og:site_name\" content=\"International Council of Museums\" \/>\n<meta property=\"article:modified_time\" content=\"2022-09-01T09:25:36+00:00\" \/>\n<meta property=\"og:image\" content=\"https:\/\/icom.museum\/wp-content\/uploads\/2018\/06\/42-1024x674.jpg\" \/>\n<meta name=\"twitter:card\" content=\"summary_large_image\" \/>\n<meta name=\"twitter:label1\" content=\"Tiempo de lectura\" \/>\n\t<meta name=\"twitter:data1\" content=\"6 minutos\" \/>\n<script type=\"application\/ld+json\" class=\"yoast-schema-graph\">{\"@context\":\"https:\/\/schema.org\",\"@graph\":[{\"@type\":\"WebPage\",\"@id\":\"https:\/\/icom.museum\/es\/sobre-nosotros\/historia-del-icom\/\",\"url\":\"https:\/\/icom.museum\/es\/sobre-nosotros\/historia-del-icom\/\",\"name\":\"Historia del ICOM - International Council of Museums\",\"isPartOf\":{\"@id\":\"https:\/\/icom.museum\/en\/#website\"},\"primaryImageOfPage\":{\"@id\":\"https:\/\/icom.museum\/es\/sobre-nosotros\/historia-del-icom\/#primaryimage\"},\"image\":{\"@id\":\"https:\/\/icom.museum\/es\/sobre-nosotros\/historia-del-icom\/#primaryimage\"},\"thumbnailUrl\":\"https:\/\/icom.museum\/wp-content\/uploads\/2018\/06\/42-1024x674.jpg\",\"datePublished\":\"2018-06-26T09:10:32+00:00\",\"dateModified\":\"2022-09-01T09:25:36+00:00\",\"breadcrumb\":{\"@id\":\"https:\/\/icom.museum\/es\/sobre-nosotros\/historia-del-icom\/#breadcrumb\"},\"inLanguage\":\"es\",\"potentialAction\":[{\"@type\":\"ReadAction\",\"target\":[\"https:\/\/icom.museum\/es\/sobre-nosotros\/historia-del-icom\/\"]}]},{\"@type\":\"ImageObject\",\"inLanguage\":\"es\",\"@id\":\"https:\/\/icom.museum\/es\/sobre-nosotros\/historia-del-icom\/#primaryimage\",\"url\":\"https:\/\/icom.museum\/wp-content\/uploads\/2018\/06\/42-1024x674.jpg\",\"contentUrl\":\"https:\/\/icom.museum\/wp-content\/uploads\/2018\/06\/42-1024x674.jpg\"},{\"@type\":\"BreadcrumbList\",\"@id\":\"https:\/\/icom.museum\/es\/sobre-nosotros\/historia-del-icom\/#breadcrumb\",\"itemListElement\":[{\"@type\":\"ListItem\",\"position\":1,\"name\":\"Home\",\"item\":\"https:\/\/icom.museum\/es\/\"},{\"@type\":\"ListItem\",\"position\":2,\"name\":\"Sobre nosotros\",\"item\":\"https:\/\/icom.museum\/es\/sobre-nosotros\/\"},{\"@type\":\"ListItem\",\"position\":3,\"name\":\"Historia del ICOM\"}]},{\"@type\":\"WebSite\",\"@id\":\"https:\/\/icom.museum\/en\/#website\",\"url\":\"https:\/\/icom.museum\/en\/\",\"name\":\"International Council of Museums\",\"description\":\"A global organisation of museums &amp; museum professionals committed to the promotion and protection of cultural heritage\",\"publisher\":{\"@id\":\"https:\/\/icom.museum\/en\/#organization\"},\"potentialAction\":[{\"@type\":\"SearchAction\",\"target\":{\"@type\":\"EntryPoint\",\"urlTemplate\":\"https:\/\/icom.museum\/en\/?s={search_term_string}\"},\"query-input\":{\"@type\":\"PropertyValueSpecification\",\"valueRequired\":true,\"valueName\":\"search_term_string\"}}],\"inLanguage\":\"es\"},{\"@type\":\"Organization\",\"@id\":\"https:\/\/icom.museum\/en\/#organization\",\"name\":\"International Council of Museums\",\"url\":\"https:\/\/icom.museum\/en\/\",\"logo\":{\"@type\":\"ImageObject\",\"inLanguage\":\"es\",\"@id\":\"https:\/\/icom.museum\/en\/#\/schema\/logo\/image\/\",\"url\":\"https:\/\/icom.museum\/wp-content\/uploads\/2018\/07\/ICOM_M_.jpg\",\"contentUrl\":\"https:\/\/icom.museum\/wp-content\/uploads\/2018\/07\/ICOM_M_.jpg\",\"width\":1721,\"height\":1721,\"caption\":\"International Council of Museums\"},\"image\":{\"@id\":\"https:\/\/icom.museum\/en\/#\/schema\/logo\/image\/\"}}]}<\/script>\n<!-- \/ Yoast SEO plugin. -->","yoast_head_json":{"title":"Historia del ICOM - International Council of Museums","robots":{"index":"index","follow":"follow","max-snippet":"max-snippet:-1","max-image-preview":"max-image-preview:large","max-video-preview":"max-video-preview:-1"},"canonical":"https:\/\/icom.museum\/es\/sobre-nosotros\/historia-del-icom\/","og_locale":"es_ES","og_type":"article","og_title":"Historia del ICOM - International Council of Museums","og_description":"A lo largo de los a\u00f1os, el ICOM ha conseguido adaptarse a las preocupaciones de los profesionales de museos del mundo, sin olvidar su principal misi\u00f3n. M\u00e1s de 60 a\u00f1os despu\u00e9s de su creaci\u00f3n, la organizaci\u00f3n representa a la comunidad muse\u00edstica mundial en su conjunto. 1946 &#8211; 1947: Nacimiento del ICOM En menos de un [&hellip;]","og_url":"https:\/\/icom.museum\/es\/sobre-nosotros\/historia-del-icom\/","og_site_name":"International Council of Museums","article_modified_time":"2022-09-01T09:25:36+00:00","og_image":[{"url":"https:\/\/icom.museum\/wp-content\/uploads\/2018\/06\/42-1024x674.jpg"}],"twitter_card":"summary_large_image","twitter_misc":{"Tiempo de lectura":"6 minutos"},"schema":{"@context":"https:\/\/schema.org","@graph":[{"@type":"WebPage","@id":"https:\/\/icom.museum\/es\/sobre-nosotros\/historia-del-icom\/","url":"https:\/\/icom.museum\/es\/sobre-nosotros\/historia-del-icom\/","name":"Historia del ICOM - International Council of Museums","isPartOf":{"@id":"https:\/\/icom.museum\/en\/#website"},"primaryImageOfPage":{"@id":"https:\/\/icom.museum\/es\/sobre-nosotros\/historia-del-icom\/#primaryimage"},"image":{"@id":"https:\/\/icom.museum\/es\/sobre-nosotros\/historia-del-icom\/#primaryimage"},"thumbnailUrl":"https:\/\/icom.museum\/wp-content\/uploads\/2018\/06\/42-1024x674.jpg","datePublished":"2018-06-26T09:10:32+00:00","dateModified":"2022-09-01T09:25:36+00:00","breadcrumb":{"@id":"https:\/\/icom.museum\/es\/sobre-nosotros\/historia-del-icom\/#breadcrumb"},"inLanguage":"es","potentialAction":[{"@type":"ReadAction","target":["https:\/\/icom.museum\/es\/sobre-nosotros\/historia-del-icom\/"]}]},{"@type":"ImageObject","inLanguage":"es","@id":"https:\/\/icom.museum\/es\/sobre-nosotros\/historia-del-icom\/#primaryimage","url":"https:\/\/icom.museum\/wp-content\/uploads\/2018\/06\/42-1024x674.jpg","contentUrl":"https:\/\/icom.museum\/wp-content\/uploads\/2018\/06\/42-1024x674.jpg"},{"@type":"BreadcrumbList","@id":"https:\/\/icom.museum\/es\/sobre-nosotros\/historia-del-icom\/#breadcrumb","itemListElement":[{"@type":"ListItem","position":1,"name":"Home","item":"https:\/\/icom.museum\/es\/"},{"@type":"ListItem","position":2,"name":"Sobre nosotros","item":"https:\/\/icom.museum\/es\/sobre-nosotros\/"},{"@type":"ListItem","position":3,"name":"Historia del ICOM"}]},{"@type":"WebSite","@id":"https:\/\/icom.museum\/en\/#website","url":"https:\/\/icom.museum\/en\/","name":"International Council of Museums","description":"A global organisation of museums &amp; museum professionals committed to the promotion and protection of cultural heritage","publisher":{"@id":"https:\/\/icom.museum\/en\/#organization"},"potentialAction":[{"@type":"SearchAction","target":{"@type":"EntryPoint","urlTemplate":"https:\/\/icom.museum\/en\/?s={search_term_string}"},"query-input":{"@type":"PropertyValueSpecification","valueRequired":true,"valueName":"search_term_string"}}],"inLanguage":"es"},{"@type":"Organization","@id":"https:\/\/icom.museum\/en\/#organization","name":"International Council of Museums","url":"https:\/\/icom.museum\/en\/","logo":{"@type":"ImageObject","inLanguage":"es","@id":"https:\/\/icom.museum\/en\/#\/schema\/logo\/image\/","url":"https:\/\/icom.museum\/wp-content\/uploads\/2018\/07\/ICOM_M_.jpg","contentUrl":"https:\/\/icom.museum\/wp-content\/uploads\/2018\/07\/ICOM_M_.jpg","width":1721,"height":1721,"caption":"International Council of Museums"},"image":{"@id":"https:\/\/icom.museum\/en\/#\/schema\/logo\/image\/"}}]}},"_links":{"self":[{"href":"https:\/\/icom.museum\/es\/wp-json\/wp\/v2\/pages\/7718"}],"collection":[{"href":"https:\/\/icom.museum\/es\/wp-json\/wp\/v2\/pages"}],"about":[{"href":"https:\/\/icom.museum\/es\/wp-json\/wp\/v2\/types\/page"}],"author":[{"embeddable":true,"href":"https:\/\/icom.museum\/es\/wp-json\/wp\/v2\/users\/10"}],"replies":[{"embeddable":true,"href":"https:\/\/icom.museum\/es\/wp-json\/wp\/v2\/comments?post=7718"}],"version-history":[{"count":8,"href":"https:\/\/icom.museum\/es\/wp-json\/wp\/v2\/pages\/7718\/revisions"}],"predecessor-version":[{"id":49793,"href":"https:\/\/icom.museum\/es\/wp-json\/wp\/v2\/pages\/7718\/revisions\/49793"}],"up":[{"embeddable":true,"href":"https:\/\/icom.museum\/es\/wp-json\/wp\/v2\/pages\/5368"}],"wp:attachment":[{"href":"https:\/\/icom.museum\/es\/wp-json\/wp\/v2\/media?parent=7718"}],"curies":[{"name":"wp","href":"https:\/\/api.w.org\/{rel}","templated":true}]}}