{"id":24835,"date":"2018-07-23T15:19:13","date_gmt":"2018-07-23T15:19:13","guid":{"rendered":"http:\/\/icom.museum\/?page_id=24835"},"modified":"2026-05-04T10:45:02","modified_gmt":"2026-05-04T08:45:02","slug":"mentions-legales","status":"publish","type":"page","link":"https:\/\/icom.museum\/fr\/mentions-legales\/","title":{"rendered":"Mentions l\u00e9gales"},"content":{"rendered":"<p>En se connectant \u00e0 ce site, icom.museum et \u00e0 toutes les pages de ce domaine (ci-apr\u00e8s d\u00e9nomm\u00e9s collectivement le \u00ab site Internet de l\u2019ICOM \u00bb), l\u2019utilisateur accepte les termes et conditions qui suivent.<\/p>\n<p>Le Conseil international des mus\u00e9es (ci-apr\u00e8s, \u00ab ICOM \u00bb) se r\u00e9serve le droit d\u2019invoquer toute voie de recours pr\u00e9vue par la loi en cas de violation de ces conditions, y compris toute violation du droit de l\u2019ICOM \u00e0 son nom ou des droits ayant trait aux informations, documents, texte, mat\u00e9riel vid\u00e9o ou audio ou photographies (ci-apr\u00e8s d\u00e9nomm\u00e9s collectivement \u00ab le Contenu \u00bb) se trouvant sur le site Internet de l\u2019ICOM.<\/p>\n<p>Site con\u00e7u et d\u00e9velopp\u00e9 par <a href=\"https:\/\/hands.agency\" target=\"_blank\" rel=\"noopener\">Hands Agency<\/a><br \/>\nH\u00e9berg\u00e9 par <a href=\"https:\/\/www.newp.fr\/\" target=\"_blank\" rel=\"noopener\">NEWP<\/a><\/p>\n<p><strong>1. Le Site Internet de l\u2019ICOM<\/strong><\/p>\n<p><strong>a) Informations l\u00e9gales<\/strong><\/p>\n<p>Ce site est la propri\u00e9t\u00e9 de l\u2019ICOM, Association d\u00e9clar\u00e9e (n\u00b0 SIREN 784 614 813) et situ\u00e9e au 1 rue Miollis, 75015 Paris (France).<\/p>\n<p>Conception et r\u00e9alisation du site : Hands Agency, 57 rue de Turbigo, 75003 Paris.<\/p>\n<p>H\u00e9bergement : Newp, 81 Rte Prte F\u00e2ch\u00e9, 16100 Boutiers-Saint-Trojan.<\/p>\n<p>Le Directeur de la publication du site est : Peter Keller, directeur g\u00e9n\u00e9ral<\/p>\n<p><strong>b) Utilisation du site Internet de l\u2019ICOM<\/strong><\/p>\n<p>L\u2019ICOM autorise l\u2019acc\u00e8s \u00e0 son site Internet \u00e0 des fins personnelles ou p\u00e9dagogiques uniquement. Tout autre usage, y compris la reproduction ou la traduction du Contenu du site Internet de l\u2019ICOM ou l\u2019utilisation \u00e0 des fins autres que personnelles ou p\u00e9dagogiques, est interdit sans l\u2019autorisation \u00e9crite expresse et pr\u00e9alable de l\u2019ICOM. Les demandes d\u2019autorisation doivent \u00eatre envoy\u00e9es en utilisant le formulaire pr\u00e9vu avec une description d\u00e9taill\u00e9e de l\u2019usage envisag\u00e9. Tout le Contenu du site Internet de l\u2019ICOM est prot\u00e9g\u00e9 par la l\u00e9gislation fran\u00e7aise sur les droits d\u2019auteur. L\u2019ICOM d\u00e9termine le Contenu de son site Internet selon ses propres crit\u00e8res et \u00e0 sa seule discr\u00e9tion. L\u2019ICOM se r\u00e9serve le droit de changer ou supprimer \u00e0 tout moment tout aspect ou \u00e9l\u00e9ment de son site Internet. L\u2019ICOM n\u2019offre aucune garantie et n\u2019affirme rien quant \u00e0 l\u2019exactitude et l\u2019exhaustivit\u00e9 des \u00e9l\u00e9ments du Contenu.<\/p>\n<p>L\u2019ICOM d\u00e9cline toute responsabilit\u00e9 r\u00e9sultant de l\u2019utilisation du site Internet de l\u2019ICOM ou du Contenu du site Internet de l\u2019ICOM. L\u2019ICOM, les membres de leur personnel et leurs parties contractantes ne seront en aucun cas tenus responsables des cons\u00e9quences financi\u00e8res ou autres r\u00e9sultant de l\u2019utilisation du Contenu du site Internet de l\u2019ICOM, y compris l\u2019usage abusif, incorrect ou frauduleux dudit Contenu.<\/p>\n<p>L\u2019ICOM n\u2019assume aucune responsabilit\u00e9 en cas d\u2019infection par un virus informatique ou par quelque contamination ou proc\u00e9d\u00e9 que ce soit ayant des propri\u00e9t\u00e9s destructrices.<\/p>\n<p><strong>c) Les parties interactives du site Internet de l\u2019ICOM<\/strong><\/p>\n<p>Le site Internet de l\u2019ICOM peut pr\u00e9senter des tableaux d\u2019affichage \u00e9lectronique, des forums, l\u2019acc\u00e8s \u00e0 des listes de diffusion ou d\u2019autres outils servant \u00e0 envoyer des messages ou \u00e0 communiquer. Les avis, opinions et affirmations provenant de ces diverses sources d\u2019information ne correspondent pas n\u00e9cessairement aux vues de l\u2019ICOM.<\/p>\n<p>Lorsqu\u2019il se sert de ces outils, l\u2019utilisateur s\u2019engage : (a) \u00e0 ne perp\u00e9trer aucune action diffamatoire, abusive, constitutive de harc\u00e8lement, mena\u00e7ante pour la vie priv\u00e9e ou violant de quelque mani\u00e8re que ce soit les droits de toute autre personne ; (b) \u00e0 ne pas publier, afficher, distribuer ni diss\u00e9miner des informations ou mat\u00e9riaux diffamatoires, obsc\u00e8nes, ind\u00e9cents, constituant une contrefa\u00e7on ou autrement illicites ; (c) \u00e0 ne pas t\u00e9l\u00e9charger ni transmettre des dossiers contenant des logiciels ou autres mat\u00e9riaux prot\u00e9g\u00e9s par la l\u00e9gislation sur la propri\u00e9t\u00e9 intellectuelle (ou le droit \u00e0 la vie priv\u00e9e) \u00e0 moins que l\u2019utilisateur n\u2019en poss\u00e8de ou n\u2019en contr\u00f4le les droits ou qu\u2019il n\u2019ait re\u00e7u toutes les autorisations n\u00e9cessaires ; (d) \u00e0 ne pas t\u00e9l\u00e9charger ni transmettre des dossiers contenant des virus informatiques, des fichiers corrompus ou tout autre logiciel ou programme susceptibles d\u2019endommager la fonctionnalit\u00e9 de l\u2019ordinateur d\u2019une autre personne ; (e) \u00e0 ne pas supprimer les r\u00e9f\u00e9rences \u00e0 l\u2019auteur, avertissements l\u00e9gaux, noms de sp\u00e9cialit\u00e9 ou \u00e9tiquettes dans un dossier qui est t\u00e9l\u00e9charg\u00e9 ; (f) \u00e0 ne pas falsifier la source ou l\u2019origine du logiciel ou de tout autre mat\u00e9riel contenu dans un dossier qui est t\u00e9l\u00e9charg\u00e9 ; (g) \u00e0 ne pas promouvoir ni offrir de vendre des biens et services, conduire ni faire suivre des enqu\u00eates, concours ou lettres en cha\u00eene ; et (h) \u00e0 ne t\u00e9l\u00e9charger aucun dossier fourni par un autre utilisateur et dont l\u2019utilisateur sait, ou devrait raisonnablement savoir, qu\u2019il ne peut \u00eatre distribu\u00e9 l\u00e9galement de cette mani\u00e8re.<\/p>\n<p>L\u2019ICOM se r\u00e9serve le droit absolu de supprimer tout mat\u00e9riel affich\u00e9 sur son site Internet sans en informer pr\u00e9alablement l\u2019utilisateur. L\u2019ICOM d\u00e9cline toute responsabilit\u00e9 pour la conduite des utilisateurs en relation avec de tels outils ou pour tout mat\u00e9riau fourni par les utilisateurs et affich\u00e9 sur le site Internet de l\u2019ICOM, y compris, par exemple, toute responsabilit\u00e9 concernant la fiabilit\u00e9 ou la v\u00e9racit\u00e9 des informations, donn\u00e9es, opinions, conseils ou d\u00e9clarations apparaissant dans les dits mat\u00e9riaux.<\/p>\n<p><strong>d) Les cookies<\/strong><\/p>\n<p>Un cookie est une information qu\u2019un site internet conserve sur l\u2019ordinateur de l\u2019utilisateur et que le navigateur de l\u2019utilisateur fournit au site Internet chaque fois que le visiteur s\u2019y connecte. Le site Internet de l\u2019ICOM utilise des cookies afin d\u2019aider \u00e0 identifier les utilisateurs, leurs activit\u00e9s sur le site Internet de l\u2019ICOM et leurs pr\u00e9f\u00e9rences d\u2019acc\u00e8s. Les utilisateurs qui ne souhaitent pas conserver de cookies sur leurs ordinateurs peuvent modifier les pr\u00e9f\u00e9rences de leur navigateur pour que ce dernier ne les conserve pas. N\u00e9anmoins, certaines fonctions du site Internet de l\u2019ICOM, notamment dans la partie interactive du site, ne fonctionneront pas correctement sans l\u2019activation des cookies.<\/p>\n<p><strong>2. Les autres sites Internet<\/strong><\/p>\n<p><strong>a) Les liens sur le Site Internet de l\u2019ICOM<\/strong><\/p>\n<p>Le site Internet de l\u2019ICOM peut inclure des liens vers d\u2019autres sites Internet sur lesquels l\u2019ICOM n\u2019exerce aucun contr\u00f4le. L\u2019ICOM n\u2019assume aucune responsabilit\u00e9 concernant ces sites Internet, y compris par exemple une quelconque responsabilit\u00e9 concernant la v\u00e9racit\u00e9 ou la fiabilit\u00e9 des informations, donn\u00e9es, opinions, conseils ou d\u00e9clarations publi\u00e9s sur ceux-ci.<\/p>\n<p><strong>b) Liens vers le site Internet de l\u2019ICOM<\/strong><\/p>\n<p>L\u2019ICOM remercie les utilisateurs de l\u2019int\u00e9r\u00eat qu\u2019ils portent \u00e0 son organisation en cr\u00e9ant un lien sur leurs sites Internet vers le site Internet de l\u2019ICOM. En ajoutant ce lien, ils expriment leur soutien aux missions de l\u2019ICOM. Si l\u2019utilisateur souhaite cr\u00e9er un lien avec le site Internet de l\u2019ICOM, il est pri\u00e9 de contacter l\u2019ICOM pr\u00e9alablement afin de permettre un suivi administratif. Il peut alors cr\u00e9er un lien avec la page d\u2019accueil ou avec une page au sein du Contenu. L\u2019ICOM se r\u00e9serve le droit de refuser des liens \u00e0 tout instant. Dans ce cas, les gestionnaires des sites conviennent de supprimer le lien imm\u00e9diatement. De plus, l\u2019ICOM \u00e9tant une organisation \u00e0 but non lucratif, il ne permet pas la publication d\u2019un lien sur les pages commerciales des sites Internet. Enfin, l\u2019ICOM ne partage, n\u2019\u00e9change et ne publie pas de liens vers d\u2019autres sites Internet qui ne soient pas ses partenaires officiels.<\/p>\n<p><strong>3. Cartes et utilisation des noms<\/strong><\/p>\n<p>L\u2019utilisation d\u2019un nom pr\u00e9cis pour d\u00e9signer un pays ou un territoire ainsi que les cartes sur ce site n\u2019impliquent aucun jugement de la part de l\u2019ICOM sur le statut l\u00e9gal de ce pays ou territoire, ni sur ses institutions ou les autorit\u00e9s qui le dirigent, ni sur la d\u00e9limitation de ses fronti\u00e8res. L\u2019ICOM s\u2019en r\u00e9f\u00e8re aux \u00c9tats membres des Nations Unies et \u00e0 la d\u00e9nomination qui leur y est reconnue. La mention du nom d\u2019une compagnie ou d\u2019un produit (qu\u2019il soit ou non pr\u00e9cis\u00e9 qu\u2019il s\u2019agit d\u2019une marque d\u00e9pos\u00e9e) n\u2019implique en rien une intention de porter atteinte \u00e0 des droits de propri\u00e9t\u00e9 pas plus qu\u2019elle ne peut \u00eatre interpr\u00e9t\u00e9e comme une promotion ou une recommandation de la part de l\u2019ICOM.<\/p>\n<p><strong>4. Protection des donn\u00e9es \u00e0 caract\u00e8re personnel<\/strong><\/p>\n<p>L\u2019organisation ICOM est tr\u00e8s attach\u00e9e \u00e0 la protection des donn\u00e9es personnelles et de la vie priv\u00e9e.<\/p>\n<p>Afin de veiller au respect de la l\u00e9gislation en vigueur, et vous informer sur vos droits ainsi que sur la mani\u00e8re dont l\u2019ICOM utilise vos informations personnelles, nous vous invitons \u00e0 consulter le d\u00e9tail de notre Politique de confidentialit\u00e9, accessible en cliquant <a href=\"https:\/\/icom.museum\/fr\/politique-de-confidentialite\/\">ICI<\/a>.<\/p>\n<p><strong>5. Propri\u00e9t\u00e9 intellectuelle<\/strong><\/p>\n<p><strong>a) ICOM \u2013 Conseil international des mus\u00e9es<\/strong><\/p>\n<p>L\u2019ICOM a la propri\u00e9t\u00e9 exclusive de son nom et de son logo. La marque complexe ICOM \u2013 Conseil international des mus\u00e9es \u2013 International Council of Museums \u2013 Consejo internacional de los museos b\u00e9n\u00e9ficie des droits octroy\u00e9s par son enregistrement aupr\u00e8s de l\u2019Office de l\u2019Union Europ\u00e9enne pour la Propri\u00e9t\u00e9 Intellectuelle (EUIPO). Le nom et le logo de l\u2019ICOM ne peuvent en aucun cas \u00eatre copi\u00e9s ou reproduits sans permission \u00e9crite pr\u00e9alable de l\u2019ICOM. Toute demande d\u2019autorisation doit \u00eatre envoy\u00e9e \u00e0 l\u2019ICOM en utilisant le formulaire pr\u00e9vu \u00e0 cet effet.<\/p>\n<p><strong>b) Contenus du site Internet de l\u2019ICOM<\/strong><\/p>\n<p>L\u2019ICOM propose des informations sur Internet essentiellement \u00e0 l\u2019intention des personnes int\u00e9ress\u00e9es par ses efforts pour garantir la pr\u00e9servation, la conservation et la transmission des biens culturels. Si l\u2019utilisateur souhaite s\u2019inspirer de ces informations, les reproduire, les publier ou les traduire pour les diffuser plus largement, il doit envoyer un courrier \u00e9lectronique en utilisant le formulaire en ligne avec les d\u00e9tails de l\u2019utilisation qu\u2019il projette, notamment la nature et la taille du public vis\u00e9. L\u2019emploi du mat\u00e9riel que l\u2019ICOM pr\u00e9sente sur Internet dans quelque but que ce soit est interdit sans approbation pr\u00e9alable. L\u2019ICOM r\u00e9serve tous ses droits sur ses publications, leur charte graphique et leur contenu ainsi que sur son site Internet, son Contenu et sa charte graphique.<\/p>\n<p><strong>6. Cr\u00e9dits photos<\/strong><\/p>\n<p>L\u2019int\u00e9gralit\u00e9 des photographies publi\u00e9es sur le site Internet de l\u2019ICOM sont libres de droits. L\u2019ICOM remercie l\u2019ensemble des personnes et des organismes qui ont contribu\u00e9 au site Internet. En l\u2019absence de mention contraire, les photographies pr\u00e9sent\u00e9es sur le site Internet sont la propri\u00e9t\u00e9 de l\u2019ICOM. Tous droits r\u00e9serv\u00e9s. Toute reproduction d\u2019une ou de plusieurs photographies non autoris\u00e9e par le d\u00e9tenteur des droits est interdite par la loi.<\/p>\n","protected":false},"excerpt":{"rendered":"<p>En se connectant \u00e0 ce site, icom.museum et \u00e0 toutes les pages de ce domaine (ci-apr\u00e8s d\u00e9nomm\u00e9s collectivement le \u00ab site Internet de l\u2019ICOM \u00bb), l\u2019utilisateur accepte les termes et conditions qui suivent. Le Conseil international des mus\u00e9es (ci-apr\u00e8s, \u00ab ICOM \u00bb) se r\u00e9serve le droit d\u2019invoquer toute voie de recours pr\u00e9vue par la loi [&hellip;]<\/p>\n","protected":false},"author":1,"featured_media":0,"parent":0,"menu_order":0,"comment_status":"closed","ping_status":"closed","template":"","meta":{"inline_featured_image":false,"footnotes":""},"class_list":["post-24835","page","type-page","status-publish","hentry"],"acf":[],"yoast_head":"<!-- This site is optimized with the Yoast SEO plugin v23.7 - https:\/\/yoast.com\/wordpress\/plugins\/seo\/ -->\n<title>Mentions l\u00e9gales - International Council of Museums<\/title>\n<meta name=\"robots\" content=\"index, follow, max-snippet:-1, max-image-preview:large, max-video-preview:-1\" \/>\n<link rel=\"canonical\" href=\"https:\/\/icom.museum\/fr\/mentions-legales\/\" \/>\n<meta property=\"og:locale\" content=\"fr_FR\" \/>\n<meta property=\"og:type\" content=\"article\" \/>\n<meta property=\"og:title\" content=\"Mentions l\u00e9gales - International Council of Museums\" \/>\n<meta property=\"og:description\" content=\"En se connectant \u00e0 ce site, icom.museum et \u00e0 toutes les pages de ce domaine (ci-apr\u00e8s d\u00e9nomm\u00e9s collectivement le \u00ab site Internet de l\u2019ICOM \u00bb), l\u2019utilisateur accepte les termes et conditions qui suivent. Le Conseil international des mus\u00e9es (ci-apr\u00e8s, \u00ab ICOM \u00bb) se r\u00e9serve le droit d\u2019invoquer toute voie de recours pr\u00e9vue par la loi [&hellip;]\" \/>\n<meta property=\"og:url\" content=\"https:\/\/icom.museum\/fr\/mentions-legales\/\" \/>\n<meta property=\"og:site_name\" content=\"International Council of Museums\" \/>\n<meta property=\"article:modified_time\" content=\"2026-05-04T08:45:02+00:00\" \/>\n<meta name=\"twitter:card\" content=\"summary_large_image\" \/>\n<meta name=\"twitter:label1\" content=\"Dur\u00e9e de lecture estim\u00e9e\" \/>\n\t<meta name=\"twitter:data1\" content=\"7 minutes\" \/>\n<script type=\"application\/ld+json\" class=\"yoast-schema-graph\">{\"@context\":\"https:\/\/schema.org\",\"@graph\":[{\"@type\":\"WebPage\",\"@id\":\"https:\/\/icom.museum\/fr\/mentions-legales\/\",\"url\":\"https:\/\/icom.museum\/fr\/mentions-legales\/\",\"name\":\"Mentions l\u00e9gales - International Council of Museums\",\"isPartOf\":{\"@id\":\"https:\/\/icom.museum\/en\/#website\"},\"datePublished\":\"2018-07-23T15:19:13+00:00\",\"dateModified\":\"2026-05-04T08:45:02+00:00\",\"breadcrumb\":{\"@id\":\"https:\/\/icom.museum\/fr\/mentions-legales\/#breadcrumb\"},\"inLanguage\":\"fr-FR\",\"potentialAction\":[{\"@type\":\"ReadAction\",\"target\":[\"https:\/\/icom.museum\/fr\/mentions-legales\/\"]}]},{\"@type\":\"BreadcrumbList\",\"@id\":\"https:\/\/icom.museum\/fr\/mentions-legales\/#breadcrumb\",\"itemListElement\":[{\"@type\":\"ListItem\",\"position\":1,\"name\":\"Home\",\"item\":\"https:\/\/icom.museum\/fr\/\"},{\"@type\":\"ListItem\",\"position\":2,\"name\":\"Mentions l\u00e9gales\"}]},{\"@type\":\"WebSite\",\"@id\":\"https:\/\/icom.museum\/en\/#website\",\"url\":\"https:\/\/icom.museum\/en\/\",\"name\":\"International Council of Museums\",\"description\":\"A global organisation of museums &amp; museum professionals committed to the promotion and protection of cultural heritage\",\"publisher\":{\"@id\":\"https:\/\/icom.museum\/en\/#organization\"},\"potentialAction\":[{\"@type\":\"SearchAction\",\"target\":{\"@type\":\"EntryPoint\",\"urlTemplate\":\"https:\/\/icom.museum\/en\/?s={search_term_string}\"},\"query-input\":{\"@type\":\"PropertyValueSpecification\",\"valueRequired\":true,\"valueName\":\"search_term_string\"}}],\"inLanguage\":\"fr-FR\"},{\"@type\":\"Organization\",\"@id\":\"https:\/\/icom.museum\/en\/#organization\",\"name\":\"International Council of Museums\",\"url\":\"https:\/\/icom.museum\/en\/\",\"logo\":{\"@type\":\"ImageObject\",\"inLanguage\":\"fr-FR\",\"@id\":\"https:\/\/icom.museum\/en\/#\/schema\/logo\/image\/\",\"url\":\"https:\/\/icom.museum\/wp-content\/uploads\/2018\/07\/ICOM_M_.jpg\",\"contentUrl\":\"https:\/\/icom.museum\/wp-content\/uploads\/2018\/07\/ICOM_M_.jpg\",\"width\":1721,\"height\":1721,\"caption\":\"International Council of Museums\"},\"image\":{\"@id\":\"https:\/\/icom.museum\/en\/#\/schema\/logo\/image\/\"}}]}<\/script>\n<!-- \/ Yoast SEO plugin. -->","yoast_head_json":{"title":"Mentions l\u00e9gales - International Council of Museums","robots":{"index":"index","follow":"follow","max-snippet":"max-snippet:-1","max-image-preview":"max-image-preview:large","max-video-preview":"max-video-preview:-1"},"canonical":"https:\/\/icom.museum\/fr\/mentions-legales\/","og_locale":"fr_FR","og_type":"article","og_title":"Mentions l\u00e9gales - International Council of Museums","og_description":"En se connectant \u00e0 ce site, icom.museum et \u00e0 toutes les pages de ce domaine (ci-apr\u00e8s d\u00e9nomm\u00e9s collectivement le \u00ab site Internet de l\u2019ICOM \u00bb), l\u2019utilisateur accepte les termes et conditions qui suivent. Le Conseil international des mus\u00e9es (ci-apr\u00e8s, \u00ab ICOM \u00bb) se r\u00e9serve le droit d\u2019invoquer toute voie de recours pr\u00e9vue par la loi [&hellip;]","og_url":"https:\/\/icom.museum\/fr\/mentions-legales\/","og_site_name":"International Council of Museums","article_modified_time":"2026-05-04T08:45:02+00:00","twitter_card":"summary_large_image","twitter_misc":{"Dur\u00e9e de lecture estim\u00e9e":"7 minutes"},"schema":{"@context":"https:\/\/schema.org","@graph":[{"@type":"WebPage","@id":"https:\/\/icom.museum\/fr\/mentions-legales\/","url":"https:\/\/icom.museum\/fr\/mentions-legales\/","name":"Mentions l\u00e9gales - International Council of Museums","isPartOf":{"@id":"https:\/\/icom.museum\/en\/#website"},"datePublished":"2018-07-23T15:19:13+00:00","dateModified":"2026-05-04T08:45:02+00:00","breadcrumb":{"@id":"https:\/\/icom.museum\/fr\/mentions-legales\/#breadcrumb"},"inLanguage":"fr-FR","potentialAction":[{"@type":"ReadAction","target":["https:\/\/icom.museum\/fr\/mentions-legales\/"]}]},{"@type":"BreadcrumbList","@id":"https:\/\/icom.museum\/fr\/mentions-legales\/#breadcrumb","itemListElement":[{"@type":"ListItem","position":1,"name":"Home","item":"https:\/\/icom.museum\/fr\/"},{"@type":"ListItem","position":2,"name":"Mentions l\u00e9gales"}]},{"@type":"WebSite","@id":"https:\/\/icom.museum\/en\/#website","url":"https:\/\/icom.museum\/en\/","name":"International Council of Museums","description":"A global organisation of museums &amp; museum professionals committed to the promotion and protection of cultural heritage","publisher":{"@id":"https:\/\/icom.museum\/en\/#organization"},"potentialAction":[{"@type":"SearchAction","target":{"@type":"EntryPoint","urlTemplate":"https:\/\/icom.museum\/en\/?s={search_term_string}"},"query-input":{"@type":"PropertyValueSpecification","valueRequired":true,"valueName":"search_term_string"}}],"inLanguage":"fr-FR"},{"@type":"Organization","@id":"https:\/\/icom.museum\/en\/#organization","name":"International Council of Museums","url":"https:\/\/icom.museum\/en\/","logo":{"@type":"ImageObject","inLanguage":"fr-FR","@id":"https:\/\/icom.museum\/en\/#\/schema\/logo\/image\/","url":"https:\/\/icom.museum\/wp-content\/uploads\/2018\/07\/ICOM_M_.jpg","contentUrl":"https:\/\/icom.museum\/wp-content\/uploads\/2018\/07\/ICOM_M_.jpg","width":1721,"height":1721,"caption":"International Council of Museums"},"image":{"@id":"https:\/\/icom.museum\/en\/#\/schema\/logo\/image\/"}}]}},"_links":{"self":[{"href":"https:\/\/icom.museum\/fr\/wp-json\/wp\/v2\/pages\/24835"}],"collection":[{"href":"https:\/\/icom.museum\/fr\/wp-json\/wp\/v2\/pages"}],"about":[{"href":"https:\/\/icom.museum\/fr\/wp-json\/wp\/v2\/types\/page"}],"author":[{"embeddable":true,"href":"https:\/\/icom.museum\/fr\/wp-json\/wp\/v2\/users\/1"}],"replies":[{"embeddable":true,"href":"https:\/\/icom.museum\/fr\/wp-json\/wp\/v2\/comments?post=24835"}],"version-history":[{"count":15,"href":"https:\/\/icom.museum\/fr\/wp-json\/wp\/v2\/pages\/24835\/revisions"}],"predecessor-version":[{"id":68531,"href":"https:\/\/icom.museum\/fr\/wp-json\/wp\/v2\/pages\/24835\/revisions\/68531"}],"wp:attachment":[{"href":"https:\/\/icom.museum\/fr\/wp-json\/wp\/v2\/media?parent=24835"}],"curies":[{"name":"wp","href":"https:\/\/api.w.org\/{rel}","templated":true}]}}