{"id":36156,"date":"2019-12-19T16:07:13","date_gmt":"2019-12-19T14:07:13","guid":{"rendered":"https:\/\/icom.museum\/?page_id=36156"},"modified":"2022-07-22T15:00:53","modified_gmt":"2022-07-22T13:00:53","slug":"developpement-durable-et-local","status":"publish","type":"page","link":"https:\/\/icom.museum\/fr\/recherche-et-developpement\/developpement-durable-et-local\/","title":{"rendered":"Durabilit\u00e9"},"content":{"rendered":"<h2 class=\"headline\">Les mus\u00e9es occupent une position id\u00e9ale pour aborder et participer au d\u00e9veloppement durable. Ils peuvent en effet travailler avec les communaut\u00e9s pour les sensibiliser, soutenir la recherche et la cr\u00e9ation de connaissances pour contribuer au bien-\u00eatre de la plan\u00e8te et des soci\u00e9t\u00e9s pour les g\u00e9n\u00e9rations futures.<\/h2>\n<p>La notion de d\u00e9veloppement durable s\u2019applique aussi aux mus\u00e9es eux-m\u00eames, pour qu\u2019ils soient en mesure de poursuivre leurs missions fondamentales et demeurer des acteurs essentiels de la soci\u00e9t\u00e9. En tant que repr\u00e9sentant de la communaut\u00e9 mus\u00e9ale mondiale, le Conseil international des mus\u00e9es (ICOM) a pour vision un monde o\u00f9 l\u2019importance du patrimoine naturel et culturel est universellement reconnue. L&#8217;ICOM veille \u00e0 ce que le d\u00e9veloppement durable dans toutes ses formes (sociales, \u00e9conomiques et environnementales) soit inclus \u00e0 ses missions et valeurs, ainsi que dans des activit\u00e9s d\u00e9di\u00e9es.<\/p>\n<p><strong>\u00a0<\/strong><\/p>\n<div class=\"separator\">\n<p><strong>GROUPE DE TRAVAIL SUR LE D\u00c9VELOPPEMENT DURABLE<\/strong><\/p>\n<\/div>\n<p><img loading=\"lazy\" decoding=\"async\" class=\"size-full wp-image-36213 aligncenter\" src=\"https:\/\/icom.museum\/wp-content\/uploads\/2019\/12\/sustaibility.jpg\" alt=\"\" width=\"613\" height=\"792\" srcset=\"https:\/\/icom.museum\/wp-content\/uploads\/2019\/12\/sustaibility.jpg 613w, https:\/\/icom.museum\/wp-content\/uploads\/2019\/12\/sustaibility-232x300.jpg 232w\" sizes=\"(max-width: 613px) 100vw, 613px\" \/>En 2015, de nombreux \u00c9tats ratifiaient les Objectifs de d\u00e9veloppement durable et l&#8217;accord de Paris. Mais, m\u00eame avec ces mesures, la population mondiale consomme toujours l&#8217;\u00e9quivalent de 1,6\u00a0plan\u00e8te chaque ann\u00e9e, une situation qui ne peut plus durer. La nature de ce d\u00e9fi mondial n\u00e9cessite une r\u00e9ponse collective qui implique tous les secteurs et \u00e0 toutes les \u00e9chelles. Dans ce contexte, et pour contribuer de fa\u00e7on constructive aux discussions sur ce sujet, l&#8217;ICOM a cr\u00e9\u00e9 un Groupe de travail sur le d\u00e9veloppement durable (WGS) en septembre\u00a02018. Sa mission consiste \u00e0 aider l&#8217;ICOM \u00e0 populariser le d\u00e9veloppement durable, \u00e0 la fois en son sein, mais aussi chez ses membres institutionnels et individuels. Il se charge aussi d&#8217;\u00e9tudier le r\u00f4le d&#8217;un possible futur comit\u00e9 international sur le d\u00e9veloppement durable.<\/p>\n<p><span class=\"link_blue\"><a href=\"https:\/\/icom.museum\/wp-content\/uploads\/2018\/09\/FR-WGS_Press-Release_final.pdf\"><strong>Communiqu\u00e9 de presse de WGS<\/strong><\/a><\/span><\/p>\n<p><span class=\"link_blue\"><a href=\"https:\/\/www.youtube.com\/watch?v=De09l9Gp3vI\"><strong>S\u00e9ance pl\u00e9ni\u00e8re \u00e0 Kyoto<\/strong><\/a><\/span><\/p>\n<p><span class=\"link_blue\"><a href=\"https:\/\/icom.museum\/fr\/news\/declaracion-de-la-presidenta-sobre-la-integracion-de-los-objetivos-del-desarrollo-sostenible-en-el-icom\/\"><strong>D\u00e9claration de la pr\u00e9sidente<\/strong><\/a><\/span><\/p>\n<p>Le 7 septembre 2019, la 34<sup>\u00e8me<\/sup> Assembl\u00e9e g\u00e9n\u00e9rale de l\u2019ICOM, tenue \u00e0 Kyoto, au Japon, a adopt\u00e9 les 2 r\u00e9solutions suivantes concernant le d\u00e9veloppement durable :<\/p>\n<ol>\n<li>D\u00e9veloppement durable et mise en \u0153uvre du Programme de d\u00e9veloppement durable \u00e0 l\u2019horizon 2030,\u00a0<em>Transformer notre monde<\/em><\/li>\n<li>Mus\u00e9es, communaut\u00e9s et d\u00e9veloppement durable<\/li>\n<\/ol>\n<p>Vous trouverez ci-dessous le texte int\u00e9gral des r\u00e9solutions:<\/p>\n<p><span class=\"link_blue\"><a href=\"https:\/\/icom.museum\/wp-content\/uploads\/2019\/09\/Resolutions_2019_FR-1.pdf\"><strong>R\u00e9solutions 34e Assembl\u00e9e G\u00e9n\u00e9rale<\/strong><\/a><\/span><\/p>\n<p>&nbsp;<\/p>\n<div class=\"separator\">\n<p><strong>GUIDE OCDE\/ICOM \u00ab\u2009CULTURE ET D\u00c9VELOPPEMENT LOCAL\u00a0: MAXIMISER L\u2019IMPACT\u2009\u00bb<\/strong><\/p>\n<\/div>\n<p>En d\u00e9cembre\u00a02018, l&#8217;ICOM et l&#8217;OCDE se sont associ\u00e9s pour lancer le Guide pour les gouvernements locaux, les communaut\u00e9s et les mus\u00e9es, <strong><em>Culture et d\u00e9veloppement local\u00a0: maximiser l&#8217;impact<\/em><\/strong>. Il a \u00e9t\u00e9 pr\u00e9sent\u00e9 \u00e0 Venise par le directeur g\u00e9n\u00e9ral de l&#8217;ICOM, Peter Keller, et le secr\u00e9taire g\u00e9n\u00e9ral de l&#8217;OCDE, Angel Gurria.<\/p>\n<p>Cet instrument commun a pour objectif d&#8217;aider les repr\u00e9sentants des gouvernements locaux, les mus\u00e9es et les organisations de la soci\u00e9t\u00e9 civile, et de leur servir de source d&#8217;inspiration pour trouver des m\u00e9thodes innovantes et d\u00e9finir ensemble un programme de d\u00e9veloppement local qui promeut un futur plus durable.<\/p>\n<p>Apr\u00e8s en avoir am\u00e9lior\u00e9 le contenu \u00e0 plusieurs reprises, l&#8217;ICOM et l&#8217;OCDE ont achev\u00e9 la version finale du guide (bient\u00f4t disponible en fran\u00e7ais). Celle-ci a ensuite \u00e9t\u00e9 pr\u00e9sent\u00e9e au panel ICOM-OCDE sur le d\u00e9veloppement local et les mus\u00e9es lors de la 25<sup>e<\/sup>\u00a0conf\u00e9rence g\u00e9n\u00e9rale \u00e0 Kyoto.<\/p>\n<p><span class=\"link_blue\"><a href=\"https:\/\/icom.museum\/wp-content\/uploads\/2019\/09\/OECD-ICOM-GUIDE-MUSEUMS.pdf\"><strong>T\u00e9l\u00e9charger le guide (version anglaise)<\/strong><\/a><\/span><\/p>\n<p>T\u00e9l\u00e9chargez la brochure pour plus d&#8217;informations et d\u00e9couvrez comment vous pouvez participer au projet\u00a0: <a href=\"https:\/\/icom.museum\/wp-content\/uploads\/2019\/08\/ICOM_OECD_Museums-and-Local-Development_Flyer_FR.pdf\"><em>lien vers la brochure<\/em><\/a>.<\/p>\n<p><strong>Guide ICOM\/OCDE<\/strong> <strong>dans d&#8217;autres langues\u00a0: <a href=\"https:\/\/icom.museum\/wp-content\/uploads\/2019\/09\/OECD-ICOM-GUIDE-MUSEUMS.pdf\">anglais <\/a>\/<a href=\"https:\/\/icom.museum\/wp-content\/uploads\/2019\/08\/ICOM-OECD-GUIDE_ES_FINAL.pdf\">espagnol<\/a>\u00a0\/ <a href=\"https:\/\/icom.museum\/wp-content\/uploads\/2020\/02\/OECD-ICOM-GUIDE-MUSEUMS-IT.pdf\">italien<\/a><\/strong><\/p>\n<p><strong>Brochure ICOM\/OCDE dans d&#8217;autres langues\u00a0: <a href=\"https:\/\/icom.museum\/wp-content\/uploads\/2019\/08\/ICOM_OECD_Museums-and-Local-Development_Flyer_EN.pdf\">anglais<\/a> \/ <a href=\"https:\/\/icom.museum\/wp-content\/uploads\/2019\/08\/J-Flyer-Museums-and-LD-2019-20_KYOTO_AR-_%E6%97%A5%E6%9C%AC%E8%AA%9E%E6%9C%80%E7%B5%82.pdf\">japonais<\/a> \/ <a href=\"https:\/\/icom.museum\/wp-content\/uploads\/2019\/08\/ICOM_OECD_Museums-and-Local-Development_Flyer_ES.pdf\">espagnol<\/a><\/strong><\/p>\n<p><img loading=\"lazy\" decoding=\"async\" class=\"aligncenter size-full wp-image-36210\" src=\"https:\/\/icom.museum\/wp-content\/uploads\/2019\/12\/5themes.jpg\" alt=\"\" width=\"660\" height=\"572\" srcset=\"https:\/\/icom.museum\/wp-content\/uploads\/2019\/12\/5themes.jpg 660w, https:\/\/icom.museum\/wp-content\/uploads\/2019\/12\/5themes-300x260.jpg 300w\" sizes=\"(max-width: 660px) 100vw, 660px\" \/><\/p>\n<p>&nbsp;<\/p>\n<p><strong>\u00a0<\/strong><\/p>\n<div class=\"separator\">\n<p><strong>EU-LAC MUSEUMS<\/strong><\/p>\n<\/div>\n<p>Lanc\u00e9 en octobre\u00a02016, le projet de recherche \u00ab\u2009EU-LAC MUSEUMS &#8211; Mus\u00e9es et communaut\u00e9s\u00a0: concepts, exp\u00e9riences et durabilit\u00e9 en Europe, en Am\u00e9rique latine et aux Cara\u00efbes\u2009\u00bb vise \u00e0 fournir une meilleure compr\u00e9hension de la relation culturelle, scientifique et sociale entre l&#8217;Union europ\u00e9enne et l&#8217;Am\u00e9rique latine et les Cara\u00efbes, en adoptant le point de vue de la mus\u00e9ologie communautaire.<\/p>\n<p>Pour relever ce d\u00e9fi, le projet rassemble une \u00e9quipe d&#8217;universitaires, de professionnels des mus\u00e9es et de d\u00e9cideurs de prestige qui travaillent en \u00c9cosse, au Portugal, en Espagne, en France, au P\u00e9rou, au Chili, au Costa Rica et dans les Cara\u00efbes, sous la coordination de l&#8217;universit\u00e9 \u00e9cossaise de St Andrews. Le projet, qui prendra fin en 2020, a \u00e9t\u00e9 con\u00e7u sous les auspices de l&#8217;ICOM et financ\u00e9 par le programme-cadre de recherche Horizon 2020 sous l&#8217;appel\u00a0INT12 (2015), \u00ab\u2009La dimension culturelle, scientifique et sociale des relations Union europ\u00e9enne-Am\u00e9rique latine et Cara\u00efbes.\u2009\u00bb<\/p>\n<p><em>\u00ab<\/em><em>\u2009<\/em><em>Les d\u00e9fis soci\u00e9taux peuvent constituer des occasions uniques s&#8217;ils sont approch\u00e9s correctement. L&#8217;Europe traverse actuellement une crise d&#8217;identit\u00e9<\/em><em>\u2009<\/em><em>; elle cherche \u00e0 d\u00e9finir sa position pass\u00e9e, actuelle et future par rapport au reste du monde, mais aussi \u00e0 renforcer la coh\u00e9sion r\u00e9gionale entre les g\u00e9n\u00e9rations au sein d&#8217;une \u00e9conomie du savoir internationale. Le projet EU-LAC MUSEUMS, l&#8217;alliance r\u00e9gionale de l&#8217;ICOM pour l&#8217;Europe et l&#8217;alliance r\u00e9gionale de l&#8217;ICOM pour l&#8217;Am\u00e9rique latine et les Cara\u00efbes sont persuad\u00e9s qu&#8217;il est pour cela fondamental d&#8217;encourager le dialogue et la cr\u00e9ativit\u00e9 interculturels dans leurs mus\u00e9es r\u00e9gionaux et communautaires.<\/em><em>\u2009<\/em><em>\u00bb <\/em>(Karen Brown, coordinatrice du projet EU-LAC MUSEUMS).<\/p>\n<p><a href=\"https:\/\/eulacmuseums.net\/\"><strong>Visitez le site web d&#8217;EU-LAC MUSEUMS<\/strong><\/a><\/p>\n<p><iframe loading=\"lazy\" src=\"https:\/\/www.youtube.com\/embed\/EbFFjqbYFJo\" width=\"560\" height=\"315\" frameborder=\"0\" allowfullscreen=\"allowfullscreen\"><\/iframe><\/p>\n<div class=\"separator\">\n<p><strong>R\u00c9SEAU DE L&#8217;ICOM<\/strong><\/p>\n<\/div>\n<p>Le d\u00e9veloppement durable est un sujet transversal qui impr\u00e8gne de nombreuses activit\u00e9s du r\u00e9seau de l&#8217;ICOM\u2009; les comit\u00e9s nationaux et internationaux ont quant \u00e0 eux mis en place des actions sp\u00e9cialement d\u00e9di\u00e9es \u00e0 ce th\u00e8me.<\/p>\n<p>En 2018, la r\u00e9union annuelle de l\u2019alliance r\u00e9gionale de l&#8217;ICOM pour l&#8217;Asie-Pacifique avait pour th\u00e8me \u00ab\u2009Un patrimoine culturel pour un avenir durable \u2014 catastrophes naturelles et mus\u00e9es\u2009\u00bb, tandis que le Comit\u00e9 national g\u00e9orgien, en partenariat avec l&#8217;alliance r\u00e9gionale de l&#8217;ICOM pour l&#8217;Europe, a organis\u00e9 un forum international et un atelier r\u00e9gional sur le th\u00e8me \u00ab\u2009Des mus\u00e9es pour le d\u00e9veloppement durable de la soci\u00e9t\u00e9\u2009\u00bb. La conf\u00e9rence annuelle du Comit\u00e9 national suisse, coorganis\u00e9e avec l\u2019association des mus\u00e9es suisses \u00e0 Lausanne, avait pour th\u00e8me le d\u00e9veloppement durable, de m\u00eame que le num\u00e9ro\u00a013 de sa revue, Museums.ch.<\/p>\n<p>Autre exemple d&#8217;activit\u00e9 sur ce sujet\u00a0: le Comit\u00e9 international pour les mus\u00e9es et collections des sciences naturelles (NATHIST) a cr\u00e9\u00e9 le \u00ab\u2009Groupe de travail sur l&#8217;anthropoc\u00e8ne\u2009\u00bb en 2018 et d\u00e9velopp\u00e9 \u00ab\u2009Platform\u00a02022\u2009\u00bb, un partenariat entre ce comit\u00e9, l&#8217;organisme unificateur de la communaut\u00e9 mondiale des zoos et aquariums et Botanic Gardens International. Initi\u00e9 en r\u00e9ponse \u00e0 la Conf\u00e9rence des Nations unies sur le d\u00e9veloppement durable\u00a02012, ce projet encourage les gouvernements mondiaux \u00e0 utiliser les solides connaissances fournies par les institutions de collecte pour prendre des d\u00e9cisions sur le d\u00e9veloppement durable.<\/p>\n","protected":false},"excerpt":{"rendered":"<p>Les mus\u00e9es occupent une position id\u00e9ale pour aborder et participer au d\u00e9veloppement durable. Ils peuvent en effet travailler avec les communaut\u00e9s pour les sensibiliser, soutenir la recherche et la cr\u00e9ation de connaissances pour contribuer au bien-\u00eatre de la plan\u00e8te et des soci\u00e9t\u00e9s pour les g\u00e9n\u00e9rations futures. La notion de d\u00e9veloppement durable s\u2019applique aussi aux mus\u00e9es [&hellip;]<\/p>\n","protected":false},"author":4,"featured_media":0,"parent":7224,"menu_order":3,"comment_status":"closed","ping_status":"closed","template":"","meta":{"inline_featured_image":false,"footnotes":""},"class_list":["post-36156","page","type-page","status-publish","hentry"],"acf":[],"yoast_head":"<!-- This site is optimized with the Yoast SEO plugin v23.7 - https:\/\/yoast.com\/wordpress\/plugins\/seo\/ -->\n<title>Durabilit\u00e9 - International Council of Museums<\/title>\n<meta name=\"robots\" content=\"index, follow, max-snippet:-1, max-image-preview:large, max-video-preview:-1\" \/>\n<link rel=\"canonical\" href=\"https:\/\/icom.museum\/fr\/nos-actions\/recherche-et-developpement\/developpement-durable-et-local\/\" \/>\n<meta property=\"og:locale\" content=\"fr_FR\" \/>\n<meta property=\"og:type\" content=\"article\" \/>\n<meta property=\"og:title\" content=\"Durabilit\u00e9 - International Council of Museums\" \/>\n<meta property=\"og:description\" content=\"Les mus\u00e9es occupent une position id\u00e9ale pour aborder et participer au d\u00e9veloppement durable. Ils peuvent en effet travailler avec les communaut\u00e9s pour les sensibiliser, soutenir la recherche et la cr\u00e9ation de connaissances pour contribuer au bien-\u00eatre de la plan\u00e8te et des soci\u00e9t\u00e9s pour les g\u00e9n\u00e9rations futures. La notion de d\u00e9veloppement durable s\u2019applique aussi aux mus\u00e9es [&hellip;]\" \/>\n<meta property=\"og:url\" content=\"https:\/\/icom.museum\/fr\/nos-actions\/recherche-et-developpement\/developpement-durable-et-local\/\" \/>\n<meta property=\"og:site_name\" content=\"International Council of Museums\" \/>\n<meta property=\"article:modified_time\" content=\"2022-07-22T13:00:53+00:00\" \/>\n<meta property=\"og:image\" content=\"https:\/\/icom.museum\/wp-content\/uploads\/2019\/12\/sustaibility.jpg\" \/>\n<meta name=\"twitter:card\" content=\"summary_large_image\" \/>\n<meta name=\"twitter:label1\" content=\"Dur\u00e9e de lecture estim\u00e9e\" \/>\n\t<meta name=\"twitter:data1\" content=\"6 minutes\" \/>\n<script type=\"application\/ld+json\" class=\"yoast-schema-graph\">{\"@context\":\"https:\/\/schema.org\",\"@graph\":[{\"@type\":\"WebPage\",\"@id\":\"https:\/\/icom.museum\/fr\/nos-actions\/recherche-et-developpement\/developpement-durable-et-local\/\",\"url\":\"https:\/\/icom.museum\/fr\/nos-actions\/recherche-et-developpement\/developpement-durable-et-local\/\",\"name\":\"Durabilit\u00e9 - International Council of Museums\",\"isPartOf\":{\"@id\":\"https:\/\/icom.museum\/en\/#website\"},\"primaryImageOfPage\":{\"@id\":\"https:\/\/icom.museum\/fr\/nos-actions\/recherche-et-developpement\/developpement-durable-et-local\/#primaryimage\"},\"image\":{\"@id\":\"https:\/\/icom.museum\/fr\/nos-actions\/recherche-et-developpement\/developpement-durable-et-local\/#primaryimage\"},\"thumbnailUrl\":\"https:\/\/icom.museum\/wp-content\/uploads\/2019\/12\/sustaibility.jpg\",\"datePublished\":\"2019-12-19T14:07:13+00:00\",\"dateModified\":\"2022-07-22T13:00:53+00:00\",\"breadcrumb\":{\"@id\":\"https:\/\/icom.museum\/fr\/nos-actions\/recherche-et-developpement\/developpement-durable-et-local\/#breadcrumb\"},\"inLanguage\":\"fr-FR\",\"potentialAction\":[{\"@type\":\"ReadAction\",\"target\":[\"https:\/\/icom.museum\/fr\/nos-actions\/recherche-et-developpement\/developpement-durable-et-local\/\"]}]},{\"@type\":\"ImageObject\",\"inLanguage\":\"fr-FR\",\"@id\":\"https:\/\/icom.museum\/fr\/nos-actions\/recherche-et-developpement\/developpement-durable-et-local\/#primaryimage\",\"url\":\"https:\/\/icom.museum\/wp-content\/uploads\/2019\/12\/sustaibility.jpg\",\"contentUrl\":\"https:\/\/icom.museum\/wp-content\/uploads\/2019\/12\/sustaibility.jpg\"},{\"@type\":\"BreadcrumbList\",\"@id\":\"https:\/\/icom.museum\/fr\/nos-actions\/recherche-et-developpement\/developpement-durable-et-local\/#breadcrumb\",\"itemListElement\":[{\"@type\":\"ListItem\",\"position\":1,\"name\":\"Home\",\"item\":\"https:\/\/icom.museum\/fr\/\"},{\"@type\":\"ListItem\",\"position\":2,\"name\":\"Activit\u00e9s\",\"item\":\"https:\/\/icom.museum\/fr\/nos-actions\/\"},{\"@type\":\"ListItem\",\"position\":3,\"name\":\"Recherche\",\"item\":\"https:\/\/icom.museum\/fr\/nos-actions\/recherche-et-developpement\/\"},{\"@type\":\"ListItem\",\"position\":4,\"name\":\"Durabilit\u00e9\"}]},{\"@type\":\"WebSite\",\"@id\":\"https:\/\/icom.museum\/en\/#website\",\"url\":\"https:\/\/icom.museum\/en\/\",\"name\":\"International Council of Museums\",\"description\":\"A global organisation of museums &amp; museum professionals committed to the promotion and protection of cultural heritage\",\"publisher\":{\"@id\":\"https:\/\/icom.museum\/en\/#organization\"},\"potentialAction\":[{\"@type\":\"SearchAction\",\"target\":{\"@type\":\"EntryPoint\",\"urlTemplate\":\"https:\/\/icom.museum\/en\/?s={search_term_string}\"},\"query-input\":{\"@type\":\"PropertyValueSpecification\",\"valueRequired\":true,\"valueName\":\"search_term_string\"}}],\"inLanguage\":\"fr-FR\"},{\"@type\":\"Organization\",\"@id\":\"https:\/\/icom.museum\/en\/#organization\",\"name\":\"International Council of Museums\",\"url\":\"https:\/\/icom.museum\/en\/\",\"logo\":{\"@type\":\"ImageObject\",\"inLanguage\":\"fr-FR\",\"@id\":\"https:\/\/icom.museum\/en\/#\/schema\/logo\/image\/\",\"url\":\"https:\/\/icom.museum\/wp-content\/uploads\/2018\/07\/ICOM_M_.jpg\",\"contentUrl\":\"https:\/\/icom.museum\/wp-content\/uploads\/2018\/07\/ICOM_M_.jpg\",\"width\":1721,\"height\":1721,\"caption\":\"International Council of Museums\"},\"image\":{\"@id\":\"https:\/\/icom.museum\/en\/#\/schema\/logo\/image\/\"}}]}<\/script>\n<!-- \/ Yoast SEO plugin. -->","yoast_head_json":{"title":"Durabilit\u00e9 - International Council of Museums","robots":{"index":"index","follow":"follow","max-snippet":"max-snippet:-1","max-image-preview":"max-image-preview:large","max-video-preview":"max-video-preview:-1"},"canonical":"https:\/\/icom.museum\/fr\/nos-actions\/recherche-et-developpement\/developpement-durable-et-local\/","og_locale":"fr_FR","og_type":"article","og_title":"Durabilit\u00e9 - International Council of Museums","og_description":"Les mus\u00e9es occupent une position id\u00e9ale pour aborder et participer au d\u00e9veloppement durable. Ils peuvent en effet travailler avec les communaut\u00e9s pour les sensibiliser, soutenir la recherche et la cr\u00e9ation de connaissances pour contribuer au bien-\u00eatre de la plan\u00e8te et des soci\u00e9t\u00e9s pour les g\u00e9n\u00e9rations futures. La notion de d\u00e9veloppement durable s\u2019applique aussi aux mus\u00e9es [&hellip;]","og_url":"https:\/\/icom.museum\/fr\/nos-actions\/recherche-et-developpement\/developpement-durable-et-local\/","og_site_name":"International Council of Museums","article_modified_time":"2022-07-22T13:00:53+00:00","og_image":[{"url":"https:\/\/icom.museum\/wp-content\/uploads\/2019\/12\/sustaibility.jpg"}],"twitter_card":"summary_large_image","twitter_misc":{"Dur\u00e9e de lecture estim\u00e9e":"6 minutes"},"schema":{"@context":"https:\/\/schema.org","@graph":[{"@type":"WebPage","@id":"https:\/\/icom.museum\/fr\/nos-actions\/recherche-et-developpement\/developpement-durable-et-local\/","url":"https:\/\/icom.museum\/fr\/nos-actions\/recherche-et-developpement\/developpement-durable-et-local\/","name":"Durabilit\u00e9 - International Council of Museums","isPartOf":{"@id":"https:\/\/icom.museum\/en\/#website"},"primaryImageOfPage":{"@id":"https:\/\/icom.museum\/fr\/nos-actions\/recherche-et-developpement\/developpement-durable-et-local\/#primaryimage"},"image":{"@id":"https:\/\/icom.museum\/fr\/nos-actions\/recherche-et-developpement\/developpement-durable-et-local\/#primaryimage"},"thumbnailUrl":"https:\/\/icom.museum\/wp-content\/uploads\/2019\/12\/sustaibility.jpg","datePublished":"2019-12-19T14:07:13+00:00","dateModified":"2022-07-22T13:00:53+00:00","breadcrumb":{"@id":"https:\/\/icom.museum\/fr\/nos-actions\/recherche-et-developpement\/developpement-durable-et-local\/#breadcrumb"},"inLanguage":"fr-FR","potentialAction":[{"@type":"ReadAction","target":["https:\/\/icom.museum\/fr\/nos-actions\/recherche-et-developpement\/developpement-durable-et-local\/"]}]},{"@type":"ImageObject","inLanguage":"fr-FR","@id":"https:\/\/icom.museum\/fr\/nos-actions\/recherche-et-developpement\/developpement-durable-et-local\/#primaryimage","url":"https:\/\/icom.museum\/wp-content\/uploads\/2019\/12\/sustaibility.jpg","contentUrl":"https:\/\/icom.museum\/wp-content\/uploads\/2019\/12\/sustaibility.jpg"},{"@type":"BreadcrumbList","@id":"https:\/\/icom.museum\/fr\/nos-actions\/recherche-et-developpement\/developpement-durable-et-local\/#breadcrumb","itemListElement":[{"@type":"ListItem","position":1,"name":"Home","item":"https:\/\/icom.museum\/fr\/"},{"@type":"ListItem","position":2,"name":"Activit\u00e9s","item":"https:\/\/icom.museum\/fr\/nos-actions\/"},{"@type":"ListItem","position":3,"name":"Recherche","item":"https:\/\/icom.museum\/fr\/nos-actions\/recherche-et-developpement\/"},{"@type":"ListItem","position":4,"name":"Durabilit\u00e9"}]},{"@type":"WebSite","@id":"https:\/\/icom.museum\/en\/#website","url":"https:\/\/icom.museum\/en\/","name":"International Council of Museums","description":"A global organisation of museums &amp; museum professionals committed to the promotion and protection of cultural heritage","publisher":{"@id":"https:\/\/icom.museum\/en\/#organization"},"potentialAction":[{"@type":"SearchAction","target":{"@type":"EntryPoint","urlTemplate":"https:\/\/icom.museum\/en\/?s={search_term_string}"},"query-input":{"@type":"PropertyValueSpecification","valueRequired":true,"valueName":"search_term_string"}}],"inLanguage":"fr-FR"},{"@type":"Organization","@id":"https:\/\/icom.museum\/en\/#organization","name":"International Council of Museums","url":"https:\/\/icom.museum\/en\/","logo":{"@type":"ImageObject","inLanguage":"fr-FR","@id":"https:\/\/icom.museum\/en\/#\/schema\/logo\/image\/","url":"https:\/\/icom.museum\/wp-content\/uploads\/2018\/07\/ICOM_M_.jpg","contentUrl":"https:\/\/icom.museum\/wp-content\/uploads\/2018\/07\/ICOM_M_.jpg","width":1721,"height":1721,"caption":"International Council of Museums"},"image":{"@id":"https:\/\/icom.museum\/en\/#\/schema\/logo\/image\/"}}]}},"_links":{"self":[{"href":"https:\/\/icom.museum\/fr\/wp-json\/wp\/v2\/pages\/36156"}],"collection":[{"href":"https:\/\/icom.museum\/fr\/wp-json\/wp\/v2\/pages"}],"about":[{"href":"https:\/\/icom.museum\/fr\/wp-json\/wp\/v2\/types\/page"}],"author":[{"embeddable":true,"href":"https:\/\/icom.museum\/fr\/wp-json\/wp\/v2\/users\/4"}],"replies":[{"embeddable":true,"href":"https:\/\/icom.museum\/fr\/wp-json\/wp\/v2\/comments?post=36156"}],"version-history":[{"count":14,"href":"https:\/\/icom.museum\/fr\/wp-json\/wp\/v2\/pages\/36156\/revisions"}],"predecessor-version":[{"id":49026,"href":"https:\/\/icom.museum\/fr\/wp-json\/wp\/v2\/pages\/36156\/revisions\/49026"}],"up":[{"embeddable":true,"href":"https:\/\/icom.museum\/fr\/wp-json\/wp\/v2\/pages\/7224"}],"wp:attachment":[{"href":"https:\/\/icom.museum\/fr\/wp-json\/wp\/v2\/media?parent=36156"}],"curies":[{"name":"wp","href":"https:\/\/api.w.org\/{rel}","templated":true}]}}