{"id":36225,"date":"2019-12-20T13:51:01","date_gmt":"2019-12-20T11:51:01","guid":{"rendered":"https:\/\/icom.museum\/?page_id=36225"},"modified":"2026-01-22T13:46:37","modified_gmt":"2026-01-22T11:46:37","slug":"paix-et-droits-humains","status":"publish","type":"page","link":"https:\/\/icom.museum\/fr\/ressources\/paix-et-droits-humains\/","title":{"rendered":"Paix et droits humains"},"content":{"rendered":"<h2 class=\"headline\">Si les mus\u00e9es \u00e9voluent dans une soci\u00e9t\u00e9 en pleine mutation aux politiques publiques fluctuantes, c&#8217;est aussi le cas de leurs responsabilit\u00e9s sociales.<\/h2>\n<p>Parce qu&#8217;ils traitent des probl\u00e8mes soci\u00e9taux contemporains, des injustices pass\u00e9es et actuelles, ainsi que des histoires douloureuses, les mus\u00e9es ont un r\u00f4le important \u00e0 jouer dans l&#8217;av\u00e8nement de la paix et des droits humains. Pour cela, ils peuvent devenir un espace de dialogue entre diverses communaut\u00e9s, ainsi qu&#8217;en leur sein, et inciter \u00e0 faire preuve de cr\u00e9ativit\u00e9 dans la r\u00e9solution des probl\u00e8mes. L&#8217;ICOM et son r\u00e9seau \u0153uvrent \u00e0 promouvoir ces discussions en mobilisant la communaut\u00e9 mus\u00e9ale internationale et ses nombreuses parties prenantes.<\/p>\n<p><strong>R\u00e9seau de l&#8217;ICOM<\/strong><\/p>\n<p>La \u00ab D\u00e9claration de l&#8217;ICOM pour la paix \u00bb est une d\u00e9claration publique publi\u00e9e par le Conseil d&#8217;administration du Conseil international des mus\u00e9es (ICOM) en juin 2025. Elle r\u00e9affirme la mission et les valeurs fondamentales de l&#8217;ICOM face aux crises mondiales actuelles et souligne le r\u00f4le des mus\u00e9es et de la communaut\u00e9 mus\u00e9ale dans la promotion de la paix, de la compr\u00e9hension mutuelle et de la pr\u00e9servation culturelle.<\/p>\n<p>Cette d\u00e9claration a \u00e9t\u00e9 publi\u00e9e \u00e0 l&#8217;issue de la 176e session du Conseil d&#8217;administration de l&#8217;ICOM, qui s&#8217;est tenue \u00e0 Paris le 27 juin 2025, en r\u00e9ponse aux \u00e9v\u00e9nements mondiaux contemporains. Elle souligne l&#8217;engagement de longue date de l&#8217;ICOM en faveur de la pr\u00e9servation du patrimoine culturel mondial et de l&#8217;union des professionnels et des institutions \u00e0 l&#8217;\u00e9chelle internationale. La d\u00e9claration a \u00e9t\u00e9 r\u00e9dig\u00e9e et sign\u00e9e par les membres du Conseil d&#8217;administration de l&#8217;ICOM, y compris le pr\u00e9sident et les vice-pr\u00e9sidents.<\/p>\n<figure id=\"attachment_65101\" aria-describedby=\"caption-attachment-65101\" style=\"width: 729px\" class=\"wp-caption aligncenter\"><img loading=\"lazy\" decoding=\"async\" class=\"wp-image-65101 \" src=\"https:\/\/icom.museum\/wp-content\/uploads\/2025\/09\/19.jpg\" alt=\"\" width=\"729\" height=\"486\" srcset=\"https:\/\/icom.museum\/wp-content\/uploads\/2025\/09\/19.jpg 900w, https:\/\/icom.museum\/wp-content\/uploads\/2025\/09\/19-300x200.jpg 300w, https:\/\/icom.museum\/wp-content\/uploads\/2025\/09\/19-768x512.jpg 768w\" sizes=\"(max-width: 729px) 100vw, 729px\" \/><figcaption id=\"caption-attachment-65101\" class=\"wp-caption-text\">Logo graphique con\u00e7u pour promouvoir l&#8217;ICOM pour la paix \u00e0 travers le r\u00e9seau ICOM.<\/figcaption><\/figure>\n<p>La D\u00e9claration pour la paix de l&#8217;ICOM a \u00e9t\u00e9 largement diffus\u00e9e \u00e0 travers le r\u00e9seau de l&#8217;ICOM, les comit\u00e9s nationaux, r\u00e9gionaux et internationaux l&#8217;ayant relay\u00e9e sur leurs sites web, leurs r\u00e9seaux sociaux, leurs newsletters et d&#8217;autres plateformes de communication. Au-del\u00e0 du partage institutionnel, la d\u00e9claration a \u00e9galement \u00e9t\u00e9 relay\u00e9e par les membres individuels de l&#8217;ICOM et leurs abonn\u00e9s sur les r\u00e9seaux sociaux, qui l&#8217;ont diffus\u00e9e via leurs r\u00e9seaux professionnels et personnels. Cette large diffusion refl\u00e8te la forte r\u00e9sonance du message de la d\u00e9claration au sein de la communaut\u00e9 mus\u00e9ale, contribuant \u00e0 \u00e9tendre sa port\u00e9e bien au-del\u00e0 des canaux centraux de l&#8217;ICOM et dans divers contextes culturels et professionnels \u00e0 travers le monde.<\/p>\n<p><span class=\"link_blue\"><a href=\"https:\/\/icom.museum\/fr\/news\/declaration-de-licom-pour-la-paix\/\">D\u00e9claration de l&#8217;ICOM pour la paix<\/a><\/span><\/p>\n<p>Le th\u00e8me de la Journ\u00e9e internationale des mus\u00e9es 2026, organis\u00e9e chaque ann\u00e9e par le Conseil international des mus\u00e9es (ICOM) et c\u00e9l\u00e9br\u00e9e le 18 mai, sera <strong>\u00ab Les mus\u00e9es unissent un monde divis\u00e9 \u00bb<\/strong>. Ce th\u00e8me souligne le potentiel des mus\u00e9es \u00e0 servir de ponts entre les divisions culturelles, sociales et g\u00e9opolitiques, en mettant en avant leur r\u00f4le dans la promotion du dialogue, de la compr\u00e9hension, de l&#8217;inclusion et de la paix au sein des communaut\u00e9s et entre elles \u00e0 travers le monde.<\/p>\n<p>La paix et les droits de l&#8217;homme sont un th\u00e8me transversal qui englobe de nombreuses activit\u00e9s d\u00e9velopp\u00e9es par le r\u00e9seau de l&#8217;ICOM, tandis que les comit\u00e9s nationaux et internationaux ont men\u00e9 des actions sp\u00e9cifiquement consacr\u00e9es \u00e0 ces th\u00e8mes.<\/p>\n<p>Une table ronde sur la d\u00e9colonisation, organis\u00e9e par l&#8217;ICOM Royaume-Uni, l&#8217;Arts Council England et la Museums Association, avec le soutien du British Council, s&#8217;est tenue le 4 octobre 2019 \u00e0 Brighton, au Royaume-Uni. Cette session, accessible uniquement sur invitation, a permis de discuter des questions actuelles li\u00e9es \u00e0 la d\u00e9colonisation dans le secteur mus\u00e9al.<\/p>\n<p>L&#8217;ICMEMO m\u00e8ne un projet intitul\u00e9 \u00ab Art Focus on Human Rights and Women&#8217;s Rights: Nigeria (2018-2021) \u00bb, dont l&#8217;objectif est de sensibiliser le public \u00e0 une s\u00e9rie de questions qui touchent le Nigeria aujourd&#8217;hui et \u00e0 la mani\u00e8re dont elles affectent in\u00e9vitablement le reste du monde.<\/p>\n<p>Le COMCOL a tenu sa conf\u00e9rence annuelle du 25 au 29 septembre 2018 au Mus\u00e9e canadien des droits de la personne \u00e0 Winnipeg, en collaboration avec la F\u00e9d\u00e9ration des mus\u00e9es internationaux des droits de la personne, sur le th\u00e8me \u00ab Contemporary Collections: Contested and Powerful \u00bb.<\/p>\n<p><span class=\"link_yellow\"><a href=\"http:\/\/icmemo.mini.icom.museum\/projects\/projects\/\">Art Focus on Human Rights and Women\u2019s Rights: Nigeria (2018-2021)<\/a><\/span><\/p>\n<div class=\"separator\">\n<p><strong>D\u00c9COLONISATION ET RESTITUTION<\/strong><\/p>\n<\/div>\n<p>Lors de la 25<sup>e<\/sup>\u00a0conf\u00e9rence g\u00e9n\u00e9rale de l&#8217;ICOM, une session a \u00e9t\u00e9 consacr\u00e9e au th\u00e8me \u00ab\u2009La d\u00e9colonisation et la restitution\u00a0: vers une perspective plus holistique et une approche relationnelle\u2009\u00bb. Ce panel, divis\u00e9 en deux parties, r\u00e9unissait des repr\u00e9sentants de plus de dix comit\u00e9s nationaux de l&#8217;ICOM. Il avait pour objectif d&#8217;\u00e9tudier comment le secteur m\u00e8ne le mouvement de d\u00e9colonisation et y r\u00e9pond, mais aussi de se pencher sur la fa\u00e7on dont il influence notre compr\u00e9hension de la restitution.<\/p>\n<p><span class=\"link_yellow\"><a href=\"https:\/\/icom.museum\/fr\/news\/panel-decolonisation-et-restitution-vers-un-point-de-vue-plus-global-et-une-approche-relationnelle\/\">Panel sur la d\u00e9colonisation et la restitution, Kyoto<\/a><\/span><\/p>\n<div class=\"separator\">\n<p><strong>HISTOIRES DOULOUREUSES<\/strong><\/p>\n<\/div>\n<p>L&#8217;ICOM a publi\u00e9 en d\u00e9cembre\u00a02018 un num\u00e9ro de Museum International sur le th\u00e8me \u00ab\u2009Mus\u00e9es et histoires douloureuses\u2009\u00bb, qui traitait d&#8217;un vaste \u00e9ventail de questions regroup\u00e9es sous trois th\u00e8mes centraux\u00a0: la r\u00e9\u00e9criture des mythes, l&#8217;action collective et l&#8217;activisme des mus\u00e9es.<\/p>\n<p><img loading=\"lazy\" decoding=\"async\" class=\"aligncenter size-full wp-image-36325\" src=\"https:\/\/icom.museum\/wp-content\/uploads\/2020\/01\/MI_digital_contested-histories.jpg\" alt=\"\" width=\"543\" height=\"502\" srcset=\"https:\/\/icom.museum\/wp-content\/uploads\/2020\/01\/MI_digital_contested-histories.jpg 543w, https:\/\/icom.museum\/wp-content\/uploads\/2020\/01\/MI_digital_contested-histories-300x277.jpg 300w\" sizes=\"(max-width: 543px) 100vw, 543px\" \/><\/p>\n<p><span class=\"link_yellow\"><a href=\"https:\/\/icom.museum\/fr\/news\/le-numerique-et-les-histoires-douloureuses-dans-les-musees-deux-nouveaux-numeros-de-museum-international-deja-disponibles\/\"><strong>Lire \u00ab\u2009Mus\u00e9es et histoires douloureuses\u2009\u00bb<\/strong><\/a><\/span><\/p>\n<p><strong>\u00a0<\/strong><\/p>\n<h3><strong>R\u00c9CONCILIATION<\/strong><\/h3>\n<p>\u00ab\u2009Mus\u00e9es et r\u00e9conciliation\u00a0: communaut\u00e9s, p\u00e9dagogies et m\u00e9moires\u2009\u00bb \u00e9tait un programme de formation organis\u00e9 par l&#8217;ICOM, le mus\u00e9e de la M\u00e9moire historique de Colombie (MMHC) et le Comit\u00e9 national colombien (ICOM Colombie). Cet atelier a eu lieu au mus\u00e9e La Tertulia \u00e0 Cali, en Colombie, du 7 au 11\u00a0octobre\u00a02019, et r\u00e9unissait des participants venant de diff\u00e9rents pays de la r\u00e9gion. Avec ce programme de formation, l\u2019ICOM et le MMHC souhaitaient encourager la r\u00e9flexion sur les d\u00e9fis mus\u00e9ologiques et p\u00e9dagogiques auxquels sont confront\u00e9s les mus\u00e9es latino-am\u00e9ricains contemporains lorsqu\u2019ils d\u00e9veloppent des projets et des activit\u00e9s li\u00e9s \u00e0 la construction de m\u00e9moires, aux conflits, aux processus de r\u00e9sistance et de r\u00e9silience, au dialogue et \u00e0 la r\u00e9conciliation.<\/p>\n<p><span class=\"link_yellow\"><a href=\"https:\/\/icom.museum\/fr\/news\/%e2%80%89musees-et-reconciliation%e2%80%89-un-programme-de-formation-de-licom-souligne-le-role-des-musees-dans-les-processus-de-memoire-et-de-resilience\/\">Formation de l&#8217;ICOM\u00a0: Mus\u00e9es et r\u00e9conciliation<\/a><\/span><\/p>\n<div class=\"separator\">\n<p><strong>R\u00c9SEAU DE L&#8217;ICOM<\/strong><\/p>\n<\/div>\n<p>La paix et les droits humains sont un sujet transversal qui impr\u00e8gne de nombreuses activit\u00e9s du r\u00e9seau de l&#8217;ICOM\u2009; les comit\u00e9s nationaux et internationaux ont quant \u00e0 eux mis en place des actions sp\u00e9cialement d\u00e9di\u00e9es \u00e0 ce th\u00e8me.<\/p>\n<p>Une table ronde sur le th\u00e8me de la d\u00e9colonisation a \u00e9t\u00e9 organis\u00e9e le 4\u00a0octobre\u00a02019 par le Comit\u00e9 national britannique, l&#8217;Arts Council England et l&#8217;association de mus\u00e9es anglaise, avec l&#8217;aide du British Council. Cette session accessible uniquement sur invitation et qui s&#8217;est tenue \u00e0 Brighton, au Royaume-Uni, \u00e9voquait les questions autour de la d\u00e9colonisation auxquelles font face les mus\u00e9es actuellement.<\/p>\n<p>D&#8217;autre part, le Comit\u00e9 international de l&#8217;ICOM pour les mus\u00e9es \u00e0 la m\u00e9moire des victimes de crimes publics (IC MEMO) a lanc\u00e9 un projet intitul\u00e9 \u00ab\u2009Int\u00e9r\u00eat artistique pour les droits humains et les droits des femmes\u00a0: Nigeria\u2009\u00bb (2018-2021), dont le but est de faire conna\u00eetre les diff\u00e9rents probl\u00e8mes qui touchent le Nigeria aujourd&#8217;hui et d&#8217;expliquer en quoi ils affectent in\u00e9vitablement le reste du monde.<\/p>\n<p>Le COMCOL a tenu sa conf\u00e9rence annuelle du 25 au 29\u00a0septembre\u00a02018, au Mus\u00e9e canadien pour les droits de la personne, \u00e0 Winnipeg, en collaboration avec la F\u00e9d\u00e9ration internationale des mus\u00e9es des droits de l&#8217;homme. Elle \u00e9tait d\u00e9di\u00e9e au th\u00e8me \u00ab\u2009Collections contemporaines\u00a0: entre influence et contestation\u2009\u00bb.<\/p>\n<p><span class=\"link_yellow\"><a href=\"http:\/\/icmemo.mini.icom.museum\/projects\/projects\/\">Int\u00e9r\u00eat artistique pour les droits humains et les droits des femmes\u00a0: Nigeria (2018-2021)<\/a><\/span><\/p>\n","protected":false},"excerpt":{"rendered":"<p>Si les mus\u00e9es \u00e9voluent dans une soci\u00e9t\u00e9 en pleine mutation aux politiques publiques fluctuantes, c&#8217;est aussi le cas de leurs responsabilit\u00e9s sociales. Parce qu&#8217;ils traitent des probl\u00e8mes soci\u00e9taux contemporains, des injustices pass\u00e9es et actuelles, ainsi que des histoires douloureuses, les mus\u00e9es ont un r\u00f4le important \u00e0 jouer dans l&#8217;av\u00e8nement de la paix et des droits [&hellip;]<\/p>\n","protected":false},"author":4,"featured_media":0,"parent":9723,"menu_order":5,"comment_status":"closed","ping_status":"closed","template":"","meta":{"inline_featured_image":false,"footnotes":""},"class_list":["post-36225","page","type-page","status-publish","hentry"],"acf":[],"yoast_head":"<!-- This site is optimized with the Yoast SEO plugin v23.7 - https:\/\/yoast.com\/wordpress\/plugins\/seo\/ -->\n<title>Paix et droits humains - International Council of Museums<\/title>\n<meta name=\"robots\" content=\"index, follow, max-snippet:-1, max-image-preview:large, max-video-preview:-1\" \/>\n<link rel=\"canonical\" href=\"https:\/\/icom.museum\/fr\/ressources\/paix-et-droits-humains\/\" \/>\n<meta property=\"og:locale\" content=\"fr_FR\" \/>\n<meta property=\"og:type\" content=\"article\" \/>\n<meta property=\"og:title\" content=\"Paix et droits humains - International Council of Museums\" \/>\n<meta property=\"og:description\" content=\"Si les mus\u00e9es \u00e9voluent dans une soci\u00e9t\u00e9 en pleine mutation aux politiques publiques fluctuantes, c&#8217;est aussi le cas de leurs responsabilit\u00e9s sociales. Parce qu&#8217;ils traitent des probl\u00e8mes soci\u00e9taux contemporains, des injustices pass\u00e9es et actuelles, ainsi que des histoires douloureuses, les mus\u00e9es ont un r\u00f4le important \u00e0 jouer dans l&#8217;av\u00e8nement de la paix et des droits [&hellip;]\" \/>\n<meta property=\"og:url\" content=\"https:\/\/icom.museum\/fr\/ressources\/paix-et-droits-humains\/\" \/>\n<meta property=\"og:site_name\" content=\"International Council of Museums\" \/>\n<meta property=\"article:modified_time\" content=\"2026-01-22T11:46:37+00:00\" \/>\n<meta property=\"og:image\" content=\"https:\/\/icom.museum\/wp-content\/uploads\/2025\/09\/19.jpg\" \/>\n\t<meta property=\"og:image:width\" content=\"900\" \/>\n\t<meta property=\"og:image:height\" content=\"600\" \/>\n\t<meta property=\"og:image:type\" content=\"image\/jpeg\" \/>\n<meta name=\"twitter:card\" content=\"summary_large_image\" \/>\n<meta name=\"twitter:label1\" content=\"Dur\u00e9e de lecture estim\u00e9e\" \/>\n\t<meta name=\"twitter:data1\" content=\"6 minutes\" \/>\n<script type=\"application\/ld+json\" class=\"yoast-schema-graph\">{\"@context\":\"https:\/\/schema.org\",\"@graph\":[{\"@type\":\"WebPage\",\"@id\":\"https:\/\/icom.museum\/fr\/ressources\/paix-et-droits-humains\/\",\"url\":\"https:\/\/icom.museum\/fr\/ressources\/paix-et-droits-humains\/\",\"name\":\"Paix et droits humains - International Council of Museums\",\"isPartOf\":{\"@id\":\"https:\/\/icom.museum\/en\/#website\"},\"primaryImageOfPage\":{\"@id\":\"https:\/\/icom.museum\/fr\/ressources\/paix-et-droits-humains\/#primaryimage\"},\"image\":{\"@id\":\"https:\/\/icom.museum\/fr\/ressources\/paix-et-droits-humains\/#primaryimage\"},\"thumbnailUrl\":\"https:\/\/icom.museum\/wp-content\/uploads\/2025\/09\/19.jpg\",\"datePublished\":\"2019-12-20T11:51:01+00:00\",\"dateModified\":\"2026-01-22T11:46:37+00:00\",\"breadcrumb\":{\"@id\":\"https:\/\/icom.museum\/fr\/ressources\/paix-et-droits-humains\/#breadcrumb\"},\"inLanguage\":\"fr-FR\",\"potentialAction\":[{\"@type\":\"ReadAction\",\"target\":[\"https:\/\/icom.museum\/fr\/ressources\/paix-et-droits-humains\/\"]}]},{\"@type\":\"ImageObject\",\"inLanguage\":\"fr-FR\",\"@id\":\"https:\/\/icom.museum\/fr\/ressources\/paix-et-droits-humains\/#primaryimage\",\"url\":\"https:\/\/icom.museum\/wp-content\/uploads\/2025\/09\/19.jpg\",\"contentUrl\":\"https:\/\/icom.museum\/wp-content\/uploads\/2025\/09\/19.jpg\"},{\"@type\":\"BreadcrumbList\",\"@id\":\"https:\/\/icom.museum\/fr\/ressources\/paix-et-droits-humains\/#breadcrumb\",\"itemListElement\":[{\"@type\":\"ListItem\",\"position\":1,\"name\":\"Home\",\"item\":\"https:\/\/icom.museum\/fr\/\"},{\"@type\":\"ListItem\",\"position\":2,\"name\":\"Ressources\",\"item\":\"https:\/\/icom.museum\/fr\/ressources\/\"},{\"@type\":\"ListItem\",\"position\":3,\"name\":\"Paix et droits humains\"}]},{\"@type\":\"WebSite\",\"@id\":\"https:\/\/icom.museum\/en\/#website\",\"url\":\"https:\/\/icom.museum\/en\/\",\"name\":\"International Council of Museums\",\"description\":\"A global organisation of museums &amp; museum professionals committed to the promotion and protection of cultural heritage\",\"publisher\":{\"@id\":\"https:\/\/icom.museum\/en\/#organization\"},\"potentialAction\":[{\"@type\":\"SearchAction\",\"target\":{\"@type\":\"EntryPoint\",\"urlTemplate\":\"https:\/\/icom.museum\/en\/?s={search_term_string}\"},\"query-input\":{\"@type\":\"PropertyValueSpecification\",\"valueRequired\":true,\"valueName\":\"search_term_string\"}}],\"inLanguage\":\"fr-FR\"},{\"@type\":\"Organization\",\"@id\":\"https:\/\/icom.museum\/en\/#organization\",\"name\":\"International Council of Museums\",\"url\":\"https:\/\/icom.museum\/en\/\",\"logo\":{\"@type\":\"ImageObject\",\"inLanguage\":\"fr-FR\",\"@id\":\"https:\/\/icom.museum\/en\/#\/schema\/logo\/image\/\",\"url\":\"https:\/\/icom.museum\/wp-content\/uploads\/2018\/07\/ICOM_M_.jpg\",\"contentUrl\":\"https:\/\/icom.museum\/wp-content\/uploads\/2018\/07\/ICOM_M_.jpg\",\"width\":1721,\"height\":1721,\"caption\":\"International Council of Museums\"},\"image\":{\"@id\":\"https:\/\/icom.museum\/en\/#\/schema\/logo\/image\/\"}}]}<\/script>\n<!-- \/ Yoast SEO plugin. -->","yoast_head_json":{"title":"Paix et droits humains - International Council of Museums","robots":{"index":"index","follow":"follow","max-snippet":"max-snippet:-1","max-image-preview":"max-image-preview:large","max-video-preview":"max-video-preview:-1"},"canonical":"https:\/\/icom.museum\/fr\/ressources\/paix-et-droits-humains\/","og_locale":"fr_FR","og_type":"article","og_title":"Paix et droits humains - International Council of Museums","og_description":"Si les mus\u00e9es \u00e9voluent dans une soci\u00e9t\u00e9 en pleine mutation aux politiques publiques fluctuantes, c&#8217;est aussi le cas de leurs responsabilit\u00e9s sociales. Parce qu&#8217;ils traitent des probl\u00e8mes soci\u00e9taux contemporains, des injustices pass\u00e9es et actuelles, ainsi que des histoires douloureuses, les mus\u00e9es ont un r\u00f4le important \u00e0 jouer dans l&#8217;av\u00e8nement de la paix et des droits [&hellip;]","og_url":"https:\/\/icom.museum\/fr\/ressources\/paix-et-droits-humains\/","og_site_name":"International Council of Museums","article_modified_time":"2026-01-22T11:46:37+00:00","og_image":[{"width":900,"height":600,"url":"https:\/\/icom.museum\/wp-content\/uploads\/2025\/09\/19.jpg","type":"image\/jpeg"}],"twitter_card":"summary_large_image","twitter_misc":{"Dur\u00e9e de lecture estim\u00e9e":"6 minutes"},"schema":{"@context":"https:\/\/schema.org","@graph":[{"@type":"WebPage","@id":"https:\/\/icom.museum\/fr\/ressources\/paix-et-droits-humains\/","url":"https:\/\/icom.museum\/fr\/ressources\/paix-et-droits-humains\/","name":"Paix et droits humains - International Council of Museums","isPartOf":{"@id":"https:\/\/icom.museum\/en\/#website"},"primaryImageOfPage":{"@id":"https:\/\/icom.museum\/fr\/ressources\/paix-et-droits-humains\/#primaryimage"},"image":{"@id":"https:\/\/icom.museum\/fr\/ressources\/paix-et-droits-humains\/#primaryimage"},"thumbnailUrl":"https:\/\/icom.museum\/wp-content\/uploads\/2025\/09\/19.jpg","datePublished":"2019-12-20T11:51:01+00:00","dateModified":"2026-01-22T11:46:37+00:00","breadcrumb":{"@id":"https:\/\/icom.museum\/fr\/ressources\/paix-et-droits-humains\/#breadcrumb"},"inLanguage":"fr-FR","potentialAction":[{"@type":"ReadAction","target":["https:\/\/icom.museum\/fr\/ressources\/paix-et-droits-humains\/"]}]},{"@type":"ImageObject","inLanguage":"fr-FR","@id":"https:\/\/icom.museum\/fr\/ressources\/paix-et-droits-humains\/#primaryimage","url":"https:\/\/icom.museum\/wp-content\/uploads\/2025\/09\/19.jpg","contentUrl":"https:\/\/icom.museum\/wp-content\/uploads\/2025\/09\/19.jpg"},{"@type":"BreadcrumbList","@id":"https:\/\/icom.museum\/fr\/ressources\/paix-et-droits-humains\/#breadcrumb","itemListElement":[{"@type":"ListItem","position":1,"name":"Home","item":"https:\/\/icom.museum\/fr\/"},{"@type":"ListItem","position":2,"name":"Ressources","item":"https:\/\/icom.museum\/fr\/ressources\/"},{"@type":"ListItem","position":3,"name":"Paix et droits humains"}]},{"@type":"WebSite","@id":"https:\/\/icom.museum\/en\/#website","url":"https:\/\/icom.museum\/en\/","name":"International Council of Museums","description":"A global organisation of museums &amp; museum professionals committed to the promotion and protection of cultural heritage","publisher":{"@id":"https:\/\/icom.museum\/en\/#organization"},"potentialAction":[{"@type":"SearchAction","target":{"@type":"EntryPoint","urlTemplate":"https:\/\/icom.museum\/en\/?s={search_term_string}"},"query-input":{"@type":"PropertyValueSpecification","valueRequired":true,"valueName":"search_term_string"}}],"inLanguage":"fr-FR"},{"@type":"Organization","@id":"https:\/\/icom.museum\/en\/#organization","name":"International Council of Museums","url":"https:\/\/icom.museum\/en\/","logo":{"@type":"ImageObject","inLanguage":"fr-FR","@id":"https:\/\/icom.museum\/en\/#\/schema\/logo\/image\/","url":"https:\/\/icom.museum\/wp-content\/uploads\/2018\/07\/ICOM_M_.jpg","contentUrl":"https:\/\/icom.museum\/wp-content\/uploads\/2018\/07\/ICOM_M_.jpg","width":1721,"height":1721,"caption":"International Council of Museums"},"image":{"@id":"https:\/\/icom.museum\/en\/#\/schema\/logo\/image\/"}}]}},"_links":{"self":[{"href":"https:\/\/icom.museum\/fr\/wp-json\/wp\/v2\/pages\/36225"}],"collection":[{"href":"https:\/\/icom.museum\/fr\/wp-json\/wp\/v2\/pages"}],"about":[{"href":"https:\/\/icom.museum\/fr\/wp-json\/wp\/v2\/types\/page"}],"author":[{"embeddable":true,"href":"https:\/\/icom.museum\/fr\/wp-json\/wp\/v2\/users\/4"}],"replies":[{"embeddable":true,"href":"https:\/\/icom.museum\/fr\/wp-json\/wp\/v2\/comments?post=36225"}],"version-history":[{"count":12,"href":"https:\/\/icom.museum\/fr\/wp-json\/wp\/v2\/pages\/36225\/revisions"}],"predecessor-version":[{"id":67111,"href":"https:\/\/icom.museum\/fr\/wp-json\/wp\/v2\/pages\/36225\/revisions\/67111"}],"up":[{"embeddable":true,"href":"https:\/\/icom.museum\/fr\/wp-json\/wp\/v2\/pages\/9723"}],"wp:attachment":[{"href":"https:\/\/icom.museum\/fr\/wp-json\/wp\/v2\/media?parent=36225"}],"curies":[{"name":"wp","href":"https:\/\/api.w.org\/{rel}","templated":true}]}}