{"id":36237,"date":"2019-12-20T14:12:52","date_gmt":"2019-12-20T12:12:52","guid":{"rendered":"https:\/\/icom.museum\/?page_id=36237"},"modified":"2020-01-07T16:09:12","modified_gmt":"2020-01-07T14:09:12","slug":"democratie-culturelle-et-inclusion","status":"publish","type":"page","link":"https:\/\/icom.museum\/fr\/recherche-et-developpement\/democratie-culturelle-et-inclusion\/","title":{"rendered":"D\u00e9mocratie culturelle et inclusion"},"content":{"rendered":"<h2 class=\"headline\">Aborder le sujet des in\u00e9galit\u00e9s et de l&#8217;exclusion de fa\u00e7on proactive est devenu partie int\u00e9grante de la mission des mus\u00e9es consistant \u00e0 servir la soci\u00e9t\u00e9.<\/h2>\n<p>Et c&#8217;est encore plus important dans un contexte o\u00f9 les mouvements de population se multiplient, tout comme les discours publics clivants, et o\u00f9 la polarisation s&#8217;intensifie. Les mus\u00e9es traitent de ces questions en \u00e9voquant des th\u00e8mes divers, tels que la participation, l&#8217;accessibilit\u00e9, le bien-\u00eatre, les questions de genre, la marginalisation et l&#8217;int\u00e9gration\/l&#8217;exclusion, au travers de multiples activit\u00e9s.<\/p>\n<p>&nbsp;<\/p>\n<div class=\"separator\">\n<p><strong>R\u00d4LE SOCIAL DES MUS\u00c9ES<\/strong><\/p>\n<\/div>\n<p>En octobre\u00a02016, l\u2019ICOM et la Fondation \u00ab\u2009la Caixa\u2009\u00bb ont organis\u00e9 ensemble une rencontre entre quinze directeurs de mus\u00e9es \u00e0 Barcelone, en Espagne. Cette r\u00e9union a permis d\u2019\u00e9tudier avec succ\u00e8s les fa\u00e7ons de mettre en relation les mus\u00e9es qui travaillent sur la question de l\u2019int\u00e9gration sociale. La valeur et les avantages des actions sociales dans les mus\u00e9es y ont \u00e9t\u00e9 mis en avant. Au vu du succ\u00e8s et du fort int\u00e9r\u00eat qu&#8217;a suscit\u00e9 l&#8217;\u00e9v\u00e9nement, l&#8217;ICOM pr\u00e9voit de travailler \u00e0 nouveau sur ce th\u00e8me ces prochaines ann\u00e9es, afin d&#8217;aider les mus\u00e9es \u00e0 endosser leur r\u00f4le social et \u00e0 mettre en place et g\u00e9rer des activit\u00e9s qui promeuvent la justice sociale et l&#8217;int\u00e9gration.<\/p>\n<div class=\"separator\">\n<p><strong>RECOMMANDATION DE L&#8217;UNESCO DE 2015<\/strong><\/p>\n<\/div>\n<p>Depuis 2012, l\u2019ICOM est charg\u00e9 par l\u2019UNESCO de travailler sur la <a href=\"http:\/\/www.unesco.org\/new\/fr\/culture\/themes\/museums\/recommendation-on-the-protection-and-promotion-of-museums-and-collections\/\">Recommandation concernant la protection et la promotion des mus\u00e9es et des collections, de leur diversit\u00e9 et de leur r\u00f4le dans la soci\u00e9t\u00e9.<\/a> De nombreux comit\u00e9s de l&#8217;ICOM ont jou\u00e9 un r\u00f4le actif dans l&#8217;\u00e9laboration de cette publication, en consultant les agences gouvernementales, en donnant leur point de vue et en mettant en avant le r\u00f4le des mus\u00e9es et des professionnels des mus\u00e9es dans la soci\u00e9t\u00e9. Apr\u00e8s des ann\u00e9es de d\u00e9bats et de consultations, la r\u00e9solution finale a enfin pu \u00eatre pr\u00e9sent\u00e9e \u00e0 la 38<sup>e<\/sup>\u00a0conf\u00e9rence g\u00e9n\u00e9rale de l&#8217;UNESCO en novembre\u00a02015.<\/p>\n<p>Le texte part du principe que les mus\u00e9es partagent un certain nombre de missions, parmi lesquelles la diffusion de la culture et l&#8217;\u00e9ducation, et \u0153uvrent en faveur de la justice, la libert\u00e9 et la paix. Ils contribuent notamment \u00e0 b\u00e2tir une solidarit\u00e9 morale et intellectuelle entre les hommes et \u00e0 garantir une \u00e9galit\u00e9 d\u2019acc\u00e8s \u00e0 l\u2019\u00e9ducation pour tous. Dans la lign\u00e9e des normes professionnelles diffus\u00e9es par l\u2019ICOM, cette recommandation clarifiera le r\u00f4le des mus\u00e9es, en soulignant qu&#8217;il est important de les prot\u00e9ger et de les promouvoir afin qu&#8217;ils puissent contribuer pleinement au d\u00e9veloppement durable et au dialogue interculturel, notamment en prot\u00e9geant et promouvant la diversit\u00e9 culturelle et le patrimoine. Durant son discours au si\u00e8ge de l&#8217;UNESCO, la directrice g\u00e9n\u00e9rale de l&#8217;ICOM avait d\u00e9clar\u00e9\u00a0: \u00ab\u2009Ce texte [est] essentiel pour le d\u00e9veloppement des mus\u00e9es et des collections, pour la reconnaissance des professionnels des mus\u00e9es, pour le respect du r\u00f4le social des mus\u00e9es au niveau r\u00e9gional et communautaire et pour la sauvegarde de l&#8217;int\u00e9grit\u00e9 des collections dans tous les pays.\u2009\u00bb<\/p>\n<p><span class=\"link_red\"><a href=\"https:\/\/unesdoc.unesco.org\/ark:\/48223\/pf0000371549_fre\">Rapport sur la mise en oeuvre de la Recommandation de l\u2019UNESCO de 2015<\/a><\/span><\/p>\n<div class=\"separator\">\n<p><strong>#WOMENINMUSEUMS<\/strong><\/p>\n<\/div>\n<p>Depuis 2017, l\u2019ICOM promeut le r\u00f4le des femmes dans les mus\u00e9es lors de la Journ\u00e9e internationale des droits des femmes par le biais du hashtag #WomenInMuseums. Pour 2019, la devise est \u00ab\u2009La place de la femme est dans le mus\u00e9e\u2009\u00bb. Elle vise \u00e0 mettre en \u00e9vidence les nombreuses fa\u00e7ons dont les femmes fa\u00e7onnent les mus\u00e9es, de la r\u00e9\u00e9criture des mythes \u00e0 la lutte pour l\u2019int\u00e9gration. Le hashtag est devenu central sur les r\u00e9seaux sociaux pour partager et c\u00e9l\u00e9brer le travail des professionnelles des mus\u00e9es, des femmes artistes et des femmes de l\u2019histoire.<\/p>\n<div class=\"separator\">\n<p><strong>VOICES OF CULTURE<\/strong><\/p>\n<\/div>\n<p>Voices of Culture est un dialogue structur\u00e9 entre la Commission europ\u00e9enne et le secteur culturel, qui fournit un cadre pour les discussions entre les parties prenantes de la soci\u00e9t\u00e9 civile europ\u00e9enne et la Commission europ\u00e9enne. Il a pour but de renforcer la capacit\u00e9 de plaidoyer du secteur culturel dans les d\u00e9bats sur les politiques culturelles au niveau europ\u00e9en, tout en encourageant le secteur \u00e0 fonctionner de fa\u00e7on plus collaborative.<\/p>\n<p>Apr\u00e8s avoir \u00e9t\u00e9 repr\u00e9sent\u00e9 par le secr\u00e9tariat lors des sessions de 2017 sur le th\u00e8me \u00ab\u2009Comp\u00e9tences, formation et transfert des connaissances\u00a0: patrimoine traditionnel et \u00e9mergent\u2009\u00bb, et par l&#8217;alliance r\u00e9gionale de l&#8217;ICOM pour l&#8217;Europe la m\u00eame ann\u00e9e au \u00ab\u2009Comit\u00e9 des parties prenantes pour l&#8217;Ann\u00e9e europ\u00e9enne du patrimoine culturel de 2018\u2009\u00bb, l&#8217;ICOM a \u00e9t\u00e9 s\u00e9lectionn\u00e9 une fois de plus pour participer \u00e0 la prochaine session en avril-septembre\u00a02018 sur le th\u00e8me \u00ab\u2009Int\u00e9gration sociale\u00a0: s&#8217;associer aux autres secteurs\u2009\u00bb. Cette session de r\u00e9flexion a men\u00e9 \u00e0 la r\u00e9daction commune d&#8217;un rapport par les 35\u00a0organisations participantes issues du secteur de la culture, entre autres, et parmi lesquelles figurait l&#8217;ICOM.<\/p>\n<p><span class=\"link_red\"><a href=\"http:\/\/www.voicesofculture.eu\/wp-content\/uploads\/2018\/10\/FINAL-Brainstorming-report-SD7-Social-inclusion.pdf\"><strong>Voices of Culture <\/strong><\/a><\/span><\/p>\n<p><strong>\u00a0<\/strong><\/p>\n<div class=\"separator\">\n<p><strong>R\u00c9SEAU DE L&#8217;ICOM<\/strong><\/p>\n<\/div>\n<p>Depuis 2016, le Comit\u00e9 international pour les collections et activit\u00e9s des mus\u00e9es des villes (CAMOC) m\u00e8ne un projet intitul\u00e9 \u00ab\u2009Migration et villes &#8211; (Im)migration et villes d&#8217;arriv\u00e9e\u2009\u00bb, en partenariat avec le Comit\u00e9 international pour les mus\u00e9es r\u00e9gionaux et l&#8217;Association internationale des mus\u00e9es du Commonwealth. Le projet comprend une s\u00e9rie d&#8217;ateliers et le d\u00e9veloppement d&#8217;une plateforme en ligne sur la migration et les mus\u00e9es des villes.<\/p>\n<p>Le projet de recherche EU-LAC MUSEUMS (2016-2020) a tenu une conf\u00e9rence \u00e0 la Barbade du 7 au 9\u00a0novembre, en partenariat avec l\u2019Association des mus\u00e9es des Cara\u00efbes, intitul\u00e9e \u00ab\u2009Identit\u00e9s itin\u00e9rantes\u00a0: communaut\u00e9s de mus\u00e9es\/mus\u00e9es de communaut\u00e9s\u2009\u00bb. Cette conf\u00e9rence a rassembl\u00e9 des professionnels des mus\u00e9es, des universitaires, des responsables des pouvoirs publics, des acteurs des ONG et d\u2019autres repr\u00e9sentants pour examiner les nouvelles perspectives des mus\u00e9es concernant notamment les communaut\u00e9s et le d\u00e9veloppement durable, les migrations et les questions de genre, l\u2019\u00e9ducation et l\u2019\u00e9largissement des publics, la cybermus\u00e9ologie et les identit\u00e9s num\u00e9riques, entre autres.<\/p>\n<p><span class=\"link_red\"><a href=\"http:\/\/www.migrationcities.net\/\"><strong>Migration et villes<\/strong><\/a><\/span><\/p>\n","protected":false},"excerpt":{"rendered":"<p>Aborder le sujet des in\u00e9galit\u00e9s et de l&#8217;exclusion de fa\u00e7on proactive est devenu partie int\u00e9grante de la mission des mus\u00e9es consistant \u00e0 servir la soci\u00e9t\u00e9. Et c&#8217;est encore plus important dans un contexte o\u00f9 les mouvements de population se multiplient, tout comme les discours publics clivants, et o\u00f9 la polarisation s&#8217;intensifie. Les mus\u00e9es traitent de [&hellip;]<\/p>\n","protected":false},"author":4,"featured_media":0,"parent":7224,"menu_order":5,"comment_status":"closed","ping_status":"closed","template":"","meta":{"inline_featured_image":false,"footnotes":""},"class_list":["post-36237","page","type-page","status-publish","hentry"],"acf":[],"yoast_head":"<!-- This site is optimized with the Yoast SEO plugin v23.7 - https:\/\/yoast.com\/wordpress\/plugins\/seo\/ -->\n<title>D\u00e9mocratie culturelle et inclusion - International Council of Museums<\/title>\n<meta name=\"robots\" content=\"index, follow, max-snippet:-1, max-image-preview:large, max-video-preview:-1\" \/>\n<link rel=\"canonical\" href=\"https:\/\/icom.museum\/fr\/nos-actions\/recherche-et-developpement\/democratie-culturelle-et-inclusion\/\" \/>\n<meta property=\"og:locale\" content=\"fr_FR\" \/>\n<meta property=\"og:type\" content=\"article\" \/>\n<meta property=\"og:title\" content=\"D\u00e9mocratie culturelle et inclusion - International Council of Museums\" \/>\n<meta property=\"og:description\" content=\"Aborder le sujet des in\u00e9galit\u00e9s et de l&#8217;exclusion de fa\u00e7on proactive est devenu partie int\u00e9grante de la mission des mus\u00e9es consistant \u00e0 servir la soci\u00e9t\u00e9. Et c&#8217;est encore plus important dans un contexte o\u00f9 les mouvements de population se multiplient, tout comme les discours publics clivants, et o\u00f9 la polarisation s&#8217;intensifie. Les mus\u00e9es traitent de [&hellip;]\" \/>\n<meta property=\"og:url\" content=\"https:\/\/icom.museum\/fr\/nos-actions\/recherche-et-developpement\/democratie-culturelle-et-inclusion\/\" \/>\n<meta property=\"og:site_name\" content=\"International Council of Museums\" \/>\n<meta property=\"article:modified_time\" content=\"2020-01-07T14:09:12+00:00\" \/>\n<meta property=\"og:image\" content=\"https:\/\/icom.museum\/wp-content\/uploads\/2019\/12\/sound-space-3851251_1920.jpg\" \/>\n<meta name=\"twitter:card\" content=\"summary_large_image\" \/>\n<meta name=\"twitter:label1\" content=\"Dur\u00e9e de lecture estim\u00e9e\" \/>\n\t<meta name=\"twitter:data1\" content=\"5 minutes\" \/>\n<script type=\"application\/ld+json\" class=\"yoast-schema-graph\">{\"@context\":\"https:\/\/schema.org\",\"@graph\":[{\"@type\":\"WebPage\",\"@id\":\"https:\/\/icom.museum\/fr\/nos-actions\/recherche-et-developpement\/democratie-culturelle-et-inclusion\/\",\"url\":\"https:\/\/icom.museum\/fr\/nos-actions\/recherche-et-developpement\/democratie-culturelle-et-inclusion\/\",\"name\":\"D\u00e9mocratie culturelle et inclusion - International Council of Museums\",\"isPartOf\":{\"@id\":\"https:\/\/icom.museum\/en\/#website\"},\"datePublished\":\"2019-12-20T12:12:52+00:00\",\"dateModified\":\"2020-01-07T14:09:12+00:00\",\"breadcrumb\":{\"@id\":\"https:\/\/icom.museum\/fr\/nos-actions\/recherche-et-developpement\/democratie-culturelle-et-inclusion\/#breadcrumb\"},\"inLanguage\":\"fr-FR\",\"potentialAction\":[{\"@type\":\"ReadAction\",\"target\":[\"https:\/\/icom.museum\/fr\/nos-actions\/recherche-et-developpement\/democratie-culturelle-et-inclusion\/\"]}]},{\"@type\":\"BreadcrumbList\",\"@id\":\"https:\/\/icom.museum\/fr\/nos-actions\/recherche-et-developpement\/democratie-culturelle-et-inclusion\/#breadcrumb\",\"itemListElement\":[{\"@type\":\"ListItem\",\"position\":1,\"name\":\"Home\",\"item\":\"https:\/\/icom.museum\/fr\/\"},{\"@type\":\"ListItem\",\"position\":2,\"name\":\"Activit\u00e9s\",\"item\":\"https:\/\/icom.museum\/fr\/nos-actions\/\"},{\"@type\":\"ListItem\",\"position\":3,\"name\":\"Recherche\",\"item\":\"https:\/\/icom.museum\/fr\/nos-actions\/recherche-et-developpement\/\"},{\"@type\":\"ListItem\",\"position\":4,\"name\":\"D\u00e9mocratie culturelle et inclusion\"}]},{\"@type\":\"WebSite\",\"@id\":\"https:\/\/icom.museum\/en\/#website\",\"url\":\"https:\/\/icom.museum\/en\/\",\"name\":\"International Council of Museums\",\"description\":\"A global organisation of museums &amp; museum professionals committed to the promotion and protection of cultural heritage\",\"publisher\":{\"@id\":\"https:\/\/icom.museum\/en\/#organization\"},\"potentialAction\":[{\"@type\":\"SearchAction\",\"target\":{\"@type\":\"EntryPoint\",\"urlTemplate\":\"https:\/\/icom.museum\/en\/?s={search_term_string}\"},\"query-input\":{\"@type\":\"PropertyValueSpecification\",\"valueRequired\":true,\"valueName\":\"search_term_string\"}}],\"inLanguage\":\"fr-FR\"},{\"@type\":\"Organization\",\"@id\":\"https:\/\/icom.museum\/en\/#organization\",\"name\":\"International Council of Museums\",\"url\":\"https:\/\/icom.museum\/en\/\",\"logo\":{\"@type\":\"ImageObject\",\"inLanguage\":\"fr-FR\",\"@id\":\"https:\/\/icom.museum\/en\/#\/schema\/logo\/image\/\",\"url\":\"https:\/\/icom.museum\/wp-content\/uploads\/2018\/07\/ICOM_M_.jpg\",\"contentUrl\":\"https:\/\/icom.museum\/wp-content\/uploads\/2018\/07\/ICOM_M_.jpg\",\"width\":1721,\"height\":1721,\"caption\":\"International Council of Museums\"},\"image\":{\"@id\":\"https:\/\/icom.museum\/en\/#\/schema\/logo\/image\/\"}}]}<\/script>\n<!-- \/ Yoast SEO plugin. -->","yoast_head_json":{"title":"D\u00e9mocratie culturelle et inclusion - International Council of Museums","robots":{"index":"index","follow":"follow","max-snippet":"max-snippet:-1","max-image-preview":"max-image-preview:large","max-video-preview":"max-video-preview:-1"},"canonical":"https:\/\/icom.museum\/fr\/nos-actions\/recherche-et-developpement\/democratie-culturelle-et-inclusion\/","og_locale":"fr_FR","og_type":"article","og_title":"D\u00e9mocratie culturelle et inclusion - International Council of Museums","og_description":"Aborder le sujet des in\u00e9galit\u00e9s et de l&#8217;exclusion de fa\u00e7on proactive est devenu partie int\u00e9grante de la mission des mus\u00e9es consistant \u00e0 servir la soci\u00e9t\u00e9. Et c&#8217;est encore plus important dans un contexte o\u00f9 les mouvements de population se multiplient, tout comme les discours publics clivants, et o\u00f9 la polarisation s&#8217;intensifie. Les mus\u00e9es traitent de [&hellip;]","og_url":"https:\/\/icom.museum\/fr\/nos-actions\/recherche-et-developpement\/democratie-culturelle-et-inclusion\/","og_site_name":"International Council of Museums","article_modified_time":"2020-01-07T14:09:12+00:00","og_image":[{"url":"https:\/\/icom.museum\/wp-content\/uploads\/2019\/12\/sound-space-3851251_1920.jpg"}],"twitter_card":"summary_large_image","twitter_misc":{"Dur\u00e9e de lecture estim\u00e9e":"5 minutes"},"schema":{"@context":"https:\/\/schema.org","@graph":[{"@type":"WebPage","@id":"https:\/\/icom.museum\/fr\/nos-actions\/recherche-et-developpement\/democratie-culturelle-et-inclusion\/","url":"https:\/\/icom.museum\/fr\/nos-actions\/recherche-et-developpement\/democratie-culturelle-et-inclusion\/","name":"D\u00e9mocratie culturelle et inclusion - International Council of Museums","isPartOf":{"@id":"https:\/\/icom.museum\/en\/#website"},"datePublished":"2019-12-20T12:12:52+00:00","dateModified":"2020-01-07T14:09:12+00:00","breadcrumb":{"@id":"https:\/\/icom.museum\/fr\/nos-actions\/recherche-et-developpement\/democratie-culturelle-et-inclusion\/#breadcrumb"},"inLanguage":"fr-FR","potentialAction":[{"@type":"ReadAction","target":["https:\/\/icom.museum\/fr\/nos-actions\/recherche-et-developpement\/democratie-culturelle-et-inclusion\/"]}]},{"@type":"BreadcrumbList","@id":"https:\/\/icom.museum\/fr\/nos-actions\/recherche-et-developpement\/democratie-culturelle-et-inclusion\/#breadcrumb","itemListElement":[{"@type":"ListItem","position":1,"name":"Home","item":"https:\/\/icom.museum\/fr\/"},{"@type":"ListItem","position":2,"name":"Activit\u00e9s","item":"https:\/\/icom.museum\/fr\/nos-actions\/"},{"@type":"ListItem","position":3,"name":"Recherche","item":"https:\/\/icom.museum\/fr\/nos-actions\/recherche-et-developpement\/"},{"@type":"ListItem","position":4,"name":"D\u00e9mocratie culturelle et inclusion"}]},{"@type":"WebSite","@id":"https:\/\/icom.museum\/en\/#website","url":"https:\/\/icom.museum\/en\/","name":"International Council of Museums","description":"A global organisation of museums &amp; museum professionals committed to the promotion and protection of cultural heritage","publisher":{"@id":"https:\/\/icom.museum\/en\/#organization"},"potentialAction":[{"@type":"SearchAction","target":{"@type":"EntryPoint","urlTemplate":"https:\/\/icom.museum\/en\/?s={search_term_string}"},"query-input":{"@type":"PropertyValueSpecification","valueRequired":true,"valueName":"search_term_string"}}],"inLanguage":"fr-FR"},{"@type":"Organization","@id":"https:\/\/icom.museum\/en\/#organization","name":"International Council of Museums","url":"https:\/\/icom.museum\/en\/","logo":{"@type":"ImageObject","inLanguage":"fr-FR","@id":"https:\/\/icom.museum\/en\/#\/schema\/logo\/image\/","url":"https:\/\/icom.museum\/wp-content\/uploads\/2018\/07\/ICOM_M_.jpg","contentUrl":"https:\/\/icom.museum\/wp-content\/uploads\/2018\/07\/ICOM_M_.jpg","width":1721,"height":1721,"caption":"International Council of Museums"},"image":{"@id":"https:\/\/icom.museum\/en\/#\/schema\/logo\/image\/"}}]}},"_links":{"self":[{"href":"https:\/\/icom.museum\/fr\/wp-json\/wp\/v2\/pages\/36237"}],"collection":[{"href":"https:\/\/icom.museum\/fr\/wp-json\/wp\/v2\/pages"}],"about":[{"href":"https:\/\/icom.museum\/fr\/wp-json\/wp\/v2\/types\/page"}],"author":[{"embeddable":true,"href":"https:\/\/icom.museum\/fr\/wp-json\/wp\/v2\/users\/4"}],"replies":[{"embeddable":true,"href":"https:\/\/icom.museum\/fr\/wp-json\/wp\/v2\/comments?post=36237"}],"version-history":[{"count":7,"href":"https:\/\/icom.museum\/fr\/wp-json\/wp\/v2\/pages\/36237\/revisions"}],"predecessor-version":[{"id":36364,"href":"https:\/\/icom.museum\/fr\/wp-json\/wp\/v2\/pages\/36237\/revisions\/36364"}],"up":[{"embeddable":true,"href":"https:\/\/icom.museum\/fr\/wp-json\/wp\/v2\/pages\/7224"}],"wp:attachment":[{"href":"https:\/\/icom.museum\/fr\/wp-json\/wp\/v2\/media?parent=36237"}],"curies":[{"name":"wp","href":"https:\/\/api.w.org\/{rel}","templated":true}]}}