{"id":36244,"date":"2019-12-20T14:19:41","date_gmt":"2019-12-20T12:19:41","guid":{"rendered":"https:\/\/icom.museum\/?page_id=36244"},"modified":"2020-06-22T15:00:48","modified_gmt":"2020-06-22T13:00:48","slug":"patrimoine-immateriel","status":"publish","type":"page","link":"https:\/\/icom.museum\/fr\/protection-du-patrimoine\/patrimoine-immateriel\/","title":{"rendered":"Patrimoine immat\u00e9riel"},"content":{"rendered":"<h2 class=\"headline\"><strong>L\u2019ICOM, qui estime que les mus\u00e9es ont un r\u00f4le \u00e0 jouer dans la protection du patrimoine culturel immat\u00e9riel, s\u2019engage \u00e0 d\u00e9fendre ce patrimoine vuln\u00e9rable.<\/strong><\/h2>\n<p>Le patrimoine culturel englobe davantage que les collections d\u2019objets ou les monuments\u2009; il inclut \u00e9galement les manifestations immat\u00e9rielles, \u00e0 l\u2019image des traditions, et les expressions du vivant. La d\u00e9finition donn\u00e9e au terme \u00ab\u2009mus\u00e9e\u2009\u00bb par l\u2019ICOM reconna\u00eet le r\u00f4le des mus\u00e9es dans la pr\u00e9servation et la protection du \u00ab\u2009patrimoine humain mat\u00e9riel et immat\u00e9riel\u2009\u00bb. Les mus\u00e9es peuvent contribuer fortement \u00e0 la protection du patrimoine culturel immat\u00e9riel gr\u00e2ce \u00e0 leur mission, leurs infrastructures et leurs ressources, qui leur permettent de mener des initiatives cr\u00e9atives en faveur de sa pr\u00e9servation.<\/p>\n<div class=\"separator\">\n<p><strong>20<sup>e<\/sup>\u00a0CONF\u00c9RENCE G\u00c9N\u00c9RALE DE L&#8217;ICOM \u00c0 S\u00c9OUL<\/strong><\/p>\n<\/div>\n<p>\u00ab\u2009Mus\u00e9es et patrimoine immat\u00e9riel\u2009\u00bb, tel \u00e9tait le th\u00e8me de la 20<sup>e<\/sup>\u00a0conf\u00e9rence g\u00e9n\u00e9rale de l&#8217;ICOM, qui s&#8217;est tenue \u00e0 S\u00e9oul en 2004. Cette conf\u00e9rence visait \u00e0 mettre en avant l&#8217;importance du patrimoine immat\u00e9riel pour la culture et la biodiversit\u00e9. Elle a rassembl\u00e9 quelque 1\u2009462\u00a0participants venus de plus de 100\u00a0pays.<\/p>\n<div class=\"separator\">\n<p><strong>INTERNATIONAL JOURNAL OF INTANGIBLE HERITAGE <\/strong><\/p>\n<\/div>\n<p>L&#8217;une des cons\u00e9quences \u00e0 long terme de la conf\u00e9rence g\u00e9n\u00e9rale de S\u00e9oul est la cr\u00e9ation de l&#8217;International Journal of Intangible Heritage, publi\u00e9 par le Mus\u00e9e folklorique national de Cor\u00e9e depuis 2006. Cette publication est une revue universitaire professionnelle qui cherche \u00e0 promouvoir la compr\u00e9hension de chacun des aspects du patrimoine immat\u00e9riel dans le monde.<\/p>\n<div class=\"separator\">\n<p><strong>INTANGIBLE CULTURAL HERITAGE AND MUSEUMS PROJECT (IMP)<\/strong><\/p>\n<\/div>\n<p>Lanc\u00e9 en 2017, l&#8217;Intangible Cultural Heritage and Museums Project (IMP) \u00e9tudie les diverses approches et pratiques en mati\u00e8re de protection du patrimoine culturel immat\u00e9riel au sein des mus\u00e9es en Belgique, aux Pays-Bas, en Suisse, en Italie et en France. L\u2019IMP encourage l\u2019apprentissage interdisciplinaire entre pairs, d\u00e9veloppe des comp\u00e9tences et des outils professionnels et cr\u00e9e des possibilit\u00e9s internationales de mise en r\u00e9seau pour \u00e9changer de bonnes pratiques. L\u2019ICOM contribue au projet en tant que membre du groupe de r\u00e9flexion par sa participation aux conf\u00e9rences internationales, aux r\u00e9unions d\u2019experts et aux r\u00e9unions techniques pour la mise en place d\u2019une \u00ab\u2009bo\u00eete \u00e0 outils\u2009\u00bb. La mission du groupe de r\u00e9flexion est d\u2019agir en qualit\u00e9 de conseil consultatif et de proposer divers points de vue et opinions, ainsi que son expertise.\u00a0Ce projet a obtenu le soutien du programme Europe Cr\u00e9ative, le programme-cadre de la Commission Europ\u00e9enne visant \u00e0 renforcer la diversit\u00e9 culturelle.<\/p>\n<p>Cinq conf\u00e9rences internationales et r\u00e9unions d\u2019experts sont organis\u00e9es sur les liens entre le patrimoine culturel immat\u00e9riel et les th\u00e9matiques suivantes : mus\u00e9es et diversit\u00e9, participation, soci\u00e9t\u00e9s urbaines, innovation et politiques culturelles. Le site internet de l\u2019IMP contient des ressources, telles que des proc\u00e8s-verbaux de r\u00e9unions, des discours liminaires, des rapports et une bibliographie. Il h\u00e9berge \u00e9galement la <a href=\"https:\/\/www.google.com\/url?q=https:\/\/www.ichandmuseums.eu\/en\/imp-toolkit&amp;sa=D&amp;ust=1592832597777000&amp;usg=AFQjCNF4iFPkeBEjTjB9lCPAFL9z9io0Jg\">bo\u00eete \u00e0 outils <\/a>qui fournit aux professionnels des mus\u00e9es des outils m\u00e9thodologiques pour pr\u00e9server le patrimoine culturel immat\u00e9riel.<\/p>\n<p><span class=\"link_red\"><a href=\"https:\/\/www.ichandmuseums.eu\/en\"><strong>Intangible Cultural Heritage and Museums Project (IMP)<\/strong><\/a><\/span><\/p>\n<p><strong>\u00a0<\/strong><\/p>\n<div class=\"separator\">\n<p><strong>QU&#8217;EST-CE QUE LE PATRIMOINE CULTUREL IMMAT\u00c9RIEL<\/strong><strong>\u2009<\/strong><strong>?<\/strong><\/p>\n<\/div>\n<p>La Convention pour la sauvegarde du patrimoine culturel immat\u00e9riel\u00a02003 de l&#8217;UNESCO d\u00e9finit le patrimoine culturel immat\u00e9riel et met en \u00e9vidence son r\u00f4le dans la pr\u00e9servation de la diversit\u00e9 culturelle. Il s&#8217;agit d&#8217;une forme de patrimoine vivant (traditions orales, arts du spectacle, pratiques sociales, etc.) h\u00e9rit\u00e9e de nos anc\u00eatres et transmise \u00e0 nos descendants, contribuant ainsi \u00e0 la notion d&#8217;identit\u00e9. Pour exprimer son implication dans la sauvegarde de ce type de patrimoine et dans l&#8217;application de la convention de 2003, l&#8217;ICOM a \u00e9t\u00e9 habilit\u00e9 \u00e0 fournir des conseils au Comit\u00e9 intergouvernemental de sauvegarde du patrimoine culturel immat\u00e9riel de l\u2019UNESCO.<\/p>\n<p><strong>\u00a0<\/strong><\/p>\n","protected":false},"excerpt":{"rendered":"<p>L\u2019ICOM, qui estime que les mus\u00e9es ont un r\u00f4le \u00e0 jouer dans la protection du patrimoine culturel immat\u00e9riel, s\u2019engage \u00e0 d\u00e9fendre ce patrimoine vuln\u00e9rable. Le patrimoine culturel englobe davantage que les collections d\u2019objets ou les monuments\u2009; il inclut \u00e9galement les manifestations immat\u00e9rielles, \u00e0 l\u2019image des traditions, et les expressions du vivant. La d\u00e9finition donn\u00e9e au [&hellip;]<\/p>\n","protected":false},"author":4,"featured_media":0,"parent":7207,"menu_order":4,"comment_status":"closed","ping_status":"closed","template":"","meta":{"inline_featured_image":false,"footnotes":""},"class_list":["post-36244","page","type-page","status-publish","hentry"],"acf":[],"yoast_head":"<!-- This site is optimized with the Yoast SEO plugin v23.7 - https:\/\/yoast.com\/wordpress\/plugins\/seo\/ -->\n<title>Patrimoine immat\u00e9riel - International Council of Museums<\/title>\n<meta name=\"robots\" content=\"index, follow, max-snippet:-1, max-image-preview:large, max-video-preview:-1\" \/>\n<link rel=\"canonical\" href=\"https:\/\/icom.museum\/fr\/protection-du-patrimoine\/patrimoine-immateriel\/\" \/>\n<meta property=\"og:locale\" content=\"fr_FR\" \/>\n<meta property=\"og:type\" content=\"article\" \/>\n<meta property=\"og:title\" content=\"Patrimoine immat\u00e9riel - International Council of Museums\" \/>\n<meta property=\"og:description\" content=\"L\u2019ICOM, qui estime que les mus\u00e9es ont un r\u00f4le \u00e0 jouer dans la protection du patrimoine culturel immat\u00e9riel, s\u2019engage \u00e0 d\u00e9fendre ce patrimoine vuln\u00e9rable. Le patrimoine culturel englobe davantage que les collections d\u2019objets ou les monuments\u2009; il inclut \u00e9galement les manifestations immat\u00e9rielles, \u00e0 l\u2019image des traditions, et les expressions du vivant. La d\u00e9finition donn\u00e9e au [&hellip;]\" \/>\n<meta property=\"og:url\" content=\"https:\/\/icom.museum\/fr\/protection-du-patrimoine\/patrimoine-immateriel\/\" \/>\n<meta property=\"og:site_name\" content=\"International Council of Museums\" \/>\n<meta property=\"article:modified_time\" content=\"2020-06-22T13:00:48+00:00\" \/>\n<meta property=\"og:image\" content=\"https:\/\/icom.museum\/wp-content\/uploads\/2019\/12\/paris-846873_1920.jpg\" \/>\n<meta name=\"twitter:card\" content=\"summary_large_image\" \/>\n<meta name=\"twitter:label1\" content=\"Dur\u00e9e de lecture estim\u00e9e\" \/>\n\t<meta name=\"twitter:data1\" content=\"3 minutes\" \/>\n<script type=\"application\/ld+json\" class=\"yoast-schema-graph\">{\"@context\":\"https:\/\/schema.org\",\"@graph\":[{\"@type\":\"WebPage\",\"@id\":\"https:\/\/icom.museum\/fr\/protection-du-patrimoine\/patrimoine-immateriel\/\",\"url\":\"https:\/\/icom.museum\/fr\/protection-du-patrimoine\/patrimoine-immateriel\/\",\"name\":\"Patrimoine immat\u00e9riel - International Council of Museums\",\"isPartOf\":{\"@id\":\"https:\/\/icom.museum\/en\/#website\"},\"datePublished\":\"2019-12-20T12:19:41+00:00\",\"dateModified\":\"2020-06-22T13:00:48+00:00\",\"breadcrumb\":{\"@id\":\"https:\/\/icom.museum\/fr\/protection-du-patrimoine\/patrimoine-immateriel\/#breadcrumb\"},\"inLanguage\":\"fr-FR\",\"potentialAction\":[{\"@type\":\"ReadAction\",\"target\":[\"https:\/\/icom.museum\/fr\/protection-du-patrimoine\/patrimoine-immateriel\/\"]}]},{\"@type\":\"BreadcrumbList\",\"@id\":\"https:\/\/icom.museum\/fr\/protection-du-patrimoine\/patrimoine-immateriel\/#breadcrumb\",\"itemListElement\":[{\"@type\":\"ListItem\",\"position\":1,\"name\":\"Home\",\"item\":\"https:\/\/icom.museum\/fr\/\"},{\"@type\":\"ListItem\",\"position\":2,\"name\":\"Protection du patrimoine\",\"item\":\"https:\/\/icom.museum\/fr\/protection-du-patrimoine\/\"},{\"@type\":\"ListItem\",\"position\":3,\"name\":\"Patrimoine immat\u00e9riel\"}]},{\"@type\":\"WebSite\",\"@id\":\"https:\/\/icom.museum\/en\/#website\",\"url\":\"https:\/\/icom.museum\/en\/\",\"name\":\"International Council of Museums\",\"description\":\"A global organisation of museums &amp; museum professionals committed to the promotion and protection of cultural heritage\",\"publisher\":{\"@id\":\"https:\/\/icom.museum\/en\/#organization\"},\"potentialAction\":[{\"@type\":\"SearchAction\",\"target\":{\"@type\":\"EntryPoint\",\"urlTemplate\":\"https:\/\/icom.museum\/en\/?s={search_term_string}\"},\"query-input\":{\"@type\":\"PropertyValueSpecification\",\"valueRequired\":true,\"valueName\":\"search_term_string\"}}],\"inLanguage\":\"fr-FR\"},{\"@type\":\"Organization\",\"@id\":\"https:\/\/icom.museum\/en\/#organization\",\"name\":\"International Council of Museums\",\"url\":\"https:\/\/icom.museum\/en\/\",\"logo\":{\"@type\":\"ImageObject\",\"inLanguage\":\"fr-FR\",\"@id\":\"https:\/\/icom.museum\/en\/#\/schema\/logo\/image\/\",\"url\":\"https:\/\/icom.museum\/wp-content\/uploads\/2018\/07\/ICOM_M_.jpg\",\"contentUrl\":\"https:\/\/icom.museum\/wp-content\/uploads\/2018\/07\/ICOM_M_.jpg\",\"width\":1721,\"height\":1721,\"caption\":\"International Council of Museums\"},\"image\":{\"@id\":\"https:\/\/icom.museum\/en\/#\/schema\/logo\/image\/\"}}]}<\/script>\n<!-- \/ Yoast SEO plugin. -->","yoast_head_json":{"title":"Patrimoine immat\u00e9riel - International Council of Museums","robots":{"index":"index","follow":"follow","max-snippet":"max-snippet:-1","max-image-preview":"max-image-preview:large","max-video-preview":"max-video-preview:-1"},"canonical":"https:\/\/icom.museum\/fr\/protection-du-patrimoine\/patrimoine-immateriel\/","og_locale":"fr_FR","og_type":"article","og_title":"Patrimoine immat\u00e9riel - International Council of Museums","og_description":"L\u2019ICOM, qui estime que les mus\u00e9es ont un r\u00f4le \u00e0 jouer dans la protection du patrimoine culturel immat\u00e9riel, s\u2019engage \u00e0 d\u00e9fendre ce patrimoine vuln\u00e9rable. Le patrimoine culturel englobe davantage que les collections d\u2019objets ou les monuments\u2009; il inclut \u00e9galement les manifestations immat\u00e9rielles, \u00e0 l\u2019image des traditions, et les expressions du vivant. La d\u00e9finition donn\u00e9e au [&hellip;]","og_url":"https:\/\/icom.museum\/fr\/protection-du-patrimoine\/patrimoine-immateriel\/","og_site_name":"International Council of Museums","article_modified_time":"2020-06-22T13:00:48+00:00","og_image":[{"url":"https:\/\/icom.museum\/wp-content\/uploads\/2019\/12\/paris-846873_1920.jpg"}],"twitter_card":"summary_large_image","twitter_misc":{"Dur\u00e9e de lecture estim\u00e9e":"3 minutes"},"schema":{"@context":"https:\/\/schema.org","@graph":[{"@type":"WebPage","@id":"https:\/\/icom.museum\/fr\/protection-du-patrimoine\/patrimoine-immateriel\/","url":"https:\/\/icom.museum\/fr\/protection-du-patrimoine\/patrimoine-immateriel\/","name":"Patrimoine immat\u00e9riel - International Council of Museums","isPartOf":{"@id":"https:\/\/icom.museum\/en\/#website"},"datePublished":"2019-12-20T12:19:41+00:00","dateModified":"2020-06-22T13:00:48+00:00","breadcrumb":{"@id":"https:\/\/icom.museum\/fr\/protection-du-patrimoine\/patrimoine-immateriel\/#breadcrumb"},"inLanguage":"fr-FR","potentialAction":[{"@type":"ReadAction","target":["https:\/\/icom.museum\/fr\/protection-du-patrimoine\/patrimoine-immateriel\/"]}]},{"@type":"BreadcrumbList","@id":"https:\/\/icom.museum\/fr\/protection-du-patrimoine\/patrimoine-immateriel\/#breadcrumb","itemListElement":[{"@type":"ListItem","position":1,"name":"Home","item":"https:\/\/icom.museum\/fr\/"},{"@type":"ListItem","position":2,"name":"Protection du patrimoine","item":"https:\/\/icom.museum\/fr\/protection-du-patrimoine\/"},{"@type":"ListItem","position":3,"name":"Patrimoine immat\u00e9riel"}]},{"@type":"WebSite","@id":"https:\/\/icom.museum\/en\/#website","url":"https:\/\/icom.museum\/en\/","name":"International Council of Museums","description":"A global organisation of museums &amp; museum professionals committed to the promotion and protection of cultural heritage","publisher":{"@id":"https:\/\/icom.museum\/en\/#organization"},"potentialAction":[{"@type":"SearchAction","target":{"@type":"EntryPoint","urlTemplate":"https:\/\/icom.museum\/en\/?s={search_term_string}"},"query-input":{"@type":"PropertyValueSpecification","valueRequired":true,"valueName":"search_term_string"}}],"inLanguage":"fr-FR"},{"@type":"Organization","@id":"https:\/\/icom.museum\/en\/#organization","name":"International Council of Museums","url":"https:\/\/icom.museum\/en\/","logo":{"@type":"ImageObject","inLanguage":"fr-FR","@id":"https:\/\/icom.museum\/en\/#\/schema\/logo\/image\/","url":"https:\/\/icom.museum\/wp-content\/uploads\/2018\/07\/ICOM_M_.jpg","contentUrl":"https:\/\/icom.museum\/wp-content\/uploads\/2018\/07\/ICOM_M_.jpg","width":1721,"height":1721,"caption":"International Council of Museums"},"image":{"@id":"https:\/\/icom.museum\/en\/#\/schema\/logo\/image\/"}}]}},"_links":{"self":[{"href":"https:\/\/icom.museum\/fr\/wp-json\/wp\/v2\/pages\/36244"}],"collection":[{"href":"https:\/\/icom.museum\/fr\/wp-json\/wp\/v2\/pages"}],"about":[{"href":"https:\/\/icom.museum\/fr\/wp-json\/wp\/v2\/types\/page"}],"author":[{"embeddable":true,"href":"https:\/\/icom.museum\/fr\/wp-json\/wp\/v2\/users\/4"}],"replies":[{"embeddable":true,"href":"https:\/\/icom.museum\/fr\/wp-json\/wp\/v2\/comments?post=36244"}],"version-history":[{"count":2,"href":"https:\/\/icom.museum\/fr\/wp-json\/wp\/v2\/pages\/36244\/revisions"}],"predecessor-version":[{"id":39009,"href":"https:\/\/icom.museum\/fr\/wp-json\/wp\/v2\/pages\/36244\/revisions\/39009"}],"up":[{"embeddable":true,"href":"https:\/\/icom.museum\/fr\/wp-json\/wp\/v2\/pages\/7207"}],"wp:attachment":[{"href":"https:\/\/icom.museum\/fr\/wp-json\/wp\/v2\/media?parent=36244"}],"curies":[{"name":"wp","href":"https:\/\/api.w.org\/{rel}","templated":true}]}}