{"id":37480,"date":"2020-04-10T13:27:09","date_gmt":"2020-04-10T11:27:09","guid":{"rendered":"https:\/\/icom.museum\/?page_id=37480"},"modified":"2020-04-10T13:27:09","modified_gmt":"2020-04-10T11:27:09","slug":"comment-atteindre-votre-public-a-distance","status":"publish","type":"page","link":"https:\/\/icom.museum\/fr\/covid-19\/ressources\/comment-atteindre-votre-public-a-distance\/","title":{"rendered":"Comment atteindre votre public \u00e0 distance"},"content":{"rendered":"<h3 class=\"subheadline\">L&#8217;\u00e9pid\u00e9mie en cours de COVID-19 a provoqu\u00e9 de l\u2019anxi\u00e9t\u00e9 et des mesures de quarantaine g\u00e9n\u00e9ralis\u00e9es dans diff\u00e9rents pays du monde. Les gens restent chez eux pour limiter la propagation de la maladie et des lieux qui normalement rassemblent de grandes foules, y compris les mus\u00e9es, ont ferm\u00e9 leurs portes.<\/h3>\n<p>Bien que cet isolement forc\u00e9 limite les possibilit\u00e9s pour les mus\u00e9es d&#8217;atteindre leur public, plusieurs institutions dans le monde font preuve d&#8217;une grande cr\u00e9ativit\u00e9 et de r\u00e9silience en exploitant le pouvoir des r\u00e9seaux sociaux. Nous avons pr\u00e9par\u00e9 une liste d&#8217;\u00e9tudes de cas et de bonnes pratiques en mati\u00e8re de diffusion num\u00e9rique qui peuvent inspirer les mus\u00e9es \u00e0 faire face \u00e0 cette situation. <strong>Voici ce que vous pouvez faire pour atteindre &#8211; et engager &#8211; votre public \u00e0 distance:<\/strong><\/p>\n<h2 class=\"headline\"><strong>Mettez vos collections en ligne<\/strong><\/h2>\n<p><img loading=\"lazy\" decoding=\"async\" class=\"aligncenter size-full wp-image-37185\" src=\"https:\/\/icom.museum\/wp-content\/uploads\/2020\/03\/unnamed.jpg\" alt=\"\" width=\"672\" height=\"393\" srcset=\"https:\/\/icom.museum\/wp-content\/uploads\/2020\/03\/unnamed.jpg 672w, https:\/\/icom.museum\/wp-content\/uploads\/2020\/03\/unnamed-300x175.jpg 300w\" sizes=\"auto, (max-width: 672px) 100vw, 672px\" \/><\/p>\n<p>Depuis plusieurs ann\u00e9es, les mus\u00e9es partagent leurs collections en ligne. La num\u00e9risation des \u0153uvres d&#8217;art repr\u00e9sente une formidable opportunit\u00e9 pour la valorisation du patrimoine, pour prolonger la r\u00e9alisation et votre relation avec les visiteurs au-del\u00e0 du mus\u00e9e et, \u00e0 terme, pour encourager des processus de co-cr\u00e9ation avec le public!<\/p>\n<p>R\u00e9cemment, le Smithsonian a <a href=\"https:\/\/www.si.edu\/openaccess\">publi\u00e9 2,8 millions d&#8217;images<\/a> haute r\u00e9solution de l&#8217;ensemble de ses collections sur une plate-forme en ligne en acc\u00e8s libre, et plus t\u00f4t cette ann\u00e9e, les mus\u00e9es de la ville de Paris ont offert 100 000 (maintenant plus de 300 000) reproductions num\u00e9riques d&#8217;\u0153uvres d&#8217;art en libre acc\u00e8s via leur <a href=\"http:\/\/parismuseescollections.paris.fr\/en\">portail Collections<\/a>.<\/p>\n<p>L\u2019Acc\u00e8s libre est un outil puissant pour donner \u00e0 vos publics les moyens pour remixer, r\u00e9utiliser et r\u00e9inventer les tr\u00e9sors que vous abritez!<\/p>\n<figure id=\"attachment_37170\" aria-describedby=\"caption-attachment-37170\" style=\"width: 800px\" class=\"wp-caption aligncenter\"><img loading=\"lazy\" decoding=\"async\" class=\"wp-image-37170 size-full\" src=\"https:\/\/icom.museum\/wp-content\/uploads\/2020\/03\/collagasaurs-2-25-use2-4.jpg\" alt=\"\" width=\"800\" height=\"600\" srcset=\"https:\/\/icom.museum\/wp-content\/uploads\/2020\/03\/collagasaurs-2-25-use2-4.jpg 800w, https:\/\/icom.museum\/wp-content\/uploads\/2020\/03\/collagasaurs-2-25-use2-4-300x225.jpg 300w, https:\/\/icom.museum\/wp-content\/uploads\/2020\/03\/collagasaurs-2-25-use2-4-768x576.jpg 768w\" sizes=\"auto, (max-width: 800px) 100vw, 800px\" \/><figcaption id=\"caption-attachment-37170\" class=\"wp-caption-text\">\u00a9 Jon Scieszka and Steven Weinberg<\/figcaption><\/figure>\n<p>La crise sanitaire du COVID-19 pousse de plus en plus d&#8217;institutions \u00e0 d\u00e9mat\u00e9rialiser leurs collections: les sites du patrimoine chinois, dont le Mus\u00e9e des Trois Gorges de Chine de Chongqing, le Mus\u00e9e d&#8217;histoire naturelle de Chongqing et le Mus\u00e9e national de P\u00e9kin, ont choisi d&#8217;augmenter leur offre num\u00e9rique. Une centaine d\u2019expositions en ligne sont accessibles depuis n\u2019importe o\u00f9 sur le site Web de la <a href=\"http:\/\/www.ncha.gov.cn\/art\/2020\/2\/1\/art_722_158567.html\">National Cultural Heritage Administration de Chine<\/a> (en chinois).<\/p>\n<h2 class=\"headline\"><strong>Organisez des visites virtuelles<\/strong><\/h2>\n<p><img loading=\"lazy\" decoding=\"async\" class=\"aligncenter size-large wp-image-37191\" src=\"https:\/\/icom.museum\/wp-content\/uploads\/2020\/03\/Pinterest-1024x475.jpg\" alt=\"\" width=\"1024\" height=\"475\" srcset=\"https:\/\/icom.museum\/wp-content\/uploads\/2020\/03\/Pinterest-1024x475.jpg 1024w, https:\/\/icom.museum\/wp-content\/uploads\/2020\/03\/Pinterest-300x139.jpg 300w, https:\/\/icom.museum\/wp-content\/uploads\/2020\/03\/Pinterest-768x356.jpg 768w, https:\/\/icom.museum\/wp-content\/uploads\/2020\/03\/Pinterest.jpg 1346w\" sizes=\"auto, (max-width: 1024px) 100vw, 1024px\" \/><\/p>\n<p><strong>Facebook \/ Instagram Live<br \/>\n<\/strong>De nombreux mus\u00e9es proposent r\u00e9guli\u00e8rement des visites en direct de leurs collections et expositions, souvent organis\u00e9es par des conservateurs ou les directeurs de mus\u00e9e eux-m\u00eames (comme cette pr\u00e9sentation de l&#8217;exposition &#8220;Ville et cosmos: les arts de Teotihuacan&#8221; au <a href=\"https:\/\/www.facebook.com\/LACMA\/videos\/vl.1088362991231549\/10155304471391566\/?type=1\">LACMA<\/a>). Cela repr\u00e9sente un outil incroyable pour augmenter l&#8217;engagement avec des vues en coulisses et pour toucher un public plus large. Saviez-vous que lors de notre derni\u00e8re Conf\u00e9rence g\u00e9n\u00e9rale, en plus des participants de 114 pays, des personnes <a href=\"https:\/\/twitter.com\/IcomOfficiel\/status\/1198978543134396421\">d&#8217;autres 16<\/a> ont suivi # ICOMKyoto2019 via Facebook Live et live tweeting?<\/p>\n<p>Le 14 ao\u00fbt 2017, lors d&#8217;une transmission en direct sur Facebook, les peintures de Vincent van Gogh &#8220;Tournesols&#8221; ont \u00e9t\u00e9 r\u00e9unies virtuellement dans une collaboration unique dirig\u00e9e par les experts de la National Gallery, du Van Gogh Museum d&#8217;Amsterdam, de la Neue Pinakothek de Munich, Philadelphia Museum of Art et Seiji Togo M\u00e9morial Sompo Japan Nipponkoa Museum of Art.<\/p>\n<p><iframe loading=\"lazy\" title=\"Vincent Van Gogh Sunflowers Live Amsterdam\" width=\"500\" height=\"281\" src=\"https:\/\/www.youtube.com\/embed\/mxPbuPqsHRo?feature=oembed\" frameborder=\"0\" allow=\"accelerometer; autoplay; clipboard-write; encrypted-media; gyroscope; picture-in-picture; web-share\" referrerpolicy=\"strict-origin-when-cross-origin\" allowfullscreen><\/iframe><\/p>\n<p>Aux temps du Coronavirus, &#8220;Triennale Decameron&#8221; est un nouveau programme de rencontres et d&#8217;entretiens avec des artistes, inspir\u00e9 de la c\u00e9l\u00e8bre collection de r\u00e9cits de Boccaccio, diffus\u00e9 tous les jours \u00e0 17h sur la cha\u00eene Instagram de <a href=\"https:\/\/www.triennale.org\/\">Triennale Milano<\/a>. &#8220;Ce moment de crise peut devenir l&#8217;occasion d&#8217;exp\u00e9rimenter avec de nouvelles formes d&#8217;expression cr\u00e9ative que dans une \u00e9tat normal nous n&#8217;aurions jamais eu le courage d\u2019essayer&#8221;, explique le directeur artistique de la Triennale Lorenza Baroncelli.<\/p>\n<p style=\"text-align: right;\"><strong><em>&#8220;Ce moment de crise peut devenir l&#8217;occasion d&#8217;exp\u00e9rimenter nouvelles formes d&#8217;expression cr\u00e9atives que dans un \u00e9tat normal nous n&#8217;aurions jamais eu le courage d\u2019essayer&#8221;<\/em><\/strong><\/p>\n<p><strong>Exposition organis\u00e9e sur Pinterest<br \/>\n<\/strong>Pinterest est une excellente plate-forme pour afficher vos collections et exp\u00e9rimenter des associations et des connexions souvent difficiles dans le monde r\u00e9el, pour des probl\u00e8mes de logistique ou de conservation. Jetez un \u0153il aux incroyables explorations visuelles mises en place par le J. Paul Getty Museum sur leur profil, avec des pi\u00e8ces de leurs collections ainsi que du monde entier. Nous vous sugg\u00e9rons de commencer <a href=\"https:\/\/www.pinterest.it\/gettymuseum\/say-cheese\/\">par celui-ci<\/a>!<\/p>\n<p><strong>Fils Twitter<br \/>\n<\/strong>Aucun mus\u00e9e ne peut mieux illustrer les opportunit\u00e9s offertes par Twitter en termes de port\u00e9e et d&#8217;engagement du public que le Museum of English Rural Life (MERL). Apr\u00e8s \u00eatre devenu viral avec son fil \u00ab<a href=\"https:\/\/merl.reading.ac.uk\/news-and-views\/2018\/04\/history-behind-absolute-unit\/\">Look at this Absolut Unit<\/a>\u00bb, le mus\u00e9e continue d&#8217;utiliser Twitter pour promouvoir sa collection d&#8217;une mani\u00e8re pleine d&#8217;esprit et engageante.<\/p>\n<p>Les fils Twitter peuvent vraiment booster votre narration: <a href=\"https:\/\/twitter.com\/IcomOfficiel\/status\/1235882721592913920\">nous avons r\u00e9cemment essay\u00e9<\/a> lors de la Journ\u00e9e internationale des Femmes, donnant \u00e0 notre public un petit aper\u00e7u du travail de Margaret M. Brayton, une pionni\u00e8re de #FemmesDansLesMus\u00e9es<\/p>\n<p><img loading=\"lazy\" decoding=\"async\" class=\"aligncenter size-full wp-image-37200\" src=\"https:\/\/icom.museum\/wp-content\/uploads\/2020\/03\/Merl-Thread-2.jpg\" alt=\"\" width=\"576\" height=\"616\" srcset=\"https:\/\/icom.museum\/wp-content\/uploads\/2020\/03\/Merl-Thread-2.jpg 576w, https:\/\/icom.museum\/wp-content\/uploads\/2020\/03\/Merl-Thread-2-281x300.jpg 281w\" sizes=\"auto, (max-width: 576px) 100vw, 576px\" \/><\/p>\n<p><strong>Podcasts<br \/>\n<\/strong>Les podcasts sont une tendance \u00e0 la hausse dans le monde des mus\u00e9es. Ils sont pas chers, tr\u00e8s diversifi\u00e9s et peuvent \u00eatre facilement appr\u00e9ci\u00e9s pendant nos trajets quotidiens ou pour vous tenir compagnie au travail ou en quarantaine \u00e0 la maison! Vous pouvez les utiliser pour explorer vos collections, discuter avec des invit\u00e9s ou donner une nouvelle perspective sur le travail du mus\u00e9e. Pour quelques exemples inspirants, jetez un \u0153il \u00e0 <a href=\"https:\/\/medium.com\/@hannah_rfh\/21-podcasts-about-glam-work-to-inspire-and-inform-your-practice-57cff2dd6adb\">cette liste de podcasts<\/a> par et sur les mus\u00e9es et GLAM.<\/p>\n<h2 class=\"headline\">Engagez votre public avec des hashtags et des concours de m\u00e9dias sociaux<\/h2>\n<p><strong>Racontez une histoire avec des hashtags<br \/>\n<\/strong>Les hashtags sont des agr\u00e9gateurs de contenu: vous pouvez les utiliser pour inviter votre public \u00e0 suivre une histoire ou une s\u00e9rie de posts, en se concentrant sur un sujet sp\u00e9cifique. Suite \u00e0 la fermeture forc\u00e9e des mus\u00e9es, de nombreuses institutions italiennes se sont tourn\u00e9es vers les r\u00e9seaux sociaux pour rester accessibles aux visiteurs. \u00c0 Milan, la Pinacoteca di Brera a commenc\u00e9 une s\u00e9rie intitul\u00e9e <a href=\"https:\/\/pinacotecabrera.org\/media\/appunti-per-una-resistenza-culturale-1\/\">#ResistenzaCulturale<\/a> dont le but est d&#8217;amener le mus\u00e9e au domicile du spectateur avec des histoires personnelles et des looks en coulisses, un projet similaire \u00e0 <a href=\"https:\/\/www.museoscienza.org\/it\/storieaportechiuse\">#storieaportechiuse<\/a> du Mus\u00e9e national des sciences et de la technologie Leonardo da Vinci.<\/p>\n<p><img loading=\"lazy\" decoding=\"async\" class=\"aligncenter size-full wp-image-37197\" src=\"https:\/\/icom.museum\/wp-content\/uploads\/2020\/03\/Museo-Scienza-Milano-1.jpg\" alt=\"\" width=\"648\" height=\"512\" srcset=\"https:\/\/icom.museum\/wp-content\/uploads\/2020\/03\/Museo-Scienza-Milano-1.jpg 648w, https:\/\/icom.museum\/wp-content\/uploads\/2020\/03\/Museo-Scienza-Milano-1-300x237.jpg 300w\" sizes=\"auto, (max-width: 648px) 100vw, 648px\" \/><\/p>\n<p><strong>Encouragez \u00e0 partager!<br \/>\n<\/strong>Avec notre r\u00e9cente campagne #FemmesDansLesMus\u00e9es, nous avons encourag\u00e9 les professionnels et les institutions du monde entier \u00e0 raconter le r\u00f4le des femmes dans le monde des mus\u00e9es. Le r\u00e9sultat a \u00e9t\u00e9 exceptionnel, avec des mus\u00e9es et des professionnels qui ont partag\u00e9 les contributions fondamentales des femmes au monde de la culture.<strong><img loading=\"lazy\" decoding=\"async\" class=\"aligncenter size-full wp-image-37176\" src=\"https:\/\/icom.museum\/wp-content\/uploads\/2020\/03\/Womeninmuseums.jpg\" alt=\"\" width=\"806\" height=\"532\" srcset=\"https:\/\/icom.museum\/wp-content\/uploads\/2020\/03\/Womeninmuseums.jpg 806w, https:\/\/icom.museum\/wp-content\/uploads\/2020\/03\/Womeninmuseums-300x198.jpg 300w, https:\/\/icom.museum\/wp-content\/uploads\/2020\/03\/Womeninmuseums-768x507.jpg 768w\" sizes=\"auto, (max-width: 806px) 100vw, 806px\" \/><\/strong><\/p>\n<p><strong>Quiz et concours<\/strong><br \/>\nLes quiz sont une id\u00e9e rentable pour combiner le partage d&#8217;informations et l&#8217;engagement du public. Consultez <a href=\"https:\/\/twitter.com\/HistoriaNG\/status\/1235914834409066498\">ce fil de discussion<\/a> de Frida Kahlo par National Geographic Espagne pour un m\u00e9lange de quiz d&#8217;histoire de l&#8217;art et de culture populaire.<\/p>\n<p>Enfin, les concours sont une mani\u00e8re amusante d&#8217;encourager votre public \u00e0 s&#8217;engager dans les collections et les expositions du mus\u00e9e et \u00e0 les r\u00e9interpr\u00e9ter avec une touche personnelle. Et ils fonctionnent encore mieux avec une politique d&#8217;acc\u00e8s ouvert! Regardez <a href=\"https:\/\/www.themorgan.org\/instagram-competition\">c&#8217;est ce qu&#8217;a fait le Morgan Museum &amp; Library<\/a> lors de l&#8217;exposition Drawn to Greatness: Master Drawings from the Thaw Collection.<\/p>\n<p><img loading=\"lazy\" decoding=\"async\" class=\"aligncenter size-large wp-image-37182\" src=\"https:\/\/icom.museum\/wp-content\/uploads\/2020\/03\/Redon-Meme-with-Title-888x1024.jpg\" alt=\"\" width=\"888\" height=\"1024\" srcset=\"https:\/\/icom.museum\/wp-content\/uploads\/2020\/03\/Redon-Meme-with-Title-888x1024.jpg 888w, https:\/\/icom.museum\/wp-content\/uploads\/2020\/03\/Redon-Meme-with-Title-260x300.jpg 260w, https:\/\/icom.museum\/wp-content\/uploads\/2020\/03\/Redon-Meme-with-Title-768x886.jpg 768w, https:\/\/icom.museum\/wp-content\/uploads\/2020\/03\/Redon-Meme-with-Title.jpg 1000w\" sizes=\"auto, (max-width: 888px) 100vw, 888px\" \/><\/p>\n<p><strong>Nous esp\u00e9rons que ces conseils peuvent \u00eatre utiles pour surmonter ces moments difficiles et pour atteindre votre public directement chez eux. Et n&#8217;oubliez pas de vous amuser en le faisant!<\/strong><\/p>\n<p>&nbsp;<\/p>\n","protected":false},"excerpt":{"rendered":"<p>L&#8217;\u00e9pid\u00e9mie en cours de COVID-19 a provoqu\u00e9 de l\u2019anxi\u00e9t\u00e9 et des mesures de quarantaine g\u00e9n\u00e9ralis\u00e9es dans diff\u00e9rents pays du monde. Les gens restent chez eux pour limiter la propagation de la maladie et des lieux qui normalement rassemblent de grandes foules, y compris les mus\u00e9es, ont ferm\u00e9 leurs portes. Bien que cet isolement forc\u00e9 limite [&hellip;]<\/p>\n","protected":false},"author":3334,"featured_media":0,"parent":37725,"menu_order":0,"comment_status":"closed","ping_status":"closed","template":"","meta":{"_acf_changed":false,"inline_featured_image":false,"footnotes":""},"class_list":["post-37480","page","type-page","status-publish","hentry"],"acf":[],"yoast_head":"<!-- This site is optimized with the Yoast SEO plugin v27.5 - https:\/\/yoast.com\/product\/yoast-seo-wordpress\/ -->\n<title>Comment atteindre votre public \u00e0 distance - International Council of Museums<\/title>\n<meta name=\"robots\" content=\"index, follow, max-snippet:-1, max-image-preview:large, max-video-preview:-1\" \/>\n<link rel=\"canonical\" href=\"https:\/\/icom.museum\/fr\/covid-19\/ressources\/comment-atteindre-votre-public-a-distance\/\" \/>\n<meta property=\"og:locale\" content=\"fr_FR\" \/>\n<meta property=\"og:type\" content=\"article\" \/>\n<meta property=\"og:title\" content=\"Comment atteindre votre public \u00e0 distance - International Council of Museums\" \/>\n<meta property=\"og:description\" content=\"L&#8217;\u00e9pid\u00e9mie en cours de COVID-19 a provoqu\u00e9 de l\u2019anxi\u00e9t\u00e9 et des mesures de quarantaine g\u00e9n\u00e9ralis\u00e9es dans diff\u00e9rents pays du monde. Les gens restent chez eux pour limiter la propagation de la maladie et des lieux qui normalement rassemblent de grandes foules, y compris les mus\u00e9es, ont ferm\u00e9 leurs portes. Bien que cet isolement forc\u00e9 limite [&hellip;]\" \/>\n<meta property=\"og:url\" content=\"https:\/\/icom.museum\/fr\/covid-19\/ressources\/comment-atteindre-votre-public-a-distance\/\" \/>\n<meta property=\"og:site_name\" content=\"International Council of Museums\" \/>\n<meta property=\"og:image\" content=\"https:\/\/icom.museum\/wp-content\/uploads\/2020\/03\/unnamed.jpg\" \/>\n\t<meta property=\"og:image:width\" content=\"672\" \/>\n\t<meta property=\"og:image:height\" content=\"393\" \/>\n\t<meta property=\"og:image:type\" content=\"image\/jpeg\" \/>\n<meta name=\"twitter:card\" content=\"summary_large_image\" \/>\n<meta name=\"twitter:label1\" content=\"Dur\u00e9e de lecture estim\u00e9e\" \/>\n\t<meta name=\"twitter:data1\" content=\"6 minutes\" \/>\n<script type=\"application\/ld+json\" class=\"yoast-schema-graph\">{\"@context\":\"https:\\\/\\\/schema.org\",\"@graph\":[{\"@type\":\"WebPage\",\"@id\":\"https:\\\/\\\/icom.museum\\\/fr\\\/covid-19\\\/ressources\\\/comment-atteindre-votre-public-a-distance\\\/\",\"url\":\"https:\\\/\\\/icom.museum\\\/fr\\\/covid-19\\\/ressources\\\/comment-atteindre-votre-public-a-distance\\\/\",\"name\":\"Comment atteindre votre public \u00e0 distance - International Council of Museums\",\"isPartOf\":{\"@id\":\"https:\\\/\\\/icom.museum\\\/en\\\/#website\"},\"primaryImageOfPage\":{\"@id\":\"https:\\\/\\\/icom.museum\\\/fr\\\/covid-19\\\/ressources\\\/comment-atteindre-votre-public-a-distance\\\/#primaryimage\"},\"image\":{\"@id\":\"https:\\\/\\\/icom.museum\\\/fr\\\/covid-19\\\/ressources\\\/comment-atteindre-votre-public-a-distance\\\/#primaryimage\"},\"thumbnailUrl\":\"https:\\\/\\\/icom.museum\\\/wp-content\\\/uploads\\\/2020\\\/03\\\/unnamed.jpg\",\"datePublished\":\"2020-04-10T11:27:09+00:00\",\"breadcrumb\":{\"@id\":\"https:\\\/\\\/icom.museum\\\/fr\\\/covid-19\\\/ressources\\\/comment-atteindre-votre-public-a-distance\\\/#breadcrumb\"},\"inLanguage\":\"fr-FR\",\"potentialAction\":[{\"@type\":\"ReadAction\",\"target\":[\"https:\\\/\\\/icom.museum\\\/fr\\\/covid-19\\\/ressources\\\/comment-atteindre-votre-public-a-distance\\\/\"]}]},{\"@type\":\"ImageObject\",\"inLanguage\":\"fr-FR\",\"@id\":\"https:\\\/\\\/icom.museum\\\/fr\\\/covid-19\\\/ressources\\\/comment-atteindre-votre-public-a-distance\\\/#primaryimage\",\"url\":\"https:\\\/\\\/icom.museum\\\/wp-content\\\/uploads\\\/2020\\\/03\\\/unnamed.jpg\",\"contentUrl\":\"https:\\\/\\\/icom.museum\\\/wp-content\\\/uploads\\\/2020\\\/03\\\/unnamed.jpg\"},{\"@type\":\"BreadcrumbList\",\"@id\":\"https:\\\/\\\/icom.museum\\\/fr\\\/covid-19\\\/ressources\\\/comment-atteindre-votre-public-a-distance\\\/#breadcrumb\",\"itemListElement\":[{\"@type\":\"ListItem\",\"position\":1,\"name\":\"Home\",\"item\":\"https:\\\/\\\/icom.museum\\\/fr\\\/\"},{\"@type\":\"ListItem\",\"position\":2,\"name\":\"COVID-19\",\"item\":\"https:\\\/\\\/icom.museum\\\/fr\\\/covid-19\\\/\"},{\"@type\":\"ListItem\",\"position\":3,\"name\":\"Recommandations\",\"item\":\"https:\\\/\\\/icom.museum\\\/fr\\\/covid-19\\\/ressources\\\/\"},{\"@type\":\"ListItem\",\"position\":4,\"name\":\"Comment atteindre votre public \u00e0 distance\"}]},{\"@type\":\"WebSite\",\"@id\":\"https:\\\/\\\/icom.museum\\\/en\\\/#website\",\"url\":\"https:\\\/\\\/icom.museum\\\/en\\\/\",\"name\":\"International Council of Museums\",\"description\":\"A global organisation of museums &amp; museum professionals committed to the promotion and protection of cultural heritage\",\"publisher\":{\"@id\":\"https:\\\/\\\/icom.museum\\\/en\\\/#organization\"},\"potentialAction\":[{\"@type\":\"SearchAction\",\"target\":{\"@type\":\"EntryPoint\",\"urlTemplate\":\"https:\\\/\\\/icom.museum\\\/en\\\/?s={search_term_string}\"},\"query-input\":{\"@type\":\"PropertyValueSpecification\",\"valueRequired\":true,\"valueName\":\"search_term_string\"}}],\"inLanguage\":\"fr-FR\"},{\"@type\":\"Organization\",\"@id\":\"https:\\\/\\\/icom.museum\\\/en\\\/#organization\",\"name\":\"International Council of Museums\",\"url\":\"https:\\\/\\\/icom.museum\\\/en\\\/\",\"logo\":{\"@type\":\"ImageObject\",\"inLanguage\":\"fr-FR\",\"@id\":\"https:\\\/\\\/icom.museum\\\/en\\\/#\\\/schema\\\/logo\\\/image\\\/\",\"url\":\"https:\\\/\\\/icom.museum\\\/wp-content\\\/uploads\\\/2018\\\/07\\\/ICOM_M_.jpg\",\"contentUrl\":\"https:\\\/\\\/icom.museum\\\/wp-content\\\/uploads\\\/2018\\\/07\\\/ICOM_M_.jpg\",\"width\":1721,\"height\":1721,\"caption\":\"International Council of Museums\"},\"image\":{\"@id\":\"https:\\\/\\\/icom.museum\\\/en\\\/#\\\/schema\\\/logo\\\/image\\\/\"}}]}<\/script>\n<!-- \/ Yoast SEO plugin. -->","yoast_head_json":{"title":"Comment atteindre votre public \u00e0 distance - International Council of Museums","robots":{"index":"index","follow":"follow","max-snippet":"max-snippet:-1","max-image-preview":"max-image-preview:large","max-video-preview":"max-video-preview:-1"},"canonical":"https:\/\/icom.museum\/fr\/covid-19\/ressources\/comment-atteindre-votre-public-a-distance\/","og_locale":"fr_FR","og_type":"article","og_title":"Comment atteindre votre public \u00e0 distance - International Council of Museums","og_description":"L&#8217;\u00e9pid\u00e9mie en cours de COVID-19 a provoqu\u00e9 de l\u2019anxi\u00e9t\u00e9 et des mesures de quarantaine g\u00e9n\u00e9ralis\u00e9es dans diff\u00e9rents pays du monde. Les gens restent chez eux pour limiter la propagation de la maladie et des lieux qui normalement rassemblent de grandes foules, y compris les mus\u00e9es, ont ferm\u00e9 leurs portes. Bien que cet isolement forc\u00e9 limite [&hellip;]","og_url":"https:\/\/icom.museum\/fr\/covid-19\/ressources\/comment-atteindre-votre-public-a-distance\/","og_site_name":"International Council of Museums","og_image":[{"width":672,"height":393,"url":"https:\/\/icom.museum\/wp-content\/uploads\/2020\/03\/unnamed.jpg","type":"image\/jpeg"}],"twitter_card":"summary_large_image","twitter_misc":{"Dur\u00e9e de lecture estim\u00e9e":"6 minutes"},"schema":{"@context":"https:\/\/schema.org","@graph":[{"@type":"WebPage","@id":"https:\/\/icom.museum\/fr\/covid-19\/ressources\/comment-atteindre-votre-public-a-distance\/","url":"https:\/\/icom.museum\/fr\/covid-19\/ressources\/comment-atteindre-votre-public-a-distance\/","name":"Comment atteindre votre public \u00e0 distance - International Council of Museums","isPartOf":{"@id":"https:\/\/icom.museum\/en\/#website"},"primaryImageOfPage":{"@id":"https:\/\/icom.museum\/fr\/covid-19\/ressources\/comment-atteindre-votre-public-a-distance\/#primaryimage"},"image":{"@id":"https:\/\/icom.museum\/fr\/covid-19\/ressources\/comment-atteindre-votre-public-a-distance\/#primaryimage"},"thumbnailUrl":"https:\/\/icom.museum\/wp-content\/uploads\/2020\/03\/unnamed.jpg","datePublished":"2020-04-10T11:27:09+00:00","breadcrumb":{"@id":"https:\/\/icom.museum\/fr\/covid-19\/ressources\/comment-atteindre-votre-public-a-distance\/#breadcrumb"},"inLanguage":"fr-FR","potentialAction":[{"@type":"ReadAction","target":["https:\/\/icom.museum\/fr\/covid-19\/ressources\/comment-atteindre-votre-public-a-distance\/"]}]},{"@type":"ImageObject","inLanguage":"fr-FR","@id":"https:\/\/icom.museum\/fr\/covid-19\/ressources\/comment-atteindre-votre-public-a-distance\/#primaryimage","url":"https:\/\/icom.museum\/wp-content\/uploads\/2020\/03\/unnamed.jpg","contentUrl":"https:\/\/icom.museum\/wp-content\/uploads\/2020\/03\/unnamed.jpg"},{"@type":"BreadcrumbList","@id":"https:\/\/icom.museum\/fr\/covid-19\/ressources\/comment-atteindre-votre-public-a-distance\/#breadcrumb","itemListElement":[{"@type":"ListItem","position":1,"name":"Home","item":"https:\/\/icom.museum\/fr\/"},{"@type":"ListItem","position":2,"name":"COVID-19","item":"https:\/\/icom.museum\/fr\/covid-19\/"},{"@type":"ListItem","position":3,"name":"Recommandations","item":"https:\/\/icom.museum\/fr\/covid-19\/ressources\/"},{"@type":"ListItem","position":4,"name":"Comment atteindre votre public \u00e0 distance"}]},{"@type":"WebSite","@id":"https:\/\/icom.museum\/en\/#website","url":"https:\/\/icom.museum\/en\/","name":"International Council of Museums","description":"A global organisation of museums &amp; museum professionals committed to the promotion and protection of cultural heritage","publisher":{"@id":"https:\/\/icom.museum\/en\/#organization"},"potentialAction":[{"@type":"SearchAction","target":{"@type":"EntryPoint","urlTemplate":"https:\/\/icom.museum\/en\/?s={search_term_string}"},"query-input":{"@type":"PropertyValueSpecification","valueRequired":true,"valueName":"search_term_string"}}],"inLanguage":"fr-FR"},{"@type":"Organization","@id":"https:\/\/icom.museum\/en\/#organization","name":"International Council of Museums","url":"https:\/\/icom.museum\/en\/","logo":{"@type":"ImageObject","inLanguage":"fr-FR","@id":"https:\/\/icom.museum\/en\/#\/schema\/logo\/image\/","url":"https:\/\/icom.museum\/wp-content\/uploads\/2018\/07\/ICOM_M_.jpg","contentUrl":"https:\/\/icom.museum\/wp-content\/uploads\/2018\/07\/ICOM_M_.jpg","width":1721,"height":1721,"caption":"International Council of Museums"},"image":{"@id":"https:\/\/icom.museum\/en\/#\/schema\/logo\/image\/"}}]}},"_links":{"self":[{"href":"https:\/\/icom.museum\/fr\/wp-json\/wp\/v2\/pages\/37480","targetHints":{"allow":["GET"]}}],"collection":[{"href":"https:\/\/icom.museum\/fr\/wp-json\/wp\/v2\/pages"}],"about":[{"href":"https:\/\/icom.museum\/fr\/wp-json\/wp\/v2\/types\/page"}],"author":[{"embeddable":true,"href":"https:\/\/icom.museum\/fr\/wp-json\/wp\/v2\/users\/3334"}],"replies":[{"embeddable":true,"href":"https:\/\/icom.museum\/fr\/wp-json\/wp\/v2\/comments?post=37480"}],"version-history":[{"count":2,"href":"https:\/\/icom.museum\/fr\/wp-json\/wp\/v2\/pages\/37480\/revisions"}],"predecessor-version":[{"id":37484,"href":"https:\/\/icom.museum\/fr\/wp-json\/wp\/v2\/pages\/37480\/revisions\/37484"}],"up":[{"embeddable":true,"href":"https:\/\/icom.museum\/fr\/wp-json\/wp\/v2\/pages\/37725"}],"wp:attachment":[{"href":"https:\/\/icom.museum\/fr\/wp-json\/wp\/v2\/media?parent=37480"}],"curies":[{"name":"wp","href":"https:\/\/api.w.org\/{rel}","templated":true}]}}