{"id":37500,"date":"2020-04-10T13:42:41","date_gmt":"2020-04-10T11:42:41","guid":{"rendered":"https:\/\/icom.museum\/?page_id=37500"},"modified":"2020-06-23T17:57:49","modified_gmt":"2020-06-23T15:57:49","slug":"icom-ocde-webinaire-impact-innovations-et-planification-pour-lapres-crise","status":"publish","type":"page","link":"https:\/\/icom.museum\/fr\/covid-19\/webinaires\/icom-ocde-webinaire-impact-innovations-et-planification-pour-lapres-crise\/","title":{"rendered":"ICOM | OCDE Webinaire: impact, innovations et planification pour l\u2019apr\u00e8s-crise"},"content":{"rendered":"<h3><span style=\"color: #474747; font-family: Georgia; font-size: 15px;\">Avec l\u2019industrie du tourisme, les secteurs culturel et de la cr\u00e9ation sont parmi les plus touch\u00e9s par la crise actuelle du Coronavirus (COVID-19). Le context est particuli\u00e8rement critique pour les secteurs culturels et de la cr\u00e9ation en raison de la rupture soudaine et massive des opportunit\u00e9s de revenus, en particulier pour les acteurs les plus fragiles. <\/span><\/h3>\n<p><span style=\"color: #474747; font-family: Georgia; font-size: 15px;\">Certaines parties b\u00e9n\u00e9ficient de soutiens publics (par exemple, les mus\u00e9es publics, les biblioth\u00e8ques et les th\u00e9\u00e2tres) mais peuvent conna\u00eetre des d\u00e9ficits budg\u00e9taires importants. Le secteur comprend de grandes multinationales ayant des revenus durables (par exemple, Netflix) : en revanche, des nombreuses petites entreprises et des professionnels ind\u00e9pendants, essentiels pour le secteur, pourraient faire faillite. Cette crise constitue une menace structurelle pour la survie de nombreuses entreprises et de nombreux travailleurs de la production culturelle et cr\u00e9ative.<\/span><\/p>\n<p>Aujourd\u2019hui plus que jamais, l\u2019importance de la culture et de la cr\u00e9ativit\u00e9 pour la soci\u00e9t\u00e9 est \u00e9vidente. La disponibilit\u00e9 de contenus culturels contribue \u00e0 la sant\u00e9 mentale et au bien-\u00eatre, et de nombreuses institutions culturelles ont fourni des contenus en ligne et gratuits ces derni\u00e8res semaines \u00e0 cette fin. Des mod\u00e8les commerciaux durables pendant et apr\u00e8s la crise initiale sont indispensables \u00e0 la survie du secteur. Laisser de c\u00f4t\u00e9 la partie la plus fragile du secteur pourrait causer des dommages \u00e9conomiques et sociaux irr\u00e9parables. Le d\u00e9fi actuel consiste \u00e0 concevoir des soutiens publics qui att\u00e9nuent les impacts n\u00e9gatifs \u00e0 court terme et aident \u00e0 identifier de nouvelles opportunit\u00e9s \u00e0 moyen terme pour les diff\u00e9rents acteurs publics, priv\u00e9s et \u00e0 but non lucratif actifs dans la production culturelle et cr\u00e9ative.<\/p>\n<p><strong>Ce webinaire, co-organis\u00e9 avec l\u2019OCDE, a reunit des repr\u00e9sentants de la communaut\u00e9 des mus\u00e9es et des gouvernements locaux et nationaux pour faire le point :<\/strong><\/p>\n<ul>\n<li>Les impacts \u00e0 court et long terme de la crise actuelle sur les mus\u00e9es<\/li>\n<li>Les solutions innovantes mises en place par les mus\u00e9es dans les diff\u00e9rents pays<\/li>\n<li>Les mesures mises en place par les gouvernements nationaux et locaux pour att\u00e9nuer les effets \u00e0 court et \u00e0 long terme de la crise sur les mus\u00e9es et leurs \u00e9cosyst\u00e8mes au sens large. Que reste-t-il \u00e0 faire ?<\/li>\n<\/ul>\n<div class=\"separator\">\n<p>Regardez le webinaire<\/p>\n<\/div>\n<p><iframe loading=\"lazy\" title=\"OECD webinar: COVID-19 and museums. Impact, innovations and planning for post-crisis.\" width=\"500\" height=\"281\" src=\"https:\/\/www.youtube.com\/embed\/PIo_8VWMU6o?start=23&#038;feature=oembed\" frameborder=\"0\" allow=\"accelerometer; autoplay; clipboard-write; encrypted-media; gyroscope; picture-in-picture; web-share\" referrerpolicy=\"strict-origin-when-cross-origin\" allowfullscreen><\/iframe><\/p>\n<p>&nbsp;<\/p>\n<div class=\"separator\">\n<p>INTERVENANTS<\/p>\n<\/div>\n<ul>\n<li><strong>Mattia AGNETTI<\/strong>\u00a0Secr\u00e9taire ex\u00e9cutif, Fondazione Musei Civici di Venezia (MUVE), Italie<\/li>\n<li><strong>Natalie BONDIL<\/strong>\u00a0Directrice g\u00e9n\u00e9rale et conservatrice en chef, Mus\u00e9e des Beaux-Arts de Montr\u00e9al, Canada<\/li>\n<li><strong>Inkyung CHANG<\/strong>\u00a0Directrice et\u00a0 fondatrice du Mus\u00e9e du fer, R\u00e9publique de Cor\u00e9e<\/li>\n<li><strong>John DAVIES<\/strong>\u00a0Chercheur \u00e9conomique, Economie cr\u00e9ative et analyse des donn\u00e9es, nesta<\/li>\n<li><strong>Peter KELLER<\/strong>\u00a0Directeur g\u00e9n\u00e9ral, ICOM<\/li>\n<li><strong>Antonio LAMPIS<\/strong>\u00a0Directeur g\u00e9n\u00e9ral des mus\u00e9es, minist\u00e8re italien du patrimoine culturel et du tourisme (MIBACT)<\/li>\n<li><strong>Joan ROCA<\/strong>\u00a0Directeur, Mus\u00e9e d\u2019histoire de Barcelone (MUHBA), Espagne<\/li>\n<li><strong>Ekaterina TRAVKINA<\/strong>\u00a0Coordinatrice \u2013 Culture, industries cr\u00e9atives et d\u00e9veloppement local, OCDE<\/li>\n<\/ul>\n<p>&nbsp;<\/p>\n<p><img loading=\"lazy\" decoding=\"async\" class=\"aligncenter size-large wp-image-37432\" src=\"https:\/\/icom.museum\/wp-content\/uploads\/2020\/03\/Peter-Keller-quote-1024x512.jpg\" sizes=\"(max-width: 1024px) 100vw, 1024px\" srcset=\"https:\/\/icom.museum\/wp-content\/uploads\/2020\/03\/Peter-Keller-quote.jpg 1024w, https:\/\/icom.museum\/wp-content\/uploads\/2020\/03\/Peter-Keller-quote-300x150.jpg 300w, https:\/\/icom.museum\/wp-content\/uploads\/2020\/03\/Peter-Keller-quote-768x384.jpg 768w\" alt=\"\" width=\"1024\" height=\"512\" \/><\/p>\n","protected":false},"excerpt":{"rendered":"<p>Avec l\u2019industrie du tourisme, les secteurs culturel et de la cr\u00e9ation sont parmi les plus touch\u00e9s par la crise actuelle du Coronavirus (COVID-19). Le context est particuli\u00e8rement critique pour les secteurs culturels et de la cr\u00e9ation en raison de la rupture soudaine et massive des opportunit\u00e9s de revenus, en particulier pour les acteurs les plus [&hellip;]<\/p>\n","protected":false},"author":3334,"featured_media":0,"parent":39043,"menu_order":0,"comment_status":"closed","ping_status":"closed","template":"","meta":{"inline_featured_image":false,"footnotes":""},"class_list":["post-37500","page","type-page","status-publish","hentry"],"acf":[],"yoast_head":"<!-- This site is optimized with the Yoast SEO plugin v23.7 - https:\/\/yoast.com\/wordpress\/plugins\/seo\/ -->\n<title>ICOM | OCDE Webinaire: impact, innovations et planification pour l\u2019apr\u00e8s-crise - International Council of Museums<\/title>\n<meta name=\"robots\" content=\"index, follow, max-snippet:-1, max-image-preview:large, max-video-preview:-1\" \/>\n<link rel=\"canonical\" href=\"https:\/\/icom.museum\/fr\/covid-19\/webinaires\/icom-ocde-webinaire-impact-innovations-et-planification-pour-lapres-crise\/\" \/>\n<meta property=\"og:locale\" content=\"fr_FR\" \/>\n<meta property=\"og:type\" content=\"article\" \/>\n<meta property=\"og:title\" content=\"ICOM | OCDE Webinaire: impact, innovations et planification pour l\u2019apr\u00e8s-crise - International Council of Museums\" \/>\n<meta property=\"og:description\" content=\"Avec l\u2019industrie du tourisme, les secteurs culturel et de la cr\u00e9ation sont parmi les plus touch\u00e9s par la crise actuelle du Coronavirus (COVID-19). Le context est particuli\u00e8rement critique pour les secteurs culturels et de la cr\u00e9ation en raison de la rupture soudaine et massive des opportunit\u00e9s de revenus, en particulier pour les acteurs les plus [&hellip;]\" \/>\n<meta property=\"og:url\" content=\"https:\/\/icom.museum\/fr\/covid-19\/webinaires\/icom-ocde-webinaire-impact-innovations-et-planification-pour-lapres-crise\/\" \/>\n<meta property=\"og:site_name\" content=\"International Council of Museums\" \/>\n<meta property=\"article:modified_time\" content=\"2020-06-23T15:57:49+00:00\" \/>\n<meta property=\"og:image\" content=\"https:\/\/icom.museum\/wp-content\/uploads\/2020\/03\/Peter-Keller-quote.jpg\" \/>\n\t<meta property=\"og:image:width\" content=\"1024\" \/>\n\t<meta property=\"og:image:height\" content=\"512\" \/>\n\t<meta property=\"og:image:type\" content=\"image\/jpeg\" \/>\n<meta name=\"twitter:card\" content=\"summary_large_image\" \/>\n<meta name=\"twitter:label1\" content=\"Dur\u00e9e de lecture estim\u00e9e\" \/>\n\t<meta name=\"twitter:data1\" content=\"3 minutes\" \/>\n<script type=\"application\/ld+json\" class=\"yoast-schema-graph\">{\"@context\":\"https:\/\/schema.org\",\"@graph\":[{\"@type\":\"WebPage\",\"@id\":\"https:\/\/icom.museum\/fr\/covid-19\/webinaires\/icom-ocde-webinaire-impact-innovations-et-planification-pour-lapres-crise\/\",\"url\":\"https:\/\/icom.museum\/fr\/covid-19\/webinaires\/icom-ocde-webinaire-impact-innovations-et-planification-pour-lapres-crise\/\",\"name\":\"ICOM | OCDE Webinaire: impact, innovations et planification pour l\u2019apr\u00e8s-crise - International Council of Museums\",\"isPartOf\":{\"@id\":\"https:\/\/icom.museum\/en\/#website\"},\"primaryImageOfPage\":{\"@id\":\"https:\/\/icom.museum\/fr\/covid-19\/webinaires\/icom-ocde-webinaire-impact-innovations-et-planification-pour-lapres-crise\/#primaryimage\"},\"image\":{\"@id\":\"https:\/\/icom.museum\/fr\/covid-19\/webinaires\/icom-ocde-webinaire-impact-innovations-et-planification-pour-lapres-crise\/#primaryimage\"},\"thumbnailUrl\":\"https:\/\/icom.museum\/wp-content\/uploads\/2020\/03\/Peter-Keller-quote-1024x512.jpg\",\"datePublished\":\"2020-04-10T11:42:41+00:00\",\"dateModified\":\"2020-06-23T15:57:49+00:00\",\"breadcrumb\":{\"@id\":\"https:\/\/icom.museum\/fr\/covid-19\/webinaires\/icom-ocde-webinaire-impact-innovations-et-planification-pour-lapres-crise\/#breadcrumb\"},\"inLanguage\":\"fr-FR\",\"potentialAction\":[{\"@type\":\"ReadAction\",\"target\":[\"https:\/\/icom.museum\/fr\/covid-19\/webinaires\/icom-ocde-webinaire-impact-innovations-et-planification-pour-lapres-crise\/\"]}]},{\"@type\":\"ImageObject\",\"inLanguage\":\"fr-FR\",\"@id\":\"https:\/\/icom.museum\/fr\/covid-19\/webinaires\/icom-ocde-webinaire-impact-innovations-et-planification-pour-lapres-crise\/#primaryimage\",\"url\":\"https:\/\/icom.museum\/wp-content\/uploads\/2020\/03\/Peter-Keller-quote-1024x512.jpg\",\"contentUrl\":\"https:\/\/icom.museum\/wp-content\/uploads\/2020\/03\/Peter-Keller-quote-1024x512.jpg\"},{\"@type\":\"BreadcrumbList\",\"@id\":\"https:\/\/icom.museum\/fr\/covid-19\/webinaires\/icom-ocde-webinaire-impact-innovations-et-planification-pour-lapres-crise\/#breadcrumb\",\"itemListElement\":[{\"@type\":\"ListItem\",\"position\":1,\"name\":\"Home\",\"item\":\"https:\/\/icom.museum\/fr\/\"},{\"@type\":\"ListItem\",\"position\":2,\"name\":\"COVID-19\",\"item\":\"https:\/\/icom.museum\/fr\/covid-19\/\"},{\"@type\":\"ListItem\",\"position\":3,\"name\":\"Webinaires\",\"item\":\"https:\/\/icom.museum\/fr\/covid-19\/webinaires\/\"},{\"@type\":\"ListItem\",\"position\":4,\"name\":\"ICOM | OCDE Webinaire: impact, innovations et planification pour l\u2019apr\u00e8s-crise\"}]},{\"@type\":\"WebSite\",\"@id\":\"https:\/\/icom.museum\/en\/#website\",\"url\":\"https:\/\/icom.museum\/en\/\",\"name\":\"International Council of Museums\",\"description\":\"A global organisation of museums &amp; museum professionals committed to the promotion and protection of cultural heritage\",\"publisher\":{\"@id\":\"https:\/\/icom.museum\/en\/#organization\"},\"potentialAction\":[{\"@type\":\"SearchAction\",\"target\":{\"@type\":\"EntryPoint\",\"urlTemplate\":\"https:\/\/icom.museum\/en\/?s={search_term_string}\"},\"query-input\":{\"@type\":\"PropertyValueSpecification\",\"valueRequired\":true,\"valueName\":\"search_term_string\"}}],\"inLanguage\":\"fr-FR\"},{\"@type\":\"Organization\",\"@id\":\"https:\/\/icom.museum\/en\/#organization\",\"name\":\"International Council of Museums\",\"url\":\"https:\/\/icom.museum\/en\/\",\"logo\":{\"@type\":\"ImageObject\",\"inLanguage\":\"fr-FR\",\"@id\":\"https:\/\/icom.museum\/en\/#\/schema\/logo\/image\/\",\"url\":\"https:\/\/icom.museum\/wp-content\/uploads\/2018\/07\/ICOM_M_.jpg\",\"contentUrl\":\"https:\/\/icom.museum\/wp-content\/uploads\/2018\/07\/ICOM_M_.jpg\",\"width\":1721,\"height\":1721,\"caption\":\"International Council of Museums\"},\"image\":{\"@id\":\"https:\/\/icom.museum\/en\/#\/schema\/logo\/image\/\"}}]}<\/script>\n<!-- \/ Yoast SEO plugin. -->","yoast_head_json":{"title":"ICOM | OCDE Webinaire: impact, innovations et planification pour l\u2019apr\u00e8s-crise - International Council of Museums","robots":{"index":"index","follow":"follow","max-snippet":"max-snippet:-1","max-image-preview":"max-image-preview:large","max-video-preview":"max-video-preview:-1"},"canonical":"https:\/\/icom.museum\/fr\/covid-19\/webinaires\/icom-ocde-webinaire-impact-innovations-et-planification-pour-lapres-crise\/","og_locale":"fr_FR","og_type":"article","og_title":"ICOM | OCDE Webinaire: impact, innovations et planification pour l\u2019apr\u00e8s-crise - International Council of Museums","og_description":"Avec l\u2019industrie du tourisme, les secteurs culturel et de la cr\u00e9ation sont parmi les plus touch\u00e9s par la crise actuelle du Coronavirus (COVID-19). Le context est particuli\u00e8rement critique pour les secteurs culturels et de la cr\u00e9ation en raison de la rupture soudaine et massive des opportunit\u00e9s de revenus, en particulier pour les acteurs les plus [&hellip;]","og_url":"https:\/\/icom.museum\/fr\/covid-19\/webinaires\/icom-ocde-webinaire-impact-innovations-et-planification-pour-lapres-crise\/","og_site_name":"International Council of Museums","article_modified_time":"2020-06-23T15:57:49+00:00","og_image":[{"width":1024,"height":512,"url":"https:\/\/icom.museum\/wp-content\/uploads\/2020\/03\/Peter-Keller-quote.jpg","type":"image\/jpeg"}],"twitter_card":"summary_large_image","twitter_misc":{"Dur\u00e9e de lecture estim\u00e9e":"3 minutes"},"schema":{"@context":"https:\/\/schema.org","@graph":[{"@type":"WebPage","@id":"https:\/\/icom.museum\/fr\/covid-19\/webinaires\/icom-ocde-webinaire-impact-innovations-et-planification-pour-lapres-crise\/","url":"https:\/\/icom.museum\/fr\/covid-19\/webinaires\/icom-ocde-webinaire-impact-innovations-et-planification-pour-lapres-crise\/","name":"ICOM | OCDE Webinaire: impact, innovations et planification pour l\u2019apr\u00e8s-crise - International Council of Museums","isPartOf":{"@id":"https:\/\/icom.museum\/en\/#website"},"primaryImageOfPage":{"@id":"https:\/\/icom.museum\/fr\/covid-19\/webinaires\/icom-ocde-webinaire-impact-innovations-et-planification-pour-lapres-crise\/#primaryimage"},"image":{"@id":"https:\/\/icom.museum\/fr\/covid-19\/webinaires\/icom-ocde-webinaire-impact-innovations-et-planification-pour-lapres-crise\/#primaryimage"},"thumbnailUrl":"https:\/\/icom.museum\/wp-content\/uploads\/2020\/03\/Peter-Keller-quote-1024x512.jpg","datePublished":"2020-04-10T11:42:41+00:00","dateModified":"2020-06-23T15:57:49+00:00","breadcrumb":{"@id":"https:\/\/icom.museum\/fr\/covid-19\/webinaires\/icom-ocde-webinaire-impact-innovations-et-planification-pour-lapres-crise\/#breadcrumb"},"inLanguage":"fr-FR","potentialAction":[{"@type":"ReadAction","target":["https:\/\/icom.museum\/fr\/covid-19\/webinaires\/icom-ocde-webinaire-impact-innovations-et-planification-pour-lapres-crise\/"]}]},{"@type":"ImageObject","inLanguage":"fr-FR","@id":"https:\/\/icom.museum\/fr\/covid-19\/webinaires\/icom-ocde-webinaire-impact-innovations-et-planification-pour-lapres-crise\/#primaryimage","url":"https:\/\/icom.museum\/wp-content\/uploads\/2020\/03\/Peter-Keller-quote-1024x512.jpg","contentUrl":"https:\/\/icom.museum\/wp-content\/uploads\/2020\/03\/Peter-Keller-quote-1024x512.jpg"},{"@type":"BreadcrumbList","@id":"https:\/\/icom.museum\/fr\/covid-19\/webinaires\/icom-ocde-webinaire-impact-innovations-et-planification-pour-lapres-crise\/#breadcrumb","itemListElement":[{"@type":"ListItem","position":1,"name":"Home","item":"https:\/\/icom.museum\/fr\/"},{"@type":"ListItem","position":2,"name":"COVID-19","item":"https:\/\/icom.museum\/fr\/covid-19\/"},{"@type":"ListItem","position":3,"name":"Webinaires","item":"https:\/\/icom.museum\/fr\/covid-19\/webinaires\/"},{"@type":"ListItem","position":4,"name":"ICOM | OCDE Webinaire: impact, innovations et planification pour l\u2019apr\u00e8s-crise"}]},{"@type":"WebSite","@id":"https:\/\/icom.museum\/en\/#website","url":"https:\/\/icom.museum\/en\/","name":"International Council of Museums","description":"A global organisation of museums &amp; museum professionals committed to the promotion and protection of cultural heritage","publisher":{"@id":"https:\/\/icom.museum\/en\/#organization"},"potentialAction":[{"@type":"SearchAction","target":{"@type":"EntryPoint","urlTemplate":"https:\/\/icom.museum\/en\/?s={search_term_string}"},"query-input":{"@type":"PropertyValueSpecification","valueRequired":true,"valueName":"search_term_string"}}],"inLanguage":"fr-FR"},{"@type":"Organization","@id":"https:\/\/icom.museum\/en\/#organization","name":"International Council of Museums","url":"https:\/\/icom.museum\/en\/","logo":{"@type":"ImageObject","inLanguage":"fr-FR","@id":"https:\/\/icom.museum\/en\/#\/schema\/logo\/image\/","url":"https:\/\/icom.museum\/wp-content\/uploads\/2018\/07\/ICOM_M_.jpg","contentUrl":"https:\/\/icom.museum\/wp-content\/uploads\/2018\/07\/ICOM_M_.jpg","width":1721,"height":1721,"caption":"International Council of Museums"},"image":{"@id":"https:\/\/icom.museum\/en\/#\/schema\/logo\/image\/"}}]}},"_links":{"self":[{"href":"https:\/\/icom.museum\/fr\/wp-json\/wp\/v2\/pages\/37500"}],"collection":[{"href":"https:\/\/icom.museum\/fr\/wp-json\/wp\/v2\/pages"}],"about":[{"href":"https:\/\/icom.museum\/fr\/wp-json\/wp\/v2\/types\/page"}],"author":[{"embeddable":true,"href":"https:\/\/icom.museum\/fr\/wp-json\/wp\/v2\/users\/3334"}],"replies":[{"embeddable":true,"href":"https:\/\/icom.museum\/fr\/wp-json\/wp\/v2\/comments?post=37500"}],"version-history":[{"count":5,"href":"https:\/\/icom.museum\/fr\/wp-json\/wp\/v2\/pages\/37500\/revisions"}],"predecessor-version":[{"id":37564,"href":"https:\/\/icom.museum\/fr\/wp-json\/wp\/v2\/pages\/37500\/revisions\/37564"}],"up":[{"embeddable":true,"href":"https:\/\/icom.museum\/fr\/wp-json\/wp\/v2\/pages\/39043"}],"wp:attachment":[{"href":"https:\/\/icom.museum\/fr\/wp-json\/wp\/v2\/media?parent=37500"}],"curies":[{"name":"wp","href":"https:\/\/api.w.org\/{rel}","templated":true}]}}