{"id":37582,"date":"2020-04-14T17:01:41","date_gmt":"2020-04-14T15:01:41","guid":{"rendered":"https:\/\/icom.museum\/?page_id=37582"},"modified":"2020-05-26T18:11:52","modified_gmt":"2020-05-26T16:11:52","slug":"recommandations-pour-la-conservation","status":"publish","type":"page","link":"https:\/\/icom.museum\/fr\/covid-19\/ressources\/recommandations-pour-la-conservation\/","title":{"rendered":"Conservation des collections des mus\u00e9es"},"content":{"rendered":"<p class=\"p1\"><span class=\"s1\"><b>La pand\u00e9mie de COVID-19 impacte le secteur mus\u00e9al d\u2019une mani\u00e8re encore difficile \u00e0 pr\u00e9voir enti\u00e8rement, notamment en ce qui concerne les pertes \u00e9conomiques. Toutefois, \u00e0 ce jour, la fermeture forc\u00e9e et l&#8217;absence de la plupart du personnel peuvent d\u00e9j\u00e0 avoir de s\u00e9rieuses r\u00e9percussions sur la conservation et la s\u00e9curit\u00e9 des collections.<\/b><\/span><\/p>\n<p class=\"p3\"><span class=\"s1\">Sans n\u00e9gliger toutes les mesures n\u00e9cessaires pour contenir la propagation de la maladie, ainsi que celles visant \u00e0 garantir la s\u00e9curit\u00e9 de la population, les mus\u00e9es se doivent de remplir leur fonction premi\u00e8re de conservation du patrimoine mat\u00e9riel et immat\u00e9riel de l&#8217;humanit\u00e9.<\/span><\/p>\n<p class=\"p3\"><span class=\"s1\">Les institutions culturelles du monde entier font d\u00e9j\u00e0 preuve d&#8217;une grande r\u00e9silience et de beaucoup de cr\u00e9ativit\u00e9 en<\/span><span class=\"s2\"> <a href=\"https:\/\/icom.museum\/fr\/news\/comment-atteindre-et-engager-votre-public-a-distance\/\"><span class=\"s3\">communiquant \u00e0 distance<\/span><\/a><\/span><span class=\"s1\"> avec leurs publics. Pour les aider davantage en ces temps incertains, l\u2019ICOM a pr\u00e9par\u00e9, avec l&#8217;aide du <a href=\"http:\/\/www.icom-cc.org\/\"><span class=\"s4\">Comit\u00e9 international de l&#8217;ICOM pour la conservation<\/span><\/a> (ICOM-CC), une s\u00e9rie de recommandations sur la mani\u00e8re de g\u00e9rer la conservation en situation d&#8217;urgence, en mettant la s\u00e9curit\u00e9 des employ\u00e9s au centre des pr\u00e9occupations :<\/span><\/p>\n<p class=\"p4\"><span class=\"s1\"><i>Veuillez noter que ces recommandations ont \u00e9t\u00e9 r\u00e9dig\u00e9es le 4 avril 2020 <span lang=\"FR\">et actualis\u00e9es le 26 mai 2020<\/span>. <\/i><\/span><span class=\"s5\"><i>Elles tiennent compte des<\/i><\/span><span class=\"s1\"><i> lignes directrices sur la pr\u00e9vention de la propagation de COVID-19 <\/i><\/span><span class=\"s5\"><i>qui<\/i><\/span><span class=\"s1\"><i> sont continuellement mises \u00e0 jour. Consultez votre gouvernement local et votre institution, ainsi que l&#8217;<\/i><a href=\"https:\/\/www.who.int\/docs\/default-source\/coronaviruse\/advice-for-workplace-clean-19-03-2020.pdf\"><span class=\"s6\"><i>OMS<\/i><\/span><\/a><i>, pour obtenir les conseils les plus r\u00e9cents sur les comportements et les proc\u00e9dures de s\u00e9curit\u00e9.<\/i><\/span><\/p>\n<div class=\"separator\">\n<p class=\"p4\"><span class=\"s1\"><b>De mani\u00e8re g\u00e9n\u00e9rale<\/b><\/span><\/p>\n<\/div>\n<p>1. Les recommandations du monde entier encouragent les institutions publiques \u00e0 fermer jusqu\u2019\u00e0 ce que la menace du coronavirus ne soit plus un probl\u00e8me. <strong>Seul le personnel essentiel doit \u00eatre pr\u00e9sent dans votre institution.<\/strong> Il peut s\u2019agir de personnel de s\u00e9curit\u00e9, de techniciens et, occasionnellement, de conservateurs ou de responsables de collections. Pour les mus\u00e9es autoris\u00e9s \u00e0 rouvrir dans les pays o\u00f9 la situation le permet, nous avons publi\u00e9 des\u00a0<a href=\"\/?page_id=38505\">mesures de base<\/a> qui peuvent \u00eatre prises pour prot\u00e9ger la sant\u00e9 des visiteurs et du personnel.<\/p>\n<p>2. Pr\u00e9parer des listes de personnel qui seront en service r\u00e9gulier et d\u2019autres qui seront disponibles. <strong>\u00c9tablir des collaborations avec des mus\u00e9es voisins<\/strong> ou des institutions similaires pour effectuer le remplacement du personnel ou prendre les dispositions n\u00e9cessaires au cas o\u00f9 des membres du personnel d\u2019un mus\u00e9e seraient infect\u00e9s.<\/p>\n<p>3. La recherche sur la d\u00e9t\u00e9rioration du virus est en cours d&#8217;\u00e9laboration, les donn\u00e9es sont donc fond\u00e9es sur les r\u00e9sultats de la recherche sur les coronavirus humains ant\u00e9rieurs : le virus pourrait perdre la majeure partie de son pouvoir infectieux en six jours et l&#8217;ensemble de son caract\u00e8re infectieux en neuf jours \u00e0 temp\u00e9rature ambiante.<\/p>\n<p>4. <strong>Proc\u00e9der \u00e0 un nettoyage plus fr\u00e9quent des zones auxquelles les personnes ont acc\u00e8s quotidiennement.<\/strong><\/p>\n<p>5. Envisager de changer les filtres des syst\u00e8mes de chauffage, de ventilation et de climatisation. Si aucune installation de CVC n\u2019est en place, envisager un autre type de <strong>ventilation r\u00e9guli\u00e8re contr\u00f4l\u00e9e des espaces d\u2019exposition et des r\u00e9serves.<\/strong><\/p>\n<p>6. En cas d\u2019infections av\u00e9r\u00e9es, mettre en <strong>quarantaine<\/strong> la ou les zones concern\u00e9e(s) pendant au moins dix jours.<\/p>\n<div class=\"separator\">\n<p class=\"p4\"><span class=\"s1\"><b>Dans les espaces d\u2019exposition<\/b><\/span><\/p>\n<\/div>\n<p><img loading=\"lazy\" decoding=\"async\" class=\"aligncenter size-large wp-image-37520\" src=\"https:\/\/icom.museum\/wp-content\/uploads\/2020\/04\/A_visitor_in_the_Louvre_Museum_Paris_27_April_2013-1024x683.jpg\" alt=\"\" width=\"1024\" height=\"683\" srcset=\"https:\/\/icom.museum\/wp-content\/uploads\/2020\/04\/A_visitor_in_the_Louvre_Museum_Paris_27_April_2013-1024x683.jpg 1024w, https:\/\/icom.museum\/wp-content\/uploads\/2020\/04\/A_visitor_in_the_Louvre_Museum_Paris_27_April_2013-300x200.jpg 300w, https:\/\/icom.museum\/wp-content\/uploads\/2020\/04\/A_visitor_in_the_Louvre_Museum_Paris_27_April_2013-768x512.jpg 768w, https:\/\/icom.museum\/wp-content\/uploads\/2020\/04\/A_visitor_in_the_Louvre_Museum_Paris_27_April_2013.jpg 1280w\" sizes=\"(max-width: 1024px) 100vw, 1024px\" \/><\/p>\n<p>Si votre mus\u00e9e se pr\u00e9pare \u00e0 rouvrir, nous vous invitions \u00e0 consulter <a href=\"https:\/\/icom.museum\/fr\/news\/musees-et-deconfinement-assurer-la-securite-du-public-et-du-personnel-une-priorite\/\">ce communiqu\u00e9<\/a>. Concernant les mesures de conservation dans un contexte de r\u00e9ouverture, veuillez envisager de mettre en place les mesures suivantes :<\/p>\n<ul>\n<li><span style=\"color: #474747; font-family: Georgia; font-size: 15px;\">Organiser un d\u00e9poussi\u00e9rage de toutes les salles du mus\u00e9e ainsi qu\u2019un nettoyage m\u00e9ticuleux de toutes les surfaces (vitrines, boutons de porte, ascenseurs, rampes d\u2019escalier, etc.) avant l\u2019ouverture au public.<\/span><\/li>\n<li><span style=\"color: #474747; font-family: Georgia; font-size: 15px;\">Suivre vos instructions habituelles en ce qui concerne le nettoyage humide\/sec, mais augmenter la fr\u00e9quence de nettoyage \u00e0 au moins une fois par jour.<\/span><\/li>\n<li><span style=\"color: #474747; font-family: Georgia; font-size: 15px;\">Pour les vitrines et les surfaces similaires, de l\u2019eau, du savon et un spray d\u00e9sinfectant (c\u2019est-\u00e0-dire de l\u2019alcool isopropylique \u00e0 70 % ou de l\u2019\u00e9thanol) peuvent \u00eatre appliqu\u00e9s tant qu\u2019ils ne sont pas utilis\u00e9s sur les objets expos\u00e9s. Attention \u00e0 certains mat\u00e9riaux et rev\u00eatements sensibles \u00e0 l\u2019alcool (plexiglas, vernis \u00e0 la laque, etc.).<\/span><\/li>\n<li><span style=\"color: #474747; font-family: Georgia; font-size: 15px;\">Veiller \u00e0 ce que le personnel de nettoyage soit form\u00e9. Si possible, faire appel \u00e0 un personnel d\u00e9j\u00e0 familiaris\u00e9 avec les collections et les proc\u00e9dures de nettoyage adapt\u00e9es.<\/span><\/li>\n<li><span style=\"color: #474747; font-family: Georgia; font-size: 15px;\">Les objets expos\u00e9s ne doivent \u00eatre nettoy\u00e9s que par des restaurateurs ou des professionnels des collections form\u00e9s \u00e0 cette t\u00e2che.<\/span><\/li>\n<li><span style=\"color: #474747; font-family: Georgia; font-size: 15px;\">Restreindre l\u2019acc\u00e8s aux installations et aux espaces qui ne peuvent pas \u00eatre nettoy\u00e9es ou d\u00e9sinfect\u00e9es en totalit\u00e9 et\/ou apr\u00e8s chaque usage.<\/span><\/li>\n<li><span style=\"color: #474747; font-family: Georgia; font-size: 15px;\">Une vigilance accrue pour la bonne conservation des \u0153uvres et la s\u00e9curit\u00e9 \u00e9tant n\u00e9cessaire, il peut \u00eatre envisag\u00e9 d\u2019adapter le nombre de personnel de gardiennage dans les espaces du mus\u00e9e<\/span><\/li>\n<\/ul>\n<div class=\"separator\">\n<p class=\"p4\"><span class=\"s1\"><b>Dans les r\u00e9serves et les espaces de travail (sans acc\u00e8s public)<\/b><\/span><\/p>\n<\/div>\n<p>M\u00eame dans le cas d\u2019une r\u00e9ouverture, le fonctionnement du mus\u00e9e se fera dans des conditions particuli\u00e8res et avec une pr\u00e9sence de personnel limit\u00e9. Ainsi\u00a0:<\/p>\n<ul>\n<li><span style=\"color: #474747; font-family: Georgia; font-size: 15px;\">Veiller \u00e0 ce que tout le personnel ait facilement acc\u00e8s \u00e0 des \u00e9quipements pour se laver les mains avec de l&#8217;eau chaude et du savon, du gel d\u00e9sinfectant et des gants jetables.<\/span><\/li>\n<li><span style=\"color: #474747; font-family: Georgia; font-size: 15px;\">Veiller \u00e0 ce que seul un nombre limit\u00e9 de personnes travaillent dans la m\u00eame pi\u00e8ce et maintenir une distance de s\u00e9curit\u00e9 entre elles. En g\u00e9n\u00e9ral, il est recommand\u00e9 de respecter une distance de 1,5 \u2013 2 m entre les personnes.<\/span><\/li>\n<li><span style=\"color: #474747; font-family: Georgia; font-size: 15px;\">Des groupes plus importants de personnel peuvent se r\u00e9partir et travailler un jour sur deux pour maintenir une distance de s\u00e9curit\u00e9 entre eux.<\/span><\/li>\n<li><span style=\"color: #474747; font-family: Georgia; font-size: 15px;\">Diviser votre personnel en \u00e9quipes dont seuls les membres d\u2019une m\u00eame \u00e9quipe travaillent ensemble.<\/span><\/li>\n<li><span style=\"color: #474747; font-family: Georgia; font-size: 15px;\">Laver et d\u00e9sinfecter tr\u00e8s fr\u00e9quemment les surfaces dures, les poign\u00e9es, les boutons de porte, les interrupteurs, les machines \u00e0 caf\u00e9, etc.<\/span><\/li>\n<li><span style=\"color: #474747; font-family: Georgia; font-size: 15px;\">Les masques, m\u00eame les masques en tissu faits maison, devront \u00eatre port\u00e9s.<\/span><\/li>\n<li><span style=\"color: #474747; font-family: Georgia; font-size: 15px;\">Reporter autant que possible les r\u00e9unions, les comit\u00e9s d\u2019acquisition, les restaurations, les chantiers, les montages ou toute autre activit\u00e9 qui ne seraient pas indispensable \u00e0 la bonne conservation des \u0153uvres.<\/span><\/li>\n<li><span style=\"color: #474747; font-family: Georgia; font-size: 15px;\">Limiter la manipulation des collections, si possible.<\/span><\/li>\n<li><span style=\"color: #474747; font-family: Georgia; font-size: 15px;\">Envisager de prolonger vos pr\u00eats tant que les \u0153uvres sont en s\u00e9curit\u00e9 pour \u00e9viter les transports et les manipulations. La pr\u00e9sentation des collections permanentes sera \u00e0 privil\u00e9gier aux expositions temporaires jusqu\u2019\u00e0 un retour \u00e0 la normal de la situation sanitaire.<\/span><\/li>\n<li><span style=\"color: #474747; font-family: Georgia; font-size: 15px;\">Les mus\u00e9es doivent disposer d\u2019une zone de quarantaine pour les objets. Cette zone doit comporter des \u00e9tag\u00e8res, des armoires et des bo\u00eetes vides, o\u00f9 les objets d\u00e9pos\u00e9s peuvent \u00eatre s\u00e9par\u00e9s de la collection principale avec un minimum de manipulations, ainsi qu\u2019un syst\u00e8me de marquage facile indiquant les dates, les objets, les raisons et les personnes qui les ont mis en quarantaine.<\/span><\/li>\n<\/ul>\n<p>&nbsp;<\/p>\n<p><a href=\"https:\/\/www.aliph-foundation.org\/fr\"><img loading=\"lazy\" decoding=\"async\" class=\"aligncenter size-full wp-image-38589\" src=\"https:\/\/icom.museum\/wp-content\/uploads\/2020\/04\/1.png\" alt=\"\" width=\"560\" height=\"315\" srcset=\"https:\/\/icom.museum\/wp-content\/uploads\/2020\/04\/1.png 560w, https:\/\/icom.museum\/wp-content\/uploads\/2020\/04\/1-300x169.png 300w\" sizes=\"(max-width: 560px) 100vw, 560px\" \/><\/a><\/p>\n","protected":false},"excerpt":{"rendered":"<p>La pand\u00e9mie de COVID-19 impacte le secteur mus\u00e9al d\u2019une mani\u00e8re encore difficile \u00e0 pr\u00e9voir enti\u00e8rement, notamment en ce qui concerne les pertes \u00e9conomiques. Toutefois, \u00e0 ce jour, la fermeture forc\u00e9e et l&#8217;absence de la plupart du personnel peuvent d\u00e9j\u00e0 avoir de s\u00e9rieuses r\u00e9percussions sur la conservation et la s\u00e9curit\u00e9 des collections. Sans n\u00e9gliger toutes les [&hellip;]<\/p>\n","protected":false},"author":3334,"featured_media":0,"parent":37725,"menu_order":0,"comment_status":"closed","ping_status":"closed","template":"","meta":{"inline_featured_image":false,"footnotes":""},"class_list":["post-37582","page","type-page","status-publish","hentry"],"acf":[],"yoast_head":"<!-- This site is optimized with the Yoast SEO plugin v23.7 - https:\/\/yoast.com\/wordpress\/plugins\/seo\/ -->\n<title>Conservation des collections des mus\u00e9es - International Council of Museums<\/title>\n<meta name=\"robots\" content=\"index, follow, max-snippet:-1, max-image-preview:large, max-video-preview:-1\" \/>\n<link rel=\"canonical\" href=\"https:\/\/icom.museum\/fr\/covid-19\/ressources\/recommandations-pour-la-conservation\/\" \/>\n<meta property=\"og:locale\" content=\"fr_FR\" \/>\n<meta property=\"og:type\" content=\"article\" \/>\n<meta property=\"og:title\" content=\"Conservation des collections des mus\u00e9es - International Council of Museums\" \/>\n<meta property=\"og:description\" content=\"La pand\u00e9mie de COVID-19 impacte le secteur mus\u00e9al d\u2019une mani\u00e8re encore difficile \u00e0 pr\u00e9voir enti\u00e8rement, notamment en ce qui concerne les pertes \u00e9conomiques. Toutefois, \u00e0 ce jour, la fermeture forc\u00e9e et l&#8217;absence de la plupart du personnel peuvent d\u00e9j\u00e0 avoir de s\u00e9rieuses r\u00e9percussions sur la conservation et la s\u00e9curit\u00e9 des collections. Sans n\u00e9gliger toutes les [&hellip;]\" \/>\n<meta property=\"og:url\" content=\"https:\/\/icom.museum\/fr\/covid-19\/ressources\/recommandations-pour-la-conservation\/\" \/>\n<meta property=\"og:site_name\" content=\"International Council of Museums\" \/>\n<meta property=\"article:modified_time\" content=\"2020-05-26T16:11:52+00:00\" \/>\n<meta property=\"og:image\" content=\"https:\/\/icom.museum\/wp-content\/uploads\/2020\/04\/A_visitor_in_the_Louvre_Museum_Paris_27_April_2013.jpg\" \/>\n\t<meta property=\"og:image:width\" content=\"1280\" \/>\n\t<meta property=\"og:image:height\" content=\"854\" \/>\n\t<meta property=\"og:image:type\" content=\"image\/jpeg\" \/>\n<meta name=\"twitter:card\" content=\"summary_large_image\" \/>\n<meta name=\"twitter:label1\" content=\"Dur\u00e9e de lecture estim\u00e9e\" \/>\n\t<meta name=\"twitter:data1\" content=\"6 minutes\" \/>\n<script type=\"application\/ld+json\" class=\"yoast-schema-graph\">{\"@context\":\"https:\/\/schema.org\",\"@graph\":[{\"@type\":\"WebPage\",\"@id\":\"https:\/\/icom.museum\/fr\/covid-19\/ressources\/recommandations-pour-la-conservation\/\",\"url\":\"https:\/\/icom.museum\/fr\/covid-19\/ressources\/recommandations-pour-la-conservation\/\",\"name\":\"Conservation des collections des mus\u00e9es - International Council of Museums\",\"isPartOf\":{\"@id\":\"https:\/\/icom.museum\/en\/#website\"},\"primaryImageOfPage\":{\"@id\":\"https:\/\/icom.museum\/fr\/covid-19\/ressources\/recommandations-pour-la-conservation\/#primaryimage\"},\"image\":{\"@id\":\"https:\/\/icom.museum\/fr\/covid-19\/ressources\/recommandations-pour-la-conservation\/#primaryimage\"},\"thumbnailUrl\":\"https:\/\/icom.museum\/wp-content\/uploads\/2020\/04\/A_visitor_in_the_Louvre_Museum_Paris_27_April_2013-1024x683.jpg\",\"datePublished\":\"2020-04-14T15:01:41+00:00\",\"dateModified\":\"2020-05-26T16:11:52+00:00\",\"breadcrumb\":{\"@id\":\"https:\/\/icom.museum\/fr\/covid-19\/ressources\/recommandations-pour-la-conservation\/#breadcrumb\"},\"inLanguage\":\"fr-FR\",\"potentialAction\":[{\"@type\":\"ReadAction\",\"target\":[\"https:\/\/icom.museum\/fr\/covid-19\/ressources\/recommandations-pour-la-conservation\/\"]}]},{\"@type\":\"ImageObject\",\"inLanguage\":\"fr-FR\",\"@id\":\"https:\/\/icom.museum\/fr\/covid-19\/ressources\/recommandations-pour-la-conservation\/#primaryimage\",\"url\":\"https:\/\/icom.museum\/wp-content\/uploads\/2020\/04\/A_visitor_in_the_Louvre_Museum_Paris_27_April_2013-1024x683.jpg\",\"contentUrl\":\"https:\/\/icom.museum\/wp-content\/uploads\/2020\/04\/A_visitor_in_the_Louvre_Museum_Paris_27_April_2013-1024x683.jpg\"},{\"@type\":\"BreadcrumbList\",\"@id\":\"https:\/\/icom.museum\/fr\/covid-19\/ressources\/recommandations-pour-la-conservation\/#breadcrumb\",\"itemListElement\":[{\"@type\":\"ListItem\",\"position\":1,\"name\":\"Home\",\"item\":\"https:\/\/icom.museum\/fr\/\"},{\"@type\":\"ListItem\",\"position\":2,\"name\":\"COVID-19\",\"item\":\"https:\/\/icom.museum\/fr\/covid-19\/\"},{\"@type\":\"ListItem\",\"position\":3,\"name\":\"Recommandations\",\"item\":\"https:\/\/icom.museum\/fr\/covid-19\/ressources\/\"},{\"@type\":\"ListItem\",\"position\":4,\"name\":\"Conservation des collections des mus\u00e9es\"}]},{\"@type\":\"WebSite\",\"@id\":\"https:\/\/icom.museum\/en\/#website\",\"url\":\"https:\/\/icom.museum\/en\/\",\"name\":\"International Council of Museums\",\"description\":\"A global organisation of museums &amp; museum professionals committed to the promotion and protection of cultural heritage\",\"publisher\":{\"@id\":\"https:\/\/icom.museum\/en\/#organization\"},\"potentialAction\":[{\"@type\":\"SearchAction\",\"target\":{\"@type\":\"EntryPoint\",\"urlTemplate\":\"https:\/\/icom.museum\/en\/?s={search_term_string}\"},\"query-input\":{\"@type\":\"PropertyValueSpecification\",\"valueRequired\":true,\"valueName\":\"search_term_string\"}}],\"inLanguage\":\"fr-FR\"},{\"@type\":\"Organization\",\"@id\":\"https:\/\/icom.museum\/en\/#organization\",\"name\":\"International Council of Museums\",\"url\":\"https:\/\/icom.museum\/en\/\",\"logo\":{\"@type\":\"ImageObject\",\"inLanguage\":\"fr-FR\",\"@id\":\"https:\/\/icom.museum\/en\/#\/schema\/logo\/image\/\",\"url\":\"https:\/\/icom.museum\/wp-content\/uploads\/2018\/07\/ICOM_M_.jpg\",\"contentUrl\":\"https:\/\/icom.museum\/wp-content\/uploads\/2018\/07\/ICOM_M_.jpg\",\"width\":1721,\"height\":1721,\"caption\":\"International Council of Museums\"},\"image\":{\"@id\":\"https:\/\/icom.museum\/en\/#\/schema\/logo\/image\/\"}}]}<\/script>\n<!-- \/ Yoast SEO plugin. -->","yoast_head_json":{"title":"Conservation des collections des mus\u00e9es - International Council of Museums","robots":{"index":"index","follow":"follow","max-snippet":"max-snippet:-1","max-image-preview":"max-image-preview:large","max-video-preview":"max-video-preview:-1"},"canonical":"https:\/\/icom.museum\/fr\/covid-19\/ressources\/recommandations-pour-la-conservation\/","og_locale":"fr_FR","og_type":"article","og_title":"Conservation des collections des mus\u00e9es - International Council of Museums","og_description":"La pand\u00e9mie de COVID-19 impacte le secteur mus\u00e9al d\u2019une mani\u00e8re encore difficile \u00e0 pr\u00e9voir enti\u00e8rement, notamment en ce qui concerne les pertes \u00e9conomiques. Toutefois, \u00e0 ce jour, la fermeture forc\u00e9e et l&#8217;absence de la plupart du personnel peuvent d\u00e9j\u00e0 avoir de s\u00e9rieuses r\u00e9percussions sur la conservation et la s\u00e9curit\u00e9 des collections. Sans n\u00e9gliger toutes les [&hellip;]","og_url":"https:\/\/icom.museum\/fr\/covid-19\/ressources\/recommandations-pour-la-conservation\/","og_site_name":"International Council of Museums","article_modified_time":"2020-05-26T16:11:52+00:00","og_image":[{"width":1280,"height":854,"url":"https:\/\/icom.museum\/wp-content\/uploads\/2020\/04\/A_visitor_in_the_Louvre_Museum_Paris_27_April_2013.jpg","type":"image\/jpeg"}],"twitter_card":"summary_large_image","twitter_misc":{"Dur\u00e9e de lecture estim\u00e9e":"6 minutes"},"schema":{"@context":"https:\/\/schema.org","@graph":[{"@type":"WebPage","@id":"https:\/\/icom.museum\/fr\/covid-19\/ressources\/recommandations-pour-la-conservation\/","url":"https:\/\/icom.museum\/fr\/covid-19\/ressources\/recommandations-pour-la-conservation\/","name":"Conservation des collections des mus\u00e9es - International Council of Museums","isPartOf":{"@id":"https:\/\/icom.museum\/en\/#website"},"primaryImageOfPage":{"@id":"https:\/\/icom.museum\/fr\/covid-19\/ressources\/recommandations-pour-la-conservation\/#primaryimage"},"image":{"@id":"https:\/\/icom.museum\/fr\/covid-19\/ressources\/recommandations-pour-la-conservation\/#primaryimage"},"thumbnailUrl":"https:\/\/icom.museum\/wp-content\/uploads\/2020\/04\/A_visitor_in_the_Louvre_Museum_Paris_27_April_2013-1024x683.jpg","datePublished":"2020-04-14T15:01:41+00:00","dateModified":"2020-05-26T16:11:52+00:00","breadcrumb":{"@id":"https:\/\/icom.museum\/fr\/covid-19\/ressources\/recommandations-pour-la-conservation\/#breadcrumb"},"inLanguage":"fr-FR","potentialAction":[{"@type":"ReadAction","target":["https:\/\/icom.museum\/fr\/covid-19\/ressources\/recommandations-pour-la-conservation\/"]}]},{"@type":"ImageObject","inLanguage":"fr-FR","@id":"https:\/\/icom.museum\/fr\/covid-19\/ressources\/recommandations-pour-la-conservation\/#primaryimage","url":"https:\/\/icom.museum\/wp-content\/uploads\/2020\/04\/A_visitor_in_the_Louvre_Museum_Paris_27_April_2013-1024x683.jpg","contentUrl":"https:\/\/icom.museum\/wp-content\/uploads\/2020\/04\/A_visitor_in_the_Louvre_Museum_Paris_27_April_2013-1024x683.jpg"},{"@type":"BreadcrumbList","@id":"https:\/\/icom.museum\/fr\/covid-19\/ressources\/recommandations-pour-la-conservation\/#breadcrumb","itemListElement":[{"@type":"ListItem","position":1,"name":"Home","item":"https:\/\/icom.museum\/fr\/"},{"@type":"ListItem","position":2,"name":"COVID-19","item":"https:\/\/icom.museum\/fr\/covid-19\/"},{"@type":"ListItem","position":3,"name":"Recommandations","item":"https:\/\/icom.museum\/fr\/covid-19\/ressources\/"},{"@type":"ListItem","position":4,"name":"Conservation des collections des mus\u00e9es"}]},{"@type":"WebSite","@id":"https:\/\/icom.museum\/en\/#website","url":"https:\/\/icom.museum\/en\/","name":"International Council of Museums","description":"A global organisation of museums &amp; museum professionals committed to the promotion and protection of cultural heritage","publisher":{"@id":"https:\/\/icom.museum\/en\/#organization"},"potentialAction":[{"@type":"SearchAction","target":{"@type":"EntryPoint","urlTemplate":"https:\/\/icom.museum\/en\/?s={search_term_string}"},"query-input":{"@type":"PropertyValueSpecification","valueRequired":true,"valueName":"search_term_string"}}],"inLanguage":"fr-FR"},{"@type":"Organization","@id":"https:\/\/icom.museum\/en\/#organization","name":"International Council of Museums","url":"https:\/\/icom.museum\/en\/","logo":{"@type":"ImageObject","inLanguage":"fr-FR","@id":"https:\/\/icom.museum\/en\/#\/schema\/logo\/image\/","url":"https:\/\/icom.museum\/wp-content\/uploads\/2018\/07\/ICOM_M_.jpg","contentUrl":"https:\/\/icom.museum\/wp-content\/uploads\/2018\/07\/ICOM_M_.jpg","width":1721,"height":1721,"caption":"International Council of Museums"},"image":{"@id":"https:\/\/icom.museum\/en\/#\/schema\/logo\/image\/"}}]}},"_links":{"self":[{"href":"https:\/\/icom.museum\/fr\/wp-json\/wp\/v2\/pages\/37582"}],"collection":[{"href":"https:\/\/icom.museum\/fr\/wp-json\/wp\/v2\/pages"}],"about":[{"href":"https:\/\/icom.museum\/fr\/wp-json\/wp\/v2\/types\/page"}],"author":[{"embeddable":true,"href":"https:\/\/icom.museum\/fr\/wp-json\/wp\/v2\/users\/3334"}],"replies":[{"embeddable":true,"href":"https:\/\/icom.museum\/fr\/wp-json\/wp\/v2\/comments?post=37582"}],"version-history":[{"count":18,"href":"https:\/\/icom.museum\/fr\/wp-json\/wp\/v2\/pages\/37582\/revisions"}],"predecessor-version":[{"id":38615,"href":"https:\/\/icom.museum\/fr\/wp-json\/wp\/v2\/pages\/37582\/revisions\/38615"}],"up":[{"embeddable":true,"href":"https:\/\/icom.museum\/fr\/wp-json\/wp\/v2\/pages\/37725"}],"wp:attachment":[{"href":"https:\/\/icom.museum\/fr\/wp-json\/wp\/v2\/media?parent=37582"}],"curies":[{"name":"wp","href":"https:\/\/api.w.org\/{rel}","templated":true}]}}