{"id":37598,"date":"2020-04-14T17:27:57","date_gmt":"2020-04-14T15:27:57","guid":{"rendered":"https:\/\/icom.museum\/?page_id=37598"},"modified":"2020-05-28T10:38:23","modified_gmt":"2020-05-28T08:38:23","slug":"survey-museums-and-museum-professionals","status":"publish","type":"page","link":"https:\/\/icom.museum\/fr\/covid-19\/enquetes-et-donnees\/survey-museums-and-museum-professionals\/","title":{"rendered":"Enqu\u00eate : mus\u00e9es, professionnels des mus\u00e9es et COVID-19"},"content":{"rendered":"<h3>ICOM et l&#8217;UNESCO publient leurs rapports complets<\/h3>\n<p><strong>La pand\u00e9mie COVID-19 a perturb\u00e9 les activit\u00e9s des mus\u00e9es du monde entier, mena\u00e7ant leur survie financi\u00e8re ainsi que les moyens de subsistance de milliers de leurs professionnels des mus\u00e9es.<\/strong><\/p>\n<p>Afin de recueillir des informations sur la mani\u00e8re dont l&#8217;\u00e9pid\u00e9mie actuelle de COVID-19 affecte et affectera le secteur culturel \u00e0 court et \u00e0 long terme, l&#8217;ICOM a lanc\u00e9 une enqu\u00eate mondiale pour analyser l&#8217;impact des mesures de la mise en quarantaine. Ella a port\u00e9 sur 5 th\u00e8mes : la situation des mus\u00e9es et du personnel, l&#8217;impact \u00e9conomique pr\u00e9vu, le num\u00e9rique et la communication, la s\u00e9curit\u00e9 des mus\u00e9es et la conservation des collections, les professionnels ind\u00e9pendants des mus\u00e9es.<\/p>\n<p>Le rapport a permis l\u2019analyse de pr\u00e8s de 1 600 r\u00e9ponses \u00e0 l&#8217;enqu\u00eate recueillies entre le 7 avril 2020 et le 7 mai 2020 aupr\u00e8s de mus\u00e9es et de professionnels des mus\u00e9es, repr\u00e9sentant 107 pays et 5 continents.<\/p>\n<p>En parall\u00e8le, le rapport de l\u2019UNESCO &#8220;<a href=\"https:\/\/fr.unesco.org\/news\/lancement-rapport-unesco-musees-monde-face-pandemie-covid-19\">Les mus\u00e9es dans le monde face \u00e0 la pand\u00e9mie de COVID-19<\/a>&#8221; (mai 2020) contient les r\u00e9sultats de son enqu\u00eate men\u00e9e \u00e0 l\u2019\u00e9chelle internationale sur\u00a0l\u2019impact de la COVID-19 sur les mus\u00e9es. Le rapport fournit un nouveau regard sur les chiffres et les grandes tendances concernant les mus\u00e9es du monde, les mesures qu\u2019ils ont prises pour r\u00e9pondre \u00e0 la pand\u00e9mie et les actions propos\u00e9es pour la p\u00e9riode post-COVID. Le rapport souligne la capacit\u00e9 de r\u00e9silience des mus\u00e9es, ainsi que les d\u00e9fis auxquels ils sont confront\u00e9s dans leurs efforts pour continuer \u00e0 promouvoir l\u2019acc\u00e8s \u00e0 la culture.<\/p>\n<p><span class=\"link_blue\"><a href=\"https:\/\/icom.museum\/wp-content\/uploads\/2020\/05\/Rapport-mus\u00e9es-et-COVID-19-1.pdf\">Lire le rapport ICOM complet<\/a><\/span><\/p>\n<p><span class=\"link_yellow\"><a href=\"https:\/\/icom.museum\/wp-content\/uploads\/2020\/05\/ICOM-Survey-Communiqu\u00e9-de-presse-1-1.pdf\">Communiqu\u00e9 de presse<\/a><\/span><\/p>\n<div class=\"separator\">\n<p class=\"p4\"><span class=\"s1\"><b>R\u00e9sum\u00e9 des conclusions<\/b><\/span><\/p>\n<\/div>\n<ul>\n<li>En avril, <b>presque tous les mus\u00e9es du monde entier ont \u00e9t\u00e9 ferm\u00e9s <\/b>\u00e0 cause de la pand\u00e9mie COVID-19, selon 94,7 % des personnes interrog\u00e9es.<\/li>\n<li>Pendant la p\u00e9riode de fermeture, de<b> nombreux mus\u00e9es ont renforc\u00e9 leurs activit\u00e9s num\u00e9riques<\/b>. Bien que pr\u00e8s de la moiti\u00e9 des personnes interrog\u00e9es aient r\u00e9pondu que leur mus\u00e9e \u00e9tait d\u00e9j\u00e0 pr\u00e9sent sur les r\u00e9seaux sociaux ou permettait d\u00e9j\u00e0 l\u2019acc\u00e8s \u00e0 ses collections en ligne avant la fermeture, les activit\u00e9s de communication num\u00e9rique analys\u00e9es par l&#8217;enqu\u00eate ont augment\u00e9 pour au moins 15 % des mus\u00e9es, en particulier concernant les<b> activit\u00e9s sur les r\u00e9seaux sociaux, en hausse pour plus de la moiti\u00e9 des mus\u00e9es ayant particip\u00e9<\/b>.<\/li>\n<li><b>La plupart des professionnels des mus\u00e9es travaillaient \u00e0 domicile<\/b> : dans 84 % des mus\u00e9es ayant r\u00e9pondu, au moins une partie du personnel travaillait \u00e0 domicile pendant la p\u00e9riode de fermeture.<\/li>\n<li>La situation des employ\u00e9s permanents semble relativement stable. N\u00e9anmoins, dans 6 % des cas, les contrats n&#8217;ont pas \u00e9t\u00e9 renouvel\u00e9s ou ont \u00e9t\u00e9 r\u00e9sili\u00e9s.<\/li>\n<li><b>La situation des professionnels ind\u00e9pendants des mus\u00e9es est quant \u00e0 elle alarmante<\/b> : 16,1 % des personnes interrog\u00e9es ont d\u00e9clar\u00e9 avoir \u00e9t\u00e9 mis en ch\u00f4mage partiel, et 22,6 % n&#8217;ont pas vu leur contrat renouvel\u00e9. <b>Le secteur des freelances est tr\u00e8s fragile<\/b> : 56,4 % des personnes interrog\u00e9es ont d\u00e9clar\u00e9 qu&#8217;elles devront suspendre le paiement de leur propre salaire en raison de la crise, 39,4 % ont d\u00e9clar\u00e9 que leurs entreprises r\u00e9duiront leurs effectifs.<\/li>\n<li>De m\u00eame,<b> presque tous les mus\u00e9es du monde r\u00e9duiront leurs activit\u00e9s <\/b>suite la pand\u00e9mie COVID-19<b>, pr\u00e8s d&#8217;un tiers d&#8217;entre eux r\u00e9duiront leur personnel et plus d&#8217;un dixi\u00e8me pourraient \u00eatre contraints de fermer d\u00e9finitivement<\/b>. 82,6 % des personnes interrog\u00e9es pr\u00e9voient que les programmes des mus\u00e9es devront \u00eatre r\u00e9duits et 29,8 % s&#8217;attendent \u00e0 une r\u00e9duction du personnel. 12,8 % des participants craignent que leur mus\u00e9e ne ferme.<\/li>\n<li>Les<b> fermetures toucheront particuli\u00e8rement les r\u00e9gions o\u00f9 les mus\u00e9es sont r\u00e9cents et peu nombreux<\/b> et o\u00f9 les structures sont encore fragiles :<b> dans les pays africains, asiatiques et arabes,<\/b> respectivement 24, 27 et 39 % craignent que les mus\u00e9es ne ferment, contre seulement 12, 10 et 8 % en Am\u00e9rique latine et aux Cara\u00efbes, en Am\u00e9rique du Nord et en Europe.<\/li>\n<li>En g\u00e9n\u00e9ral, la<b> s\u00e9curit\u00e9 et la conservation du patrimoine dans les mus\u00e9es se sont poursuivies pendant toute la p\u00e9riode de quarantaine\u00a0<\/b>: environ 80 % des personnes interrog\u00e9es ont d\u00e9clar\u00e9 que les mesures de s\u00e9curit\u00e9 et de conservation avaient \u00e9t\u00e9 maintenues ou renforc\u00e9es pour faire face au manque de personnel sur place. Toutefois,<b> en Afrique, en Am\u00e9rique latine et dans les Cara\u00efbes, ces mesures ont \u00e9t\u00e9 jug\u00e9es insuffisantes<\/b> par pr\u00e8s de 20 % des personnes interrog\u00e9es.<\/li>\n<\/ul>\n<p>Une fois de plus, l&#8217;ICOM, qui repr\u00e9sente la communaut\u00e9 internationale des mus\u00e9es, appelle les responsables politiques et les d\u00e9cideurs \u00e0 allouer d&#8217;urgence des fonds de secours pour sauver les mus\u00e9es et leurs professionnels, afin qu&#8217;ils puissent survivre \u00e0 la crise et poursuivre leur mission vitale de service public. La reprise de nos \u00e9conomies et le processus de gu\u00e9rison de nos soci\u00e9t\u00e9s apr\u00e8s la crise COVID-19 seront longs et complexes. Les mus\u00e9es, en tant que protagonistes exceptionnels du d\u00e9veloppement local et en tant que lieux incomparables de rencontre et d&#8217;apprentissage pour tous, auront un r\u00f4le important \u00e0 jouer dans la reconstruction de l&#8217;\u00e9conomie locale et dans la r\u00e9paration du tissu social des communaut\u00e9s touch\u00e9es.<\/p>\n","protected":false},"excerpt":{"rendered":"<p>ICOM et l&#8217;UNESCO publient leurs rapports complets La pand\u00e9mie COVID-19 a perturb\u00e9 les activit\u00e9s des mus\u00e9es du monde entier, mena\u00e7ant leur survie financi\u00e8re ainsi que les moyens de subsistance de milliers de leurs professionnels des mus\u00e9es. Afin de recueillir des informations sur la mani\u00e8re dont l&#8217;\u00e9pid\u00e9mie actuelle de COVID-19 affecte et affectera le secteur culturel [&hellip;]<\/p>\n","protected":false},"author":3334,"featured_media":0,"parent":37736,"menu_order":0,"comment_status":"closed","ping_status":"closed","template":"","meta":{"inline_featured_image":false,"footnotes":""},"class_list":["post-37598","page","type-page","status-publish","hentry"],"acf":[],"yoast_head":"<!-- This site is optimized with the Yoast SEO plugin v23.7 - https:\/\/yoast.com\/wordpress\/plugins\/seo\/ -->\n<title>Enqu\u00eate : mus\u00e9es, professionnels des mus\u00e9es et COVID-19 - International Council of Museums<\/title>\n<meta name=\"robots\" content=\"index, follow, max-snippet:-1, max-image-preview:large, max-video-preview:-1\" \/>\n<link rel=\"canonical\" href=\"https:\/\/icom.museum\/fr\/covid-19\/enquetes-et-donnees\/survey-museums-and-museum-professionals\/\" \/>\n<meta property=\"og:locale\" content=\"fr_FR\" \/>\n<meta property=\"og:type\" content=\"article\" \/>\n<meta property=\"og:title\" content=\"Enqu\u00eate : mus\u00e9es, professionnels des mus\u00e9es et COVID-19 - International Council of Museums\" \/>\n<meta property=\"og:description\" content=\"ICOM et l&#8217;UNESCO publient leurs rapports complets La pand\u00e9mie COVID-19 a perturb\u00e9 les activit\u00e9s des mus\u00e9es du monde entier, mena\u00e7ant leur survie financi\u00e8re ainsi que les moyens de subsistance de milliers de leurs professionnels des mus\u00e9es. Afin de recueillir des informations sur la mani\u00e8re dont l&#8217;\u00e9pid\u00e9mie actuelle de COVID-19 affecte et affectera le secteur culturel [&hellip;]\" \/>\n<meta property=\"og:url\" content=\"https:\/\/icom.museum\/fr\/covid-19\/enquetes-et-donnees\/survey-museums-and-museum-professionals\/\" \/>\n<meta property=\"og:site_name\" content=\"International Council of Museums\" \/>\n<meta property=\"article:modified_time\" content=\"2020-05-28T08:38:23+00:00\" \/>\n<meta property=\"og:image\" content=\"https:\/\/icom.museum\/wp-content\/uploads\/2020\/05\/ioana-cristiana-FFBkz2lOTkE-unsplash.jpg\" \/>\n<meta name=\"twitter:card\" content=\"summary_large_image\" \/>\n<meta name=\"twitter:label1\" content=\"Dur\u00e9e de lecture estim\u00e9e\" \/>\n\t<meta name=\"twitter:data1\" content=\"4 minutes\" \/>\n<script type=\"application\/ld+json\" class=\"yoast-schema-graph\">{\"@context\":\"https:\/\/schema.org\",\"@graph\":[{\"@type\":\"WebPage\",\"@id\":\"https:\/\/icom.museum\/fr\/covid-19\/enquetes-et-donnees\/survey-museums-and-museum-professionals\/\",\"url\":\"https:\/\/icom.museum\/fr\/covid-19\/enquetes-et-donnees\/survey-museums-and-museum-professionals\/\",\"name\":\"Enqu\u00eate : mus\u00e9es, professionnels des mus\u00e9es et COVID-19 - International Council of Museums\",\"isPartOf\":{\"@id\":\"https:\/\/icom.museum\/en\/#website\"},\"datePublished\":\"2020-04-14T15:27:57+00:00\",\"dateModified\":\"2020-05-28T08:38:23+00:00\",\"breadcrumb\":{\"@id\":\"https:\/\/icom.museum\/fr\/covid-19\/enquetes-et-donnees\/survey-museums-and-museum-professionals\/#breadcrumb\"},\"inLanguage\":\"fr-FR\",\"potentialAction\":[{\"@type\":\"ReadAction\",\"target\":[\"https:\/\/icom.museum\/fr\/covid-19\/enquetes-et-donnees\/survey-museums-and-museum-professionals\/\"]}]},{\"@type\":\"BreadcrumbList\",\"@id\":\"https:\/\/icom.museum\/fr\/covid-19\/enquetes-et-donnees\/survey-museums-and-museum-professionals\/#breadcrumb\",\"itemListElement\":[{\"@type\":\"ListItem\",\"position\":1,\"name\":\"Home\",\"item\":\"https:\/\/icom.museum\/fr\/\"},{\"@type\":\"ListItem\",\"position\":2,\"name\":\"COVID-19\",\"item\":\"https:\/\/icom.museum\/fr\/covid-19\/\"},{\"@type\":\"ListItem\",\"position\":3,\"name\":\"Enqu\u00eates et donn\u00e9es\",\"item\":\"https:\/\/icom.museum\/fr\/covid-19\/enquetes-et-donnees\/\"},{\"@type\":\"ListItem\",\"position\":4,\"name\":\"Enqu\u00eate : mus\u00e9es, professionnels des mus\u00e9es et COVID-19\"}]},{\"@type\":\"WebSite\",\"@id\":\"https:\/\/icom.museum\/en\/#website\",\"url\":\"https:\/\/icom.museum\/en\/\",\"name\":\"International Council of Museums\",\"description\":\"A global organisation of museums &amp; museum professionals committed to the promotion and protection of cultural heritage\",\"publisher\":{\"@id\":\"https:\/\/icom.museum\/en\/#organization\"},\"potentialAction\":[{\"@type\":\"SearchAction\",\"target\":{\"@type\":\"EntryPoint\",\"urlTemplate\":\"https:\/\/icom.museum\/en\/?s={search_term_string}\"},\"query-input\":{\"@type\":\"PropertyValueSpecification\",\"valueRequired\":true,\"valueName\":\"search_term_string\"}}],\"inLanguage\":\"fr-FR\"},{\"@type\":\"Organization\",\"@id\":\"https:\/\/icom.museum\/en\/#organization\",\"name\":\"International Council of Museums\",\"url\":\"https:\/\/icom.museum\/en\/\",\"logo\":{\"@type\":\"ImageObject\",\"inLanguage\":\"fr-FR\",\"@id\":\"https:\/\/icom.museum\/en\/#\/schema\/logo\/image\/\",\"url\":\"https:\/\/icom.museum\/wp-content\/uploads\/2018\/07\/ICOM_M_.jpg\",\"contentUrl\":\"https:\/\/icom.museum\/wp-content\/uploads\/2018\/07\/ICOM_M_.jpg\",\"width\":1721,\"height\":1721,\"caption\":\"International Council of Museums\"},\"image\":{\"@id\":\"https:\/\/icom.museum\/en\/#\/schema\/logo\/image\/\"}}]}<\/script>\n<!-- \/ Yoast SEO plugin. -->","yoast_head_json":{"title":"Enqu\u00eate : mus\u00e9es, professionnels des mus\u00e9es et COVID-19 - International Council of Museums","robots":{"index":"index","follow":"follow","max-snippet":"max-snippet:-1","max-image-preview":"max-image-preview:large","max-video-preview":"max-video-preview:-1"},"canonical":"https:\/\/icom.museum\/fr\/covid-19\/enquetes-et-donnees\/survey-museums-and-museum-professionals\/","og_locale":"fr_FR","og_type":"article","og_title":"Enqu\u00eate : mus\u00e9es, professionnels des mus\u00e9es et COVID-19 - International Council of Museums","og_description":"ICOM et l&#8217;UNESCO publient leurs rapports complets La pand\u00e9mie COVID-19 a perturb\u00e9 les activit\u00e9s des mus\u00e9es du monde entier, mena\u00e7ant leur survie financi\u00e8re ainsi que les moyens de subsistance de milliers de leurs professionnels des mus\u00e9es. Afin de recueillir des informations sur la mani\u00e8re dont l&#8217;\u00e9pid\u00e9mie actuelle de COVID-19 affecte et affectera le secteur culturel [&hellip;]","og_url":"https:\/\/icom.museum\/fr\/covid-19\/enquetes-et-donnees\/survey-museums-and-museum-professionals\/","og_site_name":"International Council of Museums","article_modified_time":"2020-05-28T08:38:23+00:00","og_image":[{"url":"https:\/\/icom.museum\/wp-content\/uploads\/2020\/05\/ioana-cristiana-FFBkz2lOTkE-unsplash.jpg"}],"twitter_card":"summary_large_image","twitter_misc":{"Dur\u00e9e de lecture estim\u00e9e":"4 minutes"},"schema":{"@context":"https:\/\/schema.org","@graph":[{"@type":"WebPage","@id":"https:\/\/icom.museum\/fr\/covid-19\/enquetes-et-donnees\/survey-museums-and-museum-professionals\/","url":"https:\/\/icom.museum\/fr\/covid-19\/enquetes-et-donnees\/survey-museums-and-museum-professionals\/","name":"Enqu\u00eate : mus\u00e9es, professionnels des mus\u00e9es et COVID-19 - International Council of Museums","isPartOf":{"@id":"https:\/\/icom.museum\/en\/#website"},"datePublished":"2020-04-14T15:27:57+00:00","dateModified":"2020-05-28T08:38:23+00:00","breadcrumb":{"@id":"https:\/\/icom.museum\/fr\/covid-19\/enquetes-et-donnees\/survey-museums-and-museum-professionals\/#breadcrumb"},"inLanguage":"fr-FR","potentialAction":[{"@type":"ReadAction","target":["https:\/\/icom.museum\/fr\/covid-19\/enquetes-et-donnees\/survey-museums-and-museum-professionals\/"]}]},{"@type":"BreadcrumbList","@id":"https:\/\/icom.museum\/fr\/covid-19\/enquetes-et-donnees\/survey-museums-and-museum-professionals\/#breadcrumb","itemListElement":[{"@type":"ListItem","position":1,"name":"Home","item":"https:\/\/icom.museum\/fr\/"},{"@type":"ListItem","position":2,"name":"COVID-19","item":"https:\/\/icom.museum\/fr\/covid-19\/"},{"@type":"ListItem","position":3,"name":"Enqu\u00eates et donn\u00e9es","item":"https:\/\/icom.museum\/fr\/covid-19\/enquetes-et-donnees\/"},{"@type":"ListItem","position":4,"name":"Enqu\u00eate : mus\u00e9es, professionnels des mus\u00e9es et COVID-19"}]},{"@type":"WebSite","@id":"https:\/\/icom.museum\/en\/#website","url":"https:\/\/icom.museum\/en\/","name":"International Council of Museums","description":"A global organisation of museums &amp; museum professionals committed to the promotion and protection of cultural heritage","publisher":{"@id":"https:\/\/icom.museum\/en\/#organization"},"potentialAction":[{"@type":"SearchAction","target":{"@type":"EntryPoint","urlTemplate":"https:\/\/icom.museum\/en\/?s={search_term_string}"},"query-input":{"@type":"PropertyValueSpecification","valueRequired":true,"valueName":"search_term_string"}}],"inLanguage":"fr-FR"},{"@type":"Organization","@id":"https:\/\/icom.museum\/en\/#organization","name":"International Council of Museums","url":"https:\/\/icom.museum\/en\/","logo":{"@type":"ImageObject","inLanguage":"fr-FR","@id":"https:\/\/icom.museum\/en\/#\/schema\/logo\/image\/","url":"https:\/\/icom.museum\/wp-content\/uploads\/2018\/07\/ICOM_M_.jpg","contentUrl":"https:\/\/icom.museum\/wp-content\/uploads\/2018\/07\/ICOM_M_.jpg","width":1721,"height":1721,"caption":"International Council of Museums"},"image":{"@id":"https:\/\/icom.museum\/en\/#\/schema\/logo\/image\/"}}]}},"_links":{"self":[{"href":"https:\/\/icom.museum\/fr\/wp-json\/wp\/v2\/pages\/37598"}],"collection":[{"href":"https:\/\/icom.museum\/fr\/wp-json\/wp\/v2\/pages"}],"about":[{"href":"https:\/\/icom.museum\/fr\/wp-json\/wp\/v2\/types\/page"}],"author":[{"embeddable":true,"href":"https:\/\/icom.museum\/fr\/wp-json\/wp\/v2\/users\/3334"}],"replies":[{"embeddable":true,"href":"https:\/\/icom.museum\/fr\/wp-json\/wp\/v2\/comments?post=37598"}],"version-history":[{"count":8,"href":"https:\/\/icom.museum\/fr\/wp-json\/wp\/v2\/pages\/37598\/revisions"}],"predecessor-version":[{"id":38637,"href":"https:\/\/icom.museum\/fr\/wp-json\/wp\/v2\/pages\/37598\/revisions\/38637"}],"up":[{"embeddable":true,"href":"https:\/\/icom.museum\/fr\/wp-json\/wp\/v2\/pages\/37736"}],"wp:attachment":[{"href":"https:\/\/icom.museum\/fr\/wp-json\/wp\/v2\/media?parent=37598"}],"curies":[{"name":"wp","href":"https:\/\/api.w.org\/{rel}","templated":true}]}}