{"id":37757,"date":"2020-04-15T11:34:23","date_gmt":"2020-04-15T09:34:23","guid":{"rendered":"https:\/\/icom.museum\/?page_id=37757"},"modified":"2020-04-15T12:01:17","modified_gmt":"2020-04-15T10:01:17","slug":"declaration-sur-la-necessite-de-fonds-de-soutien-pour-les-musees-pendant-la-crise-du-covid-19","status":"publish","type":"page","link":"https:\/\/icom.museum\/fr\/covid-19\/plaidoyer\/declaration-sur-la-necessite-de-fonds-de-soutien-pour-les-musees-pendant-la-crise-du-covid-19\/","title":{"rendered":"D\u00e9claration sur la n\u00e9cessit\u00e9 de fonds de soutien pour les mus\u00e9es"},"content":{"rendered":"<h2 class=\"headline\">Le Conseil international des mus\u00e9es (ICOM) exprime sa profonde tristesse et sa solidarit\u00e9 avec les personnes touch\u00e9es dans le monde entier par la pand\u00e9mie du COVID-19.<\/h2>\n<p>Nous d\u00e9plorons les pertes de vies humaines et adressons nos plus sinc\u00e8res condol\u00e9ances \u00e0 celles et ceux qui ont perdu des proches \u00e0 cause du virus. Nous remercions les professionnels de la sant\u00e9, qui risquent leur propre vie en combattant la pand\u00e9mie en premi\u00e8re ligne, pour leurs efforts sans pr\u00e9c\u00e9dent, ainsi que la communaut\u00e9 scientifique internationale, qui travaille sans rel\u00e2che \u00e0 la recherche d\u2019un rem\u00e8de.<\/p>\n<p>Les gouvernements du monde entier ont pris les mesures n\u00e9cessaires pour emp\u00eacher la propagation du virus. Trois milliards de personnes ont \u00e9t\u00e9 confin\u00e9es chez elles, et leur nombre ne cesse d\u2019augmenter. Elles voient non seulement leur sant\u00e9 mais aussi leurs moyens de subsistance menac\u00e9s. L\u2019\u00e9conomie mondiale se trouve au bord d\u2019une profonde r\u00e9cession. Le secteur de la culture, durement touch\u00e9 par la fermeture des mus\u00e9es, des biblioth\u00e8ques, des cin\u00e9mas, des th\u00e9\u00e2tres et autres, sera confront\u00e9 \u00e0 des pertes qui pourront irr\u00e9m\u00e9diable-ment d\u00e9vaster le paysage culturel de communaut\u00e9s et de pays entiers.<\/p>\n<p>Comprenant que la priorit\u00e9 est d\u2019assurer la sant\u00e9 et la s\u00e9curit\u00e9 \u00e9conomique des populations touch\u00e9es par la pand\u00e9mie, nous exprimons notre pr\u00e9occupation quant \u00e0 l\u2019avenir des mus\u00e9es et du pr\u00e9cieux patrimoine culturel qu\u2019ils d\u00e9tiennent \u2013 une partie essentielle de l\u2019identit\u00e9 des peuples et des nations et un \u00e9l\u00e9ment vital pour les communaut\u00e9s qu\u2019ils servent. En tant que d\u00e9positaires de connaissances scientifiques accumul\u00e9es pendant des si\u00e8cles, leur r\u00f4le est essentiel pour l\u2019avenir de l\u2019humanit\u00e9, en particulier dans les p\u00e9riodes d\u2019incertitude comme celles que nous vivons aujourd\u2019hui.<\/p>\n<p>D\u00e9j\u00e0 grandement sous-financ\u00e9s dans de nombreux pays, les mus\u00e9es qui sont temporaire-ment ferm\u00e9s aujourd\u2019hui risquent de l\u2019\u00eatre d\u00e9finitivement demain. En Italie, le secteur culturel devrait perdre 3 milliards d\u2019euros au cours du prochain semestre ; en Espagne, 980 millions d\u2019euros rien qu\u2019en avril. L\u2019American Alliance of Museums (AAM) estime qu\u2019un tiers des mus\u00e9es aux \u00c9tats-Unis ne rouvriront pas. Des milliers de professionnels des mus\u00e9es, en particulier ceux qui travaillent en tant qu\u2019ind\u00e9pendants et dans des conditions pr\u00e9caires, sont sur le point de perdre leur emploi ou l\u2019ont d\u00e9j\u00e0 perdu.<\/p>\n<p>L\u2019ICOM, qui repr\u00e9sente la communaut\u00e9 internationale des mus\u00e9es, appelle les responsables politiques et les d\u00e9cideurs \u00e0 allouer d\u2019urgence des fonds de soutien pour sauver les mus\u00e9es et leurs professionnels, afin qu\u2019une fois ces mesures lev\u00e9es, ils puissent poursuivre leur mission vitale de service public pour les g\u00e9n\u00e9rations \u00e0 venir. Le processus de gu\u00e9rison de nos soci\u00e9t\u00e9s apr\u00e8s la crise du COVID-19 sera long et complexe. Les mus\u00e9es, en tant que lieux privil\u00e9gi\u00e9s de rencontre et d\u2019apprentissage pour tous, auront un r\u00f4le d\u00e9terminant \u00e0 jouer dans la r\u00e9paration et le renforcement du tissu social des communaut\u00e9s touch\u00e9es.<\/p>\n<p>Nous collaborerons avec les gouvernements nationaux et r\u00e9gionaux, ainsi qu\u2019avec nos institutions partenaires et d\u2019autres organisations internationales pour assurer l\u2019avenir des mus\u00e9es.<\/p>\n","protected":false},"excerpt":{"rendered":"<p>Le Conseil international des mus\u00e9es (ICOM) exprime sa profonde tristesse et sa solidarit\u00e9 avec les personnes touch\u00e9es dans le monde entier par la pand\u00e9mie du COVID-19. Nous d\u00e9plorons les pertes de vies humaines et adressons nos plus sinc\u00e8res condol\u00e9ances \u00e0 celles et ceux qui ont perdu des proches \u00e0 cause du virus. Nous remercions les [&hellip;]<\/p>\n","protected":false},"author":3334,"featured_media":0,"parent":37748,"menu_order":0,"comment_status":"closed","ping_status":"closed","template":"","meta":{"inline_featured_image":false,"footnotes":""},"class_list":["post-37757","page","type-page","status-publish","hentry"],"acf":[],"yoast_head":"<!-- This site is optimized with the Yoast SEO plugin v23.7 - https:\/\/yoast.com\/wordpress\/plugins\/seo\/ -->\n<title>D\u00e9claration sur la n\u00e9cessit\u00e9 de fonds de soutien pour les mus\u00e9es - International Council of Museums<\/title>\n<meta name=\"robots\" content=\"index, follow, max-snippet:-1, max-image-preview:large, max-video-preview:-1\" \/>\n<link rel=\"canonical\" href=\"https:\/\/icom.museum\/fr\/covid-19\/plaidoyer\/declaration-sur-la-necessite-de-fonds-de-soutien-pour-les-musees-pendant-la-crise-du-covid-19\/\" \/>\n<meta property=\"og:locale\" content=\"fr_FR\" \/>\n<meta property=\"og:type\" content=\"article\" \/>\n<meta property=\"og:title\" content=\"D\u00e9claration sur la n\u00e9cessit\u00e9 de fonds de soutien pour les mus\u00e9es - International Council of Museums\" \/>\n<meta property=\"og:description\" content=\"Le Conseil international des mus\u00e9es (ICOM) exprime sa profonde tristesse et sa solidarit\u00e9 avec les personnes touch\u00e9es dans le monde entier par la pand\u00e9mie du COVID-19. Nous d\u00e9plorons les pertes de vies humaines et adressons nos plus sinc\u00e8res condol\u00e9ances \u00e0 celles et ceux qui ont perdu des proches \u00e0 cause du virus. Nous remercions les [&hellip;]\" \/>\n<meta property=\"og:url\" content=\"https:\/\/icom.museum\/fr\/covid-19\/plaidoyer\/declaration-sur-la-necessite-de-fonds-de-soutien-pour-les-musees-pendant-la-crise-du-covid-19\/\" \/>\n<meta property=\"og:site_name\" content=\"International Council of Museums\" \/>\n<meta property=\"article:modified_time\" content=\"2020-04-15T10:01:17+00:00\" \/>\n<meta property=\"og:image\" content=\"https:\/\/icom.museum\/wp-content\/uploads\/2020\/04\/WhatsApp-Image-2020-04-01-at-16.51.26.jpeg\" \/>\n<meta name=\"twitter:card\" content=\"summary_large_image\" \/>\n<meta name=\"twitter:label1\" content=\"Dur\u00e9e de lecture estim\u00e9e\" \/>\n\t<meta name=\"twitter:data1\" content=\"3 minutes\" \/>\n<script type=\"application\/ld+json\" class=\"yoast-schema-graph\">{\"@context\":\"https:\/\/schema.org\",\"@graph\":[{\"@type\":\"WebPage\",\"@id\":\"https:\/\/icom.museum\/fr\/covid-19\/plaidoyer\/declaration-sur-la-necessite-de-fonds-de-soutien-pour-les-musees-pendant-la-crise-du-covid-19\/\",\"url\":\"https:\/\/icom.museum\/fr\/covid-19\/plaidoyer\/declaration-sur-la-necessite-de-fonds-de-soutien-pour-les-musees-pendant-la-crise-du-covid-19\/\",\"name\":\"D\u00e9claration sur la n\u00e9cessit\u00e9 de fonds de soutien pour les mus\u00e9es - International Council of Museums\",\"isPartOf\":{\"@id\":\"https:\/\/icom.museum\/en\/#website\"},\"datePublished\":\"2020-04-15T09:34:23+00:00\",\"dateModified\":\"2020-04-15T10:01:17+00:00\",\"breadcrumb\":{\"@id\":\"https:\/\/icom.museum\/fr\/covid-19\/plaidoyer\/declaration-sur-la-necessite-de-fonds-de-soutien-pour-les-musees-pendant-la-crise-du-covid-19\/#breadcrumb\"},\"inLanguage\":\"fr-FR\",\"potentialAction\":[{\"@type\":\"ReadAction\",\"target\":[\"https:\/\/icom.museum\/fr\/covid-19\/plaidoyer\/declaration-sur-la-necessite-de-fonds-de-soutien-pour-les-musees-pendant-la-crise-du-covid-19\/\"]}]},{\"@type\":\"BreadcrumbList\",\"@id\":\"https:\/\/icom.museum\/fr\/covid-19\/plaidoyer\/declaration-sur-la-necessite-de-fonds-de-soutien-pour-les-musees-pendant-la-crise-du-covid-19\/#breadcrumb\",\"itemListElement\":[{\"@type\":\"ListItem\",\"position\":1,\"name\":\"Home\",\"item\":\"https:\/\/icom.museum\/fr\/\"},{\"@type\":\"ListItem\",\"position\":2,\"name\":\"COVID-19\",\"item\":\"https:\/\/icom.museum\/fr\/covid-19\/\"},{\"@type\":\"ListItem\",\"position\":3,\"name\":\"D\u00e9fendre les mus\u00e9es\",\"item\":\"https:\/\/icom.museum\/fr\/covid-19\/plaidoyer\/\"},{\"@type\":\"ListItem\",\"position\":4,\"name\":\"D\u00e9claration sur la n\u00e9cessit\u00e9 de fonds de soutien pour les mus\u00e9es\"}]},{\"@type\":\"WebSite\",\"@id\":\"https:\/\/icom.museum\/en\/#website\",\"url\":\"https:\/\/icom.museum\/en\/\",\"name\":\"International Council of Museums\",\"description\":\"A global organisation of museums &amp; museum professionals committed to the promotion and protection of cultural heritage\",\"publisher\":{\"@id\":\"https:\/\/icom.museum\/en\/#organization\"},\"potentialAction\":[{\"@type\":\"SearchAction\",\"target\":{\"@type\":\"EntryPoint\",\"urlTemplate\":\"https:\/\/icom.museum\/en\/?s={search_term_string}\"},\"query-input\":{\"@type\":\"PropertyValueSpecification\",\"valueRequired\":true,\"valueName\":\"search_term_string\"}}],\"inLanguage\":\"fr-FR\"},{\"@type\":\"Organization\",\"@id\":\"https:\/\/icom.museum\/en\/#organization\",\"name\":\"International Council of Museums\",\"url\":\"https:\/\/icom.museum\/en\/\",\"logo\":{\"@type\":\"ImageObject\",\"inLanguage\":\"fr-FR\",\"@id\":\"https:\/\/icom.museum\/en\/#\/schema\/logo\/image\/\",\"url\":\"https:\/\/icom.museum\/wp-content\/uploads\/2018\/07\/ICOM_M_.jpg\",\"contentUrl\":\"https:\/\/icom.museum\/wp-content\/uploads\/2018\/07\/ICOM_M_.jpg\",\"width\":1721,\"height\":1721,\"caption\":\"International Council of Museums\"},\"image\":{\"@id\":\"https:\/\/icom.museum\/en\/#\/schema\/logo\/image\/\"}}]}<\/script>\n<!-- \/ Yoast SEO plugin. -->","yoast_head_json":{"title":"D\u00e9claration sur la n\u00e9cessit\u00e9 de fonds de soutien pour les mus\u00e9es - International Council of Museums","robots":{"index":"index","follow":"follow","max-snippet":"max-snippet:-1","max-image-preview":"max-image-preview:large","max-video-preview":"max-video-preview:-1"},"canonical":"https:\/\/icom.museum\/fr\/covid-19\/plaidoyer\/declaration-sur-la-necessite-de-fonds-de-soutien-pour-les-musees-pendant-la-crise-du-covid-19\/","og_locale":"fr_FR","og_type":"article","og_title":"D\u00e9claration sur la n\u00e9cessit\u00e9 de fonds de soutien pour les mus\u00e9es - International Council of Museums","og_description":"Le Conseil international des mus\u00e9es (ICOM) exprime sa profonde tristesse et sa solidarit\u00e9 avec les personnes touch\u00e9es dans le monde entier par la pand\u00e9mie du COVID-19. Nous d\u00e9plorons les pertes de vies humaines et adressons nos plus sinc\u00e8res condol\u00e9ances \u00e0 celles et ceux qui ont perdu des proches \u00e0 cause du virus. Nous remercions les [&hellip;]","og_url":"https:\/\/icom.museum\/fr\/covid-19\/plaidoyer\/declaration-sur-la-necessite-de-fonds-de-soutien-pour-les-musees-pendant-la-crise-du-covid-19\/","og_site_name":"International Council of Museums","article_modified_time":"2020-04-15T10:01:17+00:00","og_image":[{"url":"https:\/\/icom.museum\/wp-content\/uploads\/2020\/04\/WhatsApp-Image-2020-04-01-at-16.51.26.jpeg"}],"twitter_card":"summary_large_image","twitter_misc":{"Dur\u00e9e de lecture estim\u00e9e":"3 minutes"},"schema":{"@context":"https:\/\/schema.org","@graph":[{"@type":"WebPage","@id":"https:\/\/icom.museum\/fr\/covid-19\/plaidoyer\/declaration-sur-la-necessite-de-fonds-de-soutien-pour-les-musees-pendant-la-crise-du-covid-19\/","url":"https:\/\/icom.museum\/fr\/covid-19\/plaidoyer\/declaration-sur-la-necessite-de-fonds-de-soutien-pour-les-musees-pendant-la-crise-du-covid-19\/","name":"D\u00e9claration sur la n\u00e9cessit\u00e9 de fonds de soutien pour les mus\u00e9es - International Council of Museums","isPartOf":{"@id":"https:\/\/icom.museum\/en\/#website"},"datePublished":"2020-04-15T09:34:23+00:00","dateModified":"2020-04-15T10:01:17+00:00","breadcrumb":{"@id":"https:\/\/icom.museum\/fr\/covid-19\/plaidoyer\/declaration-sur-la-necessite-de-fonds-de-soutien-pour-les-musees-pendant-la-crise-du-covid-19\/#breadcrumb"},"inLanguage":"fr-FR","potentialAction":[{"@type":"ReadAction","target":["https:\/\/icom.museum\/fr\/covid-19\/plaidoyer\/declaration-sur-la-necessite-de-fonds-de-soutien-pour-les-musees-pendant-la-crise-du-covid-19\/"]}]},{"@type":"BreadcrumbList","@id":"https:\/\/icom.museum\/fr\/covid-19\/plaidoyer\/declaration-sur-la-necessite-de-fonds-de-soutien-pour-les-musees-pendant-la-crise-du-covid-19\/#breadcrumb","itemListElement":[{"@type":"ListItem","position":1,"name":"Home","item":"https:\/\/icom.museum\/fr\/"},{"@type":"ListItem","position":2,"name":"COVID-19","item":"https:\/\/icom.museum\/fr\/covid-19\/"},{"@type":"ListItem","position":3,"name":"D\u00e9fendre les mus\u00e9es","item":"https:\/\/icom.museum\/fr\/covid-19\/plaidoyer\/"},{"@type":"ListItem","position":4,"name":"D\u00e9claration sur la n\u00e9cessit\u00e9 de fonds de soutien pour les mus\u00e9es"}]},{"@type":"WebSite","@id":"https:\/\/icom.museum\/en\/#website","url":"https:\/\/icom.museum\/en\/","name":"International Council of Museums","description":"A global organisation of museums &amp; museum professionals committed to the promotion and protection of cultural heritage","publisher":{"@id":"https:\/\/icom.museum\/en\/#organization"},"potentialAction":[{"@type":"SearchAction","target":{"@type":"EntryPoint","urlTemplate":"https:\/\/icom.museum\/en\/?s={search_term_string}"},"query-input":{"@type":"PropertyValueSpecification","valueRequired":true,"valueName":"search_term_string"}}],"inLanguage":"fr-FR"},{"@type":"Organization","@id":"https:\/\/icom.museum\/en\/#organization","name":"International Council of Museums","url":"https:\/\/icom.museum\/en\/","logo":{"@type":"ImageObject","inLanguage":"fr-FR","@id":"https:\/\/icom.museum\/en\/#\/schema\/logo\/image\/","url":"https:\/\/icom.museum\/wp-content\/uploads\/2018\/07\/ICOM_M_.jpg","contentUrl":"https:\/\/icom.museum\/wp-content\/uploads\/2018\/07\/ICOM_M_.jpg","width":1721,"height":1721,"caption":"International Council of Museums"},"image":{"@id":"https:\/\/icom.museum\/en\/#\/schema\/logo\/image\/"}}]}},"_links":{"self":[{"href":"https:\/\/icom.museum\/fr\/wp-json\/wp\/v2\/pages\/37757"}],"collection":[{"href":"https:\/\/icom.museum\/fr\/wp-json\/wp\/v2\/pages"}],"about":[{"href":"https:\/\/icom.museum\/fr\/wp-json\/wp\/v2\/types\/page"}],"author":[{"embeddable":true,"href":"https:\/\/icom.museum\/fr\/wp-json\/wp\/v2\/users\/3334"}],"replies":[{"embeddable":true,"href":"https:\/\/icom.museum\/fr\/wp-json\/wp\/v2\/comments?post=37757"}],"version-history":[{"count":2,"href":"https:\/\/icom.museum\/fr\/wp-json\/wp\/v2\/pages\/37757\/revisions"}],"predecessor-version":[{"id":37782,"href":"https:\/\/icom.museum\/fr\/wp-json\/wp\/v2\/pages\/37757\/revisions\/37782"}],"up":[{"embeddable":true,"href":"https:\/\/icom.museum\/fr\/wp-json\/wp\/v2\/pages\/37748"}],"wp:attachment":[{"href":"https:\/\/icom.museum\/fr\/wp-json\/wp\/v2\/media?parent=37757"}],"curies":[{"name":"wp","href":"https:\/\/api.w.org\/{rel}","templated":true}]}}