{"id":37884,"date":"2020-04-16T16:13:53","date_gmt":"2020-04-16T14:13:53","guid":{"rendered":"https:\/\/icom.museum\/covid-19\/plaidoyer\/advocate-for-museums\/"},"modified":"2020-06-11T12:30:49","modified_gmt":"2020-06-11T10:30:49","slug":"advocate-for-museums","status":"publish","type":"page","link":"https:\/\/icom.museum\/fr\/covid-19\/plaidoyer\/advocate-for-museums\/","title":{"rendered":"Passer \u00e0 l&#8217;action : d\u00e9fendez les mus\u00e9es"},"content":{"rendered":"<h2 class=\"p1 headline\"><span class=\"s1\">L&#8217;impact financier de la pand\u00e9mie de COVID-19 met en danger l&#8217;avenir des mus\u00e9es et les moyens financiers des professionnels des mus\u00e9es du monde entier.<\/span><\/h2>\n<p class=\"p1\"><span class=\"s1\">Alors que les gouvernements d\u00e9finissent leur strat\u00e9gie et les ensembles de fonds d&#8217;urgence pour faire face \u00e0 la crise \u00e9conomique imminente, le secteur des mus\u00e9es doit se rassembler et plaider collectivement pour des mesures nationales, r\u00e9gionales et locales afin d\u2019assurer sa survie.<\/span><\/p>\n<p class=\"p1\"><span class=\"s1\">Alors que les mus\u00e9es sont ferm\u00e9s, il est normal que les professionnels du secteur se sentent impuissants face \u00e0 ce contexte \u2013 mais, vous pouvez faire beaucoup pour apporter un changement positif et am\u00e9liorer la situation de votre mus\u00e9e, et celle d&#8217;autres mus\u00e9es (m\u00eame de chez vous !). Que vous poss\u00e9diez ou non une grande exp\u00e9rience dans la d\u00e9fense des mus\u00e9es, nos contributions collectives ont le potentiel de prot\u00e9ger la communaut\u00e9 mus\u00e9ale internationale.<\/span><\/p>\n<p class=\"p2\"><span class=\"s1\">Sur cette page, nous avons rassembl\u00e9 de bonnes pratiques, des infographies et du mat\u00e9riel que vous pouvez utiliser pour plaider efficacement en faveur d&#8217;une aide financi\u00e8re et d&#8217;autres mesures de s\u00e9curit\u00e9 sociale, pour aider votre mus\u00e9e.<\/span><\/p>\n<h3 class=\"p1\"><img loading=\"lazy\" decoding=\"async\" class=\"aligncenter size-full wp-image-38847\" src=\"https:\/\/icom.museum\/wp-content\/uploads\/2020\/06\/6-STEPS-TO-ADVOCATE-FOR-MUSEUMS.png\" alt=\"\" width=\"767\" height=\"138\" srcset=\"https:\/\/icom.museum\/wp-content\/uploads\/2020\/06\/6-STEPS-TO-ADVOCATE-FOR-MUSEUMS.png 767w, https:\/\/icom.museum\/wp-content\/uploads\/2020\/06\/6-STEPS-TO-ADVOCATE-FOR-MUSEUMS-300x54.png 300w\" sizes=\"(max-width: 767px) 100vw, 767px\" \/><\/h3>\n<div class=\"separator\">\n<p class=\"p1\"><span class=\"s1\"><b>1.\u00a0<\/b><\/span><span class=\"s1\"><b>D\u00e9terminez ce dont vous avez besoin<\/b><\/span><\/p>\n<\/div>\n<p class=\"p1\"><span class=\"s1\">\u00c9valuez l&#8217;impact \u00e9conomique du COVID-19 sur votre propre mus\u00e9e et \u00e9tablissez exactement ce dont vous avez besoin pour assurer l&#8217;emploi du personnel (permanent et temporaire), ses op\u00e9rations quotidiennes et ses programmes. Il peut s&#8217;agir d&#8217;un montant sp\u00e9cifique d&#8217;aide financi\u00e8re ou de mesures concr\u00e8tes de s\u00e9curit\u00e9 sociale. Une demande sp\u00e9cifique aura un impact beaucoup plus important qu&#8217;une demande impr\u00e9cise.<\/span><\/p>\n<div class=\"separator\">\n<p class=\"p1\"><span class=\"s1\"><b>2.\u00a0<\/b><\/span><span class=\"s1\"><b>Mettez-vous en relation avec vos alli\u00e9s<\/b><\/span><\/p>\n<\/div>\n<p class=\"p1\"><span class=\"s1\">Nous sommes plus forts ensemble. Contactez des organisations de mus\u00e9es locales, r\u00e9gionales et nationales, y compris votre <a href=\"https:\/\/icom.museum\/fr\/reseau\/repertoire-des-comites\/?type=220\">comit\u00e9 national de l&#8217;ICOM<\/a>, pour mettre en place ou rejoindre des initiatives de d\u00e9fense. Recherchez d&#8217;autres institutions et organisations du secteur des industries culturelles ou cr\u00e9atives qui souhaiteraient unir leurs forces aux v\u00f4tres. Pendant le confinement, il existe de nombreux outils que vous pouvez utiliser pour rester en contact, tels que les groupes WhatsApp, Slack, Zoom ou Skype.<\/span><\/p>\n<div class=\"separator\">\n<p class=\"p1\"><span class=\"s1\"><b>3.\u00a0<\/b><\/span><span class=\"s1\"><b>Elaborer un message fort<\/b><\/span><\/p>\n<\/div>\n<p class=\"p1\"><span class=\"s1\">Utilisez la m\u00e9thode SPIT pour \u00e9laborer un message fort et maximiser son impact:<\/span><\/p>\n<ul>\n<li>Sp\u00e9cifique (<em>specific<\/em>) : sachez exactement ce dont vous avez besoin.<\/li>\n<li>Personnel (<em>personal<\/em>) : personnalisez votre message en expliquant comment la pand\u00e9mie de COVID-19 affecte sp\u00e9cifiquement votre mus\u00e9e.<\/li>\n<li>Informatif (<em>informative<\/em>) : Utilisez des donn\u00e9es quantitatives pour appuyer vos propos.<\/li>\n<li>Opportun (<em>timely<\/em>) : sachez quand les d\u00e9cisions seront vot\u00e9es ou soulev\u00e9es, et contactez les \u00e9lus locaux en amont.<\/li>\n<\/ul>\n<div class=\"separator\">\n<p class=\"p1\"><span class=\"s1\"><b>4.\u00a0<\/b><\/span><span class=\"s1\"><b>Utilisez des donn\u00e9es solides<\/b><\/span><\/p>\n<\/div>\n<p class=\"p1\"><span class=\"s1\">Si la majorit\u00e9 des gens sont conscients de la valeur sociale des mus\u00e9es, l\u2019impact important qu\u2019ils ont sur le d\u00e9veloppement local n&#8217;est pas si bien connu. \u00c0 l&#8217;heure de demander de l&#8217;aide \u00e9conomique, il est important d&#8217;apport\u00e9 des donn\u00e9es sur la contribution \u00e9conomique de votre mus\u00e9e dans sa communaut\u00e9. Estimez l&#8217;impact \u00e9conomique de votre mus\u00e9e dans sa communaut\u00e9 locale, comme les emplois indirects et les recettes fiscales. Vous pouvez consulter le<i>\u00a0<a href=\"https:\/\/icom.museum\/wp-content\/uploads\/2019\/09\/OECD-ICOM-GUIDE-MUSEUMS.pdf\">Guide ICOM-OCDE pour les Gouvernements Locaux, les Communaut\u00e9s et les Mus\u00e9es<\/a><\/i>\u00a0: un outil qui peut \u00eatre utilis\u00e9 par les mus\u00e9es pour \u00e9valuer et renforcer leurs liens, existants et potentiels, avec l&#8217;\u00e9conomie locale et le tissu social.<\/span><\/p>\n<div class=\"separator\">\n<p class=\"p1\"><span class=\"s1\"><b>5.\u00a0<\/b><\/span><b>Entrez en contact avec les \u00e9lus<\/b><\/p>\n<\/div>\n<p class=\"p1\"><span class=\"s1\">Pour d\u00e9fendre votre mus\u00e9e, faites passer votre message aux acteurs politiques. Bien qu&#8217;ils puissent \u00eatre submerg\u00e9s par de nombreux autres probl\u00e8mes et ne pas r\u00e9pondre imm\u00e9diatement, ou pas du tout, il est important de leur faire savoir comment le COVID-19 affecte votre mus\u00e9e et ce qu&#8217;ils peuvent mettre en place pour vous aider. Comme les mesures de confinement ne permettent pas les r\u00e9unions en personne, vous devrez le faire \u00e0 distance. Il existe plusieurs options :<\/span><\/p>\n<p class=\"p1\"><strong><span class=\"s1\">Courriers officiels et e-mails<\/span><\/strong><span class=\"s2\">:\u00a0<\/span><span class=\"s1\"><a href=\"https:\/\/icom.museum\/wp-content\/uploads\/2020\/04\/Lettre_Example.docx\">Ici<\/a>, vous pouvez t\u00e9l\u00e9charger un exemple de lettre \u00e0 adresser aux \u00e9lus, avec des conseils et des id\u00e9es \u00e0 utiliser. Dans l&#8217;infographie ci-dessous, vous trouverez \u00e9galement une m\u00e9thode simple pour \u00e9crire votre propre lettre aux d\u00e9cideurs politiques.<\/span><\/p>\n<p><img loading=\"lazy\" decoding=\"async\" class=\"aligncenter size-large wp-image-37898\" src=\"https:\/\/icom.museum\/wp-content\/uploads\/2020\/04\/002-596x1024.png\" alt=\"\" width=\"596\" height=\"1024\" srcset=\"https:\/\/icom.museum\/wp-content\/uploads\/2020\/04\/002-596x1024.png 596w, https:\/\/icom.museum\/wp-content\/uploads\/2020\/04\/002-175x300.png 175w, https:\/\/icom.museum\/wp-content\/uploads\/2020\/04\/002-768x1320.png 768w, https:\/\/icom.museum\/wp-content\/uploads\/2020\/04\/002.png 1600w\" sizes=\"(max-width: 596px) 100vw, 596px\" \/><\/p>\n<p><span class=\"s2\"><strong>R\u00e9seaux sociaux<\/strong>:\u00a0<\/span><span class=\"s1\">De nos jours, la plupart des \u00e9lus sont actifs sur les r\u00e9seaux sociaux. Vous pouvez les contacter directement en les marquant dans vos messages. Si vous n&#8217;\u00eates pas familier \u00e0 l&#8217;utilisation des r\u00e9seaux sociaux, vous pouvez consulter le <a href=\"https:\/\/icom.museum\/fr\/news\/nouvelle-publication-pour-les-membres-de-licom-le-manuel-des-reseaux-sociaux-de-licom\/\">Manuel de r\u00e9seaux sociaux pour les comit\u00e9s de l&#8217;ICOM<\/a>. Bien que cr\u00e9\u00e9s pour nos comit\u00e9s, ces directives contiennent des conseils utiles que vous pouvez appliquer \u00e0 votre strat\u00e9gie de d\u00e9fense, telles que la conduite de campagnes ou l&#8217;\u00e9criture adapt\u00e9e aux<span class=\"Apple-converted-space\">\u00a0 <\/span>r\u00e9seaux sociaux.<\/span><\/p>\n<div class=\"separator\">\n<p class=\"p1\"><span class=\"s1\"><b>6.\u00a0<\/b><\/span><b>Restez en contact avec la communaut\u00e9 mus\u00e9ale internationale<\/b><\/p>\n<\/div>\n<p>L&#8217;ICOM continuera d\u2019apporter son soutien \u00e0 la communaut\u00e9 internationale des mus\u00e9es durant la pand\u00e9mie. Nous avons publi\u00e9 une <a href=\"https:\/\/icom.museum\/fr\/news\/declaration-sur-la-necessite-de-fonds-de-soutien-pour-les-musees-pen-dant-la-crise-du-covid-19\/\">d\u00e9claration sur la n\u00e9cessit\u00e9 de lever des fonds de secours pour les mus\u00e9es pendant la crise COVID-19<\/a> que vous pouvez utiliser pour \u00e9tayer vos arguments. De plus,\u00a0nous avons men\u00e9 une <a href=\"https:\/\/icom.museum\/fr\/covid-19\/enquetes-et-donnees\/survey-museums-and-museum-professionals\/\">enqu\u00eate sur l&#8217;impact \u00e9conomique de COVID-19 sur les mus\u00e9es et les professionnels des mus\u00e9es<\/a> dans le monde entier. Ses r\u00e9sultats donnent une vision globale de la situation actuelle et peuvent aider les mus\u00e9es et les d\u00e9cideurs politiques \u00e0 trouver des solutions \u00e0 la crise.<br \/>\nEnfin, pour renforcer efficacement les strat\u00e9gies de sensibilisation adopt\u00e9es par les comit\u00e9s nationaux de l&#8217;ICOM, nous travaillons actuellement \u00e0 l&#8217;\u00e9laboration d&#8217;un <strong>manuel de d\u00e9fense des int\u00e9r\u00eats.<\/strong> Afin de nous assurer que le contenu du manuel soit pertinent et ad\u00e9quat, nous vous demandons de remplir une enqu\u00eate sur les pratiques de plaidoyer dans votre pays et sur les actions actuelles que votre comit\u00e9 m\u00e8ne.<\/p>\n<p>Si vous n&#8217;avez pas encore particip\u00e9, vous pouvez r\u00e9pondre \u00e0 l&#8217;enqu\u00eate ci-dessous.<\/p>\n<p class=\"p6\"><span class=\"link_blue\"><a href=\"https:\/\/docs.google.com\/forms\/d\/e\/1FAIpQLSc2pyuH7c9pN-arLHp4f8JnF8vEonCoPbTfk-hR-29ZO4EKQA\/viewform\"><span class=\"s1\"><b>ENQU\u00caTE<\/b><\/span><\/a><\/span><\/p>\n","protected":false},"excerpt":{"rendered":"<p>L&#8217;impact financier de la pand\u00e9mie de COVID-19 met en danger l&#8217;avenir des mus\u00e9es et les moyens financiers des professionnels des mus\u00e9es du monde entier. Alors que les gouvernements d\u00e9finissent leur strat\u00e9gie et les ensembles de fonds d&#8217;urgence pour faire face \u00e0 la crise \u00e9conomique imminente, le secteur des mus\u00e9es doit se rassembler et plaider collectivement [&hellip;]<\/p>\n","protected":false},"author":8,"featured_media":0,"parent":37748,"menu_order":1,"comment_status":"closed","ping_status":"closed","template":"","meta":{"inline_featured_image":false,"footnotes":""},"class_list":["post-37884","page","type-page","status-publish","hentry"],"acf":[],"yoast_head":"<!-- This site is optimized with the Yoast SEO plugin v23.7 - https:\/\/yoast.com\/wordpress\/plugins\/seo\/ -->\n<title>Passer \u00e0 l&#039;action : d\u00e9fendez les mus\u00e9es - International Council of Museums<\/title>\n<meta name=\"robots\" content=\"index, follow, max-snippet:-1, max-image-preview:large, max-video-preview:-1\" \/>\n<link rel=\"canonical\" href=\"https:\/\/icom.museum\/fr\/covid-19\/plaidoyer\/advocate-for-museums\/\" \/>\n<meta property=\"og:locale\" content=\"fr_FR\" \/>\n<meta property=\"og:type\" content=\"article\" \/>\n<meta property=\"og:title\" content=\"Passer \u00e0 l&#039;action : d\u00e9fendez les mus\u00e9es - International Council of Museums\" \/>\n<meta property=\"og:description\" content=\"L&#8217;impact financier de la pand\u00e9mie de COVID-19 met en danger l&#8217;avenir des mus\u00e9es et les moyens financiers des professionnels des mus\u00e9es du monde entier. Alors que les gouvernements d\u00e9finissent leur strat\u00e9gie et les ensembles de fonds d&#8217;urgence pour faire face \u00e0 la crise \u00e9conomique imminente, le secteur des mus\u00e9es doit se rassembler et plaider collectivement [&hellip;]\" \/>\n<meta property=\"og:url\" content=\"https:\/\/icom.museum\/fr\/covid-19\/plaidoyer\/advocate-for-museums\/\" \/>\n<meta property=\"og:site_name\" content=\"International Council of Museums\" \/>\n<meta property=\"article:modified_time\" content=\"2020-06-11T10:30:49+00:00\" \/>\n<meta property=\"og:image\" content=\"https:\/\/icom.museum\/wp-content\/uploads\/2020\/06\/6-STEPS-TO-ADVOCATE-FOR-MUSEUMS.png\" \/>\n\t<meta property=\"og:image:width\" content=\"767\" \/>\n\t<meta property=\"og:image:height\" content=\"138\" \/>\n\t<meta property=\"og:image:type\" content=\"image\/png\" \/>\n<meta name=\"twitter:card\" content=\"summary_large_image\" \/>\n<meta name=\"twitter:label1\" content=\"Dur\u00e9e de lecture estim\u00e9e\" \/>\n\t<meta name=\"twitter:data1\" content=\"5 minutes\" \/>\n<script type=\"application\/ld+json\" class=\"yoast-schema-graph\">{\"@context\":\"https:\/\/schema.org\",\"@graph\":[{\"@type\":\"WebPage\",\"@id\":\"https:\/\/icom.museum\/fr\/covid-19\/plaidoyer\/advocate-for-museums\/\",\"url\":\"https:\/\/icom.museum\/fr\/covid-19\/plaidoyer\/advocate-for-museums\/\",\"name\":\"Passer \u00e0 l'action : d\u00e9fendez les mus\u00e9es - International Council of Museums\",\"isPartOf\":{\"@id\":\"https:\/\/icom.museum\/en\/#website\"},\"primaryImageOfPage\":{\"@id\":\"https:\/\/icom.museum\/fr\/covid-19\/plaidoyer\/advocate-for-museums\/#primaryimage\"},\"image\":{\"@id\":\"https:\/\/icom.museum\/fr\/covid-19\/plaidoyer\/advocate-for-museums\/#primaryimage\"},\"thumbnailUrl\":\"https:\/\/icom.museum\/wp-content\/uploads\/2020\/06\/6-STEPS-TO-ADVOCATE-FOR-MUSEUMS.png\",\"datePublished\":\"2020-04-16T14:13:53+00:00\",\"dateModified\":\"2020-06-11T10:30:49+00:00\",\"breadcrumb\":{\"@id\":\"https:\/\/icom.museum\/fr\/covid-19\/plaidoyer\/advocate-for-museums\/#breadcrumb\"},\"inLanguage\":\"fr-FR\",\"potentialAction\":[{\"@type\":\"ReadAction\",\"target\":[\"https:\/\/icom.museum\/fr\/covid-19\/plaidoyer\/advocate-for-museums\/\"]}]},{\"@type\":\"ImageObject\",\"inLanguage\":\"fr-FR\",\"@id\":\"https:\/\/icom.museum\/fr\/covid-19\/plaidoyer\/advocate-for-museums\/#primaryimage\",\"url\":\"https:\/\/icom.museum\/wp-content\/uploads\/2020\/06\/6-STEPS-TO-ADVOCATE-FOR-MUSEUMS.png\",\"contentUrl\":\"https:\/\/icom.museum\/wp-content\/uploads\/2020\/06\/6-STEPS-TO-ADVOCATE-FOR-MUSEUMS.png\"},{\"@type\":\"BreadcrumbList\",\"@id\":\"https:\/\/icom.museum\/fr\/covid-19\/plaidoyer\/advocate-for-museums\/#breadcrumb\",\"itemListElement\":[{\"@type\":\"ListItem\",\"position\":1,\"name\":\"Home\",\"item\":\"https:\/\/icom.museum\/fr\/\"},{\"@type\":\"ListItem\",\"position\":2,\"name\":\"COVID-19\",\"item\":\"https:\/\/icom.museum\/fr\/covid-19\/\"},{\"@type\":\"ListItem\",\"position\":3,\"name\":\"D\u00e9fendre les mus\u00e9es\",\"item\":\"https:\/\/icom.museum\/fr\/covid-19\/plaidoyer\/\"},{\"@type\":\"ListItem\",\"position\":4,\"name\":\"Passer \u00e0 l&#8217;action : d\u00e9fendez les mus\u00e9es\"}]},{\"@type\":\"WebSite\",\"@id\":\"https:\/\/icom.museum\/en\/#website\",\"url\":\"https:\/\/icom.museum\/en\/\",\"name\":\"International Council of Museums\",\"description\":\"A global organisation of museums &amp; museum professionals committed to the promotion and protection of cultural heritage\",\"publisher\":{\"@id\":\"https:\/\/icom.museum\/en\/#organization\"},\"potentialAction\":[{\"@type\":\"SearchAction\",\"target\":{\"@type\":\"EntryPoint\",\"urlTemplate\":\"https:\/\/icom.museum\/en\/?s={search_term_string}\"},\"query-input\":{\"@type\":\"PropertyValueSpecification\",\"valueRequired\":true,\"valueName\":\"search_term_string\"}}],\"inLanguage\":\"fr-FR\"},{\"@type\":\"Organization\",\"@id\":\"https:\/\/icom.museum\/en\/#organization\",\"name\":\"International Council of Museums\",\"url\":\"https:\/\/icom.museum\/en\/\",\"logo\":{\"@type\":\"ImageObject\",\"inLanguage\":\"fr-FR\",\"@id\":\"https:\/\/icom.museum\/en\/#\/schema\/logo\/image\/\",\"url\":\"https:\/\/icom.museum\/wp-content\/uploads\/2018\/07\/ICOM_M_.jpg\",\"contentUrl\":\"https:\/\/icom.museum\/wp-content\/uploads\/2018\/07\/ICOM_M_.jpg\",\"width\":1721,\"height\":1721,\"caption\":\"International Council of Museums\"},\"image\":{\"@id\":\"https:\/\/icom.museum\/en\/#\/schema\/logo\/image\/\"}}]}<\/script>\n<!-- \/ Yoast SEO plugin. -->","yoast_head_json":{"title":"Passer \u00e0 l'action : d\u00e9fendez les mus\u00e9es - International Council of Museums","robots":{"index":"index","follow":"follow","max-snippet":"max-snippet:-1","max-image-preview":"max-image-preview:large","max-video-preview":"max-video-preview:-1"},"canonical":"https:\/\/icom.museum\/fr\/covid-19\/plaidoyer\/advocate-for-museums\/","og_locale":"fr_FR","og_type":"article","og_title":"Passer \u00e0 l'action : d\u00e9fendez les mus\u00e9es - International Council of Museums","og_description":"L&#8217;impact financier de la pand\u00e9mie de COVID-19 met en danger l&#8217;avenir des mus\u00e9es et les moyens financiers des professionnels des mus\u00e9es du monde entier. Alors que les gouvernements d\u00e9finissent leur strat\u00e9gie et les ensembles de fonds d&#8217;urgence pour faire face \u00e0 la crise \u00e9conomique imminente, le secteur des mus\u00e9es doit se rassembler et plaider collectivement [&hellip;]","og_url":"https:\/\/icom.museum\/fr\/covid-19\/plaidoyer\/advocate-for-museums\/","og_site_name":"International Council of Museums","article_modified_time":"2020-06-11T10:30:49+00:00","og_image":[{"width":767,"height":138,"url":"https:\/\/icom.museum\/wp-content\/uploads\/2020\/06\/6-STEPS-TO-ADVOCATE-FOR-MUSEUMS.png","type":"image\/png"}],"twitter_card":"summary_large_image","twitter_misc":{"Dur\u00e9e de lecture estim\u00e9e":"5 minutes"},"schema":{"@context":"https:\/\/schema.org","@graph":[{"@type":"WebPage","@id":"https:\/\/icom.museum\/fr\/covid-19\/plaidoyer\/advocate-for-museums\/","url":"https:\/\/icom.museum\/fr\/covid-19\/plaidoyer\/advocate-for-museums\/","name":"Passer \u00e0 l'action : d\u00e9fendez les mus\u00e9es - International Council of Museums","isPartOf":{"@id":"https:\/\/icom.museum\/en\/#website"},"primaryImageOfPage":{"@id":"https:\/\/icom.museum\/fr\/covid-19\/plaidoyer\/advocate-for-museums\/#primaryimage"},"image":{"@id":"https:\/\/icom.museum\/fr\/covid-19\/plaidoyer\/advocate-for-museums\/#primaryimage"},"thumbnailUrl":"https:\/\/icom.museum\/wp-content\/uploads\/2020\/06\/6-STEPS-TO-ADVOCATE-FOR-MUSEUMS.png","datePublished":"2020-04-16T14:13:53+00:00","dateModified":"2020-06-11T10:30:49+00:00","breadcrumb":{"@id":"https:\/\/icom.museum\/fr\/covid-19\/plaidoyer\/advocate-for-museums\/#breadcrumb"},"inLanguage":"fr-FR","potentialAction":[{"@type":"ReadAction","target":["https:\/\/icom.museum\/fr\/covid-19\/plaidoyer\/advocate-for-museums\/"]}]},{"@type":"ImageObject","inLanguage":"fr-FR","@id":"https:\/\/icom.museum\/fr\/covid-19\/plaidoyer\/advocate-for-museums\/#primaryimage","url":"https:\/\/icom.museum\/wp-content\/uploads\/2020\/06\/6-STEPS-TO-ADVOCATE-FOR-MUSEUMS.png","contentUrl":"https:\/\/icom.museum\/wp-content\/uploads\/2020\/06\/6-STEPS-TO-ADVOCATE-FOR-MUSEUMS.png"},{"@type":"BreadcrumbList","@id":"https:\/\/icom.museum\/fr\/covid-19\/plaidoyer\/advocate-for-museums\/#breadcrumb","itemListElement":[{"@type":"ListItem","position":1,"name":"Home","item":"https:\/\/icom.museum\/fr\/"},{"@type":"ListItem","position":2,"name":"COVID-19","item":"https:\/\/icom.museum\/fr\/covid-19\/"},{"@type":"ListItem","position":3,"name":"D\u00e9fendre les mus\u00e9es","item":"https:\/\/icom.museum\/fr\/covid-19\/plaidoyer\/"},{"@type":"ListItem","position":4,"name":"Passer \u00e0 l&#8217;action : d\u00e9fendez les mus\u00e9es"}]},{"@type":"WebSite","@id":"https:\/\/icom.museum\/en\/#website","url":"https:\/\/icom.museum\/en\/","name":"International Council of Museums","description":"A global organisation of museums &amp; museum professionals committed to the promotion and protection of cultural heritage","publisher":{"@id":"https:\/\/icom.museum\/en\/#organization"},"potentialAction":[{"@type":"SearchAction","target":{"@type":"EntryPoint","urlTemplate":"https:\/\/icom.museum\/en\/?s={search_term_string}"},"query-input":{"@type":"PropertyValueSpecification","valueRequired":true,"valueName":"search_term_string"}}],"inLanguage":"fr-FR"},{"@type":"Organization","@id":"https:\/\/icom.museum\/en\/#organization","name":"International Council of Museums","url":"https:\/\/icom.museum\/en\/","logo":{"@type":"ImageObject","inLanguage":"fr-FR","@id":"https:\/\/icom.museum\/en\/#\/schema\/logo\/image\/","url":"https:\/\/icom.museum\/wp-content\/uploads\/2018\/07\/ICOM_M_.jpg","contentUrl":"https:\/\/icom.museum\/wp-content\/uploads\/2018\/07\/ICOM_M_.jpg","width":1721,"height":1721,"caption":"International Council of Museums"},"image":{"@id":"https:\/\/icom.museum\/en\/#\/schema\/logo\/image\/"}}]}},"_links":{"self":[{"href":"https:\/\/icom.museum\/fr\/wp-json\/wp\/v2\/pages\/37884"}],"collection":[{"href":"https:\/\/icom.museum\/fr\/wp-json\/wp\/v2\/pages"}],"about":[{"href":"https:\/\/icom.museum\/fr\/wp-json\/wp\/v2\/types\/page"}],"author":[{"embeddable":true,"href":"https:\/\/icom.museum\/fr\/wp-json\/wp\/v2\/users\/8"}],"replies":[{"embeddable":true,"href":"https:\/\/icom.museum\/fr\/wp-json\/wp\/v2\/comments?post=37884"}],"version-history":[{"count":16,"href":"https:\/\/icom.museum\/fr\/wp-json\/wp\/v2\/pages\/37884\/revisions"}],"predecessor-version":[{"id":38853,"href":"https:\/\/icom.museum\/fr\/wp-json\/wp\/v2\/pages\/37884\/revisions\/38853"}],"up":[{"embeddable":true,"href":"https:\/\/icom.museum\/fr\/wp-json\/wp\/v2\/pages\/37748"}],"wp:attachment":[{"href":"https:\/\/icom.museum\/fr\/wp-json\/wp\/v2\/media?parent=37884"}],"curies":[{"name":"wp","href":"https:\/\/api.w.org\/{rel}","templated":true}]}}