{"id":37999,"date":"2020-04-27T15:41:53","date_gmt":"2020-04-27T13:41:53","guid":{"rendered":"https:\/\/icom.museum\/?page_id=37999"},"modified":"2020-04-27T15:41:53","modified_gmt":"2020-04-27T13:41:53","slug":"assurer-la-securite-du-patrimoine-culturel-pendant-le-confinement-un-defi-pour-les-professionnels-des-musees-et-les-services-de-police","status":"publish","type":"page","link":"https:\/\/icom.museum\/fr\/covid-19\/ressources\/assurer-la-securite-du-patrimoine-culturel-pendant-le-confinement-un-defi-pour-les-professionnels-des-musees-et-les-services-de-police\/","title":{"rendered":"Assurer la s\u00e9curit\u00e9 du patrimoine culturel pendant le confinement : un d\u00e9fi pour les professionnels des mus\u00e9es et les services de police"},"content":{"rendered":"<h2 class=\"p1 headline\"><span class=\"s1\"><b>Recommandations ICOM-INTERPOL<\/b><\/span><\/h2>\n<p class=\"p1\"><span class=\"s1\">Depuis le d\u00e9but de la crise sanitaire du COVID-19, 95% des mus\u00e9es dans le monde ont \u00e9t\u00e9 contraints de fermer temporairement leurs portes pour prot\u00e9ger leurs visiteurs. Les mesures de confinement repr\u00e9sentent un \u00e9norme d\u00e9fi pour les professionnels des mus\u00e9es qui doivent continuer d\u2019assurer la s\u00e9curit\u00e9 des collections. <\/span><\/p>\n<p class=\"p1\"><span class=\"s1\">Chaque mus\u00e9e conna\u00eet une r\u00e9alit\u00e9 de terrain diff\u00e9rente, les solutions trouv\u00e9es en urgence sont donc sp\u00e9cifiques \u00e0 chaque institution : rotation des \u00e9quipes, services de s\u00e9curit\u00e9, confinement sur place, etc. L\u2019ICOM d\u00e9plore les vols perp\u00e9tr\u00e9s r\u00e9cemment au Royaume-Uni et aux Pays-Bas. Malgr\u00e9 les mesures de confinement, il est crucial de continuer d\u2019am\u00e9liorer et de renforcer la s\u00e9curit\u00e9 des mus\u00e9es. <\/span><\/p>\n<p class=\"p1\"><span class=\"s1\">Depuis des d\u00e9cennies, l\u2019ICOM et son <a href=\"http:\/\/network.icom.museum\/icms\/L\/1\/\"><span class=\"s2\">Comit\u00e9 international pour la s\u00e9curit\u00e9 dans les mus\u00e9es<\/span><\/a> aident la communaut\u00e9 mus\u00e9ale \u00e0 s\u00e9curiser les collections en proposant des conseils et des outils simples \u00e0 mettre en \u0153uvre en ce qui concerne le personnel de s\u00e9curit\u00e9, les syst\u00e8mes de d\u00e9tection des intrusions, les syst\u00e8mes de vid\u00e9osurveillance, la communication interne et le reporting. <\/span><\/p>\n<p class=\"p1\"><span class=\"s1\">INTERPOL, par l\u2019interm\u00e9diaire de son <a href=\"https:\/\/www.interpol.int\/fr\/Infractions\/Atteintes-au-patrimoine-culturel\/Que-peut-on-faire\"><span class=\"s2\">Unit\u00e9 des \u0153uvres d\u2019art vol\u00e9es<\/span><\/a>, continue de soutenir la protection du patrimoine culturel dans ses 194 pays membres.<\/span><\/p>\n<p class=\"p1\"><span class=\"s1\">Pour compl\u00e9ter ces mesures existantes, ICOM et INTERPOL recommandent d\u00e8s lors de mettre en oeuvre ou de renforcer les points suivants :<\/span><\/p>\n<p class=\"p1\"><span class=\"s1\"><b>V\u00e9rifier la s\u00e9curit\u00e9 et les syst\u00e8mes d\u2019alarme<\/b><\/span><\/p>\n<p class=\"p1\"><span class=\"s1\">Si ce n\u2019est pas d\u00e9j\u00e0 fait, les mus\u00e9es doivent analyser la situation s\u00e9curitaire et activer leurs plans de protection. En particulier :<\/span><\/p>\n<ul class=\"ul1\">\n<li class=\"li1\"><span class=\"s1\">Maintenir un gardiennage 24\/7 (nombre d\u2019agents form\u00e9s disponibles, assurer qu\u2019ils puissent se d\u00e9placer facilement, penser \u00e0 une liste de remplacement, etc.)\u00a0;<\/span><\/li>\n<li class=\"li1\"><span class=\"s1\">Tous les syst\u00e8mes de d\u00e9tection d\u2019intrusion, en particulier la vid\u00e9osurveillance et les alarmes, doivent \u00eatre pleinement op\u00e9rationnels (int\u00e9rieur et ext\u00e9rieur, 24\/7) et r\u00e9guli\u00e8rement v\u00e9rifi\u00e9s par le personnel de s\u00e9curit\u00e9\u00a0;<\/span><\/li>\n<li class=\"li1\"><span class=\"s1\">Mettre en place une proc\u00e9dure pour assurer un contact r\u00e9gulier et une cha\u00eene claire d\u2019informations entre les agents de s\u00e9curit\u00e9 et la ou les personne(s) en charge de l\u2019institution (qui appeler, dans quel ordre, num\u00e9ros de contact \u00e0 jour, etc.) ainsi qu\u2019avec les prestataires externes (si les r\u00e9serves sont externalis\u00e9es).<\/span><\/li>\n<\/ul>\n<p class=\"p1\"><span class=\"s1\"><b>Adapter les proc\u00e9dures<\/b><\/span><\/p>\n<p class=\"p1\"><span class=\"s1\">La grande majorit\u00e9 des mus\u00e9es dispose d\u00e9j\u00e0 de plans de protection de s\u00e9curit\u00e9. N\u00e9anmoins, une r\u00e9cente enqu\u00eate de l&#8217;ICOM relative \u00e0 la crise COVID-19 montre qu&#8217;environ 10 % des mus\u00e9es consid\u00e8rent que les mesures de s\u00e9curit\u00e9 suppl\u00e9mentaires sont insuffisantes. L&#8217;ICOM recommande vivement de veiller \u00e0 ce que les proc\u00e9dures soient adapt\u00e9es au confinement et \u00e0 la disponibilit\u00e9 du personnel. Par exemple :<\/span><\/p>\n<ul class=\"ul1\">\n<li class=\"li1\"><span class=\"s1\">La direction du mus\u00e9e et le personnel de s\u00e9curit\u00e9 doivent \u00e9tablir une liste stricte et claire du personnel autoris\u00e9 \u00e0 acc\u00e9der au b\u00e2timent ;<\/span><\/li>\n<li class=\"li1\"><span class=\"s1\">Les agents de s\u00e9curit\u00e9 doivent v\u00e9rifier le p\u00e9rim\u00e8tre du b\u00e2timent\/site (en particulier lorsqu&#8217;il n&#8217;y a pas de cam\u00e9ra de surveillance disponible \u00e0 l&#8217;ext\u00e9rieur) ;<\/span><\/li>\n<li class=\"li1\"><span class=\"s1\">l&#8217;approche de v\u00e9hicules dans les environs du b\u00e2timent doit \u00eatre limit\u00e9e ou emp\u00each\u00e9e, si possible (avec l&#8217;aide de la police) ;<\/span><\/li>\n<li class=\"li1\"><span class=\"s1\">tout d\u00e9placement d&#8217;\u0153uvre d&#8217;art doit \u00eatre \u00e9vit\u00e9 ;<\/span><\/li>\n<li class=\"li1\"><span class=\"s1\">la fr\u00e9quence des rapports de s\u00e9curit\u00e9 \u00e0 la direction du mus\u00e9e doit \u00eatre d&#8217;une fois par semaine minimum.<\/span><\/li>\n<\/ul>\n<p class=\"p4\"><img loading=\"lazy\" decoding=\"async\" class=\"aligncenter size-large wp-image-38111\" src=\"https:\/\/icom.museum\/wp-content\/uploads\/2020\/04\/FR-1024x273.png\" alt=\"\" width=\"1024\" height=\"273\" srcset=\"https:\/\/icom.museum\/wp-content\/uploads\/2020\/04\/FR-1024x273.png 1024w, https:\/\/icom.museum\/wp-content\/uploads\/2020\/04\/FR-300x80.png 300w, https:\/\/icom.museum\/wp-content\/uploads\/2020\/04\/FR-768x205.png 768w, https:\/\/icom.museum\/wp-content\/uploads\/2020\/04\/FR.png 1772w\" sizes=\"(max-width: 1024px) 100vw, 1024px\" \/><\/p>\n<p class=\"p1\"><span class=\"s1\"><b>Communiquer avec les services de police de mani\u00e8re r\u00e9guli\u00e8re<\/b><\/span><\/p>\n<p class=\"p1\"><span class=\"s1\">Les services de police comptent parmi les professions en premi\u00e8re ligne, le respect des mesures de quarantaine \u00e9tant une n\u00e9cessit\u00e9 absolue pour combattre la pand\u00e9mie. Cela \u00e9tant dit, l\u2019ICOM et INTERPOL encouragent chaque responsable de mus\u00e9e(s) \u00e0 maintenir une communication \u00e9troite avec leur contact au sein des forces de police et une information r\u00e9guli\u00e8re avec leur minist\u00e8re de r\u00e9f\u00e9rence\/tutelle, le cas \u00e9ch\u00e9ant.\u00a0<\/span><\/p>\n<p class=\"p1\"><span class=\"s1\">La communication r\u00e9guli\u00e8re et les \u00e9changes d\u2019information rapides entre personnes de contact identifi\u00e9es sont les cl\u00e9s de vo\u00fbte d\u2019un syst\u00e8me d\u00e9j\u00e0 adopt\u00e9 par l\u2019ICOM, INTERPOL et leurs partenaires internationaux tels que l\u2019Organisation mondiale des douanes (OMD), l\u2019UNESCO et UNIDROIT. C\u2019est \u00e9galement pour cette raison que l\u2019ICOM exhorte les mus\u00e9es victimes de vol \u00e0 contacter imm\u00e9diatement le service de police idoine afin que ce dernier puisse faire le relais avec leur Bureau Central National (BCN) d\u2019INTERPOL et l\u2019Unit\u00e9 des \u0153uvres d\u2019art vol\u00e9es au Secr\u00e9tariat d\u2019INTERPOL qui est charg\u00e9e de l\u2019enregistrement des objets dans sa base internationale.\u00a0<\/span><\/p>\n<p class=\"p5\" style=\"text-align: right;\"><span class=\"s1\"><i>&#8220;Notre histoire et notre culture sont conserv\u00e9es dans des mus\u00e9es. Aujourd&#8217;hui, plus que jamais, nous devons intensifier et renforcer les mesures de s\u00e9curit\u00e9 pour prot\u00e9ger notre patrimoine contre les attaques et de la cupidit\u00e9 des criminels. INTERPOL est fermement r\u00e9solu \u00e0 lutter contre le trafic illicite de biens culturels, qui est \u00e9troitement li\u00e9 \u00e0 la criminalit\u00e9 organis\u00e9e et au financement du terrorisme&#8221;.<\/i><\/span><\/p>\n<p class=\"p6\" style=\"text-align: right;\"><span class=\"s1\">Stephen Kavanagh, <\/span><span class=\"s1\">Directeur ex\u00e9cutif des services de police, INTERPOL<\/span><\/p>\n<p class=\"p1\"><span class=\"s1\"><b>Collaborer avec les autres institutions culturelles qui font face aux m\u00eames difficult\u00e9s<\/b><\/span><\/p>\n<p class=\"p1\"><span class=\"s1\">Les mus\u00e9es sont impact\u00e9s par cette crise mais c\u2019est \u00e9galement le cas des monuments, des sites, des biblioth\u00e8ques ainsi que des \u00e9difices religieux. Dans la situation actuelle, les probl\u00e9matiques relatives \u00e0 la s\u00e9curit\u00e9 sont une pr\u00e9occupation commune pour toutes ces institutions. Par cons\u00e9quent, les solutions d\u00e9crites ci-dessus doivent \u00eatre mutualis\u00e9es. En particulier, la communication avec les services de police qui peuvent, en concertation avec les responsables de ces institutions, pr\u00e9voir une surveillance renforc\u00e9e autour de zones particuli\u00e8rement riches en mati\u00e8re de patrimoine culturel. <\/span><\/p>\n<p class=\"p1\"><span class=\"s1\"><b>Impliquer les voisins et la communaut\u00e9 locale<\/b><\/span><\/p>\n<p class=\"p1\"><span class=\"s1\">Les mus\u00e9es repr\u00e9sentent des forces vives et prennent part au tissu social au sein de leurs communaut\u00e9s. Lorsqu\u2019un mus\u00e9e se trouve en zone r\u00e9sidentielle, les voisins, eux-m\u00eames confin\u00e9s chez eux, pourraient \u00eatre sensibilis\u00e9s \u00e0 informer la police en cas de circulation ou bruit suspect dans ou autour du mus\u00e9e. S\u2019assurer qu\u2019ils sachent qui appeler et comment agir vite sont deux points fondamentaux. <\/span><\/p>\n<p class=\"p1\"><span class=\"s1\"><b>Commencer \u00e0 penser \u00e0 demain\u2026<\/b><\/span><\/p>\n<p class=\"p5\" style=\"text-align: right;\"><span class=\"s1\"><i>&#8220;Mon conseil est de commencer \u00e0 r\u00e9fl\u00e9chir \u00e0 la mani\u00e8re dont vous allez rouvrir lorsque le moment sera venu. Vous devriez commencer \u00e0 r\u00e9fl\u00e9chir \u00e0 la fa\u00e7on dont cela sera mis en \u0153uvre dans votre mus\u00e9e. Un retour rapide \u00e0 la situation normale est la meilleure mesure de s\u00e9curit\u00e9 que l&#8217;on puisse avoir !\u201d <\/i><\/span><\/p>\n<p class=\"p6\" style=\"text-align: right;\"><span class=\"s1\">Anette Hansen, pr\u00e9sidente d\u2019ICMS<\/span><\/p>\n<p class=\"p1\"><span class=\"s1\">L\u2019ICOM est r\u00e9guli\u00e8rement inform\u00e9 d\u2019initiatives particuli\u00e8res \u2013 voire in\u00e9dites \u2013 en mati\u00e8re de s\u00e9curit\u00e9 qui ne peuvent, pour des raisons \u00e9videntes, \u00eatre rendues publiques. Cependant,\u00a0en cette p\u00e9riode de crise, il faut f\u00e9liciter tous ces hommes et ces femmes qui se battent \u00e0 l\u2019int\u00e9rieur et \u00e0 l\u2019ext\u00e9rieur des mus\u00e9es pour que les collections soient conserv\u00e9es en s\u00e9curit\u00e9 afin d\u2019\u00eatre rendues aux yeux du public une fois le confinement termin\u00e9. Merci de votre d\u00e9vouement.<\/span><\/p>\n<p><span class=\"link_red\"><a href=\"https:\/\/icom.museum\/wp-content\/uploads\/2020\/04\/ICOM-INTERPOL-RecommendationsFR-1.pdf\">Version PDF<\/a><\/span><\/p>\n<p><img loading=\"lazy\" decoding=\"async\" class=\"aligncenter size-large wp-image-38103\" src=\"https:\/\/icom.museum\/wp-content\/uploads\/2020\/04\/HeaderFR-1024x272.png\" alt=\"\" width=\"1024\" height=\"272\" srcset=\"https:\/\/icom.museum\/wp-content\/uploads\/2020\/04\/HeaderFR-1024x272.png 1024w, https:\/\/icom.museum\/wp-content\/uploads\/2020\/04\/HeaderFR-300x80.png 300w, https:\/\/icom.museum\/wp-content\/uploads\/2020\/04\/HeaderFR-768x204.png 768w\" sizes=\"(max-width: 1024px) 100vw, 1024px\" \/><\/p>\n<p>&nbsp;<\/p>\n","protected":false},"excerpt":{"rendered":"<p>Recommandations ICOM-INTERPOL Depuis le d\u00e9but de la crise sanitaire du COVID-19, 95% des mus\u00e9es dans le monde ont \u00e9t\u00e9 contraints de fermer temporairement leurs portes pour prot\u00e9ger leurs visiteurs. Les mesures de confinement repr\u00e9sentent un \u00e9norme d\u00e9fi pour les professionnels des mus\u00e9es qui doivent continuer d\u2019assurer la s\u00e9curit\u00e9 des collections. Chaque mus\u00e9e conna\u00eet une r\u00e9alit\u00e9 [&hellip;]<\/p>\n","protected":false},"author":5865,"featured_media":0,"parent":37725,"menu_order":0,"comment_status":"closed","ping_status":"closed","template":"","meta":{"inline_featured_image":false,"footnotes":""},"class_list":["post-37999","page","type-page","status-publish","hentry"],"acf":[],"yoast_head":"<!-- This site is optimized with the Yoast SEO plugin v23.7 - https:\/\/yoast.com\/wordpress\/plugins\/seo\/ -->\n<title>Assurer la s\u00e9curit\u00e9 du patrimoine culturel pendant le confinement : un d\u00e9fi pour les professionnels des mus\u00e9es et les services de police - International Council of Museums<\/title>\n<meta name=\"robots\" content=\"index, follow, max-snippet:-1, max-image-preview:large, max-video-preview:-1\" \/>\n<link rel=\"canonical\" href=\"https:\/\/icom.museum\/fr\/covid-19\/ressources\/assurer-la-securite-du-patrimoine-culturel-pendant-le-confinement-un-defi-pour-les-professionnels-des-musees-et-les-services-de-police\/\" \/>\n<meta property=\"og:locale\" content=\"fr_FR\" \/>\n<meta property=\"og:type\" content=\"article\" \/>\n<meta property=\"og:title\" content=\"Assurer la s\u00e9curit\u00e9 du patrimoine culturel pendant le confinement : un d\u00e9fi pour les professionnels des mus\u00e9es et les services de police - International Council of Museums\" \/>\n<meta property=\"og:description\" content=\"Recommandations ICOM-INTERPOL Depuis le d\u00e9but de la crise sanitaire du COVID-19, 95% des mus\u00e9es dans le monde ont \u00e9t\u00e9 contraints de fermer temporairement leurs portes pour prot\u00e9ger leurs visiteurs. Les mesures de confinement repr\u00e9sentent un \u00e9norme d\u00e9fi pour les professionnels des mus\u00e9es qui doivent continuer d\u2019assurer la s\u00e9curit\u00e9 des collections. Chaque mus\u00e9e conna\u00eet une r\u00e9alit\u00e9 [&hellip;]\" \/>\n<meta property=\"og:url\" content=\"https:\/\/icom.museum\/fr\/covid-19\/ressources\/assurer-la-securite-du-patrimoine-culturel-pendant-le-confinement-un-defi-pour-les-professionnels-des-musees-et-les-services-de-police\/\" \/>\n<meta property=\"og:site_name\" content=\"International Council of Museums\" \/>\n<meta property=\"og:image\" content=\"https:\/\/icom.museum\/wp-content\/uploads\/2020\/04\/FR.png\" \/>\n\t<meta property=\"og:image:width\" content=\"1772\" \/>\n\t<meta property=\"og:image:height\" content=\"472\" \/>\n\t<meta property=\"og:image:type\" content=\"image\/png\" \/>\n<meta name=\"twitter:card\" content=\"summary_large_image\" \/>\n<meta name=\"twitter:label1\" content=\"Dur\u00e9e de lecture estim\u00e9e\" \/>\n\t<meta name=\"twitter:data1\" content=\"6 minutes\" \/>\n<script type=\"application\/ld+json\" class=\"yoast-schema-graph\">{\"@context\":\"https:\/\/schema.org\",\"@graph\":[{\"@type\":\"WebPage\",\"@id\":\"https:\/\/icom.museum\/fr\/covid-19\/ressources\/assurer-la-securite-du-patrimoine-culturel-pendant-le-confinement-un-defi-pour-les-professionnels-des-musees-et-les-services-de-police\/\",\"url\":\"https:\/\/icom.museum\/fr\/covid-19\/ressources\/assurer-la-securite-du-patrimoine-culturel-pendant-le-confinement-un-defi-pour-les-professionnels-des-musees-et-les-services-de-police\/\",\"name\":\"Assurer la s\u00e9curit\u00e9 du patrimoine culturel pendant le confinement : un d\u00e9fi pour les professionnels des mus\u00e9es et les services de police - International Council of Museums\",\"isPartOf\":{\"@id\":\"https:\/\/icom.museum\/en\/#website\"},\"primaryImageOfPage\":{\"@id\":\"https:\/\/icom.museum\/fr\/covid-19\/ressources\/assurer-la-securite-du-patrimoine-culturel-pendant-le-confinement-un-defi-pour-les-professionnels-des-musees-et-les-services-de-police\/#primaryimage\"},\"image\":{\"@id\":\"https:\/\/icom.museum\/fr\/covid-19\/ressources\/assurer-la-securite-du-patrimoine-culturel-pendant-le-confinement-un-defi-pour-les-professionnels-des-musees-et-les-services-de-police\/#primaryimage\"},\"thumbnailUrl\":\"https:\/\/icom.museum\/wp-content\/uploads\/2020\/04\/FR-1024x273.png\",\"datePublished\":\"2020-04-27T13:41:53+00:00\",\"dateModified\":\"2020-04-27T13:41:53+00:00\",\"breadcrumb\":{\"@id\":\"https:\/\/icom.museum\/fr\/covid-19\/ressources\/assurer-la-securite-du-patrimoine-culturel-pendant-le-confinement-un-defi-pour-les-professionnels-des-musees-et-les-services-de-police\/#breadcrumb\"},\"inLanguage\":\"fr-FR\",\"potentialAction\":[{\"@type\":\"ReadAction\",\"target\":[\"https:\/\/icom.museum\/fr\/covid-19\/ressources\/assurer-la-securite-du-patrimoine-culturel-pendant-le-confinement-un-defi-pour-les-professionnels-des-musees-et-les-services-de-police\/\"]}]},{\"@type\":\"ImageObject\",\"inLanguage\":\"fr-FR\",\"@id\":\"https:\/\/icom.museum\/fr\/covid-19\/ressources\/assurer-la-securite-du-patrimoine-culturel-pendant-le-confinement-un-defi-pour-les-professionnels-des-musees-et-les-services-de-police\/#primaryimage\",\"url\":\"https:\/\/icom.museum\/wp-content\/uploads\/2020\/04\/FR-1024x273.png\",\"contentUrl\":\"https:\/\/icom.museum\/wp-content\/uploads\/2020\/04\/FR-1024x273.png\"},{\"@type\":\"BreadcrumbList\",\"@id\":\"https:\/\/icom.museum\/fr\/covid-19\/ressources\/assurer-la-securite-du-patrimoine-culturel-pendant-le-confinement-un-defi-pour-les-professionnels-des-musees-et-les-services-de-police\/#breadcrumb\",\"itemListElement\":[{\"@type\":\"ListItem\",\"position\":1,\"name\":\"Home\",\"item\":\"https:\/\/icom.museum\/fr\/\"},{\"@type\":\"ListItem\",\"position\":2,\"name\":\"COVID-19\",\"item\":\"https:\/\/icom.museum\/fr\/covid-19\/\"},{\"@type\":\"ListItem\",\"position\":3,\"name\":\"Recommandations\",\"item\":\"https:\/\/icom.museum\/fr\/covid-19\/ressources\/\"},{\"@type\":\"ListItem\",\"position\":4,\"name\":\"Assurer la s\u00e9curit\u00e9 du patrimoine culturel pendant le confinement : un d\u00e9fi pour les professionnels des mus\u00e9es et les services de police\"}]},{\"@type\":\"WebSite\",\"@id\":\"https:\/\/icom.museum\/en\/#website\",\"url\":\"https:\/\/icom.museum\/en\/\",\"name\":\"International Council of Museums\",\"description\":\"A global organisation of museums &amp; museum professionals committed to the promotion and protection of cultural heritage\",\"publisher\":{\"@id\":\"https:\/\/icom.museum\/en\/#organization\"},\"potentialAction\":[{\"@type\":\"SearchAction\",\"target\":{\"@type\":\"EntryPoint\",\"urlTemplate\":\"https:\/\/icom.museum\/en\/?s={search_term_string}\"},\"query-input\":{\"@type\":\"PropertyValueSpecification\",\"valueRequired\":true,\"valueName\":\"search_term_string\"}}],\"inLanguage\":\"fr-FR\"},{\"@type\":\"Organization\",\"@id\":\"https:\/\/icom.museum\/en\/#organization\",\"name\":\"International Council of Museums\",\"url\":\"https:\/\/icom.museum\/en\/\",\"logo\":{\"@type\":\"ImageObject\",\"inLanguage\":\"fr-FR\",\"@id\":\"https:\/\/icom.museum\/en\/#\/schema\/logo\/image\/\",\"url\":\"https:\/\/icom.museum\/wp-content\/uploads\/2018\/07\/ICOM_M_.jpg\",\"contentUrl\":\"https:\/\/icom.museum\/wp-content\/uploads\/2018\/07\/ICOM_M_.jpg\",\"width\":1721,\"height\":1721,\"caption\":\"International Council of Museums\"},\"image\":{\"@id\":\"https:\/\/icom.museum\/en\/#\/schema\/logo\/image\/\"}}]}<\/script>\n<!-- \/ Yoast SEO plugin. -->","yoast_head_json":{"title":"Assurer la s\u00e9curit\u00e9 du patrimoine culturel pendant le confinement : un d\u00e9fi pour les professionnels des mus\u00e9es et les services de police - International Council of Museums","robots":{"index":"index","follow":"follow","max-snippet":"max-snippet:-1","max-image-preview":"max-image-preview:large","max-video-preview":"max-video-preview:-1"},"canonical":"https:\/\/icom.museum\/fr\/covid-19\/ressources\/assurer-la-securite-du-patrimoine-culturel-pendant-le-confinement-un-defi-pour-les-professionnels-des-musees-et-les-services-de-police\/","og_locale":"fr_FR","og_type":"article","og_title":"Assurer la s\u00e9curit\u00e9 du patrimoine culturel pendant le confinement : un d\u00e9fi pour les professionnels des mus\u00e9es et les services de police - International Council of Museums","og_description":"Recommandations ICOM-INTERPOL Depuis le d\u00e9but de la crise sanitaire du COVID-19, 95% des mus\u00e9es dans le monde ont \u00e9t\u00e9 contraints de fermer temporairement leurs portes pour prot\u00e9ger leurs visiteurs. Les mesures de confinement repr\u00e9sentent un \u00e9norme d\u00e9fi pour les professionnels des mus\u00e9es qui doivent continuer d\u2019assurer la s\u00e9curit\u00e9 des collections. Chaque mus\u00e9e conna\u00eet une r\u00e9alit\u00e9 [&hellip;]","og_url":"https:\/\/icom.museum\/fr\/covid-19\/ressources\/assurer-la-securite-du-patrimoine-culturel-pendant-le-confinement-un-defi-pour-les-professionnels-des-musees-et-les-services-de-police\/","og_site_name":"International Council of Museums","og_image":[{"width":1772,"height":472,"url":"https:\/\/icom.museum\/wp-content\/uploads\/2020\/04\/FR.png","type":"image\/png"}],"twitter_card":"summary_large_image","twitter_misc":{"Dur\u00e9e de lecture estim\u00e9e":"6 minutes"},"schema":{"@context":"https:\/\/schema.org","@graph":[{"@type":"WebPage","@id":"https:\/\/icom.museum\/fr\/covid-19\/ressources\/assurer-la-securite-du-patrimoine-culturel-pendant-le-confinement-un-defi-pour-les-professionnels-des-musees-et-les-services-de-police\/","url":"https:\/\/icom.museum\/fr\/covid-19\/ressources\/assurer-la-securite-du-patrimoine-culturel-pendant-le-confinement-un-defi-pour-les-professionnels-des-musees-et-les-services-de-police\/","name":"Assurer la s\u00e9curit\u00e9 du patrimoine culturel pendant le confinement : un d\u00e9fi pour les professionnels des mus\u00e9es et les services de police - International Council of Museums","isPartOf":{"@id":"https:\/\/icom.museum\/en\/#website"},"primaryImageOfPage":{"@id":"https:\/\/icom.museum\/fr\/covid-19\/ressources\/assurer-la-securite-du-patrimoine-culturel-pendant-le-confinement-un-defi-pour-les-professionnels-des-musees-et-les-services-de-police\/#primaryimage"},"image":{"@id":"https:\/\/icom.museum\/fr\/covid-19\/ressources\/assurer-la-securite-du-patrimoine-culturel-pendant-le-confinement-un-defi-pour-les-professionnels-des-musees-et-les-services-de-police\/#primaryimage"},"thumbnailUrl":"https:\/\/icom.museum\/wp-content\/uploads\/2020\/04\/FR-1024x273.png","datePublished":"2020-04-27T13:41:53+00:00","dateModified":"2020-04-27T13:41:53+00:00","breadcrumb":{"@id":"https:\/\/icom.museum\/fr\/covid-19\/ressources\/assurer-la-securite-du-patrimoine-culturel-pendant-le-confinement-un-defi-pour-les-professionnels-des-musees-et-les-services-de-police\/#breadcrumb"},"inLanguage":"fr-FR","potentialAction":[{"@type":"ReadAction","target":["https:\/\/icom.museum\/fr\/covid-19\/ressources\/assurer-la-securite-du-patrimoine-culturel-pendant-le-confinement-un-defi-pour-les-professionnels-des-musees-et-les-services-de-police\/"]}]},{"@type":"ImageObject","inLanguage":"fr-FR","@id":"https:\/\/icom.museum\/fr\/covid-19\/ressources\/assurer-la-securite-du-patrimoine-culturel-pendant-le-confinement-un-defi-pour-les-professionnels-des-musees-et-les-services-de-police\/#primaryimage","url":"https:\/\/icom.museum\/wp-content\/uploads\/2020\/04\/FR-1024x273.png","contentUrl":"https:\/\/icom.museum\/wp-content\/uploads\/2020\/04\/FR-1024x273.png"},{"@type":"BreadcrumbList","@id":"https:\/\/icom.museum\/fr\/covid-19\/ressources\/assurer-la-securite-du-patrimoine-culturel-pendant-le-confinement-un-defi-pour-les-professionnels-des-musees-et-les-services-de-police\/#breadcrumb","itemListElement":[{"@type":"ListItem","position":1,"name":"Home","item":"https:\/\/icom.museum\/fr\/"},{"@type":"ListItem","position":2,"name":"COVID-19","item":"https:\/\/icom.museum\/fr\/covid-19\/"},{"@type":"ListItem","position":3,"name":"Recommandations","item":"https:\/\/icom.museum\/fr\/covid-19\/ressources\/"},{"@type":"ListItem","position":4,"name":"Assurer la s\u00e9curit\u00e9 du patrimoine culturel pendant le confinement : un d\u00e9fi pour les professionnels des mus\u00e9es et les services de police"}]},{"@type":"WebSite","@id":"https:\/\/icom.museum\/en\/#website","url":"https:\/\/icom.museum\/en\/","name":"International Council of Museums","description":"A global organisation of museums &amp; museum professionals committed to the promotion and protection of cultural heritage","publisher":{"@id":"https:\/\/icom.museum\/en\/#organization"},"potentialAction":[{"@type":"SearchAction","target":{"@type":"EntryPoint","urlTemplate":"https:\/\/icom.museum\/en\/?s={search_term_string}"},"query-input":{"@type":"PropertyValueSpecification","valueRequired":true,"valueName":"search_term_string"}}],"inLanguage":"fr-FR"},{"@type":"Organization","@id":"https:\/\/icom.museum\/en\/#organization","name":"International Council of Museums","url":"https:\/\/icom.museum\/en\/","logo":{"@type":"ImageObject","inLanguage":"fr-FR","@id":"https:\/\/icom.museum\/en\/#\/schema\/logo\/image\/","url":"https:\/\/icom.museum\/wp-content\/uploads\/2018\/07\/ICOM_M_.jpg","contentUrl":"https:\/\/icom.museum\/wp-content\/uploads\/2018\/07\/ICOM_M_.jpg","width":1721,"height":1721,"caption":"International Council of Museums"},"image":{"@id":"https:\/\/icom.museum\/en\/#\/schema\/logo\/image\/"}}]}},"_links":{"self":[{"href":"https:\/\/icom.museum\/fr\/wp-json\/wp\/v2\/pages\/37999"}],"collection":[{"href":"https:\/\/icom.museum\/fr\/wp-json\/wp\/v2\/pages"}],"about":[{"href":"https:\/\/icom.museum\/fr\/wp-json\/wp\/v2\/types\/page"}],"author":[{"embeddable":true,"href":"https:\/\/icom.museum\/fr\/wp-json\/wp\/v2\/users\/5865"}],"replies":[{"embeddable":true,"href":"https:\/\/icom.museum\/fr\/wp-json\/wp\/v2\/comments?post=37999"}],"version-history":[{"count":4,"href":"https:\/\/icom.museum\/fr\/wp-json\/wp\/v2\/pages\/37999\/revisions"}],"predecessor-version":[{"id":38094,"href":"https:\/\/icom.museum\/fr\/wp-json\/wp\/v2\/pages\/37999\/revisions\/38094"}],"up":[{"embeddable":true,"href":"https:\/\/icom.museum\/fr\/wp-json\/wp\/v2\/pages\/37725"}],"wp:attachment":[{"href":"https:\/\/icom.museum\/fr\/wp-json\/wp\/v2\/media?parent=37999"}],"curies":[{"name":"wp","href":"https:\/\/api.w.org\/{rel}","templated":true}]}}