{"id":38060,"date":"2020-04-22T12:18:37","date_gmt":"2020-04-22T10:18:37","guid":{"rendered":"https:\/\/icom.museum\/?page_id=38060"},"modified":"2020-06-30T13:07:35","modified_gmt":"2020-06-30T11:07:35","slug":"partager-vos-experiences-sur-icom-voices","status":"publish","type":"page","link":"https:\/\/icom.museum\/fr\/covid-19\/enquetes-et-donnees\/partager-vos-experiences-sur-icom-voices\/","title":{"rendered":"Partager vos exp\u00e9riences sur ICOM Voices"},"content":{"rendered":"<p class=\"p1\"><span class=\"s1\">En cette p\u00e9riode de crise sanitaire globale, la rubrique <b>ICOM Voices<\/b> lance un appel \u00e0 contributions sp\u00e9cial. Selon <a href=\"https:\/\/icom.museum\/fr\/covid-19\/enquetes-et-donnees\/survey-museums-and-museum-professionals\/\"><span class=\"s2\">une enqu\u00eate de l\u2019ICOM<\/span>,<\/a> plus de 94% des mus\u00e9es sont ferm\u00e9s dans le monde, et dans 84% des institutions, moins de 25% du personnel travaille encore sur place. Cette situation aura de s\u00e9rieuses r\u00e9percussions sur la stabilit\u00e9 \u00e9conomique des mus\u00e9es, sur la protection et la conservation des collections, et sur le secteur culturel dans son enti\u00e8ret\u00e9.\u00a0<\/span><\/p>\n<p class=\"p1\"><span class=\"s1\">Le but de cet appel est donc d\u2019encourager une r\u00e9flexion et une discussion collective autour des impacts de la crise actuelle sur les mus\u00e9es, en explorant et mettant en lumi\u00e8re les solutions d\u00e9velopp\u00e9es, notamment gr\u00e2ce aux canaux num\u00e9riques.<\/span><\/p>\n<p class=\"p1\"><span class=\"s1\">Nous invitons tous les membres de l\u2019ICOM \u00e0 partager leurs exp\u00e9riences de cette crise en proposant des articles ou des t\u00e9moignages li\u00e9s aux th\u00e8mes ci-dessous, en anglais, fran\u00e7ais ou espagnol.<\/span><\/p>\n<p><span class=\"s1\"><b>La protection et la conservation du patrimoine mat\u00e9riel et immat\u00e9riel\u00a0:<\/b><\/span><\/p>\n<ul class=\"ul1\">\n<li class=\"li1\"><span class=\"s1\">Comment la crise sanitaire actuelle impacte-t-elle la protection et la conservation du patrimoine (mat\u00e9riel et immat\u00e9riel) au sein des collections des mus\u00e9es\u00a0?<\/span><\/li>\n<\/ul>\n<p><span class=\"s1\"><b>La profession mus\u00e9ale\u00a0et son management :<\/b><\/span><\/p>\n<ul class=\"ul1\">\n<li class=\"li1\"><span class=\"s1\">Comment la crise sanitaire actuelle impacte-t-elle les conditions de travail des professionnels des mus\u00e9es\u00a0et des travailleurs ind\u00e9pendants ? <\/span><\/li>\n<li class=\"li1\"><span class=\"s1\">Quels probl\u00e8mes cela pose-t-il\u00a0? <\/span><\/li>\n<li class=\"li1\"><span class=\"s1\">Quelles solutions internes ou externes peuvent \u00eatre envisag\u00e9es\u00a0?<\/span><\/li>\n<li class=\"li1\"><span class=\"s1\">Les gouvernements ont-ils mis en place des mesures d\u2019urgence pour soutenir les mus\u00e9es\u00a0? Des initiatives locales ont-elles vu le jour pour venir compl\u00e9ter ces mesures\u00a0?<\/span><\/li>\n<\/ul>\n<p><span class=\"s1\"><b>Les communaut\u00e9s et le d\u00e9veloppement local\u00a0:<\/b><\/span><\/p>\n<ul class=\"ul1\">\n<li class=\"li1\"><span class=\"s1\">Comment les mus\u00e9es peuvent-ils aider les communaut\u00e9s \u00e0 faire face \u00e0 la crise\u00a0?<\/span><\/li>\n<li class=\"li1\"><span class=\"s1\">Quelles sont les actions men\u00e9es par les mus\u00e9es pour encourager la r\u00e9sistance des communaut\u00e9s et favoriser la sant\u00e9 et le bien-\u00eatre du public et des professionnels\u00a0?<\/span><\/li>\n<\/ul>\n<p><span class=\"s1\"><b>L\u2019accessibilit\u00e9\u00a0et l\u2019inclusion :<\/b><\/span><\/p>\n<ul class=\"ul1\">\n<li class=\"li1\"><span class=\"s1\">Comment les mus\u00e9es pr\u00e9servent-ils le lien avec leurs publics, \u00e0 distance, notamment concernant les visiteurs les plus fragiles\u00a0?<\/span><\/li>\n<li class=\"li1\"><span class=\"s1\">Comment les mus\u00e9es maintiennent-ils leur mission \u00e9ducative en stimulant la production de connaissances \u00e0 distance\u00a0? <\/span><\/li>\n<\/ul>\n<p class=\"p1\"><span class=\"s1\">Nous sommes int\u00e9ress\u00e9s par les initiatives num\u00e9riques innovantes mises en place par les institutions, mais \u00e9galement par les fa\u00e7ons dont la crise impacte les professionnels des mus\u00e9es et les travailleurs ind\u00e9pendants, individuellement.<\/span><\/p>\n<p><span class=\"link_blue\"><a href=\"https:\/\/icom.museum\/fr\/actualites\/?c=539\">LISEZ TOUS LES ARTICLES DE ICOM VOICES<\/a><\/span><\/p>\n<div class=\"separator\">\n<p class=\"p1\"><span class=\"s1\">COMMENT SOUMETTRE UNE PROPOSITION<\/span><\/p>\n<\/div>\n<p class=\"p1\"><span class=\"s1\">Pour soumettre une proposition, connectez-vous \u00e0 votre espace membre et cliquez sur \u00ab\u00a0Soumettre une proposition d\u2019article pour <b>ICOM Voices<\/b>\u00a0\u00bb.<\/span><\/p>\n<div class=\"separator\">\n<p class=\"p1\"><span class=\"s1\">FORMAT<\/span><\/p>\n<\/div>\n<p class=\"p1\"><span class=\"s1\">Merci de taper un r\u00e9sum\u00e9 de votre article, d\u2019une centaine de mots, dans le champ pr\u00e9vu \u00e0 cet effet. Les articles entiers (700 mots maximum) et les t\u00e9moignages (500 mots maximum) envoy\u00e9s en pi\u00e8ce-jointe seront \u00e9galement pris en compte.<\/span><\/p>\n<div class=\"separator\">\n<p class=\"p1\"><span class=\"s1\">LANGUE<\/span><\/p>\n<\/div>\n<p class=\"p1\"><span class=\"s1\">Vous pouvez envoyer votre proposition dans les trois langues officielles de l\u2019ICOM\u00a0: l\u2019anglais, le fran\u00e7ais ou l\u2019espagnol. Assurez-vous que votre proposition traite de l\u2019un des quatre th\u00e8mes indiqu\u00e9s ci-dessus.<\/span><\/p>\n<div class=\"separator\">\n<p class=\"p1\"><span class=\"s1\">PROC\u00c9DURE<\/span><\/p>\n<\/div>\n<p class=\"p1\"><span class=\"s1\">Les propositions re\u00e7ues seront examin\u00e9es par l\u2019\u00e9quipe charg\u00e9e de la rubrique <b>ICOM Voices<\/b>. Nous vous contacterons si votre proposition a \u00e9t\u00e9 choisie.<\/span><\/p>\n<p class=\"p1\"><span class=\"s1\">Pour consulter les consignes relatives \u00e0 la soumission d\u2019articles entiers et pour plus d\u2019informations sur le processus, <a href=\"https:\/\/icom.museum\/wp-content\/uploads\/2019\/12\/Editorial-Guidelines_web_FR.docx\">cliquez sur ce lien<\/a><\/span><span class=\"s1\">.<\/span><\/p>\n<p class=\"p1\"><span class=\"s1\">L\u2019\u00e9quipe <b>ICOM Voices<\/b> vous remercie par avance pour vos contributions.<\/span><\/p>\n","protected":false},"excerpt":{"rendered":"<p>En cette p\u00e9riode de crise sanitaire globale, la rubrique ICOM Voices lance un appel \u00e0 contributions sp\u00e9cial. Selon une enqu\u00eate de l\u2019ICOM, plus de 94% des mus\u00e9es sont ferm\u00e9s dans le monde, et dans 84% des institutions, moins de 25% du personnel travaille encore sur place. Cette situation aura de s\u00e9rieuses r\u00e9percussions sur la stabilit\u00e9 [&hellip;]<\/p>\n","protected":false},"author":3334,"featured_media":0,"parent":37736,"menu_order":0,"comment_status":"closed","ping_status":"closed","template":"","meta":{"inline_featured_image":false,"footnotes":""},"class_list":["post-38060","page","type-page","status-publish","hentry"],"acf":[],"yoast_head":"<!-- This site is optimized with the Yoast SEO plugin v23.7 - https:\/\/yoast.com\/wordpress\/plugins\/seo\/ -->\n<title>Partager vos exp\u00e9riences sur ICOM Voices - International Council of Museums<\/title>\n<meta name=\"robots\" content=\"index, follow, max-snippet:-1, max-image-preview:large, max-video-preview:-1\" \/>\n<link rel=\"canonical\" href=\"https:\/\/icom.museum\/fr\/covid-19\/enquetes-et-donnees\/partager-vos-experiences-sur-icom-voices\/\" \/>\n<meta property=\"og:locale\" content=\"fr_FR\" \/>\n<meta property=\"og:type\" content=\"article\" \/>\n<meta property=\"og:title\" content=\"Partager vos exp\u00e9riences sur ICOM Voices - International Council of Museums\" \/>\n<meta property=\"og:description\" content=\"En cette p\u00e9riode de crise sanitaire globale, la rubrique ICOM Voices lance un appel \u00e0 contributions sp\u00e9cial. Selon une enqu\u00eate de l\u2019ICOM, plus de 94% des mus\u00e9es sont ferm\u00e9s dans le monde, et dans 84% des institutions, moins de 25% du personnel travaille encore sur place. Cette situation aura de s\u00e9rieuses r\u00e9percussions sur la stabilit\u00e9 [&hellip;]\" \/>\n<meta property=\"og:url\" content=\"https:\/\/icom.museum\/fr\/covid-19\/enquetes-et-donnees\/partager-vos-experiences-sur-icom-voices\/\" \/>\n<meta property=\"og:site_name\" content=\"International Council of Museums\" \/>\n<meta property=\"article:modified_time\" content=\"2020-06-30T11:07:35+00:00\" \/>\n<meta property=\"og:image\" content=\"https:\/\/icom.museum\/wp-content\/uploads\/2020\/04\/Copia-di-What-do-you-love-about-social-media_-happysocialmediaday.png\" \/>\n<meta name=\"twitter:card\" content=\"summary_large_image\" \/>\n<meta name=\"twitter:label1\" content=\"Dur\u00e9e de lecture estim\u00e9e\" \/>\n\t<meta name=\"twitter:data1\" content=\"3 minutes\" \/>\n<script type=\"application\/ld+json\" class=\"yoast-schema-graph\">{\"@context\":\"https:\/\/schema.org\",\"@graph\":[{\"@type\":\"WebPage\",\"@id\":\"https:\/\/icom.museum\/fr\/covid-19\/enquetes-et-donnees\/partager-vos-experiences-sur-icom-voices\/\",\"url\":\"https:\/\/icom.museum\/fr\/covid-19\/enquetes-et-donnees\/partager-vos-experiences-sur-icom-voices\/\",\"name\":\"Partager vos exp\u00e9riences sur ICOM Voices - International Council of Museums\",\"isPartOf\":{\"@id\":\"https:\/\/icom.museum\/en\/#website\"},\"datePublished\":\"2020-04-22T10:18:37+00:00\",\"dateModified\":\"2020-06-30T11:07:35+00:00\",\"breadcrumb\":{\"@id\":\"https:\/\/icom.museum\/fr\/covid-19\/enquetes-et-donnees\/partager-vos-experiences-sur-icom-voices\/#breadcrumb\"},\"inLanguage\":\"fr-FR\",\"potentialAction\":[{\"@type\":\"ReadAction\",\"target\":[\"https:\/\/icom.museum\/fr\/covid-19\/enquetes-et-donnees\/partager-vos-experiences-sur-icom-voices\/\"]}]},{\"@type\":\"BreadcrumbList\",\"@id\":\"https:\/\/icom.museum\/fr\/covid-19\/enquetes-et-donnees\/partager-vos-experiences-sur-icom-voices\/#breadcrumb\",\"itemListElement\":[{\"@type\":\"ListItem\",\"position\":1,\"name\":\"Home\",\"item\":\"https:\/\/icom.museum\/fr\/\"},{\"@type\":\"ListItem\",\"position\":2,\"name\":\"COVID-19\",\"item\":\"https:\/\/icom.museum\/fr\/covid-19\/\"},{\"@type\":\"ListItem\",\"position\":3,\"name\":\"Enqu\u00eates et donn\u00e9es\",\"item\":\"https:\/\/icom.museum\/fr\/covid-19\/enquetes-et-donnees\/\"},{\"@type\":\"ListItem\",\"position\":4,\"name\":\"Partager vos exp\u00e9riences sur ICOM Voices\"}]},{\"@type\":\"WebSite\",\"@id\":\"https:\/\/icom.museum\/en\/#website\",\"url\":\"https:\/\/icom.museum\/en\/\",\"name\":\"International Council of Museums\",\"description\":\"A global organisation of museums &amp; museum professionals committed to the promotion and protection of cultural heritage\",\"publisher\":{\"@id\":\"https:\/\/icom.museum\/en\/#organization\"},\"potentialAction\":[{\"@type\":\"SearchAction\",\"target\":{\"@type\":\"EntryPoint\",\"urlTemplate\":\"https:\/\/icom.museum\/en\/?s={search_term_string}\"},\"query-input\":{\"@type\":\"PropertyValueSpecification\",\"valueRequired\":true,\"valueName\":\"search_term_string\"}}],\"inLanguage\":\"fr-FR\"},{\"@type\":\"Organization\",\"@id\":\"https:\/\/icom.museum\/en\/#organization\",\"name\":\"International Council of Museums\",\"url\":\"https:\/\/icom.museum\/en\/\",\"logo\":{\"@type\":\"ImageObject\",\"inLanguage\":\"fr-FR\",\"@id\":\"https:\/\/icom.museum\/en\/#\/schema\/logo\/image\/\",\"url\":\"https:\/\/icom.museum\/wp-content\/uploads\/2018\/07\/ICOM_M_.jpg\",\"contentUrl\":\"https:\/\/icom.museum\/wp-content\/uploads\/2018\/07\/ICOM_M_.jpg\",\"width\":1721,\"height\":1721,\"caption\":\"International Council of Museums\"},\"image\":{\"@id\":\"https:\/\/icom.museum\/en\/#\/schema\/logo\/image\/\"}}]}<\/script>\n<!-- \/ Yoast SEO plugin. -->","yoast_head_json":{"title":"Partager vos exp\u00e9riences sur ICOM Voices - International Council of Museums","robots":{"index":"index","follow":"follow","max-snippet":"max-snippet:-1","max-image-preview":"max-image-preview:large","max-video-preview":"max-video-preview:-1"},"canonical":"https:\/\/icom.museum\/fr\/covid-19\/enquetes-et-donnees\/partager-vos-experiences-sur-icom-voices\/","og_locale":"fr_FR","og_type":"article","og_title":"Partager vos exp\u00e9riences sur ICOM Voices - International Council of Museums","og_description":"En cette p\u00e9riode de crise sanitaire globale, la rubrique ICOM Voices lance un appel \u00e0 contributions sp\u00e9cial. Selon une enqu\u00eate de l\u2019ICOM, plus de 94% des mus\u00e9es sont ferm\u00e9s dans le monde, et dans 84% des institutions, moins de 25% du personnel travaille encore sur place. Cette situation aura de s\u00e9rieuses r\u00e9percussions sur la stabilit\u00e9 [&hellip;]","og_url":"https:\/\/icom.museum\/fr\/covid-19\/enquetes-et-donnees\/partager-vos-experiences-sur-icom-voices\/","og_site_name":"International Council of Museums","article_modified_time":"2020-06-30T11:07:35+00:00","og_image":[{"url":"https:\/\/icom.museum\/wp-content\/uploads\/2020\/04\/Copia-di-What-do-you-love-about-social-media_-happysocialmediaday.png"}],"twitter_card":"summary_large_image","twitter_misc":{"Dur\u00e9e de lecture estim\u00e9e":"3 minutes"},"schema":{"@context":"https:\/\/schema.org","@graph":[{"@type":"WebPage","@id":"https:\/\/icom.museum\/fr\/covid-19\/enquetes-et-donnees\/partager-vos-experiences-sur-icom-voices\/","url":"https:\/\/icom.museum\/fr\/covid-19\/enquetes-et-donnees\/partager-vos-experiences-sur-icom-voices\/","name":"Partager vos exp\u00e9riences sur ICOM Voices - International Council of Museums","isPartOf":{"@id":"https:\/\/icom.museum\/en\/#website"},"datePublished":"2020-04-22T10:18:37+00:00","dateModified":"2020-06-30T11:07:35+00:00","breadcrumb":{"@id":"https:\/\/icom.museum\/fr\/covid-19\/enquetes-et-donnees\/partager-vos-experiences-sur-icom-voices\/#breadcrumb"},"inLanguage":"fr-FR","potentialAction":[{"@type":"ReadAction","target":["https:\/\/icom.museum\/fr\/covid-19\/enquetes-et-donnees\/partager-vos-experiences-sur-icom-voices\/"]}]},{"@type":"BreadcrumbList","@id":"https:\/\/icom.museum\/fr\/covid-19\/enquetes-et-donnees\/partager-vos-experiences-sur-icom-voices\/#breadcrumb","itemListElement":[{"@type":"ListItem","position":1,"name":"Home","item":"https:\/\/icom.museum\/fr\/"},{"@type":"ListItem","position":2,"name":"COVID-19","item":"https:\/\/icom.museum\/fr\/covid-19\/"},{"@type":"ListItem","position":3,"name":"Enqu\u00eates et donn\u00e9es","item":"https:\/\/icom.museum\/fr\/covid-19\/enquetes-et-donnees\/"},{"@type":"ListItem","position":4,"name":"Partager vos exp\u00e9riences sur ICOM Voices"}]},{"@type":"WebSite","@id":"https:\/\/icom.museum\/en\/#website","url":"https:\/\/icom.museum\/en\/","name":"International Council of Museums","description":"A global organisation of museums &amp; museum professionals committed to the promotion and protection of cultural heritage","publisher":{"@id":"https:\/\/icom.museum\/en\/#organization"},"potentialAction":[{"@type":"SearchAction","target":{"@type":"EntryPoint","urlTemplate":"https:\/\/icom.museum\/en\/?s={search_term_string}"},"query-input":{"@type":"PropertyValueSpecification","valueRequired":true,"valueName":"search_term_string"}}],"inLanguage":"fr-FR"},{"@type":"Organization","@id":"https:\/\/icom.museum\/en\/#organization","name":"International Council of Museums","url":"https:\/\/icom.museum\/en\/","logo":{"@type":"ImageObject","inLanguage":"fr-FR","@id":"https:\/\/icom.museum\/en\/#\/schema\/logo\/image\/","url":"https:\/\/icom.museum\/wp-content\/uploads\/2018\/07\/ICOM_M_.jpg","contentUrl":"https:\/\/icom.museum\/wp-content\/uploads\/2018\/07\/ICOM_M_.jpg","width":1721,"height":1721,"caption":"International Council of Museums"},"image":{"@id":"https:\/\/icom.museum\/en\/#\/schema\/logo\/image\/"}}]}},"_links":{"self":[{"href":"https:\/\/icom.museum\/fr\/wp-json\/wp\/v2\/pages\/38060"}],"collection":[{"href":"https:\/\/icom.museum\/fr\/wp-json\/wp\/v2\/pages"}],"about":[{"href":"https:\/\/icom.museum\/fr\/wp-json\/wp\/v2\/types\/page"}],"author":[{"embeddable":true,"href":"https:\/\/icom.museum\/fr\/wp-json\/wp\/v2\/users\/3334"}],"replies":[{"embeddable":true,"href":"https:\/\/icom.museum\/fr\/wp-json\/wp\/v2\/comments?post=38060"}],"version-history":[{"count":5,"href":"https:\/\/icom.museum\/fr\/wp-json\/wp\/v2\/pages\/38060\/revisions"}],"predecessor-version":[{"id":39432,"href":"https:\/\/icom.museum\/fr\/wp-json\/wp\/v2\/pages\/38060\/revisions\/39432"}],"up":[{"embeddable":true,"href":"https:\/\/icom.museum\/fr\/wp-json\/wp\/v2\/pages\/37736"}],"wp:attachment":[{"href":"https:\/\/icom.museum\/fr\/wp-json\/wp\/v2\/media?parent=38060"}],"curies":[{"name":"wp","href":"https:\/\/api.w.org\/{rel}","templated":true}]}}