{"id":38664,"date":"2020-06-01T09:53:39","date_gmt":"2020-06-01T07:53:39","guid":{"rendered":"https:\/\/icom.museum\/?page_id=38664"},"modified":"2020-06-01T09:53:39","modified_gmt":"2020-06-01T07:53:39","slug":"musees-et-deconfinement-assurer-la-securite-du-public-et-du-personnel-une-priorite-2","status":"publish","type":"page","link":"https:\/\/icom.museum\/fr\/covid-19\/ressources\/musees-et-deconfinement-assurer-la-securite-du-public-et-du-personnel-une-priorite-2\/","title":{"rendered":"Mus\u00e9es et d\u00e9confinement : assurer la s\u00e9curit\u00e9 du public et du personnel, une priorit\u00e9"},"content":{"rendered":"<p>Alors que les mesures de confinement prennent progressivement fin dans plusieurs r\u00e9gions et pays, les mus\u00e9es doivent adapter et mettre \u00e0 jour leurs protocoles de s\u00e9curit\u00e9 sanitaire afin de rouvrir dans de bonnes conditions. Bien que les r\u00e9glementations nationales varient en fonction de l&#8217;\u00e9volution sp\u00e9cifique de la pand\u00e9mie de COVID-19, certaines mesures de base peuvent \u00eatre prises pour prot\u00e9ger la sant\u00e9 des visiteurs et du personnel.<\/p>\n<div class=\"separator\">\n<p>Pr\u00e9parer l\u2019arriv\u00e9e du public<\/p>\n<\/div>\n<ul>\n<li>D\u00e9finir un nombre maximum de visiteurs dans le mus\u00e9e et en informer le public<\/li>\n<li>D\u00e9finir un nombre maximum de visiteurs par salles d\u2019exposition et en informer le public (il est recommand\u00e9 de fixer un nombre maximum de personne par m\u00b2 afin de permettre une distance de s\u00e9curit\u00e9 de 1,5 m\u00e8tre entre chaque visiteur)<\/li>\n<li>D\u00e9terminer le temps moyen de visite pour \u00e9tablir des cr\u00e9neaux horaires<\/li>\n<li>Envisager une r\u00e9ouverture progressive des expositions<\/li>\n<li>Dans la mesure du possible, mettre en place un syst\u00e8me de r\u00e9servation (en ligne, par t\u00e9l\u00e9phone et\/ou par mail). Mettre en place un syst\u00e8me de billetterie en ligne. Les billets en ligne pourront \u00eatre scann\u00e9s par les visiteurs eux-m\u00eames \u00e0 l\u2019entr\u00e9e du mus\u00e9e<\/li>\n<li>Envisager des heures d&#8217;ouverture prolong\u00e9es<\/li>\n<li>Envisager des heures d\u2019ouverture r\u00e9serv\u00e9es \u00e0 certains groupes du public (p.ex. &gt; 65 ans)<\/li>\n<li>Refuser l\u2019acc\u00e8s aux personnes montrant des sympt\u00f4mes de la maladie<\/li>\n<li>Pr\u00e9venir le public sur le site internet de l\u2019institution (le cas \u00e9ch\u00e9ant) et avant l\u2019entr\u00e9e dans le mus\u00e9e des restrictions li\u00e9es au contexte<\/li>\n<\/ul>\n<div class=\"separator\">\n<p>Accueil du public &#8211; adapter la circulation<\/p>\n<\/div>\n<ul>\n<li>Eviter ou g\u00e9rer les files d\u2019attente \u00e0 l\u2019entr\u00e9e et aux comptoirs<\/li>\n<li>Envisager un marquage au sol pour les files d\u2019attente afin que la distance recommand\u00e9e d\u20191,5 m soit respect\u00e9e<\/li>\n<li>Assurer une mise \u00e0 distance entre les visiteurs et les comptoirs d\u2019accueil, installer \u00e9ventuellement une vitre pour prot\u00e9ger le personnel et les visiteurs<\/li>\n<li>Fermer les vestiaires requ\u00e9rant la pr\u00e9sence de personnel (les casiers peuvent rester \u00e0 disposition s\u2019ils sont d\u00e9sinfect\u00e9s entre chaque utilisation) pour \u00e9viter des manipulations et des contacts superflus<\/li>\n<li>Veiller \u00e0 faire respecter des flux s\u00e9par\u00e9s d\u2019entr\u00e9es et de sorties et pr\u00e9voir un parcours de visite des salles \u00e0 sens unique (si possible)<\/li>\n<li>Les visites guid\u00e9es et les offres p\u00e9dagogiques peuvent \u00eatre assur\u00e9es si la distance de s\u00e9curit\u00e9 entre les participants est respect\u00e9e. Si cela est le cas, d\u00e9finir des cr\u00e9neaux horaires sp\u00e9cifiques pour les visites de groupe et restreindre leur taille.<\/li>\n<li>L\u2019ouverture des espaces communs commerciaux (caf\u00e9t\u00e9ria, librairie, boutiques) sont soumis aux r\u00e9glementations sp\u00e9cifiques nationales les concernant<\/li>\n<\/ul>\n<div class=\"separator\">\n<figure id=\"attachment_38378\" aria-describedby=\"caption-attachment-38378\" style=\"width: 300px\" class=\"wp-caption aligncenter\"><img loading=\"lazy\" decoding=\"async\" class=\"wp-image-38378 size-medium\" src=\"https:\/\/icom.museum\/wp-content\/uploads\/2020\/05\/anshu-a-oJdsl8Xn4W0-unsplash-e1589288449179-300x199.jpg\" alt=\"\" width=\"300\" height=\"199\" srcset=\"https:\/\/icom.museum\/wp-content\/uploads\/2020\/05\/anshu-a-oJdsl8Xn4W0-unsplash-e1589288449179-300x199.jpg 300w, https:\/\/icom.museum\/wp-content\/uploads\/2020\/05\/anshu-a-oJdsl8Xn4W0-unsplash-e1589288449179.jpg 635w\" sizes=\"(max-width: 300px) 100vw, 300px\" \/><figcaption id=\"caption-attachment-38378\" class=\"wp-caption-text\">Photo by Anshu A on Unsplash<\/figcaption><\/figure>\n<p>Accueil du public &#8211; renforcer les mesures d&#8217;hygi\u00e8ne<\/p>\n<\/div>\n<ul>\n<li>Installer des distributeurs de gel d\u00e9sinfectant \u00e0 l\u2019entr\u00e9e du mus\u00e9e et placer une signal\u00e9tique encourageant les visiteurs \u00e0 respecter les mesures d\u2019hygi\u00e8ne en vigueur<\/li>\n<li>Veiller \u00e0 ce que les visiteurs aient acc\u00e8s \u00e0 des toilettes (permettant de se laver les mains avec du savon et de l&#8217;eau chaude et privil\u00e9gier le mat\u00e9riel hygi\u00e9nique jetable \u00e0 cet \u00e9gard) et adapter cet acc\u00e8s aux r\u00e8gles de distanciation sociale en vigueur (marquage au sol, etc.)<\/li>\n<li>Veiller \u00e0 ce que les audioguides, les casques audios et autres dispositifs similaires qui n\u00e9cessitent une manipulation soient d\u00e9sinfect\u00e9s syst\u00e9matiquement apr\u00e8s chaque utilisation<\/li>\n<li>Les installations d\u2019aide aux personnes d\u00e9ficientes et les dispositifs expos\u00e9s \u00e0 des fins p\u00e9dagogiques comportant des boutons de commande doivent \u00eatre nettoy\u00e9s fr\u00e9quemment \u00e0 l&#8217;aide de produits d\u00e9sinfectants<\/li>\n<li>Les portes int\u00e9rieures resteront ouvertes (si possible). A d\u00e9faut, elles devront \u00eatre d\u00e9sinfect\u00e9es \u00e0 chaque utilisation<\/li>\n<\/ul>\n<div class=\"separator\">\n<p>Accueil du public &#8211; restreindre l&#8217;acc\u00e8s si n\u00e9cessaire<\/p>\n<\/div>\n<ul>\n<li>Restreindre l&#8217;acc\u00e8s aux salles et aux installations qui ne peuvent pas \u00eatre nettoy\u00e9es ou d\u00e9sinfect\u00e9es en totalit\u00e9<\/li>\n<li>Fermer les installations (d\u2019art contemporain par exemple) qui impliquent une interaction du visiteur<\/li>\n<li>Les ascenseurs devront \u00eatre r\u00e9serv\u00e9s aux personnes \u00e0 mobilit\u00e9 r\u00e9duite, en veillant \u00e0 ce que la distance d\u20191m50 soit respect\u00e9e entre chaque usager. Les boutons de commandes seront d\u00e9sinfect\u00e9s apr\u00e8s chaque utilisation<\/li>\n<li>Si les espaces communs ne permettent pas l\u2019application des r\u00e8gles de distanciation sociale, un am\u00e9nagement des horaires et de la circulation pourra \u00eatre envisag\u00e9<\/li>\n<\/ul>\n<div class=\"separator\">\n<figure id=\"attachment_38381\" aria-describedby=\"caption-attachment-38381\" style=\"width: 483px\" class=\"wp-caption aligncenter\"><img loading=\"lazy\" decoding=\"async\" class=\"size-full wp-image-38381\" src=\"https:\/\/icom.museum\/wp-content\/uploads\/2020\/05\/eric-tompkins-u6DT7nigEmw-unsplash-2-e1589288518168.jpg\" alt=\"\" width=\"483\" height=\"336\" srcset=\"https:\/\/icom.museum\/wp-content\/uploads\/2020\/05\/eric-tompkins-u6DT7nigEmw-unsplash-2-e1589288518168.jpg 483w, https:\/\/icom.museum\/wp-content\/uploads\/2020\/05\/eric-tompkins-u6DT7nigEmw-unsplash-2-e1589288518168-300x209.jpg 300w\" sizes=\"(max-width: 483px) 100vw, 483px\" \/><figcaption id=\"caption-attachment-38381\" class=\"wp-caption-text\">Photo by Eric Tompkins on Unsplash<\/figcaption><\/figure>\n<p>Personnel d&#8217;accueil et de s\u00e9curit\u00e9<\/p>\n<\/div>\n<ul>\n<li>Des agents de gardiennage doivent \u00eatre pr\u00e9sents \u00e0 l\u2019accueil et dans les salles du mus\u00e9e pour veiller \u00e0 la distance suffisante entre le visiteur et les oeuvres expos\u00e9es, mais \u00e9galement \u00e0 la distance entre les visiteurs entre eux. Si n\u00e9cessaire, pour assurer la s\u00e9curit\u00e9 des oeuvres et des visiteurs, les \u00e9quipes peuvent \u00eatre renforc\u00e9es<\/li>\n<li>Procurer au personnel les dispositifs de protection ad\u00e9quats (protection \u00e0 la caisse, masques, d\u00e9sinfectants), condition sine qua non de l\u2019ouverture au public<\/li>\n<\/ul>\n<div class=\"separator\">\n<p>Nettoyage et mesures de conservation<\/p>\n<\/div>\n<ul>\n<li>Augmenter les intervalles de nettoyage, en fonction des consignes nationales<\/li>\n<li>L\u2019ensemble des lieux du mus\u00e9e accessibles au public sera au minimum nettoy\u00e9 quotidiennement<\/li>\n<li>Pour garantir la conservation des collections des mus\u00e9es, voir \u00e9galement <a href=\"https:\/\/icom.museum\/fr\/covid-19\/ressources\/recommandations-pour-la-conservation\/\">les mises \u00e0 jour des recommandations sur le sujet<\/a><\/li>\n<\/ul>\n<div class=\"separator\">\n<p>Dans les bureaux<\/p>\n<\/div>\n<ul>\n<li>Envisager une adaptation durable des plans d&#8217;urgence<\/li>\n<li>Prolonger les pr\u00eats d\u2019\u0153uvre pour limiter le plus possibles les mouvements, les manipulations et les transports<\/li>\n<li>Les lieux accessibles au personnel seront nettoy\u00e9s en fonction des consignes nationales<\/li>\n<li>Le mat\u00e9riel commun utilis\u00e9 par plusieurs membres du personnel devra \u00eatre d\u00e9sinfect\u00e9 r\u00e9guli\u00e8rement. En l\u2019absence de r\u00e8gles de d\u00e9sinfection, il ne sera pas utilis\u00e9<\/li>\n<li>Le personnel nettoiera quotidiennement son poste de travail au moyen de lingettes ou papiers alcoolis\u00e9es ind\u00e9pendamment du service de nettoyage en place<\/li>\n<li>Tout employ\u00e9 dont l\u2019activit\u00e9 ne requiert pas une pr\u00e9sence sur site continuera \u00e0 travailler depuis son domicile et en fonction des consignes nationales<\/li>\n<\/ul>\n<p>&nbsp;<\/p>\n<h3>Enfin, il est recommand\u00e9 que les mus\u00e9es qui ne sont pas en capacit\u00e9 de r\u00e9pondre \u00e0 ces mesures prolongent leurs fermetures.<\/h3>\n","protected":false},"excerpt":{"rendered":"<p>Alors que les mesures de confinement prennent progressivement fin dans plusieurs r\u00e9gions et pays, les mus\u00e9es doivent adapter et mettre \u00e0 jour leurs protocoles de s\u00e9curit\u00e9 sanitaire afin de rouvrir dans de bonnes conditions. Bien que les r\u00e9glementations nationales varient en fonction de l&#8217;\u00e9volution sp\u00e9cifique de la pand\u00e9mie de COVID-19, certaines mesures de base peuvent [&hellip;]<\/p>\n","protected":false},"author":3334,"featured_media":0,"parent":37725,"menu_order":0,"comment_status":"closed","ping_status":"closed","template":"","meta":{"inline_featured_image":false,"footnotes":""},"class_list":["post-38664","page","type-page","status-publish","hentry"],"acf":[],"yoast_head":"<!-- This site is optimized with the Yoast SEO plugin v23.7 - https:\/\/yoast.com\/wordpress\/plugins\/seo\/ -->\n<title>Mus\u00e9es et d\u00e9confinement : assurer la s\u00e9curit\u00e9 du public et du personnel, une priorit\u00e9 - International Council of Museums<\/title>\n<meta name=\"robots\" content=\"index, follow, max-snippet:-1, max-image-preview:large, max-video-preview:-1\" \/>\n<link rel=\"canonical\" href=\"https:\/\/icom.museum\/fr\/covid-19\/ressources\/musees-et-deconfinement-assurer-la-securite-du-public-et-du-personnel-une-priorite-2\/\" \/>\n<meta property=\"og:locale\" content=\"fr_FR\" \/>\n<meta property=\"og:type\" content=\"article\" \/>\n<meta property=\"og:title\" content=\"Mus\u00e9es et d\u00e9confinement : assurer la s\u00e9curit\u00e9 du public et du personnel, une priorit\u00e9 - International Council of Museums\" \/>\n<meta property=\"og:description\" content=\"Alors que les mesures de confinement prennent progressivement fin dans plusieurs r\u00e9gions et pays, les mus\u00e9es doivent adapter et mettre \u00e0 jour leurs protocoles de s\u00e9curit\u00e9 sanitaire afin de rouvrir dans de bonnes conditions. Bien que les r\u00e9glementations nationales varient en fonction de l&#8217;\u00e9volution sp\u00e9cifique de la pand\u00e9mie de COVID-19, certaines mesures de base peuvent [&hellip;]\" \/>\n<meta property=\"og:url\" content=\"https:\/\/icom.museum\/fr\/covid-19\/ressources\/musees-et-deconfinement-assurer-la-securite-du-public-et-du-personnel-une-priorite-2\/\" \/>\n<meta property=\"og:site_name\" content=\"International Council of Museums\" \/>\n<meta property=\"og:image\" content=\"https:\/\/icom.museum\/wp-content\/uploads\/2020\/05\/anshu-a-oJdsl8Xn4W0-unsplash-e1589288449179.jpg\" \/>\n\t<meta property=\"og:image:width\" content=\"635\" \/>\n\t<meta property=\"og:image:height\" content=\"421\" \/>\n\t<meta property=\"og:image:type\" content=\"image\/jpeg\" \/>\n<meta name=\"twitter:card\" content=\"summary_large_image\" \/>\n<meta name=\"twitter:label1\" content=\"Dur\u00e9e de lecture estim\u00e9e\" \/>\n\t<meta name=\"twitter:data1\" content=\"5 minutes\" \/>\n<script type=\"application\/ld+json\" class=\"yoast-schema-graph\">{\"@context\":\"https:\/\/schema.org\",\"@graph\":[{\"@type\":\"WebPage\",\"@id\":\"https:\/\/icom.museum\/fr\/covid-19\/ressources\/musees-et-deconfinement-assurer-la-securite-du-public-et-du-personnel-une-priorite-2\/\",\"url\":\"https:\/\/icom.museum\/fr\/covid-19\/ressources\/musees-et-deconfinement-assurer-la-securite-du-public-et-du-personnel-une-priorite-2\/\",\"name\":\"Mus\u00e9es et d\u00e9confinement : assurer la s\u00e9curit\u00e9 du public et du personnel, une priorit\u00e9 - International Council of Museums\",\"isPartOf\":{\"@id\":\"https:\/\/icom.museum\/en\/#website\"},\"primaryImageOfPage\":{\"@id\":\"https:\/\/icom.museum\/fr\/covid-19\/ressources\/musees-et-deconfinement-assurer-la-securite-du-public-et-du-personnel-une-priorite-2\/#primaryimage\"},\"image\":{\"@id\":\"https:\/\/icom.museum\/fr\/covid-19\/ressources\/musees-et-deconfinement-assurer-la-securite-du-public-et-du-personnel-une-priorite-2\/#primaryimage\"},\"thumbnailUrl\":\"https:\/\/icom.museum\/wp-content\/uploads\/2020\/05\/anshu-a-oJdsl8Xn4W0-unsplash-e1589288449179-300x199.jpg\",\"datePublished\":\"2020-06-01T07:53:39+00:00\",\"dateModified\":\"2020-06-01T07:53:39+00:00\",\"breadcrumb\":{\"@id\":\"https:\/\/icom.museum\/fr\/covid-19\/ressources\/musees-et-deconfinement-assurer-la-securite-du-public-et-du-personnel-une-priorite-2\/#breadcrumb\"},\"inLanguage\":\"fr-FR\",\"potentialAction\":[{\"@type\":\"ReadAction\",\"target\":[\"https:\/\/icom.museum\/fr\/covid-19\/ressources\/musees-et-deconfinement-assurer-la-securite-du-public-et-du-personnel-une-priorite-2\/\"]}]},{\"@type\":\"ImageObject\",\"inLanguage\":\"fr-FR\",\"@id\":\"https:\/\/icom.museum\/fr\/covid-19\/ressources\/musees-et-deconfinement-assurer-la-securite-du-public-et-du-personnel-une-priorite-2\/#primaryimage\",\"url\":\"https:\/\/icom.museum\/wp-content\/uploads\/2020\/05\/anshu-a-oJdsl8Xn4W0-unsplash-e1589288449179-300x199.jpg\",\"contentUrl\":\"https:\/\/icom.museum\/wp-content\/uploads\/2020\/05\/anshu-a-oJdsl8Xn4W0-unsplash-e1589288449179-300x199.jpg\"},{\"@type\":\"BreadcrumbList\",\"@id\":\"https:\/\/icom.museum\/fr\/covid-19\/ressources\/musees-et-deconfinement-assurer-la-securite-du-public-et-du-personnel-une-priorite-2\/#breadcrumb\",\"itemListElement\":[{\"@type\":\"ListItem\",\"position\":1,\"name\":\"Home\",\"item\":\"https:\/\/icom.museum\/fr\/\"},{\"@type\":\"ListItem\",\"position\":2,\"name\":\"COVID-19\",\"item\":\"https:\/\/icom.museum\/fr\/covid-19\/\"},{\"@type\":\"ListItem\",\"position\":3,\"name\":\"Recommandations\",\"item\":\"https:\/\/icom.museum\/fr\/covid-19\/ressources\/\"},{\"@type\":\"ListItem\",\"position\":4,\"name\":\"Mus\u00e9es et d\u00e9confinement : assurer la s\u00e9curit\u00e9 du public et du personnel, une priorit\u00e9\"}]},{\"@type\":\"WebSite\",\"@id\":\"https:\/\/icom.museum\/en\/#website\",\"url\":\"https:\/\/icom.museum\/en\/\",\"name\":\"International Council of Museums\",\"description\":\"A global organisation of museums &amp; museum professionals committed to the promotion and protection of cultural heritage\",\"publisher\":{\"@id\":\"https:\/\/icom.museum\/en\/#organization\"},\"potentialAction\":[{\"@type\":\"SearchAction\",\"target\":{\"@type\":\"EntryPoint\",\"urlTemplate\":\"https:\/\/icom.museum\/en\/?s={search_term_string}\"},\"query-input\":{\"@type\":\"PropertyValueSpecification\",\"valueRequired\":true,\"valueName\":\"search_term_string\"}}],\"inLanguage\":\"fr-FR\"},{\"@type\":\"Organization\",\"@id\":\"https:\/\/icom.museum\/en\/#organization\",\"name\":\"International Council of Museums\",\"url\":\"https:\/\/icom.museum\/en\/\",\"logo\":{\"@type\":\"ImageObject\",\"inLanguage\":\"fr-FR\",\"@id\":\"https:\/\/icom.museum\/en\/#\/schema\/logo\/image\/\",\"url\":\"https:\/\/icom.museum\/wp-content\/uploads\/2018\/07\/ICOM_M_.jpg\",\"contentUrl\":\"https:\/\/icom.museum\/wp-content\/uploads\/2018\/07\/ICOM_M_.jpg\",\"width\":1721,\"height\":1721,\"caption\":\"International Council of Museums\"},\"image\":{\"@id\":\"https:\/\/icom.museum\/en\/#\/schema\/logo\/image\/\"}}]}<\/script>\n<!-- \/ Yoast SEO plugin. -->","yoast_head_json":{"title":"Mus\u00e9es et d\u00e9confinement : assurer la s\u00e9curit\u00e9 du public et du personnel, une priorit\u00e9 - International Council of Museums","robots":{"index":"index","follow":"follow","max-snippet":"max-snippet:-1","max-image-preview":"max-image-preview:large","max-video-preview":"max-video-preview:-1"},"canonical":"https:\/\/icom.museum\/fr\/covid-19\/ressources\/musees-et-deconfinement-assurer-la-securite-du-public-et-du-personnel-une-priorite-2\/","og_locale":"fr_FR","og_type":"article","og_title":"Mus\u00e9es et d\u00e9confinement : assurer la s\u00e9curit\u00e9 du public et du personnel, une priorit\u00e9 - International Council of Museums","og_description":"Alors que les mesures de confinement prennent progressivement fin dans plusieurs r\u00e9gions et pays, les mus\u00e9es doivent adapter et mettre \u00e0 jour leurs protocoles de s\u00e9curit\u00e9 sanitaire afin de rouvrir dans de bonnes conditions. Bien que les r\u00e9glementations nationales varient en fonction de l&#8217;\u00e9volution sp\u00e9cifique de la pand\u00e9mie de COVID-19, certaines mesures de base peuvent [&hellip;]","og_url":"https:\/\/icom.museum\/fr\/covid-19\/ressources\/musees-et-deconfinement-assurer-la-securite-du-public-et-du-personnel-une-priorite-2\/","og_site_name":"International Council of Museums","og_image":[{"width":635,"height":421,"url":"https:\/\/icom.museum\/wp-content\/uploads\/2020\/05\/anshu-a-oJdsl8Xn4W0-unsplash-e1589288449179.jpg","type":"image\/jpeg"}],"twitter_card":"summary_large_image","twitter_misc":{"Dur\u00e9e de lecture estim\u00e9e":"5 minutes"},"schema":{"@context":"https:\/\/schema.org","@graph":[{"@type":"WebPage","@id":"https:\/\/icom.museum\/fr\/covid-19\/ressources\/musees-et-deconfinement-assurer-la-securite-du-public-et-du-personnel-une-priorite-2\/","url":"https:\/\/icom.museum\/fr\/covid-19\/ressources\/musees-et-deconfinement-assurer-la-securite-du-public-et-du-personnel-une-priorite-2\/","name":"Mus\u00e9es et d\u00e9confinement : assurer la s\u00e9curit\u00e9 du public et du personnel, une priorit\u00e9 - International Council of Museums","isPartOf":{"@id":"https:\/\/icom.museum\/en\/#website"},"primaryImageOfPage":{"@id":"https:\/\/icom.museum\/fr\/covid-19\/ressources\/musees-et-deconfinement-assurer-la-securite-du-public-et-du-personnel-une-priorite-2\/#primaryimage"},"image":{"@id":"https:\/\/icom.museum\/fr\/covid-19\/ressources\/musees-et-deconfinement-assurer-la-securite-du-public-et-du-personnel-une-priorite-2\/#primaryimage"},"thumbnailUrl":"https:\/\/icom.museum\/wp-content\/uploads\/2020\/05\/anshu-a-oJdsl8Xn4W0-unsplash-e1589288449179-300x199.jpg","datePublished":"2020-06-01T07:53:39+00:00","dateModified":"2020-06-01T07:53:39+00:00","breadcrumb":{"@id":"https:\/\/icom.museum\/fr\/covid-19\/ressources\/musees-et-deconfinement-assurer-la-securite-du-public-et-du-personnel-une-priorite-2\/#breadcrumb"},"inLanguage":"fr-FR","potentialAction":[{"@type":"ReadAction","target":["https:\/\/icom.museum\/fr\/covid-19\/ressources\/musees-et-deconfinement-assurer-la-securite-du-public-et-du-personnel-une-priorite-2\/"]}]},{"@type":"ImageObject","inLanguage":"fr-FR","@id":"https:\/\/icom.museum\/fr\/covid-19\/ressources\/musees-et-deconfinement-assurer-la-securite-du-public-et-du-personnel-une-priorite-2\/#primaryimage","url":"https:\/\/icom.museum\/wp-content\/uploads\/2020\/05\/anshu-a-oJdsl8Xn4W0-unsplash-e1589288449179-300x199.jpg","contentUrl":"https:\/\/icom.museum\/wp-content\/uploads\/2020\/05\/anshu-a-oJdsl8Xn4W0-unsplash-e1589288449179-300x199.jpg"},{"@type":"BreadcrumbList","@id":"https:\/\/icom.museum\/fr\/covid-19\/ressources\/musees-et-deconfinement-assurer-la-securite-du-public-et-du-personnel-une-priorite-2\/#breadcrumb","itemListElement":[{"@type":"ListItem","position":1,"name":"Home","item":"https:\/\/icom.museum\/fr\/"},{"@type":"ListItem","position":2,"name":"COVID-19","item":"https:\/\/icom.museum\/fr\/covid-19\/"},{"@type":"ListItem","position":3,"name":"Recommandations","item":"https:\/\/icom.museum\/fr\/covid-19\/ressources\/"},{"@type":"ListItem","position":4,"name":"Mus\u00e9es et d\u00e9confinement : assurer la s\u00e9curit\u00e9 du public et du personnel, une priorit\u00e9"}]},{"@type":"WebSite","@id":"https:\/\/icom.museum\/en\/#website","url":"https:\/\/icom.museum\/en\/","name":"International Council of Museums","description":"A global organisation of museums &amp; museum professionals committed to the promotion and protection of cultural heritage","publisher":{"@id":"https:\/\/icom.museum\/en\/#organization"},"potentialAction":[{"@type":"SearchAction","target":{"@type":"EntryPoint","urlTemplate":"https:\/\/icom.museum\/en\/?s={search_term_string}"},"query-input":{"@type":"PropertyValueSpecification","valueRequired":true,"valueName":"search_term_string"}}],"inLanguage":"fr-FR"},{"@type":"Organization","@id":"https:\/\/icom.museum\/en\/#organization","name":"International Council of Museums","url":"https:\/\/icom.museum\/en\/","logo":{"@type":"ImageObject","inLanguage":"fr-FR","@id":"https:\/\/icom.museum\/en\/#\/schema\/logo\/image\/","url":"https:\/\/icom.museum\/wp-content\/uploads\/2018\/07\/ICOM_M_.jpg","contentUrl":"https:\/\/icom.museum\/wp-content\/uploads\/2018\/07\/ICOM_M_.jpg","width":1721,"height":1721,"caption":"International Council of Museums"},"image":{"@id":"https:\/\/icom.museum\/en\/#\/schema\/logo\/image\/"}}]}},"_links":{"self":[{"href":"https:\/\/icom.museum\/fr\/wp-json\/wp\/v2\/pages\/38664"}],"collection":[{"href":"https:\/\/icom.museum\/fr\/wp-json\/wp\/v2\/pages"}],"about":[{"href":"https:\/\/icom.museum\/fr\/wp-json\/wp\/v2\/types\/page"}],"author":[{"embeddable":true,"href":"https:\/\/icom.museum\/fr\/wp-json\/wp\/v2\/users\/3334"}],"replies":[{"embeddable":true,"href":"https:\/\/icom.museum\/fr\/wp-json\/wp\/v2\/comments?post=38664"}],"version-history":[{"count":1,"href":"https:\/\/icom.museum\/fr\/wp-json\/wp\/v2\/pages\/38664\/revisions"}],"predecessor-version":[{"id":38667,"href":"https:\/\/icom.museum\/fr\/wp-json\/wp\/v2\/pages\/38664\/revisions\/38667"}],"up":[{"embeddable":true,"href":"https:\/\/icom.museum\/fr\/wp-json\/wp\/v2\/pages\/37725"}],"wp:attachment":[{"href":"https:\/\/icom.museum\/fr\/wp-json\/wp\/v2\/media?parent=38664"}],"curies":[{"name":"wp","href":"https:\/\/api.w.org\/{rel}","templated":true}]}}