{"id":39015,"date":"2020-06-23T09:22:28","date_gmt":"2020-06-23T07:22:28","guid":{"rendered":"https:\/\/icom.museum\/?page_id=39015"},"modified":"2020-07-01T21:32:12","modified_gmt":"2020-07-01T19:32:12","slug":"webinaire-de-licom-se-preparer-a-la-reouverture-des-musees-les-consequences-dune-pandemie","status":"publish","type":"page","link":"https:\/\/icom.museum\/fr\/covid-19\/webinaires\/webinaire-de-licom-se-preparer-a-la-reouverture-des-musees-les-consequences-dune-pandemie\/","title":{"rendered":"Webinaire de l&#8217;ICOM | Se pr\u00e9parer \u00e0 la r\u00e9ouverture des mus\u00e9es"},"content":{"rendered":"<h3><b>Une r\u00e9cente <\/b><a href=\"https:\/\/icom.museum\/fr\/covid-19\/enquetes-et-donnees\/survey-museums-and-museum-professionals\/\"><b> enqu\u00eate de l&#8217;ICOM<\/b><\/a><b> estime que 95% des mus\u00e9es du monde entier sont rest\u00e9s ferm\u00e9s pendant une p\u00e9riode prolong\u00e9e au cours des derniers mois.<\/b><\/h3>\n<p>Si les cons\u00e9quences \u00e9conomiques et sociales directes de la pand\u00e9mie sur le secteur culturel sont encore en cours d&#8217;analyse, il est essentiel que les institutions culturelles abordent correctement cette phase de r\u00e9ouverture progressive. En faisant appel \u00e0 leur r\u00f4le social essentiel, les mus\u00e9es doivent se voir garantir un soutien ad\u00e9quat au cours du processus de r\u00e9cup\u00e9ration qui s&#8217;annonce dans les mois et les ann\u00e9es \u00e0 venir.<\/p>\n<p>Le 24 juin 2020, le <strong>webinaire de l&#8217;ICOM \u00ab Se pr\u00e9parer \u00e0 la r\u00e9ouverture des mus\u00e9es : Les cons\u00e9quences d&#8217;une pand\u00e9mie \u00bb<\/strong> a engag\u00e9 tous les participants dans une discussion pour faire le point sur ce qui s&#8217;est pass\u00e9 pendant ces longs mois de cl\u00f4ture, en \u00e9valuant les projets innovants qui se sont r\u00e9v\u00e9l\u00e9s utiles pour l&#8217;avenir.<\/p>\n<p>Apr\u00e8s un discours d&#8217;introduction du Dr Peter Keller, directeur g\u00e9n\u00e9ral de l&#8217;ICOM, le d\u00e9bat principal a r\u00e9uni quatre sp\u00e9cialistes internationaux du secteur des mus\u00e9es, sous la coordination de Vinod Daniel, mod\u00e9rateur du webinaire. La discussion a \u00e9valu\u00e9 l&#8217;impact global de la pand\u00e9mie actuelle sur les institutions culturelles &#8211; avec ses cons\u00e9quences \u00e0 court et long terme sur les mus\u00e9es &#8211; tout en se concentrant sur les actions d\u00e9licates \u00e0 entreprendre lors de la phase de r\u00e9ouverture.\u00a0S&#8217;appuyant sur leur vaste exp\u00e9rience professionnelle, les participants ont pr\u00e9sent\u00e9 au public des exemples d&#8217;initiatives de mus\u00e9es qui ont prouv\u00e9 leur efficacit\u00e9 dans le contexte actuel.<\/p>\n<p><em>Le webinaire de l&#8217;ICOM a r\u00e9uni <strong>plus de 3 000 utilisateurs<\/strong> sur la plateforme de streaming en direct. Si vous l&#8217;avez rat\u00e9, vous pouvez <strong>revoir l&#8217;int\u00e9gralit\u00e9 de la session<\/strong> du webinaire <a href=\"https:\/\/www.yuca.tv\/fr\/icom\/webinary17june2020\">sur ce lien<\/a> &#8211; jusqu&#8217;\u00e0 fin ao\u00fbt 2020 &#8211; \u00e9galement disponible dans ses traductions simultan\u00e9es en fran\u00e7ais et en espagnol.<\/em><\/p>\n<p><a href=\"https:\/\/www.yuca.tv\/fr\/icom\/webinary17june2020\"><img loading=\"lazy\" decoding=\"async\" class=\"aligncenter wp-image-38960 size-large\" src=\"https:\/\/icom.museum\/wp-content\/uploads\/2020\/06\/FR-724x1024.png\" alt=\"\" width=\"724\" height=\"1024\" srcset=\"https:\/\/icom.museum\/wp-content\/uploads\/2020\/06\/FR-724x1024.png 724w, https:\/\/icom.museum\/wp-content\/uploads\/2020\/06\/FR-212x300.png 212w, https:\/\/icom.museum\/wp-content\/uploads\/2020\/06\/FR-768x1086.png 768w\" sizes=\"(max-width: 724px) 100vw, 724px\" \/><\/a><\/p>\n<p><strong><u>Intervenant\u00b7e\u00b7s<\/u> :<\/strong><\/p>\n<ul>\n<li><span style=\"color: #474747; font-family: Georgia; font-size: 15px;\"><strong>Laishun An<\/strong>.\u00a0Vice-pr\u00e9sident de l&#8217;ICOM, vice-pr\u00e9sident et secr\u00e9taire g\u00e9n\u00e9ral de l&#8217;Association des mus\u00e9es chinois et r\u00e9dacteur en chef du magazine Chinese Museum, An est professeur d&#8217;\u00e9tudes mus\u00e9ales dans trois universit\u00e9s en Chine.<\/span><\/li>\n<li><span style=\"color: #474747; font-family: Georgia; font-size: 15px;\"><strong>Elke Kellner<\/strong>. Journaliste, productrice de radio et de t\u00e9l\u00e9vision et conservatrice, Kellner est dipl\u00f4m\u00e9e en histoire de l&#8217;art et en arch\u00e9ologie. Elle est directrice g\u00e9n\u00e9rale d&#8217;ICOM Autriche et membre du conseil d&#8217;administration de Blue Shield Autriche et d&#8217;ICOM Europe.<\/span><\/li>\n<li><span style=\"color: #474747; font-family: Georgia; font-size: 15px;\"><strong>Cristina Lleras<\/strong>. Conservatrice en chef du Mus\u00e9e de Bogot\u00e1, Colombie, Lleras a \u00e9t\u00e9 pr\u00e9c\u00e9demment conservatrice d&#8217;art et d&#8217;histoire au Mus\u00e9e national de Colombie et a dirig\u00e9 le d\u00e9partement de mus\u00e9ologie du Mus\u00e9e de la m\u00e9moire de la Colombie.<\/span><\/li>\n<li><span style=\"color: #474747; font-family: Georgia; font-size: 15px;\"><strong>Christian Nana Tchuisseu<\/strong>. Directeur du Mus\u00e9e de la Blackitude et de la Galerie d&#8217;Art de Dieu de Yaound\u00e9, Cameroun, Nana Tchuisseu a r\u00e9cemment \u00e9t\u00e9 \u00e9lu pr\u00e9sident de l&#8217;ICOM Cameroun et vice-pr\u00e9sident du Conseil consultatif de l&#8217;ICOM.<\/span><\/li>\n<\/ul>\n<p><strong><u>Mod\u00e9rateur<\/u>\u00a0:<\/strong><\/p>\n<ul>\n<li><span style=\"color: #474747; font-family: Georgia; font-size: 15px;\"><strong>Vinod Daniel<\/strong>. Sp\u00e9cialiste des mus\u00e9es reconnu au niveau international, Daniel est actuellement pr\u00e9sident du conseil d&#8217;administration d&#8217;AusHeritage (le r\u00e9seau australien de l&#8217;industrie du patrimoine) et membre du conseil d&#8217;administration de l&#8217;ICOM.<\/span><\/li>\n<\/ul>\n<p><strong><u>Introduction<\/u>\u00a0:<\/strong><\/p>\n<ul>\n<li><span style=\"color: #474747; font-family: Georgia; font-size: 15px;\"><strong>Peter Keller<\/strong>.\u00a0Nomm\u00e9 directeur g\u00e9n\u00e9ral de l&#8217;ICOM en 2017, Keller \u00e9tait directeur du mus\u00e9e de la cath\u00e9drale de Salzbourg (Dommuseum), en Autriche, depuis 2002. Il a pr\u00e9c\u00e9demment \u00e9t\u00e9 tr\u00e9sorier de l&#8217;ICOM, pr\u00e9sident et secr\u00e9taire de l&#8217;ICOM-DEMHIST et membre du conseil d&#8217;administration de l&#8217;ICOM Autriche.<\/span><\/li>\n<\/ul>\n<p>Pour plus d&#8217;informations et pour toute autre question, n&#8217;h\u00e9sitez pas \u00e0 contacter Elsa Urtizverea, coordinatrice de la protection du patrimoine de l&#8217;ICOM, \u00e0 l&#8217;adresse <a style=\"font-family: Georgia; font-size: 15px;\" href=\"mailto:elsa.urtizverea@icom.museum\">elsa.urtizverea@icom.museum<\/a>.<\/p>\n<p>***<\/p>\n<p>Depuis le d\u00e9but de la crise, l&#8217;ICOM a souhait\u00e9 aider ses membres et la communaut\u00e9 internationale des mus\u00e9es \u00e0 trouver des solutions qui pourraient r\u00e9pondre efficacement aux multiples probl\u00e8mes auxquels sont confront\u00e9es les institutions culturelles mondiales. En mettant r\u00e9guli\u00e8rement \u00e0 jour la <a href=\"https:\/\/icom.museum\/fr\/covid-19\/\">section du site web<\/a> d\u00e9di\u00e9e au COVID-19, nous nous sommes engag\u00e9s, avec la collaboration de plusieurs partenaires cl\u00e9s, \u00e0 prendre en compte les diff\u00e9rents aspects de cette crise qui affecte le travail des mus\u00e9es et des professionnels des mus\u00e9es.<\/p>\n<figure id=\"attachment_38910\" aria-describedby=\"caption-attachment-38910\" style=\"width: 659px\" class=\"wp-caption aligncenter\"><a href=\"https:\/\/www.yuca.tv\/fr\/icom\/webinary17june2020\"><img loading=\"lazy\" decoding=\"async\" class=\"wp-image-38911\" src=\"https:\/\/icom.museum\/wp-content\/uploads\/2020\/06\/aaina-sharma-nqj3ncOPS0g-unsplash-1024x684.jpg\" alt=\"\" width=\"659\" height=\"440\" srcset=\"https:\/\/icom.museum\/wp-content\/uploads\/2020\/06\/aaina-sharma-nqj3ncOPS0g-unsplash-1024x684.jpg 1024w, https:\/\/icom.museum\/wp-content\/uploads\/2020\/06\/aaina-sharma-nqj3ncOPS0g-unsplash-300x200.jpg 300w, https:\/\/icom.museum\/wp-content\/uploads\/2020\/06\/aaina-sharma-nqj3ncOPS0g-unsplash-768x513.jpg 768w\" sizes=\"(max-width: 659px) 100vw, 659px\" \/><\/a><figcaption id=\"caption-attachment-38910\" class=\"wp-caption-text\">Photo par Aaina Sharma sur Unsplash<\/figcaption><\/figure>\n","protected":false},"excerpt":{"rendered":"<p>Une r\u00e9cente enqu\u00eate de l&#8217;ICOM estime que 95% des mus\u00e9es du monde entier sont rest\u00e9s ferm\u00e9s pendant une p\u00e9riode prolong\u00e9e au cours des derniers mois. Si les cons\u00e9quences \u00e9conomiques et sociales directes de la pand\u00e9mie sur le secteur culturel sont encore en cours d&#8217;analyse, il est essentiel que les institutions culturelles abordent correctement cette phase [&hellip;]<\/p>\n","protected":false},"author":5865,"featured_media":0,"parent":39043,"menu_order":0,"comment_status":"closed","ping_status":"closed","template":"","meta":{"inline_featured_image":false,"footnotes":""},"class_list":["post-39015","page","type-page","status-publish","hentry"],"acf":[],"yoast_head":"<!-- This site is optimized with the Yoast SEO plugin v23.7 - https:\/\/yoast.com\/wordpress\/plugins\/seo\/ -->\n<title>Webinaire de l&#039;ICOM | Se pr\u00e9parer \u00e0 la r\u00e9ouverture des mus\u00e9es - International Council of Museums<\/title>\n<meta name=\"robots\" content=\"index, follow, max-snippet:-1, max-image-preview:large, max-video-preview:-1\" \/>\n<link rel=\"canonical\" href=\"https:\/\/icom.museum\/fr\/covid-19\/webinaires\/webinaire-de-licom-se-preparer-a-la-reouverture-des-musees-les-consequences-dune-pandemie\/\" \/>\n<meta property=\"og:locale\" content=\"fr_FR\" \/>\n<meta property=\"og:type\" content=\"article\" \/>\n<meta property=\"og:title\" content=\"Webinaire de l&#039;ICOM | Se pr\u00e9parer \u00e0 la r\u00e9ouverture des mus\u00e9es - International Council of Museums\" \/>\n<meta property=\"og:description\" content=\"Une r\u00e9cente enqu\u00eate de l&#8217;ICOM estime que 95% des mus\u00e9es du monde entier sont rest\u00e9s ferm\u00e9s pendant une p\u00e9riode prolong\u00e9e au cours des derniers mois. Si les cons\u00e9quences \u00e9conomiques et sociales directes de la pand\u00e9mie sur le secteur culturel sont encore en cours d&#8217;analyse, il est essentiel que les institutions culturelles abordent correctement cette phase [&hellip;]\" \/>\n<meta property=\"og:url\" content=\"https:\/\/icom.museum\/fr\/covid-19\/webinaires\/webinaire-de-licom-se-preparer-a-la-reouverture-des-musees-les-consequences-dune-pandemie\/\" \/>\n<meta property=\"og:site_name\" content=\"International Council of Museums\" \/>\n<meta property=\"article:modified_time\" content=\"2020-07-01T19:32:12+00:00\" \/>\n<meta property=\"og:image\" content=\"https:\/\/icom.museum\/wp-content\/uploads\/2020\/06\/FR-724x1024.png\" \/>\n\t<meta property=\"og:image:width\" content=\"724\" \/>\n\t<meta property=\"og:image:height\" content=\"1024\" \/>\n\t<meta property=\"og:image:type\" content=\"image\/png\" \/>\n<meta name=\"twitter:card\" content=\"summary_large_image\" \/>\n<meta name=\"twitter:label1\" content=\"Dur\u00e9e de lecture estim\u00e9e\" \/>\n\t<meta name=\"twitter:data1\" content=\"4 minutes\" \/>\n<script type=\"application\/ld+json\" class=\"yoast-schema-graph\">{\"@context\":\"https:\/\/schema.org\",\"@graph\":[{\"@type\":\"WebPage\",\"@id\":\"https:\/\/icom.museum\/fr\/covid-19\/webinaires\/webinaire-de-licom-se-preparer-a-la-reouverture-des-musees-les-consequences-dune-pandemie\/\",\"url\":\"https:\/\/icom.museum\/fr\/covid-19\/webinaires\/webinaire-de-licom-se-preparer-a-la-reouverture-des-musees-les-consequences-dune-pandemie\/\",\"name\":\"Webinaire de l'ICOM | Se pr\u00e9parer \u00e0 la r\u00e9ouverture des mus\u00e9es - International Council of Museums\",\"isPartOf\":{\"@id\":\"https:\/\/icom.museum\/en\/#website\"},\"primaryImageOfPage\":{\"@id\":\"https:\/\/icom.museum\/fr\/covid-19\/webinaires\/webinaire-de-licom-se-preparer-a-la-reouverture-des-musees-les-consequences-dune-pandemie\/#primaryimage\"},\"image\":{\"@id\":\"https:\/\/icom.museum\/fr\/covid-19\/webinaires\/webinaire-de-licom-se-preparer-a-la-reouverture-des-musees-les-consequences-dune-pandemie\/#primaryimage\"},\"thumbnailUrl\":\"https:\/\/icom.museum\/wp-content\/uploads\/2020\/06\/FR-724x1024.png\",\"datePublished\":\"2020-06-23T07:22:28+00:00\",\"dateModified\":\"2020-07-01T19:32:12+00:00\",\"breadcrumb\":{\"@id\":\"https:\/\/icom.museum\/fr\/covid-19\/webinaires\/webinaire-de-licom-se-preparer-a-la-reouverture-des-musees-les-consequences-dune-pandemie\/#breadcrumb\"},\"inLanguage\":\"fr-FR\",\"potentialAction\":[{\"@type\":\"ReadAction\",\"target\":[\"https:\/\/icom.museum\/fr\/covid-19\/webinaires\/webinaire-de-licom-se-preparer-a-la-reouverture-des-musees-les-consequences-dune-pandemie\/\"]}]},{\"@type\":\"ImageObject\",\"inLanguage\":\"fr-FR\",\"@id\":\"https:\/\/icom.museum\/fr\/covid-19\/webinaires\/webinaire-de-licom-se-preparer-a-la-reouverture-des-musees-les-consequences-dune-pandemie\/#primaryimage\",\"url\":\"https:\/\/icom.museum\/wp-content\/uploads\/2020\/06\/FR-724x1024.png\",\"contentUrl\":\"https:\/\/icom.museum\/wp-content\/uploads\/2020\/06\/FR-724x1024.png\"},{\"@type\":\"BreadcrumbList\",\"@id\":\"https:\/\/icom.museum\/fr\/covid-19\/webinaires\/webinaire-de-licom-se-preparer-a-la-reouverture-des-musees-les-consequences-dune-pandemie\/#breadcrumb\",\"itemListElement\":[{\"@type\":\"ListItem\",\"position\":1,\"name\":\"Home\",\"item\":\"https:\/\/icom.museum\/fr\/\"},{\"@type\":\"ListItem\",\"position\":2,\"name\":\"COVID-19\",\"item\":\"https:\/\/icom.museum\/fr\/covid-19\/\"},{\"@type\":\"ListItem\",\"position\":3,\"name\":\"Webinaires\",\"item\":\"https:\/\/icom.museum\/fr\/covid-19\/webinaires\/\"},{\"@type\":\"ListItem\",\"position\":4,\"name\":\"Webinaire de l&#8217;ICOM | Se pr\u00e9parer \u00e0 la r\u00e9ouverture des mus\u00e9es\"}]},{\"@type\":\"WebSite\",\"@id\":\"https:\/\/icom.museum\/en\/#website\",\"url\":\"https:\/\/icom.museum\/en\/\",\"name\":\"International Council of Museums\",\"description\":\"A global organisation of museums &amp; museum professionals committed to the promotion and protection of cultural heritage\",\"publisher\":{\"@id\":\"https:\/\/icom.museum\/en\/#organization\"},\"potentialAction\":[{\"@type\":\"SearchAction\",\"target\":{\"@type\":\"EntryPoint\",\"urlTemplate\":\"https:\/\/icom.museum\/en\/?s={search_term_string}\"},\"query-input\":{\"@type\":\"PropertyValueSpecification\",\"valueRequired\":true,\"valueName\":\"search_term_string\"}}],\"inLanguage\":\"fr-FR\"},{\"@type\":\"Organization\",\"@id\":\"https:\/\/icom.museum\/en\/#organization\",\"name\":\"International Council of Museums\",\"url\":\"https:\/\/icom.museum\/en\/\",\"logo\":{\"@type\":\"ImageObject\",\"inLanguage\":\"fr-FR\",\"@id\":\"https:\/\/icom.museum\/en\/#\/schema\/logo\/image\/\",\"url\":\"https:\/\/icom.museum\/wp-content\/uploads\/2018\/07\/ICOM_M_.jpg\",\"contentUrl\":\"https:\/\/icom.museum\/wp-content\/uploads\/2018\/07\/ICOM_M_.jpg\",\"width\":1721,\"height\":1721,\"caption\":\"International Council of Museums\"},\"image\":{\"@id\":\"https:\/\/icom.museum\/en\/#\/schema\/logo\/image\/\"}}]}<\/script>\n<!-- \/ Yoast SEO plugin. -->","yoast_head_json":{"title":"Webinaire de l'ICOM | Se pr\u00e9parer \u00e0 la r\u00e9ouverture des mus\u00e9es - International Council of Museums","robots":{"index":"index","follow":"follow","max-snippet":"max-snippet:-1","max-image-preview":"max-image-preview:large","max-video-preview":"max-video-preview:-1"},"canonical":"https:\/\/icom.museum\/fr\/covid-19\/webinaires\/webinaire-de-licom-se-preparer-a-la-reouverture-des-musees-les-consequences-dune-pandemie\/","og_locale":"fr_FR","og_type":"article","og_title":"Webinaire de l'ICOM | Se pr\u00e9parer \u00e0 la r\u00e9ouverture des mus\u00e9es - International Council of Museums","og_description":"Une r\u00e9cente enqu\u00eate de l&#8217;ICOM estime que 95% des mus\u00e9es du monde entier sont rest\u00e9s ferm\u00e9s pendant une p\u00e9riode prolong\u00e9e au cours des derniers mois. Si les cons\u00e9quences \u00e9conomiques et sociales directes de la pand\u00e9mie sur le secteur culturel sont encore en cours d&#8217;analyse, il est essentiel que les institutions culturelles abordent correctement cette phase [&hellip;]","og_url":"https:\/\/icom.museum\/fr\/covid-19\/webinaires\/webinaire-de-licom-se-preparer-a-la-reouverture-des-musees-les-consequences-dune-pandemie\/","og_site_name":"International Council of Museums","article_modified_time":"2020-07-01T19:32:12+00:00","og_image":[{"width":724,"height":1024,"url":"https:\/\/icom.museum\/wp-content\/uploads\/2020\/06\/FR-724x1024.png","type":"image\/png"}],"twitter_card":"summary_large_image","twitter_misc":{"Dur\u00e9e de lecture estim\u00e9e":"4 minutes"},"schema":{"@context":"https:\/\/schema.org","@graph":[{"@type":"WebPage","@id":"https:\/\/icom.museum\/fr\/covid-19\/webinaires\/webinaire-de-licom-se-preparer-a-la-reouverture-des-musees-les-consequences-dune-pandemie\/","url":"https:\/\/icom.museum\/fr\/covid-19\/webinaires\/webinaire-de-licom-se-preparer-a-la-reouverture-des-musees-les-consequences-dune-pandemie\/","name":"Webinaire de l'ICOM | Se pr\u00e9parer \u00e0 la r\u00e9ouverture des mus\u00e9es - International Council of Museums","isPartOf":{"@id":"https:\/\/icom.museum\/en\/#website"},"primaryImageOfPage":{"@id":"https:\/\/icom.museum\/fr\/covid-19\/webinaires\/webinaire-de-licom-se-preparer-a-la-reouverture-des-musees-les-consequences-dune-pandemie\/#primaryimage"},"image":{"@id":"https:\/\/icom.museum\/fr\/covid-19\/webinaires\/webinaire-de-licom-se-preparer-a-la-reouverture-des-musees-les-consequences-dune-pandemie\/#primaryimage"},"thumbnailUrl":"https:\/\/icom.museum\/wp-content\/uploads\/2020\/06\/FR-724x1024.png","datePublished":"2020-06-23T07:22:28+00:00","dateModified":"2020-07-01T19:32:12+00:00","breadcrumb":{"@id":"https:\/\/icom.museum\/fr\/covid-19\/webinaires\/webinaire-de-licom-se-preparer-a-la-reouverture-des-musees-les-consequences-dune-pandemie\/#breadcrumb"},"inLanguage":"fr-FR","potentialAction":[{"@type":"ReadAction","target":["https:\/\/icom.museum\/fr\/covid-19\/webinaires\/webinaire-de-licom-se-preparer-a-la-reouverture-des-musees-les-consequences-dune-pandemie\/"]}]},{"@type":"ImageObject","inLanguage":"fr-FR","@id":"https:\/\/icom.museum\/fr\/covid-19\/webinaires\/webinaire-de-licom-se-preparer-a-la-reouverture-des-musees-les-consequences-dune-pandemie\/#primaryimage","url":"https:\/\/icom.museum\/wp-content\/uploads\/2020\/06\/FR-724x1024.png","contentUrl":"https:\/\/icom.museum\/wp-content\/uploads\/2020\/06\/FR-724x1024.png"},{"@type":"BreadcrumbList","@id":"https:\/\/icom.museum\/fr\/covid-19\/webinaires\/webinaire-de-licom-se-preparer-a-la-reouverture-des-musees-les-consequences-dune-pandemie\/#breadcrumb","itemListElement":[{"@type":"ListItem","position":1,"name":"Home","item":"https:\/\/icom.museum\/fr\/"},{"@type":"ListItem","position":2,"name":"COVID-19","item":"https:\/\/icom.museum\/fr\/covid-19\/"},{"@type":"ListItem","position":3,"name":"Webinaires","item":"https:\/\/icom.museum\/fr\/covid-19\/webinaires\/"},{"@type":"ListItem","position":4,"name":"Webinaire de l&#8217;ICOM | Se pr\u00e9parer \u00e0 la r\u00e9ouverture des mus\u00e9es"}]},{"@type":"WebSite","@id":"https:\/\/icom.museum\/en\/#website","url":"https:\/\/icom.museum\/en\/","name":"International Council of Museums","description":"A global organisation of museums &amp; museum professionals committed to the promotion and protection of cultural heritage","publisher":{"@id":"https:\/\/icom.museum\/en\/#organization"},"potentialAction":[{"@type":"SearchAction","target":{"@type":"EntryPoint","urlTemplate":"https:\/\/icom.museum\/en\/?s={search_term_string}"},"query-input":{"@type":"PropertyValueSpecification","valueRequired":true,"valueName":"search_term_string"}}],"inLanguage":"fr-FR"},{"@type":"Organization","@id":"https:\/\/icom.museum\/en\/#organization","name":"International Council of Museums","url":"https:\/\/icom.museum\/en\/","logo":{"@type":"ImageObject","inLanguage":"fr-FR","@id":"https:\/\/icom.museum\/en\/#\/schema\/logo\/image\/","url":"https:\/\/icom.museum\/wp-content\/uploads\/2018\/07\/ICOM_M_.jpg","contentUrl":"https:\/\/icom.museum\/wp-content\/uploads\/2018\/07\/ICOM_M_.jpg","width":1721,"height":1721,"caption":"International Council of Museums"},"image":{"@id":"https:\/\/icom.museum\/en\/#\/schema\/logo\/image\/"}}]}},"_links":{"self":[{"href":"https:\/\/icom.museum\/fr\/wp-json\/wp\/v2\/pages\/39015"}],"collection":[{"href":"https:\/\/icom.museum\/fr\/wp-json\/wp\/v2\/pages"}],"about":[{"href":"https:\/\/icom.museum\/fr\/wp-json\/wp\/v2\/types\/page"}],"author":[{"embeddable":true,"href":"https:\/\/icom.museum\/fr\/wp-json\/wp\/v2\/users\/5865"}],"replies":[{"embeddable":true,"href":"https:\/\/icom.museum\/fr\/wp-json\/wp\/v2\/comments?post=39015"}],"version-history":[{"count":5,"href":"https:\/\/icom.museum\/fr\/wp-json\/wp\/v2\/pages\/39015\/revisions"}],"predecessor-version":[{"id":39444,"href":"https:\/\/icom.museum\/fr\/wp-json\/wp\/v2\/pages\/39015\/revisions\/39444"}],"up":[{"embeddable":true,"href":"https:\/\/icom.museum\/fr\/wp-json\/wp\/v2\/pages\/39043"}],"wp:attachment":[{"href":"https:\/\/icom.museum\/fr\/wp-json\/wp\/v2\/media?parent=39015"}],"curies":[{"name":"wp","href":"https:\/\/api.w.org\/{rel}","templated":true}]}}