{"id":40702,"date":"2020-09-22T09:57:27","date_gmt":"2020-09-22T07:57:27","guid":{"rendered":"https:\/\/icom.museum\/?page_id=40702"},"modified":"2020-12-15T11:18:54","modified_gmt":"2020-12-15T09:18:54","slug":"enquete-de-suivi-limpact-de-covid-19-sur-le-secteur-des-musees","status":"publish","type":"page","link":"https:\/\/icom.museum\/fr\/covid-19\/enquetes-et-donnees\/enquete-de-suivi-limpact-de-covid-19-sur-le-secteur-des-musees\/","title":{"rendered":"Enqu\u00eate de suivi : l&#8217;impact de COVID-19 sur le secteur des mus\u00e9es"},"content":{"rendered":"<h3>La pand\u00e9mie de COVID-19 continue d&#8217;affecter les institutions culturelles dans le monde entier. Si certains mus\u00e9es ont rouvert leurs portes avec des restrictions majeures, d&#8217;autres font encore face aux cons\u00e9quences de la crise \u00e0 huis clos.<\/h3>\n<p class=\"p1\"><a href=\"https:\/\/icom.museum\/fr\/news\/musees-professionnels-des-musees-%e2%80%a8et-covid-19-resultats-de-lenquete\/\">Notre premier rapport<\/a>, publi\u00e9 en mai dernier, publi\u00e9 en mai dernier, pr\u00e9sentait une situation pr\u00e9occupante pour les mus\u00e9es et les professionnels des mus\u00e9es du monde entier, avec 95 % des institutions culturelles contraintes de fermer afin de pr\u00e9server le bien-\u00eatre du personnel et des visiteurs, et de graves r\u00e9percussions \u00e9conomiques et sociales.<\/p>\n<p class=\"p1\">Afin de recueillir davantage d&#8217;informations et de donn\u00e9es suppl\u00e9mentaires sur l&#8217;impact de la pand\u00e9mie actuelle de la COVID-19 et sur ses cons\u00e9quences \u00e0 court et \u00e0 long terme pour le secteur des mus\u00e9es, nous avons lanc\u00e9 une deuxi\u00e8me enqu\u00eate mondiale le 7 septembre 2020. La plupart des sections et des questions se r\u00e9f\u00e9raient \u00e0 l&#8217;enqu\u00eate pr\u00e9c\u00e9dente, ce qui nous a permis d&#8217;\u00e9valuer le cours de la crise et sa perception par les professionnels des mus\u00e9es. Certaines questions, en revanche, prenaient en compte l&#8217;\u00e9volution de la situation au cours des derniers mois, notamment au regard de la r\u00e9ouverture progressive des mus\u00e9es dans certaines r\u00e9gions du monde.<\/p>\n<p class=\"p1\">Ce rapport analyse pr\u00e8s de 900 r\u00e9ponses de mus\u00e9es et de professionnels des mus\u00e9es sur les cinq continents, qui ont \u00e9t\u00e9 recueillies entre le 7 septembre et le 18 octobre 2020. Il est important de souligner que, peu apr\u00e8s la cl\u00f4ture de l&#8217;enqu\u00eate, l&#8217;Europe a commenc\u00e9 \u00e0 conna\u00eetre une deuxi\u00e8me vague de confinements g\u00e9n\u00e9ralis\u00e9s.<\/p>\n<p><span class=\"link_blue\"><a href=\"https:\/\/icom.museum\/wp-content\/uploads\/2020\/11\/FINAL-FR_Follow-up-survey-2.pdf\">Lire le rapport ICOM complet<\/a><\/span><\/p>\n","protected":false},"excerpt":{"rendered":"<p>La pand\u00e9mie de COVID-19 continue d&#8217;affecter les institutions culturelles dans le monde entier. Si certains mus\u00e9es ont rouvert leurs portes avec des restrictions majeures, d&#8217;autres font encore face aux cons\u00e9quences de la crise \u00e0 huis clos. Notre premier rapport, publi\u00e9 en mai dernier, publi\u00e9 en mai dernier, pr\u00e9sentait une situation pr\u00e9occupante pour les mus\u00e9es et [&hellip;]<\/p>\n","protected":false},"author":3334,"featured_media":0,"parent":37736,"menu_order":0,"comment_status":"closed","ping_status":"closed","template":"","meta":{"inline_featured_image":false,"footnotes":""},"class_list":["post-40702","page","type-page","status-publish","hentry"],"acf":[],"yoast_head":"<!-- This site is optimized with the Yoast SEO plugin v23.7 - https:\/\/yoast.com\/wordpress\/plugins\/seo\/ -->\n<title>Enqu\u00eate de suivi : l&#039;impact de COVID-19 sur le secteur des mus\u00e9es - International Council of Museums<\/title>\n<meta name=\"description\" content=\"Afin de recueillir de donn\u00e9es suppl\u00e9mentaires sur la mani\u00e8re dont l&#039;\u00e9pid\u00e9mie de COVID-19 affectera le secteur des mus\u00e9es, ICOM lance une deuxi\u00e8me enqu\u00eate.\" \/>\n<meta name=\"robots\" content=\"index, follow, max-snippet:-1, max-image-preview:large, max-video-preview:-1\" \/>\n<link rel=\"canonical\" href=\"https:\/\/icom.museum\/fr\/covid-19\/enquetes-et-donnees\/enquete-de-suivi-limpact-de-covid-19-sur-le-secteur-des-musees\/\" \/>\n<meta property=\"og:locale\" content=\"fr_FR\" \/>\n<meta property=\"og:type\" content=\"article\" \/>\n<meta property=\"og:title\" content=\"Enqu\u00eate de suivi : l&#039;impact de COVID-19 sur le secteur des mus\u00e9es - International Council of Museums\" \/>\n<meta property=\"og:description\" content=\"Afin de recueillir de donn\u00e9es suppl\u00e9mentaires sur la mani\u00e8re dont l&#039;\u00e9pid\u00e9mie de COVID-19 affectera le secteur des mus\u00e9es, ICOM lance une deuxi\u00e8me enqu\u00eate.\" \/>\n<meta property=\"og:url\" content=\"https:\/\/icom.museum\/fr\/covid-19\/enquetes-et-donnees\/enquete-de-suivi-limpact-de-covid-19-sur-le-secteur-des-musees\/\" \/>\n<meta property=\"og:site_name\" content=\"International Council of Museums\" \/>\n<meta property=\"article:modified_time\" content=\"2020-12-15T09:18:54+00:00\" \/>\n<meta property=\"og:image\" content=\"https:\/\/icom.museum\/wp-content\/uploads\/2020\/09\/photo-1596879623528-a400e06ae371.jpeg\" \/>\n<meta name=\"twitter:card\" content=\"summary_large_image\" \/>\n<meta name=\"twitter:label1\" content=\"Dur\u00e9e de lecture estim\u00e9e\" \/>\n\t<meta name=\"twitter:data1\" content=\"1 minute\" \/>\n<script type=\"application\/ld+json\" class=\"yoast-schema-graph\">{\"@context\":\"https:\/\/schema.org\",\"@graph\":[{\"@type\":\"WebPage\",\"@id\":\"https:\/\/icom.museum\/fr\/covid-19\/enquetes-et-donnees\/enquete-de-suivi-limpact-de-covid-19-sur-le-secteur-des-musees\/\",\"url\":\"https:\/\/icom.museum\/fr\/covid-19\/enquetes-et-donnees\/enquete-de-suivi-limpact-de-covid-19-sur-le-secteur-des-musees\/\",\"name\":\"Enqu\u00eate de suivi : l'impact de COVID-19 sur le secteur des mus\u00e9es - International Council of Museums\",\"isPartOf\":{\"@id\":\"https:\/\/icom.museum\/en\/#website\"},\"datePublished\":\"2020-09-22T07:57:27+00:00\",\"dateModified\":\"2020-12-15T09:18:54+00:00\",\"description\":\"Afin de recueillir de donn\u00e9es suppl\u00e9mentaires sur la mani\u00e8re dont l'\u00e9pid\u00e9mie de COVID-19 affectera le secteur des mus\u00e9es, ICOM lance une deuxi\u00e8me enqu\u00eate.\",\"breadcrumb\":{\"@id\":\"https:\/\/icom.museum\/fr\/covid-19\/enquetes-et-donnees\/enquete-de-suivi-limpact-de-covid-19-sur-le-secteur-des-musees\/#breadcrumb\"},\"inLanguage\":\"fr-FR\",\"potentialAction\":[{\"@type\":\"ReadAction\",\"target\":[\"https:\/\/icom.museum\/fr\/covid-19\/enquetes-et-donnees\/enquete-de-suivi-limpact-de-covid-19-sur-le-secteur-des-musees\/\"]}]},{\"@type\":\"BreadcrumbList\",\"@id\":\"https:\/\/icom.museum\/fr\/covid-19\/enquetes-et-donnees\/enquete-de-suivi-limpact-de-covid-19-sur-le-secteur-des-musees\/#breadcrumb\",\"itemListElement\":[{\"@type\":\"ListItem\",\"position\":1,\"name\":\"Home\",\"item\":\"https:\/\/icom.museum\/fr\/\"},{\"@type\":\"ListItem\",\"position\":2,\"name\":\"COVID-19\",\"item\":\"https:\/\/icom.museum\/fr\/covid-19\/\"},{\"@type\":\"ListItem\",\"position\":3,\"name\":\"Enqu\u00eates et donn\u00e9es\",\"item\":\"https:\/\/icom.museum\/fr\/covid-19\/enquetes-et-donnees\/\"},{\"@type\":\"ListItem\",\"position\":4,\"name\":\"Enqu\u00eate de suivi : l&#8217;impact de COVID-19 sur le secteur des mus\u00e9es\"}]},{\"@type\":\"WebSite\",\"@id\":\"https:\/\/icom.museum\/en\/#website\",\"url\":\"https:\/\/icom.museum\/en\/\",\"name\":\"International Council of Museums\",\"description\":\"A global organisation of museums &amp; museum professionals committed to the promotion and protection of cultural heritage\",\"publisher\":{\"@id\":\"https:\/\/icom.museum\/en\/#organization\"},\"potentialAction\":[{\"@type\":\"SearchAction\",\"target\":{\"@type\":\"EntryPoint\",\"urlTemplate\":\"https:\/\/icom.museum\/en\/?s={search_term_string}\"},\"query-input\":{\"@type\":\"PropertyValueSpecification\",\"valueRequired\":true,\"valueName\":\"search_term_string\"}}],\"inLanguage\":\"fr-FR\"},{\"@type\":\"Organization\",\"@id\":\"https:\/\/icom.museum\/en\/#organization\",\"name\":\"International Council of Museums\",\"url\":\"https:\/\/icom.museum\/en\/\",\"logo\":{\"@type\":\"ImageObject\",\"inLanguage\":\"fr-FR\",\"@id\":\"https:\/\/icom.museum\/en\/#\/schema\/logo\/image\/\",\"url\":\"https:\/\/icom.museum\/wp-content\/uploads\/2018\/07\/ICOM_M_.jpg\",\"contentUrl\":\"https:\/\/icom.museum\/wp-content\/uploads\/2018\/07\/ICOM_M_.jpg\",\"width\":1721,\"height\":1721,\"caption\":\"International Council of Museums\"},\"image\":{\"@id\":\"https:\/\/icom.museum\/en\/#\/schema\/logo\/image\/\"}}]}<\/script>\n<!-- \/ Yoast SEO plugin. -->","yoast_head_json":{"title":"Enqu\u00eate de suivi : l'impact de COVID-19 sur le secteur des mus\u00e9es - International Council of Museums","description":"Afin de recueillir de donn\u00e9es suppl\u00e9mentaires sur la mani\u00e8re dont l'\u00e9pid\u00e9mie de COVID-19 affectera le secteur des mus\u00e9es, ICOM lance une deuxi\u00e8me enqu\u00eate.","robots":{"index":"index","follow":"follow","max-snippet":"max-snippet:-1","max-image-preview":"max-image-preview:large","max-video-preview":"max-video-preview:-1"},"canonical":"https:\/\/icom.museum\/fr\/covid-19\/enquetes-et-donnees\/enquete-de-suivi-limpact-de-covid-19-sur-le-secteur-des-musees\/","og_locale":"fr_FR","og_type":"article","og_title":"Enqu\u00eate de suivi : l'impact de COVID-19 sur le secteur des mus\u00e9es - International Council of Museums","og_description":"Afin de recueillir de donn\u00e9es suppl\u00e9mentaires sur la mani\u00e8re dont l'\u00e9pid\u00e9mie de COVID-19 affectera le secteur des mus\u00e9es, ICOM lance une deuxi\u00e8me enqu\u00eate.","og_url":"https:\/\/icom.museum\/fr\/covid-19\/enquetes-et-donnees\/enquete-de-suivi-limpact-de-covid-19-sur-le-secteur-des-musees\/","og_site_name":"International Council of Museums","article_modified_time":"2020-12-15T09:18:54+00:00","og_image":[{"url":"https:\/\/icom.museum\/wp-content\/uploads\/2020\/09\/photo-1596879623528-a400e06ae371.jpeg"}],"twitter_card":"summary_large_image","twitter_misc":{"Dur\u00e9e de lecture estim\u00e9e":"1 minute"},"schema":{"@context":"https:\/\/schema.org","@graph":[{"@type":"WebPage","@id":"https:\/\/icom.museum\/fr\/covid-19\/enquetes-et-donnees\/enquete-de-suivi-limpact-de-covid-19-sur-le-secteur-des-musees\/","url":"https:\/\/icom.museum\/fr\/covid-19\/enquetes-et-donnees\/enquete-de-suivi-limpact-de-covid-19-sur-le-secteur-des-musees\/","name":"Enqu\u00eate de suivi : l'impact de COVID-19 sur le secteur des mus\u00e9es - International Council of Museums","isPartOf":{"@id":"https:\/\/icom.museum\/en\/#website"},"datePublished":"2020-09-22T07:57:27+00:00","dateModified":"2020-12-15T09:18:54+00:00","description":"Afin de recueillir de donn\u00e9es suppl\u00e9mentaires sur la mani\u00e8re dont l'\u00e9pid\u00e9mie de COVID-19 affectera le secteur des mus\u00e9es, ICOM lance une deuxi\u00e8me enqu\u00eate.","breadcrumb":{"@id":"https:\/\/icom.museum\/fr\/covid-19\/enquetes-et-donnees\/enquete-de-suivi-limpact-de-covid-19-sur-le-secteur-des-musees\/#breadcrumb"},"inLanguage":"fr-FR","potentialAction":[{"@type":"ReadAction","target":["https:\/\/icom.museum\/fr\/covid-19\/enquetes-et-donnees\/enquete-de-suivi-limpact-de-covid-19-sur-le-secteur-des-musees\/"]}]},{"@type":"BreadcrumbList","@id":"https:\/\/icom.museum\/fr\/covid-19\/enquetes-et-donnees\/enquete-de-suivi-limpact-de-covid-19-sur-le-secteur-des-musees\/#breadcrumb","itemListElement":[{"@type":"ListItem","position":1,"name":"Home","item":"https:\/\/icom.museum\/fr\/"},{"@type":"ListItem","position":2,"name":"COVID-19","item":"https:\/\/icom.museum\/fr\/covid-19\/"},{"@type":"ListItem","position":3,"name":"Enqu\u00eates et donn\u00e9es","item":"https:\/\/icom.museum\/fr\/covid-19\/enquetes-et-donnees\/"},{"@type":"ListItem","position":4,"name":"Enqu\u00eate de suivi : l&#8217;impact de COVID-19 sur le secteur des mus\u00e9es"}]},{"@type":"WebSite","@id":"https:\/\/icom.museum\/en\/#website","url":"https:\/\/icom.museum\/en\/","name":"International Council of Museums","description":"A global organisation of museums &amp; museum professionals committed to the promotion and protection of cultural heritage","publisher":{"@id":"https:\/\/icom.museum\/en\/#organization"},"potentialAction":[{"@type":"SearchAction","target":{"@type":"EntryPoint","urlTemplate":"https:\/\/icom.museum\/en\/?s={search_term_string}"},"query-input":{"@type":"PropertyValueSpecification","valueRequired":true,"valueName":"search_term_string"}}],"inLanguage":"fr-FR"},{"@type":"Organization","@id":"https:\/\/icom.museum\/en\/#organization","name":"International Council of Museums","url":"https:\/\/icom.museum\/en\/","logo":{"@type":"ImageObject","inLanguage":"fr-FR","@id":"https:\/\/icom.museum\/en\/#\/schema\/logo\/image\/","url":"https:\/\/icom.museum\/wp-content\/uploads\/2018\/07\/ICOM_M_.jpg","contentUrl":"https:\/\/icom.museum\/wp-content\/uploads\/2018\/07\/ICOM_M_.jpg","width":1721,"height":1721,"caption":"International Council of Museums"},"image":{"@id":"https:\/\/icom.museum\/en\/#\/schema\/logo\/image\/"}}]}},"_links":{"self":[{"href":"https:\/\/icom.museum\/fr\/wp-json\/wp\/v2\/pages\/40702"}],"collection":[{"href":"https:\/\/icom.museum\/fr\/wp-json\/wp\/v2\/pages"}],"about":[{"href":"https:\/\/icom.museum\/fr\/wp-json\/wp\/v2\/types\/page"}],"author":[{"embeddable":true,"href":"https:\/\/icom.museum\/fr\/wp-json\/wp\/v2\/users\/3334"}],"replies":[{"embeddable":true,"href":"https:\/\/icom.museum\/fr\/wp-json\/wp\/v2\/comments?post=40702"}],"version-history":[{"count":3,"href":"https:\/\/icom.museum\/fr\/wp-json\/wp\/v2\/pages\/40702\/revisions"}],"predecessor-version":[{"id":42235,"href":"https:\/\/icom.museum\/fr\/wp-json\/wp\/v2\/pages\/40702\/revisions\/42235"}],"up":[{"embeddable":true,"href":"https:\/\/icom.museum\/fr\/wp-json\/wp\/v2\/pages\/37736"}],"wp:attachment":[{"href":"https:\/\/icom.museum\/fr\/wp-json\/wp\/v2\/media?parent=40702"}],"curies":[{"name":"wp","href":"https:\/\/api.w.org\/{rel}","templated":true}]}}