{"id":41129,"date":"2020-10-14T16:07:53","date_gmt":"2020-10-14T14:07:53","guid":{"rendered":"https:\/\/icom.museum\/?page_id=41129"},"modified":"2020-10-14T16:14:51","modified_gmt":"2020-10-14T14:14:51","slug":"webinaire-de-licom-les-communautes-locales-pour-renforcer-les-musees","status":"publish","type":"page","link":"https:\/\/icom.museum\/fr\/covid-19\/webinaires\/webinaire-de-licom-les-communautes-locales-pour-renforcer-les-musees\/","title":{"rendered":"Webinaire de l&#8217;ICOM | Les communaut\u00e9s locales pour renforcer les mus\u00e9es"},"content":{"rendered":"<h3><b>Apr\u00e8s les deux webinaires sur l&#8217;impact de la crise du COVID-19 et les solutions innovantes pour y faire face, l&#8217;ICOM souhaite poursuivre son soutien \u00e0 la communaut\u00e9 mus\u00e9ale, avec une discussion en ligne qui explorera les synergies fructueuses entre les mus\u00e9es et leurs communaut\u00e9s.<\/b><\/h3>\n<p>Le <b>5 ao\u00fbt 2020, de 15h \u00e0 16h15 (CEST),<\/b> le <a href=\"https:\/\/www.yuca.tv\/fr\/icom\/webinaire-5-aout-2020\"><b>webinaire de l&#8217;ICOM &#8220;Les communaut\u00e9s locales pour renforcer les mus\u00e9es&#8221;<\/b><\/a> pr\u00e9sentera un d\u00e9bat en ligne sur la relation actuelle entre les mus\u00e9es et les communaut\u00e9s locales, en mettant en lumi\u00e8re des actions et des activit\u00e9s r\u00e9cemment mises en \u0153uvre dans diff\u00e9rentes r\u00e9gions du monde. Le webinaire vise \u00e0 souligner le r\u00f4le crucial que les communaut\u00e9s locales peuvent jouer vis-\u00e0-vis des institutions culturelles de toute taille. En particulier dans le contexte actuel de pand\u00e9mie mondiale, les synergies fructueuses qui lient les mus\u00e9es aux communaut\u00e9s environnantes peuvent aboutir \u00e0 des projets \u00e0 fort impact, au b\u00e9n\u00e9fice du secteur culturel et de la soci\u00e9t\u00e9.<\/p>\n<p>Peter Keller, directeur g\u00e9n\u00e9ral de l&#8217;ICOM, ouvrira la discussion avec un discours de bienvenue qui introduira la discussion principale. Vinod Daniel, mod\u00e9rateur du webinaire, lancera ensuite le d\u00e9bat principal, qui r\u00e9unira quatre sp\u00e9cialistes internationaux du Chili, d&#8217;Afrique du Sud, du Japon et du Royaume-Uni. Les intervenants partageront leurs exp\u00e9riences, mettront en \u00e9vidence des bonnes pratiques et r\u00e9pondront aux questions du public. L&#8217;objectif de ce s\u00e9minaire est d&#8217;inciter tous les mus\u00e9es, y compris les petits et moyens, \u00e0 attirer le public local et \u00e0 travailler ensemble avec ce public \u00e0 l&#8217;avenir.<\/p>\n<p><iframe loading=\"lazy\" src=\"https:\/\/www.youtube.com\/embed\/3j3qbj_E16E\" width=\"560\" height=\"315\" frameborder=\"0\" allowfullscreen=\"allowfullscreen\"><\/iframe><\/p>\n<p><u><b>Intervenants<\/b><\/u> :<\/p>\n<ul>\n<li><span style=\"color: #474747; font-family: Georgia; font-size: 15px;\"><b>Paulina Roblero<\/b>. Dipl\u00f4m\u00e9e en communication sociale et en pr\u00e9servation, conservation et gestion du patrimoine culturel, Paulina en d\u00e9cembre 2016 a co-fond\u00e9 le Colectivo Vamos al Museo ! (VAM), une organisation qui diffuse, stimule et cr\u00e9e des instances de participation publique dans les mus\u00e9es chiliens.<\/span><\/li>\n<li><span style=\"color: #474747; font-family: Georgia; font-size: 15px;\"><b>Bonita Bennett<\/b>. Ancienne directrice du District Six Museum au Cap, en Afrique du Sud, Bonita est une \u00e9ducatrice et une militante des droits de l&#8217;homme et de la lutte contre l&#8217;apartheid. Apr\u00e8s avoir enseign\u00e9 dans des \u00e9coles des quartiers pauvres du Cap, Bennett a obtenu un MPhil \u00e0 l&#8217;Universit\u00e9 du Cap, o\u00f9 elle a concentr\u00e9 ses recherches sur les r\u00e9cits et la m\u00e9moire.<\/span><\/li>\n<li><span style=\"color: #474747; font-family: Georgia; font-size: 15px;\"><b>Kenji Saotome<\/b>. Dipl\u00f4m\u00e9 en \u00e9ducation et d\u00e9veloppement international et en \u00e9tudes mus\u00e9ales, Saotome travaille depuis 2011 comme conservateur au Suita City Museum d&#8217;Osaka, au Japon. Ses recherches portent sur l&#8217;histoire moderne et contemporaine de la ville de Suita. Kenji est membre du conseil d&#8217;administration du Comit\u00e9 international des mus\u00e9es r\u00e9gionaux (ICR) de l&#8217;ICOM et organisateur du R\u00e9seau des petits mus\u00e9es du Japon.<\/span><\/li>\n<li><span style=\"color: #474747; font-family: Georgia; font-size: 15px;\"><b>Carol Rogers<\/b>. Distingu\u00e9e par un MBE (Member of the British Empire) en janvier 2015, Carol dirige le programme de sensibilisation \u00e0 la d\u00e9mence de la House of Memories, aux Mus\u00e9es nationaux de Liverpool, qui a \u00e9t\u00e9 plusieurs fois couronn\u00e9. House of Memories soutient les personnes souffrant de d\u00e9mence, leurs soignants, leurs familles et leurs communaut\u00e9s. En 2019, 60 000 personnes avaient b\u00e9n\u00e9fici\u00e9 de ce programme, qui se d\u00e9veloppe au Royaume-Uni, aux \u00c9tats-Unis et en Asie du Sud-Est. Carol entretient un vaste r\u00e9seau national et international de partenariats dans les domaines de l&#8217;\u00e9ducation, des mus\u00e9es, de la sant\u00e9 et de l&#8217;aide sociale.<\/span><\/li>\n<\/ul>\n<p><u><b>Mod\u00e9rateur<\/b><\/u> :<\/p>\n<ul>\n<li><span style=\"color: #474747; font-family: Georgia; font-size: 15px;\"><b>Vinod Daniel<\/b>. Sp\u00e9cialiste des mus\u00e9es internationalement reconnu, Daniel est actuellement pr\u00e9sident du conseil d&#8217;administration d&#8217;AusHeritage (le r\u00e9seau australien des industries du patrimoine) et membre du conseil d&#8217;administration de l&#8217;ICOM.<\/span><\/li>\n<\/ul>\n<p><u><b>Introduction<\/b>:<\/u><\/p>\n<ul>\n<li><span style=\"color: #474747; font-family: Georgia; font-size: 15px;\"><b>Peter Keller<\/b>. Nomm\u00e9 directeur g\u00e9n\u00e9ral de l&#8217;ICOM en 2017, Keller \u00e9tait directeur du mus\u00e9e de la cath\u00e9drale de Salzbourg (Dommuseum), en Autriche, depuis 2002. Il a pr\u00e9c\u00e9demment \u00e9t\u00e9 tr\u00e9sorier de l&#8217;ICOM, pr\u00e9sident et secr\u00e9taire de l&#8217;ICOM-DEMHIST et membre du conseil d&#8217;administration du Comit\u00e9 national autrichien de l&#8217;ICOM.<\/span><\/li>\n<\/ul>\n<p><i>Le deuxi\u00e8me webinaire de l&#8217;ICOM, le 24 juin 2020, a r\u00e9uni plus de 3 000 utilisateurs sur la plateforme de streaming en direct. Si vous l&#8217;avez manqu\u00e9, vous pouvez revoir l&#8217;int\u00e9gralit\u00e9 de la session de webinaire sur <\/i><a href=\"https:\/\/www.yuca.tv\/en\/icom\/webinary17june2020\"><i>ce lien<\/i><\/a><i> &#8211; jusqu&#8217;\u00e0 fin ao\u00fbt 2020 &#8211; \u00e9galement disponible dans ses traductions simultan\u00e9es en fran\u00e7ais et en espagnol.<\/i><\/p>\n<figure id=\"attachment_40387\" aria-describedby=\"caption-attachment-40387\" style=\"width: 1024px\" class=\"wp-caption aligncenter\"><a href=\"https:\/\/www.yuca.tv\/fr\/icom\/webinaire-5-aout-2020\"><img loading=\"lazy\" decoding=\"async\" class=\"wp-image-40387 size-large\" src=\"https:\/\/icom.museum\/wp-content\/uploads\/2020\/08\/jake-schumacher-FShcc4u-6bY-unsplash-1024x746.jpg\" alt=\"\" width=\"1024\" height=\"746\" srcset=\"https:\/\/icom.museum\/wp-content\/uploads\/2020\/08\/jake-schumacher-FShcc4u-6bY-unsplash-1024x746.jpg 1024w, https:\/\/icom.museum\/wp-content\/uploads\/2020\/08\/jake-schumacher-FShcc4u-6bY-unsplash-300x218.jpg 300w, https:\/\/icom.museum\/wp-content\/uploads\/2020\/08\/jake-schumacher-FShcc4u-6bY-unsplash-768x559.jpg 768w\" sizes=\"(max-width: 1024px) 100vw, 1024px\" \/><\/a><figcaption id=\"caption-attachment-40387\" class=\"wp-caption-text\">Photo par Jake Schumacher sur Unsplash<\/figcaption><\/figure>\n<p>***<\/p>\n<p>Depuis le d\u00e9but de la crise, l\u2019ICOM a souhait\u00e9 aider ses membres et la communaut\u00e9 internationale des mus\u00e9es \u00e0 trouver des solutions qui pourraient r\u00e9pondre efficacement aux multiples probl\u00e8mes auxquels sont confront\u00e9es les institutions culturelles mondiales. En mettant r\u00e9guli\u00e8rement \u00e0 jour la\u00a0<a href=\"https:\/\/icom.museum\/fr\/covid-19\/\">section du site web<\/a>\u00a0d\u00e9di\u00e9e \u00e0 la COVID-19, nous nous sommes engag\u00e9s, avec la collaboration de plusieurs partenaires cl\u00e9s, \u00e0 prendre en compte les diff\u00e9rents aspects de cette crise qui affecte le travail des mus\u00e9es et des professionnels des mus\u00e9es.<\/p>\n","protected":false},"excerpt":{"rendered":"<p>Apr\u00e8s les deux webinaires sur l&#8217;impact de la crise du COVID-19 et les solutions innovantes pour y faire face, l&#8217;ICOM souhaite poursuivre son soutien \u00e0 la communaut\u00e9 mus\u00e9ale, avec une discussion en ligne qui explorera les synergies fructueuses entre les mus\u00e9es et leurs communaut\u00e9s. Le 5 ao\u00fbt 2020, de 15h \u00e0 16h15 (CEST), le webinaire [&hellip;]<\/p>\n","protected":false},"author":3334,"featured_media":0,"parent":39043,"menu_order":3,"comment_status":"closed","ping_status":"closed","template":"","meta":{"inline_featured_image":false,"footnotes":""},"class_list":["post-41129","page","type-page","status-publish","hentry"],"acf":[],"yoast_head":"<!-- This site is optimized with the Yoast SEO plugin v23.7 - https:\/\/yoast.com\/wordpress\/plugins\/seo\/ -->\n<title>Webinaire de l&#039;ICOM | Les communaut\u00e9s locales pour renforcer les mus\u00e9es<\/title>\n<meta name=\"description\" content=\"Le webinaire vise \u00e0 souligner le r\u00f4le crucial que les communaut\u00e9s locales peuvent jouer vis-\u00e0-vis des mus\u00e9es et des institutions culturelles.\" \/>\n<meta name=\"robots\" content=\"index, follow, max-snippet:-1, max-image-preview:large, max-video-preview:-1\" \/>\n<link rel=\"canonical\" href=\"https:\/\/icom.museum\/fr\/covid-19\/webinaires\/webinaire-de-licom-les-communautes-locales-pour-renforcer-les-musees\/\" \/>\n<meta property=\"og:locale\" content=\"fr_FR\" \/>\n<meta property=\"og:type\" content=\"article\" \/>\n<meta property=\"og:title\" content=\"Webinaire de l&#039;ICOM | Les communaut\u00e9s locales pour renforcer les mus\u00e9es\" \/>\n<meta property=\"og:description\" content=\"Le webinaire vise \u00e0 souligner le r\u00f4le crucial que les communaut\u00e9s locales peuvent jouer vis-\u00e0-vis des mus\u00e9es et des institutions culturelles.\" \/>\n<meta property=\"og:url\" content=\"https:\/\/icom.museum\/fr\/covid-19\/webinaires\/webinaire-de-licom-les-communautes-locales-pour-renforcer-les-musees\/\" \/>\n<meta property=\"og:site_name\" content=\"International Council of Museums\" \/>\n<meta property=\"article:modified_time\" content=\"2020-10-14T14:14:51+00:00\" \/>\n<meta property=\"og:image\" content=\"https:\/\/icom.museum\/wp-content\/uploads\/2020\/08\/jake-schumacher-FShcc4u-6bY-unsplash.jpg\" \/>\n\t<meta property=\"og:image:width\" content=\"3376\" \/>\n\t<meta property=\"og:image:height\" content=\"2458\" \/>\n\t<meta property=\"og:image:type\" content=\"image\/jpeg\" \/>\n<meta name=\"twitter:card\" content=\"summary_large_image\" \/>\n<meta name=\"twitter:label1\" content=\"Dur\u00e9e de lecture estim\u00e9e\" \/>\n\t<meta name=\"twitter:data1\" content=\"4 minutes\" \/>\n<script type=\"application\/ld+json\" class=\"yoast-schema-graph\">{\"@context\":\"https:\/\/schema.org\",\"@graph\":[{\"@type\":\"WebPage\",\"@id\":\"https:\/\/icom.museum\/fr\/covid-19\/webinaires\/webinaire-de-licom-les-communautes-locales-pour-renforcer-les-musees\/\",\"url\":\"https:\/\/icom.museum\/fr\/covid-19\/webinaires\/webinaire-de-licom-les-communautes-locales-pour-renforcer-les-musees\/\",\"name\":\"Webinaire de l'ICOM | Les communaut\u00e9s locales pour renforcer les mus\u00e9es\",\"isPartOf\":{\"@id\":\"https:\/\/icom.museum\/en\/#website\"},\"primaryImageOfPage\":{\"@id\":\"https:\/\/icom.museum\/fr\/covid-19\/webinaires\/webinaire-de-licom-les-communautes-locales-pour-renforcer-les-musees\/#primaryimage\"},\"image\":{\"@id\":\"https:\/\/icom.museum\/fr\/covid-19\/webinaires\/webinaire-de-licom-les-communautes-locales-pour-renforcer-les-musees\/#primaryimage\"},\"thumbnailUrl\":\"https:\/\/icom.museum\/wp-content\/uploads\/2020\/08\/jake-schumacher-FShcc4u-6bY-unsplash-1024x746.jpg\",\"datePublished\":\"2020-10-14T14:07:53+00:00\",\"dateModified\":\"2020-10-14T14:14:51+00:00\",\"description\":\"Le webinaire vise \u00e0 souligner le r\u00f4le crucial que les communaut\u00e9s locales peuvent jouer vis-\u00e0-vis des mus\u00e9es et des institutions culturelles.\",\"breadcrumb\":{\"@id\":\"https:\/\/icom.museum\/fr\/covid-19\/webinaires\/webinaire-de-licom-les-communautes-locales-pour-renforcer-les-musees\/#breadcrumb\"},\"inLanguage\":\"fr-FR\",\"potentialAction\":[{\"@type\":\"ReadAction\",\"target\":[\"https:\/\/icom.museum\/fr\/covid-19\/webinaires\/webinaire-de-licom-les-communautes-locales-pour-renforcer-les-musees\/\"]}]},{\"@type\":\"ImageObject\",\"inLanguage\":\"fr-FR\",\"@id\":\"https:\/\/icom.museum\/fr\/covid-19\/webinaires\/webinaire-de-licom-les-communautes-locales-pour-renforcer-les-musees\/#primaryimage\",\"url\":\"https:\/\/icom.museum\/wp-content\/uploads\/2020\/08\/jake-schumacher-FShcc4u-6bY-unsplash-1024x746.jpg\",\"contentUrl\":\"https:\/\/icom.museum\/wp-content\/uploads\/2020\/08\/jake-schumacher-FShcc4u-6bY-unsplash-1024x746.jpg\"},{\"@type\":\"BreadcrumbList\",\"@id\":\"https:\/\/icom.museum\/fr\/covid-19\/webinaires\/webinaire-de-licom-les-communautes-locales-pour-renforcer-les-musees\/#breadcrumb\",\"itemListElement\":[{\"@type\":\"ListItem\",\"position\":1,\"name\":\"Home\",\"item\":\"https:\/\/icom.museum\/fr\/\"},{\"@type\":\"ListItem\",\"position\":2,\"name\":\"COVID-19\",\"item\":\"https:\/\/icom.museum\/fr\/covid-19\/\"},{\"@type\":\"ListItem\",\"position\":3,\"name\":\"Webinaires\",\"item\":\"https:\/\/icom.museum\/fr\/covid-19\/webinaires\/\"},{\"@type\":\"ListItem\",\"position\":4,\"name\":\"Webinaire de l&#8217;ICOM | Les communaut\u00e9s locales pour renforcer les mus\u00e9es\"}]},{\"@type\":\"WebSite\",\"@id\":\"https:\/\/icom.museum\/en\/#website\",\"url\":\"https:\/\/icom.museum\/en\/\",\"name\":\"International Council of Museums\",\"description\":\"A global organisation of museums &amp; museum professionals committed to the promotion and protection of cultural heritage\",\"publisher\":{\"@id\":\"https:\/\/icom.museum\/en\/#organization\"},\"potentialAction\":[{\"@type\":\"SearchAction\",\"target\":{\"@type\":\"EntryPoint\",\"urlTemplate\":\"https:\/\/icom.museum\/en\/?s={search_term_string}\"},\"query-input\":{\"@type\":\"PropertyValueSpecification\",\"valueRequired\":true,\"valueName\":\"search_term_string\"}}],\"inLanguage\":\"fr-FR\"},{\"@type\":\"Organization\",\"@id\":\"https:\/\/icom.museum\/en\/#organization\",\"name\":\"International Council of Museums\",\"url\":\"https:\/\/icom.museum\/en\/\",\"logo\":{\"@type\":\"ImageObject\",\"inLanguage\":\"fr-FR\",\"@id\":\"https:\/\/icom.museum\/en\/#\/schema\/logo\/image\/\",\"url\":\"https:\/\/icom.museum\/wp-content\/uploads\/2018\/07\/ICOM_M_.jpg\",\"contentUrl\":\"https:\/\/icom.museum\/wp-content\/uploads\/2018\/07\/ICOM_M_.jpg\",\"width\":1721,\"height\":1721,\"caption\":\"International Council of Museums\"},\"image\":{\"@id\":\"https:\/\/icom.museum\/en\/#\/schema\/logo\/image\/\"}}]}<\/script>\n<!-- \/ Yoast SEO plugin. -->","yoast_head_json":{"title":"Webinaire de l'ICOM | Les communaut\u00e9s locales pour renforcer les mus\u00e9es","description":"Le webinaire vise \u00e0 souligner le r\u00f4le crucial que les communaut\u00e9s locales peuvent jouer vis-\u00e0-vis des mus\u00e9es et des institutions culturelles.","robots":{"index":"index","follow":"follow","max-snippet":"max-snippet:-1","max-image-preview":"max-image-preview:large","max-video-preview":"max-video-preview:-1"},"canonical":"https:\/\/icom.museum\/fr\/covid-19\/webinaires\/webinaire-de-licom-les-communautes-locales-pour-renforcer-les-musees\/","og_locale":"fr_FR","og_type":"article","og_title":"Webinaire de l'ICOM | Les communaut\u00e9s locales pour renforcer les mus\u00e9es","og_description":"Le webinaire vise \u00e0 souligner le r\u00f4le crucial que les communaut\u00e9s locales peuvent jouer vis-\u00e0-vis des mus\u00e9es et des institutions culturelles.","og_url":"https:\/\/icom.museum\/fr\/covid-19\/webinaires\/webinaire-de-licom-les-communautes-locales-pour-renforcer-les-musees\/","og_site_name":"International Council of Museums","article_modified_time":"2020-10-14T14:14:51+00:00","og_image":[{"width":3376,"height":2458,"url":"https:\/\/icom.museum\/wp-content\/uploads\/2020\/08\/jake-schumacher-FShcc4u-6bY-unsplash.jpg","type":"image\/jpeg"}],"twitter_card":"summary_large_image","twitter_misc":{"Dur\u00e9e de lecture estim\u00e9e":"4 minutes"},"schema":{"@context":"https:\/\/schema.org","@graph":[{"@type":"WebPage","@id":"https:\/\/icom.museum\/fr\/covid-19\/webinaires\/webinaire-de-licom-les-communautes-locales-pour-renforcer-les-musees\/","url":"https:\/\/icom.museum\/fr\/covid-19\/webinaires\/webinaire-de-licom-les-communautes-locales-pour-renforcer-les-musees\/","name":"Webinaire de l'ICOM | Les communaut\u00e9s locales pour renforcer les mus\u00e9es","isPartOf":{"@id":"https:\/\/icom.museum\/en\/#website"},"primaryImageOfPage":{"@id":"https:\/\/icom.museum\/fr\/covid-19\/webinaires\/webinaire-de-licom-les-communautes-locales-pour-renforcer-les-musees\/#primaryimage"},"image":{"@id":"https:\/\/icom.museum\/fr\/covid-19\/webinaires\/webinaire-de-licom-les-communautes-locales-pour-renforcer-les-musees\/#primaryimage"},"thumbnailUrl":"https:\/\/icom.museum\/wp-content\/uploads\/2020\/08\/jake-schumacher-FShcc4u-6bY-unsplash-1024x746.jpg","datePublished":"2020-10-14T14:07:53+00:00","dateModified":"2020-10-14T14:14:51+00:00","description":"Le webinaire vise \u00e0 souligner le r\u00f4le crucial que les communaut\u00e9s locales peuvent jouer vis-\u00e0-vis des mus\u00e9es et des institutions culturelles.","breadcrumb":{"@id":"https:\/\/icom.museum\/fr\/covid-19\/webinaires\/webinaire-de-licom-les-communautes-locales-pour-renforcer-les-musees\/#breadcrumb"},"inLanguage":"fr-FR","potentialAction":[{"@type":"ReadAction","target":["https:\/\/icom.museum\/fr\/covid-19\/webinaires\/webinaire-de-licom-les-communautes-locales-pour-renforcer-les-musees\/"]}]},{"@type":"ImageObject","inLanguage":"fr-FR","@id":"https:\/\/icom.museum\/fr\/covid-19\/webinaires\/webinaire-de-licom-les-communautes-locales-pour-renforcer-les-musees\/#primaryimage","url":"https:\/\/icom.museum\/wp-content\/uploads\/2020\/08\/jake-schumacher-FShcc4u-6bY-unsplash-1024x746.jpg","contentUrl":"https:\/\/icom.museum\/wp-content\/uploads\/2020\/08\/jake-schumacher-FShcc4u-6bY-unsplash-1024x746.jpg"},{"@type":"BreadcrumbList","@id":"https:\/\/icom.museum\/fr\/covid-19\/webinaires\/webinaire-de-licom-les-communautes-locales-pour-renforcer-les-musees\/#breadcrumb","itemListElement":[{"@type":"ListItem","position":1,"name":"Home","item":"https:\/\/icom.museum\/fr\/"},{"@type":"ListItem","position":2,"name":"COVID-19","item":"https:\/\/icom.museum\/fr\/covid-19\/"},{"@type":"ListItem","position":3,"name":"Webinaires","item":"https:\/\/icom.museum\/fr\/covid-19\/webinaires\/"},{"@type":"ListItem","position":4,"name":"Webinaire de l&#8217;ICOM | Les communaut\u00e9s locales pour renforcer les mus\u00e9es"}]},{"@type":"WebSite","@id":"https:\/\/icom.museum\/en\/#website","url":"https:\/\/icom.museum\/en\/","name":"International Council of Museums","description":"A global organisation of museums &amp; museum professionals committed to the promotion and protection of cultural heritage","publisher":{"@id":"https:\/\/icom.museum\/en\/#organization"},"potentialAction":[{"@type":"SearchAction","target":{"@type":"EntryPoint","urlTemplate":"https:\/\/icom.museum\/en\/?s={search_term_string}"},"query-input":{"@type":"PropertyValueSpecification","valueRequired":true,"valueName":"search_term_string"}}],"inLanguage":"fr-FR"},{"@type":"Organization","@id":"https:\/\/icom.museum\/en\/#organization","name":"International Council of Museums","url":"https:\/\/icom.museum\/en\/","logo":{"@type":"ImageObject","inLanguage":"fr-FR","@id":"https:\/\/icom.museum\/en\/#\/schema\/logo\/image\/","url":"https:\/\/icom.museum\/wp-content\/uploads\/2018\/07\/ICOM_M_.jpg","contentUrl":"https:\/\/icom.museum\/wp-content\/uploads\/2018\/07\/ICOM_M_.jpg","width":1721,"height":1721,"caption":"International Council of Museums"},"image":{"@id":"https:\/\/icom.museum\/en\/#\/schema\/logo\/image\/"}}]}},"_links":{"self":[{"href":"https:\/\/icom.museum\/fr\/wp-json\/wp\/v2\/pages\/41129"}],"collection":[{"href":"https:\/\/icom.museum\/fr\/wp-json\/wp\/v2\/pages"}],"about":[{"href":"https:\/\/icom.museum\/fr\/wp-json\/wp\/v2\/types\/page"}],"author":[{"embeddable":true,"href":"https:\/\/icom.museum\/fr\/wp-json\/wp\/v2\/users\/3334"}],"replies":[{"embeddable":true,"href":"https:\/\/icom.museum\/fr\/wp-json\/wp\/v2\/comments?post=41129"}],"version-history":[{"count":2,"href":"https:\/\/icom.museum\/fr\/wp-json\/wp\/v2\/pages\/41129\/revisions"}],"predecessor-version":[{"id":41135,"href":"https:\/\/icom.museum\/fr\/wp-json\/wp\/v2\/pages\/41129\/revisions\/41135"}],"up":[{"embeddable":true,"href":"https:\/\/icom.museum\/fr\/wp-json\/wp\/v2\/pages\/39043"}],"wp:attachment":[{"href":"https:\/\/icom.museum\/fr\/wp-json\/wp\/v2\/media?parent=41129"}],"curies":[{"name":"wp","href":"https:\/\/api.w.org\/{rel}","templated":true}]}}