{"id":43772,"date":"2021-04-26T16:19:47","date_gmt":"2021-04-26T14:19:47","guid":{"rendered":"https:\/\/icom.museum\/?page_id=43772"},"modified":"2021-04-29T09:34:33","modified_gmt":"2021-04-29T07:34:33","slug":"droit-dauteur","status":"publish","type":"page","link":"https:\/\/icom.museum\/fr\/protection-du-patrimoine\/droit-dauteur\/","title":{"rendered":"Droit d&#8217;auteur"},"content":{"rendered":"<h2 class=\"p1 headline\">Les mus\u00e9es, en tant qu&#8217;institutions permanentes \u00e0 but non lucratif au service de la soci\u00e9t\u00e9 et de son d\u00e9veloppement, sont r\u00e9guli\u00e8rement confront\u00e9s \u00e0 des questions de droit d&#8217;auteur dans l&#8217;exercice de leur mission d&#8217;int\u00e9r\u00eat public consistant \u00e0 acqu\u00e9rir, conserver, \u00e9tudier, transmettre et exposer le patrimoine mat\u00e9riel et immat\u00e9riel de l&#8217;humanit\u00e9 et son environnement \u00e0 des fins d\u2019\u00e9tude, d\u2019\u00e9ducation et de d\u00e9lectation.<\/h2>\n<p class=\"p2\">\u00c0 titre d&#8217;exemple, il peut \u00eatre n\u00e9cessaire pour un mus\u00e9e de proc\u00e9der \u00e0 une reproduction d&#8217;une \u0153uvre afin d\u2019assurer sa survie \u2013 que ce soit \u00e0 des fins de documentation ou de conservation en cas de vol, d&#8217;incident (incendie, inondation) ou encore du fait du changement climatique. \u00c0 cet \u00e9gard, l&#8217;ICOM a mis en place <a href=\"https:\/\/icom.museum\/fr\/ressources\/normes-et-lignes-directrices\/object-id\/\"><span class=\"s1\">l&#8217;Object ID<\/span><\/a> (Object Identification) ; une norme de documentation internationalement reconnue con\u00e7ue pour documenter et d\u00e9crire les collections d&#8217;objets arch\u00e9ologiques, culturels et artistiques qui peuvent aider \u00e0 leur r\u00e9cup\u00e9ration en cas de perte ou de vol. Les copies num\u00e9riques n&#8217;\u00e9tant pas soumises \u00e0 la d\u00e9gradation physique, elles garantissent la survie de notre patrimoine (m\u00eame en cas de perte du support physique original) et son accessibilit\u00e9 \u00e0 tous, aujourd&#8217;hui et demain. Des s\u00e9minaires men\u00e9s par <a href=\"https:\/\/www.wipo.int\/portal\/fr\/index.html\"><span class=\"s1\">l&#8217;Organisation mondiale de la propri\u00e9t\u00e9 intellectuelle<\/span><\/a> (OMPI) ont n\u00e9anmoins r\u00e9v\u00e9l\u00e9 que les mus\u00e9es \u00e9taient les institutions du patrimoine culturel les moins soutenues par leur l\u00e9gislation nationale pour r\u00e9aliser de telles copies \u00e0 des fins de conservation.<\/p>\n<p class=\"p2\">En mati\u00e8re de communication et d&#8217;exposition, les mus\u00e9es peuvent \u00eatre amen\u00e9s \u00e0 r\u00e9aliser des activit\u00e9s en ligne (telles que des bases de donn\u00e9es accessibles \u00e0 tous, des visites virtuelles, etc.), encourageant et soutenant ainsi la diffusion des connaissances et le partage de notre patrimoine avec les g\u00e9n\u00e9rations actuelles et futures. La pand\u00e9mie de Covid-19, qui a contraint les mus\u00e9es du monde entier \u00e0 fermer temporairement leurs portes, a mis en \u00e9vidence cette n\u00e9cessit\u00e9. Cependant, une fois encore, le cadre juridique applicable \u00e0 ce type d&#8217;activit\u00e9s est constitu\u00e9 d&#8217;un ensemble de solutions disparates, in\u00e9gales et souvent insuffisantes, ce qui rend difficile l&#8217;exercice par les mus\u00e9es de leurs activit\u00e9s d&#8217;int\u00e9r\u00eat public.<\/p>\n<p class=\"p4\">Pour mener \u00e0 bien ces missions, il est donc n\u00e9cessaire de mettre en place un cadre juridique clair, appropri\u00e9 et \u00e9quilibr\u00e9 qui offre \u00e9galement des limitations et des exceptions au droit d&#8217;auteur pour certaines utilisations.<\/p>\n<div class=\"separator\">\n<p class=\"p4\"><span class=\"s2\"><b>Plaidoyer en faveur des mus\u00e9es aupr\u00e8s de l&#8217;Organisation mondiale de la propri\u00e9t\u00e9 intellectuelle (OMPI).<\/b><\/span><\/p>\n<\/div>\n<p class=\"p4\">Le cadre juridique actuel relatif au droit d&#8217;auteur pour les mus\u00e9es est disparate et incomplet. Peu de dispositions l\u00e9gislatives pr\u00e9voient des exceptions sp\u00e9cifiques pour les mus\u00e9es. De plus, l&#8217;absence d&#8217;un cadre international harmonis\u00e9 cr\u00e9e un d\u00e9s\u00e9quilibre et rend les activit\u00e9s transfrontali\u00e8res complexes.<\/p>\n<p class=\"p4\">Depuis 2014, l&#8217;ICOM plaide avec ses institutions partenaires, <a href=\"https:\/\/www.ifla.org\/FR\"><span class=\"s1\">la F\u00e9d\u00e9ration Internationale des Associations et Institutions de Biblioth\u00e8ques<\/span><\/a> (IFLA) et le <a href=\"https:\/\/www.ica.org\/fr\"><span class=\"s1\">Conseil International des Archives<\/span><\/a> (ICA), aupr\u00e8s de l&#8217;Organisation mondiale de la propri\u00e9t\u00e9 intellectuelle (OMPI) pour un instrument international qui permettrait de mettre en place des limitations et des exceptions au droit d&#8217;auteur pour les biblioth\u00e8ques, les archives et les mus\u00e9es.<\/p>\n<p class=\"p4\">En particulier, l&#8217;ICOM participe aux r\u00e9unions de haut niveau <a href=\"https:\/\/www.wipo.int\/policy\/fr\/sccr\/index.html\"><span class=\"s1\">du Comit\u00e9 permanent du droit d&#8217;auteur et des droits connexes<\/span><\/a> (SCCR) de l&#8217;OMPI afin de sensibiliser les \u00c9tats membres et les parties prenantes aux questions sp\u00e9cifiques \u00e0 la communaut\u00e9 mus\u00e9ale, notamment en ce qui concerne les questions de pr\u00e9servation du patrimoine culturel.<\/p>\n<div class=\"separator\">\n<p class=\"p4\"><span class=\"s2\"><b>Comment passer \u00e0 l&#8217;action ?<\/b><\/span><\/p>\n<\/div>\n<ul class=\"ul1\">\n<li class=\"li4\">Sensibilisez vos d\u00e9cideurs aux probl\u00e9matiques sp\u00e9cifiques rencontr\u00e9s par les mus\u00e9es en mati\u00e8re de droit d&#8217;auteur. Utilisez pour cela les <a href=\"https:\/\/icom.museum\/fr\/covid-19\/plaidoyer\/advocate-for-museums\/\"><span class=\"s1\">outils<\/span><\/a> d\u00e9velopp\u00e9s par l&#8217;ICOM;<\/li>\n<li class=\"li4\">Partagez avec l&#8217;ICOM vos probl\u00e8mes de droit d&#8217;auteur en utilisant vos r\u00e9seaux sociaux avec notre hashtag <b>#FixCopyrightForMuseums<\/b> ;<\/li>\n<li class=\"li4\">Contactez le <a href=\"https:\/\/icom.museum\/fr\/committee\/comite-pour-les-affaires-juridiques\/\"><span class=\"s1\">Comit\u00e9 des Affaires Juridiques<\/span><\/a> pour discuter des actions \u00e0 mener.<\/li>\n<\/ul>\n<div class=\"separator\">\n<p class=\"p4\"><span class=\"s2\"><b>Vous souhaitez en savoir plus sur le droit d\u2019auteur ?<\/b><\/span><\/p>\n<\/div>\n<ul class=\"ul1\">\n<li class=\"li4\">Sur les d\u00e9fis de la num\u00e9risation des collections des mus\u00e9es : la conf\u00e9rence internationale UNIGE-ICOM \u201c<a href=\"https:\/\/www.digitizationpolicies.com\/when-museums-go-online\/\"><span class=\"s4\">When Museums Go Online<\/span><\/a>&#8220;;<\/li>\n<li class=\"li4\">Sur la n\u00e9cessit\u00e9 de mettre en place des lois appropri\u00e9es sur le droit d&#8217;auteur pour relever les d\u00e9fis du changement climatique : <a href=\"https:\/\/icom.museum\/fr\/news\/climate-change-and-copyright-laws-the-challenge-of-safeguarding-our-heritage\/\"><span class=\"s1\">Le changement climatique et les lois sur le droit d&#8217;auteur : un d\u00e9fi pour pr\u00e9server notre patrimoine<\/span><\/a>.<\/li>\n<li class=\"li6\"><span class=\"s6\">Sur la <a href=\"https:\/\/www.wipo.int\/edocs\/pubdocs\/fr\/copyright\/1001\/wipo_pub_1001.pdf\"><span class=\"s1\">Gestion de la Propri\u00e9t\u00e9 intellectuelle \u00e0 l\u2019intention des mus\u00e9es<\/span><\/a> (\u00e9tude de Mme. Rina Elster Pantalony, 2013) <\/span><\/li>\n<li class=\"li4\">D\u2019autres \u00e9tudes sur le sujet:\n<ul class=\"ul1\">\n<li><span class=\"s5\"><a href=\"https:\/\/zenodo.org\/record\/4608430#.YIpg92b7SqQ\">FAQs Author\u2019s Rights, Copyright and Open Licenses<\/a> (par\u00a0<a href=\"http:\/\/www.icom-italia.org\/copyright-e-licenze-aperte-per-la-cultura-nel-web-a-cura-del-gruppo-di-ricerca-digital-cultural-heritage-di-icom-italia\/\">Digital Cultural Heritage ICOM Italy<\/a>, 2021)<\/span><\/li>\n<li class=\"li6\"><span class=\"s5\"><a href=\"https:\/\/www.wipo.int\/edocs\/mdocs\/copyright\/en\/sccr_38\/sccr_38_5.pdf\"><span class=\"s8\">Rapport r\u00e9vis\u00e9 sur les pratiques suivies et les difficult\u00e9s rencontr\u00e9es par les mus\u00e9es en mati\u00e8re de droit d\u2019auteur<\/span><\/a><\/span><span class=\"s6\"> (en anglais seulement) (Dr. Yaniv Benhamou, 2019) <\/span><\/li>\n<li class=\"li6\"><span class=\"s5\"><a href=\"https:\/\/www.wipo.int\/edocs\/mdocs\/copyright\/fr\/sccr_38\/sccr_38_5.pdf\"><span class=\"s8\">R\u00e9sum\u00e9 analytique du Rapport r\u00e9vis\u00e9 sur les pratiques suivies et les difficult\u00e9s rencontr\u00e9es par les mus\u00e9es en mati\u00e8re de droit d\u2019auteur<\/span><\/a><\/span><span class=\"s6\">, le Secr\u00e9tariat de l\u2019OMPI<\/span><\/li>\n<li class=\"li4\"><span class=\"s3\"><a href=\"https:\/\/www.wipo.int\/export\/sites\/www\/copyright\/en\/limitations\/pdf\/museum_study.pdf\"><span class=\"s7\">Etude sur les limitations et exceptions au droit d\u2019auteur en faveur des mus\u00e9es<\/span><\/a><\/span> (en anglais seulement) (Jean-Fran\u00e7ois Canat et Lucie Guibault, en collaboration avec Elisabeth Logeais, 2015)<\/li>\n<li class=\"li6\"><span class=\"s5\"><a href=\"https:\/\/www.wipo.int\/edocs\/mdocs\/copyright\/fr\/sccr_30\/sccr_30_2.pdf\"><span class=\"s8\">R\u00e9sum\u00e9 de l\u2019\u00e9tude sur les limitations et exceptions au droit d\u2019auteur en faveur des mus\u00e9es<\/span><\/a><\/span><span class=\"s6\">, le Secr\u00e9tariat de l\u2019OMPI<\/span><\/li>\n<\/ul>\n<\/li>\n<\/ul>\n<p>&nbsp;<\/p>\n<p>Image de couverture \u00a9\u00a0Prostorina<\/p>\n","protected":false},"excerpt":{"rendered":"<p>Les mus\u00e9es, en tant qu&#8217;institutions permanentes \u00e0 but non lucratif au service de la soci\u00e9t\u00e9 et de son d\u00e9veloppement, sont r\u00e9guli\u00e8rement confront\u00e9s \u00e0 des questions de droit d&#8217;auteur dans l&#8217;exercice de leur mission d&#8217;int\u00e9r\u00eat public consistant \u00e0 acqu\u00e9rir, conserver, \u00e9tudier, transmettre et exposer le patrimoine mat\u00e9riel et immat\u00e9riel de l&#8217;humanit\u00e9 et son environnement \u00e0 des [&hellip;]<\/p>\n","protected":false},"author":3334,"featured_media":0,"parent":7207,"menu_order":0,"comment_status":"closed","ping_status":"closed","template":"","meta":{"inline_featured_image":false,"footnotes":""},"class_list":["post-43772","page","type-page","status-publish","hentry"],"acf":[],"yoast_head":"<!-- This site is optimized with the Yoast SEO plugin v23.7 - https:\/\/yoast.com\/wordpress\/plugins\/seo\/ -->\n<title>Droit d&#039;auteur - International Council of Museums<\/title>\n<meta name=\"description\" content=\"Les mus\u00e9es sont r\u00e9guli\u00e8rement confront\u00e9s \u00e0 des questions de droit d&#039;auteur dans l&#039;exercice de leur mission d&#039;int\u00e9r\u00eat public\" \/>\n<meta name=\"robots\" content=\"index, follow, max-snippet:-1, max-image-preview:large, max-video-preview:-1\" \/>\n<link rel=\"canonical\" href=\"https:\/\/icom.museum\/fr\/nos-actions\/protection-du-patrimoine\/droit-dauteur\/\" \/>\n<meta property=\"og:locale\" content=\"fr_FR\" \/>\n<meta property=\"og:type\" content=\"article\" \/>\n<meta property=\"og:title\" content=\"Droit d&#039;auteur - International Council of Museums\" \/>\n<meta property=\"og:description\" content=\"Les mus\u00e9es sont r\u00e9guli\u00e8rement confront\u00e9s \u00e0 des questions de droit d&#039;auteur dans l&#039;exercice de leur mission d&#039;int\u00e9r\u00eat public\" \/>\n<meta property=\"og:url\" content=\"https:\/\/icom.museum\/fr\/nos-actions\/protection-du-patrimoine\/droit-dauteur\/\" \/>\n<meta property=\"og:site_name\" content=\"International Council of Museums\" \/>\n<meta property=\"article:modified_time\" content=\"2021-04-29T07:34:33+00:00\" \/>\n<meta property=\"og:image\" content=\"https:\/\/icom.museum\/wp-content\/uploads\/2021\/04\/AdobeStock_335658311.jpeg\" \/>\n<meta name=\"twitter:card\" content=\"summary_large_image\" \/>\n<meta name=\"twitter:label1\" content=\"Dur\u00e9e de lecture estim\u00e9e\" \/>\n\t<meta name=\"twitter:data1\" content=\"4 minutes\" \/>\n<script type=\"application\/ld+json\" class=\"yoast-schema-graph\">{\"@context\":\"https:\/\/schema.org\",\"@graph\":[{\"@type\":\"WebPage\",\"@id\":\"https:\/\/icom.museum\/fr\/nos-actions\/protection-du-patrimoine\/droit-dauteur\/\",\"url\":\"https:\/\/icom.museum\/fr\/nos-actions\/protection-du-patrimoine\/droit-dauteur\/\",\"name\":\"Droit d'auteur - International Council of Museums\",\"isPartOf\":{\"@id\":\"https:\/\/icom.museum\/en\/#website\"},\"datePublished\":\"2021-04-26T14:19:47+00:00\",\"dateModified\":\"2021-04-29T07:34:33+00:00\",\"description\":\"Les mus\u00e9es sont r\u00e9guli\u00e8rement confront\u00e9s \u00e0 des questions de droit d'auteur dans l'exercice de leur mission d'int\u00e9r\u00eat public\",\"breadcrumb\":{\"@id\":\"https:\/\/icom.museum\/fr\/nos-actions\/protection-du-patrimoine\/droit-dauteur\/#breadcrumb\"},\"inLanguage\":\"fr-FR\",\"potentialAction\":[{\"@type\":\"ReadAction\",\"target\":[\"https:\/\/icom.museum\/fr\/nos-actions\/protection-du-patrimoine\/droit-dauteur\/\"]}]},{\"@type\":\"BreadcrumbList\",\"@id\":\"https:\/\/icom.museum\/fr\/nos-actions\/protection-du-patrimoine\/droit-dauteur\/#breadcrumb\",\"itemListElement\":[{\"@type\":\"ListItem\",\"position\":1,\"name\":\"Home\",\"item\":\"https:\/\/icom.museum\/fr\/\"},{\"@type\":\"ListItem\",\"position\":2,\"name\":\"Activit\u00e9s\",\"item\":\"https:\/\/icom.museum\/fr\/nos-actions\/\"},{\"@type\":\"ListItem\",\"position\":3,\"name\":\"Protection du patrimoine\",\"item\":\"https:\/\/icom.museum\/fr\/nos-actions\/protection-du-patrimoine\/\"},{\"@type\":\"ListItem\",\"position\":4,\"name\":\"Droit d&#8217;auteur\"}]},{\"@type\":\"WebSite\",\"@id\":\"https:\/\/icom.museum\/en\/#website\",\"url\":\"https:\/\/icom.museum\/en\/\",\"name\":\"International Council of Museums\",\"description\":\"A global organisation of museums &amp; museum professionals committed to the promotion and protection of cultural heritage\",\"publisher\":{\"@id\":\"https:\/\/icom.museum\/en\/#organization\"},\"potentialAction\":[{\"@type\":\"SearchAction\",\"target\":{\"@type\":\"EntryPoint\",\"urlTemplate\":\"https:\/\/icom.museum\/en\/?s={search_term_string}\"},\"query-input\":{\"@type\":\"PropertyValueSpecification\",\"valueRequired\":true,\"valueName\":\"search_term_string\"}}],\"inLanguage\":\"fr-FR\"},{\"@type\":\"Organization\",\"@id\":\"https:\/\/icom.museum\/en\/#organization\",\"name\":\"International Council of Museums\",\"url\":\"https:\/\/icom.museum\/en\/\",\"logo\":{\"@type\":\"ImageObject\",\"inLanguage\":\"fr-FR\",\"@id\":\"https:\/\/icom.museum\/en\/#\/schema\/logo\/image\/\",\"url\":\"https:\/\/icom.museum\/wp-content\/uploads\/2018\/07\/ICOM_M_.jpg\",\"contentUrl\":\"https:\/\/icom.museum\/wp-content\/uploads\/2018\/07\/ICOM_M_.jpg\",\"width\":1721,\"height\":1721,\"caption\":\"International Council of Museums\"},\"image\":{\"@id\":\"https:\/\/icom.museum\/en\/#\/schema\/logo\/image\/\"}}]}<\/script>\n<!-- \/ Yoast SEO plugin. -->","yoast_head_json":{"title":"Droit d'auteur - International Council of Museums","description":"Les mus\u00e9es sont r\u00e9guli\u00e8rement confront\u00e9s \u00e0 des questions de droit d'auteur dans l'exercice de leur mission d'int\u00e9r\u00eat public","robots":{"index":"index","follow":"follow","max-snippet":"max-snippet:-1","max-image-preview":"max-image-preview:large","max-video-preview":"max-video-preview:-1"},"canonical":"https:\/\/icom.museum\/fr\/nos-actions\/protection-du-patrimoine\/droit-dauteur\/","og_locale":"fr_FR","og_type":"article","og_title":"Droit d'auteur - International Council of Museums","og_description":"Les mus\u00e9es sont r\u00e9guli\u00e8rement confront\u00e9s \u00e0 des questions de droit d'auteur dans l'exercice de leur mission d'int\u00e9r\u00eat public","og_url":"https:\/\/icom.museum\/fr\/nos-actions\/protection-du-patrimoine\/droit-dauteur\/","og_site_name":"International Council of Museums","article_modified_time":"2021-04-29T07:34:33+00:00","og_image":[{"url":"https:\/\/icom.museum\/wp-content\/uploads\/2021\/04\/AdobeStock_335658311.jpeg"}],"twitter_card":"summary_large_image","twitter_misc":{"Dur\u00e9e de lecture estim\u00e9e":"4 minutes"},"schema":{"@context":"https:\/\/schema.org","@graph":[{"@type":"WebPage","@id":"https:\/\/icom.museum\/fr\/nos-actions\/protection-du-patrimoine\/droit-dauteur\/","url":"https:\/\/icom.museum\/fr\/nos-actions\/protection-du-patrimoine\/droit-dauteur\/","name":"Droit d'auteur - International Council of Museums","isPartOf":{"@id":"https:\/\/icom.museum\/en\/#website"},"datePublished":"2021-04-26T14:19:47+00:00","dateModified":"2021-04-29T07:34:33+00:00","description":"Les mus\u00e9es sont r\u00e9guli\u00e8rement confront\u00e9s \u00e0 des questions de droit d'auteur dans l'exercice de leur mission d'int\u00e9r\u00eat public","breadcrumb":{"@id":"https:\/\/icom.museum\/fr\/nos-actions\/protection-du-patrimoine\/droit-dauteur\/#breadcrumb"},"inLanguage":"fr-FR","potentialAction":[{"@type":"ReadAction","target":["https:\/\/icom.museum\/fr\/nos-actions\/protection-du-patrimoine\/droit-dauteur\/"]}]},{"@type":"BreadcrumbList","@id":"https:\/\/icom.museum\/fr\/nos-actions\/protection-du-patrimoine\/droit-dauteur\/#breadcrumb","itemListElement":[{"@type":"ListItem","position":1,"name":"Home","item":"https:\/\/icom.museum\/fr\/"},{"@type":"ListItem","position":2,"name":"Activit\u00e9s","item":"https:\/\/icom.museum\/fr\/nos-actions\/"},{"@type":"ListItem","position":3,"name":"Protection du patrimoine","item":"https:\/\/icom.museum\/fr\/nos-actions\/protection-du-patrimoine\/"},{"@type":"ListItem","position":4,"name":"Droit d&#8217;auteur"}]},{"@type":"WebSite","@id":"https:\/\/icom.museum\/en\/#website","url":"https:\/\/icom.museum\/en\/","name":"International Council of Museums","description":"A global organisation of museums &amp; museum professionals committed to the promotion and protection of cultural heritage","publisher":{"@id":"https:\/\/icom.museum\/en\/#organization"},"potentialAction":[{"@type":"SearchAction","target":{"@type":"EntryPoint","urlTemplate":"https:\/\/icom.museum\/en\/?s={search_term_string}"},"query-input":{"@type":"PropertyValueSpecification","valueRequired":true,"valueName":"search_term_string"}}],"inLanguage":"fr-FR"},{"@type":"Organization","@id":"https:\/\/icom.museum\/en\/#organization","name":"International Council of Museums","url":"https:\/\/icom.museum\/en\/","logo":{"@type":"ImageObject","inLanguage":"fr-FR","@id":"https:\/\/icom.museum\/en\/#\/schema\/logo\/image\/","url":"https:\/\/icom.museum\/wp-content\/uploads\/2018\/07\/ICOM_M_.jpg","contentUrl":"https:\/\/icom.museum\/wp-content\/uploads\/2018\/07\/ICOM_M_.jpg","width":1721,"height":1721,"caption":"International Council of Museums"},"image":{"@id":"https:\/\/icom.museum\/en\/#\/schema\/logo\/image\/"}}]}},"_links":{"self":[{"href":"https:\/\/icom.museum\/fr\/wp-json\/wp\/v2\/pages\/43772"}],"collection":[{"href":"https:\/\/icom.museum\/fr\/wp-json\/wp\/v2\/pages"}],"about":[{"href":"https:\/\/icom.museum\/fr\/wp-json\/wp\/v2\/types\/page"}],"author":[{"embeddable":true,"href":"https:\/\/icom.museum\/fr\/wp-json\/wp\/v2\/users\/3334"}],"replies":[{"embeddable":true,"href":"https:\/\/icom.museum\/fr\/wp-json\/wp\/v2\/comments?post=43772"}],"version-history":[{"count":4,"href":"https:\/\/icom.museum\/fr\/wp-json\/wp\/v2\/pages\/43772\/revisions"}],"predecessor-version":[{"id":43816,"href":"https:\/\/icom.museum\/fr\/wp-json\/wp\/v2\/pages\/43772\/revisions\/43816"}],"up":[{"embeddable":true,"href":"https:\/\/icom.museum\/fr\/wp-json\/wp\/v2\/pages\/7207"}],"wp:attachment":[{"href":"https:\/\/icom.museum\/fr\/wp-json\/wp\/v2\/media?parent=43772"}],"curies":[{"name":"wp","href":"https:\/\/api.w.org\/{rel}","templated":true}]}}