{"id":45661,"date":"2021-09-07T12:18:15","date_gmt":"2021-09-07T10:18:15","guid":{"rendered":"https:\/\/icom.museum\/?page_id=45661"},"modified":"2022-07-27T17:23:24","modified_gmt":"2022-07-27T15:23:24","slug":"renforcement-des-competences-et-formations","status":"publish","type":"page","link":"https:\/\/icom.museum\/fr\/renforcement-des-competences-et-formations\/","title":{"rendered":"Formation"},"content":{"rendered":"<h2 class=\"headline\"><strong>Les ateliers de formation et les activit\u00e9s de l&#8217;ICOM favorisent et encouragent le renforcement des comp\u00e9tences des professionnels des mus\u00e9es.<\/strong><\/h2>\n<p>Afin de fa\u00e7onner le mus\u00e9e de demain, l&#8217;ICOM propose des programmes de formation de haut niveau avec le soutien de son r\u00e9seau. L&#8217;objectif de ces programmes est d&#8217;am\u00e9liorer les pratiques mus\u00e9ales dans des r\u00e9gions sp\u00e9cifiques et de promouvoir la coop\u00e9ration r\u00e9gionale professionnelle entre les institutions qui font face \u00e0 des d\u00e9fis similaires. La sp\u00e9cificit\u00e9 de l&#8217;ICOM est de proposer des activit\u00e9s de renforcement des comp\u00e9tences adapt\u00e9es \u00e0 chaque context. Ces formations sont con\u00e7ues pour r\u00e9pondre aux besoins et aux profils des participants. Les activit\u00e9s de formation de l&#8217;ICOM sont flexibles : leur dur\u00e9e, leur lieu et leurs th\u00e8mes sont adapt\u00e9s \u00e0 une situation donn\u00e9e. En outre, les programmes de formation de l&#8217;ICOM donnent une large priorit\u00e9 aux ateliers pratiques, aux cours et aux programmes d&#8217;\u00e9change plut\u00f4t qu&#8217;aux s\u00e9minaires th\u00e9oriques, avec des exercices pratiques organis\u00e9s au sein des institutions concern\u00e9es.<\/p>\n<p><span class=\"link_red\"><a href=\"https:\/\/icom.museum\/fr\/renforcement-des-competences-et-formations\/centre-international-de-formation-en-museologie-de-licom-icom-itc\/\">Centre international de formation en mus\u00e9ologie de l\u2019ICOM (ICOM-ITC)<\/a><\/span><\/p>\n<p><span class=\"link_blue\"><a href=\"https:\/\/icom.museum\/fr\/renforcement-des-competences-et-formations\/formations-regionales\/\">Formations r\u00e9gionales<\/a><\/span><\/p>\n<p><span class=\"link_yellow\"><a href=\"https:\/\/icom.museum\/fr\/renforcement-des-competences-et-formations\/programmes-dechange\/\">Programmes d\u2019\u00e9change<\/a><\/span><\/p>\n<p><span class=\"link_black\"><a href=\"https:\/\/icom.museum\/fr\/renforcement-des-competences-et-formations\/formations-en-ligne\/\">Formations en ligne<\/a><\/span><\/p>\n","protected":false},"excerpt":{"rendered":"<p>Les ateliers de formation et les activit\u00e9s de l&#8217;ICOM favorisent et encouragent le renforcement des comp\u00e9tences des professionnels des mus\u00e9es. Afin de fa\u00e7onner le mus\u00e9e de demain, l&#8217;ICOM propose des programmes de formation de haut niveau avec le soutien de son r\u00e9seau. L&#8217;objectif de ces programmes est d&#8217;am\u00e9liorer les pratiques mus\u00e9ales dans des r\u00e9gions sp\u00e9cifiques [&hellip;]<\/p>\n","protected":false},"author":4,"featured_media":0,"parent":0,"menu_order":3,"comment_status":"closed","ping_status":"closed","template":"","meta":{"inline_featured_image":false,"footnotes":""},"class_list":["post-45661","page","type-page","status-publish","hentry"],"acf":[],"yoast_head":"<!-- This site is optimized with the Yoast SEO plugin v23.7 - https:\/\/yoast.com\/wordpress\/plugins\/seo\/ -->\n<title>Formation - International Council of Museums<\/title>\n<meta name=\"robots\" content=\"index, follow, max-snippet:-1, max-image-preview:large, max-video-preview:-1\" \/>\n<link rel=\"canonical\" href=\"https:\/\/icom.museum\/fr\/renforcement-des-competences-et-formations\/\" \/>\n<meta property=\"og:locale\" content=\"fr_FR\" \/>\n<meta property=\"og:type\" content=\"article\" \/>\n<meta property=\"og:title\" content=\"Formation - International Council of Museums\" \/>\n<meta property=\"og:description\" content=\"Les ateliers de formation et les activit\u00e9s de l&#8217;ICOM favorisent et encouragent le renforcement des comp\u00e9tences des professionnels des mus\u00e9es. Afin de fa\u00e7onner le mus\u00e9e de demain, l&#8217;ICOM propose des programmes de formation de haut niveau avec le soutien de son r\u00e9seau. L&#8217;objectif de ces programmes est d&#8217;am\u00e9liorer les pratiques mus\u00e9ales dans des r\u00e9gions sp\u00e9cifiques [&hellip;]\" \/>\n<meta property=\"og:url\" content=\"https:\/\/icom.museum\/fr\/renforcement-des-competences-et-formations\/\" \/>\n<meta property=\"og:site_name\" content=\"International Council of Museums\" \/>\n<meta property=\"article:modified_time\" content=\"2022-07-27T15:23:24+00:00\" \/>\n<meta name=\"twitter:card\" content=\"summary_large_image\" \/>\n<meta name=\"twitter:label1\" content=\"Dur\u00e9e de lecture estim\u00e9e\" \/>\n\t<meta name=\"twitter:data1\" content=\"1 minute\" \/>\n<script type=\"application\/ld+json\" class=\"yoast-schema-graph\">{\"@context\":\"https:\/\/schema.org\",\"@graph\":[{\"@type\":\"WebPage\",\"@id\":\"https:\/\/icom.museum\/fr\/renforcement-des-competences-et-formations\/\",\"url\":\"https:\/\/icom.museum\/fr\/renforcement-des-competences-et-formations\/\",\"name\":\"Formation - International Council of Museums\",\"isPartOf\":{\"@id\":\"https:\/\/icom.museum\/en\/#website\"},\"datePublished\":\"2021-09-07T10:18:15+00:00\",\"dateModified\":\"2022-07-27T15:23:24+00:00\",\"breadcrumb\":{\"@id\":\"https:\/\/icom.museum\/fr\/renforcement-des-competences-et-formations\/#breadcrumb\"},\"inLanguage\":\"fr-FR\",\"potentialAction\":[{\"@type\":\"ReadAction\",\"target\":[\"https:\/\/icom.museum\/fr\/renforcement-des-competences-et-formations\/\"]}]},{\"@type\":\"BreadcrumbList\",\"@id\":\"https:\/\/icom.museum\/fr\/renforcement-des-competences-et-formations\/#breadcrumb\",\"itemListElement\":[{\"@type\":\"ListItem\",\"position\":1,\"name\":\"Home\",\"item\":\"https:\/\/icom.museum\/fr\/\"},{\"@type\":\"ListItem\",\"position\":2,\"name\":\"Formation\"}]},{\"@type\":\"WebSite\",\"@id\":\"https:\/\/icom.museum\/en\/#website\",\"url\":\"https:\/\/icom.museum\/en\/\",\"name\":\"International Council of Museums\",\"description\":\"A global organisation of museums &amp; museum professionals committed to the promotion and protection of cultural heritage\",\"publisher\":{\"@id\":\"https:\/\/icom.museum\/en\/#organization\"},\"potentialAction\":[{\"@type\":\"SearchAction\",\"target\":{\"@type\":\"EntryPoint\",\"urlTemplate\":\"https:\/\/icom.museum\/en\/?s={search_term_string}\"},\"query-input\":{\"@type\":\"PropertyValueSpecification\",\"valueRequired\":true,\"valueName\":\"search_term_string\"}}],\"inLanguage\":\"fr-FR\"},{\"@type\":\"Organization\",\"@id\":\"https:\/\/icom.museum\/en\/#organization\",\"name\":\"International Council of Museums\",\"url\":\"https:\/\/icom.museum\/en\/\",\"logo\":{\"@type\":\"ImageObject\",\"inLanguage\":\"fr-FR\",\"@id\":\"https:\/\/icom.museum\/en\/#\/schema\/logo\/image\/\",\"url\":\"https:\/\/icom.museum\/wp-content\/uploads\/2018\/07\/ICOM_M_.jpg\",\"contentUrl\":\"https:\/\/icom.museum\/wp-content\/uploads\/2018\/07\/ICOM_M_.jpg\",\"width\":1721,\"height\":1721,\"caption\":\"International Council of Museums\"},\"image\":{\"@id\":\"https:\/\/icom.museum\/en\/#\/schema\/logo\/image\/\"}}]}<\/script>\n<!-- \/ Yoast SEO plugin. -->","yoast_head_json":{"title":"Formation - International Council of Museums","robots":{"index":"index","follow":"follow","max-snippet":"max-snippet:-1","max-image-preview":"max-image-preview:large","max-video-preview":"max-video-preview:-1"},"canonical":"https:\/\/icom.museum\/fr\/renforcement-des-competences-et-formations\/","og_locale":"fr_FR","og_type":"article","og_title":"Formation - International Council of Museums","og_description":"Les ateliers de formation et les activit\u00e9s de l&#8217;ICOM favorisent et encouragent le renforcement des comp\u00e9tences des professionnels des mus\u00e9es. Afin de fa\u00e7onner le mus\u00e9e de demain, l&#8217;ICOM propose des programmes de formation de haut niveau avec le soutien de son r\u00e9seau. L&#8217;objectif de ces programmes est d&#8217;am\u00e9liorer les pratiques mus\u00e9ales dans des r\u00e9gions sp\u00e9cifiques [&hellip;]","og_url":"https:\/\/icom.museum\/fr\/renforcement-des-competences-et-formations\/","og_site_name":"International Council of Museums","article_modified_time":"2022-07-27T15:23:24+00:00","twitter_card":"summary_large_image","twitter_misc":{"Dur\u00e9e de lecture estim\u00e9e":"1 minute"},"schema":{"@context":"https:\/\/schema.org","@graph":[{"@type":"WebPage","@id":"https:\/\/icom.museum\/fr\/renforcement-des-competences-et-formations\/","url":"https:\/\/icom.museum\/fr\/renforcement-des-competences-et-formations\/","name":"Formation - International Council of Museums","isPartOf":{"@id":"https:\/\/icom.museum\/en\/#website"},"datePublished":"2021-09-07T10:18:15+00:00","dateModified":"2022-07-27T15:23:24+00:00","breadcrumb":{"@id":"https:\/\/icom.museum\/fr\/renforcement-des-competences-et-formations\/#breadcrumb"},"inLanguage":"fr-FR","potentialAction":[{"@type":"ReadAction","target":["https:\/\/icom.museum\/fr\/renforcement-des-competences-et-formations\/"]}]},{"@type":"BreadcrumbList","@id":"https:\/\/icom.museum\/fr\/renforcement-des-competences-et-formations\/#breadcrumb","itemListElement":[{"@type":"ListItem","position":1,"name":"Home","item":"https:\/\/icom.museum\/fr\/"},{"@type":"ListItem","position":2,"name":"Formation"}]},{"@type":"WebSite","@id":"https:\/\/icom.museum\/en\/#website","url":"https:\/\/icom.museum\/en\/","name":"International Council of Museums","description":"A global organisation of museums &amp; museum professionals committed to the promotion and protection of cultural heritage","publisher":{"@id":"https:\/\/icom.museum\/en\/#organization"},"potentialAction":[{"@type":"SearchAction","target":{"@type":"EntryPoint","urlTemplate":"https:\/\/icom.museum\/en\/?s={search_term_string}"},"query-input":{"@type":"PropertyValueSpecification","valueRequired":true,"valueName":"search_term_string"}}],"inLanguage":"fr-FR"},{"@type":"Organization","@id":"https:\/\/icom.museum\/en\/#organization","name":"International Council of Museums","url":"https:\/\/icom.museum\/en\/","logo":{"@type":"ImageObject","inLanguage":"fr-FR","@id":"https:\/\/icom.museum\/en\/#\/schema\/logo\/image\/","url":"https:\/\/icom.museum\/wp-content\/uploads\/2018\/07\/ICOM_M_.jpg","contentUrl":"https:\/\/icom.museum\/wp-content\/uploads\/2018\/07\/ICOM_M_.jpg","width":1721,"height":1721,"caption":"International Council of Museums"},"image":{"@id":"https:\/\/icom.museum\/en\/#\/schema\/logo\/image\/"}}]}},"_links":{"self":[{"href":"https:\/\/icom.museum\/fr\/wp-json\/wp\/v2\/pages\/45661"}],"collection":[{"href":"https:\/\/icom.museum\/fr\/wp-json\/wp\/v2\/pages"}],"about":[{"href":"https:\/\/icom.museum\/fr\/wp-json\/wp\/v2\/types\/page"}],"author":[{"embeddable":true,"href":"https:\/\/icom.museum\/fr\/wp-json\/wp\/v2\/users\/4"}],"replies":[{"embeddable":true,"href":"https:\/\/icom.museum\/fr\/wp-json\/wp\/v2\/comments?post=45661"}],"version-history":[{"count":7,"href":"https:\/\/icom.museum\/fr\/wp-json\/wp\/v2\/pages\/45661\/revisions"}],"predecessor-version":[{"id":49156,"href":"https:\/\/icom.museum\/fr\/wp-json\/wp\/v2\/pages\/45661\/revisions\/49156"}],"wp:attachment":[{"href":"https:\/\/icom.museum\/fr\/wp-json\/wp\/v2\/media?parent=45661"}],"curies":[{"name":"wp","href":"https:\/\/api.w.org\/{rel}","templated":true}]}}