{"id":45668,"date":"2021-09-07T15:22:48","date_gmt":"2021-09-07T13:22:48","guid":{"rendered":"https:\/\/icom.museum\/?page_id=45668"},"modified":"2025-10-30T22:48:23","modified_gmt":"2025-10-30T20:48:23","slug":"centre-international-de-formation-en-museologie-de-licom-icom-itc","status":"publish","type":"page","link":"https:\/\/icom.museum\/fr\/renforcement-des-competences-et-formations\/centre-international-de-formation-en-museologie-de-licom-icom-itc\/","title":{"rendered":"Centre international de formation en mus\u00e9ologie (ICOM-ITC)"},"content":{"rendered":"<h2 class=\"headline\">Le Centre international de formation en mus\u00e9ologie de l&#8217;ICOM (ICOM-ITC) est le fruit d&#8217;une collaboration entre l&#8217;ICOM, ICOM Chine et le Palace Museum de P\u00e9kin, qui propose des programmes de formation \u00e0 la communaut\u00e9 croissante des mus\u00e9es.<\/h2>\n<p>Le Centre d\u00e9veloppe ces programmes avec la participation d&#8217;experts internationaux et chinois qui donnent des conf\u00e9rences et dirigent des discussions et des activit\u00e9s li\u00e9es aux besoins contemporains tels que l&#8217;engagement communautaire, le r\u00f4le social des mus\u00e9es, le d\u00e9veloppement de partenariats, l&#8217;\u00e9thique des mus\u00e9es, etc.<\/p>\n<p>ICOM-ITC a pour but de promouvoir la recherche et les \u00e9changes entre les mus\u00e9es au niveau international et de d\u00e9velopper l&#8217;expertise mus\u00e9ale des professionnels des pays en d\u00e9veloppement, notamment ceux de la r\u00e9gion Asie-Pacifique. \u00c0 cette fin, le Centre offre r\u00e9guli\u00e8rement des bourses compl\u00e8tes et partielles pour assurer la participation des participants s\u00e9lectionn\u00e9s.<\/p>\n<p>Les cours sont propos\u00e9s deux fois par an, en anglais. Les appels \u00e0 candidatures sont g\u00e9n\u00e9ralement publi\u00e9s sur notre page web et nos r\u00e9seaux sociaux.<\/p>\n<div class=\"separator\">\n<p>Les conditions pour participer aux cours sont les suivantes :<\/p>\n<\/div>\n<ul>\n<li>Avoir pay\u00e9 les cotisations \u00e0 l&#8217;ICOM pendant deux ann\u00e9es cons\u00e9cutives, y compris l&#8217;ann\u00e9e en cours de la demande, ou, dans le cas d&#8217;une nouvelle adh\u00e9sion ou d&#8217;une r\u00e9int\u00e9gration \u00e0 l&#8217;ICOM, avoir pay\u00e9 les cotisations pour l&#8217;ann\u00e9e de la demande ;<\/li>\n<li>Ma\u00eetrise de l&#8217;anglais \u00e9crit et parl\u00e9 ;<\/li>\n<li>Occuper un poste de cadre interm\u00e9diaire dans un mus\u00e9e ou une institution publique reconnue ;<\/li>\n<li>\u00catre \u00e2g\u00e9 de 45 ans ou moins, au 31 d\u00e9cembre de l&#8217;ann\u00e9e de la demande.<\/li>\n<\/ul>\n<div class=\"separator\">\n<p>Parmi nos derniers programmes, citons :<\/p>\n<\/div>\n<ul>\n<li><em>Les mus\u00e9es comme environnements d&#8217;apprentissage : D\u00e9velopper des programmes publics pertinents<\/em>, novembre 2019 \u00e0 Yixing.<\/li>\n<li><em>Les d\u00e9fis des collections de mus\u00e9es aujourd&#8217;hui<\/em>, avril 2019 \u00e0 P\u00e9kin<\/li>\n<li><em>Promouvoir votre mus\u00e9e : Rendez-le pertinent et attractif<\/em>, novembre 2018 \u00e0 Fuzhou.<\/li>\n<li><em>G\u00e9rer un mus\u00e9e aujourd&#8217;hui<\/em>, avril 2018 \u00e0 P\u00e9kin<\/li>\n<li><em>D\u00e9velopper des expositions mus\u00e9ales engageantes<\/em>, novembre 2017 \u00e0 P\u00e9kin.<\/li>\n<\/ul>\n<p><iframe loading=\"lazy\" title=\"ICOM\u2013ITC 2023\u20132024: Ten Years of International Museum Training and Collaboration\" src=\"https:\/\/www.youtube.com\/embed\/1mKFHy9ubS4\" width=\"1728\" height=\"715\" frameborder=\"0\" allowfullscreen=\"allowfullscreen\"><\/iframe><\/p>\n<article class=\"text-token-text-primary w-full focus:outline-none [--shadow-height:45px] has-data-writing-block:pointer-events-none has-data-writing-block:-mt-(--shadow-height) has-data-writing-block:pt-(--shadow-height) [&amp;:has([data-writing-block])&gt;*]:pointer-events-auto [content-visibility:auto] supports-[content-visibility:auto]:[contain-intrinsic-size:auto_100lvh] scroll-mt-[calc(var(--header-height)+min(200px,max(70px,20svh)))]\" dir=\"auto\" tabindex=\"-1\" data-turn-id=\"581018aa-1c10-4227-b7a3-4197b11f5df9\" data-testid=\"conversation-turn-2\" data-scroll-anchor=\"true\" data-turn=\"assistant\">\n<div class=\"text-base my-auto mx-auto pb-10 [--thread-content-margin:--spacing(4)] thread-sm:[--thread-content-margin:--spacing(6)] thread-lg:[--thread-content-margin:--spacing(16)] px-(--thread-content-margin)\">\n<div class=\"[--thread-content-max-width:40rem] thread-lg:[--thread-content-max-width:48rem] mx-auto max-w-(--thread-content-max-width) flex-1 group\/turn-messages focus-visible:outline-hidden relative flex w-full min-w-0 flex-col agent-turn\" tabindex=\"-1\">\n<div class=\"flex max-w-full flex-col grow\">\n<div class=\"min-h-8 text-message relative flex w-full flex-col items-end gap-2 text-start break-words whitespace-normal [.text-message+&amp;]:mt-1\" dir=\"auto\" data-message-author-role=\"assistant\" data-message-id=\"1e86e7e6-3332-42a2-8d2f-8dab7d742402\" data-message-model-slug=\"gpt-5\">\n<div class=\"flex w-full flex-col gap-1 empty:hidden first:pt-[1px]\">\n<div class=\"markdown prose dark:prose-invert w-full break-words dark markdown-new-styling\">\n<p data-start=\"111\" data-end=\"366\" data-is-last-node=\"\" data-is-only-node=\"\">C\u00e9l\u00e9brant plus d\u2019une d\u00e9cennie de collaboration, cette vid\u00e9o pr\u00e9sente les moments forts des ateliers 2023\u20132024, avec des interviews de participants et d\u2019intervenants partageant leurs exp\u00e9riences et leurs perspectives. La vid\u00e9o est pr\u00e9sent\u00e9e en anglais.<\/p>\n<\/div>\n<\/div>\n<\/div>\n<\/div>\n<div class=\"z-0 flex min-h-[46px] justify-start\"><\/div>\n<div class=\"mt-3 w-full empty:hidden\">\n<div class=\"text-center\"><\/div>\n<\/div>\n<\/div>\n<\/div>\n<\/article>\n<div class=\"pointer-events-none h-px w-px\" aria-hidden=\"true\" data-edge=\"true\"><\/div>\n","protected":false},"excerpt":{"rendered":"<p>Le Centre international de formation en mus\u00e9ologie de l&#8217;ICOM (ICOM-ITC) est le fruit d&#8217;une collaboration entre l&#8217;ICOM, ICOM Chine et le Palace Museum de P\u00e9kin, qui propose des programmes de formation \u00e0 la communaut\u00e9 croissante des mus\u00e9es. Le Centre d\u00e9veloppe ces programmes avec la participation d&#8217;experts internationaux et chinois qui donnent des conf\u00e9rences et dirigent [&hellip;]<\/p>\n","protected":false},"author":4,"featured_media":0,"parent":45661,"menu_order":1,"comment_status":"closed","ping_status":"closed","template":"","meta":{"inline_featured_image":false,"footnotes":""},"class_list":["post-45668","page","type-page","status-publish","hentry"],"acf":[],"yoast_head":"<!-- This site is optimized with the Yoast SEO plugin v23.7 - https:\/\/yoast.com\/wordpress\/plugins\/seo\/ -->\n<title>Centre international de formation en mus\u00e9ologie (ICOM-ITC) - International Council of Museums<\/title>\n<meta name=\"robots\" content=\"index, follow, max-snippet:-1, max-image-preview:large, max-video-preview:-1\" \/>\n<link rel=\"canonical\" href=\"https:\/\/icom.museum\/fr\/renforcement-des-competences-et-formations\/centre-international-de-formation-en-museologie-de-licom-icom-itc\/\" \/>\n<meta property=\"og:locale\" content=\"fr_FR\" \/>\n<meta property=\"og:type\" content=\"article\" \/>\n<meta property=\"og:title\" content=\"Centre international de formation en mus\u00e9ologie (ICOM-ITC) - International Council of Museums\" \/>\n<meta property=\"og:description\" content=\"Le Centre international de formation en mus\u00e9ologie de l&#8217;ICOM (ICOM-ITC) est le fruit d&#8217;une collaboration entre l&#8217;ICOM, ICOM Chine et le Palace Museum de P\u00e9kin, qui propose des programmes de formation \u00e0 la communaut\u00e9 croissante des mus\u00e9es. Le Centre d\u00e9veloppe ces programmes avec la participation d&#8217;experts internationaux et chinois qui donnent des conf\u00e9rences et dirigent [&hellip;]\" \/>\n<meta property=\"og:url\" content=\"https:\/\/icom.museum\/fr\/renforcement-des-competences-et-formations\/centre-international-de-formation-en-museologie-de-licom-icom-itc\/\" \/>\n<meta property=\"og:site_name\" content=\"International Council of Museums\" \/>\n<meta property=\"article:modified_time\" content=\"2025-10-30T20:48:23+00:00\" \/>\n<meta property=\"og:image\" content=\"https:\/\/icom.museum\/wp-content\/uploads\/2021\/09\/ITC-scaled.jpg\" \/>\n<meta name=\"twitter:card\" content=\"summary_large_image\" \/>\n<meta name=\"twitter:label1\" content=\"Dur\u00e9e de lecture estim\u00e9e\" \/>\n\t<meta name=\"twitter:data1\" content=\"2 minutes\" \/>\n<script type=\"application\/ld+json\" class=\"yoast-schema-graph\">{\"@context\":\"https:\/\/schema.org\",\"@graph\":[{\"@type\":\"WebPage\",\"@id\":\"https:\/\/icom.museum\/fr\/renforcement-des-competences-et-formations\/centre-international-de-formation-en-museologie-de-licom-icom-itc\/\",\"url\":\"https:\/\/icom.museum\/fr\/renforcement-des-competences-et-formations\/centre-international-de-formation-en-museologie-de-licom-icom-itc\/\",\"name\":\"Centre international de formation en mus\u00e9ologie (ICOM-ITC) - International Council of Museums\",\"isPartOf\":{\"@id\":\"https:\/\/icom.museum\/en\/#website\"},\"datePublished\":\"2021-09-07T13:22:48+00:00\",\"dateModified\":\"2025-10-30T20:48:23+00:00\",\"breadcrumb\":{\"@id\":\"https:\/\/icom.museum\/fr\/renforcement-des-competences-et-formations\/centre-international-de-formation-en-museologie-de-licom-icom-itc\/#breadcrumb\"},\"inLanguage\":\"fr-FR\",\"potentialAction\":[{\"@type\":\"ReadAction\",\"target\":[\"https:\/\/icom.museum\/fr\/renforcement-des-competences-et-formations\/centre-international-de-formation-en-museologie-de-licom-icom-itc\/\"]}]},{\"@type\":\"BreadcrumbList\",\"@id\":\"https:\/\/icom.museum\/fr\/renforcement-des-competences-et-formations\/centre-international-de-formation-en-museologie-de-licom-icom-itc\/#breadcrumb\",\"itemListElement\":[{\"@type\":\"ListItem\",\"position\":1,\"name\":\"Home\",\"item\":\"https:\/\/icom.museum\/fr\/\"},{\"@type\":\"ListItem\",\"position\":2,\"name\":\"Formation\",\"item\":\"https:\/\/icom.museum\/fr\/renforcement-des-competences-et-formations\/\"},{\"@type\":\"ListItem\",\"position\":3,\"name\":\"Centre international de formation en mus\u00e9ologie (ICOM-ITC)\"}]},{\"@type\":\"WebSite\",\"@id\":\"https:\/\/icom.museum\/en\/#website\",\"url\":\"https:\/\/icom.museum\/en\/\",\"name\":\"International Council of Museums\",\"description\":\"A global organisation of museums &amp; museum professionals committed to the promotion and protection of cultural heritage\",\"publisher\":{\"@id\":\"https:\/\/icom.museum\/en\/#organization\"},\"potentialAction\":[{\"@type\":\"SearchAction\",\"target\":{\"@type\":\"EntryPoint\",\"urlTemplate\":\"https:\/\/icom.museum\/en\/?s={search_term_string}\"},\"query-input\":{\"@type\":\"PropertyValueSpecification\",\"valueRequired\":true,\"valueName\":\"search_term_string\"}}],\"inLanguage\":\"fr-FR\"},{\"@type\":\"Organization\",\"@id\":\"https:\/\/icom.museum\/en\/#organization\",\"name\":\"International Council of Museums\",\"url\":\"https:\/\/icom.museum\/en\/\",\"logo\":{\"@type\":\"ImageObject\",\"inLanguage\":\"fr-FR\",\"@id\":\"https:\/\/icom.museum\/en\/#\/schema\/logo\/image\/\",\"url\":\"https:\/\/icom.museum\/wp-content\/uploads\/2018\/07\/ICOM_M_.jpg\",\"contentUrl\":\"https:\/\/icom.museum\/wp-content\/uploads\/2018\/07\/ICOM_M_.jpg\",\"width\":1721,\"height\":1721,\"caption\":\"International Council of Museums\"},\"image\":{\"@id\":\"https:\/\/icom.museum\/en\/#\/schema\/logo\/image\/\"}}]}<\/script>\n<!-- \/ Yoast SEO plugin. -->","yoast_head_json":{"title":"Centre international de formation en mus\u00e9ologie (ICOM-ITC) - International Council of Museums","robots":{"index":"index","follow":"follow","max-snippet":"max-snippet:-1","max-image-preview":"max-image-preview:large","max-video-preview":"max-video-preview:-1"},"canonical":"https:\/\/icom.museum\/fr\/renforcement-des-competences-et-formations\/centre-international-de-formation-en-museologie-de-licom-icom-itc\/","og_locale":"fr_FR","og_type":"article","og_title":"Centre international de formation en mus\u00e9ologie (ICOM-ITC) - International Council of Museums","og_description":"Le Centre international de formation en mus\u00e9ologie de l&#8217;ICOM (ICOM-ITC) est le fruit d&#8217;une collaboration entre l&#8217;ICOM, ICOM Chine et le Palace Museum de P\u00e9kin, qui propose des programmes de formation \u00e0 la communaut\u00e9 croissante des mus\u00e9es. Le Centre d\u00e9veloppe ces programmes avec la participation d&#8217;experts internationaux et chinois qui donnent des conf\u00e9rences et dirigent [&hellip;]","og_url":"https:\/\/icom.museum\/fr\/renforcement-des-competences-et-formations\/centre-international-de-formation-en-museologie-de-licom-icom-itc\/","og_site_name":"International Council of Museums","article_modified_time":"2025-10-30T20:48:23+00:00","og_image":[{"url":"https:\/\/icom.museum\/wp-content\/uploads\/2021\/09\/ITC-scaled.jpg"}],"twitter_card":"summary_large_image","twitter_misc":{"Dur\u00e9e de lecture estim\u00e9e":"2 minutes"},"schema":{"@context":"https:\/\/schema.org","@graph":[{"@type":"WebPage","@id":"https:\/\/icom.museum\/fr\/renforcement-des-competences-et-formations\/centre-international-de-formation-en-museologie-de-licom-icom-itc\/","url":"https:\/\/icom.museum\/fr\/renforcement-des-competences-et-formations\/centre-international-de-formation-en-museologie-de-licom-icom-itc\/","name":"Centre international de formation en mus\u00e9ologie (ICOM-ITC) - International Council of Museums","isPartOf":{"@id":"https:\/\/icom.museum\/en\/#website"},"datePublished":"2021-09-07T13:22:48+00:00","dateModified":"2025-10-30T20:48:23+00:00","breadcrumb":{"@id":"https:\/\/icom.museum\/fr\/renforcement-des-competences-et-formations\/centre-international-de-formation-en-museologie-de-licom-icom-itc\/#breadcrumb"},"inLanguage":"fr-FR","potentialAction":[{"@type":"ReadAction","target":["https:\/\/icom.museum\/fr\/renforcement-des-competences-et-formations\/centre-international-de-formation-en-museologie-de-licom-icom-itc\/"]}]},{"@type":"BreadcrumbList","@id":"https:\/\/icom.museum\/fr\/renforcement-des-competences-et-formations\/centre-international-de-formation-en-museologie-de-licom-icom-itc\/#breadcrumb","itemListElement":[{"@type":"ListItem","position":1,"name":"Home","item":"https:\/\/icom.museum\/fr\/"},{"@type":"ListItem","position":2,"name":"Formation","item":"https:\/\/icom.museum\/fr\/renforcement-des-competences-et-formations\/"},{"@type":"ListItem","position":3,"name":"Centre international de formation en mus\u00e9ologie (ICOM-ITC)"}]},{"@type":"WebSite","@id":"https:\/\/icom.museum\/en\/#website","url":"https:\/\/icom.museum\/en\/","name":"International Council of Museums","description":"A global organisation of museums &amp; museum professionals committed to the promotion and protection of cultural heritage","publisher":{"@id":"https:\/\/icom.museum\/en\/#organization"},"potentialAction":[{"@type":"SearchAction","target":{"@type":"EntryPoint","urlTemplate":"https:\/\/icom.museum\/en\/?s={search_term_string}"},"query-input":{"@type":"PropertyValueSpecification","valueRequired":true,"valueName":"search_term_string"}}],"inLanguage":"fr-FR"},{"@type":"Organization","@id":"https:\/\/icom.museum\/en\/#organization","name":"International Council of Museums","url":"https:\/\/icom.museum\/en\/","logo":{"@type":"ImageObject","inLanguage":"fr-FR","@id":"https:\/\/icom.museum\/en\/#\/schema\/logo\/image\/","url":"https:\/\/icom.museum\/wp-content\/uploads\/2018\/07\/ICOM_M_.jpg","contentUrl":"https:\/\/icom.museum\/wp-content\/uploads\/2018\/07\/ICOM_M_.jpg","width":1721,"height":1721,"caption":"International Council of Museums"},"image":{"@id":"https:\/\/icom.museum\/en\/#\/schema\/logo\/image\/"}}]}},"_links":{"self":[{"href":"https:\/\/icom.museum\/fr\/wp-json\/wp\/v2\/pages\/45668"}],"collection":[{"href":"https:\/\/icom.museum\/fr\/wp-json\/wp\/v2\/pages"}],"about":[{"href":"https:\/\/icom.museum\/fr\/wp-json\/wp\/v2\/types\/page"}],"author":[{"embeddable":true,"href":"https:\/\/icom.museum\/fr\/wp-json\/wp\/v2\/users\/4"}],"replies":[{"embeddable":true,"href":"https:\/\/icom.museum\/fr\/wp-json\/wp\/v2\/comments?post=45668"}],"version-history":[{"count":5,"href":"https:\/\/icom.museum\/fr\/wp-json\/wp\/v2\/pages\/45668\/revisions"}],"predecessor-version":[{"id":66101,"href":"https:\/\/icom.museum\/fr\/wp-json\/wp\/v2\/pages\/45668\/revisions\/66101"}],"up":[{"embeddable":true,"href":"https:\/\/icom.museum\/fr\/wp-json\/wp\/v2\/pages\/45661"}],"wp:attachment":[{"href":"https:\/\/icom.museum\/fr\/wp-json\/wp\/v2\/media?parent=45668"}],"curies":[{"name":"wp","href":"https:\/\/api.w.org\/{rel}","templated":true}]}}