{"id":45706,"date":"2021-09-07T16:31:05","date_gmt":"2021-09-07T14:31:05","guid":{"rendered":"https:\/\/icom.museum\/?page_id=45706"},"modified":"2023-08-28T15:26:33","modified_gmt":"2023-08-28T13:26:33","slug":"programmes-dechange","status":"publish","type":"page","link":"https:\/\/icom.museum\/fr\/renforcement-des-competences-et-formations\/programmes-dechange\/","title":{"rendered":"Programmes d&#8217;\u00e9change"},"content":{"rendered":"<h2 class=\"headline\"><strong>Afin de renforcer la collaboration entre les membres de son r\u00e9seau, l&#8217;ICOM organise des programmes d&#8217;\u00e9change dans lesquels deux pays accueillent respectivement un professionnel de mus\u00e9e du pays partenaire afin de travailler ensemble et de partager des id\u00e9es et des perspectives diff\u00e9rentes dans le cadre du d\u00e9veloppement d&#8217;une exposition.<\/strong><\/h2>\n<p>Le programme d&#8217;\u00e9change est bas\u00e9 sur l&#8217;id\u00e9e d&#8217;un apprentissage mutuel et d&#8217;un dialogue professionnel au b\u00e9n\u00e9fice des deux parties impliqu\u00e9es. Il est con\u00e7u pour r\u00e9pondre aux besoins et aux souhaits professionnels du participant et de l&#8217;institution d&#8217;accueil. Il permet \u00e9galement un \u00e9change de connaissances approfondi et mutuel entre les pays concern\u00e9s.<\/p>\n<p><strong><em>Allemagne-Zambie &#8211; 2023<\/em><\/strong><\/p>\n<p>En collaboration avec l&#8217;ICOM-Allemagne, l&#8217;ICOM-Zambie et le Livingstone Museum, une visite d&#8217;\u00e9tude de 20 jours est organis\u00e9e au cours du mois de septembre 2023.<\/p>\n<p>Pour cette deuxi\u00e8me partie du programme, un professionnel de mus\u00e9e allemand collaborera sur place avec le Livingstone Museum en Zambie. L&#8217;objectif, comme pour la premi\u00e8re partie du programme, est de permettre un \u00e9change de connaissances approfondi et mutuel entre le participant et les professionnels des mus\u00e9es zambiens.<\/p>\n<p>Le participant aura l&#8217;occasion de collaborer \u00e0 un projet d&#8217;exposition et\/ou \u00e0 des programmes \u00e9ducatifs avec des professionnels du mus\u00e9e Livingstone. Le candidat retenu doit s&#8217;engager \u00e0 participer \u00e0 toutes les activit\u00e9s et \u00e0 suivre l&#8217;int\u00e9gralit\u00e9 du programme.<\/p>\n<p><strong><em>Botswana-Allemagne &#8211; 2021<\/em><\/strong><\/p>\n<p>L&#8217;ICOM, l&#8217;ICOM-Allemagne, l&#8217;ICOM-Zambie et le Mus\u00e9e des cultures europ\u00e9ennes &#8211; Mus\u00e9es nationaux de Berlin (MEK) ont accueilli un professionnel de mus\u00e9e du Botswana pour une visite d&#8217;\u00e9tude d&#8217;un mois \u00e0 Berlin, en Allemagne.<\/p>\n<p>Le programme d&#8217;\u00e9change \u00e9tait bas\u00e9 sur l&#8217;apprentissage mutuel, le dialogue professionnel et l&#8217;\u00e9change au niveau des yeux, dans l&#8217;int\u00e9r\u00eat des deux parties concern\u00e9es. La structure a \u00e9t\u00e9 con\u00e7ue pour permettre aux mus\u00e9es de chaque pays d&#8217;accueillir un participant du pays d&#8217;\u00e9change et de travailler sur un projet de collaboration.<\/p>\n<p>En Allemagne, le programme a \u00e9t\u00e9 con\u00e7u pour r\u00e9pondre \u00e0 deux objectifs : l&#8217;un \u00e9tait de se concentrer sur les besoins et les souhaits professionnels du participant concernant les sujets \u00e0 aborder ; l&#8217;autre \u00e9tait de permettre une collaboration par le biais d&#8217;un projet d&#8217;exposition et, en tant que &#8220;chercheur invit\u00e9&#8221;, le participant devait d\u00e9velopper une intervention dans les collections europ\u00e9ennes pr\u00e9sent\u00e9es au MEK de son point de vue particulier. Le programme visait un \u00e9change de connaissances approfondi et mutuel entre le participant et les professionnels des mus\u00e9es allemands.<\/p>\n<p><strong><em>S\u00e9n\u00e9gal\/Suisse &#8211; Juillet 2019<\/em><\/strong><\/p>\n<p>Le Secr\u00e9tariat de l&#8217;ICOM et ICOM Suisse ont lanc\u00e9 un programme d&#8217;\u00e9change entre professionnels de mus\u00e9es suisses et s\u00e9n\u00e9galais, avec un professionnel de mus\u00e9e s\u00e9n\u00e9galais accueilli au Ch\u00e2teau de Prangins et dans d&#8217;autres institutions suisses.<\/p>\n<p>Le participant a suivi un programme personnalis\u00e9 organis\u00e9 autour de rencontres avec des sp\u00e9cialistes des mus\u00e9es suisses. L&#8217;essentiel du programme s&#8217;est d\u00e9roul\u00e9 au Ch\u00e2teau de Prangins, en plus de visites au Mus\u00e9e des Landes de Zurich, si\u00e8ge du Mus\u00e9e national suisse, et dans plusieurs autres villes de Suisse pour permettre au mus\u00e9ologue s\u00e9n\u00e9galais de se familiariser avec le monde mus\u00e9al suisse.<\/p>\n<p>Le participant a eu l&#8217;occasion de participer \u00e0 la pr\u00e9paration d&#8217;un module pour la future exposition permanente du mus\u00e9e, consacr\u00e9 \u00e0 l&#8217;histoire des femmes indiennes, des tissus de coton imprim\u00e9s utilis\u00e9s comme monnaie, et de l&#8217;\u00e9change d&#8217;esclaves dans le contexte du commerce triangulaire des XVIIe et XVIIIe si\u00e8cles, dont le S\u00e9n\u00e9gal \u00e9tait l&#8217;une des plaques tournantes.<\/p>\n<p>Dans le cadre de la deuxi\u00e8me partie du programme d&#8217;\u00e9change, un professionnel suisse des mus\u00e9es sera invit\u00e9 \u00e0 une visite d&#8217;\u00e9tude \u00e0 Dakar (S\u00e9n\u00e9gal). ImagiNation Afrika, l&#8217;institution h\u00f4te, offrira au participant s\u00e9lectionn\u00e9 deux semaines d&#8217;immersion dans le monde des mus\u00e9es et de l&#8217;\u00e9ducation de Dakar, \u00e0 travers des visites, des r\u00e9unions et des collaborations. L&#8217;\u00e9change se concentrera sur la co-cr\u00e9ation de mat\u00e9riel \u00e9ducatif pour le Mus\u00e9e de la Femme Henriette Bathily \u00e0 Dakar, le seul mus\u00e9e d\u00e9di\u00e9 aux femmes dans le pays.<\/p>\n<p><img loading=\"lazy\" decoding=\"async\" class=\"aligncenter size-full wp-image-45703\" src=\"https:\/\/icom.museum\/wp-content\/uploads\/2021\/09\/exchange-program-senegal-switzerland.jpg\" alt=\"\" width=\"516\" height=\"688\" srcset=\"https:\/\/icom.museum\/wp-content\/uploads\/2021\/09\/exchange-program-senegal-switzerland.jpg 516w, https:\/\/icom.museum\/wp-content\/uploads\/2021\/09\/exchange-program-senegal-switzerland-225x300.jpg 225w\" sizes=\"(max-width: 516px) 100vw, 516px\" \/><\/p>\n","protected":false},"excerpt":{"rendered":"<p>Afin de renforcer la collaboration entre les membres de son r\u00e9seau, l&#8217;ICOM organise des programmes d&#8217;\u00e9change dans lesquels deux pays accueillent respectivement un professionnel de mus\u00e9e du pays partenaire afin de travailler ensemble et de partager des id\u00e9es et des perspectives diff\u00e9rentes dans le cadre du d\u00e9veloppement d&#8217;une exposition. Le programme d&#8217;\u00e9change est bas\u00e9 sur [&hellip;]<\/p>\n","protected":false},"author":4,"featured_media":0,"parent":45661,"menu_order":3,"comment_status":"closed","ping_status":"closed","template":"","meta":{"inline_featured_image":false,"footnotes":""},"class_list":["post-45706","page","type-page","status-publish","hentry"],"acf":[],"yoast_head":"<!-- This site is optimized with the Yoast SEO plugin v23.7 - https:\/\/yoast.com\/wordpress\/plugins\/seo\/ -->\n<title>Programmes d&#039;\u00e9change - International Council of Museums<\/title>\n<meta name=\"robots\" content=\"index, follow, max-snippet:-1, max-image-preview:large, max-video-preview:-1\" \/>\n<link rel=\"canonical\" href=\"https:\/\/icom.museum\/fr\/renforcement-des-competences-et-formations\/programmes-dechange\/\" \/>\n<meta property=\"og:locale\" content=\"fr_FR\" \/>\n<meta property=\"og:type\" content=\"article\" \/>\n<meta property=\"og:title\" content=\"Programmes d&#039;\u00e9change - International Council of Museums\" \/>\n<meta property=\"og:description\" content=\"Afin de renforcer la collaboration entre les membres de son r\u00e9seau, l&#8217;ICOM organise des programmes d&#8217;\u00e9change dans lesquels deux pays accueillent respectivement un professionnel de mus\u00e9e du pays partenaire afin de travailler ensemble et de partager des id\u00e9es et des perspectives diff\u00e9rentes dans le cadre du d\u00e9veloppement d&#8217;une exposition. Le programme d&#8217;\u00e9change est bas\u00e9 sur [&hellip;]\" \/>\n<meta property=\"og:url\" content=\"https:\/\/icom.museum\/fr\/renforcement-des-competences-et-formations\/programmes-dechange\/\" \/>\n<meta property=\"og:site_name\" content=\"International Council of Museums\" \/>\n<meta property=\"article:modified_time\" content=\"2023-08-28T13:26:33+00:00\" \/>\n<meta property=\"og:image\" content=\"https:\/\/icom.museum\/wp-content\/uploads\/2021\/09\/exchange-program-senegal-switzerland.jpg\" \/>\n<meta name=\"twitter:card\" content=\"summary_large_image\" \/>\n<meta name=\"twitter:label1\" content=\"Dur\u00e9e de lecture estim\u00e9e\" \/>\n\t<meta name=\"twitter:data1\" content=\"2 minutes\" \/>\n<script type=\"application\/ld+json\" class=\"yoast-schema-graph\">{\"@context\":\"https:\/\/schema.org\",\"@graph\":[{\"@type\":\"WebPage\",\"@id\":\"https:\/\/icom.museum\/fr\/renforcement-des-competences-et-formations\/programmes-dechange\/\",\"url\":\"https:\/\/icom.museum\/fr\/renforcement-des-competences-et-formations\/programmes-dechange\/\",\"name\":\"Programmes d'\u00e9change - International Council of Museums\",\"isPartOf\":{\"@id\":\"https:\/\/icom.museum\/en\/#website\"},\"primaryImageOfPage\":{\"@id\":\"https:\/\/icom.museum\/fr\/renforcement-des-competences-et-formations\/programmes-dechange\/#primaryimage\"},\"image\":{\"@id\":\"https:\/\/icom.museum\/fr\/renforcement-des-competences-et-formations\/programmes-dechange\/#primaryimage\"},\"thumbnailUrl\":\"https:\/\/icom.museum\/wp-content\/uploads\/2021\/09\/exchange-program-senegal-switzerland.jpg\",\"datePublished\":\"2021-09-07T14:31:05+00:00\",\"dateModified\":\"2023-08-28T13:26:33+00:00\",\"breadcrumb\":{\"@id\":\"https:\/\/icom.museum\/fr\/renforcement-des-competences-et-formations\/programmes-dechange\/#breadcrumb\"},\"inLanguage\":\"fr-FR\",\"potentialAction\":[{\"@type\":\"ReadAction\",\"target\":[\"https:\/\/icom.museum\/fr\/renforcement-des-competences-et-formations\/programmes-dechange\/\"]}]},{\"@type\":\"ImageObject\",\"inLanguage\":\"fr-FR\",\"@id\":\"https:\/\/icom.museum\/fr\/renforcement-des-competences-et-formations\/programmes-dechange\/#primaryimage\",\"url\":\"https:\/\/icom.museum\/wp-content\/uploads\/2021\/09\/exchange-program-senegal-switzerland.jpg\",\"contentUrl\":\"https:\/\/icom.museum\/wp-content\/uploads\/2021\/09\/exchange-program-senegal-switzerland.jpg\"},{\"@type\":\"BreadcrumbList\",\"@id\":\"https:\/\/icom.museum\/fr\/renforcement-des-competences-et-formations\/programmes-dechange\/#breadcrumb\",\"itemListElement\":[{\"@type\":\"ListItem\",\"position\":1,\"name\":\"Home\",\"item\":\"https:\/\/icom.museum\/fr\/\"},{\"@type\":\"ListItem\",\"position\":2,\"name\":\"Formation\",\"item\":\"https:\/\/icom.museum\/fr\/renforcement-des-competences-et-formations\/\"},{\"@type\":\"ListItem\",\"position\":3,\"name\":\"Programmes d&#8217;\u00e9change\"}]},{\"@type\":\"WebSite\",\"@id\":\"https:\/\/icom.museum\/en\/#website\",\"url\":\"https:\/\/icom.museum\/en\/\",\"name\":\"International Council of Museums\",\"description\":\"A global organisation of museums &amp; museum professionals committed to the promotion and protection of cultural heritage\",\"publisher\":{\"@id\":\"https:\/\/icom.museum\/en\/#organization\"},\"potentialAction\":[{\"@type\":\"SearchAction\",\"target\":{\"@type\":\"EntryPoint\",\"urlTemplate\":\"https:\/\/icom.museum\/en\/?s={search_term_string}\"},\"query-input\":{\"@type\":\"PropertyValueSpecification\",\"valueRequired\":true,\"valueName\":\"search_term_string\"}}],\"inLanguage\":\"fr-FR\"},{\"@type\":\"Organization\",\"@id\":\"https:\/\/icom.museum\/en\/#organization\",\"name\":\"International Council of Museums\",\"url\":\"https:\/\/icom.museum\/en\/\",\"logo\":{\"@type\":\"ImageObject\",\"inLanguage\":\"fr-FR\",\"@id\":\"https:\/\/icom.museum\/en\/#\/schema\/logo\/image\/\",\"url\":\"https:\/\/icom.museum\/wp-content\/uploads\/2018\/07\/ICOM_M_.jpg\",\"contentUrl\":\"https:\/\/icom.museum\/wp-content\/uploads\/2018\/07\/ICOM_M_.jpg\",\"width\":1721,\"height\":1721,\"caption\":\"International Council of Museums\"},\"image\":{\"@id\":\"https:\/\/icom.museum\/en\/#\/schema\/logo\/image\/\"}}]}<\/script>\n<!-- \/ Yoast SEO plugin. -->","yoast_head_json":{"title":"Programmes d'\u00e9change - International Council of Museums","robots":{"index":"index","follow":"follow","max-snippet":"max-snippet:-1","max-image-preview":"max-image-preview:large","max-video-preview":"max-video-preview:-1"},"canonical":"https:\/\/icom.museum\/fr\/renforcement-des-competences-et-formations\/programmes-dechange\/","og_locale":"fr_FR","og_type":"article","og_title":"Programmes d'\u00e9change - International Council of Museums","og_description":"Afin de renforcer la collaboration entre les membres de son r\u00e9seau, l&#8217;ICOM organise des programmes d&#8217;\u00e9change dans lesquels deux pays accueillent respectivement un professionnel de mus\u00e9e du pays partenaire afin de travailler ensemble et de partager des id\u00e9es et des perspectives diff\u00e9rentes dans le cadre du d\u00e9veloppement d&#8217;une exposition. Le programme d&#8217;\u00e9change est bas\u00e9 sur [&hellip;]","og_url":"https:\/\/icom.museum\/fr\/renforcement-des-competences-et-formations\/programmes-dechange\/","og_site_name":"International Council of Museums","article_modified_time":"2023-08-28T13:26:33+00:00","og_image":[{"url":"https:\/\/icom.museum\/wp-content\/uploads\/2021\/09\/exchange-program-senegal-switzerland.jpg"}],"twitter_card":"summary_large_image","twitter_misc":{"Dur\u00e9e de lecture estim\u00e9e":"2 minutes"},"schema":{"@context":"https:\/\/schema.org","@graph":[{"@type":"WebPage","@id":"https:\/\/icom.museum\/fr\/renforcement-des-competences-et-formations\/programmes-dechange\/","url":"https:\/\/icom.museum\/fr\/renforcement-des-competences-et-formations\/programmes-dechange\/","name":"Programmes d'\u00e9change - International Council of Museums","isPartOf":{"@id":"https:\/\/icom.museum\/en\/#website"},"primaryImageOfPage":{"@id":"https:\/\/icom.museum\/fr\/renforcement-des-competences-et-formations\/programmes-dechange\/#primaryimage"},"image":{"@id":"https:\/\/icom.museum\/fr\/renforcement-des-competences-et-formations\/programmes-dechange\/#primaryimage"},"thumbnailUrl":"https:\/\/icom.museum\/wp-content\/uploads\/2021\/09\/exchange-program-senegal-switzerland.jpg","datePublished":"2021-09-07T14:31:05+00:00","dateModified":"2023-08-28T13:26:33+00:00","breadcrumb":{"@id":"https:\/\/icom.museum\/fr\/renforcement-des-competences-et-formations\/programmes-dechange\/#breadcrumb"},"inLanguage":"fr-FR","potentialAction":[{"@type":"ReadAction","target":["https:\/\/icom.museum\/fr\/renforcement-des-competences-et-formations\/programmes-dechange\/"]}]},{"@type":"ImageObject","inLanguage":"fr-FR","@id":"https:\/\/icom.museum\/fr\/renforcement-des-competences-et-formations\/programmes-dechange\/#primaryimage","url":"https:\/\/icom.museum\/wp-content\/uploads\/2021\/09\/exchange-program-senegal-switzerland.jpg","contentUrl":"https:\/\/icom.museum\/wp-content\/uploads\/2021\/09\/exchange-program-senegal-switzerland.jpg"},{"@type":"BreadcrumbList","@id":"https:\/\/icom.museum\/fr\/renforcement-des-competences-et-formations\/programmes-dechange\/#breadcrumb","itemListElement":[{"@type":"ListItem","position":1,"name":"Home","item":"https:\/\/icom.museum\/fr\/"},{"@type":"ListItem","position":2,"name":"Formation","item":"https:\/\/icom.museum\/fr\/renforcement-des-competences-et-formations\/"},{"@type":"ListItem","position":3,"name":"Programmes d&#8217;\u00e9change"}]},{"@type":"WebSite","@id":"https:\/\/icom.museum\/en\/#website","url":"https:\/\/icom.museum\/en\/","name":"International Council of Museums","description":"A global organisation of museums &amp; museum professionals committed to the promotion and protection of cultural heritage","publisher":{"@id":"https:\/\/icom.museum\/en\/#organization"},"potentialAction":[{"@type":"SearchAction","target":{"@type":"EntryPoint","urlTemplate":"https:\/\/icom.museum\/en\/?s={search_term_string}"},"query-input":{"@type":"PropertyValueSpecification","valueRequired":true,"valueName":"search_term_string"}}],"inLanguage":"fr-FR"},{"@type":"Organization","@id":"https:\/\/icom.museum\/en\/#organization","name":"International Council of Museums","url":"https:\/\/icom.museum\/en\/","logo":{"@type":"ImageObject","inLanguage":"fr-FR","@id":"https:\/\/icom.museum\/en\/#\/schema\/logo\/image\/","url":"https:\/\/icom.museum\/wp-content\/uploads\/2018\/07\/ICOM_M_.jpg","contentUrl":"https:\/\/icom.museum\/wp-content\/uploads\/2018\/07\/ICOM_M_.jpg","width":1721,"height":1721,"caption":"International Council of Museums"},"image":{"@id":"https:\/\/icom.museum\/en\/#\/schema\/logo\/image\/"}}]}},"_links":{"self":[{"href":"https:\/\/icom.museum\/fr\/wp-json\/wp\/v2\/pages\/45706"}],"collection":[{"href":"https:\/\/icom.museum\/fr\/wp-json\/wp\/v2\/pages"}],"about":[{"href":"https:\/\/icom.museum\/fr\/wp-json\/wp\/v2\/types\/page"}],"author":[{"embeddable":true,"href":"https:\/\/icom.museum\/fr\/wp-json\/wp\/v2\/users\/4"}],"replies":[{"embeddable":true,"href":"https:\/\/icom.museum\/fr\/wp-json\/wp\/v2\/comments?post=45706"}],"version-history":[{"count":4,"href":"https:\/\/icom.museum\/fr\/wp-json\/wp\/v2\/pages\/45706\/revisions"}],"predecessor-version":[{"id":54552,"href":"https:\/\/icom.museum\/fr\/wp-json\/wp\/v2\/pages\/45706\/revisions\/54552"}],"up":[{"embeddable":true,"href":"https:\/\/icom.museum\/fr\/wp-json\/wp\/v2\/pages\/45661"}],"wp:attachment":[{"href":"https:\/\/icom.museum\/fr\/wp-json\/wp\/v2\/media?parent=45706"}],"curies":[{"name":"wp","href":"https:\/\/api.w.org\/{rel}","templated":true}]}}