{"id":45714,"date":"2021-09-07T17:32:16","date_gmt":"2021-09-07T15:32:16","guid":{"rendered":"https:\/\/icom.museum\/?page_id=45714"},"modified":"2023-08-18T13:21:08","modified_gmt":"2023-08-18T11:21:08","slug":"formations-en-ligne","status":"publish","type":"page","link":"https:\/\/icom.museum\/fr\/renforcement-des-competences-et-formations\/formations-en-ligne\/","title":{"rendered":"Formations en ligne"},"content":{"rendered":"<h2 class=\"headline\">En 2021, l&#8217;ICOM a d\u00e9velopp\u00e9 un cours en ligne ouvert et massif (MOOC) gratuit sur la &#8220;Cr\u00e9ation de pratiques mus\u00e9ales significatives et inclusives&#8221;.<\/h2>\n<p>Ce cours explore les diff\u00e9rents moyens d&#8217;inclusion et les m\u00e9thodologies que les mus\u00e9es du monde entier utilisent pour s&#8217;engager de mani\u00e8re significative avec ceux qui vivent en marge de la soci\u00e9t\u00e9 afin de mieux r\u00e9pondre \u00e0 leurs besoins et de devenir des espaces d&#8217;inclusion sociale et de construction de la communaut\u00e9. \u00c0 l&#8217;aide d&#8217;\u00e9tudes de cas repr\u00e9sentatives et de discussions avec des praticiens, des universitaires et des membres de la communaut\u00e9, ce cours explorera une s\u00e9rie de m\u00e9thodologies et de strat\u00e9gies, telles que la co-curation, l&#8217;histoire orale, la collecte communautaire, la conception inclusive et la r\u00e9solution des conflits, afin d&#8217;illustrer une pratique mus\u00e9ale dynamique et \u00e9volutive qui prend place dans diff\u00e9rents coins du globe.<\/p>\n<p>L&#8217;objectif principal de ce cours est de pr\u00e9senter diff\u00e9rentes strat\u00e9gies et m\u00e9thodologies du monde entier qui ont servi \u00e0 s&#8217;engager avec succ\u00e8s et \u00e0 inclure des communaut\u00e9s historiquement marginalis\u00e9es dans le travail mus\u00e9al, ainsi que les d\u00e9fis rencontr\u00e9s par les institutions et les praticiens afin que les participants puissent les \u00e9valuer, les adapter et les mettre en \u0153uvre dans leurs contextes locaux.<\/p>\n<p><span class=\"link_blue\"><a href=\"https:\/\/www.futurelearn.com\/courses\/meaningful-inclusive-museum-practices\/1\/todo\/103602\">Acc\u00e9dez au MOOC ici<\/a><\/span><\/p>\n<p><img loading=\"lazy\" decoding=\"async\" class=\"aligncenter size-full wp-image-54409\" src=\"https:\/\/icom.museum\/wp-content\/uploads\/2023\/08\/9-2.png\" alt=\"\" width=\"900\" height=\"600\" srcset=\"https:\/\/icom.museum\/wp-content\/uploads\/2023\/08\/9-2.png 900w, https:\/\/icom.museum\/wp-content\/uploads\/2023\/08\/9-2-300x200.png 300w, https:\/\/icom.museum\/wp-content\/uploads\/2023\/08\/9-2-768x512.png 768w\" sizes=\"(max-width: 900px) 100vw, 900px\" \/><\/p>\n<h3>Webinaires<\/h3>\n<p style=\"font-weight: 400;\"><span data-ogsc=\"rgb(71, 71, 71)\">L\u2019ICOM a \u00e9galement organis\u00e9 une s\u00e9rie de webinaires accessibles \u00e0 tous. Ces discussions en ligne ont pour but de promouvoir le dialogue et l\u2019\u00e9change de connaissances entre les professionnels des mus\u00e9es de diff\u00e9rents pays et de d\u00e9velopper un forum qui favorise la r\u00e9flexion et permet aux professionnels d\u2019\u00e9changer des id\u00e9es sur des sujets d\u2019une grande importance pour les mus\u00e9es d\u2019aujourd\u2019hui.<\/span><\/p>\n<p style=\"font-weight: 400;\"><span data-ogsc=\"rgb(71, 71, 71)\">Le contenu des diff\u00e9rents projets de webinaires est disponible ci-dessous, ainsi que le lien pour acc\u00e9der aux enregistrements.<\/span><\/p>\n<p style=\"font-weight: 400;\"><strong><em><u><span data-ogsc=\"rgb(71, 71, 71)\">Plan d\u2019Action de d\u00e9veloppement durable 2023, 21 avril 2023<\/span><\/u><\/em><\/strong><\/p>\n<p style=\"font-weight: 400;\">Con\u00e7u comme un cadre que les comit\u00e9s nationaux et internationaux de l\u2019ICOM peuvent s\u2019approprier, le plan d\u2019action fournit aux comit\u00e9s les moyens de relever le d\u00e9fi de l\u2019urgence climatique et de soutenir le d\u00e9veloppement durable par le partage des connaissances, les r\u00e9seaux, l\u2019engagement et l\u2019action concr\u00e8te.<\/p>\n<p><span class=\"link_blue\"><a href=\"https:\/\/www.youtube.com\/watch?v=gT1e795DebI\"><strong>Regarder <em>ICOM 2030 Sustainability Action Plan (Anglais)<\/em><\/strong><\/a> <em>\u00a0<\/em><\/span><\/p>\n<p style=\"font-weight: 400;\"><strong><em><u><span data-ogsc=\"rgb(71, 71, 71)\">Journ\u00e9e de la Terre: Mus\u00e9es et durabilit\u00e9, 22 avril 2021<\/span><\/u><\/em><\/strong><\/p>\n<p style=\"font-weight: 400;\"><span data-ogsc=\"rgb(71, 71, 71)\">\u00c0 l\u2019occasion de la Journ\u00e9e de la Terre 2021, ce webinaire de l\u2019ICOM a abord\u00e9 des questions li\u00e9es \u00e0 la durabilit\u00e9 et aux mus\u00e9es. R\u00e9unissant des professionnels des mus\u00e9es de quatre r\u00e9gions diff\u00e9rentes, la discussion a port\u00e9 sur la signification de la durabilit\u00e9 dans diff\u00e9rentes parties du monde, en mettant l\u2019accent sur la fa\u00e7on dont les partenariats et la communication peuvent favoriser la r\u00e9ussite.<\/span><\/p>\n<p><span class=\"link_blue\"><a href=\"https:\/\/www.youtube.com\/watch?v=cpy81Z25uTk&amp;t=2691s\"><strong>Regarder <em>Earth Day Webinar: Museums and Sustainability (Anglais)<\/em><\/strong><\/a><strong>\u00a0<\/strong><\/span><\/p>\n<p style=\"font-weight: 400;\"><strong><em><u><span data-ogsc=\"rgb(71, 71, 71)\">Mus\u00e9es, villes et communaut\u00e9s durables, 28 septembre 2021<\/span><\/u><\/em><\/strong><\/p>\n<p style=\"font-weight: 400;\"><span data-ogsc=\"rgb(71, 71, 71)\">Dans le cadre d\u2019une s\u00e9rie de 6 webinaires promus par le groupe de travail sur la durabilit\u00e9 de l\u2019ICOM pour aborder l\u2019Agenda 2030, et en collaboration avec le CAMOC, le Comit\u00e9 international pour les collections et les activit\u00e9s des mus\u00e9es des villes, ce webinaire a rassembl\u00e9 des professionnels des mus\u00e9es de diff\u00e9rents pays pour discuter de la fa\u00e7on dont les mus\u00e9es peuvent contribuer et contribuent \u00e0 rendre les villes et les \u00e9tablissements humains inclusifs, s\u00fbrs, r\u00e9silients et durables.<\/span><\/p>\n<p><span class=\"link_blue\"><a href=\"https:\/\/www.youtube.com\/watch?v=JwRyyEvoNr0&amp;t=161s\"><strong>Regarder <em>Museums, Sustainable Cities and Communities (Anglais)<\/em><\/strong><\/a><\/span><\/p>\n<p style=\"font-weight: 400;\"><strong><em><u><span data-ogsc=\"rgb(71, 71, 71)\" data-ogsb=\"aqua\">Stimuler l\u2019emploi dans le secteur des mus\u00e9es, 18 novembre 2020<\/span><\/u><\/em><\/strong><\/p>\n<p style=\"font-weight: 400;\"><span data-ogsc=\"rgb(71, 71, 71)\">Ce webinaire s\u2019est concentr\u00e9 sur les cons\u00e9quences de la pand\u00e9mie pour les professionnels des mus\u00e9es, en proposant de nouveaux mod\u00e8les pour faire face \u00e0 la crise. Cette session a pr\u00e9sent\u00e9 les r\u00e9sultats d\u2019une deuxi\u00e8me enqu\u00eate sur l\u2019impact du COVID-19 sur le secteur, une vue d\u2019ensemble des professions \u00e9mergentes, et a soulign\u00e9 le r\u00f4le que les mus\u00e9es peuvent jouer en tant que promoteurs du d\u00e9veloppement local apr\u00e8s la crise.<\/span><\/p>\n<p><span class=\"link_blue\"><a href=\"https:\/\/www.youtube.com\/watch?v=0dhnF5KgMvY\"><strong>Regarder\u00a0<em>Stimulating employment in museums (Anglais)<\/em><\/strong><\/a><\/span><\/p>\n<p style=\"font-weight: 400;\"><strong><em><u><span data-ogsc=\"rgb(71, 71, 71)\" data-ogsb=\"aqua\">Gestion d\u2019urgence pour les mus\u00e9es<\/span><\/u><\/em><\/strong><strong><em><u><span data-ogsc=\"rgb(71, 71, 71)\"> (Focus: Liban), 4 novembre 2021<\/span><\/u><\/em><\/strong><\/p>\n<p style=\"font-weight: 400;\"><span data-ogsc=\"rgb(71, 71, 71)\">La session a r\u00e9uni des experts et des professionnels des mus\u00e9es pour discuter d\u2019un sujet de la plus haute importance et plus actuel que jamais : la gestion des situations d\u2019urgence. Les principes fondamentaux de la planification d\u2019urgence, y compris la pr\u00e9paration, l\u2019identification des acteurs cl\u00e9s, l\u2019\u00e9valuation des risques, la priorisation des collections et d\u2019autres pr\u00e9parations ont \u00e9t\u00e9 discut\u00e9s. Une attention particuli\u00e8re a \u00e9t\u00e9 accord\u00e9e \u00e0 la situation de Beyrouth, au Liban, dont les mus\u00e9es ont \u00e9t\u00e9 gravement touch\u00e9s par la double explosion du 4 ao\u00fbt.<\/span><\/p>\n<p><span class=\"link_blue\"><a href=\"https:\/\/www.youtube.com\/watch?v=uOtda4lLbjA\"><strong>Regarder\u00a0<em>Emergency Management (Focus: Liban)<\/em>\u00a0<\/strong><\/a><\/span><\/p>\n<p style=\"font-weight: 400;\"><strong><em><u><span data-ogsc=\"rgb(71, 71, 71)\" data-ogsb=\"aqua\">Transformation num\u00e9rique des mus\u00e9es en temps de COVID-19<\/span><\/u><\/em><\/strong><strong><em><u><span data-ogsc=\"rgb(71, 71, 71)\">, 21 octobre 2020<\/span><\/u><\/em><\/strong><\/p>\n<p style=\"font-weight: 400;\"><span data-ogsc=\"rgb(71, 71, 71)\">La discussion a port\u00e9 sur les strat\u00e9gies et les comp\u00e9tences qui permettent aux mus\u00e9es et aux professionnels d\u2019exploiter la puissance des m\u00e9dias num\u00e9riques. Cette session a pr\u00e9sent\u00e9 des bonnes pratiques sur la mani\u00e8re de favoriser l\u2019apprentissage continu, d\u2019atteindre nos communaut\u00e9s \u00e0 distance et de g\u00e9n\u00e9rer des revenus suppl\u00e9mentaires pour pallier le manque de visiteurs sur place.<\/span><\/p>\n<p><span class=\"link_blue\"><a href=\"https:\/\/www.youtube.com\/watch?v=WTlXLgopm4s\"><strong>Regarder\u00a0\u00a0<em>Digital transformation for museums in the time of COVID-19 (Anglais)<\/em><\/strong><\/a><\/span><\/p>\n<p><b><i><u><span data-ogsc=\"rgb(71, 71, 71)\">Nouveaux d\u00e9fis pour les collections et les r\u00e9serves, 7 octobre 2020<\/span><\/u><\/i><\/b><u><span data-ogsc=\"rgb(71, 71, 71)\"><br \/>\n<\/span><\/u><i><span data-ogsc=\"rgb(71, 71, 71)\"><br \/>\n<\/span><\/i><span data-ogsc=\"rgb(71, 71, 71)\">De nombreux mus\u00e9es ont \u00e9t\u00e9 compl\u00e8tement ferm\u00e9s pendant plusieurs mois, exposant leurs zones de stockage \u00e0 de nombreux risques pour les collections. \u00c0 l\u2019avenir, la p\u00e9nurie de main-d\u2019\u0153uvre et de fonds pour l\u2019entretien des collections constituera un d\u00e9fi. C\u2019est dans ce contexte que le groupe d\u2019experts a entam\u00e9 une discussion sur les meilleures pratiques en mati\u00e8re de conservation des collections, l\u2019acc\u00e8s aux collections entrepos\u00e9es et la gestion des risques li\u00e9s aux collections.<\/span><\/p>\n<p><span class=\"link_blue\"><a href=\"https:\/\/www.youtube.com\/watch?v=thjIR0_6yo8\"><strong>Regarder\u00a0<em>New challenges for collections and storage areas (Anglais) <\/em><\/strong><\/a><\/span><\/p>\n<p style=\"font-weight: 400;\"><strong><em><u><span data-ogsc=\"rgb(71, 71, 71)\">Pr\u00e9parer la r\u00e9ouverture des mus\u00e9es, 24 juin 2020<\/span><\/u><\/em><\/strong><\/p>\n<p style=\"font-weight: 400;\"><span data-ogsc=\"rgb(71, 71, 71)\">Une enqu\u00eate de l\u2019ICOM a estim\u00e9 que 95 % des mus\u00e9es dans le monde sont rest\u00e9s ferm\u00e9s pendant les confinements li\u00e9s \u00e0 la pand\u00e9mie de Covid-19. La discussion a permis d\u2019\u00e9valuer l\u2019impact global de la pand\u00e9mie actuelle sur les institutions culturelles \u2013 avec ses cons\u00e9quences \u00e0 court et \u00e0 long terme sur les mus\u00e9es \u2013 tout en se concentrant sur les actions d\u00e9licates \u00e0 entreprendre au cours de la prochaine phase de r\u00e9ouverture. S\u2019appuyant sur leur vaste exp\u00e9rience professionnelle, les participants ont pr\u00e9sent\u00e9 au public des exemples d\u2019initiatives de mus\u00e9es qui ont prouv\u00e9 leur efficacit\u00e9 dans le contexte actuel.<\/span><\/p>\n<p><span class=\"link_blue\"><a href=\"https:\/\/www.youtube.com\/watch?v=gWXxxLGGwA0\"><strong>Regarder\u00a0<em>Preparing for the Reopening of Museums (Anglais)<\/em><\/strong><\/a><\/span><\/p>\n<p><img loading=\"lazy\" decoding=\"async\" class=\"aligncenter size-full wp-image-54406\" src=\"https:\/\/icom.museum\/wp-content\/uploads\/2023\/08\/8-1.jpg\" alt=\"\" width=\"900\" height=\"600\" srcset=\"https:\/\/icom.museum\/wp-content\/uploads\/2023\/08\/8-1.jpg 900w, https:\/\/icom.museum\/wp-content\/uploads\/2023\/08\/8-1-300x200.jpg 300w, https:\/\/icom.museum\/wp-content\/uploads\/2023\/08\/8-1-768x512.jpg 768w\" sizes=\"(max-width: 900px) 100vw, 900px\" \/><\/p>\n","protected":false},"excerpt":{"rendered":"<p>En 2021, l&#8217;ICOM a d\u00e9velopp\u00e9 un cours en ligne ouvert et massif (MOOC) gratuit sur la &#8220;Cr\u00e9ation de pratiques mus\u00e9ales significatives et inclusives&#8221;. Ce cours explore les diff\u00e9rents moyens d&#8217;inclusion et les m\u00e9thodologies que les mus\u00e9es du monde entier utilisent pour s&#8217;engager de mani\u00e8re significative avec ceux qui vivent en marge de la soci\u00e9t\u00e9 afin [&hellip;]<\/p>\n","protected":false},"author":4,"featured_media":0,"parent":45661,"menu_order":4,"comment_status":"closed","ping_status":"closed","template":"","meta":{"inline_featured_image":false,"footnotes":""},"class_list":["post-45714","page","type-page","status-publish","hentry"],"acf":[],"yoast_head":"<!-- This site is optimized with the Yoast SEO plugin v23.7 - https:\/\/yoast.com\/wordpress\/plugins\/seo\/ -->\n<title>Formations en ligne - International Council of Museums<\/title>\n<meta name=\"robots\" content=\"index, follow, max-snippet:-1, max-image-preview:large, max-video-preview:-1\" \/>\n<link rel=\"canonical\" href=\"https:\/\/icom.museum\/fr\/renforcement-des-competences-et-formations\/formations-en-ligne\/\" \/>\n<meta property=\"og:locale\" content=\"fr_FR\" \/>\n<meta property=\"og:type\" content=\"article\" \/>\n<meta property=\"og:title\" content=\"Formations en ligne - International Council of Museums\" \/>\n<meta property=\"og:description\" content=\"En 2021, l&#8217;ICOM a d\u00e9velopp\u00e9 un cours en ligne ouvert et massif (MOOC) gratuit sur la &#8220;Cr\u00e9ation de pratiques mus\u00e9ales significatives et inclusives&#8221;. Ce cours explore les diff\u00e9rents moyens d&#8217;inclusion et les m\u00e9thodologies que les mus\u00e9es du monde entier utilisent pour s&#8217;engager de mani\u00e8re significative avec ceux qui vivent en marge de la soci\u00e9t\u00e9 afin [&hellip;]\" \/>\n<meta property=\"og:url\" content=\"https:\/\/icom.museum\/fr\/renforcement-des-competences-et-formations\/formations-en-ligne\/\" \/>\n<meta property=\"og:site_name\" content=\"International Council of Museums\" \/>\n<meta property=\"article:modified_time\" content=\"2023-08-18T11:21:08+00:00\" \/>\n<meta property=\"og:image\" content=\"https:\/\/icom.museum\/wp-content\/uploads\/2023\/08\/9-2.png\" \/>\n<meta name=\"twitter:card\" content=\"summary_large_image\" \/>\n<meta name=\"twitter:label1\" content=\"Dur\u00e9e de lecture estim\u00e9e\" \/>\n\t<meta name=\"twitter:data1\" content=\"4 minutes\" \/>\n<script type=\"application\/ld+json\" class=\"yoast-schema-graph\">{\"@context\":\"https:\/\/schema.org\",\"@graph\":[{\"@type\":\"WebPage\",\"@id\":\"https:\/\/icom.museum\/fr\/renforcement-des-competences-et-formations\/formations-en-ligne\/\",\"url\":\"https:\/\/icom.museum\/fr\/renforcement-des-competences-et-formations\/formations-en-ligne\/\",\"name\":\"Formations en ligne - International Council of Museums\",\"isPartOf\":{\"@id\":\"https:\/\/icom.museum\/en\/#website\"},\"primaryImageOfPage\":{\"@id\":\"https:\/\/icom.museum\/fr\/renforcement-des-competences-et-formations\/formations-en-ligne\/#primaryimage\"},\"image\":{\"@id\":\"https:\/\/icom.museum\/fr\/renforcement-des-competences-et-formations\/formations-en-ligne\/#primaryimage\"},\"thumbnailUrl\":\"https:\/\/icom.museum\/wp-content\/uploads\/2023\/08\/9-2.png\",\"datePublished\":\"2021-09-07T15:32:16+00:00\",\"dateModified\":\"2023-08-18T11:21:08+00:00\",\"breadcrumb\":{\"@id\":\"https:\/\/icom.museum\/fr\/renforcement-des-competences-et-formations\/formations-en-ligne\/#breadcrumb\"},\"inLanguage\":\"fr-FR\",\"potentialAction\":[{\"@type\":\"ReadAction\",\"target\":[\"https:\/\/icom.museum\/fr\/renforcement-des-competences-et-formations\/formations-en-ligne\/\"]}]},{\"@type\":\"ImageObject\",\"inLanguage\":\"fr-FR\",\"@id\":\"https:\/\/icom.museum\/fr\/renforcement-des-competences-et-formations\/formations-en-ligne\/#primaryimage\",\"url\":\"https:\/\/icom.museum\/wp-content\/uploads\/2023\/08\/9-2.png\",\"contentUrl\":\"https:\/\/icom.museum\/wp-content\/uploads\/2023\/08\/9-2.png\"},{\"@type\":\"BreadcrumbList\",\"@id\":\"https:\/\/icom.museum\/fr\/renforcement-des-competences-et-formations\/formations-en-ligne\/#breadcrumb\",\"itemListElement\":[{\"@type\":\"ListItem\",\"position\":1,\"name\":\"Home\",\"item\":\"https:\/\/icom.museum\/fr\/\"},{\"@type\":\"ListItem\",\"position\":2,\"name\":\"Formation\",\"item\":\"https:\/\/icom.museum\/fr\/renforcement-des-competences-et-formations\/\"},{\"@type\":\"ListItem\",\"position\":3,\"name\":\"Formations en ligne\"}]},{\"@type\":\"WebSite\",\"@id\":\"https:\/\/icom.museum\/en\/#website\",\"url\":\"https:\/\/icom.museum\/en\/\",\"name\":\"International Council of Museums\",\"description\":\"A global organisation of museums &amp; museum professionals committed to the promotion and protection of cultural heritage\",\"publisher\":{\"@id\":\"https:\/\/icom.museum\/en\/#organization\"},\"potentialAction\":[{\"@type\":\"SearchAction\",\"target\":{\"@type\":\"EntryPoint\",\"urlTemplate\":\"https:\/\/icom.museum\/en\/?s={search_term_string}\"},\"query-input\":{\"@type\":\"PropertyValueSpecification\",\"valueRequired\":true,\"valueName\":\"search_term_string\"}}],\"inLanguage\":\"fr-FR\"},{\"@type\":\"Organization\",\"@id\":\"https:\/\/icom.museum\/en\/#organization\",\"name\":\"International Council of Museums\",\"url\":\"https:\/\/icom.museum\/en\/\",\"logo\":{\"@type\":\"ImageObject\",\"inLanguage\":\"fr-FR\",\"@id\":\"https:\/\/icom.museum\/en\/#\/schema\/logo\/image\/\",\"url\":\"https:\/\/icom.museum\/wp-content\/uploads\/2018\/07\/ICOM_M_.jpg\",\"contentUrl\":\"https:\/\/icom.museum\/wp-content\/uploads\/2018\/07\/ICOM_M_.jpg\",\"width\":1721,\"height\":1721,\"caption\":\"International Council of Museums\"},\"image\":{\"@id\":\"https:\/\/icom.museum\/en\/#\/schema\/logo\/image\/\"}}]}<\/script>\n<!-- \/ Yoast SEO plugin. -->","yoast_head_json":{"title":"Formations en ligne - International Council of Museums","robots":{"index":"index","follow":"follow","max-snippet":"max-snippet:-1","max-image-preview":"max-image-preview:large","max-video-preview":"max-video-preview:-1"},"canonical":"https:\/\/icom.museum\/fr\/renforcement-des-competences-et-formations\/formations-en-ligne\/","og_locale":"fr_FR","og_type":"article","og_title":"Formations en ligne - International Council of Museums","og_description":"En 2021, l&#8217;ICOM a d\u00e9velopp\u00e9 un cours en ligne ouvert et massif (MOOC) gratuit sur la &#8220;Cr\u00e9ation de pratiques mus\u00e9ales significatives et inclusives&#8221;. Ce cours explore les diff\u00e9rents moyens d&#8217;inclusion et les m\u00e9thodologies que les mus\u00e9es du monde entier utilisent pour s&#8217;engager de mani\u00e8re significative avec ceux qui vivent en marge de la soci\u00e9t\u00e9 afin [&hellip;]","og_url":"https:\/\/icom.museum\/fr\/renforcement-des-competences-et-formations\/formations-en-ligne\/","og_site_name":"International Council of Museums","article_modified_time":"2023-08-18T11:21:08+00:00","og_image":[{"url":"https:\/\/icom.museum\/wp-content\/uploads\/2023\/08\/9-2.png"}],"twitter_card":"summary_large_image","twitter_misc":{"Dur\u00e9e de lecture estim\u00e9e":"4 minutes"},"schema":{"@context":"https:\/\/schema.org","@graph":[{"@type":"WebPage","@id":"https:\/\/icom.museum\/fr\/renforcement-des-competences-et-formations\/formations-en-ligne\/","url":"https:\/\/icom.museum\/fr\/renforcement-des-competences-et-formations\/formations-en-ligne\/","name":"Formations en ligne - International Council of Museums","isPartOf":{"@id":"https:\/\/icom.museum\/en\/#website"},"primaryImageOfPage":{"@id":"https:\/\/icom.museum\/fr\/renforcement-des-competences-et-formations\/formations-en-ligne\/#primaryimage"},"image":{"@id":"https:\/\/icom.museum\/fr\/renforcement-des-competences-et-formations\/formations-en-ligne\/#primaryimage"},"thumbnailUrl":"https:\/\/icom.museum\/wp-content\/uploads\/2023\/08\/9-2.png","datePublished":"2021-09-07T15:32:16+00:00","dateModified":"2023-08-18T11:21:08+00:00","breadcrumb":{"@id":"https:\/\/icom.museum\/fr\/renforcement-des-competences-et-formations\/formations-en-ligne\/#breadcrumb"},"inLanguage":"fr-FR","potentialAction":[{"@type":"ReadAction","target":["https:\/\/icom.museum\/fr\/renforcement-des-competences-et-formations\/formations-en-ligne\/"]}]},{"@type":"ImageObject","inLanguage":"fr-FR","@id":"https:\/\/icom.museum\/fr\/renforcement-des-competences-et-formations\/formations-en-ligne\/#primaryimage","url":"https:\/\/icom.museum\/wp-content\/uploads\/2023\/08\/9-2.png","contentUrl":"https:\/\/icom.museum\/wp-content\/uploads\/2023\/08\/9-2.png"},{"@type":"BreadcrumbList","@id":"https:\/\/icom.museum\/fr\/renforcement-des-competences-et-formations\/formations-en-ligne\/#breadcrumb","itemListElement":[{"@type":"ListItem","position":1,"name":"Home","item":"https:\/\/icom.museum\/fr\/"},{"@type":"ListItem","position":2,"name":"Formation","item":"https:\/\/icom.museum\/fr\/renforcement-des-competences-et-formations\/"},{"@type":"ListItem","position":3,"name":"Formations en ligne"}]},{"@type":"WebSite","@id":"https:\/\/icom.museum\/en\/#website","url":"https:\/\/icom.museum\/en\/","name":"International Council of Museums","description":"A global organisation of museums &amp; museum professionals committed to the promotion and protection of cultural heritage","publisher":{"@id":"https:\/\/icom.museum\/en\/#organization"},"potentialAction":[{"@type":"SearchAction","target":{"@type":"EntryPoint","urlTemplate":"https:\/\/icom.museum\/en\/?s={search_term_string}"},"query-input":{"@type":"PropertyValueSpecification","valueRequired":true,"valueName":"search_term_string"}}],"inLanguage":"fr-FR"},{"@type":"Organization","@id":"https:\/\/icom.museum\/en\/#organization","name":"International Council of Museums","url":"https:\/\/icom.museum\/en\/","logo":{"@type":"ImageObject","inLanguage":"fr-FR","@id":"https:\/\/icom.museum\/en\/#\/schema\/logo\/image\/","url":"https:\/\/icom.museum\/wp-content\/uploads\/2018\/07\/ICOM_M_.jpg","contentUrl":"https:\/\/icom.museum\/wp-content\/uploads\/2018\/07\/ICOM_M_.jpg","width":1721,"height":1721,"caption":"International Council of Museums"},"image":{"@id":"https:\/\/icom.museum\/en\/#\/schema\/logo\/image\/"}}]}},"_links":{"self":[{"href":"https:\/\/icom.museum\/fr\/wp-json\/wp\/v2\/pages\/45714"}],"collection":[{"href":"https:\/\/icom.museum\/fr\/wp-json\/wp\/v2\/pages"}],"about":[{"href":"https:\/\/icom.museum\/fr\/wp-json\/wp\/v2\/types\/page"}],"author":[{"embeddable":true,"href":"https:\/\/icom.museum\/fr\/wp-json\/wp\/v2\/users\/4"}],"replies":[{"embeddable":true,"href":"https:\/\/icom.museum\/fr\/wp-json\/wp\/v2\/comments?post=45714"}],"version-history":[{"count":8,"href":"https:\/\/icom.museum\/fr\/wp-json\/wp\/v2\/pages\/45714\/revisions"}],"predecessor-version":[{"id":54420,"href":"https:\/\/icom.museum\/fr\/wp-json\/wp\/v2\/pages\/45714\/revisions\/54420"}],"up":[{"embeddable":true,"href":"https:\/\/icom.museum\/fr\/wp-json\/wp\/v2\/pages\/45661"}],"wp:attachment":[{"href":"https:\/\/icom.museum\/fr\/wp-json\/wp\/v2\/media?parent=45714"}],"curies":[{"name":"wp","href":"https:\/\/api.w.org\/{rel}","templated":true}]}}