{"id":46133,"date":"2021-10-11T10:57:08","date_gmt":"2021-10-11T08:57:08","guid":{"rendered":"https:\/\/icom.museum\/?page_id=46133"},"modified":"2023-08-01T15:12:59","modified_gmt":"2023-08-01T13:12:59","slug":"icom-imrec","status":"publish","type":"page","link":"https:\/\/icom.museum\/fr\/recherche-et-developpement\/icom-imrec\/","title":{"rendered":"ICOM-IMREC"},"content":{"rendered":"<h2 class=\"headline\">Le Centre international de recherche et d&#8217;\u00e9change sur les mus\u00e9es de l&#8217;ICOM (ICOM-IMREC) est une plateforme internationale de recherche et d&#8217;\u00e9change concernant le domaine des mus\u00e9es et ses secteurs connexes.<\/h2>\n<p>L&#8217;id\u00e9e est n\u00e9e apr\u00e8s la Conf\u00e9rence g\u00e9n\u00e9rale de l\u2019ICOM, Kyoto 2019, entre l&#8217;ICOM et l&#8217;Universit\u00e9 de Shanghai en Chine, pour mettre en \u0153uvre la r\u00e9solution 2 de l&#8217;Assembl\u00e9e g\u00e9n\u00e9rale visant \u00e0 int\u00e9grer l&#8217;Asie dans la communaut\u00e9 de l&#8217;ICOM.<\/p>\n<p>C&#8217;est un partenariat cr\u00e9\u00e9 pour encourager les mus\u00e9es du monde entier \u00e0 s&#8217;engager dans un dialogue culturel plus diversifi\u00e9, inclusif et d\u00e9mocratique et dans une collaboration entre l&#8217;ICOM et la communaut\u00e9 mus\u00e9ale mondiale.<\/p>\n<p>L&#8217;ICOM-IMREC offre \u00e9galement des possibilit\u00e9s de recherche et d&#8217;\u00e9change de connaissances aux membres de l&#8217;ICOM du monde entier, en particulier aux jeunes responsables de mus\u00e9es des pays \u00e9mergents. L&#8217;objectif de l&#8217;ICOM-IMREC est, en accord avec les missions de l&#8217;ICOM, de :<\/p>\n<ul>\n<li>stimuler un groupe de r\u00e9flexion mondial et un r\u00e9seau international ;<\/li>\n<li>aborder les questions th\u00e9oriques et pratiques essentielles auxquelles la communaut\u00e9 internationale des mus\u00e9es est confront\u00e9e ;<\/li>\n<li>promouvoir des collaborations trans-g\u00e9ographiques et interdisciplinaires pour la recherche scientifique sur les questions actuelles et \u00e9mergentes commun\u00e9ment partag\u00e9es par la communaut\u00e9 des mus\u00e9es ;<\/li>\n<li>publier des analyses de donn\u00e9es et des rapports de recherche.<\/li>\n<\/ul>\n<div class=\"separator\"><\/div>\n<p><u>SEMINAIRE : Mus\u00e9es, d\u00e9colonisation et restitution : Une conversation globale<\/u><\/p>\n<p>Les 20<sup>th<\/sup> et 21<sup>st<\/sup> mars 2023, l&#8217;ICOM-IMREC organisera un s\u00e9minaire hybride sur le th\u00e8me &#8220;Mus\u00e9es, d\u00e9colonisation et restitution : Une conversation globale&#8221;.<\/p>\n<p>Le s\u00e9minaire sera organis\u00e9 par l&#8217;universit\u00e9 de Shanghai et sera accessible \u00e0 tous via une plateforme de diffusion en continu.<\/p>\n<p>Le premier jour se concentrera sur le concept de d\u00e9colonisation, en abordant le paradigme du mus\u00e9e et son processus de d\u00e9colonisation, en explorant les diff\u00e9rentes mani\u00e8res dont le mus\u00e9e peut \u00eatre r\u00e9imagin\u00e9 et dans quelle mesure. Les processus de d\u00e9colonisation dans le contexte de l&#8217;infrastructure intellectuelle des mus\u00e9es et de la pratique mus\u00e9ale \u00e0 travers la langue, les collections, la main-d&#8217;\u0153uvre seront analys\u00e9s. La session se terminera par la pr\u00e9sentation du titre de travail &#8220;D\u00e9colonisation : histoires difficiles et identit\u00e9 nationale&#8221;.<\/p>\n<p>La deuxi\u00e8me journ\u00e9e sera consacr\u00e9e \u00e0 la question de la restitution et \u00e0 ses diff\u00e9rents impacts sur les communaut\u00e9s. La l\u00e9gislation, la politique et l&#8217;innovation en mati\u00e8re de restitution seront discut\u00e9es et, pour clore la session, des \u00e9tudes de cas de restitution seront pr\u00e9sent\u00e9es par diff\u00e9rents orateurs.<\/p>\n<p><a href=\"https:\/\/icom.museum\/fr\/news\/seminaire-dicom-imrec-musees-decolonisation-et-restitution\/\">Vous trouverez ici<\/a> plus d&#8217;informations sur le programme et le lien vers le streaming en ligne.<\/p>\n<div class=\"separator\">\n<p><strong>Appel \u00e0 la recherche cibl\u00e9e sur le financement public des mus\u00e9es<\/strong><\/p>\n<\/div>\n<p>En d\u00e9but d&#8217;ann\u00e9e, le Conseil acad\u00e9mique et de programmation de l&#8217;ICOM-IMREC a s\u00e9lectionn\u00e9 la proposition gagnante pour l&#8217;Appel \u00e0 la recherche cibl\u00e9e sur le financement public des mus\u00e9es. L&#8217;Alliance internationale de recherche sur le financement public des mus\u00e9es (IRAPFM), dirig\u00e9e par l&#8217;Universit\u00e9 du Qu\u00e9bec \u00e0 Montr\u00e9al (UQAM), a \u00e9t\u00e9 le candidat retenu. L&#8217;UQAM (Pr. Yves Bergeron, Pr. Lisa Baillargeon et Me Mich\u00e8le Rivet,C.M.) est rejointe par le Mus\u00e9e national des beaux-arts du Qu\u00e9bec \u00e0 Qu\u00e9bec, Canada (Me Marc Lajoie), Te Herenga Waka Victoria University of Wellington en Nouvelle-Z\u00e9lande (Pr. Conal McCarthy), l&#8217;Universitat de Barcelona en Espagne (Pr. Xavier Roig\u00e8) et l&#8217;Universidade Federal Do Est Ado do Rio de Janeiro, Br\u00e9sil (Dra Luciana M. de Carvalho). D&#8217;autres chercheurs de l&#8217;Inde (Pr. Ambika Patel) et de l&#8217;Afrique du Sud (Mme Catherine Snel) seront \u00e9galement impliqu\u00e9s.<\/p>\n<p>Le projet IRAPFM comprend une enqu\u00eate statistique et une enqu\u00eate qualitative. Tout d&#8217;abord, une enqu\u00eate statistique sera envoy\u00e9e \u00e0 tous les comit\u00e9s nationaux de l&#8217;ICOM et aux minist\u00e8res de tutelle des mus\u00e9es correspondants dans les semaines \u00e0 venir. Nous invitons tous les comit\u00e9s nationaux de l&#8217;ICOM \u00e0 remplir cette importante enqu\u00eate d\u00e8s r\u00e9ception.<\/p>\n<p>Deuxi\u00e8mement, une enqu\u00eate qualitative sera men\u00e9e aupr\u00e8s de divers mus\u00e9es \u00e0 travers le monde, s\u00e9lectionn\u00e9s par l&#8217;IRAPFM comme \u00e9tant repr\u00e9sentatifs de leur zone g\u00e9ographique respective. Cette enqu\u00eate vise \u00e0 mettre en \u00e9vidence les pratiques de financement adaptatives, exemplaires ou innovantes.<br \/>\nLes deux enqu\u00eates permettront de mieux identifier et comprendre les variations du financement public des mus\u00e9es et leurs effets dans le monde. Elles permettront \u00e9galement de d\u00e9velopper des strat\u00e9gies et des recommandations pour les mus\u00e9es, y compris de nouveaux mod\u00e8les \u00e9conomiques.<\/p>\n<p>Le projet se d\u00e9roulera du 1er juillet 2023 au 30 juin 2024 et le rapport final est attendu pour le 1er septembre 2024. Les r\u00e9sultats seront ensuite diffus\u00e9s via une s\u00e9rie de webinaires et une publication.<\/p>\n<p>Pour plus d&#8217;informations sur le projet IRAPFM, vous pouvez contacter Heidi Weber, coordinatrice du projet, \u00e0 l&#8217;adresse suivante : museums.funding@gmail.com.<\/p>\n<p><span class=\"link_red\"><a href=\"https:\/\/icom.museum\/wp-content\/uploads\/2023\/08\/IRAPFM-Press-Release.pdf\">T\u00e9l\u00e9charger le communiqu\u00e9 de presse<\/a><\/span><\/p>\n<p><span class=\"link_blue\"><a href=\"https:\/\/icom.museum\/wp-content\/uploads\/2023\/08\/2023.07.26-ICOM-IMREC-Research-brief.pdf\">T\u00e9l\u00e9charger la note de recherche<\/a><\/span><\/p>\n","protected":false},"excerpt":{"rendered":"<p>Le Centre international de recherche et d&#8217;\u00e9change sur les mus\u00e9es de l&#8217;ICOM (ICOM-IMREC) est une plateforme internationale de recherche et d&#8217;\u00e9change concernant le domaine des mus\u00e9es et ses secteurs connexes. L&#8217;id\u00e9e est n\u00e9e apr\u00e8s la Conf\u00e9rence g\u00e9n\u00e9rale de l\u2019ICOM, Kyoto 2019, entre l&#8217;ICOM et l&#8217;Universit\u00e9 de Shanghai en Chine, pour mettre en \u0153uvre la r\u00e9solution [&hellip;]<\/p>\n","protected":false},"author":4,"featured_media":0,"parent":7224,"menu_order":7,"comment_status":"closed","ping_status":"closed","template":"","meta":{"inline_featured_image":false,"footnotes":""},"class_list":["post-46133","page","type-page","status-publish","hentry"],"acf":[],"yoast_head":"<!-- This site is optimized with the Yoast SEO plugin v23.7 - https:\/\/yoast.com\/wordpress\/plugins\/seo\/ -->\n<title>ICOM-IMREC - International Council of Museums<\/title>\n<meta name=\"robots\" content=\"index, follow, max-snippet:-1, max-image-preview:large, max-video-preview:-1\" \/>\n<link rel=\"canonical\" href=\"https:\/\/icom.museum\/fr\/recherche-et-developpement\/icom-imrec\/\" \/>\n<meta property=\"og:locale\" content=\"fr_FR\" \/>\n<meta property=\"og:type\" content=\"article\" \/>\n<meta property=\"og:title\" content=\"ICOM-IMREC - International Council of Museums\" \/>\n<meta property=\"og:description\" content=\"Le Centre international de recherche et d&#8217;\u00e9change sur les mus\u00e9es de l&#8217;ICOM (ICOM-IMREC) est une plateforme internationale de recherche et d&#8217;\u00e9change concernant le domaine des mus\u00e9es et ses secteurs connexes. L&#8217;id\u00e9e est n\u00e9e apr\u00e8s la Conf\u00e9rence g\u00e9n\u00e9rale de l\u2019ICOM, Kyoto 2019, entre l&#8217;ICOM et l&#8217;Universit\u00e9 de Shanghai en Chine, pour mettre en \u0153uvre la r\u00e9solution [&hellip;]\" \/>\n<meta property=\"og:url\" content=\"https:\/\/icom.museum\/fr\/recherche-et-developpement\/icom-imrec\/\" \/>\n<meta property=\"og:site_name\" content=\"International Council of Museums\" \/>\n<meta property=\"article:modified_time\" content=\"2023-08-01T13:12:59+00:00\" \/>\n<meta property=\"og:image\" content=\"https:\/\/icom.museum\/wp-content\/uploads\/2021\/10\/ICOM-IMREC.png\" \/>\n<meta name=\"twitter:card\" content=\"summary_large_image\" \/>\n<meta name=\"twitter:label1\" content=\"Dur\u00e9e de lecture estim\u00e9e\" \/>\n\t<meta name=\"twitter:data1\" content=\"4 minutes\" \/>\n<script type=\"application\/ld+json\" class=\"yoast-schema-graph\">{\"@context\":\"https:\/\/schema.org\",\"@graph\":[{\"@type\":\"WebPage\",\"@id\":\"https:\/\/icom.museum\/fr\/recherche-et-developpement\/icom-imrec\/\",\"url\":\"https:\/\/icom.museum\/fr\/recherche-et-developpement\/icom-imrec\/\",\"name\":\"ICOM-IMREC - International Council of Museums\",\"isPartOf\":{\"@id\":\"https:\/\/icom.museum\/en\/#website\"},\"datePublished\":\"2021-10-11T08:57:08+00:00\",\"dateModified\":\"2023-08-01T13:12:59+00:00\",\"breadcrumb\":{\"@id\":\"https:\/\/icom.museum\/fr\/recherche-et-developpement\/icom-imrec\/#breadcrumb\"},\"inLanguage\":\"fr-FR\",\"potentialAction\":[{\"@type\":\"ReadAction\",\"target\":[\"https:\/\/icom.museum\/fr\/recherche-et-developpement\/icom-imrec\/\"]}]},{\"@type\":\"BreadcrumbList\",\"@id\":\"https:\/\/icom.museum\/fr\/recherche-et-developpement\/icom-imrec\/#breadcrumb\",\"itemListElement\":[{\"@type\":\"ListItem\",\"position\":1,\"name\":\"Home\",\"item\":\"https:\/\/icom.museum\/fr\/\"},{\"@type\":\"ListItem\",\"position\":2,\"name\":\"Recherche\",\"item\":\"https:\/\/icom.museum\/fr\/nos-actions\/recherche-et-developpement\/\"},{\"@type\":\"ListItem\",\"position\":3,\"name\":\"ICOM-IMREC\"}]},{\"@type\":\"WebSite\",\"@id\":\"https:\/\/icom.museum\/en\/#website\",\"url\":\"https:\/\/icom.museum\/en\/\",\"name\":\"International Council of Museums\",\"description\":\"A global organisation of museums &amp; museum professionals committed to the promotion and protection of cultural heritage\",\"publisher\":{\"@id\":\"https:\/\/icom.museum\/en\/#organization\"},\"potentialAction\":[{\"@type\":\"SearchAction\",\"target\":{\"@type\":\"EntryPoint\",\"urlTemplate\":\"https:\/\/icom.museum\/en\/?s={search_term_string}\"},\"query-input\":{\"@type\":\"PropertyValueSpecification\",\"valueRequired\":true,\"valueName\":\"search_term_string\"}}],\"inLanguage\":\"fr-FR\"},{\"@type\":\"Organization\",\"@id\":\"https:\/\/icom.museum\/en\/#organization\",\"name\":\"International Council of Museums\",\"url\":\"https:\/\/icom.museum\/en\/\",\"logo\":{\"@type\":\"ImageObject\",\"inLanguage\":\"fr-FR\",\"@id\":\"https:\/\/icom.museum\/en\/#\/schema\/logo\/image\/\",\"url\":\"https:\/\/icom.museum\/wp-content\/uploads\/2018\/07\/ICOM_M_.jpg\",\"contentUrl\":\"https:\/\/icom.museum\/wp-content\/uploads\/2018\/07\/ICOM_M_.jpg\",\"width\":1721,\"height\":1721,\"caption\":\"International Council of Museums\"},\"image\":{\"@id\":\"https:\/\/icom.museum\/en\/#\/schema\/logo\/image\/\"}}]}<\/script>\n<!-- \/ Yoast SEO plugin. -->","yoast_head_json":{"title":"ICOM-IMREC - International Council of Museums","robots":{"index":"index","follow":"follow","max-snippet":"max-snippet:-1","max-image-preview":"max-image-preview:large","max-video-preview":"max-video-preview:-1"},"canonical":"https:\/\/icom.museum\/fr\/recherche-et-developpement\/icom-imrec\/","og_locale":"fr_FR","og_type":"article","og_title":"ICOM-IMREC - International Council of Museums","og_description":"Le Centre international de recherche et d&#8217;\u00e9change sur les mus\u00e9es de l&#8217;ICOM (ICOM-IMREC) est une plateforme internationale de recherche et d&#8217;\u00e9change concernant le domaine des mus\u00e9es et ses secteurs connexes. L&#8217;id\u00e9e est n\u00e9e apr\u00e8s la Conf\u00e9rence g\u00e9n\u00e9rale de l\u2019ICOM, Kyoto 2019, entre l&#8217;ICOM et l&#8217;Universit\u00e9 de Shanghai en Chine, pour mettre en \u0153uvre la r\u00e9solution [&hellip;]","og_url":"https:\/\/icom.museum\/fr\/recherche-et-developpement\/icom-imrec\/","og_site_name":"International Council of Museums","article_modified_time":"2023-08-01T13:12:59+00:00","og_image":[{"url":"https:\/\/icom.museum\/wp-content\/uploads\/2021\/10\/ICOM-IMREC.png"}],"twitter_card":"summary_large_image","twitter_misc":{"Dur\u00e9e de lecture estim\u00e9e":"4 minutes"},"schema":{"@context":"https:\/\/schema.org","@graph":[{"@type":"WebPage","@id":"https:\/\/icom.museum\/fr\/recherche-et-developpement\/icom-imrec\/","url":"https:\/\/icom.museum\/fr\/recherche-et-developpement\/icom-imrec\/","name":"ICOM-IMREC - International Council of Museums","isPartOf":{"@id":"https:\/\/icom.museum\/en\/#website"},"datePublished":"2021-10-11T08:57:08+00:00","dateModified":"2023-08-01T13:12:59+00:00","breadcrumb":{"@id":"https:\/\/icom.museum\/fr\/recherche-et-developpement\/icom-imrec\/#breadcrumb"},"inLanguage":"fr-FR","potentialAction":[{"@type":"ReadAction","target":["https:\/\/icom.museum\/fr\/recherche-et-developpement\/icom-imrec\/"]}]},{"@type":"BreadcrumbList","@id":"https:\/\/icom.museum\/fr\/recherche-et-developpement\/icom-imrec\/#breadcrumb","itemListElement":[{"@type":"ListItem","position":1,"name":"Home","item":"https:\/\/icom.museum\/fr\/"},{"@type":"ListItem","position":2,"name":"Recherche","item":"https:\/\/icom.museum\/fr\/nos-actions\/recherche-et-developpement\/"},{"@type":"ListItem","position":3,"name":"ICOM-IMREC"}]},{"@type":"WebSite","@id":"https:\/\/icom.museum\/en\/#website","url":"https:\/\/icom.museum\/en\/","name":"International Council of Museums","description":"A global organisation of museums &amp; museum professionals committed to the promotion and protection of cultural heritage","publisher":{"@id":"https:\/\/icom.museum\/en\/#organization"},"potentialAction":[{"@type":"SearchAction","target":{"@type":"EntryPoint","urlTemplate":"https:\/\/icom.museum\/en\/?s={search_term_string}"},"query-input":{"@type":"PropertyValueSpecification","valueRequired":true,"valueName":"search_term_string"}}],"inLanguage":"fr-FR"},{"@type":"Organization","@id":"https:\/\/icom.museum\/en\/#organization","name":"International Council of Museums","url":"https:\/\/icom.museum\/en\/","logo":{"@type":"ImageObject","inLanguage":"fr-FR","@id":"https:\/\/icom.museum\/en\/#\/schema\/logo\/image\/","url":"https:\/\/icom.museum\/wp-content\/uploads\/2018\/07\/ICOM_M_.jpg","contentUrl":"https:\/\/icom.museum\/wp-content\/uploads\/2018\/07\/ICOM_M_.jpg","width":1721,"height":1721,"caption":"International Council of Museums"},"image":{"@id":"https:\/\/icom.museum\/en\/#\/schema\/logo\/image\/"}}]}},"_links":{"self":[{"href":"https:\/\/icom.museum\/fr\/wp-json\/wp\/v2\/pages\/46133"}],"collection":[{"href":"https:\/\/icom.museum\/fr\/wp-json\/wp\/v2\/pages"}],"about":[{"href":"https:\/\/icom.museum\/fr\/wp-json\/wp\/v2\/types\/page"}],"author":[{"embeddable":true,"href":"https:\/\/icom.museum\/fr\/wp-json\/wp\/v2\/users\/4"}],"replies":[{"embeddable":true,"href":"https:\/\/icom.museum\/fr\/wp-json\/wp\/v2\/comments?post=46133"}],"version-history":[{"count":9,"href":"https:\/\/icom.museum\/fr\/wp-json\/wp\/v2\/pages\/46133\/revisions"}],"predecessor-version":[{"id":54300,"href":"https:\/\/icom.museum\/fr\/wp-json\/wp\/v2\/pages\/46133\/revisions\/54300"}],"up":[{"embeddable":true,"href":"https:\/\/icom.museum\/fr\/wp-json\/wp\/v2\/pages\/7224"}],"wp:attachment":[{"href":"https:\/\/icom.museum\/fr\/wp-json\/wp\/v2\/media?parent=46133"}],"curies":[{"name":"wp","href":"https:\/\/api.w.org\/{rel}","templated":true}]}}