{"id":46822,"date":"2021-12-17T13:26:30","date_gmt":"2021-12-17T11:26:30","guid":{"rendered":"https:\/\/icom.museum\/?page_id=46822"},"modified":"2022-07-27T17:37:37","modified_gmt":"2022-07-27T15:37:37","slug":"bibliotheque-en-ligne","status":"publish","type":"page","link":"https:\/\/icom.museum\/fr\/ressources\/bibliotheque-en-ligne\/","title":{"rendered":"Biblioth\u00e8que en ligne"},"content":{"rendered":"<h2 class=\"headline\"><strong>La Biblioth\u00e8que en ligne vous donne acc\u00e8s \u00e0 toutes les ressources <\/strong><strong>du Centre de Documentation de l\u2019ICOM<\/strong><\/h2>\n<p>Fruit du travail de plusieurs g\u00e9n\u00e9rations de documentalistes depuis 1948, mais longtemps r\u00e9serv\u00e9e \u00e0 elles seules, la base de donn\u00e9es Biblioth\u00e8que est d\u00e9sormais directement consultable par tous, dans son int\u00e9gralit\u00e9, dans les trois langues officielles de l\u2019ICOM. On y trouve en premier lieu toutes les publications de l\u2019ICOM et de son r\u00e9seau de comit\u00e9s internationaux, comit\u00e9s nationaux, alliances r\u00e9gionales et organismes associ\u00e9s depuis leur cr\u00e9ation, mais aussi de tr\u00e8s nombreuses r\u00e9f\u00e9rences d\u2019ouvrages, revues, articles, guides et manuels, r\u00e9pertoires, actes de conf\u00e9rences, \u00e9tudes et rapports, dans les domaines qui int\u00e9ressent l\u2019ICOM comme la protection du patrimoine en danger, la lutte contre le trafic illicite de biens culturels, le r\u00f4le social des mus\u00e9es, l\u2019\u00e9ducation ou la d\u00e9ontologie<\/p>\n<p><span class=\"link_red\"><a href=\"http:\/\/icom.jlbinfo.info\/bibliotheque\">Base de donn\u00e9es Biblioth\u00e8que<\/a><\/span><\/p>\n<div class=\"separator\">\n<p><strong>Quelques conseils pour la recherche<\/strong><\/p>\n<\/div>\n<p><strong>La langue du portail<\/strong> est celle que vous avez choisie pour votre navigateur si vous \u00eates anglophone, francophone ou hispanophone, et l\u2019anglais par d\u00e9faut pour les autres. Vous ne trouverez pas de bouton pour naviguer d\u2019une langue \u00e0 l\u2019autre, mais il est possible de modifier ce crit\u00e8re en passant par les param\u00e8tres du navigateur.<\/p>\n<p><strong>Deux types de recherche<\/strong> sont possibles\u00a0:<\/p>\n<p><u>La recherche libre<\/u>\u00a0: chaque page du portail propose dans sa partie sup\u00e9rieure une ligne permettant d\u2019interroger tous les champs de la base \u00e0 la fois avec vos propres mots. Dans le cas o\u00f9 l\u2019interrogation porte sur plusieurs mots \u00e0 la fois, ce sont les notices comportant tous les mots demand\u00e9s qui sortiront (op\u00e9rateur bool\u00e9en ET).<\/p>\n<p><u>La recherche avanc\u00e9e<\/u>\u00a0: plus pr\u00e9cise, elle offre un grand choix de crit\u00e8res\u00a0que l\u2019on peut croiser entre eux : Titres, auteurs, mots-cl\u00e9s, ann\u00e9e d\u2019\u00e9dition, type et nature de document, langue du texte ou du r\u00e9sum\u00e9\u2026<\/p>\n<p>Plusieurs <strong>outils<\/strong> sont \u00e0 disposition pour optimiser la recherche et en conserver les r\u00e9sultats<\/p>\n<p><strong>Lexiques<\/strong> : chacun des champs de la recherche avanc\u00e9e est dot\u00e9 d\u2019une ic\u00f4ne permettant d\u2019acc\u00e9der au lexique correspondant Si l\u2019on choisit de saisir directement un mot au choix, en recherche libre ou sans utiliser le lexique propos\u00e9 dans les lignes des champs de la recherche avanc\u00e9e, il est possible d\u2019utiliser la troncature * au d\u00e9but et\/ou \u00e0 la fin de ce mot pour \u00e9largir la recherche. Ex\u00a0: en zone de titre, le mot \u00ab\u00a0concept\u00a0\u00bb donne 53 r\u00e9sultats. Le mot concept* donne 137 r\u00e9sultats, car il inclut concepts, conception, concepteur\u2026<\/p>\n<p><strong>Panier\u00a0<\/strong>: Chaque notice peut \u00eatre enregistr\u00e9e dans un panier pour constituer une bibliographie s\u00e9lective \u00e0 partir des r\u00e9sultats obtenus.<\/p>\n<p><strong>Tri<\/strong>\u00a0: La liste des r\u00e9sultats peut \u00eatre tri\u00e9e au choix par<br \/>\n&#8211; date de saisie de la notice dans la base (de la plus r\u00e9cente \u00e0 la plus ancienne)<br \/>\n&#8211; date de publication du document (du plus r\u00e9cent au plus ancien)<br \/>\n&#8211; Auteur collectif (organisme, institution ou mus\u00e9e auteur du texte)<br \/>\n&#8211; Type de document (livre ou monographie, chapitre de livre, p\u00e9riodique, article de p\u00e9riodique, document, site internet)<\/p>\n<p><strong>Filtrage<\/strong>\u00a0: Pour affiner les r\u00e9sultats d\u2019une recherche, un filtrage \u2013 r\u00e9versible &#8211; peut \u00eatre appliqu\u00e9 pour en r\u00e9duire la liste, selon 5 crit\u00e8res au choix\u00a0:<br \/>\n&#8211; par mot-cl\u00e9s<br \/>\n&#8211; par pays ou zone g\u00e9ographique<br \/>\n&#8211; par type de document<br \/>\n&#8211; par nature de document\u00a0:<br \/>\n&#8211; par localisation du document\u00a0: document source consultable \u00e0 l\u2019ICOM, version num\u00e9rique disponible en ligne, d\u00e9p\u00f4t \u00e0 la DMF ou \u00e0 l\u2019ENSBA<\/p>\n<p><strong>\u2206 Attention<\/strong>\u00a0! Dans les cas o\u00f9 une recherche \u00e0 la port\u00e9e un peu trop large produit un nombre de r\u00e9sultats sup\u00e9rieur \u00e0 1000 r\u00e9f\u00e9rences, la page affichera \u00ab\u00a01000 r\u00e9sultats pour votre s\u00e9lection\u00a0\u00bb quel que soit le nombre r\u00e9el de notices r\u00e9pondant aux crit\u00e8res de recherche. Une recherche plus pr\u00e9cise, par croisement d\u2019au moins 2 crit\u00e8res par exemple, est alors recommand\u00e9e.<\/p>\n<p><span class=\"link_blue\"><a href=\"mailto:agnes.roche@icom.museum\"><strong>Contacter la documentaliste<\/strong><\/a><\/span><\/p>\n<div class=\"separator\">\n<p><strong>Petite histoire de la biblioth\u00e8que EN LIGNE de l\u2019ICOM<\/strong><\/p>\n<\/div>\n<p><strong>1948\u00a0<\/strong>: Yvonne Oddon cr\u00e9e le Centre de documentation mus\u00e9ologique UNESCO-ICOM<\/p>\n<p><strong>1981\u00a0<\/strong>: La premi\u00e8re base donn\u00e9es bibliographique informatis\u00e9e de l\u2019ICOM voit le jour. Partag\u00e9e avec l\u2019ICOMOS jusqu\u2019en 1999, elle est h\u00e9berg\u00e9e par l\u2019UNESCO. En 1989, les 27400 fiches cartonn\u00e9es qui constituaient le catalogue bibliographique manuel ant\u00e9rieur sont converties en notices \u00e9lectroniques et int\u00e9gr\u00e9es dans la base.<\/p>\n<p><strong>1994-1995<\/strong>\u00a0: L\u2019ICOM confie en d\u00e9p\u00f4t une grande partie de sa collection de livres et revues de mus\u00e9ologie et sa collection de catalogues de mus\u00e9es et d\u2019expositions \u00e0 la Direction des Mus\u00e9es de France et \u00e0 l\u2019\u00c9cole nationale sup\u00e9rieure des Beaux-Arts de Paris.<br \/>\nDans l\u2019actuelle Biblioth\u00e8que en ligne, les notices des documents concern\u00e9s portent la mention Localisation : DMF (D\u00e9p\u00f4t ICOM) ou Localisation : ENSBA \u2013 D\u00e9p\u00f4t ICOM. Les documents confi\u00e9s \u00e0 la DMF sont \u00e9galement r\u00e9f\u00e9renc\u00e9s dans la base de donn\u00e9es Capadoce, consultable via le <a href=\"http:\/\/www.culture.fr\/Ressources\/Moteur-Collections\">Moteur Collections des Mus\u00e9es de France<\/a><\/p>\n<p><strong>2010\u00a0<\/strong>: la refonte du site internet de l\u2019ICOM est l\u2019occasion de la cr\u00e9ation, sous la rubrique Ressources, d\u2019une <em>Base de donn\u00e9es des publications<\/em> qui permet de consulter les notices bibliographiques d\u2019une s\u00e9lection d\u2019ouvrages, revues, articles et documents divers publi\u00e9s par l\u2019ICOM et son r\u00e9seau. Les deux bases ne sont pas interconnect\u00e9es.<\/p>\n<p><strong>2021<\/strong> : Une nouvelle plateforme documentaire est cr\u00e9\u00e9e pour permettre l\u2019acc\u00e8s en ligne \u00e0 l\u2019ensemble des ressources documentaires de l\u2019ICOM : les publications de l\u2019ICOM et de son r\u00e9seau, les collections de la biblioth\u00e8que, les fonds d\u2019archives. Les bases \u00ab Archives \u00bb et \u00ab Images \u00bb, d\u00e9di\u00e9es aux archives \u00e9crites et multimedia (photographies, affiches et vid\u00e9os) sont r\u00e9serv\u00e9es aux adh\u00e9rents et consultables via l\u2019espace membre.<\/p>\n<div class=\"separator\"><\/div>\n<p>&nbsp;<\/p>\n","protected":false},"excerpt":{"rendered":"<p>La Biblioth\u00e8que en ligne vous donne acc\u00e8s \u00e0 toutes les ressources du Centre de Documentation de l\u2019ICOM Fruit du travail de plusieurs g\u00e9n\u00e9rations de documentalistes depuis 1948, mais longtemps r\u00e9serv\u00e9e \u00e0 elles seules, la base de donn\u00e9es Biblioth\u00e8que est d\u00e9sormais directement consultable par tous, dans son int\u00e9gralit\u00e9, dans les trois langues officielles de l\u2019ICOM. On [&hellip;]<\/p>\n","protected":false},"author":4,"featured_media":0,"parent":9723,"menu_order":3,"comment_status":"closed","ping_status":"closed","template":"","meta":{"inline_featured_image":false,"footnotes":""},"class_list":["post-46822","page","type-page","status-publish","hentry"],"acf":[],"yoast_head":"<!-- This site is optimized with the Yoast SEO plugin v23.7 - https:\/\/yoast.com\/wordpress\/plugins\/seo\/ -->\n<title>Biblioth\u00e8que en ligne - International Council of Museums<\/title>\n<meta name=\"robots\" content=\"index, follow, max-snippet:-1, max-image-preview:large, max-video-preview:-1\" \/>\n<link rel=\"canonical\" href=\"https:\/\/icom.museum\/fr\/ressources\/bibliotheque-en-ligne\/\" \/>\n<meta property=\"og:locale\" content=\"fr_FR\" \/>\n<meta property=\"og:type\" content=\"article\" \/>\n<meta property=\"og:title\" content=\"Biblioth\u00e8que en ligne - International Council of Museums\" \/>\n<meta property=\"og:description\" content=\"La Biblioth\u00e8que en ligne vous donne acc\u00e8s \u00e0 toutes les ressources du Centre de Documentation de l\u2019ICOM Fruit du travail de plusieurs g\u00e9n\u00e9rations de documentalistes depuis 1948, mais longtemps r\u00e9serv\u00e9e \u00e0 elles seules, la base de donn\u00e9es Biblioth\u00e8que est d\u00e9sormais directement consultable par tous, dans son int\u00e9gralit\u00e9, dans les trois langues officielles de l\u2019ICOM. On [&hellip;]\" \/>\n<meta property=\"og:url\" content=\"https:\/\/icom.museum\/fr\/ressources\/bibliotheque-en-ligne\/\" \/>\n<meta property=\"og:site_name\" content=\"International Council of Museums\" \/>\n<meta property=\"article:modified_time\" content=\"2022-07-27T15:37:37+00:00\" \/>\n<meta property=\"og:image\" content=\"https:\/\/icom.museum\/wp-content\/uploads\/2018\/07\/icon_resources_ICOM-documents-2.png\" \/>\n<meta name=\"twitter:card\" content=\"summary_large_image\" \/>\n<meta name=\"twitter:label1\" content=\"Dur\u00e9e de lecture estim\u00e9e\" \/>\n\t<meta name=\"twitter:data1\" content=\"4 minutes\" \/>\n<script type=\"application\/ld+json\" class=\"yoast-schema-graph\">{\"@context\":\"https:\/\/schema.org\",\"@graph\":[{\"@type\":\"WebPage\",\"@id\":\"https:\/\/icom.museum\/fr\/ressources\/bibliotheque-en-ligne\/\",\"url\":\"https:\/\/icom.museum\/fr\/ressources\/bibliotheque-en-ligne\/\",\"name\":\"Biblioth\u00e8que en ligne - International Council of Museums\",\"isPartOf\":{\"@id\":\"https:\/\/icom.museum\/en\/#website\"},\"datePublished\":\"2021-12-17T11:26:30+00:00\",\"dateModified\":\"2022-07-27T15:37:37+00:00\",\"breadcrumb\":{\"@id\":\"https:\/\/icom.museum\/fr\/ressources\/bibliotheque-en-ligne\/#breadcrumb\"},\"inLanguage\":\"fr-FR\",\"potentialAction\":[{\"@type\":\"ReadAction\",\"target\":[\"https:\/\/icom.museum\/fr\/ressources\/bibliotheque-en-ligne\/\"]}]},{\"@type\":\"BreadcrumbList\",\"@id\":\"https:\/\/icom.museum\/fr\/ressources\/bibliotheque-en-ligne\/#breadcrumb\",\"itemListElement\":[{\"@type\":\"ListItem\",\"position\":1,\"name\":\"Home\",\"item\":\"https:\/\/icom.museum\/fr\/\"},{\"@type\":\"ListItem\",\"position\":2,\"name\":\"Ressources\",\"item\":\"https:\/\/icom.museum\/fr\/ressources\/\"},{\"@type\":\"ListItem\",\"position\":3,\"name\":\"Biblioth\u00e8que en ligne\"}]},{\"@type\":\"WebSite\",\"@id\":\"https:\/\/icom.museum\/en\/#website\",\"url\":\"https:\/\/icom.museum\/en\/\",\"name\":\"International Council of Museums\",\"description\":\"A global organisation of museums &amp; museum professionals committed to the promotion and protection of cultural heritage\",\"publisher\":{\"@id\":\"https:\/\/icom.museum\/en\/#organization\"},\"potentialAction\":[{\"@type\":\"SearchAction\",\"target\":{\"@type\":\"EntryPoint\",\"urlTemplate\":\"https:\/\/icom.museum\/en\/?s={search_term_string}\"},\"query-input\":{\"@type\":\"PropertyValueSpecification\",\"valueRequired\":true,\"valueName\":\"search_term_string\"}}],\"inLanguage\":\"fr-FR\"},{\"@type\":\"Organization\",\"@id\":\"https:\/\/icom.museum\/en\/#organization\",\"name\":\"International Council of Museums\",\"url\":\"https:\/\/icom.museum\/en\/\",\"logo\":{\"@type\":\"ImageObject\",\"inLanguage\":\"fr-FR\",\"@id\":\"https:\/\/icom.museum\/en\/#\/schema\/logo\/image\/\",\"url\":\"https:\/\/icom.museum\/wp-content\/uploads\/2018\/07\/ICOM_M_.jpg\",\"contentUrl\":\"https:\/\/icom.museum\/wp-content\/uploads\/2018\/07\/ICOM_M_.jpg\",\"width\":1721,\"height\":1721,\"caption\":\"International Council of Museums\"},\"image\":{\"@id\":\"https:\/\/icom.museum\/en\/#\/schema\/logo\/image\/\"}}]}<\/script>\n<!-- \/ Yoast SEO plugin. -->","yoast_head_json":{"title":"Biblioth\u00e8que en ligne - International Council of Museums","robots":{"index":"index","follow":"follow","max-snippet":"max-snippet:-1","max-image-preview":"max-image-preview:large","max-video-preview":"max-video-preview:-1"},"canonical":"https:\/\/icom.museum\/fr\/ressources\/bibliotheque-en-ligne\/","og_locale":"fr_FR","og_type":"article","og_title":"Biblioth\u00e8que en ligne - International Council of Museums","og_description":"La Biblioth\u00e8que en ligne vous donne acc\u00e8s \u00e0 toutes les ressources du Centre de Documentation de l\u2019ICOM Fruit du travail de plusieurs g\u00e9n\u00e9rations de documentalistes depuis 1948, mais longtemps r\u00e9serv\u00e9e \u00e0 elles seules, la base de donn\u00e9es Biblioth\u00e8que est d\u00e9sormais directement consultable par tous, dans son int\u00e9gralit\u00e9, dans les trois langues officielles de l\u2019ICOM. On [&hellip;]","og_url":"https:\/\/icom.museum\/fr\/ressources\/bibliotheque-en-ligne\/","og_site_name":"International Council of Museums","article_modified_time":"2022-07-27T15:37:37+00:00","og_image":[{"url":"https:\/\/icom.museum\/wp-content\/uploads\/2018\/07\/icon_resources_ICOM-documents-2.png"}],"twitter_card":"summary_large_image","twitter_misc":{"Dur\u00e9e de lecture estim\u00e9e":"4 minutes"},"schema":{"@context":"https:\/\/schema.org","@graph":[{"@type":"WebPage","@id":"https:\/\/icom.museum\/fr\/ressources\/bibliotheque-en-ligne\/","url":"https:\/\/icom.museum\/fr\/ressources\/bibliotheque-en-ligne\/","name":"Biblioth\u00e8que en ligne - International Council of Museums","isPartOf":{"@id":"https:\/\/icom.museum\/en\/#website"},"datePublished":"2021-12-17T11:26:30+00:00","dateModified":"2022-07-27T15:37:37+00:00","breadcrumb":{"@id":"https:\/\/icom.museum\/fr\/ressources\/bibliotheque-en-ligne\/#breadcrumb"},"inLanguage":"fr-FR","potentialAction":[{"@type":"ReadAction","target":["https:\/\/icom.museum\/fr\/ressources\/bibliotheque-en-ligne\/"]}]},{"@type":"BreadcrumbList","@id":"https:\/\/icom.museum\/fr\/ressources\/bibliotheque-en-ligne\/#breadcrumb","itemListElement":[{"@type":"ListItem","position":1,"name":"Home","item":"https:\/\/icom.museum\/fr\/"},{"@type":"ListItem","position":2,"name":"Ressources","item":"https:\/\/icom.museum\/fr\/ressources\/"},{"@type":"ListItem","position":3,"name":"Biblioth\u00e8que en ligne"}]},{"@type":"WebSite","@id":"https:\/\/icom.museum\/en\/#website","url":"https:\/\/icom.museum\/en\/","name":"International Council of Museums","description":"A global organisation of museums &amp; museum professionals committed to the promotion and protection of cultural heritage","publisher":{"@id":"https:\/\/icom.museum\/en\/#organization"},"potentialAction":[{"@type":"SearchAction","target":{"@type":"EntryPoint","urlTemplate":"https:\/\/icom.museum\/en\/?s={search_term_string}"},"query-input":{"@type":"PropertyValueSpecification","valueRequired":true,"valueName":"search_term_string"}}],"inLanguage":"fr-FR"},{"@type":"Organization","@id":"https:\/\/icom.museum\/en\/#organization","name":"International Council of Museums","url":"https:\/\/icom.museum\/en\/","logo":{"@type":"ImageObject","inLanguage":"fr-FR","@id":"https:\/\/icom.museum\/en\/#\/schema\/logo\/image\/","url":"https:\/\/icom.museum\/wp-content\/uploads\/2018\/07\/ICOM_M_.jpg","contentUrl":"https:\/\/icom.museum\/wp-content\/uploads\/2018\/07\/ICOM_M_.jpg","width":1721,"height":1721,"caption":"International Council of Museums"},"image":{"@id":"https:\/\/icom.museum\/en\/#\/schema\/logo\/image\/"}}]}},"_links":{"self":[{"href":"https:\/\/icom.museum\/fr\/wp-json\/wp\/v2\/pages\/46822"}],"collection":[{"href":"https:\/\/icom.museum\/fr\/wp-json\/wp\/v2\/pages"}],"about":[{"href":"https:\/\/icom.museum\/fr\/wp-json\/wp\/v2\/types\/page"}],"author":[{"embeddable":true,"href":"https:\/\/icom.museum\/fr\/wp-json\/wp\/v2\/users\/4"}],"replies":[{"embeddable":true,"href":"https:\/\/icom.museum\/fr\/wp-json\/wp\/v2\/comments?post=46822"}],"version-history":[{"count":6,"href":"https:\/\/icom.museum\/fr\/wp-json\/wp\/v2\/pages\/46822\/revisions"}],"predecessor-version":[{"id":49167,"href":"https:\/\/icom.museum\/fr\/wp-json\/wp\/v2\/pages\/46822\/revisions\/49167"}],"up":[{"embeddable":true,"href":"https:\/\/icom.museum\/fr\/wp-json\/wp\/v2\/pages\/9723"}],"wp:attachment":[{"href":"https:\/\/icom.museum\/fr\/wp-json\/wp\/v2\/media?parent=46822"}],"curies":[{"name":"wp","href":"https:\/\/api.w.org\/{rel}","templated":true}]}}