{"id":49347,"date":"2022-08-09T17:12:53","date_gmt":"2022-08-09T15:12:53","guid":{"rendered":"https:\/\/icom.museum\/?page_id=49347"},"modified":"2025-11-06T17:44:59","modified_gmt":"2025-11-06T15:44:59","slug":"projets-de-solidarite-de-licom","status":"publish","type":"page","link":"https:\/\/icom.museum\/fr\/participez\/projets-de-solidarite-de-licom\/","title":{"rendered":"Projets de l&#8217;ICOM SAREC"},"content":{"rendered":"<h2 class=\"article-h1 headline\">Subventions pour projets sp\u00e9ciaux et projets de solidarit\u00e9 de l&#8217;ICOM SAREC<\/h2>\n<p>Chaque ann\u00e9e, l&#8217;ICOM \u00e9tablit des lignes directrices g\u00e9n\u00e9rales pour faciliter la candidature des participants. Les propositions doivent mettre en \u00e9vidence la pertinence des projets par rapport au plan strat\u00e9gique de l&#8217;ICOM, la clart\u00e9 de leurs objectifs, la collaboration avec d&#8217;autres entit\u00e9s, l&#8217;innovation et une approche durable.<\/p>\n<p>L&#8217;ICOM encourage tous ses Comit\u00e9s nationaux (CN), Comit\u00e9s internationaux (CI), Alliances r\u00e9gionales (AR) et Organisations affili\u00e9es (AO) \u00e0 participer \u00e0 ces appels \u00e0 projets.<\/p>\n<p><strong>APPEL A PROJETS 2026<\/strong><\/p>\n<p>Dans un effort pour promouvoir l\u2019excellence et la solidarit\u00e9, le Comit\u00e9 d\u2019examen des allocations strat\u00e9giques de l\u2019ICOM (SAREC), annonce l\u2019ouverture des appels \u00e0 projets \u00ab Subventions pour projets sp\u00e9ciaux de l\u2019ICOM 2026 \u00bb et \u00ab Solidarit\u00e9 en temps de crise 2026 \u00bb.<\/p>\n<p>Les \u00ab Subventions pour projets sp\u00e9ciaux de l\u2019ICOM 2026 \u00bb invitent les membres de notre communaut\u00e9 \u00e0 pr\u00e9senter leurs projets innovants et percutants. Les comit\u00e9s nationaux (CN), les comit\u00e9s internationaux (CI), les alliances r\u00e9gionales (AR) et les organisations affili\u00e9es (OA) de l\u2019ICOM sont invit\u00e9s \u00e0 soumettre des propositions. <strong>L\u2019ICOM est pr\u00eat \u00e0 financer jusqu\u2019\u00e0 50 % du budget total du projet, avec une subvention maximale de 15 000 euros. Pour \u00eatre \u00e9ligibles, les projets doivent obtenir une autre source de financement confirm\u00e9e et doivent \u00eatre finalis\u00e9s avant le 31 d\u00e9cembre 2026 pour les projets sur une ann\u00e9e, et avant le 31 d\u00e9cembre 2027 pour les projets sur deux ann\u00e9es.<\/strong><\/p>\n<p>En reconnaissance des d\u00e9fis croissants du monde, l\u2019ICOM pr\u00e9sente l\u2019appel \u00e0 projets \u00ab Solidarit\u00e9 en temps de crise 2026 \u00bb. Cette initiative vise \u00e0 soutenir les membres de l\u2019ICOM aux prises avec des conflits, des catastrophes naturelles et d\u2019autres crises, tant au niveau local que mondial. <strong>L\u2019ICOM s\u2019engage \u00e0 fournir jusqu\u2019\u00e0 75 % du co\u00fbt total du projet, avec un maximum de 20 000 euros, \u00e0 des projets ax\u00e9s sur les situations de crise. Ces projets doivent trouver une autre source de financement confirm\u00e9e et doivent \u00eatre finalis\u00e9s avant le 31 d\u00e9cembre 2026 pour les projets sur une ann\u00e9e, et avant le 31 d\u00e9cembre 2027 pour les projets sur deux ann\u00e9es.<\/strong><\/p>\n<p>Pour obtenir des lignes directrices d\u00e9taill\u00e9es et de plus amples informations, <strong>veuillez visiter votre espace membre de l\u2019ICOM.<\/strong><\/p>\n<p><strong>LES PROJETS SOUTENUS EN 2025<\/strong><\/p>\n<p><strong>Projets sp\u00e9ciaux<\/strong><\/p>\n<ul>\n<li>Heritage, museums, collections. A debate for enhancing professionals\u2019 skills between Africa and Europe, avec l&#8217;ICOM Europe comme comit\u00e9 directeur (15 000\u20ac)<\/li>\n<li>Revisiting Voices: Re-edition of the research on Museum Professionals and their Audiences, avec l&#8217;ICOM Br\u00e9sil comme comit\u00e9 directeur (7 000\u20ac)<\/li>\n<li>Bi-lingual Documentation and Outreach: Expanding ICOM MUSIC\u2019s LAC Impact, avec l&#8217;ICOM Music comme comit\u00e9 directeur (4 439\u20ac)<\/li>\n<li>That Everlasting Plastic! avec l&#8217;ICOM Estonie comme comit\u00e9 directeur (3 750\u20ac)<\/li>\n<li>Young people shaping the future of museology through the lens of the SDGs (Year 3), avec ICOFOM comme comit\u00e9 directeur (5 850\u20ac)<\/li>\n<li>Formulating ICOM&#8217;s Strategy and Action Plan towards Decolonization, avec l&#8217;ICOM Allemagne\u00a0comme comit\u00e9 directeur (15 000\u20ac)<\/li>\n<li>Social Museology: Declarations and Manifestos (Book project), avec SOMUS comme comit\u00e9 directeur (7 600\u20ac)<\/li>\n<li>Museum Reputation as a Leadership Tool, avec INTERCOM comme comit\u00e9 directeur (15 000\u20ac)<\/li>\n<li>1er Forum des \u00e9tudiants et jeunes Professionnels africains membres de l&#8217;ICOM, \u00ab Etudiants et jeunes Professionnels africains : Leviers pour un ICOM dynamique \u00bb, avec l&#8217;ICOM Afrique comme comit\u00e9 directeur (15 000\u20ac)<\/li>\n<li>Histoire de la m\u00e9diation mus\u00e9ale en France, avec CECA comme comit\u00e9 directeur (2 650\u20ac)<\/li>\n<li>R\u00e9seau mondial pour les mus\u00e9es du sport et la formation des professionnels des mus\u00e9es du sport, avec ICMAH comme comit\u00e9 directeur (5 980\u20ac)<\/li>\n<li>N\u00famero extraordinario del Chaski: 40 a\u00f1os de la consolidaci\u00f3n del Secretariado permanente del ICOM para Am\u00e9rica Latina y el Caribe a la Alianza Regional del ICOM para Am\u00e9rica Latina y el Caribe. 1984-2024, avec l&#8217;ICOM LAC comme comit\u00e9 directeur (2 400\u20ac)<\/li>\n<\/ul>\n<p><strong>Solidarit\u00e9 en temps de crise<\/strong><\/p>\n<ul>\n<li>Enhancing Museum Documentation: Overcoming Challenges and Building Capacity, avec l&#8217;ICOM-G\u00e9orgie\u00a0comme comit\u00e9 directeur (15 000\u20ac)<\/li>\n<li>Leveraging Ethnographic &amp; Generational Knowledge for Art Conservation in South East Asia (LegaSEA), avec l&#8217;ICOM-CC comme comit\u00e9 directeur (12 594\u20ac)<\/li>\n<li>Training on Disaster Management &#8211; Eastern Africa Region, avec l&#8217;ICOM Afrique\u00a0comme comit\u00e9 directeur (8 731\u20ac)<\/li>\n<li>Elaboration et publication d\u2019un plan sous-r\u00e9gional ouest-africain de gestion du patrimoine culturel en temps de crise, avec l&#8217;ICOM Burkina Faso comme comit\u00e9 directeur (16 450\u20ac)<\/li>\n<li>Plan regional Andino-Pac\u00edfico RE-ORG, avec l&#8217;ICOM Belgique comme comit\u00e9 directeur (20 000\u20ac)<\/li>\n<\/ul>\n<div class=\"separator\">\n<p><strong>QU&#8217;EST-CE QUE LE SAREC ?<\/strong><\/p>\n<\/div>\n<p>Le Comit\u00e9 de R\u00e9vision des Allocations Strat\u00e9giques de l&#8217;ICOM (<a href=\"https:\/\/icom.museum\/fr\/committee\/comite-dexamen-dallocation-strategique\/\">SAREC<\/a>) a pour but d&#8217;examiner les demandes de subventions soumises \u00e0 l&#8217;ICOM par ses Comit\u00e9s, ses Alliances R\u00e9gionales et ses Organisations Affili\u00e9es, dans le cadre du Plan Strat\u00e9gique de l&#8217;organisation et en fonction de leur capacit\u00e9 de mise en \u0153uvre tout en atteignant leurs objectifs avec une pleine utilisation des fonds donn\u00e9s.<\/p>\n<p>Ses missions sont d&#8217;une part de g\u00e9rer les subventions pour les Comit\u00e9s internationaux et les Alliances r\u00e9gionales et d&#8217;autre part, d\u2019\u00e9valuer les projets afin d&#8217;examiner toutes les demandes avec la vision la plus compl\u00e8te et la plus strat\u00e9gique.<\/p>\n","protected":false},"excerpt":{"rendered":"<p>Subventions pour projets sp\u00e9ciaux et projets de solidarit\u00e9 de l&#8217;ICOM SAREC Chaque ann\u00e9e, l&#8217;ICOM \u00e9tablit des lignes directrices g\u00e9n\u00e9rales pour faciliter la candidature des participants. Les propositions doivent mettre en \u00e9vidence la pertinence des projets par rapport au plan strat\u00e9gique de l&#8217;ICOM, la clart\u00e9 de leurs objectifs, la collaboration avec d&#8217;autres entit\u00e9s, l&#8217;innovation et une [&hellip;]<\/p>\n","protected":false},"author":4,"featured_media":0,"parent":6981,"menu_order":6,"comment_status":"closed","ping_status":"closed","template":"","meta":{"inline_featured_image":false,"footnotes":""},"class_list":["post-49347","page","type-page","status-publish","hentry"],"acf":[],"yoast_head":"<!-- This site is optimized with the Yoast SEO plugin v23.7 - https:\/\/yoast.com\/wordpress\/plugins\/seo\/ -->\n<title>Projets de l&#039;ICOM SAREC - International Council of Museums<\/title>\n<meta name=\"robots\" content=\"index, follow, max-snippet:-1, max-image-preview:large, max-video-preview:-1\" \/>\n<link rel=\"canonical\" href=\"https:\/\/icom.museum\/fr\/participez\/projets-de-solidarite-de-licom\/\" \/>\n<meta property=\"og:locale\" content=\"fr_FR\" \/>\n<meta property=\"og:type\" content=\"article\" \/>\n<meta property=\"og:title\" content=\"Projets de l&#039;ICOM SAREC - International Council of Museums\" \/>\n<meta property=\"og:description\" content=\"Subventions pour projets sp\u00e9ciaux et projets de solidarit\u00e9 de l&#8217;ICOM SAREC Chaque ann\u00e9e, l&#8217;ICOM \u00e9tablit des lignes directrices g\u00e9n\u00e9rales pour faciliter la candidature des participants. Les propositions doivent mettre en \u00e9vidence la pertinence des projets par rapport au plan strat\u00e9gique de l&#8217;ICOM, la clart\u00e9 de leurs objectifs, la collaboration avec d&#8217;autres entit\u00e9s, l&#8217;innovation et une [&hellip;]\" \/>\n<meta property=\"og:url\" content=\"https:\/\/icom.museum\/fr\/participez\/projets-de-solidarite-de-licom\/\" \/>\n<meta property=\"og:site_name\" content=\"International Council of Museums\" \/>\n<meta property=\"article:modified_time\" content=\"2025-11-06T15:44:59+00:00\" \/>\n<meta property=\"og:image\" content=\"https:\/\/icom.museum\/wp-content\/uploads\/2023\/10\/Website-Article-1.jpg\" \/>\n<meta name=\"twitter:card\" content=\"summary_large_image\" \/>\n<meta name=\"twitter:label1\" content=\"Dur\u00e9e de lecture estim\u00e9e\" \/>\n\t<meta name=\"twitter:data1\" content=\"4 minutes\" \/>\n<script type=\"application\/ld+json\" class=\"yoast-schema-graph\">{\"@context\":\"https:\/\/schema.org\",\"@graph\":[{\"@type\":\"WebPage\",\"@id\":\"https:\/\/icom.museum\/fr\/participez\/projets-de-solidarite-de-licom\/\",\"url\":\"https:\/\/icom.museum\/fr\/participez\/projets-de-solidarite-de-licom\/\",\"name\":\"Projets de l'ICOM SAREC - International Council of Museums\",\"isPartOf\":{\"@id\":\"https:\/\/icom.museum\/en\/#website\"},\"datePublished\":\"2022-08-09T15:12:53+00:00\",\"dateModified\":\"2025-11-06T15:44:59+00:00\",\"breadcrumb\":{\"@id\":\"https:\/\/icom.museum\/fr\/participez\/projets-de-solidarite-de-licom\/#breadcrumb\"},\"inLanguage\":\"fr-FR\",\"potentialAction\":[{\"@type\":\"ReadAction\",\"target\":[\"https:\/\/icom.museum\/fr\/participez\/projets-de-solidarite-de-licom\/\"]}]},{\"@type\":\"BreadcrumbList\",\"@id\":\"https:\/\/icom.museum\/fr\/participez\/projets-de-solidarite-de-licom\/#breadcrumb\",\"itemListElement\":[{\"@type\":\"ListItem\",\"position\":1,\"name\":\"Home\",\"item\":\"https:\/\/icom.museum\/fr\/\"},{\"@type\":\"ListItem\",\"position\":2,\"name\":\"S&#8217;engager\",\"item\":\"https:\/\/icom.museum\/fr\/participez\/\"},{\"@type\":\"ListItem\",\"position\":3,\"name\":\"Projets de l&#8217;ICOM SAREC\"}]},{\"@type\":\"WebSite\",\"@id\":\"https:\/\/icom.museum\/en\/#website\",\"url\":\"https:\/\/icom.museum\/en\/\",\"name\":\"International Council of Museums\",\"description\":\"A global organisation of museums &amp; museum professionals committed to the promotion and protection of cultural heritage\",\"publisher\":{\"@id\":\"https:\/\/icom.museum\/en\/#organization\"},\"potentialAction\":[{\"@type\":\"SearchAction\",\"target\":{\"@type\":\"EntryPoint\",\"urlTemplate\":\"https:\/\/icom.museum\/en\/?s={search_term_string}\"},\"query-input\":{\"@type\":\"PropertyValueSpecification\",\"valueRequired\":true,\"valueName\":\"search_term_string\"}}],\"inLanguage\":\"fr-FR\"},{\"@type\":\"Organization\",\"@id\":\"https:\/\/icom.museum\/en\/#organization\",\"name\":\"International Council of Museums\",\"url\":\"https:\/\/icom.museum\/en\/\",\"logo\":{\"@type\":\"ImageObject\",\"inLanguage\":\"fr-FR\",\"@id\":\"https:\/\/icom.museum\/en\/#\/schema\/logo\/image\/\",\"url\":\"https:\/\/icom.museum\/wp-content\/uploads\/2018\/07\/ICOM_M_.jpg\",\"contentUrl\":\"https:\/\/icom.museum\/wp-content\/uploads\/2018\/07\/ICOM_M_.jpg\",\"width\":1721,\"height\":1721,\"caption\":\"International Council of Museums\"},\"image\":{\"@id\":\"https:\/\/icom.museum\/en\/#\/schema\/logo\/image\/\"}}]}<\/script>\n<!-- \/ Yoast SEO plugin. -->","yoast_head_json":{"title":"Projets de l'ICOM SAREC - International Council of Museums","robots":{"index":"index","follow":"follow","max-snippet":"max-snippet:-1","max-image-preview":"max-image-preview:large","max-video-preview":"max-video-preview:-1"},"canonical":"https:\/\/icom.museum\/fr\/participez\/projets-de-solidarite-de-licom\/","og_locale":"fr_FR","og_type":"article","og_title":"Projets de l'ICOM SAREC - International Council of Museums","og_description":"Subventions pour projets sp\u00e9ciaux et projets de solidarit\u00e9 de l&#8217;ICOM SAREC Chaque ann\u00e9e, l&#8217;ICOM \u00e9tablit des lignes directrices g\u00e9n\u00e9rales pour faciliter la candidature des participants. Les propositions doivent mettre en \u00e9vidence la pertinence des projets par rapport au plan strat\u00e9gique de l&#8217;ICOM, la clart\u00e9 de leurs objectifs, la collaboration avec d&#8217;autres entit\u00e9s, l&#8217;innovation et une [&hellip;]","og_url":"https:\/\/icom.museum\/fr\/participez\/projets-de-solidarite-de-licom\/","og_site_name":"International Council of Museums","article_modified_time":"2025-11-06T15:44:59+00:00","og_image":[{"url":"https:\/\/icom.museum\/wp-content\/uploads\/2023\/10\/Website-Article-1.jpg"}],"twitter_card":"summary_large_image","twitter_misc":{"Dur\u00e9e de lecture estim\u00e9e":"4 minutes"},"schema":{"@context":"https:\/\/schema.org","@graph":[{"@type":"WebPage","@id":"https:\/\/icom.museum\/fr\/participez\/projets-de-solidarite-de-licom\/","url":"https:\/\/icom.museum\/fr\/participez\/projets-de-solidarite-de-licom\/","name":"Projets de l'ICOM SAREC - International Council of Museums","isPartOf":{"@id":"https:\/\/icom.museum\/en\/#website"},"datePublished":"2022-08-09T15:12:53+00:00","dateModified":"2025-11-06T15:44:59+00:00","breadcrumb":{"@id":"https:\/\/icom.museum\/fr\/participez\/projets-de-solidarite-de-licom\/#breadcrumb"},"inLanguage":"fr-FR","potentialAction":[{"@type":"ReadAction","target":["https:\/\/icom.museum\/fr\/participez\/projets-de-solidarite-de-licom\/"]}]},{"@type":"BreadcrumbList","@id":"https:\/\/icom.museum\/fr\/participez\/projets-de-solidarite-de-licom\/#breadcrumb","itemListElement":[{"@type":"ListItem","position":1,"name":"Home","item":"https:\/\/icom.museum\/fr\/"},{"@type":"ListItem","position":2,"name":"S&#8217;engager","item":"https:\/\/icom.museum\/fr\/participez\/"},{"@type":"ListItem","position":3,"name":"Projets de l&#8217;ICOM SAREC"}]},{"@type":"WebSite","@id":"https:\/\/icom.museum\/en\/#website","url":"https:\/\/icom.museum\/en\/","name":"International Council of Museums","description":"A global organisation of museums &amp; museum professionals committed to the promotion and protection of cultural heritage","publisher":{"@id":"https:\/\/icom.museum\/en\/#organization"},"potentialAction":[{"@type":"SearchAction","target":{"@type":"EntryPoint","urlTemplate":"https:\/\/icom.museum\/en\/?s={search_term_string}"},"query-input":{"@type":"PropertyValueSpecification","valueRequired":true,"valueName":"search_term_string"}}],"inLanguage":"fr-FR"},{"@type":"Organization","@id":"https:\/\/icom.museum\/en\/#organization","name":"International Council of Museums","url":"https:\/\/icom.museum\/en\/","logo":{"@type":"ImageObject","inLanguage":"fr-FR","@id":"https:\/\/icom.museum\/en\/#\/schema\/logo\/image\/","url":"https:\/\/icom.museum\/wp-content\/uploads\/2018\/07\/ICOM_M_.jpg","contentUrl":"https:\/\/icom.museum\/wp-content\/uploads\/2018\/07\/ICOM_M_.jpg","width":1721,"height":1721,"caption":"International Council of Museums"},"image":{"@id":"https:\/\/icom.museum\/en\/#\/schema\/logo\/image\/"}}]}},"_links":{"self":[{"href":"https:\/\/icom.museum\/fr\/wp-json\/wp\/v2\/pages\/49347"}],"collection":[{"href":"https:\/\/icom.museum\/fr\/wp-json\/wp\/v2\/pages"}],"about":[{"href":"https:\/\/icom.museum\/fr\/wp-json\/wp\/v2\/types\/page"}],"author":[{"embeddable":true,"href":"https:\/\/icom.museum\/fr\/wp-json\/wp\/v2\/users\/4"}],"replies":[{"embeddable":true,"href":"https:\/\/icom.museum\/fr\/wp-json\/wp\/v2\/comments?post=49347"}],"version-history":[{"count":19,"href":"https:\/\/icom.museum\/fr\/wp-json\/wp\/v2\/pages\/49347\/revisions"}],"predecessor-version":[{"id":66267,"href":"https:\/\/icom.museum\/fr\/wp-json\/wp\/v2\/pages\/49347\/revisions\/66267"}],"up":[{"embeddable":true,"href":"https:\/\/icom.museum\/fr\/wp-json\/wp\/v2\/pages\/6981"}],"wp:attachment":[{"href":"https:\/\/icom.museum\/fr\/wp-json\/wp\/v2\/media?parent=49347"}],"curies":[{"name":"wp","href":"https:\/\/api.w.org\/{rel}","templated":true}]}}