{"id":5309,"date":"2018-05-17T13:06:24","date_gmt":"2018-05-17T13:06:24","guid":{"rendered":"http:\/\/icom.museum\/?page_id=5309"},"modified":"2026-02-02T13:53:15","modified_gmt":"2026-02-02T11:53:15","slug":"devenir-membre","status":"publish","type":"page","link":"https:\/\/icom.museum\/fr\/participez\/devenir-membre\/","title":{"rendered":"Devenir membre"},"content":{"rendered":"<h2>Faites partie de la communaut\u00e9 mus\u00e9ale<\/h2>\n<p>En tant que membre de l\u2019ICOM, vous serez <strong>partie prenante de la communaut\u00e9 mus\u00e9ale mondiale<\/strong> : participez aux missions internationales et acc\u00e9dez aux ressources de l\u2019ICOM.<\/p>\n<p>Avec plus de<strong> 60 000<\/strong> membres originaires de <strong>139<\/strong>\u00a0pays, l\u2019ICOM est un r\u00e9seau professionnel unique d\u2019institutions et de professionnels des mus\u00e9es qui vous offrira de nouvelles opportunit\u00e9s.<\/p>\n<div class=\"separator\">\n<p><strong>Pourquoi devenir membre ?<\/strong><\/p>\n<\/div>\n<p>Que vous soyez membre particulier ou institutionnel, votre adh\u00e9sion \u00e0 l\u2019ICOM vous procurera plusieurs avantages dans le cadre de votre d\u00e9veloppement professionnel, et vous contribuerez ainsi \u00e0 l\u2019avenir de la communaut\u00e9 mus\u00e9ale mondiale.<\/p>\n<div class=\"separator\">\n<p><strong>Avantages suppl\u00e9mentaires<\/strong><\/p>\n<\/div>\n<ul>\n<li>Conf\u00e9rences de l\u2019ICOM et remises sur les \u00e9v\u00e9nements partenaires<\/li>\n<li>Publications, outils et normes professionnelles<\/li>\n<li>S\u00e9ances d\u2019apprentissage de l\u2019ICOM<\/li>\n<li>Carte d&#8217;adh\u00e9rent<\/li>\n<\/ul>\n<div class=\"separator\">\n<p><strong>Conditions d\u2019adh\u00e9sion<\/strong><\/p>\n<\/div>\n<p>Si vous \u00eates un professionnel des mus\u00e9es ou si votre mus\u00e9e est une institution reconnue par l\u2019ICOM, et si vous respectez le <em>Code de d\u00e9ontologie des mus\u00e9es<\/em> de l\u2019ICOM, vous pouvez devenir membre de l\u2019ICOM.<\/p>\n<div class=\"separator\">\n<p><strong>Cat\u00e9gories<\/strong><\/p>\n<\/div>\n<p>Vous pouvez rejoindre l\u2019ICOM en tant que :<\/p>\n<ul>\n<li>membre particulier si vous exercez en tant que professionnel des mus\u00e9es, si vous \u00eates un professionnel des mus\u00e9es retrait\u00e9, ou si vous fournissez des services, un savoir-faire et une expertise aux mus\u00e9es dans le cadre de votre activit\u00e9 professionnelle principale,<\/li>\n<li>membre institutionnel si vous repr\u00e9sentez un mus\u00e9e o une autre institution qui r\u00e9pond \u00e0 la d\u00e9finition d\u2019un mus\u00e9e,<\/li>\n<li>membre \u00e9tudiant si vous participez \u00e0 un programme universitaire li\u00e9 aux mus\u00e9es,<\/li>\n<li>membre de soutien si vous, ou votre institution, apportez une assistance significative \u00e0 l\u2019ICOM, financi\u00e8re ou autre, en raison d\u2019un int\u00e9r\u00eat pour les mus\u00e9es.<\/li>\n<\/ul>\n<div class=\"separator\">\n<p><strong>Devenir membre<\/strong><\/p>\n<\/div>\n<p><span class=\"link_blue\"><a href=\"https:\/\/icom.museum\/fr\/reseau\/repertoire-des-comites\/?type=220\">Contactez votre comit\u00e9 national<\/a><\/span><\/p>\n<p>Les demandes d\u2019adh\u00e9sion \u00e0 l\u2019ICOM sont adress\u00e9es au comit\u00e9 national du pays de r\u00e9sidence ou, s\u2019il n\u2019y en a pas, directement au secr\u00e9tariat.<\/p>\n<p><span class=\"link_red\"><a href=\"https:\/\/icom.museum\/fr\/reseau\/repertoire-des-comites\/?type=220\">R\u00e9pertoire des Comit\u00e9s\u00a0<\/a><\/span><\/p>\n<p><span class=\"link_yellow\"><a href=\"mailto:Membership@icom.museum\">Contacter le Secr\u00e9tariat<\/a><\/span><\/p>\n<div id=\"simple-translate\" class=\"simple-translate-system-theme\">\n<div>\n<div class=\"simple-translate-button isShow\" style=\"background-image: url('chrome-extension:\/\/cllnohpbfenopiakdcjmjcbaeapmkcdl\/icons\/512.png'); height: 22px; width: 22px; top: 43px; left: 440px;\"><\/div>\n<div class=\"simple-translate-panel \" style=\"width: 300px; height: 200px; top: 0px; left: 0px; font-size: 13px;\">\n<div class=\"simple-translate-result-wrapper\" style=\"overflow: hidden;\">\n<div class=\"simple-translate-move\" draggable=\"true\"><\/div>\n<div class=\"simple-translate-result-contents\">\n<p class=\"simple-translate-result\" dir=\"auto\">\n<p class=\"simple-translate-candidate\" dir=\"auto\">\n<\/div>\n<\/div>\n<\/div>\n<\/div>\n<\/div>\n","protected":false},"excerpt":{"rendered":"<p>Faites partie de la communaut\u00e9 mus\u00e9ale En tant que membre de l\u2019ICOM, vous serez partie prenante de la communaut\u00e9 mus\u00e9ale mondiale : participez aux missions internationales et acc\u00e9dez aux ressources de l\u2019ICOM. Avec plus de 60 000 membres originaires de 139\u00a0pays, l\u2019ICOM est un r\u00e9seau professionnel unique d\u2019institutions et de professionnels des mus\u00e9es qui vous [&hellip;]<\/p>\n","protected":false},"author":4,"featured_media":0,"parent":6981,"menu_order":0,"comment_status":"closed","ping_status":"closed","template":"page-member-form.php","meta":{"inline_featured_image":false,"footnotes":""},"class_list":["post-5309","page","type-page","status-publish","hentry"],"acf":[],"yoast_head":"<!-- This site is optimized with the Yoast SEO plugin v23.7 - https:\/\/yoast.com\/wordpress\/plugins\/seo\/ -->\n<title>Devenir membre - International Council of Museums<\/title>\n<meta name=\"robots\" content=\"index, follow, max-snippet:-1, max-image-preview:large, max-video-preview:-1\" \/>\n<link rel=\"canonical\" href=\"https:\/\/icom.museum\/fr\/participez\/devenir-membre\/\" \/>\n<meta property=\"og:locale\" content=\"fr_FR\" \/>\n<meta property=\"og:type\" content=\"article\" \/>\n<meta property=\"og:title\" content=\"Devenir membre - International Council of Museums\" \/>\n<meta property=\"og:description\" content=\"Faites partie de la communaut\u00e9 mus\u00e9ale En tant que membre de l\u2019ICOM, vous serez partie prenante de la communaut\u00e9 mus\u00e9ale mondiale : participez aux missions internationales et acc\u00e9dez aux ressources de l\u2019ICOM. Avec plus de 60 000 membres originaires de 139\u00a0pays, l\u2019ICOM est un r\u00e9seau professionnel unique d\u2019institutions et de professionnels des mus\u00e9es qui vous [&hellip;]\" \/>\n<meta property=\"og:url\" content=\"https:\/\/icom.museum\/fr\/participez\/devenir-membre\/\" \/>\n<meta property=\"og:site_name\" content=\"International Council of Museums\" \/>\n<meta property=\"article:modified_time\" content=\"2026-02-02T11:53:15+00:00\" \/>\n<meta property=\"og:image\" content=\"https:\/\/icom.museum\/wp-content\/uploads\/2018\/07\/DSC0120.jpg\" \/>\n<meta name=\"twitter:card\" content=\"summary_large_image\" \/>\n<meta name=\"twitter:label1\" content=\"Dur\u00e9e de lecture estim\u00e9e\" \/>\n\t<meta name=\"twitter:data1\" content=\"2 minutes\" \/>\n<script type=\"application\/ld+json\" class=\"yoast-schema-graph\">{\"@context\":\"https:\/\/schema.org\",\"@graph\":[{\"@type\":\"WebPage\",\"@id\":\"https:\/\/icom.museum\/fr\/participez\/devenir-membre\/\",\"url\":\"https:\/\/icom.museum\/fr\/participez\/devenir-membre\/\",\"name\":\"Devenir membre - International Council of Museums\",\"isPartOf\":{\"@id\":\"https:\/\/icom.museum\/en\/#website\"},\"datePublished\":\"2018-05-17T13:06:24+00:00\",\"dateModified\":\"2026-02-02T11:53:15+00:00\",\"breadcrumb\":{\"@id\":\"https:\/\/icom.museum\/fr\/participez\/devenir-membre\/#breadcrumb\"},\"inLanguage\":\"fr-FR\",\"potentialAction\":[{\"@type\":\"ReadAction\",\"target\":[\"https:\/\/icom.museum\/fr\/participez\/devenir-membre\/\"]}]},{\"@type\":\"BreadcrumbList\",\"@id\":\"https:\/\/icom.museum\/fr\/participez\/devenir-membre\/#breadcrumb\",\"itemListElement\":[{\"@type\":\"ListItem\",\"position\":1,\"name\":\"Home\",\"item\":\"https:\/\/icom.museum\/fr\/\"},{\"@type\":\"ListItem\",\"position\":2,\"name\":\"S&#8217;engager\",\"item\":\"https:\/\/icom.museum\/fr\/participez\/\"},{\"@type\":\"ListItem\",\"position\":3,\"name\":\"Devenir membre\"}]},{\"@type\":\"WebSite\",\"@id\":\"https:\/\/icom.museum\/en\/#website\",\"url\":\"https:\/\/icom.museum\/en\/\",\"name\":\"International Council of Museums\",\"description\":\"A global organisation of museums &amp; museum professionals committed to the promotion and protection of cultural heritage\",\"publisher\":{\"@id\":\"https:\/\/icom.museum\/en\/#organization\"},\"potentialAction\":[{\"@type\":\"SearchAction\",\"target\":{\"@type\":\"EntryPoint\",\"urlTemplate\":\"https:\/\/icom.museum\/en\/?s={search_term_string}\"},\"query-input\":{\"@type\":\"PropertyValueSpecification\",\"valueRequired\":true,\"valueName\":\"search_term_string\"}}],\"inLanguage\":\"fr-FR\"},{\"@type\":\"Organization\",\"@id\":\"https:\/\/icom.museum\/en\/#organization\",\"name\":\"International Council of Museums\",\"url\":\"https:\/\/icom.museum\/en\/\",\"logo\":{\"@type\":\"ImageObject\",\"inLanguage\":\"fr-FR\",\"@id\":\"https:\/\/icom.museum\/en\/#\/schema\/logo\/image\/\",\"url\":\"https:\/\/icom.museum\/wp-content\/uploads\/2018\/07\/ICOM_M_.jpg\",\"contentUrl\":\"https:\/\/icom.museum\/wp-content\/uploads\/2018\/07\/ICOM_M_.jpg\",\"width\":1721,\"height\":1721,\"caption\":\"International Council of Museums\"},\"image\":{\"@id\":\"https:\/\/icom.museum\/en\/#\/schema\/logo\/image\/\"}}]}<\/script>\n<!-- \/ Yoast SEO plugin. -->","yoast_head_json":{"title":"Devenir membre - International Council of Museums","robots":{"index":"index","follow":"follow","max-snippet":"max-snippet:-1","max-image-preview":"max-image-preview:large","max-video-preview":"max-video-preview:-1"},"canonical":"https:\/\/icom.museum\/fr\/participez\/devenir-membre\/","og_locale":"fr_FR","og_type":"article","og_title":"Devenir membre - International Council of Museums","og_description":"Faites partie de la communaut\u00e9 mus\u00e9ale En tant que membre de l\u2019ICOM, vous serez partie prenante de la communaut\u00e9 mus\u00e9ale mondiale : participez aux missions internationales et acc\u00e9dez aux ressources de l\u2019ICOM. Avec plus de 60 000 membres originaires de 139\u00a0pays, l\u2019ICOM est un r\u00e9seau professionnel unique d\u2019institutions et de professionnels des mus\u00e9es qui vous [&hellip;]","og_url":"https:\/\/icom.museum\/fr\/participez\/devenir-membre\/","og_site_name":"International Council of Museums","article_modified_time":"2026-02-02T11:53:15+00:00","og_image":[{"url":"https:\/\/icom.museum\/wp-content\/uploads\/2018\/07\/DSC0120.jpg"}],"twitter_card":"summary_large_image","twitter_misc":{"Dur\u00e9e de lecture estim\u00e9e":"2 minutes"},"schema":{"@context":"https:\/\/schema.org","@graph":[{"@type":"WebPage","@id":"https:\/\/icom.museum\/fr\/participez\/devenir-membre\/","url":"https:\/\/icom.museum\/fr\/participez\/devenir-membre\/","name":"Devenir membre - International Council of Museums","isPartOf":{"@id":"https:\/\/icom.museum\/en\/#website"},"datePublished":"2018-05-17T13:06:24+00:00","dateModified":"2026-02-02T11:53:15+00:00","breadcrumb":{"@id":"https:\/\/icom.museum\/fr\/participez\/devenir-membre\/#breadcrumb"},"inLanguage":"fr-FR","potentialAction":[{"@type":"ReadAction","target":["https:\/\/icom.museum\/fr\/participez\/devenir-membre\/"]}]},{"@type":"BreadcrumbList","@id":"https:\/\/icom.museum\/fr\/participez\/devenir-membre\/#breadcrumb","itemListElement":[{"@type":"ListItem","position":1,"name":"Home","item":"https:\/\/icom.museum\/fr\/"},{"@type":"ListItem","position":2,"name":"S&#8217;engager","item":"https:\/\/icom.museum\/fr\/participez\/"},{"@type":"ListItem","position":3,"name":"Devenir membre"}]},{"@type":"WebSite","@id":"https:\/\/icom.museum\/en\/#website","url":"https:\/\/icom.museum\/en\/","name":"International Council of Museums","description":"A global organisation of museums &amp; museum professionals committed to the promotion and protection of cultural heritage","publisher":{"@id":"https:\/\/icom.museum\/en\/#organization"},"potentialAction":[{"@type":"SearchAction","target":{"@type":"EntryPoint","urlTemplate":"https:\/\/icom.museum\/en\/?s={search_term_string}"},"query-input":{"@type":"PropertyValueSpecification","valueRequired":true,"valueName":"search_term_string"}}],"inLanguage":"fr-FR"},{"@type":"Organization","@id":"https:\/\/icom.museum\/en\/#organization","name":"International Council of Museums","url":"https:\/\/icom.museum\/en\/","logo":{"@type":"ImageObject","inLanguage":"fr-FR","@id":"https:\/\/icom.museum\/en\/#\/schema\/logo\/image\/","url":"https:\/\/icom.museum\/wp-content\/uploads\/2018\/07\/ICOM_M_.jpg","contentUrl":"https:\/\/icom.museum\/wp-content\/uploads\/2018\/07\/ICOM_M_.jpg","width":1721,"height":1721,"caption":"International Council of Museums"},"image":{"@id":"https:\/\/icom.museum\/en\/#\/schema\/logo\/image\/"}}]}},"_links":{"self":[{"href":"https:\/\/icom.museum\/fr\/wp-json\/wp\/v2\/pages\/5309"}],"collection":[{"href":"https:\/\/icom.museum\/fr\/wp-json\/wp\/v2\/pages"}],"about":[{"href":"https:\/\/icom.museum\/fr\/wp-json\/wp\/v2\/types\/page"}],"author":[{"embeddable":true,"href":"https:\/\/icom.museum\/fr\/wp-json\/wp\/v2\/users\/4"}],"replies":[{"embeddable":true,"href":"https:\/\/icom.museum\/fr\/wp-json\/wp\/v2\/comments?post=5309"}],"version-history":[{"count":17,"href":"https:\/\/icom.museum\/fr\/wp-json\/wp\/v2\/pages\/5309\/revisions"}],"predecessor-version":[{"id":67326,"href":"https:\/\/icom.museum\/fr\/wp-json\/wp\/v2\/pages\/5309\/revisions\/67326"}],"up":[{"embeddable":true,"href":"https:\/\/icom.museum\/fr\/wp-json\/wp\/v2\/pages\/6981"}],"wp:attachment":[{"href":"https:\/\/icom.museum\/fr\/wp-json\/wp\/v2\/media?parent=5309"}],"curies":[{"name":"wp","href":"https:\/\/api.w.org\/{rel}","templated":true}]}}