{"id":5311,"date":"2018-05-17T13:11:16","date_gmt":"2018-05-17T13:11:16","guid":{"rendered":"http:\/\/icom.museum\/?page_id=5311"},"modified":"2025-04-22T11:27:53","modified_gmt":"2025-04-22T09:27:53","slug":"rejoindre-un-comite-international","status":"publish","type":"page","link":"https:\/\/icom.museum\/fr\/participez\/rejoindre-un-comite-international\/","title":{"rendered":"Rejoindre un Comit\u00e9 international"},"content":{"rendered":"<h2>En tant que membre individuel ou institutionnel, vous pouvez rejoindre les Comit\u00e9s internationaux de l&#8217;ICOM, qui repr\u00e9sentent diff\u00e9rents types de collections et d\u2019expertises mus\u00e9ales.<\/h2>\n<p>Les Comit\u00e9s internationaux de l\u2019ICOM sont des groupes de r\u00e9flexion internationaux regroupant des professionnels des mus\u00e9es exer\u00e7ant dans le m\u00eame domaine et dont le but est de promouvoir l\u2019\u00e9change de connaissances scientifiques et de savoir-faire professionnel. Chacun des 32 Comit\u00e9s internationaux organise chaque ann\u00e9e des r\u00e9unions et des ateliers \u00e0 l\u2019\u00e9chelle mondiale, donnant ainsi \u00e0 leurs membres l\u2019occasion d\u2019\u00e9largir leurs horizons et de constituer un r\u00e9seau professionnel solide et international. Leurs conclusions contribuent \u00e0 fa\u00e7onner l\u2019avenir de la profession mus\u00e9ale par la d\u00e9finition de normes, la publication d\u2019\u00e9tudes et l\u2019\u00e9tablissement de partenariats avec d\u2019autres organisations culturelles.<\/p>\n<ul>\n<li>Participez \u00e0 des missions internationales<\/li>\n<li>Fa\u00e7onner l\u2019avenir de la profession mus\u00e9ale<\/li>\n<li>D\u00e9fendre l\u2019\u00e9thique et les normes des mus\u00e9es<\/li>\n<\/ul>\n<p>En tant que membre, vous pouvez choisir votre Comit\u00e9 International directement sur votre tableau de bord.<\/p>\n<p><span class=\"link_blue\"><a href=\"https:\/\/icom.museum\/fr\/member\/join-an-ic-committee\/\">Choisir son Comit\u00e9 International<\/a><\/span><\/p>\n<div class=\"separator\">\n<p><strong>Liste des Comit\u00e9s internationaux<\/strong><\/p>\n<\/div>\n<ul>\n<li><strong>AVICOM :<\/strong> Comit\u00e9 International pour l\u2019audiovisuel, les nouvelles technologies et les m\u00e9dias sociaux<\/li>\n<li><strong>CAMOC :<\/strong> Comit\u00e9 international sur les collections et activit\u00e9s des mus\u00e9es des villes<\/li>\n<li><strong>CECA :<\/strong> Comit\u00e9 international pour l&#8217;\u00e9ducation et l&#8217;action culturelle<\/li>\n<li><strong><span data-olk-copy-source=\"MessageBody\">ICOM DOCUMENTATION <\/span>:<\/strong> Comit\u00e9 international pour la documentation<\/li>\n<li><strong><span data-olk-copy-source=\"MessageBody\">ICOM MUSIC <\/span>:<\/strong>\u00a0Comit\u00e9 international pour les mus\u00e9es et collections d\u2019instruments et de musique<\/li>\n<li><strong>CIMUSET :<\/strong> Comit\u00e9 international pour les mus\u00e9es et collections de sciences et techniques<\/li>\n<li><strong>CIPEG :<\/strong> Comit\u00e9 international pour l&#8217;\u00e9gyptologie<\/li>\n<li><strong>COMCOL :<\/strong> Comit\u00e9 international pour le d\u00e9veloppement des collections<\/li>\n<li><strong>COSTUME :<\/strong> Comit\u00e9 international pour les mus\u00e9es et collections du costume<\/li>\n<li><strong>DEMHIST :<\/strong> Comit\u00e9 international pour les demeures historiques-mus\u00e9es<\/li>\n<li><strong>DRMC :<\/strong> Comit\u00e9 international pour les mus\u00e9es r\u00e9silients aux catastrophes<\/li>\n<li><strong>GLASS :<\/strong> Comit\u00e9 international pour les mus\u00e9es et collections du verre<\/li>\n<li><strong>ICAMT :<\/strong> Comit\u00e9 international pour l&#8217;architecture et les techniques mus\u00e9ographiques<\/li>\n<li><strong><b>ICOM DESIGN <\/b>: <\/strong>Comit\u00e9 international des arts d\u00e9coratifs et du design<\/li>\n<li><strong><span data-olk-copy-source=\"MessageBody\">ICOM EXHIBITIONS <\/span>:<\/strong> Comit\u00e9 international pour les \u00e9changes d\u2019expositions<\/li>\n<li><strong>ICEthics :<\/strong> Comit\u00e9 international sur les dilemmes \u00e9thiques<\/li>\n<li><strong>ICFA :<\/strong> Comit\u00e9 international pour les mus\u00e9es et collections des beaux-arts<\/li>\n<li><strong>ICLCM :<\/strong> Comit\u00e9 international pour les mus\u00e9es litt\u00e9raires et de compositeurs<\/li>\n<li><strong>ICMAH :<\/strong> Comit\u00e9 international pour les mus\u00e9es et collections d&#8217;arch\u00e9ologie et d&#8217;histoire<\/li>\n<li><strong>ICME :<\/strong> Comit\u00e9 international pour les mus\u00e9es et collections d&#8217;ethnographie<\/li>\n<li><strong>ICMEMOHRI :<\/strong> <span class=\"ui-provider fy b c d e f g h i j k l m n o p q r s t u v w x y z ab ac ae af ag ah ai aj ak\" dir=\"ltr\">Comit\u00e9 International des Mus\u00e9es du M\u00e9morial et des Droits de l&#8217;Homme<\/span><\/li>\n<li><strong><b>ICOM SECURITY <\/b>:<\/strong> Comit\u00e9 international pour la s\u00e9curit\u00e9 dans les mus\u00e9es<\/li>\n<li><strong>ICOFOM :<\/strong> Comit\u00e9 international pour la mus\u00e9ologie<\/li>\n<li><strong><span data-olk-copy-source=\"MessageBody\">ICOM CONSERVATION <\/span>:<\/strong> Comit\u00e9 pour la conservation<\/li>\n<li><strong><span data-olk-copy-source=\"MessageBody\">ICOM ARMS &amp; MILITARY<\/span>:<\/strong> Comit\u00e9 international des mus\u00e9es d&#8217;armes et d&#8217;histoire militaire<\/li>\n<li><strong>ICOMON :<\/strong> Comit\u00e9 international pour les mus\u00e9es bancaires et mon\u00e9taires<\/li>\n<li><strong>ICR :<\/strong> Comit\u00e9 international pour les mus\u00e9es r\u00e9gionaux<\/li>\n<li><strong>ICTOP :<\/strong> Comit\u00e9 international pour la formation du personnel<\/li>\n<li><strong>INTERCOM :<\/strong> Comit\u00e9 international pour la gestion des mus\u00e9es<\/li>\n<li><strong><span data-olk-copy-source=\"MessageBody\">ICOM COMMS <\/span>: <\/strong>Comit\u00e9 international pour la communication, le marketing et la participation du public<\/li>\n<li><strong>NATHIST :<\/strong> Comit\u00e9 international pour les mus\u00e9es et collections des sciences naturelles<\/li>\n<li><strong style=\"color: #474747; font-family: Georgia; font-size: 15px;\">SOMUS : <\/strong><span style=\"color: #474747; font-family: Georgia; font-size: 15px;\">Comit\u00e9 international pour la mus\u00e9ologie sociale<\/span><\/li>\n<li><strong style=\"color: #474747; font-family: Georgia; font-size: 15px;\">SUSTAIN :<\/strong><span style=\"color: #474747; font-family: Georgia; font-size: 15px;\"> Comit\u00e9 international sur les mus\u00e9es et le d\u00e9veloppement durable<\/span><\/li>\n<li><strong style=\"color: #474747; font-family: Georgia; font-size: 15px;\">STORAGE :<\/strong><span style=\"color: #474747; font-family: Georgia; font-size: 15px;\">\u00a0Comit\u00e9 international sur les collections en r\u00e9serve<\/span><\/li>\n<li><strong>UMAC :<\/strong> Comit\u00e9 international pour les mus\u00e9es et les collections universitaires<\/li>\n<\/ul>\n<p class=\"x_MsoNormal\">\n","protected":false},"excerpt":{"rendered":"<p>En tant que membre individuel ou institutionnel, vous pouvez rejoindre les Comit\u00e9s internationaux de l&#8217;ICOM, qui repr\u00e9sentent diff\u00e9rents types de collections et d\u2019expertises mus\u00e9ales. Les Comit\u00e9s internationaux de l\u2019ICOM sont des groupes de r\u00e9flexion internationaux regroupant des professionnels des mus\u00e9es exer\u00e7ant dans le m\u00eame domaine et dont le but est de promouvoir l\u2019\u00e9change de connaissances [&hellip;]<\/p>\n","protected":false},"author":4,"featured_media":0,"parent":6981,"menu_order":0,"comment_status":"closed","ping_status":"closed","template":"","meta":{"inline_featured_image":false,"footnotes":""},"class_list":["post-5311","page","type-page","status-publish","hentry"],"acf":[],"yoast_head":"<!-- This site is optimized with the Yoast SEO plugin v23.7 - https:\/\/yoast.com\/wordpress\/plugins\/seo\/ -->\n<title>Rejoindre un Comit\u00e9 international - International Council of Museums<\/title>\n<meta name=\"robots\" content=\"index, follow, max-snippet:-1, max-image-preview:large, max-video-preview:-1\" \/>\n<link rel=\"canonical\" href=\"https:\/\/icom.museum\/fr\/participez\/rejoindre-un-comite-international\/\" \/>\n<meta property=\"og:locale\" content=\"fr_FR\" \/>\n<meta property=\"og:type\" content=\"article\" \/>\n<meta property=\"og:title\" content=\"Rejoindre un Comit\u00e9 international - International Council of Museums\" \/>\n<meta property=\"og:description\" content=\"En tant que membre individuel ou institutionnel, vous pouvez rejoindre les Comit\u00e9s internationaux de l&#8217;ICOM, qui repr\u00e9sentent diff\u00e9rents types de collections et d\u2019expertises mus\u00e9ales. Les Comit\u00e9s internationaux de l\u2019ICOM sont des groupes de r\u00e9flexion internationaux regroupant des professionnels des mus\u00e9es exer\u00e7ant dans le m\u00eame domaine et dont le but est de promouvoir l\u2019\u00e9change de connaissances [&hellip;]\" \/>\n<meta property=\"og:url\" content=\"https:\/\/icom.museum\/fr\/participez\/rejoindre-un-comite-international\/\" \/>\n<meta property=\"og:site_name\" content=\"International Council of Museums\" \/>\n<meta property=\"article:modified_time\" content=\"2025-04-22T09:27:53+00:00\" \/>\n<meta property=\"og:image\" content=\"https:\/\/icom.museum\/wp-content\/uploads\/2018\/07\/12489199_1749329005289137_6499287754450228711_o.jpg\" \/>\n<meta name=\"twitter:card\" content=\"summary_large_image\" \/>\n<meta name=\"twitter:label1\" content=\"Dur\u00e9e de lecture estim\u00e9e\" \/>\n\t<meta name=\"twitter:data1\" content=\"3 minutes\" \/>\n<script type=\"application\/ld+json\" class=\"yoast-schema-graph\">{\"@context\":\"https:\/\/schema.org\",\"@graph\":[{\"@type\":\"WebPage\",\"@id\":\"https:\/\/icom.museum\/fr\/participez\/rejoindre-un-comite-international\/\",\"url\":\"https:\/\/icom.museum\/fr\/participez\/rejoindre-un-comite-international\/\",\"name\":\"Rejoindre un Comit\u00e9 international - International Council of Museums\",\"isPartOf\":{\"@id\":\"https:\/\/icom.museum\/en\/#website\"},\"datePublished\":\"2018-05-17T13:11:16+00:00\",\"dateModified\":\"2025-04-22T09:27:53+00:00\",\"breadcrumb\":{\"@id\":\"https:\/\/icom.museum\/fr\/participez\/rejoindre-un-comite-international\/#breadcrumb\"},\"inLanguage\":\"fr-FR\",\"potentialAction\":[{\"@type\":\"ReadAction\",\"target\":[\"https:\/\/icom.museum\/fr\/participez\/rejoindre-un-comite-international\/\"]}]},{\"@type\":\"BreadcrumbList\",\"@id\":\"https:\/\/icom.museum\/fr\/participez\/rejoindre-un-comite-international\/#breadcrumb\",\"itemListElement\":[{\"@type\":\"ListItem\",\"position\":1,\"name\":\"Home\",\"item\":\"https:\/\/icom.museum\/fr\/\"},{\"@type\":\"ListItem\",\"position\":2,\"name\":\"S&#8217;engager\",\"item\":\"https:\/\/icom.museum\/fr\/participez\/\"},{\"@type\":\"ListItem\",\"position\":3,\"name\":\"Rejoindre un Comit\u00e9 international\"}]},{\"@type\":\"WebSite\",\"@id\":\"https:\/\/icom.museum\/en\/#website\",\"url\":\"https:\/\/icom.museum\/en\/\",\"name\":\"International Council of Museums\",\"description\":\"A global organisation of museums &amp; museum professionals committed to the promotion and protection of cultural heritage\",\"publisher\":{\"@id\":\"https:\/\/icom.museum\/en\/#organization\"},\"potentialAction\":[{\"@type\":\"SearchAction\",\"target\":{\"@type\":\"EntryPoint\",\"urlTemplate\":\"https:\/\/icom.museum\/en\/?s={search_term_string}\"},\"query-input\":{\"@type\":\"PropertyValueSpecification\",\"valueRequired\":true,\"valueName\":\"search_term_string\"}}],\"inLanguage\":\"fr-FR\"},{\"@type\":\"Organization\",\"@id\":\"https:\/\/icom.museum\/en\/#organization\",\"name\":\"International Council of Museums\",\"url\":\"https:\/\/icom.museum\/en\/\",\"logo\":{\"@type\":\"ImageObject\",\"inLanguage\":\"fr-FR\",\"@id\":\"https:\/\/icom.museum\/en\/#\/schema\/logo\/image\/\",\"url\":\"https:\/\/icom.museum\/wp-content\/uploads\/2018\/07\/ICOM_M_.jpg\",\"contentUrl\":\"https:\/\/icom.museum\/wp-content\/uploads\/2018\/07\/ICOM_M_.jpg\",\"width\":1721,\"height\":1721,\"caption\":\"International Council of Museums\"},\"image\":{\"@id\":\"https:\/\/icom.museum\/en\/#\/schema\/logo\/image\/\"}}]}<\/script>\n<!-- \/ Yoast SEO plugin. -->","yoast_head_json":{"title":"Rejoindre un Comit\u00e9 international - International Council of Museums","robots":{"index":"index","follow":"follow","max-snippet":"max-snippet:-1","max-image-preview":"max-image-preview:large","max-video-preview":"max-video-preview:-1"},"canonical":"https:\/\/icom.museum\/fr\/participez\/rejoindre-un-comite-international\/","og_locale":"fr_FR","og_type":"article","og_title":"Rejoindre un Comit\u00e9 international - International Council of Museums","og_description":"En tant que membre individuel ou institutionnel, vous pouvez rejoindre les Comit\u00e9s internationaux de l&#8217;ICOM, qui repr\u00e9sentent diff\u00e9rents types de collections et d\u2019expertises mus\u00e9ales. Les Comit\u00e9s internationaux de l\u2019ICOM sont des groupes de r\u00e9flexion internationaux regroupant des professionnels des mus\u00e9es exer\u00e7ant dans le m\u00eame domaine et dont le but est de promouvoir l\u2019\u00e9change de connaissances [&hellip;]","og_url":"https:\/\/icom.museum\/fr\/participez\/rejoindre-un-comite-international\/","og_site_name":"International Council of Museums","article_modified_time":"2025-04-22T09:27:53+00:00","og_image":[{"url":"https:\/\/icom.museum\/wp-content\/uploads\/2018\/07\/12489199_1749329005289137_6499287754450228711_o.jpg"}],"twitter_card":"summary_large_image","twitter_misc":{"Dur\u00e9e de lecture estim\u00e9e":"3 minutes"},"schema":{"@context":"https:\/\/schema.org","@graph":[{"@type":"WebPage","@id":"https:\/\/icom.museum\/fr\/participez\/rejoindre-un-comite-international\/","url":"https:\/\/icom.museum\/fr\/participez\/rejoindre-un-comite-international\/","name":"Rejoindre un Comit\u00e9 international - International Council of Museums","isPartOf":{"@id":"https:\/\/icom.museum\/en\/#website"},"datePublished":"2018-05-17T13:11:16+00:00","dateModified":"2025-04-22T09:27:53+00:00","breadcrumb":{"@id":"https:\/\/icom.museum\/fr\/participez\/rejoindre-un-comite-international\/#breadcrumb"},"inLanguage":"fr-FR","potentialAction":[{"@type":"ReadAction","target":["https:\/\/icom.museum\/fr\/participez\/rejoindre-un-comite-international\/"]}]},{"@type":"BreadcrumbList","@id":"https:\/\/icom.museum\/fr\/participez\/rejoindre-un-comite-international\/#breadcrumb","itemListElement":[{"@type":"ListItem","position":1,"name":"Home","item":"https:\/\/icom.museum\/fr\/"},{"@type":"ListItem","position":2,"name":"S&#8217;engager","item":"https:\/\/icom.museum\/fr\/participez\/"},{"@type":"ListItem","position":3,"name":"Rejoindre un Comit\u00e9 international"}]},{"@type":"WebSite","@id":"https:\/\/icom.museum\/en\/#website","url":"https:\/\/icom.museum\/en\/","name":"International Council of Museums","description":"A global organisation of museums &amp; museum professionals committed to the promotion and protection of cultural heritage","publisher":{"@id":"https:\/\/icom.museum\/en\/#organization"},"potentialAction":[{"@type":"SearchAction","target":{"@type":"EntryPoint","urlTemplate":"https:\/\/icom.museum\/en\/?s={search_term_string}"},"query-input":{"@type":"PropertyValueSpecification","valueRequired":true,"valueName":"search_term_string"}}],"inLanguage":"fr-FR"},{"@type":"Organization","@id":"https:\/\/icom.museum\/en\/#organization","name":"International Council of Museums","url":"https:\/\/icom.museum\/en\/","logo":{"@type":"ImageObject","inLanguage":"fr-FR","@id":"https:\/\/icom.museum\/en\/#\/schema\/logo\/image\/","url":"https:\/\/icom.museum\/wp-content\/uploads\/2018\/07\/ICOM_M_.jpg","contentUrl":"https:\/\/icom.museum\/wp-content\/uploads\/2018\/07\/ICOM_M_.jpg","width":1721,"height":1721,"caption":"International Council of Museums"},"image":{"@id":"https:\/\/icom.museum\/en\/#\/schema\/logo\/image\/"}}]}},"_links":{"self":[{"href":"https:\/\/icom.museum\/fr\/wp-json\/wp\/v2\/pages\/5311"}],"collection":[{"href":"https:\/\/icom.museum\/fr\/wp-json\/wp\/v2\/pages"}],"about":[{"href":"https:\/\/icom.museum\/fr\/wp-json\/wp\/v2\/types\/page"}],"author":[{"embeddable":true,"href":"https:\/\/icom.museum\/fr\/wp-json\/wp\/v2\/users\/4"}],"replies":[{"embeddable":true,"href":"https:\/\/icom.museum\/fr\/wp-json\/wp\/v2\/comments?post=5311"}],"version-history":[{"count":25,"href":"https:\/\/icom.museum\/fr\/wp-json\/wp\/v2\/pages\/5311\/revisions"}],"predecessor-version":[{"id":63491,"href":"https:\/\/icom.museum\/fr\/wp-json\/wp\/v2\/pages\/5311\/revisions\/63491"}],"up":[{"embeddable":true,"href":"https:\/\/icom.museum\/fr\/wp-json\/wp\/v2\/pages\/6981"}],"wp:attachment":[{"href":"https:\/\/icom.museum\/fr\/wp-json\/wp\/v2\/media?parent=5311"}],"curies":[{"name":"wp","href":"https:\/\/api.w.org\/{rel}","templated":true}]}}