{"id":5315,"date":"2018-05-17T13:19:04","date_gmt":"2018-05-17T13:19:04","guid":{"rendered":"http:\/\/icom.museum\/?page_id=5315"},"modified":"2026-03-27T17:27:17","modified_gmt":"2026-03-27T15:27:17","slug":"liste-des-offres","status":"publish","type":"page","link":"https:\/\/icom.museum\/fr\/participez\/liste-des-offres\/","title":{"rendered":"Offres d&#8217;emploi"},"content":{"rendered":"<div class=\"separator\">\n<p>Souhaitez-vous donner un \u00e9lan \u00e0 votre carri\u00e8re professionnelle \u00e0 l\u2019international et \u00e9toffer votre r\u00e9seau ? Que vous soyez un leader exp\u00e9riment\u00e9, un professionnel en milieu de carri\u00e8re ou un jeune dipl\u00f4m\u00e9, n\u2019h\u00e9sitez pas \u00e0 consulter nos offres d\u2019emploi et de stage et nos appels d&#8217;offres.<\/p>\n<\/div>\n<p>En tant que membre de l\u2019ICOM, vous pouvez ajouter votre offre d\u2019emploi directement sur votre tableau de bord.<\/p>\n<p><span class=\"link_blue\"><strong><a href=\"http:\/\/icom.museum\/fr\/member\/add-a-job-offer\">Ajouter une offre d\u2019emploi<\/a> \u00a0<\/strong><\/span><\/p>\n<p><span class=\"link_yellow\"><a href=\"http:\/\/icom.museum\/fr\/member\/list-of-job-offers\/\">Liste d&#8217;offres d&#8217;emploi \u00a0 \u00a0 \u00a0<\/a><\/span><\/p>\n<p><strong><span id=\"result_box\" class=\"\" lang=\"fr\"><span class=\"\">Engagez vous avec l&#8217;ICOM en rejoignant l&#8217;\u00e9quipe du Secr\u00e9tariat g\u00e9n\u00e9ral, voici les derni\u00e8res offres d&#8217;emploi \u25bc<\/span><\/span><\/strong><\/p>\n","protected":false},"excerpt":{"rendered":"<p>Souhaitez-vous donner un \u00e9lan \u00e0 votre carri\u00e8re professionnelle \u00e0 l\u2019international et \u00e9toffer votre r\u00e9seau ? Que vous soyez un leader exp\u00e9riment\u00e9, un professionnel en milieu de carri\u00e8re ou un jeune dipl\u00f4m\u00e9, n\u2019h\u00e9sitez pas \u00e0 consulter nos offres d\u2019emploi et de stage et nos appels d&#8217;offres. En tant que membre de l\u2019ICOM, vous pouvez ajouter votre [&hellip;]<\/p>\n","protected":false},"author":4,"featured_media":0,"parent":6981,"menu_order":2,"comment_status":"closed","ping_status":"closed","template":"","meta":{"inline_featured_image":false,"footnotes":""},"class_list":["post-5315","page","type-page","status-publish","hentry"],"acf":[],"yoast_head":"<!-- This site is optimized with the Yoast SEO plugin v23.7 - https:\/\/yoast.com\/wordpress\/plugins\/seo\/ -->\n<title>Offres d&#039;emploi - International Council of Museums<\/title>\n<meta name=\"robots\" content=\"index, follow, max-snippet:-1, max-image-preview:large, max-video-preview:-1\" \/>\n<link rel=\"canonical\" href=\"https:\/\/icom.museum\/fr\/participez\/liste-des-offres\/\" \/>\n<meta property=\"og:locale\" content=\"fr_FR\" \/>\n<meta property=\"og:type\" content=\"article\" \/>\n<meta property=\"og:title\" content=\"Offres d&#039;emploi - International Council of Museums\" \/>\n<meta property=\"og:description\" content=\"Souhaitez-vous donner un \u00e9lan \u00e0 votre carri\u00e8re professionnelle \u00e0 l\u2019international et \u00e9toffer votre r\u00e9seau ? Que vous soyez un leader exp\u00e9riment\u00e9, un professionnel en milieu de carri\u00e8re ou un jeune dipl\u00f4m\u00e9, n\u2019h\u00e9sitez pas \u00e0 consulter nos offres d\u2019emploi et de stage et nos appels d&#8217;offres. En tant que membre de l\u2019ICOM, vous pouvez ajouter votre [&hellip;]\" \/>\n<meta property=\"og:url\" content=\"https:\/\/icom.museum\/fr\/participez\/liste-des-offres\/\" \/>\n<meta property=\"og:site_name\" content=\"International Council of Museums\" \/>\n<meta property=\"article:modified_time\" content=\"2026-03-27T15:27:17+00:00\" \/>\n<meta property=\"og:image\" content=\"https:\/\/icom.museum\/wp-content\/uploads\/2018\/07\/advice-business-colleagues-1161465.jpg\" \/>\n<meta name=\"twitter:card\" content=\"summary_large_image\" \/>\n<meta name=\"twitter:label1\" content=\"Dur\u00e9e de lecture estim\u00e9e\" \/>\n\t<meta name=\"twitter:data1\" content=\"1 minute\" \/>\n<script type=\"application\/ld+json\" class=\"yoast-schema-graph\">{\"@context\":\"https:\/\/schema.org\",\"@graph\":[{\"@type\":\"WebPage\",\"@id\":\"https:\/\/icom.museum\/fr\/participez\/liste-des-offres\/\",\"url\":\"https:\/\/icom.museum\/fr\/participez\/liste-des-offres\/\",\"name\":\"Offres d'emploi - International Council of Museums\",\"isPartOf\":{\"@id\":\"https:\/\/icom.museum\/en\/#website\"},\"datePublished\":\"2018-05-17T13:19:04+00:00\",\"dateModified\":\"2026-03-27T15:27:17+00:00\",\"breadcrumb\":{\"@id\":\"https:\/\/icom.museum\/fr\/participez\/liste-des-offres\/#breadcrumb\"},\"inLanguage\":\"fr-FR\",\"potentialAction\":[{\"@type\":\"ReadAction\",\"target\":[\"https:\/\/icom.museum\/fr\/participez\/liste-des-offres\/\"]}]},{\"@type\":\"BreadcrumbList\",\"@id\":\"https:\/\/icom.museum\/fr\/participez\/liste-des-offres\/#breadcrumb\",\"itemListElement\":[{\"@type\":\"ListItem\",\"position\":1,\"name\":\"Home\",\"item\":\"https:\/\/icom.museum\/fr\/\"},{\"@type\":\"ListItem\",\"position\":2,\"name\":\"S&#8217;engager\",\"item\":\"https:\/\/icom.museum\/fr\/participez\/\"},{\"@type\":\"ListItem\",\"position\":3,\"name\":\"Offres d&#8217;emploi\"}]},{\"@type\":\"WebSite\",\"@id\":\"https:\/\/icom.museum\/en\/#website\",\"url\":\"https:\/\/icom.museum\/en\/\",\"name\":\"International Council of Museums\",\"description\":\"A global organisation of museums &amp; museum professionals committed to the promotion and protection of cultural heritage\",\"publisher\":{\"@id\":\"https:\/\/icom.museum\/en\/#organization\"},\"potentialAction\":[{\"@type\":\"SearchAction\",\"target\":{\"@type\":\"EntryPoint\",\"urlTemplate\":\"https:\/\/icom.museum\/en\/?s={search_term_string}\"},\"query-input\":{\"@type\":\"PropertyValueSpecification\",\"valueRequired\":true,\"valueName\":\"search_term_string\"}}],\"inLanguage\":\"fr-FR\"},{\"@type\":\"Organization\",\"@id\":\"https:\/\/icom.museum\/en\/#organization\",\"name\":\"International Council of Museums\",\"url\":\"https:\/\/icom.museum\/en\/\",\"logo\":{\"@type\":\"ImageObject\",\"inLanguage\":\"fr-FR\",\"@id\":\"https:\/\/icom.museum\/en\/#\/schema\/logo\/image\/\",\"url\":\"https:\/\/icom.museum\/wp-content\/uploads\/2018\/07\/ICOM_M_.jpg\",\"contentUrl\":\"https:\/\/icom.museum\/wp-content\/uploads\/2018\/07\/ICOM_M_.jpg\",\"width\":1721,\"height\":1721,\"caption\":\"International Council of Museums\"},\"image\":{\"@id\":\"https:\/\/icom.museum\/en\/#\/schema\/logo\/image\/\"}}]}<\/script>\n<!-- \/ Yoast SEO plugin. -->","yoast_head_json":{"title":"Offres d'emploi - International Council of Museums","robots":{"index":"index","follow":"follow","max-snippet":"max-snippet:-1","max-image-preview":"max-image-preview:large","max-video-preview":"max-video-preview:-1"},"canonical":"https:\/\/icom.museum\/fr\/participez\/liste-des-offres\/","og_locale":"fr_FR","og_type":"article","og_title":"Offres d'emploi - International Council of Museums","og_description":"Souhaitez-vous donner un \u00e9lan \u00e0 votre carri\u00e8re professionnelle \u00e0 l\u2019international et \u00e9toffer votre r\u00e9seau ? Que vous soyez un leader exp\u00e9riment\u00e9, un professionnel en milieu de carri\u00e8re ou un jeune dipl\u00f4m\u00e9, n\u2019h\u00e9sitez pas \u00e0 consulter nos offres d\u2019emploi et de stage et nos appels d&#8217;offres. En tant que membre de l\u2019ICOM, vous pouvez ajouter votre [&hellip;]","og_url":"https:\/\/icom.museum\/fr\/participez\/liste-des-offres\/","og_site_name":"International Council of Museums","article_modified_time":"2026-03-27T15:27:17+00:00","og_image":[{"url":"https:\/\/icom.museum\/wp-content\/uploads\/2018\/07\/advice-business-colleagues-1161465.jpg"}],"twitter_card":"summary_large_image","twitter_misc":{"Dur\u00e9e de lecture estim\u00e9e":"1 minute"},"schema":{"@context":"https:\/\/schema.org","@graph":[{"@type":"WebPage","@id":"https:\/\/icom.museum\/fr\/participez\/liste-des-offres\/","url":"https:\/\/icom.museum\/fr\/participez\/liste-des-offres\/","name":"Offres d'emploi - International Council of Museums","isPartOf":{"@id":"https:\/\/icom.museum\/en\/#website"},"datePublished":"2018-05-17T13:19:04+00:00","dateModified":"2026-03-27T15:27:17+00:00","breadcrumb":{"@id":"https:\/\/icom.museum\/fr\/participez\/liste-des-offres\/#breadcrumb"},"inLanguage":"fr-FR","potentialAction":[{"@type":"ReadAction","target":["https:\/\/icom.museum\/fr\/participez\/liste-des-offres\/"]}]},{"@type":"BreadcrumbList","@id":"https:\/\/icom.museum\/fr\/participez\/liste-des-offres\/#breadcrumb","itemListElement":[{"@type":"ListItem","position":1,"name":"Home","item":"https:\/\/icom.museum\/fr\/"},{"@type":"ListItem","position":2,"name":"S&#8217;engager","item":"https:\/\/icom.museum\/fr\/participez\/"},{"@type":"ListItem","position":3,"name":"Offres d&#8217;emploi"}]},{"@type":"WebSite","@id":"https:\/\/icom.museum\/en\/#website","url":"https:\/\/icom.museum\/en\/","name":"International Council of Museums","description":"A global organisation of museums &amp; museum professionals committed to the promotion and protection of cultural heritage","publisher":{"@id":"https:\/\/icom.museum\/en\/#organization"},"potentialAction":[{"@type":"SearchAction","target":{"@type":"EntryPoint","urlTemplate":"https:\/\/icom.museum\/en\/?s={search_term_string}"},"query-input":{"@type":"PropertyValueSpecification","valueRequired":true,"valueName":"search_term_string"}}],"inLanguage":"fr-FR"},{"@type":"Organization","@id":"https:\/\/icom.museum\/en\/#organization","name":"International Council of Museums","url":"https:\/\/icom.museum\/en\/","logo":{"@type":"ImageObject","inLanguage":"fr-FR","@id":"https:\/\/icom.museum\/en\/#\/schema\/logo\/image\/","url":"https:\/\/icom.museum\/wp-content\/uploads\/2018\/07\/ICOM_M_.jpg","contentUrl":"https:\/\/icom.museum\/wp-content\/uploads\/2018\/07\/ICOM_M_.jpg","width":1721,"height":1721,"caption":"International Council of Museums"},"image":{"@id":"https:\/\/icom.museum\/en\/#\/schema\/logo\/image\/"}}]}},"_links":{"self":[{"href":"https:\/\/icom.museum\/fr\/wp-json\/wp\/v2\/pages\/5315"}],"collection":[{"href":"https:\/\/icom.museum\/fr\/wp-json\/wp\/v2\/pages"}],"about":[{"href":"https:\/\/icom.museum\/fr\/wp-json\/wp\/v2\/types\/page"}],"author":[{"embeddable":true,"href":"https:\/\/icom.museum\/fr\/wp-json\/wp\/v2\/users\/4"}],"replies":[{"embeddable":true,"href":"https:\/\/icom.museum\/fr\/wp-json\/wp\/v2\/comments?post=5315"}],"version-history":[{"count":135,"href":"https:\/\/icom.museum\/fr\/wp-json\/wp\/v2\/pages\/5315\/revisions"}],"predecessor-version":[{"id":67783,"href":"https:\/\/icom.museum\/fr\/wp-json\/wp\/v2\/pages\/5315\/revisions\/67783"}],"up":[{"embeddable":true,"href":"https:\/\/icom.museum\/fr\/wp-json\/wp\/v2\/pages\/6981"}],"wp:attachment":[{"href":"https:\/\/icom.museum\/fr\/wp-json\/wp\/v2\/media?parent=5315"}],"curies":[{"name":"wp","href":"https:\/\/api.w.org\/{rel}","templated":true}]}}