{"id":5327,"date":"2018-05-17T13:34:53","date_gmt":"2018-05-17T13:34:53","guid":{"rendered":"http:\/\/icom.museum\/?page_id=5327"},"modified":"2021-02-02T18:30:21","modified_gmt":"2021-02-02T16:30:21","slug":"la-carte-de-membre-de-lico","status":"publish","type":"page","link":"https:\/\/icom.museum\/fr\/reseau\/la-carte-de-membre-de-lico\/","title":{"rendered":"La carte de membre de l\u2019ICOM"},"content":{"rendered":"<h2>Les mus\u00e9es n&#8217;ont pas de fronti\u00e8res, ils ont un r\u00e9seau.<\/h2>\n<p>En tant que professionnels des mus\u00e9es respectant le Code de d\u00e9ontologie de l\u2019ICOM sur les mus\u00e9es, les membres de l\u2019ICOM peuvent, sur pr\u00e9sentation de leur carte de membre, acc\u00e9der aux collections de nombreuses institutions \u00e0 l\u2019\u00e9chelle mondiale. Cet acc\u00e8s est autoris\u00e9 aux mus\u00e9es qui sont membres institutionnels, mais \u00e9galement \u00e0 plusieurs autres mus\u00e9es \u00e0 titre facultatif.<\/p>\n<p>Le statut de membre offre des opportunit\u00e9s de r\u00e9seautage. En rejoignant un Comit\u00e9 international, vous obtenez un acc\u00e8s \u00e0 des professionnels dans votre domaine partout dans le monde.<\/p>\n<p><span class=\"link_red\"><a class=\"link blue\" href=\"http:\/\/icom.museum\/fr\/participez\/rejoindre-un-comite-international\/\">Choisissez un Comit\u00e9 International<\/a><\/span><\/p>\n<p>Il s\u2019agit d\u2019une adh\u00e9sion d\u2019une dur\u00e9e d\u2019un an pour l\u2019ann\u00e9e civile en cours. Votre comit\u00e9 national vous enverra l\u2019autocollant actuel d\u00e8s validation de votre adh\u00e9sion.<\/p>\n<p><span class=\"link_blue\"><a class=\"link blue\" href=\"https:\/\/icom.museum\/fr\/reseau\/repertoire-des-comites\/?type=220\">\u00a0Contactez votre comit\u00e9 national<\/a><\/span><\/p>\n<p>Vous n\u2019\u00eates pas encore membre ? Consultez les conditions et prenez contact avec le comit\u00e9 national de votre pays.<strong><br \/>\n<\/strong><\/p>\n<p><span class=\"link_yellow\"><a class=\"link blue\" href=\"http:\/\/icom.museum\/fr\/participez\/devenir-membre\/\">Devenez membre<\/a><\/span><\/p>\n","protected":false},"excerpt":{"rendered":"<p>Les mus\u00e9es n&#8217;ont pas de fronti\u00e8res, ils ont un r\u00e9seau. En tant que professionnels des mus\u00e9es respectant le Code de d\u00e9ontologie de l\u2019ICOM sur les mus\u00e9es, les membres de l\u2019ICOM peuvent, sur pr\u00e9sentation de leur carte de membre, acc\u00e9der aux collections de nombreuses institutions \u00e0 l\u2019\u00e9chelle mondiale. Cet acc\u00e8s est autoris\u00e9 aux mus\u00e9es qui sont [&hellip;]<\/p>\n","protected":false},"author":4,"featured_media":0,"parent":7187,"menu_order":2,"comment_status":"closed","ping_status":"closed","template":"","meta":{"inline_featured_image":false,"footnotes":""},"class_list":["post-5327","page","type-page","status-publish","hentry"],"acf":[],"yoast_head":"<!-- This site is optimized with the Yoast SEO plugin v23.7 - https:\/\/yoast.com\/wordpress\/plugins\/seo\/ -->\n<title>La carte de membre de l\u2019ICOM - International Council of Museums<\/title>\n<meta name=\"robots\" content=\"index, follow, max-snippet:-1, max-image-preview:large, max-video-preview:-1\" \/>\n<link rel=\"canonical\" href=\"https:\/\/icom.museum\/fr\/reseau\/la-carte-de-membre-de-lico\/\" \/>\n<meta property=\"og:locale\" content=\"fr_FR\" \/>\n<meta property=\"og:type\" content=\"article\" \/>\n<meta property=\"og:title\" content=\"La carte de membre de l\u2019ICOM - International Council of Museums\" \/>\n<meta property=\"og:description\" content=\"Les mus\u00e9es n&#8217;ont pas de fronti\u00e8res, ils ont un r\u00e9seau. En tant que professionnels des mus\u00e9es respectant le Code de d\u00e9ontologie de l\u2019ICOM sur les mus\u00e9es, les membres de l\u2019ICOM peuvent, sur pr\u00e9sentation de leur carte de membre, acc\u00e9der aux collections de nombreuses institutions \u00e0 l\u2019\u00e9chelle mondiale. Cet acc\u00e8s est autoris\u00e9 aux mus\u00e9es qui sont [&hellip;]\" \/>\n<meta property=\"og:url\" content=\"https:\/\/icom.museum\/fr\/reseau\/la-carte-de-membre-de-lico\/\" \/>\n<meta property=\"og:site_name\" content=\"International Council of Museums\" \/>\n<meta property=\"article:modified_time\" content=\"2021-02-02T16:30:21+00:00\" \/>\n<meta property=\"og:image\" content=\"https:\/\/icom.museum\/wp-content\/uploads\/2018\/07\/icon_network_ICOM-membership-card-4.png\" \/>\n<meta name=\"twitter:card\" content=\"summary_large_image\" \/>\n<meta name=\"twitter:label1\" content=\"Dur\u00e9e de lecture estim\u00e9e\" \/>\n\t<meta name=\"twitter:data1\" content=\"1 minute\" \/>\n<script type=\"application\/ld+json\" class=\"yoast-schema-graph\">{\"@context\":\"https:\/\/schema.org\",\"@graph\":[{\"@type\":\"WebPage\",\"@id\":\"https:\/\/icom.museum\/fr\/reseau\/la-carte-de-membre-de-lico\/\",\"url\":\"https:\/\/icom.museum\/fr\/reseau\/la-carte-de-membre-de-lico\/\",\"name\":\"La carte de membre de l\u2019ICOM - International Council of Museums\",\"isPartOf\":{\"@id\":\"https:\/\/icom.museum\/en\/#website\"},\"datePublished\":\"2018-05-17T13:34:53+00:00\",\"dateModified\":\"2021-02-02T16:30:21+00:00\",\"breadcrumb\":{\"@id\":\"https:\/\/icom.museum\/fr\/reseau\/la-carte-de-membre-de-lico\/#breadcrumb\"},\"inLanguage\":\"fr-FR\",\"potentialAction\":[{\"@type\":\"ReadAction\",\"target\":[\"https:\/\/icom.museum\/fr\/reseau\/la-carte-de-membre-de-lico\/\"]}]},{\"@type\":\"BreadcrumbList\",\"@id\":\"https:\/\/icom.museum\/fr\/reseau\/la-carte-de-membre-de-lico\/#breadcrumb\",\"itemListElement\":[{\"@type\":\"ListItem\",\"position\":1,\"name\":\"Home\",\"item\":\"https:\/\/icom.museum\/fr\/\"},{\"@type\":\"ListItem\",\"position\":2,\"name\":\"R\u00e9seau\",\"item\":\"https:\/\/icom.museum\/fr\/reseau\/\"},{\"@type\":\"ListItem\",\"position\":3,\"name\":\"La carte de membre de l\u2019ICOM\"}]},{\"@type\":\"WebSite\",\"@id\":\"https:\/\/icom.museum\/en\/#website\",\"url\":\"https:\/\/icom.museum\/en\/\",\"name\":\"International Council of Museums\",\"description\":\"A global organisation of museums &amp; museum professionals committed to the promotion and protection of cultural heritage\",\"publisher\":{\"@id\":\"https:\/\/icom.museum\/en\/#organization\"},\"potentialAction\":[{\"@type\":\"SearchAction\",\"target\":{\"@type\":\"EntryPoint\",\"urlTemplate\":\"https:\/\/icom.museum\/en\/?s={search_term_string}\"},\"query-input\":{\"@type\":\"PropertyValueSpecification\",\"valueRequired\":true,\"valueName\":\"search_term_string\"}}],\"inLanguage\":\"fr-FR\"},{\"@type\":\"Organization\",\"@id\":\"https:\/\/icom.museum\/en\/#organization\",\"name\":\"International Council of Museums\",\"url\":\"https:\/\/icom.museum\/en\/\",\"logo\":{\"@type\":\"ImageObject\",\"inLanguage\":\"fr-FR\",\"@id\":\"https:\/\/icom.museum\/en\/#\/schema\/logo\/image\/\",\"url\":\"https:\/\/icom.museum\/wp-content\/uploads\/2018\/07\/ICOM_M_.jpg\",\"contentUrl\":\"https:\/\/icom.museum\/wp-content\/uploads\/2018\/07\/ICOM_M_.jpg\",\"width\":1721,\"height\":1721,\"caption\":\"International Council of Museums\"},\"image\":{\"@id\":\"https:\/\/icom.museum\/en\/#\/schema\/logo\/image\/\"}}]}<\/script>\n<!-- \/ Yoast SEO plugin. -->","yoast_head_json":{"title":"La carte de membre de l\u2019ICOM - International Council of Museums","robots":{"index":"index","follow":"follow","max-snippet":"max-snippet:-1","max-image-preview":"max-image-preview:large","max-video-preview":"max-video-preview:-1"},"canonical":"https:\/\/icom.museum\/fr\/reseau\/la-carte-de-membre-de-lico\/","og_locale":"fr_FR","og_type":"article","og_title":"La carte de membre de l\u2019ICOM - International Council of Museums","og_description":"Les mus\u00e9es n&#8217;ont pas de fronti\u00e8res, ils ont un r\u00e9seau. En tant que professionnels des mus\u00e9es respectant le Code de d\u00e9ontologie de l\u2019ICOM sur les mus\u00e9es, les membres de l\u2019ICOM peuvent, sur pr\u00e9sentation de leur carte de membre, acc\u00e9der aux collections de nombreuses institutions \u00e0 l\u2019\u00e9chelle mondiale. Cet acc\u00e8s est autoris\u00e9 aux mus\u00e9es qui sont [&hellip;]","og_url":"https:\/\/icom.museum\/fr\/reseau\/la-carte-de-membre-de-lico\/","og_site_name":"International Council of Museums","article_modified_time":"2021-02-02T16:30:21+00:00","og_image":[{"url":"https:\/\/icom.museum\/wp-content\/uploads\/2018\/07\/icon_network_ICOM-membership-card-4.png"}],"twitter_card":"summary_large_image","twitter_misc":{"Dur\u00e9e de lecture estim\u00e9e":"1 minute"},"schema":{"@context":"https:\/\/schema.org","@graph":[{"@type":"WebPage","@id":"https:\/\/icom.museum\/fr\/reseau\/la-carte-de-membre-de-lico\/","url":"https:\/\/icom.museum\/fr\/reseau\/la-carte-de-membre-de-lico\/","name":"La carte de membre de l\u2019ICOM - International Council of Museums","isPartOf":{"@id":"https:\/\/icom.museum\/en\/#website"},"datePublished":"2018-05-17T13:34:53+00:00","dateModified":"2021-02-02T16:30:21+00:00","breadcrumb":{"@id":"https:\/\/icom.museum\/fr\/reseau\/la-carte-de-membre-de-lico\/#breadcrumb"},"inLanguage":"fr-FR","potentialAction":[{"@type":"ReadAction","target":["https:\/\/icom.museum\/fr\/reseau\/la-carte-de-membre-de-lico\/"]}]},{"@type":"BreadcrumbList","@id":"https:\/\/icom.museum\/fr\/reseau\/la-carte-de-membre-de-lico\/#breadcrumb","itemListElement":[{"@type":"ListItem","position":1,"name":"Home","item":"https:\/\/icom.museum\/fr\/"},{"@type":"ListItem","position":2,"name":"R\u00e9seau","item":"https:\/\/icom.museum\/fr\/reseau\/"},{"@type":"ListItem","position":3,"name":"La carte de membre de l\u2019ICOM"}]},{"@type":"WebSite","@id":"https:\/\/icom.museum\/en\/#website","url":"https:\/\/icom.museum\/en\/","name":"International Council of Museums","description":"A global organisation of museums &amp; museum professionals committed to the promotion and protection of cultural heritage","publisher":{"@id":"https:\/\/icom.museum\/en\/#organization"},"potentialAction":[{"@type":"SearchAction","target":{"@type":"EntryPoint","urlTemplate":"https:\/\/icom.museum\/en\/?s={search_term_string}"},"query-input":{"@type":"PropertyValueSpecification","valueRequired":true,"valueName":"search_term_string"}}],"inLanguage":"fr-FR"},{"@type":"Organization","@id":"https:\/\/icom.museum\/en\/#organization","name":"International Council of Museums","url":"https:\/\/icom.museum\/en\/","logo":{"@type":"ImageObject","inLanguage":"fr-FR","@id":"https:\/\/icom.museum\/en\/#\/schema\/logo\/image\/","url":"https:\/\/icom.museum\/wp-content\/uploads\/2018\/07\/ICOM_M_.jpg","contentUrl":"https:\/\/icom.museum\/wp-content\/uploads\/2018\/07\/ICOM_M_.jpg","width":1721,"height":1721,"caption":"International Council of Museums"},"image":{"@id":"https:\/\/icom.museum\/en\/#\/schema\/logo\/image\/"}}]}},"_links":{"self":[{"href":"https:\/\/icom.museum\/fr\/wp-json\/wp\/v2\/pages\/5327"}],"collection":[{"href":"https:\/\/icom.museum\/fr\/wp-json\/wp\/v2\/pages"}],"about":[{"href":"https:\/\/icom.museum\/fr\/wp-json\/wp\/v2\/types\/page"}],"author":[{"embeddable":true,"href":"https:\/\/icom.museum\/fr\/wp-json\/wp\/v2\/users\/4"}],"replies":[{"embeddable":true,"href":"https:\/\/icom.museum\/fr\/wp-json\/wp\/v2\/comments?post=5327"}],"version-history":[{"count":8,"href":"https:\/\/icom.museum\/fr\/wp-json\/wp\/v2\/pages\/5327\/revisions"}],"predecessor-version":[{"id":42910,"href":"https:\/\/icom.museum\/fr\/wp-json\/wp\/v2\/pages\/5327\/revisions\/42910"}],"up":[{"embeddable":true,"href":"https:\/\/icom.museum\/fr\/wp-json\/wp\/v2\/pages\/7187"}],"wp:attachment":[{"href":"https:\/\/icom.museum\/fr\/wp-json\/wp\/v2\/media?parent=5327"}],"curies":[{"name":"wp","href":"https:\/\/api.w.org\/{rel}","templated":true}]}}