{"id":5329,"date":"2018-05-17T13:36:04","date_gmt":"2018-05-17T13:36:04","guid":{"rendered":"http:\/\/icom.museum\/?page_id=5329"},"modified":"2018-10-09T14:00:28","modified_gmt":"2018-10-09T14:00:28","slug":"les-partenaires-de-licom","status":"publish","type":"page","link":"https:\/\/icom.museum\/fr\/reseau\/les-partenaires-de-licom\/","title":{"rendered":"Les partenaires de l&#8217;ICOM"},"content":{"rendered":"<p>En tant que r\u00e9f\u00e9rence fondamentale des mus\u00e9es et de leurs professionnels, l\u2019ICOM collabore avec des partenaires de renomm\u00e9e mondiale afin d\u2019atteindre des objectifs communs. Nous recherchons des partenaires afin d\u2019assurer le d\u00e9veloppement de nos activit\u00e9s qui b\u00e9n\u00e9ficient aux mus\u00e9es et \u00e0 leurs professionnels \u00e0 l\u2019\u00e9chelle mondiale.<\/p>\n","protected":false},"excerpt":{"rendered":"<p>En tant que r\u00e9f\u00e9rence fondamentale des mus\u00e9es et de leurs professionnels, l\u2019ICOM collabore avec des partenaires de renomm\u00e9e mondiale afin d\u2019atteindre des objectifs communs. Nous recherchons des partenaires afin d\u2019assurer le d\u00e9veloppement de nos activit\u00e9s qui b\u00e9n\u00e9ficient aux mus\u00e9es et \u00e0 leurs professionnels \u00e0 l\u2019\u00e9chelle mondiale.<\/p>\n","protected":false},"author":4,"featured_media":0,"parent":7187,"menu_order":3,"comment_status":"closed","ping_status":"closed","template":"page-list-partner.php","meta":{"inline_featured_image":false,"footnotes":""},"class_list":["post-5329","page","type-page","status-publish","hentry"],"acf":[],"yoast_head":"<!-- This site is optimized with the Yoast SEO plugin v23.7 - https:\/\/yoast.com\/wordpress\/plugins\/seo\/ -->\n<title>Les partenaires de l&#039;ICOM - International Council of Museums<\/title>\n<meta name=\"robots\" content=\"index, follow, max-snippet:-1, max-image-preview:large, max-video-preview:-1\" \/>\n<link rel=\"canonical\" href=\"https:\/\/icom.museum\/fr\/reseau\/les-partenaires-de-licom\/\" \/>\n<meta property=\"og:locale\" content=\"fr_FR\" \/>\n<meta property=\"og:type\" content=\"article\" \/>\n<meta property=\"og:title\" content=\"Les partenaires de l&#039;ICOM - International Council of Museums\" \/>\n<meta property=\"og:description\" content=\"En tant que r\u00e9f\u00e9rence fondamentale des mus\u00e9es et de leurs professionnels, l\u2019ICOM collabore avec des partenaires de renomm\u00e9e mondiale afin d\u2019atteindre des objectifs communs. Nous recherchons des partenaires afin d\u2019assurer le d\u00e9veloppement de nos activit\u00e9s qui b\u00e9n\u00e9ficient aux mus\u00e9es et \u00e0 leurs professionnels \u00e0 l\u2019\u00e9chelle mondiale.\" \/>\n<meta property=\"og:url\" content=\"https:\/\/icom.museum\/fr\/reseau\/les-partenaires-de-licom\/\" \/>\n<meta property=\"og:site_name\" content=\"International Council of Museums\" \/>\n<meta property=\"article:modified_time\" content=\"2018-10-09T14:00:28+00:00\" \/>\n<meta property=\"og:image\" content=\"https:\/\/icom.museum\/wp-content\/uploads\/2018\/07\/icon_network_partners-4.png\" \/>\n<meta name=\"twitter:card\" content=\"summary_large_image\" \/>\n<script type=\"application\/ld+json\" class=\"yoast-schema-graph\">{\"@context\":\"https:\/\/schema.org\",\"@graph\":[{\"@type\":\"WebPage\",\"@id\":\"https:\/\/icom.museum\/fr\/reseau\/les-partenaires-de-licom\/\",\"url\":\"https:\/\/icom.museum\/fr\/reseau\/les-partenaires-de-licom\/\",\"name\":\"Les partenaires de l'ICOM - International Council of Museums\",\"isPartOf\":{\"@id\":\"https:\/\/icom.museum\/en\/#website\"},\"datePublished\":\"2018-05-17T13:36:04+00:00\",\"dateModified\":\"2018-10-09T14:00:28+00:00\",\"breadcrumb\":{\"@id\":\"https:\/\/icom.museum\/fr\/reseau\/les-partenaires-de-licom\/#breadcrumb\"},\"inLanguage\":\"fr-FR\",\"potentialAction\":[{\"@type\":\"ReadAction\",\"target\":[\"https:\/\/icom.museum\/fr\/reseau\/les-partenaires-de-licom\/\"]}]},{\"@type\":\"BreadcrumbList\",\"@id\":\"https:\/\/icom.museum\/fr\/reseau\/les-partenaires-de-licom\/#breadcrumb\",\"itemListElement\":[{\"@type\":\"ListItem\",\"position\":1,\"name\":\"Home\",\"item\":\"https:\/\/icom.museum\/fr\/\"},{\"@type\":\"ListItem\",\"position\":2,\"name\":\"R\u00e9seau\",\"item\":\"https:\/\/icom.museum\/fr\/reseau\/\"},{\"@type\":\"ListItem\",\"position\":3,\"name\":\"Les partenaires de l&#8217;ICOM\"}]},{\"@type\":\"WebSite\",\"@id\":\"https:\/\/icom.museum\/en\/#website\",\"url\":\"https:\/\/icom.museum\/en\/\",\"name\":\"International Council of Museums\",\"description\":\"A global organisation of museums &amp; museum professionals committed to the promotion and protection of cultural heritage\",\"publisher\":{\"@id\":\"https:\/\/icom.museum\/en\/#organization\"},\"potentialAction\":[{\"@type\":\"SearchAction\",\"target\":{\"@type\":\"EntryPoint\",\"urlTemplate\":\"https:\/\/icom.museum\/en\/?s={search_term_string}\"},\"query-input\":{\"@type\":\"PropertyValueSpecification\",\"valueRequired\":true,\"valueName\":\"search_term_string\"}}],\"inLanguage\":\"fr-FR\"},{\"@type\":\"Organization\",\"@id\":\"https:\/\/icom.museum\/en\/#organization\",\"name\":\"International Council of Museums\",\"url\":\"https:\/\/icom.museum\/en\/\",\"logo\":{\"@type\":\"ImageObject\",\"inLanguage\":\"fr-FR\",\"@id\":\"https:\/\/icom.museum\/en\/#\/schema\/logo\/image\/\",\"url\":\"https:\/\/icom.museum\/wp-content\/uploads\/2018\/07\/ICOM_M_.jpg\",\"contentUrl\":\"https:\/\/icom.museum\/wp-content\/uploads\/2018\/07\/ICOM_M_.jpg\",\"width\":1721,\"height\":1721,\"caption\":\"International Council of Museums\"},\"image\":{\"@id\":\"https:\/\/icom.museum\/en\/#\/schema\/logo\/image\/\"}}]}<\/script>\n<!-- \/ Yoast SEO plugin. -->","yoast_head_json":{"title":"Les partenaires de l'ICOM - International Council of Museums","robots":{"index":"index","follow":"follow","max-snippet":"max-snippet:-1","max-image-preview":"max-image-preview:large","max-video-preview":"max-video-preview:-1"},"canonical":"https:\/\/icom.museum\/fr\/reseau\/les-partenaires-de-licom\/","og_locale":"fr_FR","og_type":"article","og_title":"Les partenaires de l'ICOM - International Council of Museums","og_description":"En tant que r\u00e9f\u00e9rence fondamentale des mus\u00e9es et de leurs professionnels, l\u2019ICOM collabore avec des partenaires de renomm\u00e9e mondiale afin d\u2019atteindre des objectifs communs. Nous recherchons des partenaires afin d\u2019assurer le d\u00e9veloppement de nos activit\u00e9s qui b\u00e9n\u00e9ficient aux mus\u00e9es et \u00e0 leurs professionnels \u00e0 l\u2019\u00e9chelle mondiale.","og_url":"https:\/\/icom.museum\/fr\/reseau\/les-partenaires-de-licom\/","og_site_name":"International Council of Museums","article_modified_time":"2018-10-09T14:00:28+00:00","og_image":[{"url":"https:\/\/icom.museum\/wp-content\/uploads\/2018\/07\/icon_network_partners-4.png"}],"twitter_card":"summary_large_image","schema":{"@context":"https:\/\/schema.org","@graph":[{"@type":"WebPage","@id":"https:\/\/icom.museum\/fr\/reseau\/les-partenaires-de-licom\/","url":"https:\/\/icom.museum\/fr\/reseau\/les-partenaires-de-licom\/","name":"Les partenaires de l'ICOM - International Council of Museums","isPartOf":{"@id":"https:\/\/icom.museum\/en\/#website"},"datePublished":"2018-05-17T13:36:04+00:00","dateModified":"2018-10-09T14:00:28+00:00","breadcrumb":{"@id":"https:\/\/icom.museum\/fr\/reseau\/les-partenaires-de-licom\/#breadcrumb"},"inLanguage":"fr-FR","potentialAction":[{"@type":"ReadAction","target":["https:\/\/icom.museum\/fr\/reseau\/les-partenaires-de-licom\/"]}]},{"@type":"BreadcrumbList","@id":"https:\/\/icom.museum\/fr\/reseau\/les-partenaires-de-licom\/#breadcrumb","itemListElement":[{"@type":"ListItem","position":1,"name":"Home","item":"https:\/\/icom.museum\/fr\/"},{"@type":"ListItem","position":2,"name":"R\u00e9seau","item":"https:\/\/icom.museum\/fr\/reseau\/"},{"@type":"ListItem","position":3,"name":"Les partenaires de l&#8217;ICOM"}]},{"@type":"WebSite","@id":"https:\/\/icom.museum\/en\/#website","url":"https:\/\/icom.museum\/en\/","name":"International Council of Museums","description":"A global organisation of museums &amp; museum professionals committed to the promotion and protection of cultural heritage","publisher":{"@id":"https:\/\/icom.museum\/en\/#organization"},"potentialAction":[{"@type":"SearchAction","target":{"@type":"EntryPoint","urlTemplate":"https:\/\/icom.museum\/en\/?s={search_term_string}"},"query-input":{"@type":"PropertyValueSpecification","valueRequired":true,"valueName":"search_term_string"}}],"inLanguage":"fr-FR"},{"@type":"Organization","@id":"https:\/\/icom.museum\/en\/#organization","name":"International Council of Museums","url":"https:\/\/icom.museum\/en\/","logo":{"@type":"ImageObject","inLanguage":"fr-FR","@id":"https:\/\/icom.museum\/en\/#\/schema\/logo\/image\/","url":"https:\/\/icom.museum\/wp-content\/uploads\/2018\/07\/ICOM_M_.jpg","contentUrl":"https:\/\/icom.museum\/wp-content\/uploads\/2018\/07\/ICOM_M_.jpg","width":1721,"height":1721,"caption":"International Council of Museums"},"image":{"@id":"https:\/\/icom.museum\/en\/#\/schema\/logo\/image\/"}}]}},"_links":{"self":[{"href":"https:\/\/icom.museum\/fr\/wp-json\/wp\/v2\/pages\/5329"}],"collection":[{"href":"https:\/\/icom.museum\/fr\/wp-json\/wp\/v2\/pages"}],"about":[{"href":"https:\/\/icom.museum\/fr\/wp-json\/wp\/v2\/types\/page"}],"author":[{"embeddable":true,"href":"https:\/\/icom.museum\/fr\/wp-json\/wp\/v2\/users\/4"}],"replies":[{"embeddable":true,"href":"https:\/\/icom.museum\/fr\/wp-json\/wp\/v2\/comments?post=5329"}],"version-history":[{"count":4,"href":"https:\/\/icom.museum\/fr\/wp-json\/wp\/v2\/pages\/5329\/revisions"}],"predecessor-version":[{"id":7136,"href":"https:\/\/icom.museum\/fr\/wp-json\/wp\/v2\/pages\/5329\/revisions\/7136"}],"up":[{"embeddable":true,"href":"https:\/\/icom.museum\/fr\/wp-json\/wp\/v2\/pages\/7187"}],"wp:attachment":[{"href":"https:\/\/icom.museum\/fr\/wp-json\/wp\/v2\/media?parent=5329"}],"curies":[{"name":"wp","href":"https:\/\/api.w.org\/{rel}","templated":true}]}}