{"id":5332,"date":"2018-05-17T14:09:06","date_gmt":"2018-05-17T14:09:06","guid":{"rendered":"http:\/\/icom.museum\/?page_id=5332"},"modified":"2025-09-01T11:00:13","modified_gmt":"2025-09-01T09:00:13","slug":"missions-et-objectifs","status":"publish","type":"page","link":"https:\/\/icom.museum\/fr\/a-propos-de-licom\/missions-et-objectifs\/","title":{"rendered":"Missions et objectifs"},"content":{"rendered":"<div class=\"separator\">\n<h2 class=\"headline\">L\u2019ICOM est l\u2019organisation internationale des mus\u00e9es et des professionnels de mus\u00e9e vou\u00e9e \u00e0 la recherche, \u00e0 la conservation, \u00e0 la p\u00e9rennit\u00e9 et \u00e0 la transmission \u00e0 la soci\u00e9t\u00e9, du patrimoine naturel et culturel mondial, pr\u00e9sent et futur, mat\u00e9riel et immat\u00e9riel<\/h2>\n<p><strong>Qu&#8217;est ce que l&#8217;ICOM ?<\/strong><\/p>\n<\/div>\n<p><span id=\"result_box\" lang=\"fr\">L&#8217;ICOM est une association de membres et une organisation non gouvernementale qui \u00e9tablit des normes professionnelles et \u00e9thiques pour les activit\u00e9s des mus\u00e9es. En tant que forum d\u2019experts, il formule des recommandations sur des questions li\u00e9es au patrimoine culturel, promeut le renforcement des capacit\u00e9s professionnelles et fait progresser la connaissance dans le domaine. L&#8217;ICOM est le porte-parole des professionnels des mus\u00e9es sur la sc\u00e8ne internationale et sensibilise le grand public \u00e0 la culture par le biais de r\u00e9seaux mondiaux et de programmes de coop\u00e9ration.<\/span><\/p>\n<ul>\n<li><strong>60 410<\/strong>\u00a0membres<\/li>\n<li>dans <strong>139<\/strong> pays<\/li>\n<li>de <strong>120<\/strong>\u00a0comit\u00e9s nationaux<\/li>\n<li>avec<strong> 35<\/strong>\u00a0comit\u00e9s internationaux<\/li>\n<li><strong>8<\/strong> Alliances r\u00e9gionales<\/li>\n<li><strong>21<\/strong> organisations affili\u00e9es<\/li>\n<\/ul>\n<p>L&#8217;ICOM est la seule organisation internationale dans le domaine des mus\u00e9es.<\/p>\n<div class=\"separator\">\n<p><strong>Quelles sont ses missions ?<\/strong><\/p>\n<\/div>\n<p>l&#8217;ICOM a cinq mission principales :<\/p>\n<ul>\n<li>d\u00e9finir des standards d\u2019excellence<\/li>\n<li>conduire un forum diplomatique<\/li>\n<li>d\u00e9velopper un r\u00e9seau professionnel<\/li>\n<li>animer un centre de r\u00e9flexion mondial<\/li>\n<li>assurer des missions internationales.<\/li>\n<\/ul>\n<div class=\"separator\">\n<p><strong>Plan strat\u00e9gique de l\u2019ICOM de 2022 \u00e0 2028<\/strong><\/p>\n<\/div>\n<p>Le plan strat\u00e9gique de l&#8217;ICOM 2022-28 a \u00e9t\u00e9 approuv\u00e9 lors de la 37e Assembl\u00e9e g\u00e9n\u00e9rale, qui s&#8217;est tenue le 24 ao\u00fbt pendant l&#8217;ICOM Prague 2022. Le plan a \u00e9t\u00e9 r\u00e9dig\u00e9 par le Comit\u00e9 permanent du plan strat\u00e9gique, qui a con\u00e7u ce plan \u00e0 la suite d&#8217;un processus participatif impliquant les membres de l&#8217;ICOM, le Conseil consultatif, le Conseil ex\u00e9cutif et le Secr\u00e9tariat.<\/p>\n<p><span class=\"link_blue\"><a href=\"https:\/\/icom.museum\/wp-content\/uploads\/2022\/10\/ICOM-SP-Booklet-FR.pdf\">Plan strat\u00e9gique 2022-28<\/a><\/span><\/p>\n<p><span class=\"link_yellow\"><a href=\"https:\/\/icom.museum\/wp-content\/uploads\/2025\/04\/ICOM-SP-One-Pager-FR.pdf\">R\u00e9sum\u00e9 \u2014 une page<\/a><\/span><\/p>\n<p><span class=\"link_red\"><a href=\"https:\/\/icom.museum\/wp-content\/uploads\/2022\/08\/French-version-Infographic-SPC..pdf\">Infographie<\/a><\/span><\/p>\n<div class=\"separator\">\n<p><strong>Statuts de l\u2019ICOM<\/strong><\/p>\n<\/div>\n<p>Les Statuts du Conseil international des mus\u00e9es sont le document fondamental de l&#8217;association. Ils sont compl\u00e9t\u00e9s par les R\u00e8gles internes de l\u2019ICOM. Le Code de d\u00e9ontologie des mus\u00e9es de l\u2019ICOM d\u00e9finit les normes \u00e9thiques \u00e0 respecter par les mus\u00e9es et leurs professionnels.<\/p>\n<p><span class=\"link_black\"><a href=\"https:\/\/icom.museum\/wp-content\/uploads\/2023\/07\/Statutes_2023_FR.pdf\">Statuts 2023<\/a><\/span><\/p>\n","protected":false},"excerpt":{"rendered":"<p>L\u2019ICOM est l\u2019organisation internationale des mus\u00e9es et des professionnels de mus\u00e9e vou\u00e9e \u00e0 la recherche, \u00e0 la conservation, \u00e0 la p\u00e9rennit\u00e9 et \u00e0 la transmission \u00e0 la soci\u00e9t\u00e9, du patrimoine naturel et culturel mondial, pr\u00e9sent et futur, mat\u00e9riel et immat\u00e9riel Qu&#8217;est ce que l&#8217;ICOM ? L&#8217;ICOM est une association de membres et une organisation non [&hellip;]<\/p>\n","protected":false},"author":4,"featured_media":0,"parent":6992,"menu_order":2,"comment_status":"closed","ping_status":"closed","template":"","meta":{"inline_featured_image":false,"footnotes":""},"class_list":["post-5332","page","type-page","status-publish","hentry"],"acf":[],"yoast_head":"<!-- This site is optimized with the Yoast SEO plugin v23.7 - https:\/\/yoast.com\/wordpress\/plugins\/seo\/ -->\n<title>Missions et objectifs - International Council of Museums<\/title>\n<meta name=\"robots\" content=\"index, follow, max-snippet:-1, max-image-preview:large, max-video-preview:-1\" \/>\n<link rel=\"canonical\" href=\"https:\/\/icom.museum\/fr\/a-propos-de-licom\/missions-et-objectifs\/\" \/>\n<meta property=\"og:locale\" content=\"fr_FR\" \/>\n<meta property=\"og:type\" content=\"article\" \/>\n<meta property=\"og:title\" content=\"Missions et objectifs - International Council of Museums\" \/>\n<meta property=\"og:description\" content=\"L\u2019ICOM est l\u2019organisation internationale des mus\u00e9es et des professionnels de mus\u00e9e vou\u00e9e \u00e0 la recherche, \u00e0 la conservation, \u00e0 la p\u00e9rennit\u00e9 et \u00e0 la transmission \u00e0 la soci\u00e9t\u00e9, du patrimoine naturel et culturel mondial, pr\u00e9sent et futur, mat\u00e9riel et immat\u00e9riel Qu&#8217;est ce que l&#8217;ICOM ? L&#8217;ICOM est une association de membres et une organisation non [&hellip;]\" \/>\n<meta property=\"og:url\" content=\"https:\/\/icom.museum\/fr\/a-propos-de-licom\/missions-et-objectifs\/\" \/>\n<meta property=\"og:site_name\" content=\"International Council of Museums\" \/>\n<meta property=\"article:modified_time\" content=\"2025-09-01T09:00:13+00:00\" \/>\n<meta property=\"og:image\" content=\"https:\/\/icom.museum\/wp-content\/uploads\/2018\/05\/MISSIONS.jpg\" \/>\n<meta name=\"twitter:card\" content=\"summary_large_image\" \/>\n<meta name=\"twitter:label1\" content=\"Dur\u00e9e de lecture estim\u00e9e\" \/>\n\t<meta name=\"twitter:data1\" content=\"2 minutes\" \/>\n<script type=\"application\/ld+json\" class=\"yoast-schema-graph\">{\"@context\":\"https:\/\/schema.org\",\"@graph\":[{\"@type\":\"WebPage\",\"@id\":\"https:\/\/icom.museum\/fr\/a-propos-de-licom\/missions-et-objectifs\/\",\"url\":\"https:\/\/icom.museum\/fr\/a-propos-de-licom\/missions-et-objectifs\/\",\"name\":\"Missions et objectifs - International Council of Museums\",\"isPartOf\":{\"@id\":\"https:\/\/icom.museum\/en\/#website\"},\"datePublished\":\"2018-05-17T14:09:06+00:00\",\"dateModified\":\"2025-09-01T09:00:13+00:00\",\"breadcrumb\":{\"@id\":\"https:\/\/icom.museum\/fr\/a-propos-de-licom\/missions-et-objectifs\/#breadcrumb\"},\"inLanguage\":\"fr-FR\",\"potentialAction\":[{\"@type\":\"ReadAction\",\"target\":[\"https:\/\/icom.museum\/fr\/a-propos-de-licom\/missions-et-objectifs\/\"]}]},{\"@type\":\"BreadcrumbList\",\"@id\":\"https:\/\/icom.museum\/fr\/a-propos-de-licom\/missions-et-objectifs\/#breadcrumb\",\"itemListElement\":[{\"@type\":\"ListItem\",\"position\":1,\"name\":\"Home\",\"item\":\"https:\/\/icom.museum\/fr\/\"},{\"@type\":\"ListItem\",\"position\":2,\"name\":\"\u00c0 propos\",\"item\":\"https:\/\/icom.museum\/fr\/a-propos-de-licom\/\"},{\"@type\":\"ListItem\",\"position\":3,\"name\":\"Missions et objectifs\"}]},{\"@type\":\"WebSite\",\"@id\":\"https:\/\/icom.museum\/en\/#website\",\"url\":\"https:\/\/icom.museum\/en\/\",\"name\":\"International Council of Museums\",\"description\":\"A global organisation of museums &amp; museum professionals committed to the promotion and protection of cultural heritage\",\"publisher\":{\"@id\":\"https:\/\/icom.museum\/en\/#organization\"},\"potentialAction\":[{\"@type\":\"SearchAction\",\"target\":{\"@type\":\"EntryPoint\",\"urlTemplate\":\"https:\/\/icom.museum\/en\/?s={search_term_string}\"},\"query-input\":{\"@type\":\"PropertyValueSpecification\",\"valueRequired\":true,\"valueName\":\"search_term_string\"}}],\"inLanguage\":\"fr-FR\"},{\"@type\":\"Organization\",\"@id\":\"https:\/\/icom.museum\/en\/#organization\",\"name\":\"International Council of Museums\",\"url\":\"https:\/\/icom.museum\/en\/\",\"logo\":{\"@type\":\"ImageObject\",\"inLanguage\":\"fr-FR\",\"@id\":\"https:\/\/icom.museum\/en\/#\/schema\/logo\/image\/\",\"url\":\"https:\/\/icom.museum\/wp-content\/uploads\/2018\/07\/ICOM_M_.jpg\",\"contentUrl\":\"https:\/\/icom.museum\/wp-content\/uploads\/2018\/07\/ICOM_M_.jpg\",\"width\":1721,\"height\":1721,\"caption\":\"International Council of Museums\"},\"image\":{\"@id\":\"https:\/\/icom.museum\/en\/#\/schema\/logo\/image\/\"}}]}<\/script>\n<!-- \/ Yoast SEO plugin. -->","yoast_head_json":{"title":"Missions et objectifs - International Council of Museums","robots":{"index":"index","follow":"follow","max-snippet":"max-snippet:-1","max-image-preview":"max-image-preview:large","max-video-preview":"max-video-preview:-1"},"canonical":"https:\/\/icom.museum\/fr\/a-propos-de-licom\/missions-et-objectifs\/","og_locale":"fr_FR","og_type":"article","og_title":"Missions et objectifs - International Council of Museums","og_description":"L\u2019ICOM est l\u2019organisation internationale des mus\u00e9es et des professionnels de mus\u00e9e vou\u00e9e \u00e0 la recherche, \u00e0 la conservation, \u00e0 la p\u00e9rennit\u00e9 et \u00e0 la transmission \u00e0 la soci\u00e9t\u00e9, du patrimoine naturel et culturel mondial, pr\u00e9sent et futur, mat\u00e9riel et immat\u00e9riel Qu&#8217;est ce que l&#8217;ICOM ? L&#8217;ICOM est une association de membres et une organisation non [&hellip;]","og_url":"https:\/\/icom.museum\/fr\/a-propos-de-licom\/missions-et-objectifs\/","og_site_name":"International Council of Museums","article_modified_time":"2025-09-01T09:00:13+00:00","og_image":[{"url":"https:\/\/icom.museum\/wp-content\/uploads\/2018\/05\/MISSIONS.jpg"}],"twitter_card":"summary_large_image","twitter_misc":{"Dur\u00e9e de lecture estim\u00e9e":"2 minutes"},"schema":{"@context":"https:\/\/schema.org","@graph":[{"@type":"WebPage","@id":"https:\/\/icom.museum\/fr\/a-propos-de-licom\/missions-et-objectifs\/","url":"https:\/\/icom.museum\/fr\/a-propos-de-licom\/missions-et-objectifs\/","name":"Missions et objectifs - International Council of Museums","isPartOf":{"@id":"https:\/\/icom.museum\/en\/#website"},"datePublished":"2018-05-17T14:09:06+00:00","dateModified":"2025-09-01T09:00:13+00:00","breadcrumb":{"@id":"https:\/\/icom.museum\/fr\/a-propos-de-licom\/missions-et-objectifs\/#breadcrumb"},"inLanguage":"fr-FR","potentialAction":[{"@type":"ReadAction","target":["https:\/\/icom.museum\/fr\/a-propos-de-licom\/missions-et-objectifs\/"]}]},{"@type":"BreadcrumbList","@id":"https:\/\/icom.museum\/fr\/a-propos-de-licom\/missions-et-objectifs\/#breadcrumb","itemListElement":[{"@type":"ListItem","position":1,"name":"Home","item":"https:\/\/icom.museum\/fr\/"},{"@type":"ListItem","position":2,"name":"\u00c0 propos","item":"https:\/\/icom.museum\/fr\/a-propos-de-licom\/"},{"@type":"ListItem","position":3,"name":"Missions et objectifs"}]},{"@type":"WebSite","@id":"https:\/\/icom.museum\/en\/#website","url":"https:\/\/icom.museum\/en\/","name":"International Council of Museums","description":"A global organisation of museums &amp; museum professionals committed to the promotion and protection of cultural heritage","publisher":{"@id":"https:\/\/icom.museum\/en\/#organization"},"potentialAction":[{"@type":"SearchAction","target":{"@type":"EntryPoint","urlTemplate":"https:\/\/icom.museum\/en\/?s={search_term_string}"},"query-input":{"@type":"PropertyValueSpecification","valueRequired":true,"valueName":"search_term_string"}}],"inLanguage":"fr-FR"},{"@type":"Organization","@id":"https:\/\/icom.museum\/en\/#organization","name":"International Council of Museums","url":"https:\/\/icom.museum\/en\/","logo":{"@type":"ImageObject","inLanguage":"fr-FR","@id":"https:\/\/icom.museum\/en\/#\/schema\/logo\/image\/","url":"https:\/\/icom.museum\/wp-content\/uploads\/2018\/07\/ICOM_M_.jpg","contentUrl":"https:\/\/icom.museum\/wp-content\/uploads\/2018\/07\/ICOM_M_.jpg","width":1721,"height":1721,"caption":"International Council of Museums"},"image":{"@id":"https:\/\/icom.museum\/en\/#\/schema\/logo\/image\/"}}]}},"_links":{"self":[{"href":"https:\/\/icom.museum\/fr\/wp-json\/wp\/v2\/pages\/5332"}],"collection":[{"href":"https:\/\/icom.museum\/fr\/wp-json\/wp\/v2\/pages"}],"about":[{"href":"https:\/\/icom.museum\/fr\/wp-json\/wp\/v2\/types\/page"}],"author":[{"embeddable":true,"href":"https:\/\/icom.museum\/fr\/wp-json\/wp\/v2\/users\/4"}],"replies":[{"embeddable":true,"href":"https:\/\/icom.museum\/fr\/wp-json\/wp\/v2\/comments?post=5332"}],"version-history":[{"count":42,"href":"https:\/\/icom.museum\/fr\/wp-json\/wp\/v2\/pages\/5332\/revisions"}],"predecessor-version":[{"id":65010,"href":"https:\/\/icom.museum\/fr\/wp-json\/wp\/v2\/pages\/5332\/revisions\/65010"}],"up":[{"embeddable":true,"href":"https:\/\/icom.museum\/fr\/wp-json\/wp\/v2\/pages\/6992"}],"wp:attachment":[{"href":"https:\/\/icom.museum\/fr\/wp-json\/wp\/v2\/media?parent=5332"}],"curies":[{"name":"wp","href":"https:\/\/api.w.org\/{rel}","templated":true}]}}