{"id":5335,"date":"2018-05-17T14:12:35","date_gmt":"2018-05-17T14:12:35","guid":{"rendered":"http:\/\/icom.museum\/?page_id=5335"},"modified":"2025-11-19T16:40:52","modified_gmt":"2025-11-19T14:40:52","slug":"conseil-dadministration","status":"publish","type":"page","link":"https:\/\/icom.museum\/fr\/a-propos-de-licom\/conseil-dadministration\/","title":{"rendered":"Conseil d\u2019administration"},"content":{"rendered":"<h2>Le Conseil d\u2019administration est l\u2019instance dirigeante de l\u2019ICOM<\/h2>\n<p>Il est \u00e0 la t\u00eate de l\u2019organisation et a pour responsabilit\u00e9 de mettre en \u0153uvre les strat\u00e9gies identifi\u00e9es par l\u2019Assembl\u00e9e g\u00e9n\u00e9rale. Il prend les mesures requises pour mettre en \u0153uvre les d\u00e9cisions de l\u2019Assembl\u00e9e g\u00e9n\u00e9rale. Le Directoire veille \u00e0 la bonne gouvernance de l\u2019ICOM. Il supervise les diverses ressources de l\u2019ICOM (financi\u00e8res, humaines, intellectuelles et techniques) et leur d\u00e9veloppement. Il prot\u00e8ge la r\u00e9putation, la renomm\u00e9e mondiale et l\u2019estime publique de l\u2019ICOM et fournit des directives au Secr\u00e9tariat.<\/p>\n<h3>_<\/h3>\n<h3 class=\"headline\">Pr\u00e9sidence<\/h3>\n<p>Le pr\u00e9sident de l\u2019ICOM est un repr\u00e9sentant \u00e9minent de la communaut\u00e9 internationale des mus\u00e9es. Il a pour mission d&#8217;assurer les relations institutionnelles de l&#8217;Organisation. Garant des orientations de la structure, il repr\u00e9sente l\u2019ICOM pour tous les actes engageant l\u2019organisation \u00e0 l\u2019\u00e9gard de tiers. Il donne d\u00e9l\u00e9gation de gestion au directeur g\u00e9n\u00e9ral qui assure le suivi permanent de l\u2019Organisation.<\/p>\n<p>&nbsp;<\/p>\n","protected":false},"excerpt":{"rendered":"<p>Le Conseil d\u2019administration est l\u2019instance dirigeante de l\u2019ICOM Il est \u00e0 la t\u00eate de l\u2019organisation et a pour responsabilit\u00e9 de mettre en \u0153uvre les strat\u00e9gies identifi\u00e9es par l\u2019Assembl\u00e9e g\u00e9n\u00e9rale. Il prend les mesures requises pour mettre en \u0153uvre les d\u00e9cisions de l\u2019Assembl\u00e9e g\u00e9n\u00e9rale. Le Directoire veille \u00e0 la bonne gouvernance de l\u2019ICOM. Il supervise les [&hellip;]<\/p>\n","protected":false},"author":4,"featured_media":0,"parent":6992,"menu_order":3,"comment_status":"closed","ping_status":"closed","template":"page-board.php","meta":{"inline_featured_image":false,"footnotes":""},"class_list":["post-5335","page","type-page","status-publish","hentry"],"acf":[],"yoast_head":"<!-- This site is optimized with the Yoast SEO plugin v23.7 - https:\/\/yoast.com\/wordpress\/plugins\/seo\/ -->\n<title>Conseil d\u2019administration - International Council of Museums<\/title>\n<meta name=\"robots\" content=\"index, follow, max-snippet:-1, max-image-preview:large, max-video-preview:-1\" \/>\n<link rel=\"canonical\" href=\"https:\/\/icom.museum\/fr\/a-propos-de-licom\/conseil-dadministration\/\" \/>\n<meta property=\"og:locale\" content=\"fr_FR\" \/>\n<meta property=\"og:type\" content=\"article\" \/>\n<meta property=\"og:title\" content=\"Conseil d\u2019administration - International Council of Museums\" \/>\n<meta property=\"og:description\" content=\"Le Conseil d\u2019administration est l\u2019instance dirigeante de l\u2019ICOM Il est \u00e0 la t\u00eate de l\u2019organisation et a pour responsabilit\u00e9 de mettre en \u0153uvre les strat\u00e9gies identifi\u00e9es par l\u2019Assembl\u00e9e g\u00e9n\u00e9rale. Il prend les mesures requises pour mettre en \u0153uvre les d\u00e9cisions de l\u2019Assembl\u00e9e g\u00e9n\u00e9rale. Le Directoire veille \u00e0 la bonne gouvernance de l\u2019ICOM. Il supervise les [&hellip;]\" \/>\n<meta property=\"og:url\" content=\"https:\/\/icom.museum\/fr\/a-propos-de-licom\/conseil-dadministration\/\" \/>\n<meta property=\"og:site_name\" content=\"International Council of Museums\" \/>\n<meta property=\"article:modified_time\" content=\"2025-11-19T14:40:52+00:00\" \/>\n<meta property=\"og:image\" content=\"https:\/\/icom.museum\/wp-content\/uploads\/2025\/02\/ICOM-EB-Mucem.jpg\" \/>\n<meta name=\"twitter:card\" content=\"summary_large_image\" \/>\n<meta name=\"twitter:label1\" content=\"Dur\u00e9e de lecture estim\u00e9e\" \/>\n\t<meta name=\"twitter:data1\" content=\"1 minute\" \/>\n<script type=\"application\/ld+json\" class=\"yoast-schema-graph\">{\"@context\":\"https:\/\/schema.org\",\"@graph\":[{\"@type\":\"WebPage\",\"@id\":\"https:\/\/icom.museum\/fr\/a-propos-de-licom\/conseil-dadministration\/\",\"url\":\"https:\/\/icom.museum\/fr\/a-propos-de-licom\/conseil-dadministration\/\",\"name\":\"Conseil d\u2019administration - International Council of Museums\",\"isPartOf\":{\"@id\":\"https:\/\/icom.museum\/en\/#website\"},\"datePublished\":\"2018-05-17T14:12:35+00:00\",\"dateModified\":\"2025-11-19T14:40:52+00:00\",\"breadcrumb\":{\"@id\":\"https:\/\/icom.museum\/fr\/a-propos-de-licom\/conseil-dadministration\/#breadcrumb\"},\"inLanguage\":\"fr-FR\",\"potentialAction\":[{\"@type\":\"ReadAction\",\"target\":[\"https:\/\/icom.museum\/fr\/a-propos-de-licom\/conseil-dadministration\/\"]}]},{\"@type\":\"BreadcrumbList\",\"@id\":\"https:\/\/icom.museum\/fr\/a-propos-de-licom\/conseil-dadministration\/#breadcrumb\",\"itemListElement\":[{\"@type\":\"ListItem\",\"position\":1,\"name\":\"Home\",\"item\":\"https:\/\/icom.museum\/fr\/\"},{\"@type\":\"ListItem\",\"position\":2,\"name\":\"\u00c0 propos\",\"item\":\"https:\/\/icom.museum\/fr\/a-propos-de-licom\/\"},{\"@type\":\"ListItem\",\"position\":3,\"name\":\"Conseil d\u2019administration\"}]},{\"@type\":\"WebSite\",\"@id\":\"https:\/\/icom.museum\/en\/#website\",\"url\":\"https:\/\/icom.museum\/en\/\",\"name\":\"International Council of Museums\",\"description\":\"A global organisation of museums &amp; museum professionals committed to the promotion and protection of cultural heritage\",\"publisher\":{\"@id\":\"https:\/\/icom.museum\/en\/#organization\"},\"potentialAction\":[{\"@type\":\"SearchAction\",\"target\":{\"@type\":\"EntryPoint\",\"urlTemplate\":\"https:\/\/icom.museum\/en\/?s={search_term_string}\"},\"query-input\":{\"@type\":\"PropertyValueSpecification\",\"valueRequired\":true,\"valueName\":\"search_term_string\"}}],\"inLanguage\":\"fr-FR\"},{\"@type\":\"Organization\",\"@id\":\"https:\/\/icom.museum\/en\/#organization\",\"name\":\"International Council of Museums\",\"url\":\"https:\/\/icom.museum\/en\/\",\"logo\":{\"@type\":\"ImageObject\",\"inLanguage\":\"fr-FR\",\"@id\":\"https:\/\/icom.museum\/en\/#\/schema\/logo\/image\/\",\"url\":\"https:\/\/icom.museum\/wp-content\/uploads\/2018\/07\/ICOM_M_.jpg\",\"contentUrl\":\"https:\/\/icom.museum\/wp-content\/uploads\/2018\/07\/ICOM_M_.jpg\",\"width\":1721,\"height\":1721,\"caption\":\"International Council of Museums\"},\"image\":{\"@id\":\"https:\/\/icom.museum\/en\/#\/schema\/logo\/image\/\"}}]}<\/script>\n<!-- \/ Yoast SEO plugin. -->","yoast_head_json":{"title":"Conseil d\u2019administration - International Council of Museums","robots":{"index":"index","follow":"follow","max-snippet":"max-snippet:-1","max-image-preview":"max-image-preview:large","max-video-preview":"max-video-preview:-1"},"canonical":"https:\/\/icom.museum\/fr\/a-propos-de-licom\/conseil-dadministration\/","og_locale":"fr_FR","og_type":"article","og_title":"Conseil d\u2019administration - International Council of Museums","og_description":"Le Conseil d\u2019administration est l\u2019instance dirigeante de l\u2019ICOM Il est \u00e0 la t\u00eate de l\u2019organisation et a pour responsabilit\u00e9 de mettre en \u0153uvre les strat\u00e9gies identifi\u00e9es par l\u2019Assembl\u00e9e g\u00e9n\u00e9rale. Il prend les mesures requises pour mettre en \u0153uvre les d\u00e9cisions de l\u2019Assembl\u00e9e g\u00e9n\u00e9rale. Le Directoire veille \u00e0 la bonne gouvernance de l\u2019ICOM. Il supervise les [&hellip;]","og_url":"https:\/\/icom.museum\/fr\/a-propos-de-licom\/conseil-dadministration\/","og_site_name":"International Council of Museums","article_modified_time":"2025-11-19T14:40:52+00:00","og_image":[{"url":"https:\/\/icom.museum\/wp-content\/uploads\/2025\/02\/ICOM-EB-Mucem.jpg"}],"twitter_card":"summary_large_image","twitter_misc":{"Dur\u00e9e de lecture estim\u00e9e":"1 minute"},"schema":{"@context":"https:\/\/schema.org","@graph":[{"@type":"WebPage","@id":"https:\/\/icom.museum\/fr\/a-propos-de-licom\/conseil-dadministration\/","url":"https:\/\/icom.museum\/fr\/a-propos-de-licom\/conseil-dadministration\/","name":"Conseil d\u2019administration - International Council of Museums","isPartOf":{"@id":"https:\/\/icom.museum\/en\/#website"},"datePublished":"2018-05-17T14:12:35+00:00","dateModified":"2025-11-19T14:40:52+00:00","breadcrumb":{"@id":"https:\/\/icom.museum\/fr\/a-propos-de-licom\/conseil-dadministration\/#breadcrumb"},"inLanguage":"fr-FR","potentialAction":[{"@type":"ReadAction","target":["https:\/\/icom.museum\/fr\/a-propos-de-licom\/conseil-dadministration\/"]}]},{"@type":"BreadcrumbList","@id":"https:\/\/icom.museum\/fr\/a-propos-de-licom\/conseil-dadministration\/#breadcrumb","itemListElement":[{"@type":"ListItem","position":1,"name":"Home","item":"https:\/\/icom.museum\/fr\/"},{"@type":"ListItem","position":2,"name":"\u00c0 propos","item":"https:\/\/icom.museum\/fr\/a-propos-de-licom\/"},{"@type":"ListItem","position":3,"name":"Conseil d\u2019administration"}]},{"@type":"WebSite","@id":"https:\/\/icom.museum\/en\/#website","url":"https:\/\/icom.museum\/en\/","name":"International Council of Museums","description":"A global organisation of museums &amp; museum professionals committed to the promotion and protection of cultural heritage","publisher":{"@id":"https:\/\/icom.museum\/en\/#organization"},"potentialAction":[{"@type":"SearchAction","target":{"@type":"EntryPoint","urlTemplate":"https:\/\/icom.museum\/en\/?s={search_term_string}"},"query-input":{"@type":"PropertyValueSpecification","valueRequired":true,"valueName":"search_term_string"}}],"inLanguage":"fr-FR"},{"@type":"Organization","@id":"https:\/\/icom.museum\/en\/#organization","name":"International Council of Museums","url":"https:\/\/icom.museum\/en\/","logo":{"@type":"ImageObject","inLanguage":"fr-FR","@id":"https:\/\/icom.museum\/en\/#\/schema\/logo\/image\/","url":"https:\/\/icom.museum\/wp-content\/uploads\/2018\/07\/ICOM_M_.jpg","contentUrl":"https:\/\/icom.museum\/wp-content\/uploads\/2018\/07\/ICOM_M_.jpg","width":1721,"height":1721,"caption":"International Council of Museums"},"image":{"@id":"https:\/\/icom.museum\/en\/#\/schema\/logo\/image\/"}}]}},"_links":{"self":[{"href":"https:\/\/icom.museum\/fr\/wp-json\/wp\/v2\/pages\/5335"}],"collection":[{"href":"https:\/\/icom.museum\/fr\/wp-json\/wp\/v2\/pages"}],"about":[{"href":"https:\/\/icom.museum\/fr\/wp-json\/wp\/v2\/types\/page"}],"author":[{"embeddable":true,"href":"https:\/\/icom.museum\/fr\/wp-json\/wp\/v2\/users\/4"}],"replies":[{"embeddable":true,"href":"https:\/\/icom.museum\/fr\/wp-json\/wp\/v2\/comments?post=5335"}],"version-history":[{"count":41,"href":"https:\/\/icom.museum\/fr\/wp-json\/wp\/v2\/pages\/5335\/revisions"}],"predecessor-version":[{"id":66579,"href":"https:\/\/icom.museum\/fr\/wp-json\/wp\/v2\/pages\/5335\/revisions\/66579"}],"up":[{"embeddable":true,"href":"https:\/\/icom.museum\/fr\/wp-json\/wp\/v2\/pages\/6992"}],"wp:attachment":[{"href":"https:\/\/icom.museum\/fr\/wp-json\/wp\/v2\/media?parent=5335"}],"curies":[{"name":"wp","href":"https:\/\/api.w.org\/{rel}","templated":true}]}}