{"id":5339,"date":"2018-05-17T15:06:58","date_gmt":"2018-05-17T15:06:58","guid":{"rendered":"http:\/\/icom.museum\/?page_id=5339"},"modified":"2025-11-18T13:38:05","modified_gmt":"2025-11-18T11:38:05","slug":"assemblee-generale","status":"publish","type":"page","link":"https:\/\/icom.museum\/fr\/a-propos-de-licom\/assemblee-generale\/","title":{"rendered":"Assembl\u00e9e g\u00e9n\u00e9rale"},"content":{"rendered":"<h2 class=\"headline\">L&#8217;Assembl\u00e9e g\u00e9n\u00e9rale est le principal organe d\u00e9cisionnel de l&#8217;ICOM. Elle assure la repr\u00e9sentation de la communaut\u00e9 mus\u00e9ale mondiale par l&#8217;interm\u00e9diaire de ses comit\u00e9s nationaux et internationaux, de ses alliances r\u00e9gionales et de ses organisations affili\u00e9es.<\/h2>\n<p>Se r\u00e9unissant chaque ann\u00e9e, l&#8217;Assembl\u00e9e g\u00e9n\u00e9rale aborde des questions cruciales, adopte des plans strat\u00e9giques et vote des r\u00e9solutions ayant un impact sur le secteur des mus\u00e9es dans le monde entier.<\/p>\n<p><strong>Membres de l&#8217;ICOM : visitez le site web\u00a0<a href=\"https:\/\/agora.icom.museum\/\">Agora <\/a>pour plus d&#8217;informations.<\/strong><\/p>\n<div class=\"separator\">\n<p><strong>R\u00e9alisations<\/strong><\/p>\n<\/div>\n<p>L&#8217;une des r\u00e9alisations importantes de l&#8217;Assembl\u00e9e g\u00e9n\u00e9rale est l&#8217;adoption de la nouvelle d\u00e9finition du mus\u00e9e, qui refl\u00e8te les d\u00e9fis et les attentes contemporains des mus\u00e9es. Approuv\u00e9e lors de l&#8217;assembl\u00e9e g\u00e9n\u00e9rale extraordinaire de 2022, la <span style=\"text-decoration: underline;\">nouvelle d\u00e9finition<\/span> met l&#8217;accent sur l&#8217;inclusivit\u00e9, la participation de la communaut\u00e9 et la durabilit\u00e9 :<\/p>\n<blockquote><p>&#8220;Un mus\u00e9e est une institution permanente, \u00e0 but non lucratif et au service de la soci\u00e9t\u00e9, qui se consacre \u00e0 la recherche, la collecte, la conservation, l\u2019interpr\u00e9tation et l\u2019exposition du patrimoine mat\u00e9riel et immat\u00e9riel. Ouvert au public, accessible et inclusif, il encourage la diversit\u00e9 et la durabilit\u00e9. Les mus\u00e9es op\u00e8rent et communiquent de mani\u00e8re \u00e9thique et professionnelle, avec la participation de diverses communaut\u00e9s. Ils offrent \u00e0 leurs publics des exp\u00e9riences vari\u00e9es d\u2019\u00e9ducation, de divertissement, de r\u00e9flexion et de partage de connaissances.&#8221;<\/p><\/blockquote>\n<p>Cette d\u00e9finition est le r\u00e9sultat d&#8217;un vaste processus participatif de 18 mois impliquant des professionnels de 126 comit\u00e9s nationaux, ce qui t\u00e9moigne de l&#8217;engagement de l&#8217;ICOM en faveur de la transparence et de l&#8217;inclusivit\u00e9.<\/p>\n<div class=\"separator\">\n<p><strong>R\u00e9solutions et statuts<\/strong><\/p>\n<\/div>\n<p>Les r\u00e9solutions adopt\u00e9es par l&#8217;Assembl\u00e9e g\u00e9n\u00e9rale sont essentielles pour fa\u00e7onner les pratiques mus\u00e9ales mondiales. Par exemple, la 34e Assembl\u00e9e g\u00e9n\u00e9rale qui s&#8217;est tenue \u00e0 Kyoto en 2019 a adopt\u00e9 <span style=\"text-decoration: underline;\">plusieurs r\u00e9solutions cl\u00e9s<\/span>, notamment des engagements en faveur de la durabilit\u00e9 (align\u00e9s sur l&#8217;Agenda 2030), l&#8217;int\u00e9gration des mus\u00e9es asiatiques dans la communaut\u00e9 de l&#8217;ICOM et le r\u00f4le des mus\u00e9es en tant que p\u00f4les culturels.<\/p>\n<p>En outre, les <span style=\"text-decoration: underline;\">statuts de l&#8217;ICOM<\/span> fournissent un cadre structurel et op\u00e9rationnel \u00e0 l&#8217;organisation. Ils d\u00e9finissent les r\u00f4les et les responsabilit\u00e9s de l&#8217;assembl\u00e9e g\u00e9n\u00e9rale, notamment l&#8217;\u00e9lection du pr\u00e9sident.e et du conseil d&#8217;administration, ainsi que l&#8217;approbation des recommandations du conseil consultatif et des autres organes de l&#8217;ICOM.<\/p>\n<div class=\"separator\">\n<p><strong>Planification strat\u00e9gique et gouvernance<\/strong><\/p>\n<\/div>\n<p>L&#8217;Assembl\u00e9e g\u00e9n\u00e9rale joue \u00e9galement un r\u00f4le essentiel dans la planification strat\u00e9gique de l&#8217;ICOM. Lors de la 37e assembl\u00e9e g\u00e9n\u00e9rale ordinaire de Prague 2022, les membres ont vot\u00e9 le plan strat\u00e9gique 2022-2028 de l&#8217;ICOM, qui d\u00e9finit les priorit\u00e9s et les initiatives de l&#8217;organisation pour les ann\u00e9es \u00e0 venir. Il s&#8217;agit notamment d&#8217;am\u00e9liorer les pratiques mus\u00e9ales \u00e0 l&#8217;\u00e9chelle mondiale, de plaider en faveur de la protection du patrimoine et de favoriser la coop\u00e9ration internationale.<\/p>\n<div class=\"separator\">\n<p><strong>La participation<\/strong><\/p>\n<\/div>\n<p>La nature participative des processus de l&#8217;ICOM garantit que les voix de divers milieux culturels et g\u00e9ographiques soient entendues. Cette approche permet non seulement de d\u00e9mocratiser la prise de d\u00e9cision, mais aussi d&#8217;enrichir le dialogue mondial sur les pratiques et les politiques mus\u00e9ales.<\/p>\n<p>L&#8217;assembl\u00e9e g\u00e9n\u00e9rale de l&#8217;ICOM veille \u00e0 ce que l&#8217;ICOM reste attentif aux besoins \u00e9volutifs de la communaut\u00e9 mus\u00e9ale mondiale, en favorisant un secteur du patrimoine culturel durable et inclusif.<\/p>\n","protected":false},"excerpt":{"rendered":"<p>L&#8217;Assembl\u00e9e g\u00e9n\u00e9rale est le principal organe d\u00e9cisionnel de l&#8217;ICOM. Elle assure la repr\u00e9sentation de la communaut\u00e9 mus\u00e9ale mondiale par l&#8217;interm\u00e9diaire de ses comit\u00e9s nationaux et internationaux, de ses alliances r\u00e9gionales et de ses organisations affili\u00e9es. Se r\u00e9unissant chaque ann\u00e9e, l&#8217;Assembl\u00e9e g\u00e9n\u00e9rale aborde des questions cruciales, adopte des plans strat\u00e9giques et vote des r\u00e9solutions ayant un [&hellip;]<\/p>\n","protected":false},"author":4,"featured_media":0,"parent":6992,"menu_order":5,"comment_status":"closed","ping_status":"closed","template":"","meta":{"inline_featured_image":false,"footnotes":""},"class_list":["post-5339","page","type-page","status-publish","hentry"],"acf":[],"yoast_head":"<!-- This site is optimized with the Yoast SEO plugin v23.7 - https:\/\/yoast.com\/wordpress\/plugins\/seo\/ -->\n<title>Assembl\u00e9e g\u00e9n\u00e9rale - International Council of Museums<\/title>\n<meta name=\"robots\" content=\"index, follow, max-snippet:-1, max-image-preview:large, max-video-preview:-1\" \/>\n<link rel=\"canonical\" href=\"https:\/\/icom.museum\/fr\/a-propos-de-licom\/assemblee-generale\/\" \/>\n<meta property=\"og:locale\" content=\"fr_FR\" \/>\n<meta property=\"og:type\" content=\"article\" \/>\n<meta property=\"og:title\" content=\"Assembl\u00e9e g\u00e9n\u00e9rale - International Council of Museums\" \/>\n<meta property=\"og:description\" content=\"L&#8217;Assembl\u00e9e g\u00e9n\u00e9rale est le principal organe d\u00e9cisionnel de l&#8217;ICOM. Elle assure la repr\u00e9sentation de la communaut\u00e9 mus\u00e9ale mondiale par l&#8217;interm\u00e9diaire de ses comit\u00e9s nationaux et internationaux, de ses alliances r\u00e9gionales et de ses organisations affili\u00e9es. Se r\u00e9unissant chaque ann\u00e9e, l&#8217;Assembl\u00e9e g\u00e9n\u00e9rale aborde des questions cruciales, adopte des plans strat\u00e9giques et vote des r\u00e9solutions ayant un [&hellip;]\" \/>\n<meta property=\"og:url\" content=\"https:\/\/icom.museum\/fr\/a-propos-de-licom\/assemblee-generale\/\" \/>\n<meta property=\"og:site_name\" content=\"International Council of Museums\" \/>\n<meta property=\"article:modified_time\" content=\"2025-11-18T11:38:05+00:00\" \/>\n<meta property=\"og:image\" content=\"https:\/\/icom.museum\/wp-content\/uploads\/2025\/11\/DAY3_ICOM-2676-scaled.jpg\" \/>\n<meta name=\"twitter:card\" content=\"summary_large_image\" \/>\n<meta name=\"twitter:label1\" content=\"Dur\u00e9e de lecture estim\u00e9e\" \/>\n\t<meta name=\"twitter:data1\" content=\"2 minutes\" \/>\n<script type=\"application\/ld+json\" class=\"yoast-schema-graph\">{\"@context\":\"https:\/\/schema.org\",\"@graph\":[{\"@type\":\"WebPage\",\"@id\":\"https:\/\/icom.museum\/fr\/a-propos-de-licom\/assemblee-generale\/\",\"url\":\"https:\/\/icom.museum\/fr\/a-propos-de-licom\/assemblee-generale\/\",\"name\":\"Assembl\u00e9e g\u00e9n\u00e9rale - International Council of Museums\",\"isPartOf\":{\"@id\":\"https:\/\/icom.museum\/en\/#website\"},\"datePublished\":\"2018-05-17T15:06:58+00:00\",\"dateModified\":\"2025-11-18T11:38:05+00:00\",\"breadcrumb\":{\"@id\":\"https:\/\/icom.museum\/fr\/a-propos-de-licom\/assemblee-generale\/#breadcrumb\"},\"inLanguage\":\"fr-FR\",\"potentialAction\":[{\"@type\":\"ReadAction\",\"target\":[\"https:\/\/icom.museum\/fr\/a-propos-de-licom\/assemblee-generale\/\"]}]},{\"@type\":\"BreadcrumbList\",\"@id\":\"https:\/\/icom.museum\/fr\/a-propos-de-licom\/assemblee-generale\/#breadcrumb\",\"itemListElement\":[{\"@type\":\"ListItem\",\"position\":1,\"name\":\"Home\",\"item\":\"https:\/\/icom.museum\/fr\/\"},{\"@type\":\"ListItem\",\"position\":2,\"name\":\"\u00c0 propos\",\"item\":\"https:\/\/icom.museum\/fr\/a-propos-de-licom\/\"},{\"@type\":\"ListItem\",\"position\":3,\"name\":\"Assembl\u00e9e g\u00e9n\u00e9rale\"}]},{\"@type\":\"WebSite\",\"@id\":\"https:\/\/icom.museum\/en\/#website\",\"url\":\"https:\/\/icom.museum\/en\/\",\"name\":\"International Council of Museums\",\"description\":\"A global organisation of museums &amp; museum professionals committed to the promotion and protection of cultural heritage\",\"publisher\":{\"@id\":\"https:\/\/icom.museum\/en\/#organization\"},\"potentialAction\":[{\"@type\":\"SearchAction\",\"target\":{\"@type\":\"EntryPoint\",\"urlTemplate\":\"https:\/\/icom.museum\/en\/?s={search_term_string}\"},\"query-input\":{\"@type\":\"PropertyValueSpecification\",\"valueRequired\":true,\"valueName\":\"search_term_string\"}}],\"inLanguage\":\"fr-FR\"},{\"@type\":\"Organization\",\"@id\":\"https:\/\/icom.museum\/en\/#organization\",\"name\":\"International Council of Museums\",\"url\":\"https:\/\/icom.museum\/en\/\",\"logo\":{\"@type\":\"ImageObject\",\"inLanguage\":\"fr-FR\",\"@id\":\"https:\/\/icom.museum\/en\/#\/schema\/logo\/image\/\",\"url\":\"https:\/\/icom.museum\/wp-content\/uploads\/2018\/07\/ICOM_M_.jpg\",\"contentUrl\":\"https:\/\/icom.museum\/wp-content\/uploads\/2018\/07\/ICOM_M_.jpg\",\"width\":1721,\"height\":1721,\"caption\":\"International Council of Museums\"},\"image\":{\"@id\":\"https:\/\/icom.museum\/en\/#\/schema\/logo\/image\/\"}}]}<\/script>\n<!-- \/ Yoast SEO plugin. -->","yoast_head_json":{"title":"Assembl\u00e9e g\u00e9n\u00e9rale - International Council of Museums","robots":{"index":"index","follow":"follow","max-snippet":"max-snippet:-1","max-image-preview":"max-image-preview:large","max-video-preview":"max-video-preview:-1"},"canonical":"https:\/\/icom.museum\/fr\/a-propos-de-licom\/assemblee-generale\/","og_locale":"fr_FR","og_type":"article","og_title":"Assembl\u00e9e g\u00e9n\u00e9rale - International Council of Museums","og_description":"L&#8217;Assembl\u00e9e g\u00e9n\u00e9rale est le principal organe d\u00e9cisionnel de l&#8217;ICOM. Elle assure la repr\u00e9sentation de la communaut\u00e9 mus\u00e9ale mondiale par l&#8217;interm\u00e9diaire de ses comit\u00e9s nationaux et internationaux, de ses alliances r\u00e9gionales et de ses organisations affili\u00e9es. Se r\u00e9unissant chaque ann\u00e9e, l&#8217;Assembl\u00e9e g\u00e9n\u00e9rale aborde des questions cruciales, adopte des plans strat\u00e9giques et vote des r\u00e9solutions ayant un [&hellip;]","og_url":"https:\/\/icom.museum\/fr\/a-propos-de-licom\/assemblee-generale\/","og_site_name":"International Council of Museums","article_modified_time":"2025-11-18T11:38:05+00:00","og_image":[{"url":"https:\/\/icom.museum\/wp-content\/uploads\/2025\/11\/DAY3_ICOM-2676-scaled.jpg"}],"twitter_card":"summary_large_image","twitter_misc":{"Dur\u00e9e de lecture estim\u00e9e":"2 minutes"},"schema":{"@context":"https:\/\/schema.org","@graph":[{"@type":"WebPage","@id":"https:\/\/icom.museum\/fr\/a-propos-de-licom\/assemblee-generale\/","url":"https:\/\/icom.museum\/fr\/a-propos-de-licom\/assemblee-generale\/","name":"Assembl\u00e9e g\u00e9n\u00e9rale - International Council of Museums","isPartOf":{"@id":"https:\/\/icom.museum\/en\/#website"},"datePublished":"2018-05-17T15:06:58+00:00","dateModified":"2025-11-18T11:38:05+00:00","breadcrumb":{"@id":"https:\/\/icom.museum\/fr\/a-propos-de-licom\/assemblee-generale\/#breadcrumb"},"inLanguage":"fr-FR","potentialAction":[{"@type":"ReadAction","target":["https:\/\/icom.museum\/fr\/a-propos-de-licom\/assemblee-generale\/"]}]},{"@type":"BreadcrumbList","@id":"https:\/\/icom.museum\/fr\/a-propos-de-licom\/assemblee-generale\/#breadcrumb","itemListElement":[{"@type":"ListItem","position":1,"name":"Home","item":"https:\/\/icom.museum\/fr\/"},{"@type":"ListItem","position":2,"name":"\u00c0 propos","item":"https:\/\/icom.museum\/fr\/a-propos-de-licom\/"},{"@type":"ListItem","position":3,"name":"Assembl\u00e9e g\u00e9n\u00e9rale"}]},{"@type":"WebSite","@id":"https:\/\/icom.museum\/en\/#website","url":"https:\/\/icom.museum\/en\/","name":"International Council of Museums","description":"A global organisation of museums &amp; museum professionals committed to the promotion and protection of cultural heritage","publisher":{"@id":"https:\/\/icom.museum\/en\/#organization"},"potentialAction":[{"@type":"SearchAction","target":{"@type":"EntryPoint","urlTemplate":"https:\/\/icom.museum\/en\/?s={search_term_string}"},"query-input":{"@type":"PropertyValueSpecification","valueRequired":true,"valueName":"search_term_string"}}],"inLanguage":"fr-FR"},{"@type":"Organization","@id":"https:\/\/icom.museum\/en\/#organization","name":"International Council of Museums","url":"https:\/\/icom.museum\/en\/","logo":{"@type":"ImageObject","inLanguage":"fr-FR","@id":"https:\/\/icom.museum\/en\/#\/schema\/logo\/image\/","url":"https:\/\/icom.museum\/wp-content\/uploads\/2018\/07\/ICOM_M_.jpg","contentUrl":"https:\/\/icom.museum\/wp-content\/uploads\/2018\/07\/ICOM_M_.jpg","width":1721,"height":1721,"caption":"International Council of Museums"},"image":{"@id":"https:\/\/icom.museum\/en\/#\/schema\/logo\/image\/"}}]}},"_links":{"self":[{"href":"https:\/\/icom.museum\/fr\/wp-json\/wp\/v2\/pages\/5339"}],"collection":[{"href":"https:\/\/icom.museum\/fr\/wp-json\/wp\/v2\/pages"}],"about":[{"href":"https:\/\/icom.museum\/fr\/wp-json\/wp\/v2\/types\/page"}],"author":[{"embeddable":true,"href":"https:\/\/icom.museum\/fr\/wp-json\/wp\/v2\/users\/4"}],"replies":[{"embeddable":true,"href":"https:\/\/icom.museum\/fr\/wp-json\/wp\/v2\/comments?post=5339"}],"version-history":[{"count":18,"href":"https:\/\/icom.museum\/fr\/wp-json\/wp\/v2\/pages\/5339\/revisions"}],"predecessor-version":[{"id":66392,"href":"https:\/\/icom.museum\/fr\/wp-json\/wp\/v2\/pages\/5339\/revisions\/66392"}],"up":[{"embeddable":true,"href":"https:\/\/icom.museum\/fr\/wp-json\/wp\/v2\/pages\/6992"}],"wp:attachment":[{"href":"https:\/\/icom.museum\/fr\/wp-json\/wp\/v2\/media?parent=5339"}],"curies":[{"name":"wp","href":"https:\/\/api.w.org\/{rel}","templated":true}]}}