{"id":5343,"date":"2018-05-17T15:10:26","date_gmt":"2018-05-17T15:10:26","guid":{"rendered":"http:\/\/icom.museum\/?page_id=5343"},"modified":"2025-11-18T13:09:33","modified_gmt":"2025-11-18T11:09:33","slug":"comite-consultatif","status":"publish","type":"page","link":"https:\/\/icom.museum\/fr\/a-propos-de-licom\/comite-consultatif\/","title":{"rendered":"Conseil consultatif"},"content":{"rendered":"<h2>Le Conseil consultatif est l\u2019organe consultatif de l\u2019ICOM. Il se compose des Pr\u00e9sident(e)s (ou de leurs repr\u00e9sentant(e)s) des Comit\u00e9s nationaux et internationaux, des Alliances r\u00e9gionales et des Organisations affili\u00e9es.<\/h2>\n<p>Le Conseil consultatif conseille le Conseil d&#8217;administration et l\u2019Assembl\u00e9e g\u00e9n\u00e9rale dans l\u2019int\u00e9r\u00eat g\u00e9n\u00e9ral de l\u2019ICOM sur les questions ayant trait aux politiques, programmes, proc\u00e9dures et finances de l\u2019ICOM.<\/p>\n<p><strong>Yvonne Ploum<\/strong> (Pays-Bas) et <strong>Eunice B\u00e1ez S\u00e1nchez<\/strong> (Costa Rica) occupent actuellement les fonctions de pr\u00e9sidente et de vice-pr\u00e9sidente du Conseil consultatif. Elles ont \u00e9t\u00e9 \u00e9lues lors de la 99e session du Conseil consultatif, qui s&#8217;est tenue dans le cadre de la 27e Conf\u00e9rence g\u00e9n\u00e9rale de l&#8217;ICOM \u00e0 Duba\u00ef.<\/p>\n<p>Pour conna\u00eetre toute l&#8217;actualit\u00e9 du conseil consultatif, connectez-vous dans votre espace membre.<\/p>\n<p><span class=\"link_black\"><a href=\"https:\/\/icom.museum\/fr\/member\/\">Espace membre<\/a><\/span><\/p>\n<p>Dans l&#8217;image : la pr\u00e9sidente Yvonne Ploum (\u00e0 gauche) et la vice-pr\u00e9sidente Eunice B\u00e1ez S\u00e1nchez (\u00e0 droite) du Conseil consultatif.<\/p>\n","protected":false},"excerpt":{"rendered":"<p>Le Conseil consultatif est l\u2019organe consultatif de l\u2019ICOM. Il se compose des Pr\u00e9sident(e)s (ou de leurs repr\u00e9sentant(e)s) des Comit\u00e9s nationaux et internationaux, des Alliances r\u00e9gionales et des Organisations affili\u00e9es. Le Conseil consultatif conseille le Conseil d&#8217;administration et l\u2019Assembl\u00e9e g\u00e9n\u00e9rale dans l\u2019int\u00e9r\u00eat g\u00e9n\u00e9ral de l\u2019ICOM sur les questions ayant trait aux politiques, programmes, proc\u00e9dures et finances [&hellip;]<\/p>\n","protected":false},"author":4,"featured_media":0,"parent":6992,"menu_order":6,"comment_status":"closed","ping_status":"closed","template":"","meta":{"inline_featured_image":false,"footnotes":""},"class_list":["post-5343","page","type-page","status-publish","hentry"],"acf":[],"yoast_head":"<!-- This site is optimized with the Yoast SEO plugin v23.7 - https:\/\/yoast.com\/wordpress\/plugins\/seo\/ -->\n<title>Conseil consultatif - International Council of Museums<\/title>\n<meta name=\"robots\" content=\"index, follow, max-snippet:-1, max-image-preview:large, max-video-preview:-1\" \/>\n<link rel=\"canonical\" href=\"https:\/\/icom.museum\/fr\/a-propos-de-licom\/comite-consultatif\/\" \/>\n<meta property=\"og:locale\" content=\"fr_FR\" \/>\n<meta property=\"og:type\" content=\"article\" \/>\n<meta property=\"og:title\" content=\"Conseil consultatif - International Council of Museums\" \/>\n<meta property=\"og:description\" content=\"Le Conseil consultatif est l\u2019organe consultatif de l\u2019ICOM. Il se compose des Pr\u00e9sident(e)s (ou de leurs repr\u00e9sentant(e)s) des Comit\u00e9s nationaux et internationaux, des Alliances r\u00e9gionales et des Organisations affili\u00e9es. Le Conseil consultatif conseille le Conseil d&#8217;administration et l\u2019Assembl\u00e9e g\u00e9n\u00e9rale dans l\u2019int\u00e9r\u00eat g\u00e9n\u00e9ral de l\u2019ICOM sur les questions ayant trait aux politiques, programmes, proc\u00e9dures et finances [&hellip;]\" \/>\n<meta property=\"og:url\" content=\"https:\/\/icom.museum\/fr\/a-propos-de-licom\/comite-consultatif\/\" \/>\n<meta property=\"og:site_name\" content=\"International Council of Museums\" \/>\n<meta property=\"article:modified_time\" content=\"2025-11-18T11:09:33+00:00\" \/>\n<meta property=\"og:image\" content=\"https:\/\/icom.museum\/wp-content\/uploads\/2025\/11\/Website-Article-6.jpg\" \/>\n<meta name=\"twitter:card\" content=\"summary_large_image\" \/>\n<meta name=\"twitter:label1\" content=\"Dur\u00e9e de lecture estim\u00e9e\" \/>\n\t<meta name=\"twitter:data1\" content=\"1 minute\" \/>\n<script type=\"application\/ld+json\" class=\"yoast-schema-graph\">{\"@context\":\"https:\/\/schema.org\",\"@graph\":[{\"@type\":\"WebPage\",\"@id\":\"https:\/\/icom.museum\/fr\/a-propos-de-licom\/comite-consultatif\/\",\"url\":\"https:\/\/icom.museum\/fr\/a-propos-de-licom\/comite-consultatif\/\",\"name\":\"Conseil consultatif - International Council of Museums\",\"isPartOf\":{\"@id\":\"https:\/\/icom.museum\/en\/#website\"},\"datePublished\":\"2018-05-17T15:10:26+00:00\",\"dateModified\":\"2025-11-18T11:09:33+00:00\",\"breadcrumb\":{\"@id\":\"https:\/\/icom.museum\/fr\/a-propos-de-licom\/comite-consultatif\/#breadcrumb\"},\"inLanguage\":\"fr-FR\",\"potentialAction\":[{\"@type\":\"ReadAction\",\"target\":[\"https:\/\/icom.museum\/fr\/a-propos-de-licom\/comite-consultatif\/\"]}]},{\"@type\":\"BreadcrumbList\",\"@id\":\"https:\/\/icom.museum\/fr\/a-propos-de-licom\/comite-consultatif\/#breadcrumb\",\"itemListElement\":[{\"@type\":\"ListItem\",\"position\":1,\"name\":\"Home\",\"item\":\"https:\/\/icom.museum\/fr\/\"},{\"@type\":\"ListItem\",\"position\":2,\"name\":\"\u00c0 propos\",\"item\":\"https:\/\/icom.museum\/fr\/a-propos-de-licom\/\"},{\"@type\":\"ListItem\",\"position\":3,\"name\":\"Conseil consultatif\"}]},{\"@type\":\"WebSite\",\"@id\":\"https:\/\/icom.museum\/en\/#website\",\"url\":\"https:\/\/icom.museum\/en\/\",\"name\":\"International Council of Museums\",\"description\":\"A global organisation of museums &amp; museum professionals committed to the promotion and protection of cultural heritage\",\"publisher\":{\"@id\":\"https:\/\/icom.museum\/en\/#organization\"},\"potentialAction\":[{\"@type\":\"SearchAction\",\"target\":{\"@type\":\"EntryPoint\",\"urlTemplate\":\"https:\/\/icom.museum\/en\/?s={search_term_string}\"},\"query-input\":{\"@type\":\"PropertyValueSpecification\",\"valueRequired\":true,\"valueName\":\"search_term_string\"}}],\"inLanguage\":\"fr-FR\"},{\"@type\":\"Organization\",\"@id\":\"https:\/\/icom.museum\/en\/#organization\",\"name\":\"International Council of Museums\",\"url\":\"https:\/\/icom.museum\/en\/\",\"logo\":{\"@type\":\"ImageObject\",\"inLanguage\":\"fr-FR\",\"@id\":\"https:\/\/icom.museum\/en\/#\/schema\/logo\/image\/\",\"url\":\"https:\/\/icom.museum\/wp-content\/uploads\/2018\/07\/ICOM_M_.jpg\",\"contentUrl\":\"https:\/\/icom.museum\/wp-content\/uploads\/2018\/07\/ICOM_M_.jpg\",\"width\":1721,\"height\":1721,\"caption\":\"International Council of Museums\"},\"image\":{\"@id\":\"https:\/\/icom.museum\/en\/#\/schema\/logo\/image\/\"}}]}<\/script>\n<!-- \/ Yoast SEO plugin. -->","yoast_head_json":{"title":"Conseil consultatif - International Council of Museums","robots":{"index":"index","follow":"follow","max-snippet":"max-snippet:-1","max-image-preview":"max-image-preview:large","max-video-preview":"max-video-preview:-1"},"canonical":"https:\/\/icom.museum\/fr\/a-propos-de-licom\/comite-consultatif\/","og_locale":"fr_FR","og_type":"article","og_title":"Conseil consultatif - International Council of Museums","og_description":"Le Conseil consultatif est l\u2019organe consultatif de l\u2019ICOM. Il se compose des Pr\u00e9sident(e)s (ou de leurs repr\u00e9sentant(e)s) des Comit\u00e9s nationaux et internationaux, des Alliances r\u00e9gionales et des Organisations affili\u00e9es. Le Conseil consultatif conseille le Conseil d&#8217;administration et l\u2019Assembl\u00e9e g\u00e9n\u00e9rale dans l\u2019int\u00e9r\u00eat g\u00e9n\u00e9ral de l\u2019ICOM sur les questions ayant trait aux politiques, programmes, proc\u00e9dures et finances [&hellip;]","og_url":"https:\/\/icom.museum\/fr\/a-propos-de-licom\/comite-consultatif\/","og_site_name":"International Council of Museums","article_modified_time":"2025-11-18T11:09:33+00:00","og_image":[{"url":"https:\/\/icom.museum\/wp-content\/uploads\/2025\/11\/Website-Article-6.jpg"}],"twitter_card":"summary_large_image","twitter_misc":{"Dur\u00e9e de lecture estim\u00e9e":"1 minute"},"schema":{"@context":"https:\/\/schema.org","@graph":[{"@type":"WebPage","@id":"https:\/\/icom.museum\/fr\/a-propos-de-licom\/comite-consultatif\/","url":"https:\/\/icom.museum\/fr\/a-propos-de-licom\/comite-consultatif\/","name":"Conseil consultatif - International Council of Museums","isPartOf":{"@id":"https:\/\/icom.museum\/en\/#website"},"datePublished":"2018-05-17T15:10:26+00:00","dateModified":"2025-11-18T11:09:33+00:00","breadcrumb":{"@id":"https:\/\/icom.museum\/fr\/a-propos-de-licom\/comite-consultatif\/#breadcrumb"},"inLanguage":"fr-FR","potentialAction":[{"@type":"ReadAction","target":["https:\/\/icom.museum\/fr\/a-propos-de-licom\/comite-consultatif\/"]}]},{"@type":"BreadcrumbList","@id":"https:\/\/icom.museum\/fr\/a-propos-de-licom\/comite-consultatif\/#breadcrumb","itemListElement":[{"@type":"ListItem","position":1,"name":"Home","item":"https:\/\/icom.museum\/fr\/"},{"@type":"ListItem","position":2,"name":"\u00c0 propos","item":"https:\/\/icom.museum\/fr\/a-propos-de-licom\/"},{"@type":"ListItem","position":3,"name":"Conseil consultatif"}]},{"@type":"WebSite","@id":"https:\/\/icom.museum\/en\/#website","url":"https:\/\/icom.museum\/en\/","name":"International Council of Museums","description":"A global organisation of museums &amp; museum professionals committed to the promotion and protection of cultural heritage","publisher":{"@id":"https:\/\/icom.museum\/en\/#organization"},"potentialAction":[{"@type":"SearchAction","target":{"@type":"EntryPoint","urlTemplate":"https:\/\/icom.museum\/en\/?s={search_term_string}"},"query-input":{"@type":"PropertyValueSpecification","valueRequired":true,"valueName":"search_term_string"}}],"inLanguage":"fr-FR"},{"@type":"Organization","@id":"https:\/\/icom.museum\/en\/#organization","name":"International Council of Museums","url":"https:\/\/icom.museum\/en\/","logo":{"@type":"ImageObject","inLanguage":"fr-FR","@id":"https:\/\/icom.museum\/en\/#\/schema\/logo\/image\/","url":"https:\/\/icom.museum\/wp-content\/uploads\/2018\/07\/ICOM_M_.jpg","contentUrl":"https:\/\/icom.museum\/wp-content\/uploads\/2018\/07\/ICOM_M_.jpg","width":1721,"height":1721,"caption":"International Council of Museums"},"image":{"@id":"https:\/\/icom.museum\/en\/#\/schema\/logo\/image\/"}}]}},"_links":{"self":[{"href":"https:\/\/icom.museum\/fr\/wp-json\/wp\/v2\/pages\/5343"}],"collection":[{"href":"https:\/\/icom.museum\/fr\/wp-json\/wp\/v2\/pages"}],"about":[{"href":"https:\/\/icom.museum\/fr\/wp-json\/wp\/v2\/types\/page"}],"author":[{"embeddable":true,"href":"https:\/\/icom.museum\/fr\/wp-json\/wp\/v2\/users\/4"}],"replies":[{"embeddable":true,"href":"https:\/\/icom.museum\/fr\/wp-json\/wp\/v2\/comments?post=5343"}],"version-history":[{"count":18,"href":"https:\/\/icom.museum\/fr\/wp-json\/wp\/v2\/pages\/5343\/revisions"}],"predecessor-version":[{"id":66379,"href":"https:\/\/icom.museum\/fr\/wp-json\/wp\/v2\/pages\/5343\/revisions\/66379"}],"up":[{"embeddable":true,"href":"https:\/\/icom.museum\/fr\/wp-json\/wp\/v2\/pages\/6992"}],"wp:attachment":[{"href":"https:\/\/icom.museum\/fr\/wp-json\/wp\/v2\/media?parent=5343"}],"curies":[{"name":"wp","href":"https:\/\/api.w.org\/{rel}","templated":true}]}}