{"id":5347,"date":"2018-05-17T15:12:50","date_gmt":"2018-05-17T15:12:50","guid":{"rendered":"http:\/\/icom.museum\/?page_id=5347"},"modified":"2025-01-23T13:38:10","modified_gmt":"2025-01-23T11:38:10","slug":"comites-de-licom","status":"publish","type":"page","link":"https:\/\/icom.museum\/fr\/a-propos-de-licom\/comites-de-licom\/","title":{"rendered":"Comit\u00e9s de l\u2019ICOM"},"content":{"rendered":"<h2>Les comit\u00e9s de l\u2019ICOM repr\u00e9sentent les mus\u00e9es et leurs professionnels au sein de l\u2019association. Ils contribuent aux ressources, \u00e0 la vitalit\u00e9 et \u00e0 la diversit\u00e9 de l\u2019ICOM.<\/h2>\n<div class=\"separator\">\n<p><strong>Comit\u00e9s nationaux<\/strong><\/p>\n<\/div>\n<p>Les <strong>120 Comit\u00e9s nationaux<\/strong> r\u00e9partissent les membres de l\u2019ICOM au niveau national et veillent aux int\u00e9r\u00eats des mus\u00e9es et de leurs professionnels dans leurs pays respectifs. Ils repr\u00e9sentent leurs membres au sein de l\u2019ICOM et contribuent \u00e0 la r\u00e9alisation des programmes de l\u2019association.<\/p>\n<div class=\"separator\">\n<p><strong>Comit\u00e9s internationaux<\/strong><\/p>\n<\/div>\n<p>Les <strong>35 Comit\u00e9s internationaux<\/strong> r\u00e9unissent des experts des diff\u00e9rentes sp\u00e9cialit\u00e9s mus\u00e9ales.\u00a0Ce sont des groupes de r\u00e9flexion mondiaux sur les mus\u00e9es et, plus g\u00e9n\u00e9ralement, sur le patrimoine et les probl\u00e9matiques mus\u00e9ales. Ils d\u00e9finissent des normes, \u00e9tablissent des recommandations et partagent leur exp\u00e9rience professionnelle et leurs informations scientifiques avec les membres de l\u2019ICOM.<\/p>\n<div class=\"separator\">\n<p><strong>Alliances r\u00e9gionales<\/strong><\/p>\n<\/div>\n<p>Les <strong>7<\/strong>\u00a0<strong>Alliances r\u00e9gionales<\/strong> sont des forums qui encouragent le dialogue et l\u2019\u00e9change d\u2019informations entre les Comit\u00e9s nationaux d\u2019une zone g\u00e9ographique donn\u00e9e.<\/p>\n<div class=\"separator\">\n<p><strong>Organisations affili\u00e9es<\/strong><\/p>\n<\/div>\n<p>Les Organisations affili\u00e9es sont des associations internationales ou comit\u00e9s qui peuvent servir les int\u00e9r\u00eats des mus\u00e9es et de leurs professionnels. Il s\u2019agit d\u2019entit\u00e9s distinctes, mais qui participent aux activit\u00e9s de l\u2019ICOM et contribuent \u00e0 l\u2019influence de l\u2019ICOM et de son r\u00e9seau.<\/p>\n<div class=\"separator\">\n<p><strong>Comit\u00e9s permanents<\/strong> <strong>et Groupes de travail <\/strong><\/p>\n<\/div>\n<p>Les Comit\u00e9s permanents et les Groupes de travail sont mandat\u00e9s par le Pr\u00e9sident et le Comit\u00e9 ex\u00e9cutif pour fournir des conseils et de l\u2019expertise sur les aspects essentiels de l&#8217;association et sur des sujets d\u2019importance pour la communaut\u00e9 mondiale des mus\u00e9es. Un Comit\u00e9 permanent est par d\u00e9finition permanent tandis que le mandat d\u2019un Groupe de travail est limit\u00e9. Les Comit\u00e9s permanents et les Groupes de travail r\u00e9unissent les experts internationaux de l\u2019ICOM afin d\u2019\u00e9valuer les r\u00e9formes et les r\u00e8gles qui contribuent \u00e0 l\u2019efficacit\u00e9 de la gestion de l\u2019ICOM.<\/p>\n<p>&nbsp;<\/p>\n","protected":false},"excerpt":{"rendered":"<p>Les comit\u00e9s de l\u2019ICOM repr\u00e9sentent les mus\u00e9es et leurs professionnels au sein de l\u2019association. Ils contribuent aux ressources, \u00e0 la vitalit\u00e9 et \u00e0 la diversit\u00e9 de l\u2019ICOM. Comit\u00e9s nationaux Les 120 Comit\u00e9s nationaux r\u00e9partissent les membres de l\u2019ICOM au niveau national et veillent aux int\u00e9r\u00eats des mus\u00e9es et de leurs professionnels dans leurs pays respectifs. [&hellip;]<\/p>\n","protected":false},"author":4,"featured_media":0,"parent":6992,"menu_order":4,"comment_status":"closed","ping_status":"closed","template":"","meta":{"inline_featured_image":false,"footnotes":""},"class_list":["post-5347","page","type-page","status-publish","hentry"],"acf":[],"yoast_head":"<!-- This site is optimized with the Yoast SEO plugin v23.7 - https:\/\/yoast.com\/wordpress\/plugins\/seo\/ -->\n<title>Comit\u00e9s de l\u2019ICOM - International Council of Museums<\/title>\n<meta name=\"robots\" content=\"index, follow, max-snippet:-1, max-image-preview:large, max-video-preview:-1\" \/>\n<link rel=\"canonical\" href=\"https:\/\/icom.museum\/fr\/a-propos-de-licom\/comites-de-licom\/\" \/>\n<meta property=\"og:locale\" content=\"fr_FR\" \/>\n<meta property=\"og:type\" content=\"article\" \/>\n<meta property=\"og:title\" content=\"Comit\u00e9s de l\u2019ICOM - International Council of Museums\" \/>\n<meta property=\"og:description\" content=\"Les comit\u00e9s de l\u2019ICOM repr\u00e9sentent les mus\u00e9es et leurs professionnels au sein de l\u2019association. Ils contribuent aux ressources, \u00e0 la vitalit\u00e9 et \u00e0 la diversit\u00e9 de l\u2019ICOM. Comit\u00e9s nationaux Les 120 Comit\u00e9s nationaux r\u00e9partissent les membres de l\u2019ICOM au niveau national et veillent aux int\u00e9r\u00eats des mus\u00e9es et de leurs professionnels dans leurs pays respectifs. [&hellip;]\" \/>\n<meta property=\"og:url\" content=\"https:\/\/icom.museum\/fr\/a-propos-de-licom\/comites-de-licom\/\" \/>\n<meta property=\"og:site_name\" content=\"International Council of Museums\" \/>\n<meta property=\"article:modified_time\" content=\"2025-01-23T11:38:10+00:00\" \/>\n<meta property=\"og:image\" content=\"https:\/\/icom.museum\/wp-content\/uploads\/2018\/07\/IMG_7526.jpg\" \/>\n<meta name=\"twitter:card\" content=\"summary_large_image\" \/>\n<meta name=\"twitter:label1\" content=\"Dur\u00e9e de lecture estim\u00e9e\" \/>\n\t<meta name=\"twitter:data1\" content=\"2 minutes\" \/>\n<script type=\"application\/ld+json\" class=\"yoast-schema-graph\">{\"@context\":\"https:\/\/schema.org\",\"@graph\":[{\"@type\":\"WebPage\",\"@id\":\"https:\/\/icom.museum\/fr\/a-propos-de-licom\/comites-de-licom\/\",\"url\":\"https:\/\/icom.museum\/fr\/a-propos-de-licom\/comites-de-licom\/\",\"name\":\"Comit\u00e9s de l\u2019ICOM - International Council of Museums\",\"isPartOf\":{\"@id\":\"https:\/\/icom.museum\/en\/#website\"},\"datePublished\":\"2018-05-17T15:12:50+00:00\",\"dateModified\":\"2025-01-23T11:38:10+00:00\",\"breadcrumb\":{\"@id\":\"https:\/\/icom.museum\/fr\/a-propos-de-licom\/comites-de-licom\/#breadcrumb\"},\"inLanguage\":\"fr-FR\",\"potentialAction\":[{\"@type\":\"ReadAction\",\"target\":[\"https:\/\/icom.museum\/fr\/a-propos-de-licom\/comites-de-licom\/\"]}]},{\"@type\":\"BreadcrumbList\",\"@id\":\"https:\/\/icom.museum\/fr\/a-propos-de-licom\/comites-de-licom\/#breadcrumb\",\"itemListElement\":[{\"@type\":\"ListItem\",\"position\":1,\"name\":\"Home\",\"item\":\"https:\/\/icom.museum\/fr\/\"},{\"@type\":\"ListItem\",\"position\":2,\"name\":\"\u00c0 propos\",\"item\":\"https:\/\/icom.museum\/fr\/a-propos-de-licom\/\"},{\"@type\":\"ListItem\",\"position\":3,\"name\":\"Comit\u00e9s de l\u2019ICOM\"}]},{\"@type\":\"WebSite\",\"@id\":\"https:\/\/icom.museum\/en\/#website\",\"url\":\"https:\/\/icom.museum\/en\/\",\"name\":\"International Council of Museums\",\"description\":\"A global organisation of museums &amp; museum professionals committed to the promotion and protection of cultural heritage\",\"publisher\":{\"@id\":\"https:\/\/icom.museum\/en\/#organization\"},\"potentialAction\":[{\"@type\":\"SearchAction\",\"target\":{\"@type\":\"EntryPoint\",\"urlTemplate\":\"https:\/\/icom.museum\/en\/?s={search_term_string}\"},\"query-input\":{\"@type\":\"PropertyValueSpecification\",\"valueRequired\":true,\"valueName\":\"search_term_string\"}}],\"inLanguage\":\"fr-FR\"},{\"@type\":\"Organization\",\"@id\":\"https:\/\/icom.museum\/en\/#organization\",\"name\":\"International Council of Museums\",\"url\":\"https:\/\/icom.museum\/en\/\",\"logo\":{\"@type\":\"ImageObject\",\"inLanguage\":\"fr-FR\",\"@id\":\"https:\/\/icom.museum\/en\/#\/schema\/logo\/image\/\",\"url\":\"https:\/\/icom.museum\/wp-content\/uploads\/2018\/07\/ICOM_M_.jpg\",\"contentUrl\":\"https:\/\/icom.museum\/wp-content\/uploads\/2018\/07\/ICOM_M_.jpg\",\"width\":1721,\"height\":1721,\"caption\":\"International Council of Museums\"},\"image\":{\"@id\":\"https:\/\/icom.museum\/en\/#\/schema\/logo\/image\/\"}}]}<\/script>\n<!-- \/ Yoast SEO plugin. -->","yoast_head_json":{"title":"Comit\u00e9s de l\u2019ICOM - International Council of Museums","robots":{"index":"index","follow":"follow","max-snippet":"max-snippet:-1","max-image-preview":"max-image-preview:large","max-video-preview":"max-video-preview:-1"},"canonical":"https:\/\/icom.museum\/fr\/a-propos-de-licom\/comites-de-licom\/","og_locale":"fr_FR","og_type":"article","og_title":"Comit\u00e9s de l\u2019ICOM - International Council of Museums","og_description":"Les comit\u00e9s de l\u2019ICOM repr\u00e9sentent les mus\u00e9es et leurs professionnels au sein de l\u2019association. Ils contribuent aux ressources, \u00e0 la vitalit\u00e9 et \u00e0 la diversit\u00e9 de l\u2019ICOM. Comit\u00e9s nationaux Les 120 Comit\u00e9s nationaux r\u00e9partissent les membres de l\u2019ICOM au niveau national et veillent aux int\u00e9r\u00eats des mus\u00e9es et de leurs professionnels dans leurs pays respectifs. [&hellip;]","og_url":"https:\/\/icom.museum\/fr\/a-propos-de-licom\/comites-de-licom\/","og_site_name":"International Council of Museums","article_modified_time":"2025-01-23T11:38:10+00:00","og_image":[{"url":"https:\/\/icom.museum\/wp-content\/uploads\/2018\/07\/IMG_7526.jpg"}],"twitter_card":"summary_large_image","twitter_misc":{"Dur\u00e9e de lecture estim\u00e9e":"2 minutes"},"schema":{"@context":"https:\/\/schema.org","@graph":[{"@type":"WebPage","@id":"https:\/\/icom.museum\/fr\/a-propos-de-licom\/comites-de-licom\/","url":"https:\/\/icom.museum\/fr\/a-propos-de-licom\/comites-de-licom\/","name":"Comit\u00e9s de l\u2019ICOM - International Council of Museums","isPartOf":{"@id":"https:\/\/icom.museum\/en\/#website"},"datePublished":"2018-05-17T15:12:50+00:00","dateModified":"2025-01-23T11:38:10+00:00","breadcrumb":{"@id":"https:\/\/icom.museum\/fr\/a-propos-de-licom\/comites-de-licom\/#breadcrumb"},"inLanguage":"fr-FR","potentialAction":[{"@type":"ReadAction","target":["https:\/\/icom.museum\/fr\/a-propos-de-licom\/comites-de-licom\/"]}]},{"@type":"BreadcrumbList","@id":"https:\/\/icom.museum\/fr\/a-propos-de-licom\/comites-de-licom\/#breadcrumb","itemListElement":[{"@type":"ListItem","position":1,"name":"Home","item":"https:\/\/icom.museum\/fr\/"},{"@type":"ListItem","position":2,"name":"\u00c0 propos","item":"https:\/\/icom.museum\/fr\/a-propos-de-licom\/"},{"@type":"ListItem","position":3,"name":"Comit\u00e9s de l\u2019ICOM"}]},{"@type":"WebSite","@id":"https:\/\/icom.museum\/en\/#website","url":"https:\/\/icom.museum\/en\/","name":"International Council of Museums","description":"A global organisation of museums &amp; museum professionals committed to the promotion and protection of cultural heritage","publisher":{"@id":"https:\/\/icom.museum\/en\/#organization"},"potentialAction":[{"@type":"SearchAction","target":{"@type":"EntryPoint","urlTemplate":"https:\/\/icom.museum\/en\/?s={search_term_string}"},"query-input":{"@type":"PropertyValueSpecification","valueRequired":true,"valueName":"search_term_string"}}],"inLanguage":"fr-FR"},{"@type":"Organization","@id":"https:\/\/icom.museum\/en\/#organization","name":"International Council of Museums","url":"https:\/\/icom.museum\/en\/","logo":{"@type":"ImageObject","inLanguage":"fr-FR","@id":"https:\/\/icom.museum\/en\/#\/schema\/logo\/image\/","url":"https:\/\/icom.museum\/wp-content\/uploads\/2018\/07\/ICOM_M_.jpg","contentUrl":"https:\/\/icom.museum\/wp-content\/uploads\/2018\/07\/ICOM_M_.jpg","width":1721,"height":1721,"caption":"International Council of Museums"},"image":{"@id":"https:\/\/icom.museum\/en\/#\/schema\/logo\/image\/"}}]}},"_links":{"self":[{"href":"https:\/\/icom.museum\/fr\/wp-json\/wp\/v2\/pages\/5347"}],"collection":[{"href":"https:\/\/icom.museum\/fr\/wp-json\/wp\/v2\/pages"}],"about":[{"href":"https:\/\/icom.museum\/fr\/wp-json\/wp\/v2\/types\/page"}],"author":[{"embeddable":true,"href":"https:\/\/icom.museum\/fr\/wp-json\/wp\/v2\/users\/4"}],"replies":[{"embeddable":true,"href":"https:\/\/icom.museum\/fr\/wp-json\/wp\/v2\/comments?post=5347"}],"version-history":[{"count":14,"href":"https:\/\/icom.museum\/fr\/wp-json\/wp\/v2\/pages\/5347\/revisions"}],"predecessor-version":[{"id":61952,"href":"https:\/\/icom.museum\/fr\/wp-json\/wp\/v2\/pages\/5347\/revisions\/61952"}],"up":[{"embeddable":true,"href":"https:\/\/icom.museum\/fr\/wp-json\/wp\/v2\/pages\/6992"}],"wp:attachment":[{"href":"https:\/\/icom.museum\/fr\/wp-json\/wp\/v2\/media?parent=5347"}],"curies":[{"name":"wp","href":"https:\/\/api.w.org\/{rel}","templated":true}]}}