{"id":57049,"date":"2024-03-06T17:59:11","date_gmt":"2024-03-06T15:59:11","guid":{"rendered":"https:\/\/icom.museum\/?page_id=57049"},"modified":"2025-11-25T12:02:00","modified_gmt":"2025-11-25T10:02:00","slug":"icom-award","status":"publish","type":"page","link":"https:\/\/icom.museum\/fr\/participez\/icom-award\/","title":{"rendered":"ICOM Award"},"content":{"rendered":"<h2><b>En savoir plus sur le Prix ICOM pour les pratiques de d\u00e9veloppement durable dans les mus\u00e9es<\/b><\/h2>\n<div class=\"separator\">\n<p>\u00c0 propos du Prix ICOM<\/p>\n<\/div>\n<p>En 2023, l&#8217;ICOM a lanc\u00e9 le premier prix mondial qui r\u00e9compense les initiatives innovantes et les pratiques exemplaires des mus\u00e9es en mati\u00e8re de d\u00e9veloppement durable.<\/p>\n<p>En tant qu&#8217;organisation mondiale, l&#8217;ICOM vise \u00e0 d\u00e9montrer les diff\u00e9rentes fa\u00e7ons dont le secteur mus\u00e9al contribue au d\u00e9veloppement durable et \u00e0 inspirer les mus\u00e9es et les professionnels du monde entier \u00e0 lancer ou \u00e0 renforcer leurs efforts en faveur du d\u00e9veloppement durable dans la pratique. Le projet a \u00e9t\u00e9 d\u00e9velopp\u00e9 conform\u00e9ment \u00e0 la <a href=\"http:\/\/chrome-extension\/efaidnbmnnnibpcajpcglclefindmkaj\/https:\/icom.museum\/wp-content\/uploads\/2021\/01\/Resolution-sustainability-EN-2.pdf\">r\u00e9solution de Kyoto de 2019 de l&#8217;ICOM sur la durabilit\u00e9 et la mise en \u0153uvre de l&#8217;Agenda 2030, Transformer notre monde<\/a>, et au <a href=\"https:\/\/icom.museum\/wp-content\/uploads\/2022\/08\/FR_OGA2022_StrategicPlan_Final_.pdf\">plan strat\u00e9gique de l&#8217;ICOM.<\/a><\/p>\n<p>Lors de la <b>27e Conf\u00e9rence g\u00e9n\u00e9rale de l&#8217;ICOM \u00e0 Duba\u00ef<\/b>, le <b>Barbados Museum &amp; Historical Society<\/b> (BMHS) a \u00e9t\u00e9 d\u00e9sign\u00e9 laur\u00e9at du Prix ICOM pour les pratiques de d\u00e9veloppement durable dans les mus\u00e9es pour son projet <i>\u00ab Histoires partag\u00e9es entre l&#8217;\u00c9cosse et les Cara\u00efbes : \u00e9change transnational de jeunes \u00bb.<\/i><\/p>\n<p><img loading=\"lazy\" decoding=\"async\" class=\"aligncenter size-large wp-image-66313\" src=\"https:\/\/icom.museum\/wp-content\/uploads\/2025\/11\/DAY3_ICOM-02113-1024x683.jpg\" alt=\"\" width=\"1024\" height=\"683\" srcset=\"https:\/\/icom.museum\/wp-content\/uploads\/2025\/11\/DAY3_ICOM-02113-1024x683.jpg 1024w, https:\/\/icom.museum\/wp-content\/uploads\/2025\/11\/DAY3_ICOM-02113-300x200.jpg 300w, https:\/\/icom.museum\/wp-content\/uploads\/2025\/11\/DAY3_ICOM-02113-768x512.jpg 768w, https:\/\/icom.museum\/wp-content\/uploads\/2025\/11\/DAY3_ICOM-02113-1536x1024.jpg 1536w, https:\/\/icom.museum\/wp-content\/uploads\/2025\/11\/DAY3_ICOM-02113-2048x1366.jpg 2048w\" sizes=\"(max-width: 1024px) 100vw, 1024px\" \/><\/p>\n<div class=\"separator\">\n<p>Le Prix ICOM en chiffres<\/p>\n<\/div>\n<ul>\n<li><b>117<\/b> organismes de l&#8217;ICOM ont particip\u00e9 au processus d&#8217;approbation<\/li>\n<\/ul>\n<ul>\n<li><b>250<\/b> participants ont assist\u00e9 aux sessions de renforcement des capacit\u00e9s du Prix ICOM organis\u00e9es avec Curating Tomorrow et l&#8217;ICCROM<\/li>\n<\/ul>\n<ul>\n<li><b>150<\/b> candidatures ont \u00e9t\u00e9 re\u00e7ues de 60 pays lors de l&#8217;appel \u00e0 candidatures ouvert de mai \u00e0 novembre 2024<\/li>\n<\/ul>\n<ul>\n<li><b>7<\/b> membres ont compos\u00e9 le jury du Prix ICOM, pr\u00e9sid\u00e9 par le pr\u00e9sident de l&#8217;ICOM SUSTAIN, le Comit\u00e9 international sur les mus\u00e9es et le d\u00e9veloppement durable.<\/li>\n<\/ul>\n<ul>\n<li><b>130<\/b> projets ont constitu\u00e9 la liste pr\u00e9liminaire<\/li>\n<\/ul>\n<ul>\n<li><b>25<\/b> projets ont \u00e9t\u00e9 pr\u00e9s\u00e9lectionn\u00e9s<\/li>\n<\/ul>\n<ul>\n<li><b>5<\/b> projets ont \u00e9t\u00e9 s\u00e9lectionn\u00e9s comme finalistes<\/li>\n<\/ul>\n<div class=\"separator\">\n<p>La liste pr\u00e9liminaire du Prix ICOM<\/p>\n<\/div>\n<p><img loading=\"lazy\" decoding=\"async\" class=\"aligncenter size-large wp-image-66613\" src=\"https:\/\/icom.museum\/wp-content\/uploads\/2025\/11\/39e99b93-520c-4d6e-8329-ea73c561dcdb-1024x576.png\" alt=\"\" width=\"1024\" height=\"576\" srcset=\"https:\/\/icom.museum\/wp-content\/uploads\/2025\/11\/39e99b93-520c-4d6e-8329-ea73c561dcdb-1024x576.png 1024w, https:\/\/icom.museum\/wp-content\/uploads\/2025\/11\/39e99b93-520c-4d6e-8329-ea73c561dcdb-300x169.png 300w, https:\/\/icom.museum\/wp-content\/uploads\/2025\/11\/39e99b93-520c-4d6e-8329-ea73c561dcdb-768x432.png 768w, https:\/\/icom.museum\/wp-content\/uploads\/2025\/11\/39e99b93-520c-4d6e-8329-ea73c561dcdb-1536x864.png 1536w, https:\/\/icom.museum\/wp-content\/uploads\/2025\/11\/39e99b93-520c-4d6e-8329-ea73c561dcdb.png 1852w\" sizes=\"(max-width: 1024px) 100vw, 1024px\" \/><\/p>\n<p>La liste pr\u00e9liminaire du Prix ICOM a \u00e9t\u00e9 publi\u00e9e dans le but de reconna\u00eetre les efforts des mus\u00e9es du monde entier qui contribuent aux objectifs de d\u00e9veloppement durable. Les 130 projets ont \u00e9t\u00e9 soumis dans 5 cat\u00e9gories : <b>Personnes, Plan\u00e8te, Prosp\u00e9rit\u00e9, Paix et Partenariat<\/b>, bas\u00e9es sur les cinq dimensions des objectifs de d\u00e9veloppement durable.<\/p>\n<p>Cette liste refl\u00e8te la diversit\u00e9, la cr\u00e9ativit\u00e9 et l&#8217;engagement des mus\u00e9es \u00e0 travers le monde. Elle rend hommage aux professionnels et aux institutions qui s&#8217;efforcent d&#8217;exploiter le potentiel des mus\u00e9es pour construire un avenir plus durable et plus \u00e9quitable.<\/p>\n<div class=\"separator\">\n<p>La liste restreinte du prix ICOM<\/p>\n<\/div>\n<p>Les 25 projets pr\u00e9s\u00e9lectionn\u00e9s repr\u00e9sentent la s\u00e9lection du jury du prix ICOM parmi les pratiques mus\u00e9ales exemplaires qui contribuent au d\u00e9veloppement durable de nos soci\u00e9t\u00e9s. La liste comprend des initiatives mus\u00e9ales qui int\u00e8grent les principes du d\u00e9veloppement durable dans leurs missions fondamentales, leurs activit\u00e9s et leur engagement communautaire, d\u00e9montrant ainsi comment les institutions culturelles peuvent \u00eatre \u00e0 l&#8217;origine de changements positifs pour la soci\u00e9t\u00e9.<\/p>\n<div class=\"separator\">\n<p><iframe loading=\"lazy\" style=\"border: 0;\" src=\"https:\/\/icomuseums.maps.arcgis.com\/apps\/instant\/basic\/index.html?appid=0a10f576025b4241a8f54ff0b29a037a\" width=\"1200\" height=\"800\" frameborder=\"0\" allowfullscreen=\"allowfullscreen\">iFrames are not supported on this page.<\/iframe><\/p>\n<p>Les finalistes du Prix ICOM<\/p>\n<\/div>\n<p>Apr\u00e8s un processus de s\u00e9lection rigoureux, cinq projets ont \u00e9t\u00e9 retenus par le jury du Prix ICOM pour faire partie des finalistes.<\/p>\n<p>Les projets ont \u00e9t\u00e9 \u00e9valu\u00e9s en fonction de (i) leur contribution \u00e0 l&#8217;Agenda 2030 et aux objectifs de d\u00e9veloppement durable (SDG), (ii) leur impact et leurs r\u00e9sultats tangibles, (iii) leur caract\u00e8re inclusif et (iv) les r\u00e9sultats des projets sur la base des contributions.<\/p>\n<ul>\n<li><strong>Galerie nationale de Victoria, Australie<\/strong><\/li>\n<li><strong>Mus\u00e9e et soci\u00e9t\u00e9 historique de la Barbade (BMHS), Barbade<\/strong><\/li>\n<li><strong>Mus\u00e9e municipal de Gand (STAM), Belgique<\/strong><\/li>\n<li><strong>Mus\u00e9e d&#8217;art contemporain Ars Aevi, Sarajevo, Bosnie-Herz\u00e9govine<\/strong><\/li>\n<li><strong>Association des mus\u00e9es de Namibie \/ IDG, Namibie<\/strong><\/li>\n<\/ul>\n<div class=\"separator\">\n<p>Ressources suppl\u00e9mentaires<\/p>\n<\/div>\n<p><span class=\"link_red\"><a href=\"https:\/\/youtu.be\/rOjQIWWyuM0\">Session de renforcement des capacit\u00e9s sur les pratiques de d\u00e9veloppement durable pour les mus\u00e9es, en collaboration avec l&#8217;ICCROM et Curating Tomorrow<\/a><\/span><\/p>\n<p><span class=\"link_blue\"><a href=\"https:\/\/icom.museum\/wp-content\/uploads\/2024\/03\/Henry-McGhie_Agenda-2030-and-the-5Ps_ICOM-Award.pdf\">Pr\u00e9sentation de Henry McGhie sur l&#8217;Agenda 2030 et les 5P<\/a><\/span><\/p>\n<p><span class=\"link_yellow\"><a href=\"https:\/\/icom.museum\/wp-content\/uploads\/2024\/03\/Jose-Luiz-Pederzoli_ICCROM_Our-collections-matter.pdf\">Pr\u00e9sentation de Jos\u00e9-Luiz Pederzoli sur la bo\u00eete \u00e0 outils \u00ab Our Collections Matter \u00bb de l&#8217;ICCROM<\/a><\/span><\/p>\n<p><span class=\"link_black\"><a href=\"https:\/\/ocm.iccrom.org\/\">Bo\u00eete \u00e0 outils OCM<\/a><\/span><\/p>\n","protected":false},"excerpt":{"rendered":"<p>En savoir plus sur le Prix ICOM pour les pratiques de d\u00e9veloppement durable dans les mus\u00e9es \u00c0 propos du Prix ICOM En 2023, l&#8217;ICOM a lanc\u00e9 le premier prix mondial qui r\u00e9compense les initiatives innovantes et les pratiques exemplaires des mus\u00e9es en mati\u00e8re de d\u00e9veloppement durable. En tant qu&#8217;organisation mondiale, l&#8217;ICOM vise \u00e0 d\u00e9montrer les [&hellip;]<\/p>\n","protected":false},"author":4,"featured_media":0,"parent":6981,"menu_order":7,"comment_status":"closed","ping_status":"closed","template":"","meta":{"inline_featured_image":false,"footnotes":""},"class_list":["post-57049","page","type-page","status-publish","hentry"],"acf":[],"yoast_head":"<!-- This site is optimized with the Yoast SEO plugin v23.7 - https:\/\/yoast.com\/wordpress\/plugins\/seo\/ -->\n<title>ICOM Award - International Council of Museums<\/title>\n<meta name=\"robots\" content=\"index, follow, max-snippet:-1, max-image-preview:large, max-video-preview:-1\" \/>\n<link rel=\"canonical\" href=\"https:\/\/icom.museum\/fr\/participez\/icom-award\/\" \/>\n<meta property=\"og:locale\" content=\"fr_FR\" \/>\n<meta property=\"og:type\" content=\"article\" \/>\n<meta property=\"og:title\" content=\"ICOM Award - International Council of Museums\" \/>\n<meta property=\"og:description\" content=\"En savoir plus sur le Prix ICOM pour les pratiques de d\u00e9veloppement durable dans les mus\u00e9es \u00c0 propos du Prix ICOM En 2023, l&#8217;ICOM a lanc\u00e9 le premier prix mondial qui r\u00e9compense les initiatives innovantes et les pratiques exemplaires des mus\u00e9es en mati\u00e8re de d\u00e9veloppement durable. En tant qu&#8217;organisation mondiale, l&#8217;ICOM vise \u00e0 d\u00e9montrer les [&hellip;]\" \/>\n<meta property=\"og:url\" content=\"https:\/\/icom.museum\/fr\/participez\/icom-award\/\" \/>\n<meta property=\"og:site_name\" content=\"International Council of Museums\" \/>\n<meta property=\"article:modified_time\" content=\"2025-11-25T10:02:00+00:00\" \/>\n<meta property=\"og:image\" content=\"https:\/\/icom.museum\/wp-content\/uploads\/2025\/11\/DAY3_ICOM-02113-scaled.jpg\" \/>\n\t<meta property=\"og:image:width\" content=\"2560\" \/>\n\t<meta property=\"og:image:height\" content=\"1707\" \/>\n\t<meta property=\"og:image:type\" content=\"image\/jpeg\" \/>\n<meta name=\"twitter:card\" content=\"summary_large_image\" \/>\n<meta name=\"twitter:label1\" content=\"Dur\u00e9e de lecture estim\u00e9e\" \/>\n\t<meta name=\"twitter:data1\" content=\"4 minutes\" \/>\n<script type=\"application\/ld+json\" class=\"yoast-schema-graph\">{\"@context\":\"https:\/\/schema.org\",\"@graph\":[{\"@type\":\"WebPage\",\"@id\":\"https:\/\/icom.museum\/fr\/participez\/icom-award\/\",\"url\":\"https:\/\/icom.museum\/fr\/participez\/icom-award\/\",\"name\":\"ICOM Award - International Council of Museums\",\"isPartOf\":{\"@id\":\"https:\/\/icom.museum\/en\/#website\"},\"primaryImageOfPage\":{\"@id\":\"https:\/\/icom.museum\/fr\/participez\/icom-award\/#primaryimage\"},\"image\":{\"@id\":\"https:\/\/icom.museum\/fr\/participez\/icom-award\/#primaryimage\"},\"thumbnailUrl\":\"https:\/\/icom.museum\/wp-content\/uploads\/2025\/11\/DAY3_ICOM-02113-1024x683.jpg\",\"datePublished\":\"2024-03-06T15:59:11+00:00\",\"dateModified\":\"2025-11-25T10:02:00+00:00\",\"breadcrumb\":{\"@id\":\"https:\/\/icom.museum\/fr\/participez\/icom-award\/#breadcrumb\"},\"inLanguage\":\"fr-FR\",\"potentialAction\":[{\"@type\":\"ReadAction\",\"target\":[\"https:\/\/icom.museum\/fr\/participez\/icom-award\/\"]}]},{\"@type\":\"ImageObject\",\"inLanguage\":\"fr-FR\",\"@id\":\"https:\/\/icom.museum\/fr\/participez\/icom-award\/#primaryimage\",\"url\":\"https:\/\/icom.museum\/wp-content\/uploads\/2025\/11\/DAY3_ICOM-02113-1024x683.jpg\",\"contentUrl\":\"https:\/\/icom.museum\/wp-content\/uploads\/2025\/11\/DAY3_ICOM-02113-1024x683.jpg\"},{\"@type\":\"BreadcrumbList\",\"@id\":\"https:\/\/icom.museum\/fr\/participez\/icom-award\/#breadcrumb\",\"itemListElement\":[{\"@type\":\"ListItem\",\"position\":1,\"name\":\"Home\",\"item\":\"https:\/\/icom.museum\/fr\/\"},{\"@type\":\"ListItem\",\"position\":2,\"name\":\"S&#8217;engager\",\"item\":\"https:\/\/icom.museum\/fr\/participez\/\"},{\"@type\":\"ListItem\",\"position\":3,\"name\":\"ICOM Award\"}]},{\"@type\":\"WebSite\",\"@id\":\"https:\/\/icom.museum\/en\/#website\",\"url\":\"https:\/\/icom.museum\/en\/\",\"name\":\"International Council of Museums\",\"description\":\"A global organisation of museums &amp; museum professionals committed to the promotion and protection of cultural heritage\",\"publisher\":{\"@id\":\"https:\/\/icom.museum\/en\/#organization\"},\"potentialAction\":[{\"@type\":\"SearchAction\",\"target\":{\"@type\":\"EntryPoint\",\"urlTemplate\":\"https:\/\/icom.museum\/en\/?s={search_term_string}\"},\"query-input\":{\"@type\":\"PropertyValueSpecification\",\"valueRequired\":true,\"valueName\":\"search_term_string\"}}],\"inLanguage\":\"fr-FR\"},{\"@type\":\"Organization\",\"@id\":\"https:\/\/icom.museum\/en\/#organization\",\"name\":\"International Council of Museums\",\"url\":\"https:\/\/icom.museum\/en\/\",\"logo\":{\"@type\":\"ImageObject\",\"inLanguage\":\"fr-FR\",\"@id\":\"https:\/\/icom.museum\/en\/#\/schema\/logo\/image\/\",\"url\":\"https:\/\/icom.museum\/wp-content\/uploads\/2018\/07\/ICOM_M_.jpg\",\"contentUrl\":\"https:\/\/icom.museum\/wp-content\/uploads\/2018\/07\/ICOM_M_.jpg\",\"width\":1721,\"height\":1721,\"caption\":\"International Council of Museums\"},\"image\":{\"@id\":\"https:\/\/icom.museum\/en\/#\/schema\/logo\/image\/\"}}]}<\/script>\n<!-- \/ Yoast SEO plugin. -->","yoast_head_json":{"title":"ICOM Award - International Council of Museums","robots":{"index":"index","follow":"follow","max-snippet":"max-snippet:-1","max-image-preview":"max-image-preview:large","max-video-preview":"max-video-preview:-1"},"canonical":"https:\/\/icom.museum\/fr\/participez\/icom-award\/","og_locale":"fr_FR","og_type":"article","og_title":"ICOM Award - International Council of Museums","og_description":"En savoir plus sur le Prix ICOM pour les pratiques de d\u00e9veloppement durable dans les mus\u00e9es \u00c0 propos du Prix ICOM En 2023, l&#8217;ICOM a lanc\u00e9 le premier prix mondial qui r\u00e9compense les initiatives innovantes et les pratiques exemplaires des mus\u00e9es en mati\u00e8re de d\u00e9veloppement durable. En tant qu&#8217;organisation mondiale, l&#8217;ICOM vise \u00e0 d\u00e9montrer les [&hellip;]","og_url":"https:\/\/icom.museum\/fr\/participez\/icom-award\/","og_site_name":"International Council of Museums","article_modified_time":"2025-11-25T10:02:00+00:00","og_image":[{"width":2560,"height":1707,"url":"https:\/\/icom.museum\/wp-content\/uploads\/2025\/11\/DAY3_ICOM-02113-scaled.jpg","type":"image\/jpeg"}],"twitter_card":"summary_large_image","twitter_misc":{"Dur\u00e9e de lecture estim\u00e9e":"4 minutes"},"schema":{"@context":"https:\/\/schema.org","@graph":[{"@type":"WebPage","@id":"https:\/\/icom.museum\/fr\/participez\/icom-award\/","url":"https:\/\/icom.museum\/fr\/participez\/icom-award\/","name":"ICOM Award - International Council of Museums","isPartOf":{"@id":"https:\/\/icom.museum\/en\/#website"},"primaryImageOfPage":{"@id":"https:\/\/icom.museum\/fr\/participez\/icom-award\/#primaryimage"},"image":{"@id":"https:\/\/icom.museum\/fr\/participez\/icom-award\/#primaryimage"},"thumbnailUrl":"https:\/\/icom.museum\/wp-content\/uploads\/2025\/11\/DAY3_ICOM-02113-1024x683.jpg","datePublished":"2024-03-06T15:59:11+00:00","dateModified":"2025-11-25T10:02:00+00:00","breadcrumb":{"@id":"https:\/\/icom.museum\/fr\/participez\/icom-award\/#breadcrumb"},"inLanguage":"fr-FR","potentialAction":[{"@type":"ReadAction","target":["https:\/\/icom.museum\/fr\/participez\/icom-award\/"]}]},{"@type":"ImageObject","inLanguage":"fr-FR","@id":"https:\/\/icom.museum\/fr\/participez\/icom-award\/#primaryimage","url":"https:\/\/icom.museum\/wp-content\/uploads\/2025\/11\/DAY3_ICOM-02113-1024x683.jpg","contentUrl":"https:\/\/icom.museum\/wp-content\/uploads\/2025\/11\/DAY3_ICOM-02113-1024x683.jpg"},{"@type":"BreadcrumbList","@id":"https:\/\/icom.museum\/fr\/participez\/icom-award\/#breadcrumb","itemListElement":[{"@type":"ListItem","position":1,"name":"Home","item":"https:\/\/icom.museum\/fr\/"},{"@type":"ListItem","position":2,"name":"S&#8217;engager","item":"https:\/\/icom.museum\/fr\/participez\/"},{"@type":"ListItem","position":3,"name":"ICOM Award"}]},{"@type":"WebSite","@id":"https:\/\/icom.museum\/en\/#website","url":"https:\/\/icom.museum\/en\/","name":"International Council of Museums","description":"A global organisation of museums &amp; museum professionals committed to the promotion and protection of cultural heritage","publisher":{"@id":"https:\/\/icom.museum\/en\/#organization"},"potentialAction":[{"@type":"SearchAction","target":{"@type":"EntryPoint","urlTemplate":"https:\/\/icom.museum\/en\/?s={search_term_string}"},"query-input":{"@type":"PropertyValueSpecification","valueRequired":true,"valueName":"search_term_string"}}],"inLanguage":"fr-FR"},{"@type":"Organization","@id":"https:\/\/icom.museum\/en\/#organization","name":"International Council of Museums","url":"https:\/\/icom.museum\/en\/","logo":{"@type":"ImageObject","inLanguage":"fr-FR","@id":"https:\/\/icom.museum\/en\/#\/schema\/logo\/image\/","url":"https:\/\/icom.museum\/wp-content\/uploads\/2018\/07\/ICOM_M_.jpg","contentUrl":"https:\/\/icom.museum\/wp-content\/uploads\/2018\/07\/ICOM_M_.jpg","width":1721,"height":1721,"caption":"International Council of Museums"},"image":{"@id":"https:\/\/icom.museum\/en\/#\/schema\/logo\/image\/"}}]}},"_links":{"self":[{"href":"https:\/\/icom.museum\/fr\/wp-json\/wp\/v2\/pages\/57049"}],"collection":[{"href":"https:\/\/icom.museum\/fr\/wp-json\/wp\/v2\/pages"}],"about":[{"href":"https:\/\/icom.museum\/fr\/wp-json\/wp\/v2\/types\/page"}],"author":[{"embeddable":true,"href":"https:\/\/icom.museum\/fr\/wp-json\/wp\/v2\/users\/4"}],"replies":[{"embeddable":true,"href":"https:\/\/icom.museum\/fr\/wp-json\/wp\/v2\/comments?post=57049"}],"version-history":[{"count":25,"href":"https:\/\/icom.museum\/fr\/wp-json\/wp\/v2\/pages\/57049\/revisions"}],"predecessor-version":[{"id":66636,"href":"https:\/\/icom.museum\/fr\/wp-json\/wp\/v2\/pages\/57049\/revisions\/66636"}],"up":[{"embeddable":true,"href":"https:\/\/icom.museum\/fr\/wp-json\/wp\/v2\/pages\/6981"}],"wp:attachment":[{"href":"https:\/\/icom.museum\/fr\/wp-json\/wp\/v2\/media?parent=57049"}],"curies":[{"name":"wp","href":"https:\/\/api.w.org\/{rel}","templated":true}]}}