{"id":61470,"date":"2024-12-17T17:42:41","date_gmt":"2024-12-17T15:42:41","guid":{"rendered":"https:\/\/icom.museum\/?page_id=61470"},"modified":"2026-01-22T18:10:30","modified_gmt":"2026-01-22T16:10:30","slug":"resolutions-de-licom","status":"publish","type":"page","link":"https:\/\/icom.museum\/fr\/ressources\/normes-et-lignes-directrices\/resolutions-de-licom\/","title":{"rendered":"R\u00e9solutions de l&#8217;ICOM"},"content":{"rendered":"<h2 class=\"headline\">Cette page fournit des informations essentielles sur les r\u00e9solutions de l&#8217;ICOM, leur importance pour l&#8217;organisation et la mani\u00e8re dont elles contribuent \u00e0 fa\u00e7onner l&#8217;avenir des mus\u00e9es dans le monde.<\/h2>\n<div class=\"separator\">\n<p><strong>Quelles sont les r\u00e9solutions de l&#8217;ICOM ?<\/strong><\/p>\n<\/div>\n<p>Comme d\u00e9fini dans les <a href=\"https:\/\/icom.museum\/wp-content\/uploads\/2023\/07\/Statutes_2023_FR.pdf\">Statuts de l&#8217;ICOM<\/a> (article 19 &#8211; section 2), les r\u00e9solutions de l&#8217;ICOM sont des d\u00e9clarations officielles adopt\u00e9es tous les trois ans par l&#8217;Assembl\u00e9e g\u00e9n\u00e9rale ordinaire dans le cadre de la Conf\u00e9rence g\u00e9n\u00e9rale. Elles refl\u00e8tent la vision collective, les priorit\u00e9s et les engagements des membres de l&#8217;ICOM en abordant les d\u00e9fis importants auxquels sont confront\u00e9s les mus\u00e9es et le patrimoine culturel. Elles guident la mission, les objectifs et la contribution de l&#8217;ICOM \u00e0 son plan strat\u00e9gique.<\/p>\n<p>Depuis 1946, l&#8217;ICOM a adopt\u00e9 de nombreuses r\u00e9solutions ax\u00e9es sur le renforcement des capacit\u00e9s, la collaboration transfrontali\u00e8re, la lutte contre le trafic illicite, la sensibilisation, l&#8217;\u00e9ducation et la protection du patrimoine mat\u00e9riel et immat\u00e9riel. Leur objectif est double : exprimer la position officielle de l&#8217;organisation et fournir des orientations concr\u00e8tes au secteur mus\u00e9al.<\/p>\n<p>Une fois adopt\u00e9es, les r\u00e9solutions doivent \u00eatre mises en \u0153uvre par les organes et instances de l&#8217;ICOM au cours des trois ann\u00e9es suivantes.<\/p>\n<div class=\"separator\">\n<p><strong>\u00a0<\/strong><strong>Pourquoi les r\u00e9solutions sont-elles importantes ?<\/strong><\/p>\n<\/div>\n<ul>\n<li>Ils repr\u00e9sentent la voix collective des membres de l&#8217;ICOM,<\/li>\n<li>Ils proposent des mesures concr\u00e8tes conformes \u00e0 la mission et aux objectifs de l&#8217;ICOM,<\/li>\n<li>Ils jouent un r\u00f4le cl\u00e9 dans la mise en \u0153uvre du plan strat\u00e9gique de l&#8217;ICOM,<\/li>\n<li>Ils d\u00e9fendent les int\u00e9r\u00eats et les valeurs de la communaut\u00e9 mondiale des mus\u00e9es,<\/li>\n<li>Ils laissent un h\u00e9ritage durable de chaque conf\u00e9rence g\u00e9n\u00e9rale de l&#8217;ICOM.<\/li>\n<\/ul>\n<p><strong>R\u00e9solutions cl\u00e9s <\/strong><\/p>\n<p>Depuis sa cr\u00e9ation en 1946, l&#8217;ICOM a adopt\u00e9 de nombreuses r\u00e9solutions portant sur des questions essentielles et d\u00e9finissant ses priorit\u00e9s. Ces r\u00e9solutions se sont toujours concentr\u00e9es sur des th\u00e8mes cl\u00e9s, notamment le renforcement des capacit\u00e9s, l&#8217;\u00e9change de connaissances, les activit\u00e9s transfrontali\u00e8res, la lutte contre le trafic illicite du patrimoine culturel et naturel, l&#8217;\u00e9ducation et la d\u00e9fense des int\u00e9r\u00eats sur la sc\u00e8ne mondiale&#8230; etc, donnant aux mus\u00e9es et aux professionnels une voix forte dans le monde entier.<\/p>\n<div class=\"separator\">\n<p><strong>Elles ont conduit \u00e0 l&#8217;\u00e9tablissement de normes pour les professionnels des mus\u00e9es<\/strong><\/p>\n<p><strong>Adoption de normes \u00e9thiques :<\/strong><\/p>\n<\/div>\n<ul>\n<li>L&#8217;ICOM a \u00e9tabli le premier <em>code de d\u00e9ontologie <\/em>par le biais de la <em><a href=\"https:\/\/icom.museum\/wp-content\/uploads\/2018\/07\/ICOMs-Resolutions_1986_Fr.pdf\">r\u00e9solution n\u00b0 13<\/a> <\/em>lors de la 15<sup>th<\/sup> Assembl\u00e9e g\u00e9n\u00e9rale de l&#8217;ICOM \u00e0 Buenos Aires, Argentine (1986), \u00e9tablissant ainsi une r\u00e9f\u00e9rence mondiale pour les pratiques d\u00e9ontologiques dans la profession mus\u00e9ale.<\/li>\n<\/ul>\n<p><strong>Le renforcement des capacit\u00e9s est une mission essentielle :<\/strong><\/p>\n<ul>\n<li>Depuis sa cr\u00e9ation, l&#8217;ICOM a toujours accord\u00e9 la priorit\u00e9 \u00e0 la formation et au d\u00e9veloppement professionnel des professionnels des mus\u00e9es, en veillant \u00e0 ce qu&#8217;ils soient \u00e9quip\u00e9s pour relever des d\u00e9fis en constante \u00e9volution.<\/li>\n<li>Les r\u00e9solutions ont soulign\u00e9 \u00e0 plusieurs reprises l&#8217;importance du renforcement des capacit\u00e9s, renfor\u00e7ant l&#8217;engagement de l&#8217;ICOM \u00e0 consolider la communaut\u00e9 mus\u00e9ale mondiale.<\/li>\n<\/ul>\n<p><strong>Ces r\u00e9solutions ont jet\u00e9 les bases de programmes et d&#8217;initiatives durables, tels que<\/strong><\/p>\n<ul>\n<li><strong>La Journ\u00e9e internationale des mus\u00e9es<\/strong> : Cr\u00e9\u00e9e pour promouvoir le r\u00f4le des mus\u00e9es dans le monde ( <a href=\"https:\/\/icom.museum\/wp-content\/uploads\/2018\/07\/ICOMs-Resolutions_1977_Fr.pdf\">4<sup>th<\/sup> Assembl\u00e9e g\u00e9n\u00e9rale de l&#8217;ICOM, Milan, Italie, 1953<\/a><em> , 12<sup>th<\/sup> Assembl\u00e9e g\u00e9n\u00e9rale de l&#8217;ICOM, Moscou, URSS, 28 mai 1977<\/em>).<\/li>\n<li><strong>Renforcer la coop\u00e9ration internationale <\/strong>: Soutenir la cr\u00e9ation d&#8217;organisations telles que <a href=\"https:\/\/www.iccrom.org\/\">L&#8217;ICCROM<\/a>d\u00e9fendre la voix des professionnels des mus\u00e9es au niveau international (<a href=\"https:\/\/www.unesco.org\/en\">UNESCO<\/a>, <a href=\"https:\/\/www.wipo.int\/portal\/en\/index.html\">OMPI<\/a>), ou renforcer la coop\u00e9ration avec les institutions partenaires (<a href=\"https:\/\/www.ifla.org\/\">IFLA<\/a>, <a href=\"https:\/\/www.ica.org\/\">ICA<\/a>, <a href=\"https:\/\/www.icomos.org\/fr\">ICOMOS<\/a>).<\/li>\n<\/ul>\n<div class=\"separator\">\n<p><strong>Positionner l&#8217;ICOM comme un partenaire cl\u00e9 dans la protection du patrimoine culturel pendant et apr\u00e8s les conflits arm\u00e9s<\/strong><\/p>\n<\/div>\n<ul>\n<li>L&#8217;ICOM a fait prendre conscience de l&#8217;importance des inventaires gr\u00e2ce \u00e0 des initiatives telles que <em>Object ID<\/em>, une norme permettant de documenter et d&#8217;identifier efficacement les objets culturels.<\/li>\n<li>Des efforts de plaidoyer pour encourager l&#8217;adoption au niveau national de conventions internationales essentielles, notamment\n<ul>\n<li>La Convention de l&#8217;UNESCO de 1954 pour la protection des biens culturels en cas de conflit arm\u00e9,<\/li>\n<li>Convention de l&#8217;UNESCO de 1970 concernant les mesures \u00e0 prendre pour interdire et emp\u00eacher l&#8217;importation, l&#8217;exportation et le transfert de propri\u00e9t\u00e9 illicites des biens culturels,<\/li>\n<li>La Convention d&#8217;UNIDROIT de 1995 sur les biens culturels vol\u00e9s ou illicitement export\u00e9s.<\/li>\n<\/ul>\n<\/li>\n<\/ul>\n<div class=\"separator\">\n<p><strong>Quelle est la diff\u00e9rence entre les r\u00e9solutions et les r\u00e9solutions de l&#8217;ICOM ?<\/strong><\/p>\n<\/div>\n<p><strong>R\u00e9solutions<\/strong><\/p>\n<p>Adopt\u00e9es par l&#8217;Assembl\u00e9e g\u00e9n\u00e9rale de l&#8217;ICOM, les <em>r\u00e9solutions <\/em>traitent de questions g\u00e9n\u00e9rales et importantes concernant les mus\u00e9es et le patrimoine culturel. Elles refl\u00e8tent la volont\u00e9 collective et la position officielle de l&#8217;ICOM et de ses membres sur des sujets tels que l&#8217;\u00e9thique, la pr\u00e9servation du patrimoine et les r\u00e9ponses aux crises mondiales, tout en s&#8217;alignant sur le plan strat\u00e9gique, la mission et les objectifs de l&#8217;organisation.<\/p>\n<p><em>Les r\u00e9solutions <\/em>fournissent un cadre g\u00e9n\u00e9ral d&#8217;action sur des questions importantes pour la communaut\u00e9 mondiale des mus\u00e9es. D\u00e8s leur adoption, les organes et organismes de l&#8217;ICOM susceptibles d&#8217;\u00eatre concern\u00e9s par les r\u00e9solutions sont cens\u00e9s travailler \u00e0 leur mise en \u0153uvre dans un d\u00e9lai de trois (3) ans.<\/p>\n<p><strong>Recommandations<\/strong><\/p>\n<p><em>Les recommandations <\/em>suivent un processus statutaire tel que d\u00e9crit dans l&#8217;article 12, section 2, des statuts de l&#8217;ICOM. Propos\u00e9es par les comit\u00e9s nationaux et internationaux, elles sont soumises au vote des membres du conseil consultatif.<\/p>\n<p>Le champ d&#8217;application des <em>recommandations <\/em>couvre, sans s&#8217;y limiter, le fonctionnement interne de l&#8217;Organisation, la mise en \u0153uvre du plan strat\u00e9gique ou les r\u00e9solutions adopt\u00e9es par l&#8217;Assembl\u00e9e g\u00e9n\u00e9rale.<\/p>\n<p>Bien que non contraignantes, les <em>recommandations <\/em>sont soumises au conseil d&#8217;administration pour examen. Elles servent d&#8217;orientation volontaire, leur mise en \u0153uvre \u00e9tant laiss\u00e9e \u00e0 la discr\u00e9tion du conseil d&#8217;administration.<\/p>\n<p>Les <em>r\u00e9solutions <\/em>et les <em>recommandations <\/em>contribuent toutes deux \u00e0 la mission de l&#8217;ICOM en fa\u00e7onnant le paysage mus\u00e9al mondial, mais <em>les r\u00e9solutions <\/em>tendent \u00e0 avoir un poids symbolique et strat\u00e9gique plus important, tandis que les <em>recommandations <\/em>sont davantage ax\u00e9es sur la mise en \u0153uvre au jour le jour.<\/p>\n<p><strong>Ressources cl\u00e9s<\/strong><\/p>\n<ul>\n<li><a href=\"https:\/\/icom.museum\/wp-content\/uploads\/2026\/01\/ICOM-2025-Resolutions-FR.pdf\"><strong>R\u00e9solutions de l&#8217;ICOM<\/strong><\/a><\/li>\n<li><a href=\"https:\/\/icom.museum\/wp-content\/uploads\/2026\/01\/ADM_Resolutions_Procedure_2024_FR.pdf\"><strong>Proc\u00e9dure de r\u00e9solution<\/strong><\/a><\/li>\n<li><a href=\"https:\/\/icom.museum\/wp-content\/uploads\/2022\/08\/FR_OGA2022_StrategicPlan_Final_.pdf\"><strong>Plan strat\u00e9gique de l&#8217;ICOM 2022 &#8211; 2028<\/strong><\/a> : Comprendre et d\u00e9couvrir comment les r\u00e9solutions de l&#8217;ICOM sont li\u00e9es au plan strat\u00e9gique de l&#8217;ICOM.<\/li>\n<li><a href=\"https:\/\/icom.museum\/wp-content\/uploads\/2024\/10\/Resolutions_1946-2022_fr.pdf\"><strong>R\u00e9solutions ant\u00e9rieures de l&#8217;ICOM<\/strong> <\/a>: D\u00e9couvrez les r\u00e9solutions des pr\u00e9c\u00e9dentes conf\u00e9rences g\u00e9n\u00e9rales de l&#8217;ICOM.<\/li>\n<\/ul>\n","protected":false},"excerpt":{"rendered":"<p>Cette page fournit des informations essentielles sur les r\u00e9solutions de l&#8217;ICOM, leur importance pour l&#8217;organisation et la mani\u00e8re dont elles contribuent \u00e0 fa\u00e7onner l&#8217;avenir des mus\u00e9es dans le monde. Quelles sont les r\u00e9solutions de l&#8217;ICOM ? Comme d\u00e9fini dans les Statuts de l&#8217;ICOM (article 19 &#8211; section 2), les r\u00e9solutions de l&#8217;ICOM sont des d\u00e9clarations [&hellip;]<\/p>\n","protected":false},"author":4,"featured_media":0,"parent":7177,"menu_order":5,"comment_status":"closed","ping_status":"closed","template":"","meta":{"inline_featured_image":false,"footnotes":""},"class_list":["post-61470","page","type-page","status-publish","hentry"],"acf":[],"yoast_head":"<!-- This site is optimized with the Yoast SEO plugin v23.7 - https:\/\/yoast.com\/wordpress\/plugins\/seo\/ -->\n<title>R\u00e9solutions de l&#039;ICOM - International Council of Museums<\/title>\n<meta name=\"robots\" content=\"index, follow, max-snippet:-1, max-image-preview:large, max-video-preview:-1\" \/>\n<link rel=\"canonical\" href=\"https:\/\/icom.museum\/fr\/ressources\/normes-et-lignes-directrices\/resolutions-de-licom\/\" \/>\n<meta property=\"og:locale\" content=\"fr_FR\" \/>\n<meta property=\"og:type\" content=\"article\" \/>\n<meta property=\"og:title\" content=\"R\u00e9solutions de l&#039;ICOM - International Council of Museums\" \/>\n<meta property=\"og:description\" content=\"Cette page fournit des informations essentielles sur les r\u00e9solutions de l&#8217;ICOM, leur importance pour l&#8217;organisation et la mani\u00e8re dont elles contribuent \u00e0 fa\u00e7onner l&#8217;avenir des mus\u00e9es dans le monde. Quelles sont les r\u00e9solutions de l&#8217;ICOM ? Comme d\u00e9fini dans les Statuts de l&#8217;ICOM (article 19 &#8211; section 2), les r\u00e9solutions de l&#8217;ICOM sont des d\u00e9clarations [&hellip;]\" \/>\n<meta property=\"og:url\" content=\"https:\/\/icom.museum\/fr\/ressources\/normes-et-lignes-directrices\/resolutions-de-licom\/\" \/>\n<meta property=\"og:site_name\" content=\"International Council of Museums\" \/>\n<meta property=\"article:modified_time\" content=\"2026-01-22T16:10:30+00:00\" \/>\n<meta property=\"og:image\" content=\"https:\/\/icom.museum\/wp-content\/uploads\/2024\/12\/ICOM-Resolutions-Museums.jpg\" \/>\n<meta name=\"twitter:card\" content=\"summary_large_image\" \/>\n<meta name=\"twitter:label1\" content=\"Dur\u00e9e de lecture estim\u00e9e\" \/>\n\t<meta name=\"twitter:data1\" content=\"5 minutes\" \/>\n<script type=\"application\/ld+json\" class=\"yoast-schema-graph\">{\"@context\":\"https:\/\/schema.org\",\"@graph\":[{\"@type\":\"WebPage\",\"@id\":\"https:\/\/icom.museum\/fr\/ressources\/normes-et-lignes-directrices\/resolutions-de-licom\/\",\"url\":\"https:\/\/icom.museum\/fr\/ressources\/normes-et-lignes-directrices\/resolutions-de-licom\/\",\"name\":\"R\u00e9solutions de l'ICOM - International Council of Museums\",\"isPartOf\":{\"@id\":\"https:\/\/icom.museum\/en\/#website\"},\"datePublished\":\"2024-12-17T15:42:41+00:00\",\"dateModified\":\"2026-01-22T16:10:30+00:00\",\"breadcrumb\":{\"@id\":\"https:\/\/icom.museum\/fr\/ressources\/normes-et-lignes-directrices\/resolutions-de-licom\/#breadcrumb\"},\"inLanguage\":\"fr-FR\",\"potentialAction\":[{\"@type\":\"ReadAction\",\"target\":[\"https:\/\/icom.museum\/fr\/ressources\/normes-et-lignes-directrices\/resolutions-de-licom\/\"]}]},{\"@type\":\"BreadcrumbList\",\"@id\":\"https:\/\/icom.museum\/fr\/ressources\/normes-et-lignes-directrices\/resolutions-de-licom\/#breadcrumb\",\"itemListElement\":[{\"@type\":\"ListItem\",\"position\":1,\"name\":\"Home\",\"item\":\"https:\/\/icom.museum\/fr\/\"},{\"@type\":\"ListItem\",\"position\":2,\"name\":\"Ressources\",\"item\":\"https:\/\/icom.museum\/fr\/ressources\/\"},{\"@type\":\"ListItem\",\"position\":3,\"name\":\"Normes et directives\",\"item\":\"https:\/\/icom.museum\/fr\/ressources\/normes-et-lignes-directrices\/\"},{\"@type\":\"ListItem\",\"position\":4,\"name\":\"R\u00e9solutions de l&#8217;ICOM\"}]},{\"@type\":\"WebSite\",\"@id\":\"https:\/\/icom.museum\/en\/#website\",\"url\":\"https:\/\/icom.museum\/en\/\",\"name\":\"International Council of Museums\",\"description\":\"A global organisation of museums &amp; museum professionals committed to the promotion and protection of cultural heritage\",\"publisher\":{\"@id\":\"https:\/\/icom.museum\/en\/#organization\"},\"potentialAction\":[{\"@type\":\"SearchAction\",\"target\":{\"@type\":\"EntryPoint\",\"urlTemplate\":\"https:\/\/icom.museum\/en\/?s={search_term_string}\"},\"query-input\":{\"@type\":\"PropertyValueSpecification\",\"valueRequired\":true,\"valueName\":\"search_term_string\"}}],\"inLanguage\":\"fr-FR\"},{\"@type\":\"Organization\",\"@id\":\"https:\/\/icom.museum\/en\/#organization\",\"name\":\"International Council of Museums\",\"url\":\"https:\/\/icom.museum\/en\/\",\"logo\":{\"@type\":\"ImageObject\",\"inLanguage\":\"fr-FR\",\"@id\":\"https:\/\/icom.museum\/en\/#\/schema\/logo\/image\/\",\"url\":\"https:\/\/icom.museum\/wp-content\/uploads\/2018\/07\/ICOM_M_.jpg\",\"contentUrl\":\"https:\/\/icom.museum\/wp-content\/uploads\/2018\/07\/ICOM_M_.jpg\",\"width\":1721,\"height\":1721,\"caption\":\"International Council of Museums\"},\"image\":{\"@id\":\"https:\/\/icom.museum\/en\/#\/schema\/logo\/image\/\"}}]}<\/script>\n<!-- \/ Yoast SEO plugin. -->","yoast_head_json":{"title":"R\u00e9solutions de l'ICOM - International Council of Museums","robots":{"index":"index","follow":"follow","max-snippet":"max-snippet:-1","max-image-preview":"max-image-preview:large","max-video-preview":"max-video-preview:-1"},"canonical":"https:\/\/icom.museum\/fr\/ressources\/normes-et-lignes-directrices\/resolutions-de-licom\/","og_locale":"fr_FR","og_type":"article","og_title":"R\u00e9solutions de l'ICOM - International Council of Museums","og_description":"Cette page fournit des informations essentielles sur les r\u00e9solutions de l&#8217;ICOM, leur importance pour l&#8217;organisation et la mani\u00e8re dont elles contribuent \u00e0 fa\u00e7onner l&#8217;avenir des mus\u00e9es dans le monde. Quelles sont les r\u00e9solutions de l&#8217;ICOM ? Comme d\u00e9fini dans les Statuts de l&#8217;ICOM (article 19 &#8211; section 2), les r\u00e9solutions de l&#8217;ICOM sont des d\u00e9clarations [&hellip;]","og_url":"https:\/\/icom.museum\/fr\/ressources\/normes-et-lignes-directrices\/resolutions-de-licom\/","og_site_name":"International Council of Museums","article_modified_time":"2026-01-22T16:10:30+00:00","og_image":[{"url":"https:\/\/icom.museum\/wp-content\/uploads\/2024\/12\/ICOM-Resolutions-Museums.jpg"}],"twitter_card":"summary_large_image","twitter_misc":{"Dur\u00e9e de lecture estim\u00e9e":"5 minutes"},"schema":{"@context":"https:\/\/schema.org","@graph":[{"@type":"WebPage","@id":"https:\/\/icom.museum\/fr\/ressources\/normes-et-lignes-directrices\/resolutions-de-licom\/","url":"https:\/\/icom.museum\/fr\/ressources\/normes-et-lignes-directrices\/resolutions-de-licom\/","name":"R\u00e9solutions de l'ICOM - International Council of Museums","isPartOf":{"@id":"https:\/\/icom.museum\/en\/#website"},"datePublished":"2024-12-17T15:42:41+00:00","dateModified":"2026-01-22T16:10:30+00:00","breadcrumb":{"@id":"https:\/\/icom.museum\/fr\/ressources\/normes-et-lignes-directrices\/resolutions-de-licom\/#breadcrumb"},"inLanguage":"fr-FR","potentialAction":[{"@type":"ReadAction","target":["https:\/\/icom.museum\/fr\/ressources\/normes-et-lignes-directrices\/resolutions-de-licom\/"]}]},{"@type":"BreadcrumbList","@id":"https:\/\/icom.museum\/fr\/ressources\/normes-et-lignes-directrices\/resolutions-de-licom\/#breadcrumb","itemListElement":[{"@type":"ListItem","position":1,"name":"Home","item":"https:\/\/icom.museum\/fr\/"},{"@type":"ListItem","position":2,"name":"Ressources","item":"https:\/\/icom.museum\/fr\/ressources\/"},{"@type":"ListItem","position":3,"name":"Normes et directives","item":"https:\/\/icom.museum\/fr\/ressources\/normes-et-lignes-directrices\/"},{"@type":"ListItem","position":4,"name":"R\u00e9solutions de l&#8217;ICOM"}]},{"@type":"WebSite","@id":"https:\/\/icom.museum\/en\/#website","url":"https:\/\/icom.museum\/en\/","name":"International Council of Museums","description":"A global organisation of museums &amp; museum professionals committed to the promotion and protection of cultural heritage","publisher":{"@id":"https:\/\/icom.museum\/en\/#organization"},"potentialAction":[{"@type":"SearchAction","target":{"@type":"EntryPoint","urlTemplate":"https:\/\/icom.museum\/en\/?s={search_term_string}"},"query-input":{"@type":"PropertyValueSpecification","valueRequired":true,"valueName":"search_term_string"}}],"inLanguage":"fr-FR"},{"@type":"Organization","@id":"https:\/\/icom.museum\/en\/#organization","name":"International Council of Museums","url":"https:\/\/icom.museum\/en\/","logo":{"@type":"ImageObject","inLanguage":"fr-FR","@id":"https:\/\/icom.museum\/en\/#\/schema\/logo\/image\/","url":"https:\/\/icom.museum\/wp-content\/uploads\/2018\/07\/ICOM_M_.jpg","contentUrl":"https:\/\/icom.museum\/wp-content\/uploads\/2018\/07\/ICOM_M_.jpg","width":1721,"height":1721,"caption":"International Council of Museums"},"image":{"@id":"https:\/\/icom.museum\/en\/#\/schema\/logo\/image\/"}}]}},"_links":{"self":[{"href":"https:\/\/icom.museum\/fr\/wp-json\/wp\/v2\/pages\/61470"}],"collection":[{"href":"https:\/\/icom.museum\/fr\/wp-json\/wp\/v2\/pages"}],"about":[{"href":"https:\/\/icom.museum\/fr\/wp-json\/wp\/v2\/types\/page"}],"author":[{"embeddable":true,"href":"https:\/\/icom.museum\/fr\/wp-json\/wp\/v2\/users\/4"}],"replies":[{"embeddable":true,"href":"https:\/\/icom.museum\/fr\/wp-json\/wp\/v2\/comments?post=61470"}],"version-history":[{"count":8,"href":"https:\/\/icom.museum\/fr\/wp-json\/wp\/v2\/pages\/61470\/revisions"}],"predecessor-version":[{"id":67136,"href":"https:\/\/icom.museum\/fr\/wp-json\/wp\/v2\/pages\/61470\/revisions\/67136"}],"up":[{"embeddable":true,"href":"https:\/\/icom.museum\/fr\/wp-json\/wp\/v2\/pages\/7177"}],"wp:attachment":[{"href":"https:\/\/icom.museum\/fr\/wp-json\/wp\/v2\/media?parent=61470"}],"curies":[{"name":"wp","href":"https:\/\/api.w.org\/{rel}","templated":true}]}}