{"id":62477,"date":"2025-03-06T14:09:11","date_gmt":"2025-03-06T12:09:11","guid":{"rendered":"https:\/\/icom.museum\/?page_id=62477"},"modified":"2026-01-08T13:43:50","modified_gmt":"2026-01-08T11:43:50","slug":"espace-presse-de-licom","status":"publish","type":"page","link":"https:\/\/icom.museum\/fr\/espace-presse-de-licom\/","title":{"rendered":"Espace presse de l&#8217;ICOM"},"content":{"rendered":"<p>Le Conseil international des mus\u00e9es (ICOM) est l&#8217;organisation mondiale des mus\u00e9es et des professionnels des mus\u00e9es engag\u00e9s dans la pr\u00e9servation, la promotion et le d\u00e9veloppement du patrimoine culturel. Depuis sa cr\u00e9ation en 1946, l&#8217;ICOM joue un r\u00f4le cl\u00e9 dans la d\u00e9finition des normes professionnelles et \u00e9thiques du secteur mus\u00e9al \u00e0 travers le monde.<\/p>\n<p><b>ICOM News desk<\/b><\/p>\n<p>Veuillez consulter la salle de presse de l&#8217;ICOM pour obtenir des communiqu\u00e9s de presse, du contenu multim\u00e9dia et d&#8217;autres ressources destin\u00e9es aux journalistes et professionnels des m\u00e9dias.<\/p>\n<p><span class=\"link_red\"><a href=\"https:\/\/www.mynewsdesk.com\/icom\">ICOM News desk<\/a><\/span><\/p>\n<p><b>Contacts presse<\/b><\/p>\n<p>Pour toute demande de renseignements de la presse, veuillez contacter : <a href=\"mailto:communication@icom.museum\">communication@icom.museum<\/a><\/p>\n<p><b>\u00c9v\u00e9nements et conf\u00e9rences<\/b><\/p>\n<p>D\u00e9couvrez les conf\u00e9rences et \u00e9v\u00e9nements mondiaux de l&#8217;ICOM, notamment la Conf\u00e9rence g\u00e9n\u00e9rale triennale.<\/p>\n<p><span class=\"link_red\"><a href=\"https:\/\/www.deepl.com\/en?page_id=2952\">Agenda<\/a><\/span><\/p>\n<p><strong>28e Conf\u00e9rence g\u00e9n\u00e9rale de l&#8217;ICOM &#8211; ICOM Rotterdam 2028 : \u00ab Construire des ponts. Relier les mondes, les cultures et les g\u00e9n\u00e9rations \u00bb<\/strong><\/p>\n<p>Le th\u00e8me de la 27e Conf\u00e9rence g\u00e9n\u00e9rale de l&#8217;ICOM &#8211; l&#8217;<a href=\"https:\/\/dubai2025.icom.museum\/fr\/\">ICOM Duba\u00ef 2025<\/a> \u00e9tait \u00ab L&#8217;avenir des mus\u00e9es au sein des communaut\u00e9s en constante \u00e9volution \u00bb.<\/p>\n<p>Dans le monde actuel, une succession d&#8217;\u00e9v\u00e9nements mondiaux a boulevers\u00e9 notre compr\u00e9hension du monde et de notre place dans celui-ci, nous propulsant dans une \u00e8re de transformation constante. Dans ce paysage en constante \u00e9volution, nous nous effor\u00e7ons tous de nous adapter, d&#8217;innover et de garder une longueur d&#8217;avance. \u00ab L&#8217;avenir des mus\u00e9es au sein des communaut\u00e9s en constante \u00e9volution \u00bb r\u00e9sume le paysage dynamique et en constante \u00e9volution dans lequel nos communaut\u00e9s et nos mus\u00e9es \u00e9voluent aujourd&#8217;hui, tandis que trois sous-th\u00e8mes interd\u00e9pendants inviteront \u00e0 des discussions approfondies sur la sauvegarde du patrimoine immat\u00e9riel, le pouvoir des jeunes et l&#8217;essor des nouvelles technologies.<\/p>\n<p>La 27e Conf\u00e9rence g\u00e9n\u00e9rale de l&#8217;ICOM a mis notamment en avant la session sur le Code de d\u00e9ontologie de l&#8217;ICOM, la session et la c\u00e9r\u00e9monie de remise du Prix ICOM pour les pratiques de d\u00e9veloppement durable dans les mus\u00e9es, la la conf\u00e9rence comm\u00e9morative Stephen E. Weil de l&#8217;ICOM, la session ICOM, INTERPOL, UNIDROIT, et bien plus encore.<\/p>\n<p><b>Suivez l&#8217;ICOM<\/b><\/p>\n<p>Restez inform\u00e9 de nos derni\u00e8res actualit\u00e9s en nous suivant sur les r\u00e9seaux sociaux :<\/p>\n<p><span class=\"link_red\"><a href=\"https:\/\/www.linkedin.com\/company\/international-council-of-museums\/?originalSubdomain=fr\" target=\"_blank\" rel=\"noopener\">LinkedIn<\/a><\/span><span class=\"link_yellow\"><a href=\"https:\/\/www.instagram.com\/icomofficiel\/?hl=fr\" target=\"_blank\" rel=\"noopener\">Instagram<\/a><\/span><span class=\"link_blue\"><a href=\"https:\/\/www.facebook.com\/IcomOfficiel\/?locale=fr_FR\" target=\"_blank\" rel=\"noopener\">Facebook<\/a><\/span><span class=\"link_black\"><a href=\"https:\/\/www.youtube.com\/@internationalcouncilofmuseums\" target=\"_blank\" rel=\"noopener\"><span data-ccp-props=\"{&quot;134233117&quot;:false,&quot;134233118&quot;:false,&quot;335559738&quot;:240,&quot;335559739&quot;:240}\">Youtube<\/span><\/a><\/span><span class=\"link_yellow\"><a href=\"https:\/\/www.threads.com\/@icomofficiel\" target=\"_blank\" rel=\"noopener\">Threads<\/a><\/span><\/p>\n","protected":false},"excerpt":{"rendered":"<p>Le Conseil international des mus\u00e9es (ICOM) est l&#8217;organisation mondiale des mus\u00e9es et des professionnels des mus\u00e9es engag\u00e9s dans la pr\u00e9servation, la promotion et le d\u00e9veloppement du patrimoine culturel. Depuis sa cr\u00e9ation en 1946, l&#8217;ICOM joue un r\u00f4le cl\u00e9 dans la d\u00e9finition des normes professionnelles et \u00e9thiques du secteur mus\u00e9al \u00e0 travers le monde. ICOM News [&hellip;]<\/p>\n","protected":false},"author":4,"featured_media":0,"parent":0,"menu_order":0,"comment_status":"closed","ping_status":"closed","template":"","meta":{"inline_featured_image":false,"footnotes":""},"class_list":["post-62477","page","type-page","status-publish","hentry"],"acf":[],"yoast_head":"<!-- This site is optimized with the Yoast SEO plugin v23.7 - https:\/\/yoast.com\/wordpress\/plugins\/seo\/ -->\n<title>Espace presse de l&#039;ICOM - International Council of Museums<\/title>\n<meta name=\"robots\" content=\"index, follow, max-snippet:-1, max-image-preview:large, max-video-preview:-1\" \/>\n<link rel=\"canonical\" href=\"https:\/\/icom.museum\/fr\/espace-presse-de-licom\/\" \/>\n<meta property=\"og:locale\" content=\"fr_FR\" \/>\n<meta property=\"og:type\" content=\"article\" \/>\n<meta property=\"og:title\" content=\"Espace presse de l&#039;ICOM - International Council of Museums\" \/>\n<meta property=\"og:description\" content=\"Le Conseil international des mus\u00e9es (ICOM) est l&#8217;organisation mondiale des mus\u00e9es et des professionnels des mus\u00e9es engag\u00e9s dans la pr\u00e9servation, la promotion et le d\u00e9veloppement du patrimoine culturel. Depuis sa cr\u00e9ation en 1946, l&#8217;ICOM joue un r\u00f4le cl\u00e9 dans la d\u00e9finition des normes professionnelles et \u00e9thiques du secteur mus\u00e9al \u00e0 travers le monde. ICOM News [&hellip;]\" \/>\n<meta property=\"og:url\" content=\"https:\/\/icom.museum\/fr\/espace-presse-de-licom\/\" \/>\n<meta property=\"og:site_name\" content=\"International Council of Museums\" \/>\n<meta property=\"article:modified_time\" content=\"2026-01-08T11:43:50+00:00\" \/>\n<meta property=\"og:image\" content=\"https:\/\/icom.museum\/wp-content\/uploads\/2025\/03\/Website-Article-6.jpg\" \/>\n<meta name=\"twitter:card\" content=\"summary_large_image\" \/>\n<meta name=\"twitter:label1\" content=\"Dur\u00e9e de lecture estim\u00e9e\" \/>\n\t<meta name=\"twitter:data1\" content=\"2 minutes\" \/>\n<script type=\"application\/ld+json\" class=\"yoast-schema-graph\">{\"@context\":\"https:\/\/schema.org\",\"@graph\":[{\"@type\":\"WebPage\",\"@id\":\"https:\/\/icom.museum\/fr\/espace-presse-de-licom\/\",\"url\":\"https:\/\/icom.museum\/fr\/espace-presse-de-licom\/\",\"name\":\"Espace presse de l'ICOM - International Council of Museums\",\"isPartOf\":{\"@id\":\"https:\/\/icom.museum\/en\/#website\"},\"datePublished\":\"2025-03-06T12:09:11+00:00\",\"dateModified\":\"2026-01-08T11:43:50+00:00\",\"breadcrumb\":{\"@id\":\"https:\/\/icom.museum\/fr\/espace-presse-de-licom\/#breadcrumb\"},\"inLanguage\":\"fr-FR\",\"potentialAction\":[{\"@type\":\"ReadAction\",\"target\":[\"https:\/\/icom.museum\/fr\/espace-presse-de-licom\/\"]}]},{\"@type\":\"BreadcrumbList\",\"@id\":\"https:\/\/icom.museum\/fr\/espace-presse-de-licom\/#breadcrumb\",\"itemListElement\":[{\"@type\":\"ListItem\",\"position\":1,\"name\":\"Home\",\"item\":\"https:\/\/icom.museum\/fr\/\"},{\"@type\":\"ListItem\",\"position\":2,\"name\":\"Espace presse de l&#8217;ICOM\"}]},{\"@type\":\"WebSite\",\"@id\":\"https:\/\/icom.museum\/en\/#website\",\"url\":\"https:\/\/icom.museum\/en\/\",\"name\":\"International Council of Museums\",\"description\":\"A global organisation of museums &amp; museum professionals committed to the promotion and protection of cultural heritage\",\"publisher\":{\"@id\":\"https:\/\/icom.museum\/en\/#organization\"},\"potentialAction\":[{\"@type\":\"SearchAction\",\"target\":{\"@type\":\"EntryPoint\",\"urlTemplate\":\"https:\/\/icom.museum\/en\/?s={search_term_string}\"},\"query-input\":{\"@type\":\"PropertyValueSpecification\",\"valueRequired\":true,\"valueName\":\"search_term_string\"}}],\"inLanguage\":\"fr-FR\"},{\"@type\":\"Organization\",\"@id\":\"https:\/\/icom.museum\/en\/#organization\",\"name\":\"International Council of Museums\",\"url\":\"https:\/\/icom.museum\/en\/\",\"logo\":{\"@type\":\"ImageObject\",\"inLanguage\":\"fr-FR\",\"@id\":\"https:\/\/icom.museum\/en\/#\/schema\/logo\/image\/\",\"url\":\"https:\/\/icom.museum\/wp-content\/uploads\/2018\/07\/ICOM_M_.jpg\",\"contentUrl\":\"https:\/\/icom.museum\/wp-content\/uploads\/2018\/07\/ICOM_M_.jpg\",\"width\":1721,\"height\":1721,\"caption\":\"International Council of Museums\"},\"image\":{\"@id\":\"https:\/\/icom.museum\/en\/#\/schema\/logo\/image\/\"}}]}<\/script>\n<!-- \/ Yoast SEO plugin. -->","yoast_head_json":{"title":"Espace presse de l'ICOM - International Council of Museums","robots":{"index":"index","follow":"follow","max-snippet":"max-snippet:-1","max-image-preview":"max-image-preview:large","max-video-preview":"max-video-preview:-1"},"canonical":"https:\/\/icom.museum\/fr\/espace-presse-de-licom\/","og_locale":"fr_FR","og_type":"article","og_title":"Espace presse de l'ICOM - International Council of Museums","og_description":"Le Conseil international des mus\u00e9es (ICOM) est l&#8217;organisation mondiale des mus\u00e9es et des professionnels des mus\u00e9es engag\u00e9s dans la pr\u00e9servation, la promotion et le d\u00e9veloppement du patrimoine culturel. Depuis sa cr\u00e9ation en 1946, l&#8217;ICOM joue un r\u00f4le cl\u00e9 dans la d\u00e9finition des normes professionnelles et \u00e9thiques du secteur mus\u00e9al \u00e0 travers le monde. ICOM News [&hellip;]","og_url":"https:\/\/icom.museum\/fr\/espace-presse-de-licom\/","og_site_name":"International Council of Museums","article_modified_time":"2026-01-08T11:43:50+00:00","og_image":[{"url":"https:\/\/icom.museum\/wp-content\/uploads\/2025\/03\/Website-Article-6.jpg"}],"twitter_card":"summary_large_image","twitter_misc":{"Dur\u00e9e de lecture estim\u00e9e":"2 minutes"},"schema":{"@context":"https:\/\/schema.org","@graph":[{"@type":"WebPage","@id":"https:\/\/icom.museum\/fr\/espace-presse-de-licom\/","url":"https:\/\/icom.museum\/fr\/espace-presse-de-licom\/","name":"Espace presse de l'ICOM - International Council of Museums","isPartOf":{"@id":"https:\/\/icom.museum\/en\/#website"},"datePublished":"2025-03-06T12:09:11+00:00","dateModified":"2026-01-08T11:43:50+00:00","breadcrumb":{"@id":"https:\/\/icom.museum\/fr\/espace-presse-de-licom\/#breadcrumb"},"inLanguage":"fr-FR","potentialAction":[{"@type":"ReadAction","target":["https:\/\/icom.museum\/fr\/espace-presse-de-licom\/"]}]},{"@type":"BreadcrumbList","@id":"https:\/\/icom.museum\/fr\/espace-presse-de-licom\/#breadcrumb","itemListElement":[{"@type":"ListItem","position":1,"name":"Home","item":"https:\/\/icom.museum\/fr\/"},{"@type":"ListItem","position":2,"name":"Espace presse de l&#8217;ICOM"}]},{"@type":"WebSite","@id":"https:\/\/icom.museum\/en\/#website","url":"https:\/\/icom.museum\/en\/","name":"International Council of Museums","description":"A global organisation of museums &amp; museum professionals committed to the promotion and protection of cultural heritage","publisher":{"@id":"https:\/\/icom.museum\/en\/#organization"},"potentialAction":[{"@type":"SearchAction","target":{"@type":"EntryPoint","urlTemplate":"https:\/\/icom.museum\/en\/?s={search_term_string}"},"query-input":{"@type":"PropertyValueSpecification","valueRequired":true,"valueName":"search_term_string"}}],"inLanguage":"fr-FR"},{"@type":"Organization","@id":"https:\/\/icom.museum\/en\/#organization","name":"International Council of Museums","url":"https:\/\/icom.museum\/en\/","logo":{"@type":"ImageObject","inLanguage":"fr-FR","@id":"https:\/\/icom.museum\/en\/#\/schema\/logo\/image\/","url":"https:\/\/icom.museum\/wp-content\/uploads\/2018\/07\/ICOM_M_.jpg","contentUrl":"https:\/\/icom.museum\/wp-content\/uploads\/2018\/07\/ICOM_M_.jpg","width":1721,"height":1721,"caption":"International Council of Museums"},"image":{"@id":"https:\/\/icom.museum\/en\/#\/schema\/logo\/image\/"}}]}},"_links":{"self":[{"href":"https:\/\/icom.museum\/fr\/wp-json\/wp\/v2\/pages\/62477"}],"collection":[{"href":"https:\/\/icom.museum\/fr\/wp-json\/wp\/v2\/pages"}],"about":[{"href":"https:\/\/icom.museum\/fr\/wp-json\/wp\/v2\/types\/page"}],"author":[{"embeddable":true,"href":"https:\/\/icom.museum\/fr\/wp-json\/wp\/v2\/users\/4"}],"replies":[{"embeddable":true,"href":"https:\/\/icom.museum\/fr\/wp-json\/wp\/v2\/comments?post=62477"}],"version-history":[{"count":9,"href":"https:\/\/icom.museum\/fr\/wp-json\/wp\/v2\/pages\/62477\/revisions"}],"predecessor-version":[{"id":66967,"href":"https:\/\/icom.museum\/fr\/wp-json\/wp\/v2\/pages\/62477\/revisions\/66967"}],"wp:attachment":[{"href":"https:\/\/icom.museum\/fr\/wp-json\/wp\/v2\/media?parent=62477"}],"curies":[{"name":"wp","href":"https:\/\/api.w.org\/{rel}","templated":true}]}}