{"id":64376,"date":"2025-07-01T15:00:00","date_gmt":"2025-07-01T13:00:00","guid":{"rendered":"https:\/\/icom.museum\/concours\/"},"modified":"2025-07-03T16:41:23","modified_gmt":"2025-07-03T14:41:23","slug":"prix-icom-pour-les-pratiques-de-developpement-durable-dans-les-musees-liste-longue-des-projets-eligibles","status":"publish","type":"page","link":"https:\/\/icom.museum\/fr\/prix-icom-pour-les-pratiques-de-developpement-durable-dans-les-musees-liste-longue-des-projets-eligibles\/","title":{"rendered":"Prix ICOM pour les pratiques de d\u00e9veloppement durable dans les mus\u00e9es &#8211; Liste longue des projets \u00e9ligibles"},"content":{"rendered":"<p>En tant qu\u2019organisation mondiale, l\u2019ICOM s\u2019engage \u00e0 mettre en lumi\u00e8re le r\u00f4le essentiel que jouent les mus\u00e9es dans l\u2019avancement du d\u00e9veloppement durable. A travers cette action, nous souhaitons encourager les mus\u00e9es et les professionnels du secteur \u00e0 travers le monde \u00e0 initier \u2013 ou \u00e0 renforcer \u2013 leurs efforts pour int\u00e9grer le d\u00e9veloppement durable dans leurs pratiques.<\/p>\n<p>Dans cette optique, l\u2019ICOM a lanc\u00e9 le <a href=\"https:\/\/icom.museum\/fr\/news\/prix-icom-pour-les-pratiques-de-developpement-durable-dans-les-musees\/\">Prix ICOM pour les pratiques du d\u00e9veloppement durable dans les mus\u00e9es<\/a> \u2013 le premier prix mondial visant \u00e0 reconna\u00eetre les initiatives innovantes et les pratiques exemplaires qui contribuent de mani\u00e8re significative au d\u00e9veloppement durable dans le secteur mus\u00e9al.<\/p>\n<p>\u00c0 la suite de l\u2019appel \u00e0 candidatures lanc\u00e9 en 2024, et gr\u00e2ce au soutien pr\u00e9cieux de nos entit\u00e9s ICOM, le Prix a re\u00e7u 130 projets \u00e9ligibles issus de 60 pays \u2013 une d\u00e9monstration forte de l&#8217;engagement du secteur envers les Objectifs de d\u00e9veloppement durable. Cette liste longue refl\u00e8te la diversit\u00e9, la cr\u00e9ativit\u00e9 et l\u2019engagement des mus\u00e9es \u00e0 travers le monde. Elle rend hommage aux professionnels et aux institutions qui \u0153uvrent sans rel\u00e2che pour mobiliser le potentiel des mus\u00e9es au service d\u2019un avenir plus durable et plus \u00e9quitable.<\/p>\n","protected":false},"excerpt":{"rendered":"<p>En tant qu\u2019organisation mondiale, l\u2019ICOM s\u2019engage \u00e0 mettre en lumi\u00e8re le r\u00f4le essentiel que jouent les mus\u00e9es dans l\u2019avancement du d\u00e9veloppement durable. A travers cette action, nous souhaitons encourager les mus\u00e9es et les professionnels du secteur \u00e0 travers le monde \u00e0 initier \u2013 ou \u00e0 renforcer \u2013 leurs efforts pour int\u00e9grer le d\u00e9veloppement durable dans [&hellip;]<\/p>\n","protected":false},"author":4916,"featured_media":0,"parent":0,"menu_order":0,"comment_status":"closed","ping_status":"closed","template":"page-awards-longlist.php","meta":{"inline_featured_image":false,"footnotes":""},"class_list":["post-64376","page","type-page","status-publish","hentry"],"acf":[],"yoast_head":"<!-- This site is optimized with the Yoast SEO plugin v23.7 - https:\/\/yoast.com\/wordpress\/plugins\/seo\/ -->\n<title>Prix ICOM pour les pratiques de d\u00e9veloppement durable dans les mus\u00e9es - Liste longue des projets \u00e9ligibles - International Council of Museums<\/title>\n<meta name=\"robots\" content=\"index, follow, max-snippet:-1, max-image-preview:large, max-video-preview:-1\" \/>\n<link rel=\"canonical\" href=\"https:\/\/icom.museum\/fr\/prix-icom-pour-les-pratiques-de-developpement-durable-dans-les-musees-liste-longue-des-projets-eligibles\/\" \/>\n<meta property=\"og:locale\" content=\"fr_FR\" \/>\n<meta property=\"og:type\" content=\"article\" \/>\n<meta property=\"og:title\" content=\"Prix ICOM pour les pratiques de d\u00e9veloppement durable dans les mus\u00e9es - Liste longue des projets \u00e9ligibles - International Council of Museums\" \/>\n<meta property=\"og:description\" content=\"En tant qu\u2019organisation mondiale, l\u2019ICOM s\u2019engage \u00e0 mettre en lumi\u00e8re le r\u00f4le essentiel que jouent les mus\u00e9es dans l\u2019avancement du d\u00e9veloppement durable. A travers cette action, nous souhaitons encourager les mus\u00e9es et les professionnels du secteur \u00e0 travers le monde \u00e0 initier \u2013 ou \u00e0 renforcer \u2013 leurs efforts pour int\u00e9grer le d\u00e9veloppement durable dans [&hellip;]\" \/>\n<meta property=\"og:url\" content=\"https:\/\/icom.museum\/fr\/prix-icom-pour-les-pratiques-de-developpement-durable-dans-les-musees-liste-longue-des-projets-eligibles\/\" \/>\n<meta property=\"og:site_name\" content=\"International Council of Museums\" \/>\n<meta property=\"article:modified_time\" content=\"2025-07-03T14:41:23+00:00\" \/>\n<meta name=\"twitter:card\" content=\"summary_large_image\" \/>\n<meta name=\"twitter:label1\" content=\"Dur\u00e9e de lecture estim\u00e9e\" \/>\n\t<meta name=\"twitter:data1\" content=\"1 minute\" \/>\n<script type=\"application\/ld+json\" class=\"yoast-schema-graph\">{\"@context\":\"https:\/\/schema.org\",\"@graph\":[{\"@type\":\"WebPage\",\"@id\":\"https:\/\/icom.museum\/fr\/prix-icom-pour-les-pratiques-de-developpement-durable-dans-les-musees-liste-longue-des-projets-eligibles\/\",\"url\":\"https:\/\/icom.museum\/fr\/prix-icom-pour-les-pratiques-de-developpement-durable-dans-les-musees-liste-longue-des-projets-eligibles\/\",\"name\":\"Prix ICOM pour les pratiques de d\u00e9veloppement durable dans les mus\u00e9es - Liste longue des projets \u00e9ligibles - International Council of Museums\",\"isPartOf\":{\"@id\":\"https:\/\/icom.museum\/en\/#website\"},\"datePublished\":\"2025-07-01T13:00:00+00:00\",\"dateModified\":\"2025-07-03T14:41:23+00:00\",\"breadcrumb\":{\"@id\":\"https:\/\/icom.museum\/fr\/prix-icom-pour-les-pratiques-de-developpement-durable-dans-les-musees-liste-longue-des-projets-eligibles\/#breadcrumb\"},\"inLanguage\":\"fr-FR\",\"potentialAction\":[{\"@type\":\"ReadAction\",\"target\":[\"https:\/\/icom.museum\/fr\/prix-icom-pour-les-pratiques-de-developpement-durable-dans-les-musees-liste-longue-des-projets-eligibles\/\"]}]},{\"@type\":\"BreadcrumbList\",\"@id\":\"https:\/\/icom.museum\/fr\/prix-icom-pour-les-pratiques-de-developpement-durable-dans-les-musees-liste-longue-des-projets-eligibles\/#breadcrumb\",\"itemListElement\":[{\"@type\":\"ListItem\",\"position\":1,\"name\":\"Home\",\"item\":\"https:\/\/icom.museum\/fr\/\"},{\"@type\":\"ListItem\",\"position\":2,\"name\":\"Prix ICOM pour les pratiques de d\u00e9veloppement durable dans les mus\u00e9es &#8211; Liste longue des projets \u00e9ligibles\"}]},{\"@type\":\"WebSite\",\"@id\":\"https:\/\/icom.museum\/en\/#website\",\"url\":\"https:\/\/icom.museum\/en\/\",\"name\":\"International Council of Museums\",\"description\":\"A global organisation of museums &amp; museum professionals committed to the promotion and protection of cultural heritage\",\"publisher\":{\"@id\":\"https:\/\/icom.museum\/en\/#organization\"},\"potentialAction\":[{\"@type\":\"SearchAction\",\"target\":{\"@type\":\"EntryPoint\",\"urlTemplate\":\"https:\/\/icom.museum\/en\/?s={search_term_string}\"},\"query-input\":{\"@type\":\"PropertyValueSpecification\",\"valueRequired\":true,\"valueName\":\"search_term_string\"}}],\"inLanguage\":\"fr-FR\"},{\"@type\":\"Organization\",\"@id\":\"https:\/\/icom.museum\/en\/#organization\",\"name\":\"International Council of Museums\",\"url\":\"https:\/\/icom.museum\/en\/\",\"logo\":{\"@type\":\"ImageObject\",\"inLanguage\":\"fr-FR\",\"@id\":\"https:\/\/icom.museum\/en\/#\/schema\/logo\/image\/\",\"url\":\"https:\/\/icom.museum\/wp-content\/uploads\/2018\/07\/ICOM_M_.jpg\",\"contentUrl\":\"https:\/\/icom.museum\/wp-content\/uploads\/2018\/07\/ICOM_M_.jpg\",\"width\":1721,\"height\":1721,\"caption\":\"International Council of Museums\"},\"image\":{\"@id\":\"https:\/\/icom.museum\/en\/#\/schema\/logo\/image\/\"}}]}<\/script>\n<!-- \/ Yoast SEO plugin. -->","yoast_head_json":{"title":"Prix ICOM pour les pratiques de d\u00e9veloppement durable dans les mus\u00e9es - Liste longue des projets \u00e9ligibles - International Council of Museums","robots":{"index":"index","follow":"follow","max-snippet":"max-snippet:-1","max-image-preview":"max-image-preview:large","max-video-preview":"max-video-preview:-1"},"canonical":"https:\/\/icom.museum\/fr\/prix-icom-pour-les-pratiques-de-developpement-durable-dans-les-musees-liste-longue-des-projets-eligibles\/","og_locale":"fr_FR","og_type":"article","og_title":"Prix ICOM pour les pratiques de d\u00e9veloppement durable dans les mus\u00e9es - Liste longue des projets \u00e9ligibles - International Council of Museums","og_description":"En tant qu\u2019organisation mondiale, l\u2019ICOM s\u2019engage \u00e0 mettre en lumi\u00e8re le r\u00f4le essentiel que jouent les mus\u00e9es dans l\u2019avancement du d\u00e9veloppement durable. A travers cette action, nous souhaitons encourager les mus\u00e9es et les professionnels du secteur \u00e0 travers le monde \u00e0 initier \u2013 ou \u00e0 renforcer \u2013 leurs efforts pour int\u00e9grer le d\u00e9veloppement durable dans [&hellip;]","og_url":"https:\/\/icom.museum\/fr\/prix-icom-pour-les-pratiques-de-developpement-durable-dans-les-musees-liste-longue-des-projets-eligibles\/","og_site_name":"International Council of Museums","article_modified_time":"2025-07-03T14:41:23+00:00","twitter_card":"summary_large_image","twitter_misc":{"Dur\u00e9e de lecture estim\u00e9e":"1 minute"},"schema":{"@context":"https:\/\/schema.org","@graph":[{"@type":"WebPage","@id":"https:\/\/icom.museum\/fr\/prix-icom-pour-les-pratiques-de-developpement-durable-dans-les-musees-liste-longue-des-projets-eligibles\/","url":"https:\/\/icom.museum\/fr\/prix-icom-pour-les-pratiques-de-developpement-durable-dans-les-musees-liste-longue-des-projets-eligibles\/","name":"Prix ICOM pour les pratiques de d\u00e9veloppement durable dans les mus\u00e9es - Liste longue des projets \u00e9ligibles - International Council of Museums","isPartOf":{"@id":"https:\/\/icom.museum\/en\/#website"},"datePublished":"2025-07-01T13:00:00+00:00","dateModified":"2025-07-03T14:41:23+00:00","breadcrumb":{"@id":"https:\/\/icom.museum\/fr\/prix-icom-pour-les-pratiques-de-developpement-durable-dans-les-musees-liste-longue-des-projets-eligibles\/#breadcrumb"},"inLanguage":"fr-FR","potentialAction":[{"@type":"ReadAction","target":["https:\/\/icom.museum\/fr\/prix-icom-pour-les-pratiques-de-developpement-durable-dans-les-musees-liste-longue-des-projets-eligibles\/"]}]},{"@type":"BreadcrumbList","@id":"https:\/\/icom.museum\/fr\/prix-icom-pour-les-pratiques-de-developpement-durable-dans-les-musees-liste-longue-des-projets-eligibles\/#breadcrumb","itemListElement":[{"@type":"ListItem","position":1,"name":"Home","item":"https:\/\/icom.museum\/fr\/"},{"@type":"ListItem","position":2,"name":"Prix ICOM pour les pratiques de d\u00e9veloppement durable dans les mus\u00e9es &#8211; Liste longue des projets \u00e9ligibles"}]},{"@type":"WebSite","@id":"https:\/\/icom.museum\/en\/#website","url":"https:\/\/icom.museum\/en\/","name":"International Council of Museums","description":"A global organisation of museums &amp; museum professionals committed to the promotion and protection of cultural heritage","publisher":{"@id":"https:\/\/icom.museum\/en\/#organization"},"potentialAction":[{"@type":"SearchAction","target":{"@type":"EntryPoint","urlTemplate":"https:\/\/icom.museum\/en\/?s={search_term_string}"},"query-input":{"@type":"PropertyValueSpecification","valueRequired":true,"valueName":"search_term_string"}}],"inLanguage":"fr-FR"},{"@type":"Organization","@id":"https:\/\/icom.museum\/en\/#organization","name":"International Council of Museums","url":"https:\/\/icom.museum\/en\/","logo":{"@type":"ImageObject","inLanguage":"fr-FR","@id":"https:\/\/icom.museum\/en\/#\/schema\/logo\/image\/","url":"https:\/\/icom.museum\/wp-content\/uploads\/2018\/07\/ICOM_M_.jpg","contentUrl":"https:\/\/icom.museum\/wp-content\/uploads\/2018\/07\/ICOM_M_.jpg","width":1721,"height":1721,"caption":"International Council of Museums"},"image":{"@id":"https:\/\/icom.museum\/en\/#\/schema\/logo\/image\/"}}]}},"_links":{"self":[{"href":"https:\/\/icom.museum\/fr\/wp-json\/wp\/v2\/pages\/64376"}],"collection":[{"href":"https:\/\/icom.museum\/fr\/wp-json\/wp\/v2\/pages"}],"about":[{"href":"https:\/\/icom.museum\/fr\/wp-json\/wp\/v2\/types\/page"}],"author":[{"embeddable":true,"href":"https:\/\/icom.museum\/fr\/wp-json\/wp\/v2\/users\/4916"}],"replies":[{"embeddable":true,"href":"https:\/\/icom.museum\/fr\/wp-json\/wp\/v2\/comments?post=64376"}],"version-history":[{"count":3,"href":"https:\/\/icom.museum\/fr\/wp-json\/wp\/v2\/pages\/64376\/revisions"}],"predecessor-version":[{"id":64421,"href":"https:\/\/icom.museum\/fr\/wp-json\/wp\/v2\/pages\/64376\/revisions\/64421"}],"wp:attachment":[{"href":"https:\/\/icom.museum\/fr\/wp-json\/wp\/v2\/media?parent=64376"}],"curies":[{"name":"wp","href":"https:\/\/api.w.org\/{rel}","templated":true}]}}