{"id":68161,"date":"2026-04-17T17:25:10","date_gmt":"2026-04-17T15:25:10","guid":{"rendered":"https:\/\/icom.museum\/?page_id=68161"},"modified":"2026-04-17T18:05:55","modified_gmt":"2026-04-17T16:05:55","slug":"fondation-de-licom","status":"publish","type":"page","link":"https:\/\/icom.museum\/fr\/participez\/fondation-de-licom\/","title":{"rendered":"Fondation ICOM"},"content":{"rendered":"<h2 class=\"headline\"><b>Au service des mus\u00e9es et du patrimoine \u00e0 travers le monde depuis 1965<\/b><\/h2>\n<p>Depuis plus de soixante ans, la Fondation de l\u2019ICOM joue un r\u00f4le essentiel dans le soutien au Conseil international des mus\u00e9es (ICOM) et \u00e0 la communaut\u00e9 mus\u00e9ale mondiale. Gr\u00e2ce \u00e0 l\u2019engagement de ses donateurs, la Fondation contribue \u00e0 la sauvegarde du patrimoine culturel, \u00e0 l\u2019autonomisation des professionnels des mus\u00e9es et au renforcement de la coop\u00e9ration internationale.<\/p>\n<div class=\"separator\">\n<p>Histoire de la Fondation ICOM<\/p>\n<\/div>\n<p>La Fondation ICOM a \u00e9t\u00e9 cr\u00e9\u00e9e en 1965, \u00e0 la suite d\u2019une d\u00e9cision du Comit\u00e9 ex\u00e9cutif de l\u2019ICOM. Elle a \u00e9t\u00e9 officiellement fond\u00e9e \u00e0 Zurich le 15 juin 1965 par des personnalit\u00e9s \u00e9minentes du monde mus\u00e9al, parmi lesquelles :<\/p>\n<ul>\n<li><b>Sir Philip Hendy<\/b>, directeur de la National Gallery, Londres<\/li>\n<li><b>Dr Fritz Gysin<\/b>, directeur du Mus\u00e9e national suisse, Zurich<\/li>\n<li><b>Dr Arthur van Schendel<\/b>, directeur du Rijksmuseum, Amsterdam<\/li>\n<li><b>Maurice Daumas<\/b>, directeur du Mus\u00e9e des Arts et M\u00e9tiers, Paris<\/li>\n<\/ul>\n<p>Sa cr\u00e9ation a \u00e9t\u00e9 officiellement annonc\u00e9e lors de la 8e Conf\u00e9rence g\u00e9n\u00e9rale de l\u2019ICOM \u00e0 New York plus tard dans l\u2019ann\u00e9e.<\/p>\n<p>D\u00e8s le d\u00e9part, la Fondation a \u00e9t\u00e9 con\u00e7ue comme un instrument cl\u00e9 pour apporter un soutien financier \u00e0 l\u2019ICOM et renforcer sa mission \u00e0 l\u2019\u00e9chelle mondiale.<\/p>\n<p>Au fil des d\u00e9cennies, plusieurs \u00e9minents responsables de mus\u00e9es et anciens pr\u00e9sidents de l\u2019ICOM ont fa\u00e7onn\u00e9 le d\u00e9veloppement de la Fondation, notamment :<\/p>\n<ul>\n<li><b>M. Arthur van Schendel<\/b>, figure fondatrice et pr\u00e9sident de l\u2019ICOM (1965\u20131971)<\/li>\n<li><b>M. Hubert Landais<\/b>, ancien directeur du Louvre et pr\u00e9sident de l\u2019ICOM (1977\u20131983)<\/li>\n<li><b>M. Jacques Perot<\/b>, pr\u00e9sident de l\u2019ICOM (1998\u20132004), qui reste actif au sein du conseil d\u2019administration de la Fondation<\/li>\n<li><b>Mme Elisabeth des Portes<\/b>, ancienne secr\u00e9taire g\u00e9n\u00e9rale de l\u2019ICOM<\/li>\n<\/ul>\n<p>Aujourd\u2019hui, la Fondation est pr\u00e9sid\u00e9e par <b>M. Alberto Garlandini<\/b>, pr\u00e9sident de l\u2019ICOM (2020\u20132022).<\/p>\n<figure id=\"attachment_68149\" aria-describedby=\"caption-attachment-68149\" style=\"width: 1024px\" class=\"wp-caption aligncenter\"><img loading=\"lazy\" decoding=\"async\" class=\"wp-image-68149 size-large\" src=\"https:\/\/icom.museum\/wp-content\/uploads\/2026\/04\/ICOM-Foundation-President-Alberto-Garlandini-at-the-27th-ICOM-General-Conference-in-Dubai-November-2025-1024x645.jpg\" alt=\"\" width=\"1024\" height=\"645\" srcset=\"https:\/\/icom.museum\/wp-content\/uploads\/2026\/04\/ICOM-Foundation-President-Alberto-Garlandini-at-the-27th-ICOM-General-Conference-in-Dubai-November-2025-1024x645.jpg 1024w, https:\/\/icom.museum\/wp-content\/uploads\/2026\/04\/ICOM-Foundation-President-Alberto-Garlandini-at-the-27th-ICOM-General-Conference-in-Dubai-November-2025-300x189.jpg 300w, https:\/\/icom.museum\/wp-content\/uploads\/2026\/04\/ICOM-Foundation-President-Alberto-Garlandini-at-the-27th-ICOM-General-Conference-in-Dubai-November-2025-768x484.jpg 768w, https:\/\/icom.museum\/wp-content\/uploads\/2026\/04\/ICOM-Foundation-President-Alberto-Garlandini-at-the-27th-ICOM-General-Conference-in-Dubai-November-2025.jpg 1336w\" sizes=\"(max-width: 1024px) 100vw, 1024px\" \/><figcaption id=\"caption-attachment-68149\" class=\"wp-caption-text\">Le pr\u00e9sident de la Fondation de l&#8217;ICOM, Alberto Garlandini, lors de la27e Conf\u00e9rence g\u00e9n\u00e9rale de l&#8217;ICOM \u00e0 Duba\u00ef, en novembre 2025.<\/figcaption><\/figure>\n<figure id=\"attachment_68146\" aria-describedby=\"caption-attachment-68146\" style=\"width: 1024px\" class=\"wp-caption aligncenter\"><img loading=\"lazy\" decoding=\"async\" class=\"wp-image-68146 size-large\" src=\"https:\/\/icom.museum\/wp-content\/uploads\/2026\/04\/ICOM-Director-General-Medea-Ekner-at-the-27th-ICOM-General-Conference-in-Dubai-November-2025-1024x562.jpg\" alt=\"\" width=\"1024\" height=\"562\" srcset=\"https:\/\/icom.museum\/wp-content\/uploads\/2026\/04\/ICOM-Director-General-Medea-Ekner-at-the-27th-ICOM-General-Conference-in-Dubai-November-2025-1024x562.jpg 1024w, https:\/\/icom.museum\/wp-content\/uploads\/2026\/04\/ICOM-Director-General-Medea-Ekner-at-the-27th-ICOM-General-Conference-in-Dubai-November-2025-300x165.jpg 300w, https:\/\/icom.museum\/wp-content\/uploads\/2026\/04\/ICOM-Director-General-Medea-Ekner-at-the-27th-ICOM-General-Conference-in-Dubai-November-2025-768x421.jpg 768w, https:\/\/icom.museum\/wp-content\/uploads\/2026\/04\/ICOM-Director-General-Medea-Ekner-at-the-27th-ICOM-General-Conference-in-Dubai-November-2025.jpg 1342w\" sizes=\"(max-width: 1024px) 100vw, 1024px\" \/><figcaption id=\"caption-attachment-68146\" class=\"wp-caption-text\">La directrice g\u00e9n\u00e9rale de l&#8217;ICOM, Medea Ekner, lors de la27e Conf\u00e9rence g\u00e9n\u00e9rale de l&#8217;ICOM \u00e0 Duba\u00ef, en novembre 2025.<\/figcaption><\/figure>\n<div class=\"separator\">\n<p>Qui sommes-nous<\/p>\n<\/div>\n<p>La Fondation de l\u2019ICOM est une entit\u00e9 juridique ind\u00e9pendante de droit suisse, dont le si\u00e8ge est \u00e0 Zurich. Elle a pour objectif de fournir des ressources financi\u00e8res afin de soutenir les programmes et initiatives de l\u2019ICOM, au b\u00e9n\u00e9fice de la communaut\u00e9 mus\u00e9ale internationale.<\/p>\n<p>Avec <b>plus de 1 000 contributeurs r\u00e9partis dans 27 pays<\/b>, la Fondation rassemble des personnes engag\u00e9es en faveur des mus\u00e9es, du patrimoine culturel et des valeurs incarn\u00e9es par le Code de d\u00e9ontologie des mus\u00e9es de l\u2019ICOM.<\/p>\n<div class=\"separator\">\n<p>Ce que nous soutenons<\/p>\n<\/div>\n<p>Les contributions \u00e0 la Fondation de l\u2019ICOM soutiennent directement les domaines cl\u00e9s du travail de l\u2019ICOM :<\/p>\n<ul>\n<li><b>Protection du patrimoine culturel :<\/b> soutien aux initiatives de lutte contre le trafic illicite de biens culturels, y compris l\u2019\u00e9laboration et la diffusion des Listes rouges de l\u2019ICOM des objets culturels en p\u00e9ril, en collaboration avec des partenaires internationaux tels que l\u2019UNESCO, INTERPOL et l\u2019Organisation mondiale des douanes.<\/li>\n<li><b>R\u00e9ponse aux crises :<\/b> apporter une aide aux mus\u00e9es et aux professionnels du patrimoine dans les r\u00e9gions touch\u00e9es par des conflits arm\u00e9s, des catastrophes naturelles ou l\u2019instabilit\u00e9.<\/li>\n<li><b>Formation et mobilit\u00e9 :<\/b> favoriser le d\u00e9veloppement professionnel des praticiens des mus\u00e9es, en mettant l\u2019accent sur les jeunes professionnels et ceux issus de pays disposant de moins de ressources.<\/li>\n<li><b>Acc\u00e8s aux \u00e9v\u00e9nements internationaux :<\/b> faciliter la participation \u2014 en pr\u00e9sentiel et en ligne \u2014 aux grands \u00e9v\u00e9nements de l\u2019ICOM, y compris les Conf\u00e9rences g\u00e9n\u00e9rales.<\/li>\n<\/ul>\n<p><img loading=\"lazy\" decoding=\"async\" class=\"wp-image-68152 size-large\" src=\"https:\/\/icom.museum\/wp-content\/uploads\/2026\/04\/Recent-Heritage-Protection-Department-projects-supported-by-the-ICOM-Foundation-2-1024x777.jpg\" alt=\"\" width=\"1024\" height=\"777\" srcset=\"https:\/\/icom.museum\/wp-content\/uploads\/2026\/04\/Recent-Heritage-Protection-Department-projects-supported-by-the-ICOM-Foundation-2-1024x777.jpg 1024w, https:\/\/icom.museum\/wp-content\/uploads\/2026\/04\/Recent-Heritage-Protection-Department-projects-supported-by-the-ICOM-Foundation-2-300x228.jpg 300w, https:\/\/icom.museum\/wp-content\/uploads\/2026\/04\/Recent-Heritage-Protection-Department-projects-supported-by-the-ICOM-Foundation-2-768x583.jpg 768w, https:\/\/icom.museum\/wp-content\/uploads\/2026\/04\/Recent-Heritage-Protection-Department-projects-supported-by-the-ICOM-Foundation-2.jpg 1361w\" sizes=\"(max-width: 1024px) 100vw, 1024px\" \/><\/p>\n<figure id=\"attachment_68155\" aria-describedby=\"caption-attachment-68155\" style=\"width: 1024px\" class=\"wp-caption aligncenter\"><img loading=\"lazy\" decoding=\"async\" class=\"wp-image-68155 size-large\" src=\"https:\/\/icom.museum\/wp-content\/uploads\/2026\/04\/Recent-Heritage-Protection-Department-projects-supported-by-the-ICOM-Foundation-1024x782.jpg\" alt=\"\" width=\"1024\" height=\"782\" srcset=\"https:\/\/icom.museum\/wp-content\/uploads\/2026\/04\/Recent-Heritage-Protection-Department-projects-supported-by-the-ICOM-Foundation-1024x782.jpg 1024w, https:\/\/icom.museum\/wp-content\/uploads\/2026\/04\/Recent-Heritage-Protection-Department-projects-supported-by-the-ICOM-Foundation-300x229.jpg 300w, https:\/\/icom.museum\/wp-content\/uploads\/2026\/04\/Recent-Heritage-Protection-Department-projects-supported-by-the-ICOM-Foundation-768x586.jpg 768w, https:\/\/icom.museum\/wp-content\/uploads\/2026\/04\/Recent-Heritage-Protection-Department-projects-supported-by-the-ICOM-Foundation.jpg 1353w\" sizes=\"(max-width: 1024px) 100vw, 1024px\" \/><figcaption id=\"caption-attachment-68155\" class=\"wp-caption-text\">Projets r\u00e9cents du d\u00e9partement Protection du patrimoine soutenus par la Fondation ICOM<\/figcaption><\/figure>\n<div class=\"separator\">\n<p>Pourquoi devenir contributeur ?<\/p>\n<\/div>\n<p>En rejoignant la Fondation de l\u2019ICOM, vous int\u00e9grez un r\u00e9seau mondial d\u00e9di\u00e9 \u00e0 la pr\u00e9servation et \u00e0 la promotion du patrimoine culturel. Votre contribution aide \u00e0 garantir que les mus\u00e9es puissent continuer \u00e0 servir la soci\u00e9t\u00e9, m\u00eame dans des contextes difficiles.<\/p>\n<p>Les contributeurs jouent un r\u00f4le direct dans le soutien de projets \u00e0 fort impact et dans la promotion de la mission de l\u2019ICOM \u00e0 travers le monde.<\/p>\n<div class=\"separator\">\n<p>Devenez contributeur<\/p>\n<\/div>\n<p>Devenir contributeur est simple. Si vous souhaitez soutenir la Fondation de l&#8217;ICOM, nous vous invitons \u00e0 nous contacter et \u00e0 nous faire part de votre int\u00e9r\u00eat.<\/p>\n<p><span style=\"text-decoration: underline;\">Contactez-nous \u00e0 l&#8217;adresse<\/span> : fondation@icom.museum<\/p>\n<p>Notre \u00e9quipe vous guidera tout au long du processus et vous fournira toutes les informations n\u00e9cessaires.<\/p>\n","protected":false},"excerpt":{"rendered":"<p>Au service des mus\u00e9es et du patrimoine \u00e0 travers le monde depuis 1965 Depuis plus de soixante ans, la Fondation de l\u2019ICOM joue un r\u00f4le essentiel dans le soutien au Conseil international des mus\u00e9es (ICOM) et \u00e0 la communaut\u00e9 mus\u00e9ale mondiale. Gr\u00e2ce \u00e0 l\u2019engagement de ses donateurs, la Fondation contribue \u00e0 la sauvegarde du patrimoine [&hellip;]<\/p>\n","protected":false},"author":4,"featured_media":0,"parent":6981,"menu_order":8,"comment_status":"closed","ping_status":"closed","template":"","meta":{"inline_featured_image":false,"footnotes":""},"class_list":["post-68161","page","type-page","status-publish","hentry"],"acf":[],"yoast_head":"<!-- This site is optimized with the Yoast SEO plugin v23.7 - https:\/\/yoast.com\/wordpress\/plugins\/seo\/ -->\n<title>Fondation ICOM - International Council of Museums<\/title>\n<meta name=\"robots\" content=\"index, follow, max-snippet:-1, max-image-preview:large, max-video-preview:-1\" \/>\n<link rel=\"canonical\" href=\"https:\/\/icom.museum\/fr\/participez\/fondation-de-licom\/\" \/>\n<meta property=\"og:locale\" content=\"fr_FR\" \/>\n<meta property=\"og:type\" content=\"article\" \/>\n<meta property=\"og:title\" content=\"Fondation ICOM - International Council of Museums\" \/>\n<meta property=\"og:description\" content=\"Au service des mus\u00e9es et du patrimoine \u00e0 travers le monde depuis 1965 Depuis plus de soixante ans, la Fondation de l\u2019ICOM joue un r\u00f4le essentiel dans le soutien au Conseil international des mus\u00e9es (ICOM) et \u00e0 la communaut\u00e9 mus\u00e9ale mondiale. Gr\u00e2ce \u00e0 l\u2019engagement de ses donateurs, la Fondation contribue \u00e0 la sauvegarde du patrimoine [&hellip;]\" \/>\n<meta property=\"og:url\" content=\"https:\/\/icom.museum\/fr\/participez\/fondation-de-licom\/\" \/>\n<meta property=\"og:site_name\" content=\"International Council of Museums\" \/>\n<meta property=\"article:modified_time\" content=\"2026-04-17T16:05:55+00:00\" \/>\n<meta property=\"og:image\" content=\"https:\/\/icom.museum\/wp-content\/uploads\/2026\/04\/ICOM-Foundation-President-Alberto-Garlandini-at-the-27th-ICOM-General-Conference-in-Dubai-November-2025.jpg\" \/>\n\t<meta property=\"og:image:width\" content=\"1336\" \/>\n\t<meta property=\"og:image:height\" content=\"842\" \/>\n\t<meta property=\"og:image:type\" content=\"image\/jpeg\" \/>\n<meta name=\"twitter:card\" content=\"summary_large_image\" \/>\n<meta name=\"twitter:label1\" content=\"Dur\u00e9e de lecture estim\u00e9e\" \/>\n\t<meta name=\"twitter:data1\" content=\"4 minutes\" \/>\n<script type=\"application\/ld+json\" class=\"yoast-schema-graph\">{\"@context\":\"https:\/\/schema.org\",\"@graph\":[{\"@type\":\"WebPage\",\"@id\":\"https:\/\/icom.museum\/fr\/participez\/fondation-de-licom\/\",\"url\":\"https:\/\/icom.museum\/fr\/participez\/fondation-de-licom\/\",\"name\":\"Fondation ICOM - International Council of Museums\",\"isPartOf\":{\"@id\":\"https:\/\/icom.museum\/en\/#website\"},\"primaryImageOfPage\":{\"@id\":\"https:\/\/icom.museum\/fr\/participez\/fondation-de-licom\/#primaryimage\"},\"image\":{\"@id\":\"https:\/\/icom.museum\/fr\/participez\/fondation-de-licom\/#primaryimage\"},\"thumbnailUrl\":\"https:\/\/icom.museum\/wp-content\/uploads\/2026\/04\/ICOM-Foundation-President-Alberto-Garlandini-at-the-27th-ICOM-General-Conference-in-Dubai-November-2025-1024x645.jpg\",\"datePublished\":\"2026-04-17T15:25:10+00:00\",\"dateModified\":\"2026-04-17T16:05:55+00:00\",\"breadcrumb\":{\"@id\":\"https:\/\/icom.museum\/fr\/participez\/fondation-de-licom\/#breadcrumb\"},\"inLanguage\":\"fr-FR\",\"potentialAction\":[{\"@type\":\"ReadAction\",\"target\":[\"https:\/\/icom.museum\/fr\/participez\/fondation-de-licom\/\"]}]},{\"@type\":\"ImageObject\",\"inLanguage\":\"fr-FR\",\"@id\":\"https:\/\/icom.museum\/fr\/participez\/fondation-de-licom\/#primaryimage\",\"url\":\"https:\/\/icom.museum\/wp-content\/uploads\/2026\/04\/ICOM-Foundation-President-Alberto-Garlandini-at-the-27th-ICOM-General-Conference-in-Dubai-November-2025-1024x645.jpg\",\"contentUrl\":\"https:\/\/icom.museum\/wp-content\/uploads\/2026\/04\/ICOM-Foundation-President-Alberto-Garlandini-at-the-27th-ICOM-General-Conference-in-Dubai-November-2025-1024x645.jpg\"},{\"@type\":\"BreadcrumbList\",\"@id\":\"https:\/\/icom.museum\/fr\/participez\/fondation-de-licom\/#breadcrumb\",\"itemListElement\":[{\"@type\":\"ListItem\",\"position\":1,\"name\":\"Home\",\"item\":\"https:\/\/icom.museum\/fr\/\"},{\"@type\":\"ListItem\",\"position\":2,\"name\":\"S&#8217;engager\",\"item\":\"https:\/\/icom.museum\/fr\/participez\/\"},{\"@type\":\"ListItem\",\"position\":3,\"name\":\"Fondation ICOM\"}]},{\"@type\":\"WebSite\",\"@id\":\"https:\/\/icom.museum\/en\/#website\",\"url\":\"https:\/\/icom.museum\/en\/\",\"name\":\"International Council of Museums\",\"description\":\"A global organisation of museums &amp; museum professionals committed to the promotion and protection of cultural heritage\",\"publisher\":{\"@id\":\"https:\/\/icom.museum\/en\/#organization\"},\"potentialAction\":[{\"@type\":\"SearchAction\",\"target\":{\"@type\":\"EntryPoint\",\"urlTemplate\":\"https:\/\/icom.museum\/en\/?s={search_term_string}\"},\"query-input\":{\"@type\":\"PropertyValueSpecification\",\"valueRequired\":true,\"valueName\":\"search_term_string\"}}],\"inLanguage\":\"fr-FR\"},{\"@type\":\"Organization\",\"@id\":\"https:\/\/icom.museum\/en\/#organization\",\"name\":\"International Council of Museums\",\"url\":\"https:\/\/icom.museum\/en\/\",\"logo\":{\"@type\":\"ImageObject\",\"inLanguage\":\"fr-FR\",\"@id\":\"https:\/\/icom.museum\/en\/#\/schema\/logo\/image\/\",\"url\":\"https:\/\/icom.museum\/wp-content\/uploads\/2018\/07\/ICOM_M_.jpg\",\"contentUrl\":\"https:\/\/icom.museum\/wp-content\/uploads\/2018\/07\/ICOM_M_.jpg\",\"width\":1721,\"height\":1721,\"caption\":\"International Council of Museums\"},\"image\":{\"@id\":\"https:\/\/icom.museum\/en\/#\/schema\/logo\/image\/\"}}]}<\/script>\n<!-- \/ Yoast SEO plugin. -->","yoast_head_json":{"title":"Fondation ICOM - International Council of Museums","robots":{"index":"index","follow":"follow","max-snippet":"max-snippet:-1","max-image-preview":"max-image-preview:large","max-video-preview":"max-video-preview:-1"},"canonical":"https:\/\/icom.museum\/fr\/participez\/fondation-de-licom\/","og_locale":"fr_FR","og_type":"article","og_title":"Fondation ICOM - International Council of Museums","og_description":"Au service des mus\u00e9es et du patrimoine \u00e0 travers le monde depuis 1965 Depuis plus de soixante ans, la Fondation de l\u2019ICOM joue un r\u00f4le essentiel dans le soutien au Conseil international des mus\u00e9es (ICOM) et \u00e0 la communaut\u00e9 mus\u00e9ale mondiale. Gr\u00e2ce \u00e0 l\u2019engagement de ses donateurs, la Fondation contribue \u00e0 la sauvegarde du patrimoine [&hellip;]","og_url":"https:\/\/icom.museum\/fr\/participez\/fondation-de-licom\/","og_site_name":"International Council of Museums","article_modified_time":"2026-04-17T16:05:55+00:00","og_image":[{"width":1336,"height":842,"url":"https:\/\/icom.museum\/wp-content\/uploads\/2026\/04\/ICOM-Foundation-President-Alberto-Garlandini-at-the-27th-ICOM-General-Conference-in-Dubai-November-2025.jpg","type":"image\/jpeg"}],"twitter_card":"summary_large_image","twitter_misc":{"Dur\u00e9e de lecture estim\u00e9e":"4 minutes"},"schema":{"@context":"https:\/\/schema.org","@graph":[{"@type":"WebPage","@id":"https:\/\/icom.museum\/fr\/participez\/fondation-de-licom\/","url":"https:\/\/icom.museum\/fr\/participez\/fondation-de-licom\/","name":"Fondation ICOM - International Council of Museums","isPartOf":{"@id":"https:\/\/icom.museum\/en\/#website"},"primaryImageOfPage":{"@id":"https:\/\/icom.museum\/fr\/participez\/fondation-de-licom\/#primaryimage"},"image":{"@id":"https:\/\/icom.museum\/fr\/participez\/fondation-de-licom\/#primaryimage"},"thumbnailUrl":"https:\/\/icom.museum\/wp-content\/uploads\/2026\/04\/ICOM-Foundation-President-Alberto-Garlandini-at-the-27th-ICOM-General-Conference-in-Dubai-November-2025-1024x645.jpg","datePublished":"2026-04-17T15:25:10+00:00","dateModified":"2026-04-17T16:05:55+00:00","breadcrumb":{"@id":"https:\/\/icom.museum\/fr\/participez\/fondation-de-licom\/#breadcrumb"},"inLanguage":"fr-FR","potentialAction":[{"@type":"ReadAction","target":["https:\/\/icom.museum\/fr\/participez\/fondation-de-licom\/"]}]},{"@type":"ImageObject","inLanguage":"fr-FR","@id":"https:\/\/icom.museum\/fr\/participez\/fondation-de-licom\/#primaryimage","url":"https:\/\/icom.museum\/wp-content\/uploads\/2026\/04\/ICOM-Foundation-President-Alberto-Garlandini-at-the-27th-ICOM-General-Conference-in-Dubai-November-2025-1024x645.jpg","contentUrl":"https:\/\/icom.museum\/wp-content\/uploads\/2026\/04\/ICOM-Foundation-President-Alberto-Garlandini-at-the-27th-ICOM-General-Conference-in-Dubai-November-2025-1024x645.jpg"},{"@type":"BreadcrumbList","@id":"https:\/\/icom.museum\/fr\/participez\/fondation-de-licom\/#breadcrumb","itemListElement":[{"@type":"ListItem","position":1,"name":"Home","item":"https:\/\/icom.museum\/fr\/"},{"@type":"ListItem","position":2,"name":"S&#8217;engager","item":"https:\/\/icom.museum\/fr\/participez\/"},{"@type":"ListItem","position":3,"name":"Fondation ICOM"}]},{"@type":"WebSite","@id":"https:\/\/icom.museum\/en\/#website","url":"https:\/\/icom.museum\/en\/","name":"International Council of Museums","description":"A global organisation of museums &amp; museum professionals committed to the promotion and protection of cultural heritage","publisher":{"@id":"https:\/\/icom.museum\/en\/#organization"},"potentialAction":[{"@type":"SearchAction","target":{"@type":"EntryPoint","urlTemplate":"https:\/\/icom.museum\/en\/?s={search_term_string}"},"query-input":{"@type":"PropertyValueSpecification","valueRequired":true,"valueName":"search_term_string"}}],"inLanguage":"fr-FR"},{"@type":"Organization","@id":"https:\/\/icom.museum\/en\/#organization","name":"International Council of Museums","url":"https:\/\/icom.museum\/en\/","logo":{"@type":"ImageObject","inLanguage":"fr-FR","@id":"https:\/\/icom.museum\/en\/#\/schema\/logo\/image\/","url":"https:\/\/icom.museum\/wp-content\/uploads\/2018\/07\/ICOM_M_.jpg","contentUrl":"https:\/\/icom.museum\/wp-content\/uploads\/2018\/07\/ICOM_M_.jpg","width":1721,"height":1721,"caption":"International Council of Museums"},"image":{"@id":"https:\/\/icom.museum\/en\/#\/schema\/logo\/image\/"}}]}},"_links":{"self":[{"href":"https:\/\/icom.museum\/fr\/wp-json\/wp\/v2\/pages\/68161"}],"collection":[{"href":"https:\/\/icom.museum\/fr\/wp-json\/wp\/v2\/pages"}],"about":[{"href":"https:\/\/icom.museum\/fr\/wp-json\/wp\/v2\/types\/page"}],"author":[{"embeddable":true,"href":"https:\/\/icom.museum\/fr\/wp-json\/wp\/v2\/users\/4"}],"replies":[{"embeddable":true,"href":"https:\/\/icom.museum\/fr\/wp-json\/wp\/v2\/comments?post=68161"}],"version-history":[{"count":5,"href":"https:\/\/icom.museum\/fr\/wp-json\/wp\/v2\/pages\/68161\/revisions"}],"predecessor-version":[{"id":68177,"href":"https:\/\/icom.museum\/fr\/wp-json\/wp\/v2\/pages\/68161\/revisions\/68177"}],"up":[{"embeddable":true,"href":"https:\/\/icom.museum\/fr\/wp-json\/wp\/v2\/pages\/6981"}],"wp:attachment":[{"href":"https:\/\/icom.museum\/fr\/wp-json\/wp\/v2\/media?parent=68161"}],"curies":[{"name":"wp","href":"https:\/\/api.w.org\/{rel}","templated":true}]}}