{"id":7177,"date":"2018-06-15T10:55:19","date_gmt":"2018-06-15T10:55:19","guid":{"rendered":"http:\/\/icom.museum\/?page_id=7177"},"modified":"2022-09-13T17:50:46","modified_gmt":"2022-09-13T15:50:46","slug":"normes-et-lignes-directrices","status":"publish","type":"page","link":"https:\/\/icom.museum\/fr\/ressources\/normes-et-lignes-directrices\/","title":{"rendered":"Normes et directives"},"content":{"rendered":"<h2>Le Conseil International des Mus\u00e9es promeut l\u2019excellence et les bonnes pratiques. \u00c0 ce titre, il encourage vivement l\u2019application de normes professionnelles au sein de la communaut\u00e9 mus\u00e9ale mondiale.<\/h2>\n<p>Par le biais de ses normes et lignes directrices, l\u2019ICOM diffuse les meilleures pratiques aux professionnels des mus\u00e9es en termes d\u2019acquisition d\u2019objets, de documentation des collections, de descriptions, de terminologie, de collections, de s\u00e9curit\u00e9, de conservation, de gestion et de formation du personnel, etc.<\/p>\n<p><span class=\"link_blue\"><a href=\"https:\/\/icom.museum\/fr\/ressources\/normes-et-lignes-directrices\/code-de-deontologie\/\">Code de d\u00e9ontologie<\/a><\/span><\/p>\n<p><span class=\"link_yellow\"><a href=\"https:\/\/icom.museum\/fr\/ressources\/normes-et-lignes-directrices\/definition-du-musee\/\">D\u00e9finition du mus\u00e9e<\/a><\/span><\/p>\n<p><span class=\"link_red\"><a href=\"https:\/\/icom.museum\/fr\/ressources\/normes-et-lignes-directrices\/object-id\/\">Object ID<\/a><\/span><\/p>\n<p><span class=\"link_blue\"><a href=\"https:\/\/icom.museum\/fr\/ressources\/normes-et-lignes-directrices\/declarations\/\">Declarations<\/a><\/span><\/p>\n<p><em>Ces normes sont d\u00e9velopp\u00e9es par les comit\u00e9s de l\u2019ICOM et sont approuv\u00e9es par le Comit\u00e9 ex\u00e9cutif de l\u2019ICOM :<\/em><\/p>\n<div class=\"separator\">\n<div class=\"separator\">\n<p><strong>NORMES PROFESSIONNELLES SUR LES PR\u00caTS<br \/>\n<\/strong><\/p>\n<\/div>\n<\/div>\n<ul>\n<li>Directives de l\u2019ICOM pour la r\u00e9daction d\u2019un contrat de pr\u00eat (ICOM, 1974)<\/li>\n<\/ul>\n<p><span class=\"link_black\"><a href=\"https:\/\/icom.museum\/fr\/ressources\/documents\/?q=pr%C3%AAt&#038;y=&#038;type=\">Retrouvez-le ici<\/a><\/span><\/p>\n<div class=\"separator\">\n<div class=\"separator\">\n<p><strong>NORMES PROFESSIONNELLES SUR<\/strong>\u00a0<strong>LA D\u00c9ONTOLOGIE\u00a0<\/strong><\/p>\n<\/div>\n<\/div>\n<ul>\n<li><a href=\"https:\/\/icom.museum\/wp-content\/uploads\/2019\/10\/Directives-du-Conseil-international-des-mus%C3%A9es-sur-l%E2%80%99ali%C3%A9nation-des-collections.pdf\">Directives du Conseil international des mus\u00e9es sur l\u2019ali\u00e9nation des collections<\/a>\u00a0(ETHCOM,\u00a02019)<\/li>\n<li><a href=\"https:\/\/icom.museum\/wp-content\/uploads\/2022\/03\/Accessioning-Standards_FR.pdf\">Normes sur l\u2019inscription \u00e0 l\u2019inventaire<\/a> (ETHCOM, 2021)<\/li>\n<li><a href=\"https:\/\/icom.museum\/wp-content\/uploads\/2022\/03\/Fundraising-Standards_FR.pdf\">Normes sur la lev\u00e9e de fonds<\/a> (ETHCOM, 2021)<\/li>\n<\/ul>\n<div class=\"separator\">\n<div class=\"separator\">\n<p><strong>NORMES PROFESSIONNELLES SUR L\u2019\u00c9DUCATION ET L\u2019ACTION CULTURELLE<br \/>\n<\/strong><\/p>\n<\/div>\n<\/div>\n<ul>\n<li>\u00ab\u00a0Best Practice in Museum Education and Cultural Programmes\u00a0\u00bb (CECA)<\/li>\n<\/ul>\n<ul>\n<li>\u00ab\u00a0Best Practice Books\u00a0\u00bb (6 volumes), (ICOM-CECA\/Edizioni Nuova Cultura, 2017)<\/li>\n<li>\u00ab\u00a0Education Toolkit, Methods and Technique from Museum and Heritage Education\u00a0\u00bb (ICOM-CECA\/LCM\/Erfgoedhuis Zuid-Holland, 2017)<\/li>\n<\/ul>\n<p><span class=\"link_black\"><a href=\"http:\/\/network.icom.museum\/ceca\/\" target=\"_blank\" rel=\"noopener\">Site internet de CECA\u00a0<\/a><\/span><\/p>\n<div class=\"separator\">\n<div class=\"separator\">\n<p><strong>NORMES PROFESSIONNELLES SUR LA DOCUMENTATION<br \/>\n<\/strong><\/p>\n<\/div>\n<\/div>\n<ul>\n<li>D\u00e9claration des principes de la documentation mus\u00e9ale (CIDOC, 2012)<\/li>\n<li>Le Mod\u00e8le conceptuel de r\u00e9f\u00e9rence du CIDOC (CIDOC, 2011)<\/li>\n<li>\u00ab\u00a0Lightweight Information Describing Objects\u00a0\u00bb (CIDOC, 2010)<\/li>\n<li>Le Mod\u00e8le conceptuel de r\u00e9f\u00e9rence du CIDOC (CIDOC, 2001)<\/li>\n<li>Corpus international de traitement normalis\u00e9 des donn\u00e9es en ethnologie\/ethnographie (CIDOC, 1996)<\/li>\n<li>International Guidelines for Museum Object Information: the CIDOC Information Categories (CIDOC, 1995)<\/li>\n<li>Recommendations for Identity Photography (CIDOC Fact Sheet 3, 2010)<\/li>\n<li>\u00c9tiquetage et marquage des objets (CIDOC Fact Sheet 2, 1993)<\/li>\n<li>Enregistrement \u00e9tape par \u00e9tape : Quand un objet entre au mus\u00e9e (CIDOC Fact Sheet 1, 1993)<\/li>\n<\/ul>\n<p><span class=\"link_black\"><a href=\"http:\/\/network.icom.museum\/cidoc\/\" target=\"_blank\" rel=\"noopener\">Site internet de CIDOC<\/a><\/span><\/p>\n<p><strong>NORMES PROFESSIONNELLES SUR LES MUS\u00c9ES ET COLLECTIONS D\u2019INSTRUMENTS ET DE MUSIQUE<br \/>\n<\/strong><\/p>\n<ul>\n<li>Voices for the Silenced \u2013 Guidelines for Interpreting Musical Instruments in Museum Collections (CIMCIM, 1998)<\/li>\n<li>Recommendations for the Application of Accession Numbers\u00a0on musical instruments\u00a0(CIMCIM, 1995)<\/li>\n<li>CIMENT: Uniform Procedures for Data Element Description in CIMCIM Database Systems (CIMCIM, 1991)<\/li>\n<li>Recommandations pour r\u00e9glementer l\u2019acc\u00e8s aux instruments de musique dans les collections publiques (CIMCIM, 1985)<\/li>\n<\/ul>\n<p><span class=\"link_black\"><a href=\"http:\/\/network.icom.museum\/cimcim\/\" target=\"_blank\" rel=\"noopener\">Site internet de CIMCIM<\/a><\/span><\/p>\n<div class=\"separator\">\n<div class=\"separator\">\n<p><strong>NORMES PROFESSIONNELLES SUR LES MUS\u00c9ES ET COLLECTIONS DU COSTUME<br \/>\n<\/strong><\/p>\n<\/div>\n<\/div>\n<ul>\n<li>Clothes Tell Stories, Working with Costume in Museums (COSTUME, 2013)<\/li>\n<li>Costume : lignes de conduite (1998)<\/li>\n<li>Vocabulaire de base pour les fichiers de costume (anglais, allemand, fran\u00e7ais, espagnol) (COSTUME, 1981)<\/li>\n<\/ul>\n<p><span class=\"link_black\"><a href=\"http:\/\/network.icom.museum\/costume\/\" target=\"_blank\" rel=\"noopener\">Site internet de COSTUME<\/a><\/span><\/p>\n<div class=\"separator\">\n<div class=\"separator\">\n<p><strong>NORMES PROFESSIONNELLES SUR LES DEMEURES HISTORIQUES-MUS\u00c9ES<br \/>\n<\/strong><\/p>\n<\/div>\n<\/div>\n<ul>\n<li>Rules for Functions in Historic Buildings \u2013 Caterers (DEMHIST, 2007)<\/li>\n<li>Rules for Filming in Historic Buildings (DEMHIST, 2007)<\/li>\n<li>Rules for TV and Entertainment Crews in Historic Buildings (2007)<\/li>\n<\/ul>\n<p><span class=\"link_black\"><a href=\"http:\/\/network.icom.museum\/demhist\" target=\"_blank\" rel=\"noopener\">Site internet de DEMHIST<\/a><\/span><\/p>\n<div class=\"separator\">\n<div class=\"separator\">\n<p><strong>NORMES PROFESSIONNELLES SUR LES MUS\u00c9ES \u00c0 LA M\u00c9MOIRE DES VICTIMES DE CRIMES PUBLICS<br \/>\n<\/strong><\/p>\n<\/div>\n<\/div>\n<ul>\n<li>International Memorial Museums Charter (2011)<\/li>\n<\/ul>\n<p><span class=\"link_black\"><a href=\"http:\/\/network.icom.museum\/icmemo\/\" target=\"_blank\" rel=\"noopener\">Site internet d\u2019ICMEMO<\/a><\/span><\/p>\n<div class=\"separator\">\n<div class=\"separator\">\n<p><strong>NORMES PROFESSIONNELLES SUR LA S\u00c9CURIT\u00c9 DANS LES MUS\u00c9ES<br \/>\n<\/strong><\/p>\n<\/div>\n<\/div>\n<ul>\n<li>Manuel de proc\u00e9dures d\u2019urgence (ICMS, 2010)<\/li>\n<li>Guidelines for Disaster Preparedness in Museums (ICMS, 1993)<\/li>\n<\/ul>\n<p><span class=\"link_black\"><a href=\"http:\/\/network.icom.museum\/icms\" target=\"_blank\" rel=\"noopener\">Site internet d\u2019ICMS<\/a><\/span><\/p>\n<div class=\"separator\">\n<div class=\"separator\">\n<p><strong>NORMES PROFESSIONNELLES SUR LA CONSERVATION<br \/>\n<\/strong><\/p>\n<\/div>\n<\/div>\n<ul>\n<li>Environmental Guidelines: ICOM-CC and IIC Declaration (ICOM-CC, 2014)<\/li>\n<\/ul>\n<p><span class=\"link_black\"><a href=\"http:\/\/www.icom-cc.org\/\" target=\"_blank\" rel=\"noopener\">Site internet d\u2019ICOM-CC<\/a><\/span><\/p>\n<div class=\"separator\">\n<div class=\"separator\">\n<p><strong>NORMES PROFESSIONNELLES SUR LES MUS\u00c9ES BANCAIRES ET MON\u00c9TAIRES<br \/>\n<\/strong><\/p>\n<\/div>\n<\/div>\n<ul>\n<li>Resources for Curators of Numismatic Collections (ICOMON, 2013)<\/li>\n<\/ul>\n<p><span class=\"link_black\"><a href=\"http:\/\/network.icom.museum\/icomon\/\" target=\"_blank\" rel=\"noopener\">Site internet d\u2019ICOMON<\/a><\/span><\/p>\n<div class=\"separator\">\n<div class=\"separator\">\n<p><strong>NORMES PROFESSIONNELLES SUR LA FORMATION DU PERSONNEL<br \/>\n<\/strong><\/p>\n<\/div>\n<\/div>\n<ul>\n<li>Museum Professions \u2013 A European Frame of Reference (ICTOP, 2008)<\/li>\n<\/ul>\n<p><span class=\"link_black\"><a href=\"http:\/\/ictop.org\/\" target=\"_blank\" rel=\"noopener\">Site internet d\u2019ICTOP<\/a><\/span><\/p>\n<div class=\"separator\">\n<div class=\"separator\">\n<p><strong>NORMES PROFESSIONNELLES SUR LA GESTION DES MUS\u00c9ES<br \/>\n<\/strong><\/p>\n<\/div>\n<\/div>\n<ul>\n<li>INTERCOM Management Scenarios (2008)<\/li>\n<\/ul>\n<p><span class=\"link_black\"><a href=\"http:\/\/www.intercom.museum\/\" target=\"_blank\" rel=\"noopener\">Site internet d\u2019INTERCOM<\/a><\/span><\/p>\n<p><strong>NORMES PROFESSIONNELLES SUR LES MUS\u00c9ES ET COLLECTIONS DES SCIENCES NATURELLES<br \/>\n<\/strong><\/p>\n<ul>\n<li>NATHIST Conference Planning Guide (2018)<\/li>\n<\/ul>\n<p><span class=\"link_black\"><a href=\"https:\/\/icomnathist.wordpress.com\/\" target=\"_blank\" rel=\"noopener\">Site internet de NATHIST<\/a><\/span><\/p>\n<div class=\"separator\">\n<div class=\"separator\">\n<p><strong>NORMES PROFESSIONNELLES SUR LES MUS\u00c9ES ET LES COLLECTIONS UNIVERSITAIRES<br \/>\n<\/strong><\/p>\n<\/div>\n<\/div>\n<ul>\n<li>University Museums and Collections \u2013 Importance, Responsibility, Maintenance, Disposal and Closure (2007)<\/li>\n<\/ul>\n<p><span class=\"link_black\"><a href=\"http:\/\/umac.icom.museum\/\" target=\"_blank\" rel=\"noopener\">Site internet d\u2019UMAC<\/a><\/span><\/p>\n<div class=\"separator\">\n<div class=\"separator\">\n<p><strong>NORMES PROFESSIONNELLES SUR LES MUS\u00c9ES AFRICAINS<br \/>\n<\/strong><\/p>\n<\/div>\n<\/div>\n<ul>\n<li>Manuel de normes : Documentation des collections africaines (1996)<\/li>\n<\/ul>\n","protected":false},"excerpt":{"rendered":"<p>Le Conseil International des Mus\u00e9es promeut l\u2019excellence et les bonnes pratiques. \u00c0 ce titre, il encourage vivement l\u2019application de normes professionnelles au sein de la communaut\u00e9 mus\u00e9ale mondiale. Par le biais de ses normes et lignes directrices, l\u2019ICOM diffuse les meilleures pratiques aux professionnels des mus\u00e9es en termes d\u2019acquisition d\u2019objets, de documentation des collections, de [&hellip;]<\/p>\n","protected":false},"author":10,"featured_media":0,"parent":9723,"menu_order":2,"comment_status":"closed","ping_status":"closed","template":"","meta":{"inline_featured_image":false,"footnotes":""},"class_list":["post-7177","page","type-page","status-publish","hentry"],"acf":[],"yoast_head":"<!-- This site is optimized with the Yoast SEO plugin v23.7 - https:\/\/yoast.com\/wordpress\/plugins\/seo\/ -->\n<title>Normes et directives - International Council of Museums<\/title>\n<meta name=\"robots\" content=\"index, follow, max-snippet:-1, max-image-preview:large, max-video-preview:-1\" \/>\n<link rel=\"canonical\" href=\"https:\/\/icom.museum\/fr\/ressources\/normes-et-lignes-directrices\/\" \/>\n<meta property=\"og:locale\" content=\"fr_FR\" \/>\n<meta property=\"og:type\" content=\"article\" \/>\n<meta property=\"og:title\" content=\"Normes et directives - International Council of Museums\" \/>\n<meta property=\"og:description\" content=\"Le Conseil International des Mus\u00e9es promeut l\u2019excellence et les bonnes pratiques. \u00c0 ce titre, il encourage vivement l\u2019application de normes professionnelles au sein de la communaut\u00e9 mus\u00e9ale mondiale. Par le biais de ses normes et lignes directrices, l\u2019ICOM diffuse les meilleures pratiques aux professionnels des mus\u00e9es en termes d\u2019acquisition d\u2019objets, de documentation des collections, de [&hellip;]\" \/>\n<meta property=\"og:url\" content=\"https:\/\/icom.museum\/fr\/ressources\/normes-et-lignes-directrices\/\" \/>\n<meta property=\"og:site_name\" content=\"International Council of Museums\" \/>\n<meta property=\"article:modified_time\" content=\"2022-09-13T15:50:46+00:00\" \/>\n<meta property=\"og:image\" content=\"https:\/\/icom.museum\/wp-content\/uploads\/2018\/07\/icon_resources_publications-1.png\" \/>\n<meta name=\"twitter:card\" content=\"summary_large_image\" \/>\n<meta name=\"twitter:label1\" content=\"Dur\u00e9e de lecture estim\u00e9e\" \/>\n\t<meta name=\"twitter:data1\" content=\"3 minutes\" \/>\n<script type=\"application\/ld+json\" class=\"yoast-schema-graph\">{\"@context\":\"https:\/\/schema.org\",\"@graph\":[{\"@type\":\"WebPage\",\"@id\":\"https:\/\/icom.museum\/fr\/ressources\/normes-et-lignes-directrices\/\",\"url\":\"https:\/\/icom.museum\/fr\/ressources\/normes-et-lignes-directrices\/\",\"name\":\"Normes et directives - International Council of Museums\",\"isPartOf\":{\"@id\":\"https:\/\/icom.museum\/en\/#website\"},\"datePublished\":\"2018-06-15T10:55:19+00:00\",\"dateModified\":\"2022-09-13T15:50:46+00:00\",\"breadcrumb\":{\"@id\":\"https:\/\/icom.museum\/fr\/ressources\/normes-et-lignes-directrices\/#breadcrumb\"},\"inLanguage\":\"fr-FR\",\"potentialAction\":[{\"@type\":\"ReadAction\",\"target\":[\"https:\/\/icom.museum\/fr\/ressources\/normes-et-lignes-directrices\/\"]}]},{\"@type\":\"BreadcrumbList\",\"@id\":\"https:\/\/icom.museum\/fr\/ressources\/normes-et-lignes-directrices\/#breadcrumb\",\"itemListElement\":[{\"@type\":\"ListItem\",\"position\":1,\"name\":\"Home\",\"item\":\"https:\/\/icom.museum\/fr\/\"},{\"@type\":\"ListItem\",\"position\":2,\"name\":\"Ressources\",\"item\":\"https:\/\/icom.museum\/fr\/ressources\/\"},{\"@type\":\"ListItem\",\"position\":3,\"name\":\"Normes et directives\"}]},{\"@type\":\"WebSite\",\"@id\":\"https:\/\/icom.museum\/en\/#website\",\"url\":\"https:\/\/icom.museum\/en\/\",\"name\":\"International Council of Museums\",\"description\":\"A global organisation of museums &amp; museum professionals committed to the promotion and protection of cultural heritage\",\"publisher\":{\"@id\":\"https:\/\/icom.museum\/en\/#organization\"},\"potentialAction\":[{\"@type\":\"SearchAction\",\"target\":{\"@type\":\"EntryPoint\",\"urlTemplate\":\"https:\/\/icom.museum\/en\/?s={search_term_string}\"},\"query-input\":{\"@type\":\"PropertyValueSpecification\",\"valueRequired\":true,\"valueName\":\"search_term_string\"}}],\"inLanguage\":\"fr-FR\"},{\"@type\":\"Organization\",\"@id\":\"https:\/\/icom.museum\/en\/#organization\",\"name\":\"International Council of Museums\",\"url\":\"https:\/\/icom.museum\/en\/\",\"logo\":{\"@type\":\"ImageObject\",\"inLanguage\":\"fr-FR\",\"@id\":\"https:\/\/icom.museum\/en\/#\/schema\/logo\/image\/\",\"url\":\"https:\/\/icom.museum\/wp-content\/uploads\/2018\/07\/ICOM_M_.jpg\",\"contentUrl\":\"https:\/\/icom.museum\/wp-content\/uploads\/2018\/07\/ICOM_M_.jpg\",\"width\":1721,\"height\":1721,\"caption\":\"International Council of Museums\"},\"image\":{\"@id\":\"https:\/\/icom.museum\/en\/#\/schema\/logo\/image\/\"}}]}<\/script>\n<!-- \/ Yoast SEO plugin. -->","yoast_head_json":{"title":"Normes et directives - International Council of Museums","robots":{"index":"index","follow":"follow","max-snippet":"max-snippet:-1","max-image-preview":"max-image-preview:large","max-video-preview":"max-video-preview:-1"},"canonical":"https:\/\/icom.museum\/fr\/ressources\/normes-et-lignes-directrices\/","og_locale":"fr_FR","og_type":"article","og_title":"Normes et directives - International Council of Museums","og_description":"Le Conseil International des Mus\u00e9es promeut l\u2019excellence et les bonnes pratiques. \u00c0 ce titre, il encourage vivement l\u2019application de normes professionnelles au sein de la communaut\u00e9 mus\u00e9ale mondiale. Par le biais de ses normes et lignes directrices, l\u2019ICOM diffuse les meilleures pratiques aux professionnels des mus\u00e9es en termes d\u2019acquisition d\u2019objets, de documentation des collections, de [&hellip;]","og_url":"https:\/\/icom.museum\/fr\/ressources\/normes-et-lignes-directrices\/","og_site_name":"International Council of Museums","article_modified_time":"2022-09-13T15:50:46+00:00","og_image":[{"url":"https:\/\/icom.museum\/wp-content\/uploads\/2018\/07\/icon_resources_publications-1.png"}],"twitter_card":"summary_large_image","twitter_misc":{"Dur\u00e9e de lecture estim\u00e9e":"3 minutes"},"schema":{"@context":"https:\/\/schema.org","@graph":[{"@type":"WebPage","@id":"https:\/\/icom.museum\/fr\/ressources\/normes-et-lignes-directrices\/","url":"https:\/\/icom.museum\/fr\/ressources\/normes-et-lignes-directrices\/","name":"Normes et directives - International Council of Museums","isPartOf":{"@id":"https:\/\/icom.museum\/en\/#website"},"datePublished":"2018-06-15T10:55:19+00:00","dateModified":"2022-09-13T15:50:46+00:00","breadcrumb":{"@id":"https:\/\/icom.museum\/fr\/ressources\/normes-et-lignes-directrices\/#breadcrumb"},"inLanguage":"fr-FR","potentialAction":[{"@type":"ReadAction","target":["https:\/\/icom.museum\/fr\/ressources\/normes-et-lignes-directrices\/"]}]},{"@type":"BreadcrumbList","@id":"https:\/\/icom.museum\/fr\/ressources\/normes-et-lignes-directrices\/#breadcrumb","itemListElement":[{"@type":"ListItem","position":1,"name":"Home","item":"https:\/\/icom.museum\/fr\/"},{"@type":"ListItem","position":2,"name":"Ressources","item":"https:\/\/icom.museum\/fr\/ressources\/"},{"@type":"ListItem","position":3,"name":"Normes et directives"}]},{"@type":"WebSite","@id":"https:\/\/icom.museum\/en\/#website","url":"https:\/\/icom.museum\/en\/","name":"International Council of Museums","description":"A global organisation of museums &amp; museum professionals committed to the promotion and protection of cultural heritage","publisher":{"@id":"https:\/\/icom.museum\/en\/#organization"},"potentialAction":[{"@type":"SearchAction","target":{"@type":"EntryPoint","urlTemplate":"https:\/\/icom.museum\/en\/?s={search_term_string}"},"query-input":{"@type":"PropertyValueSpecification","valueRequired":true,"valueName":"search_term_string"}}],"inLanguage":"fr-FR"},{"@type":"Organization","@id":"https:\/\/icom.museum\/en\/#organization","name":"International Council of Museums","url":"https:\/\/icom.museum\/en\/","logo":{"@type":"ImageObject","inLanguage":"fr-FR","@id":"https:\/\/icom.museum\/en\/#\/schema\/logo\/image\/","url":"https:\/\/icom.museum\/wp-content\/uploads\/2018\/07\/ICOM_M_.jpg","contentUrl":"https:\/\/icom.museum\/wp-content\/uploads\/2018\/07\/ICOM_M_.jpg","width":1721,"height":1721,"caption":"International Council of Museums"},"image":{"@id":"https:\/\/icom.museum\/en\/#\/schema\/logo\/image\/"}}]}},"_links":{"self":[{"href":"https:\/\/icom.museum\/fr\/wp-json\/wp\/v2\/pages\/7177"}],"collection":[{"href":"https:\/\/icom.museum\/fr\/wp-json\/wp\/v2\/pages"}],"about":[{"href":"https:\/\/icom.museum\/fr\/wp-json\/wp\/v2\/types\/page"}],"author":[{"embeddable":true,"href":"https:\/\/icom.museum\/fr\/wp-json\/wp\/v2\/users\/10"}],"replies":[{"embeddable":true,"href":"https:\/\/icom.museum\/fr\/wp-json\/wp\/v2\/comments?post=7177"}],"version-history":[{"count":9,"href":"https:\/\/icom.museum\/fr\/wp-json\/wp\/v2\/pages\/7177\/revisions"}],"predecessor-version":[{"id":50152,"href":"https:\/\/icom.museum\/fr\/wp-json\/wp\/v2\/pages\/7177\/revisions\/50152"}],"up":[{"embeddable":true,"href":"https:\/\/icom.museum\/fr\/wp-json\/wp\/v2\/pages\/9723"}],"wp:attachment":[{"href":"https:\/\/icom.museum\/fr\/wp-json\/wp\/v2\/media?parent=7177"}],"curies":[{"name":"wp","href":"https:\/\/api.w.org\/{rel}","templated":true}]}}