{"id":7181,"date":"2018-06-15T10:56:29","date_gmt":"2018-06-15T10:56:29","guid":{"rendered":"http:\/\/icom.museum\/?page_id=7181"},"modified":"2026-02-25T15:38:14","modified_gmt":"2026-02-25T13:38:14","slug":"reunions-annuelles","status":"publish","type":"page","link":"https:\/\/icom.museum\/fr\/reunions-annuelles\/","title":{"rendered":"R\u00e9unions annuelles"},"content":{"rendered":"<div class=\"separator\">\n<p>Que sont les r\u00e9unions annuelles de l&#8217;ICOM ?<\/p>\n<\/div>\n<h2 class=\"headline\">Les r\u00e9unions annuelles constituent un moment cl\u00e9 du dialogue inclusif et participatif entre les membres de l&#8217;ICOM, les organes de l&#8217;ICOM et ses organes directeurs. Elles offrent un forum structur\u00e9 pour la d\u00e9lib\u00e9ration et la prise de d\u00e9cision collective concernant l&#8217;orientation strat\u00e9gique, la gouvernance et le d\u00e9veloppement futur de l&#8217;organisation.<\/h2>\n<p>Les r\u00e9unions annuelles de l&#8217;ICOM comprennent les r\u00e9unions statutaires de l&#8217;organisation, \u00e0 savoir :<\/p>\n<ul>\n<li>R\u00e9unions s\u00e9par\u00e9es des comit\u00e9s nationaux et internationaux ;<\/li>\n<li>la session du Conseil consultatif ;<\/li>\n<li>Les r\u00e9unions de l&#8217;Assembl\u00e9e g\u00e9n\u00e9rale.<\/li>\n<\/ul>\n<p>Les r\u00e9unions annuelles de l&#8217;ICOM peuvent \u00e9galement inclure un programme scientifique et professionnel compl\u00e9mentaire organis\u00e9 en marge des r\u00e9unions statutaires. Ce programme peut comprendre une conf\u00e9rence scientifique ou des sessions th\u00e9matiques, des discours liminaires et des interventions d&#8217;orateurs invit\u00e9s, des tables rondes, des ateliers, des \u00e9v\u00e9nements de r\u00e9seautage, ainsi que des comm\u00e9morations ou des c\u00e9l\u00e9brations sp\u00e9cifiques rev\u00eatant une importance institutionnelle.<\/p>\n<p>Les r\u00e9unions de l&#8217;Assembl\u00e9e g\u00e9n\u00e9rale et du Conseil consultatif se tiennent traditionnellement \u00e0 Paris en juin de chaque ann\u00e9e, sauf les ann\u00e9es o\u00f9 se tient la Conf\u00e9rence g\u00e9n\u00e9rale, o\u00f9 elles ont lieu dans le lieu d&#8217;accueil de la Conf\u00e9rence g\u00e9n\u00e9rale. Les r\u00e9unions s\u00e9par\u00e9es des comit\u00e9s nationaux et internationaux se tiennent g\u00e9n\u00e9ralement en ligne au mois de mai.<\/p>\n<p>Cette ann\u00e9e marque le 80e anniversaire de l&#8217;ICOM sous le th\u00e8me <em>\u00ab Les mus\u00e9es unissent un monde divis\u00e9 \u00bb<\/em>.<\/p>\n<p>Les r\u00e9unions annuelles de 2026 se tiendront en pr\u00e9sentiel, au si\u00e8ge de l&#8217;UNESCO \u00e0 Paris (France), comme suit :<\/p>\n<ul>\n<li>100e session du Conseil consultatif, le 24 juin 2026 (en pr\u00e9sentiel et en ligne pour le public concern\u00e9) ;<\/li>\n<li>41e r\u00e9union ordinaire de l&#8217;Assembl\u00e9e g\u00e9n\u00e9rale, le 25 juin 2026.<\/li>\n<\/ul>\n<p>La r\u00e9union de l&#8217;Assembl\u00e9e g\u00e9n\u00e9rale sera retransmise en direct et accessible dans le monde entier. Le Conseil consultatif sera \u00e9galement accessible en ligne pour tous ses membres (pr\u00e9sidents des comit\u00e9s de l&#8217;ICOM et organisations affili\u00e9es uniquement).<\/p>\n<p>Les r\u00e9unions s\u00e9par\u00e9es des comit\u00e9s nationaux et internationaux se tiendront en ligne, en mai 2026.<\/p>\n<p>Pour plus d&#8217;informations sur le r\u00f4le et les responsabilit\u00e9s des organes de l&#8217;ICOM, veuillez vous r\u00e9f\u00e9rer \u00e0 <a href=\"https:\/\/icom.museum\/wp-content\/uploads\/2025\/03\/3-Languages-Decision-making-Infographic-1.pdf\">l&#8217;infographie de la structure et le processus d\u00e9cisionnel de l&#8217;ICOM<\/a>, ainsi qu&#8217;aux documents explicatifs qui l&#8217;accompagnent, disponibles <a href=\"https:\/\/icom.museum\/wp-content\/uploads\/2026\/02\/ICOM-Statutory-Meetings_2026_FR.docx\">ici<\/a>.<\/p>\n<div class=\"separator\">\n<p>AGORA<\/p>\n<\/div>\n<p><a href=\"https:\/\/agora.icom.museum\/\">AGORA<\/a> est la plateforme en ligne de l&#8217;ICOM d\u00e9di\u00e9e aux r\u00e9unions statutaires et accessible \u00e0 tous les membres via l&#8217;espace membres de l&#8217;ICOM. La plateforme permet aux membres de s&#8217;inscrire aux r\u00e9unions statutaires, de consulter les documents de travail associ\u00e9s \u00e0 ces r\u00e9unions et d&#8217;acc\u00e9der aux enregistrements des pr\u00e9c\u00e9dentes assembl\u00e9es g\u00e9n\u00e9rales. Vous pouvez acc\u00e9der \u00e0 AGORA <a href=\"https:\/\/agora.icom.museum\/\">ici<\/a>.<\/p>\n<div class=\"separator\">\n<p>Pr\u00e9c\u00e9dentes r\u00e9unions annuelles de l&#8217;ICOM<\/p>\n<\/div>\n<p>En 2025, la 99e session du Conseil consultatif, ainsi que la 40e r\u00e9union ordinaire de l&#8217;Assembl\u00e9e g\u00e9n\u00e9rale, se sont tenues \u00e0 Duba\u00ef (EAU), dans le cadre de la 27e Conf\u00e9rence g\u00e9n\u00e9rale de l&#8217;ICOM.<\/p>\n<p>En 2024, la 96e session du Conseil consultatif ainsi que la 39e r\u00e9union ordinaire de l&#8217;Assembl\u00e9e g\u00e9n\u00e9rale se sont tenues \u00e0 Marseille (France), au MUCEM (<em>Mus\u00e9e des civilisations de l&#8217;Europe et de la M\u00e9diterran\u00e9e<\/em>).<\/p>\n<p>&nbsp;<\/p>\n","protected":false},"excerpt":{"rendered":"<p>Que sont les r\u00e9unions annuelles de l&#8217;ICOM ? Les r\u00e9unions annuelles constituent un moment cl\u00e9 du dialogue inclusif et participatif entre les membres de l&#8217;ICOM, les organes de l&#8217;ICOM et ses organes directeurs. Elles offrent un forum structur\u00e9 pour la d\u00e9lib\u00e9ration et la prise de d\u00e9cision collective concernant l&#8217;orientation strat\u00e9gique, la gouvernance et le d\u00e9veloppement [&hellip;]<\/p>\n","protected":false},"author":10,"featured_media":0,"parent":0,"menu_order":2,"comment_status":"closed","ping_status":"closed","template":"","meta":{"inline_featured_image":false,"footnotes":""},"class_list":["post-7181","page","type-page","status-publish","hentry"],"acf":[],"yoast_head":"<!-- This site is optimized with the Yoast SEO plugin v23.7 - https:\/\/yoast.com\/wordpress\/plugins\/seo\/ -->\n<title>R\u00e9unions annuelles - International Council of Museums<\/title>\n<meta name=\"robots\" content=\"index, follow, max-snippet:-1, max-image-preview:large, max-video-preview:-1\" \/>\n<link rel=\"canonical\" href=\"https:\/\/icom.museum\/fr\/reunions-annuelles\/\" \/>\n<meta property=\"og:locale\" content=\"fr_FR\" \/>\n<meta property=\"og:type\" content=\"article\" \/>\n<meta property=\"og:title\" content=\"R\u00e9unions annuelles - International Council of Museums\" \/>\n<meta property=\"og:description\" content=\"Que sont les r\u00e9unions annuelles de l&#8217;ICOM ? Les r\u00e9unions annuelles constituent un moment cl\u00e9 du dialogue inclusif et participatif entre les membres de l&#8217;ICOM, les organes de l&#8217;ICOM et ses organes directeurs. Elles offrent un forum structur\u00e9 pour la d\u00e9lib\u00e9ration et la prise de d\u00e9cision collective concernant l&#8217;orientation strat\u00e9gique, la gouvernance et le d\u00e9veloppement [&hellip;]\" \/>\n<meta property=\"og:url\" content=\"https:\/\/icom.museum\/fr\/reunions-annuelles\/\" \/>\n<meta property=\"og:site_name\" content=\"International Council of Museums\" \/>\n<meta property=\"article:modified_time\" content=\"2026-02-25T13:38:14+00:00\" \/>\n<meta property=\"og:image\" content=\"https:\/\/icom.museum\/wp-content\/uploads\/2024\/06\/3.jpg\" \/>\n<meta name=\"twitter:card\" content=\"summary_large_image\" \/>\n<meta name=\"twitter:label1\" content=\"Dur\u00e9e de lecture estim\u00e9e\" \/>\n\t<meta name=\"twitter:data1\" content=\"3 minutes\" \/>\n<script type=\"application\/ld+json\" class=\"yoast-schema-graph\">{\"@context\":\"https:\/\/schema.org\",\"@graph\":[{\"@type\":\"WebPage\",\"@id\":\"https:\/\/icom.museum\/fr\/reunions-annuelles\/\",\"url\":\"https:\/\/icom.museum\/fr\/reunions-annuelles\/\",\"name\":\"R\u00e9unions annuelles - International Council of Museums\",\"isPartOf\":{\"@id\":\"https:\/\/icom.museum\/en\/#website\"},\"datePublished\":\"2018-06-15T10:56:29+00:00\",\"dateModified\":\"2026-02-25T13:38:14+00:00\",\"breadcrumb\":{\"@id\":\"https:\/\/icom.museum\/fr\/reunions-annuelles\/#breadcrumb\"},\"inLanguage\":\"fr-FR\",\"potentialAction\":[{\"@type\":\"ReadAction\",\"target\":[\"https:\/\/icom.museum\/fr\/reunions-annuelles\/\"]}]},{\"@type\":\"BreadcrumbList\",\"@id\":\"https:\/\/icom.museum\/fr\/reunions-annuelles\/#breadcrumb\",\"itemListElement\":[{\"@type\":\"ListItem\",\"position\":1,\"name\":\"Home\",\"item\":\"https:\/\/icom.museum\/fr\/\"},{\"@type\":\"ListItem\",\"position\":2,\"name\":\"R\u00e9unions annuelles\"}]},{\"@type\":\"WebSite\",\"@id\":\"https:\/\/icom.museum\/en\/#website\",\"url\":\"https:\/\/icom.museum\/en\/\",\"name\":\"International Council of Museums\",\"description\":\"A global organisation of museums &amp; museum professionals committed to the promotion and protection of cultural heritage\",\"publisher\":{\"@id\":\"https:\/\/icom.museum\/en\/#organization\"},\"potentialAction\":[{\"@type\":\"SearchAction\",\"target\":{\"@type\":\"EntryPoint\",\"urlTemplate\":\"https:\/\/icom.museum\/en\/?s={search_term_string}\"},\"query-input\":{\"@type\":\"PropertyValueSpecification\",\"valueRequired\":true,\"valueName\":\"search_term_string\"}}],\"inLanguage\":\"fr-FR\"},{\"@type\":\"Organization\",\"@id\":\"https:\/\/icom.museum\/en\/#organization\",\"name\":\"International Council of Museums\",\"url\":\"https:\/\/icom.museum\/en\/\",\"logo\":{\"@type\":\"ImageObject\",\"inLanguage\":\"fr-FR\",\"@id\":\"https:\/\/icom.museum\/en\/#\/schema\/logo\/image\/\",\"url\":\"https:\/\/icom.museum\/wp-content\/uploads\/2018\/07\/ICOM_M_.jpg\",\"contentUrl\":\"https:\/\/icom.museum\/wp-content\/uploads\/2018\/07\/ICOM_M_.jpg\",\"width\":1721,\"height\":1721,\"caption\":\"International Council of Museums\"},\"image\":{\"@id\":\"https:\/\/icom.museum\/en\/#\/schema\/logo\/image\/\"}}]}<\/script>\n<!-- \/ Yoast SEO plugin. -->","yoast_head_json":{"title":"R\u00e9unions annuelles - International Council of Museums","robots":{"index":"index","follow":"follow","max-snippet":"max-snippet:-1","max-image-preview":"max-image-preview:large","max-video-preview":"max-video-preview:-1"},"canonical":"https:\/\/icom.museum\/fr\/reunions-annuelles\/","og_locale":"fr_FR","og_type":"article","og_title":"R\u00e9unions annuelles - International Council of Museums","og_description":"Que sont les r\u00e9unions annuelles de l&#8217;ICOM ? Les r\u00e9unions annuelles constituent un moment cl\u00e9 du dialogue inclusif et participatif entre les membres de l&#8217;ICOM, les organes de l&#8217;ICOM et ses organes directeurs. Elles offrent un forum structur\u00e9 pour la d\u00e9lib\u00e9ration et la prise de d\u00e9cision collective concernant l&#8217;orientation strat\u00e9gique, la gouvernance et le d\u00e9veloppement [&hellip;]","og_url":"https:\/\/icom.museum\/fr\/reunions-annuelles\/","og_site_name":"International Council of Museums","article_modified_time":"2026-02-25T13:38:14+00:00","og_image":[{"url":"https:\/\/icom.museum\/wp-content\/uploads\/2024\/06\/3.jpg"}],"twitter_card":"summary_large_image","twitter_misc":{"Dur\u00e9e de lecture estim\u00e9e":"3 minutes"},"schema":{"@context":"https:\/\/schema.org","@graph":[{"@type":"WebPage","@id":"https:\/\/icom.museum\/fr\/reunions-annuelles\/","url":"https:\/\/icom.museum\/fr\/reunions-annuelles\/","name":"R\u00e9unions annuelles - International Council of Museums","isPartOf":{"@id":"https:\/\/icom.museum\/en\/#website"},"datePublished":"2018-06-15T10:56:29+00:00","dateModified":"2026-02-25T13:38:14+00:00","breadcrumb":{"@id":"https:\/\/icom.museum\/fr\/reunions-annuelles\/#breadcrumb"},"inLanguage":"fr-FR","potentialAction":[{"@type":"ReadAction","target":["https:\/\/icom.museum\/fr\/reunions-annuelles\/"]}]},{"@type":"BreadcrumbList","@id":"https:\/\/icom.museum\/fr\/reunions-annuelles\/#breadcrumb","itemListElement":[{"@type":"ListItem","position":1,"name":"Home","item":"https:\/\/icom.museum\/fr\/"},{"@type":"ListItem","position":2,"name":"R\u00e9unions annuelles"}]},{"@type":"WebSite","@id":"https:\/\/icom.museum\/en\/#website","url":"https:\/\/icom.museum\/en\/","name":"International Council of Museums","description":"A global organisation of museums &amp; museum professionals committed to the promotion and protection of cultural heritage","publisher":{"@id":"https:\/\/icom.museum\/en\/#organization"},"potentialAction":[{"@type":"SearchAction","target":{"@type":"EntryPoint","urlTemplate":"https:\/\/icom.museum\/en\/?s={search_term_string}"},"query-input":{"@type":"PropertyValueSpecification","valueRequired":true,"valueName":"search_term_string"}}],"inLanguage":"fr-FR"},{"@type":"Organization","@id":"https:\/\/icom.museum\/en\/#organization","name":"International Council of Museums","url":"https:\/\/icom.museum\/en\/","logo":{"@type":"ImageObject","inLanguage":"fr-FR","@id":"https:\/\/icom.museum\/en\/#\/schema\/logo\/image\/","url":"https:\/\/icom.museum\/wp-content\/uploads\/2018\/07\/ICOM_M_.jpg","contentUrl":"https:\/\/icom.museum\/wp-content\/uploads\/2018\/07\/ICOM_M_.jpg","width":1721,"height":1721,"caption":"International Council of Museums"},"image":{"@id":"https:\/\/icom.museum\/en\/#\/schema\/logo\/image\/"}}]}},"_links":{"self":[{"href":"https:\/\/icom.museum\/fr\/wp-json\/wp\/v2\/pages\/7181"}],"collection":[{"href":"https:\/\/icom.museum\/fr\/wp-json\/wp\/v2\/pages"}],"about":[{"href":"https:\/\/icom.museum\/fr\/wp-json\/wp\/v2\/types\/page"}],"author":[{"embeddable":true,"href":"https:\/\/icom.museum\/fr\/wp-json\/wp\/v2\/users\/10"}],"replies":[{"embeddable":true,"href":"https:\/\/icom.museum\/fr\/wp-json\/wp\/v2\/comments?post=7181"}],"version-history":[{"count":25,"href":"https:\/\/icom.museum\/fr\/wp-json\/wp\/v2\/pages\/7181\/revisions"}],"predecessor-version":[{"id":67514,"href":"https:\/\/icom.museum\/fr\/wp-json\/wp\/v2\/pages\/7181\/revisions\/67514"}],"wp:attachment":[{"href":"https:\/\/icom.museum\/fr\/wp-json\/wp\/v2\/media?parent=7181"}],"curies":[{"name":"wp","href":"https:\/\/api.w.org\/{rel}","templated":true}]}}