{"id":7190,"date":"2018-06-15T11:02:38","date_gmt":"2018-06-15T11:02:38","guid":{"rendered":"http:\/\/icom.museum\/?page_id=7190"},"modified":"2023-06-05T11:10:31","modified_gmt":"2023-06-05T09:10:31","slug":"definition-du-musee","status":"publish","type":"page","link":"https:\/\/icom.museum\/fr\/ressources\/normes-et-lignes-directrices\/definition-du-musee\/","title":{"rendered":"D\u00e9finition du mus\u00e9e"},"content":{"rendered":"<p>A Prague, le 24 ao\u00fbt 2022, l&#8217;Assembl\u00e9e g\u00e9n\u00e9rale extraordinaire de l&#8217;ICOM a approuv\u00e9 la proposition de nouvelle d\u00e9finition du mus\u00e9e avec 92,41% (Pour : 487, Contre : 23, Abstention : 17). Suite \u00e0 l&#8217;adoption, la nouvelle d\u00e9finition des mus\u00e9es de l&#8217;ICOM est la suivante :<\/p>\n<blockquote><p><strong>&#8220;Un mus\u00e9e est une institution permanente, \u00e0 but non lucratif et au service de la soci\u00e9t\u00e9, qui se consacre \u00e0 la recherche, la collecte, la conservation, l\u2019interpr\u00e9tation et l\u2019exposition du patrimoine mat\u00e9riel et immat\u00e9riel. Ouvert au public, accessible et inclusif, il encourage la diversit\u00e9 et la durabilit\u00e9. Les mus\u00e9es op\u00e8rent et communiquent de mani\u00e8re \u00e9thique et professionnelle, avec la participation de diverses communaut\u00e9s. Ils offrent \u00e0 leurs publics des exp\u00e9riences vari\u00e9es d\u2019\u00e9ducation, de divertissement, de r\u00e9flexion et de partage de connaissances.&#8221;<\/strong><\/p><\/blockquote>\n<div class=\"separator\">\n<div style=\"position: relative; width: 100%; height: 0; padding-top: 56.2500%; padding-bottom: 0; box-shadow: 0 2px 8px 0 rgba(63,69,81,0.16); margin-top: 1.6em; margin-bottom: 0.9em; overflow: hidden; border-radius: 8px; will-change: transform;\"><iframe style=\"position: absolute; width: 100%; height: 100%; top: 0; left: 0; border: none; padding: 0; margin: 0;\" src=\"https:\/\/www.canva.com\/design\/DAFekAqrFew\/view?embed\" allowfullscreen=\"allowfullscreen\"><br \/>\n<\/iframe><\/div>\n<p><a href=\"https:\/\/www.canva.com\/design\/DAFekAqrFew\/view?utm_content=DAFekAqrFew&amp;utm_campaign=designshare&amp;utm_medium=embeds&amp;utm_source=link\" target=\"_blank\" rel=\"noopener\">MUSEUM DEFINITION<\/a> by Communications<\/p>\n<\/div>\n<p><span class=\"link_red\"><a href=\"https:\/\/www.canva.com\/design\/DAFekAqrFew\/3eNhh2IHN9ww2pyW9Mlihw\/view?utm_content=DAFekAqrFew&amp;utm_campaign=designshare&amp;utm_medium=link&amp;utm_source=publishsharelink\">D\u00e9couvrez les traductions de la d\u00e9finition du mus\u00e9e !<\/a><\/span><\/p>\n<div class=\"separator\">\n<p class=\"p3\"><span class=\"s1\"><b>Museum Definition: A way forward<\/b><\/span><\/p>\n<p class=\"p1\"><b>D\u00e9finition du mus\u00e9e : Une voie \u00e0 suivre<\/b><\/p>\n<\/div>\n<p><img loading=\"lazy\" decoding=\"async\" class=\"aligncenter size-full wp-image-48809\" src=\"https:\/\/icom.museum\/wp-content\/uploads\/2022\/07\/Methodology_ICOM_Banner_Site_steps_12_FR.jpg\" alt=\"\" width=\"16667\" height=\"8334\" \/><\/p>\n<p>Afin de r\u00e9pondre aux attentes des comit\u00e9s nationaux et internationaux, des alliances r\u00e9gionales et des organisations affili\u00e9es de l\u2019ICOM concernant la mise en place d\u2019un processus de consultation d\u00e9mocratique et ouvert, le Comit\u00e9 permanent pour la d\u00e9finition des mus\u00e9es a formul\u00e9 une <b>nouvelle m\u00e9thodologie<\/b>. La conception de cette m\u00e9thodologie est bas\u00e9e sur une plus grande transparence et la prise en compte avec attention de toutes les propositions. Les membres du MDPP2 sont convenus qu\u2019il semblait souhaitable de rebaptiser le comit\u00e9. Il a par cons\u00e9quent \u00e9t\u00e9 demand\u00e9 \u00e0 la direction de l\u2019ICOM que le comit\u00e9 s\u2019appelle d\u00e9sormais\u00a0: <b>ICOM Define<\/b>\u00a0: Comit\u00e9 permanent pour la d\u00e9finition du mus\u00e9e.<\/p>\n<div class=\"separator\">\n<p><strong>Consultation 1<\/strong><\/p>\n<\/div>\n<p>La consultation 1 a \u00e9t\u00e9 l&#8217;occasion pour les comit\u00e9s de soumettre leurs rapports concernant les activit\u00e9s qu&#8217;ils ont men\u00e9es en 2019\/2020 en rapport avec la d\u00e9finition du mus\u00e9e. Nous avons re\u00e7u des r\u00e9ponses tr\u00e8s vari\u00e9es de 23 comit\u00e9s nationaux, 6 comit\u00e9s internationaux, 1 organisation affili\u00e9e et 1 groupe de travail. Les r\u00e9ponses \u00e0 ce premier cycle de consultation donnent lieu \u00e0 des consid\u00e9rations importantes, qui sont toutes tr\u00e8s pr\u00e9cieuses et aideront les comit\u00e9s \u00e0 aller de l&#8217;avant lorsqu&#8217;ils soumettront leurs r\u00e9ponses aux prochaines consultations.<\/p>\n<p><span class=\"link_yellow\"><a href=\"https:\/\/icom.museum\/fr\/news\/consultations-definition-du-musee-et-code-de-deontologie\/\">En savoir plus<\/a><\/span><\/p>\n<div class=\"separator\">\n<p><strong>Consultation 2\u00a0<\/strong><\/p>\n<\/div>\n<p>L&#8217;ICOM a men\u00e9 la Consultation 2 sur les mots cl\u00e9s et les concepts qui devraient \u00eatre inclus dans la d\u00e9finition d&#8217;un mus\u00e9e. Les r\u00e9sultats ont \u00e9t\u00e9 soumis \u00e0 une analyse quantitative et qualitative par trois analystes de donn\u00e9es ind\u00e9pendants engag\u00e9s par l&#8217;ICOM \u00e0 cette fin. Nous vous invitons \u00e0 regarder ce que les membres de l\u2019ICOM du monde entier ont \u00e0 dire. Ce rapport sur les r\u00e9sultats de la Consultation 2 sera le mat\u00e9riel de base pour les \u00e9tapes suivantes de la M\u00e9thodologie.<\/p>\n<p><span class=\"link_yellow\"><a href=\"https:\/\/icom.museum\/wp-content\/uploads\/2021\/09\/ICOM-Define-Consultation-2-Results-Report-vf-FRANCAIS-corr-VF-180821OK.pdf\">R\u00e9sultats de la consultation 2<\/a><\/span><\/p>\n<p><span class=\"link_blue\"><a href=\"https:\/\/icom.museum\/wp-content\/uploads\/2021\/09\/ICOM-Define-Consultation.zip\">R\u00e9sultats de la consultation 2 \u2013 version r\u00e9sum\u00e9e<\/a><\/span><\/p>\n<div class=\"separator\">\n<p><strong><u>Consultation 3<\/u><\/strong><\/p>\n<\/div>\n<p>Les comit\u00e9s, les alliances r\u00e9gionales et les organisations affili\u00e9es ont \u00e9t\u00e9 invit\u00e9s \u00e0 examiner la liste des mots cl\u00e9s et des concepts publi\u00e9s dans le rapport de la consultation 2 et \u00e0 soumettre leurs commentaires par le biais d&#8217;un formulaire en ligne. Toutes les r\u00e9ponses re\u00e7ues ont \u00e9t\u00e9 analys\u00e9es. Les analystes de donn\u00e9es, recrut\u00e9s par l&#8217;ICOM \u00e0 cet effet, ont travaill\u00e9 sur un rapport complet que vous pouvez trouver ici :<\/p>\n<p><span class=\"link_yellow\"><a href=\"https:\/\/icom.museum\/wp-content\/uploads\/2021\/12\/FRENCH-1.pdf\"><strong>Rapport sur la Consultation 3<\/strong><\/a><\/span><\/p>\n<div class=\"separator\">\n<p><strong><u>Consultation 4<\/u><\/strong><\/p>\n<\/div>\n<p>Les membres d&#8217;ICOM Define ont travaill\u00e9 \u00e0 la r\u00e9daction de cinq propositions de d\u00e9finition, en se basant sur les r\u00e9sultats de l&#8217;analyse des donn\u00e9es des consultations 2 et 3. Lors de la consultation 4, les comit\u00e9s ICOM ont \u00e9t\u00e9 invit\u00e9s \u00e0 classer les cinq propositions et ont eu la possibilit\u00e9 de commenter leur premier choix. ICOM Define a travaill\u00e9 intensivement au traitement des r\u00e9sultats et \u00e0 l&#8217;\u00e9laboration des deux propositions finales. Le jeudi 5 mai, le Conseil consultatif s&#8217;est r\u00e9uni pour en discuter et voter pour l&#8217;une d&#8217;elles.<\/p>\n<p><span class=\"link_yellow\"><a href=\"https:\/\/icom.museum\/wp-content\/uploads\/2022\/07\/FR_EXAC_May2022_Item1_ICOM-Define_Final.pdf\">Rapport sur la Consultation 4<\/a><\/span><\/p>\n<div class=\"separator\">\n<p><strong><u>Rapport Final<\/u><\/strong><\/p>\n<\/div>\n<p>Le Conseil consultatif a s\u00e9lectionn\u00e9 la proposition de d\u00e9finition de mus\u00e9e \u00e0 soumettre au vote de l&#8217;Assembl\u00e9e g\u00e9n\u00e9rale extraordinaire, qui se tiendra le 24 ao\u00fbt pendant l&#8217;ICOM Prague 2022.<\/p>\n<p><strong>PROPOSITION DE D\u00c9FINITION DE MUS\u00c9E<\/strong><\/p>\n<p><em>&#8220;Un mus\u00e9e est une institution permanente, \u00e0 but non lucratif et au service de la soci\u00e9t\u00e9, qui se consacre \u00e0 la recherche, la collecte, la conservation, l\u2019interpr\u00e9tation et l\u2019exposition du patrimoine mat\u00e9riel et immat\u00e9riel. Ouvert au public, accessible et inclusif, il encourage la diversit\u00e9 et la durabilit\u00e9. Les mus\u00e9es op\u00e8rent et communiquent de mani\u00e8re \u00e9thique et professionnelle, avec la participation de diverses communaut\u00e9s. Ils offrent \u00e0 leurs publics des exp\u00e9riences vari\u00e9es d\u2019\u00e9ducation, de divertissement, de r\u00e9flexion et de partage de connaissances.&#8221;<\/em><\/p>\n<p>ICOM Define a soumis la proposition de d\u00e9finition de mus\u00e9e s\u00e9lectionn\u00e9e au Conseil ex\u00e9cutif avec le rapport final.<\/p>\n<p><span class=\"link_blue\"><a href=\"https:\/\/icom.museum\/wp-content\/uploads\/2022\/07\/FR_EGA2022_MuseumDefinition_WDoc_Final-2.pdf\">Rapport Final<\/a><\/span><\/p>\n<p><img loading=\"lazy\" decoding=\"async\" class=\"aligncenter size-large wp-image-49262\" src=\"https:\/\/icom.museum\/wp-content\/uploads\/2022\/07\/FR-1-410x1024.png\" alt=\"\" width=\"410\" height=\"1024\" srcset=\"https:\/\/icom.museum\/wp-content\/uploads\/2022\/07\/FR-1-410x1024.png 410w, https:\/\/icom.museum\/wp-content\/uploads\/2022\/07\/FR-1-120x300.png 120w, https:\/\/icom.museum\/wp-content\/uploads\/2022\/07\/FR-1-768x1920.png 768w, https:\/\/icom.museum\/wp-content\/uploads\/2022\/07\/FR-1.png 800w\" sizes=\"(max-width: 410px) 100vw, 410px\" \/><\/p>\n<div class=\"separator\">\n<p><strong>La m\u00e9thodologie<\/strong><\/p>\n<\/div>\n<p class=\"p1\">La m\u00e9thodologie approuv\u00e9e, qui tient largement compte des besoins de consultation qui ont \u00e9t\u00e9 exprim\u00e9s, entre dans une nouvelle phase, l\u2019objectif \u00e9tant de proposer au vote une nouvelle d\u00e9finition du mus\u00e9e lors de la prochaine Conf\u00e9rence g\u00e9n\u00e9rale de l\u2019ICOM, en 2022. La m\u00e9thodologie comprend <b>quatre consultations<\/b> qui totalisent <b>11\u00a0\u00e9tapes<\/b> sur une dur\u00e9e totale de <b>18\u00a0mois<\/b>. Le calendrier propos\u00e9 va du 10\u00a0d\u00e9cembre 2020 \u00e0 d\u00e9but mai 2022, mais pourra \u00eatre ajust\u00e9 selon les circonstances. Les dates sont indiqu\u00e9es dans la m\u00e9thodologie suivante de mani\u00e8re \u00e0 ce que les comit\u00e9s puissent pr\u00e9voir suffisamment \u00e0 l\u2019avance les activit\u00e9s \u00e0 mettre en place pour pouvoir consulter leurs propres membres.<\/p>\n<p class=\"p1\">Les r\u00e9sultats seront publi\u00e9s p\u00e9riodiquement et mis \u00e0 la disposition des membres dans l\u2019espace &#8220;<a href=\"https:\/\/icom.museum\/fr\/member\/participez-a-la-nouvelle-definition-du-musee\/\"><span class=\"s1\">D\u00e9finition du mus\u00e9e<\/span><\/a>&#8220;, o\u00f9 il est possible pour les membres de consulter tous les documents li\u00e9s au projet de reformulation de la d\u00e9finition du mus\u00e9e, y compris tous les documents produits par le MDPP, ainsi que les rapports des enqu\u00eates et des activit\u00e9s men\u00e9es par plusieurs comit\u00e9s depuis Kyoto 2019. ICOM Define encourage les membres et les comit\u00e9s \u00e0 examiner tous ces documents, ainsi que les pr\u00e9c\u00e9dentes propositions de d\u00e9finition du mus\u00e9e, et le code d&#8217;\u00e9thique et les statuts de l&#8217;ICOM lorsqu&#8217;ils \u00e9tudient leurs r\u00e9ponses.<\/p>\n<p class=\"p1\">Pour chaque \u00e9tape de la consultation, les pr\u00e9sidents des comit\u00e9s recevront une communication officielle du secr\u00e9tariat comprenant des instructions pr\u00e9cises et les dates limites auxquelles renvoyer leurs r\u00e9ponses. Les comit\u00e9s ont toute latitude pour cr\u00e9er leur propre processus de consultation de leurs membres pour couvrir les diff\u00e9rentes \u00e9tapes pr\u00e9vues par la m\u00e9thodologie.<\/p>\n<ul>\n<li class=\"p1\">Cliquez <a href=\"https:\/\/icom.museum\/wp-content\/uploads\/2020\/12\/ICOM-Define-Methodology.pdf\">ici<\/a> pour la m\u00e9thodologie compl\u00e8te<\/li>\n<li class=\"p1\">Pour toute question, vous pouvez contacter <a style=\"font-family: Georgia; font-size: 15px;\" href=\"mailto:training@icom.museum\"><span class=\"s1\">training@icom.museum<\/span><\/a><\/li>\n<\/ul>\n","protected":false},"excerpt":{"rendered":"<p>A Prague, le 24 ao\u00fbt 2022, l&#8217;Assembl\u00e9e g\u00e9n\u00e9rale extraordinaire de l&#8217;ICOM a approuv\u00e9 la proposition de nouvelle d\u00e9finition du mus\u00e9e avec 92,41% (Pour : 487, Contre : 23, Abstention : 17). Suite \u00e0 l&#8217;adoption, la nouvelle d\u00e9finition des mus\u00e9es de l&#8217;ICOM est la suivante : &#8220;Un mus\u00e9e est une institution permanente, \u00e0 but non lucratif [&hellip;]<\/p>\n","protected":false},"author":10,"featured_media":0,"parent":7177,"menu_order":2,"comment_status":"closed","ping_status":"closed","template":"","meta":{"inline_featured_image":false,"footnotes":""},"class_list":["post-7190","page","type-page","status-publish","hentry"],"acf":[],"yoast_head":"<!-- This site is optimized with the Yoast SEO plugin v23.7 - https:\/\/yoast.com\/wordpress\/plugins\/seo\/ -->\n<title>D\u00e9finition du mus\u00e9e - International Council of Museums<\/title>\n<meta name=\"description\" content=\"Since ICOM\u2019s creation in 1946, the ICOM museum definition has been evolving to reflect major societal changes and the realities of the international museum community.\" \/>\n<meta name=\"robots\" content=\"index, follow, max-snippet:-1, max-image-preview:large, max-video-preview:-1\" \/>\n<link rel=\"canonical\" href=\"https:\/\/icom.museum\/fr\/ressources\/normes-et-lignes-directrices\/definition-du-musee\/\" \/>\n<meta property=\"og:locale\" content=\"fr_FR\" \/>\n<meta property=\"og:type\" content=\"article\" \/>\n<meta property=\"og:title\" content=\"D\u00e9finition du mus\u00e9e - International Council of Museums\" \/>\n<meta property=\"og:description\" content=\"Since ICOM\u2019s creation in 1946, the ICOM museum definition has been evolving to reflect major societal changes and the realities of the international museum community.\" \/>\n<meta property=\"og:url\" content=\"https:\/\/icom.museum\/fr\/ressources\/normes-et-lignes-directrices\/definition-du-musee\/\" \/>\n<meta property=\"og:site_name\" content=\"International Council of Museums\" \/>\n<meta property=\"article:modified_time\" content=\"2023-06-05T09:10:31+00:00\" \/>\n<meta property=\"og:image\" content=\"https:\/\/icom.museum\/wp-content\/uploads\/2022\/07\/Methodology_ICOM_Banner_Site_steps_12_FR.jpg\" \/>\n<meta name=\"twitter:card\" content=\"summary_large_image\" \/>\n<meta name=\"twitter:label1\" content=\"Dur\u00e9e de lecture estim\u00e9e\" \/>\n\t<meta name=\"twitter:data1\" content=\"5 minutes\" \/>\n<script type=\"application\/ld+json\" class=\"yoast-schema-graph\">{\"@context\":\"https:\/\/schema.org\",\"@graph\":[{\"@type\":\"WebPage\",\"@id\":\"https:\/\/icom.museum\/fr\/ressources\/normes-et-lignes-directrices\/definition-du-musee\/\",\"url\":\"https:\/\/icom.museum\/fr\/ressources\/normes-et-lignes-directrices\/definition-du-musee\/\",\"name\":\"D\u00e9finition du mus\u00e9e - International Council of Museums\",\"isPartOf\":{\"@id\":\"https:\/\/icom.museum\/en\/#website\"},\"primaryImageOfPage\":{\"@id\":\"https:\/\/icom.museum\/fr\/ressources\/normes-et-lignes-directrices\/definition-du-musee\/#primaryimage\"},\"image\":{\"@id\":\"https:\/\/icom.museum\/fr\/ressources\/normes-et-lignes-directrices\/definition-du-musee\/#primaryimage\"},\"thumbnailUrl\":\"https:\/\/icom.museum\/wp-content\/uploads\/2022\/07\/Methodology_ICOM_Banner_Site_steps_12_FR.jpg\",\"datePublished\":\"2018-06-15T11:02:38+00:00\",\"dateModified\":\"2023-06-05T09:10:31+00:00\",\"description\":\"Since ICOM\u2019s creation in 1946, the ICOM museum definition has been evolving to reflect major societal changes and the realities of the international museum community.\",\"breadcrumb\":{\"@id\":\"https:\/\/icom.museum\/fr\/ressources\/normes-et-lignes-directrices\/definition-du-musee\/#breadcrumb\"},\"inLanguage\":\"fr-FR\",\"potentialAction\":[{\"@type\":\"ReadAction\",\"target\":[\"https:\/\/icom.museum\/fr\/ressources\/normes-et-lignes-directrices\/definition-du-musee\/\"]}]},{\"@type\":\"ImageObject\",\"inLanguage\":\"fr-FR\",\"@id\":\"https:\/\/icom.museum\/fr\/ressources\/normes-et-lignes-directrices\/definition-du-musee\/#primaryimage\",\"url\":\"https:\/\/icom.museum\/wp-content\/uploads\/2022\/07\/Methodology_ICOM_Banner_Site_steps_12_FR.jpg\",\"contentUrl\":\"https:\/\/icom.museum\/wp-content\/uploads\/2022\/07\/Methodology_ICOM_Banner_Site_steps_12_FR.jpg\"},{\"@type\":\"BreadcrumbList\",\"@id\":\"https:\/\/icom.museum\/fr\/ressources\/normes-et-lignes-directrices\/definition-du-musee\/#breadcrumb\",\"itemListElement\":[{\"@type\":\"ListItem\",\"position\":1,\"name\":\"Home\",\"item\":\"https:\/\/icom.museum\/fr\/\"},{\"@type\":\"ListItem\",\"position\":2,\"name\":\"Ressources\",\"item\":\"https:\/\/icom.museum\/fr\/ressources\/\"},{\"@type\":\"ListItem\",\"position\":3,\"name\":\"Normes et directives\",\"item\":\"https:\/\/icom.museum\/fr\/ressources\/normes-et-lignes-directrices\/\"},{\"@type\":\"ListItem\",\"position\":4,\"name\":\"D\u00e9finition du mus\u00e9e\"}]},{\"@type\":\"WebSite\",\"@id\":\"https:\/\/icom.museum\/en\/#website\",\"url\":\"https:\/\/icom.museum\/en\/\",\"name\":\"International Council of Museums\",\"description\":\"A global organisation of museums &amp; museum professionals committed to the promotion and protection of cultural heritage\",\"publisher\":{\"@id\":\"https:\/\/icom.museum\/en\/#organization\"},\"potentialAction\":[{\"@type\":\"SearchAction\",\"target\":{\"@type\":\"EntryPoint\",\"urlTemplate\":\"https:\/\/icom.museum\/en\/?s={search_term_string}\"},\"query-input\":{\"@type\":\"PropertyValueSpecification\",\"valueRequired\":true,\"valueName\":\"search_term_string\"}}],\"inLanguage\":\"fr-FR\"},{\"@type\":\"Organization\",\"@id\":\"https:\/\/icom.museum\/en\/#organization\",\"name\":\"International Council of Museums\",\"url\":\"https:\/\/icom.museum\/en\/\",\"logo\":{\"@type\":\"ImageObject\",\"inLanguage\":\"fr-FR\",\"@id\":\"https:\/\/icom.museum\/en\/#\/schema\/logo\/image\/\",\"url\":\"https:\/\/icom.museum\/wp-content\/uploads\/2018\/07\/ICOM_M_.jpg\",\"contentUrl\":\"https:\/\/icom.museum\/wp-content\/uploads\/2018\/07\/ICOM_M_.jpg\",\"width\":1721,\"height\":1721,\"caption\":\"International Council of Museums\"},\"image\":{\"@id\":\"https:\/\/icom.museum\/en\/#\/schema\/logo\/image\/\"}}]}<\/script>\n<!-- \/ Yoast SEO plugin. -->","yoast_head_json":{"title":"D\u00e9finition du mus\u00e9e - International Council of Museums","description":"Since ICOM\u2019s creation in 1946, the ICOM museum definition has been evolving to reflect major societal changes and the realities of the international museum community.","robots":{"index":"index","follow":"follow","max-snippet":"max-snippet:-1","max-image-preview":"max-image-preview:large","max-video-preview":"max-video-preview:-1"},"canonical":"https:\/\/icom.museum\/fr\/ressources\/normes-et-lignes-directrices\/definition-du-musee\/","og_locale":"fr_FR","og_type":"article","og_title":"D\u00e9finition du mus\u00e9e - International Council of Museums","og_description":"Since ICOM\u2019s creation in 1946, the ICOM museum definition has been evolving to reflect major societal changes and the realities of the international museum community.","og_url":"https:\/\/icom.museum\/fr\/ressources\/normes-et-lignes-directrices\/definition-du-musee\/","og_site_name":"International Council of Museums","article_modified_time":"2023-06-05T09:10:31+00:00","og_image":[{"url":"https:\/\/icom.museum\/wp-content\/uploads\/2022\/07\/Methodology_ICOM_Banner_Site_steps_12_FR.jpg"}],"twitter_card":"summary_large_image","twitter_misc":{"Dur\u00e9e de lecture estim\u00e9e":"5 minutes"},"schema":{"@context":"https:\/\/schema.org","@graph":[{"@type":"WebPage","@id":"https:\/\/icom.museum\/fr\/ressources\/normes-et-lignes-directrices\/definition-du-musee\/","url":"https:\/\/icom.museum\/fr\/ressources\/normes-et-lignes-directrices\/definition-du-musee\/","name":"D\u00e9finition du mus\u00e9e - International Council of Museums","isPartOf":{"@id":"https:\/\/icom.museum\/en\/#website"},"primaryImageOfPage":{"@id":"https:\/\/icom.museum\/fr\/ressources\/normes-et-lignes-directrices\/definition-du-musee\/#primaryimage"},"image":{"@id":"https:\/\/icom.museum\/fr\/ressources\/normes-et-lignes-directrices\/definition-du-musee\/#primaryimage"},"thumbnailUrl":"https:\/\/icom.museum\/wp-content\/uploads\/2022\/07\/Methodology_ICOM_Banner_Site_steps_12_FR.jpg","datePublished":"2018-06-15T11:02:38+00:00","dateModified":"2023-06-05T09:10:31+00:00","description":"Since ICOM\u2019s creation in 1946, the ICOM museum definition has been evolving to reflect major societal changes and the realities of the international museum community.","breadcrumb":{"@id":"https:\/\/icom.museum\/fr\/ressources\/normes-et-lignes-directrices\/definition-du-musee\/#breadcrumb"},"inLanguage":"fr-FR","potentialAction":[{"@type":"ReadAction","target":["https:\/\/icom.museum\/fr\/ressources\/normes-et-lignes-directrices\/definition-du-musee\/"]}]},{"@type":"ImageObject","inLanguage":"fr-FR","@id":"https:\/\/icom.museum\/fr\/ressources\/normes-et-lignes-directrices\/definition-du-musee\/#primaryimage","url":"https:\/\/icom.museum\/wp-content\/uploads\/2022\/07\/Methodology_ICOM_Banner_Site_steps_12_FR.jpg","contentUrl":"https:\/\/icom.museum\/wp-content\/uploads\/2022\/07\/Methodology_ICOM_Banner_Site_steps_12_FR.jpg"},{"@type":"BreadcrumbList","@id":"https:\/\/icom.museum\/fr\/ressources\/normes-et-lignes-directrices\/definition-du-musee\/#breadcrumb","itemListElement":[{"@type":"ListItem","position":1,"name":"Home","item":"https:\/\/icom.museum\/fr\/"},{"@type":"ListItem","position":2,"name":"Ressources","item":"https:\/\/icom.museum\/fr\/ressources\/"},{"@type":"ListItem","position":3,"name":"Normes et directives","item":"https:\/\/icom.museum\/fr\/ressources\/normes-et-lignes-directrices\/"},{"@type":"ListItem","position":4,"name":"D\u00e9finition du mus\u00e9e"}]},{"@type":"WebSite","@id":"https:\/\/icom.museum\/en\/#website","url":"https:\/\/icom.museum\/en\/","name":"International Council of Museums","description":"A global organisation of museums &amp; museum professionals committed to the promotion and protection of cultural heritage","publisher":{"@id":"https:\/\/icom.museum\/en\/#organization"},"potentialAction":[{"@type":"SearchAction","target":{"@type":"EntryPoint","urlTemplate":"https:\/\/icom.museum\/en\/?s={search_term_string}"},"query-input":{"@type":"PropertyValueSpecification","valueRequired":true,"valueName":"search_term_string"}}],"inLanguage":"fr-FR"},{"@type":"Organization","@id":"https:\/\/icom.museum\/en\/#organization","name":"International Council of Museums","url":"https:\/\/icom.museum\/en\/","logo":{"@type":"ImageObject","inLanguage":"fr-FR","@id":"https:\/\/icom.museum\/en\/#\/schema\/logo\/image\/","url":"https:\/\/icom.museum\/wp-content\/uploads\/2018\/07\/ICOM_M_.jpg","contentUrl":"https:\/\/icom.museum\/wp-content\/uploads\/2018\/07\/ICOM_M_.jpg","width":1721,"height":1721,"caption":"International Council of Museums"},"image":{"@id":"https:\/\/icom.museum\/en\/#\/schema\/logo\/image\/"}}]}},"_links":{"self":[{"href":"https:\/\/icom.museum\/fr\/wp-json\/wp\/v2\/pages\/7190"}],"collection":[{"href":"https:\/\/icom.museum\/fr\/wp-json\/wp\/v2\/pages"}],"about":[{"href":"https:\/\/icom.museum\/fr\/wp-json\/wp\/v2\/types\/page"}],"author":[{"embeddable":true,"href":"https:\/\/icom.museum\/fr\/wp-json\/wp\/v2\/users\/10"}],"replies":[{"embeddable":true,"href":"https:\/\/icom.museum\/fr\/wp-json\/wp\/v2\/comments?post=7190"}],"version-history":[{"count":52,"href":"https:\/\/icom.museum\/fr\/wp-json\/wp\/v2\/pages\/7190\/revisions"}],"predecessor-version":[{"id":53535,"href":"https:\/\/icom.museum\/fr\/wp-json\/wp\/v2\/pages\/7190\/revisions\/53535"}],"up":[{"embeddable":true,"href":"https:\/\/icom.museum\/fr\/wp-json\/wp\/v2\/pages\/7177"}],"wp:attachment":[{"href":"https:\/\/icom.museum\/fr\/wp-json\/wp\/v2\/media?parent=7190"}],"curies":[{"name":"wp","href":"https:\/\/api.w.org\/{rel}","templated":true}]}}