{"id":7194,"date":"2018-06-15T11:09:18","date_gmt":"2018-06-15T11:09:18","guid":{"rendered":"http:\/\/icom.museum\/?page_id=7194"},"modified":"2026-03-09T17:01:51","modified_gmt":"2026-03-09T15:01:51","slug":"code-de-deontologie","status":"publish","type":"page","link":"https:\/\/icom.museum\/fr\/ressources\/normes-et-lignes-directrices\/code-de-deontologie\/","title":{"rendered":"Code de d\u00e9ontologie"},"content":{"rendered":"<h2>Le Code de d\u00e9ontologie des mus\u00e9es de l\u2019ICOM est un document de r\u00e9f\u00e9rence qui d\u00e9finit les normes de pratique \u00e0 l\u2019attention des professionnels des mus\u00e9es<\/h2>\n<p>Le Code de d\u00e9ontologie des mus\u00e9es de l\u2019ICOM d\u00e9finit des normes professionnelles minimales et encourage la reconnaissance des valeurs partag\u00e9es par la communaut\u00e9 mus\u00e9ale mondiale.<\/p>\n<p>Cet outil de r\u00e9f\u00e9rence fournit une orientation et il est pr\u00e9sent\u00e9 comme une s\u00e9rie de principes bas\u00e9s sur des lignes directrices d\u00e9taillant la pratique professionnelle attendue. Il a \u00e9t\u00e9 \u00e9labor\u00e9 de mani\u00e8re transversale et con\u00e7u comme un outil de d\u00e9ontologie professionnelle. Les membres de l\u2019ICOM doivent accepter et respecter les r\u00e8gles du Code.<\/p>\n<p>Le Code de d\u00e9ontologie des mus\u00e9es de l\u2019ICOM couvre divers domaines relatifs aux mus\u00e9es, \u00e0 l\u2019image des proc\u00e9dures d\u2019acquisition, de la conformit\u00e9 avec la l\u00e9gislation, de la gestion des ressources, de la s\u00e9curit\u00e9, des retours et des restitutions. Le Code d\u00e9fend \u00e9galement de solides principes en jouant un r\u00f4le fondamental dans la lutte contre le trafic illicite, par exemple en mati\u00e8re de v\u00e9rification pr\u00e9alable et de provenance.<\/p>\n<p>L\u2019ICOM encourage et d\u00e9fend l\u2019utilisation de son Code lors de s\u00e9ances de formation organis\u00e9es \u00e0 l\u2019\u00e9chelle mondiale, y compris des \u00e9tudes de cas pratiques, afin d\u2019aider les professionnels des mus\u00e9es \u00e0 appliquer ses valeurs et ses principes. Un Comit\u00e9 permanent pour la d\u00e9ontologie (ETHCOM) est charg\u00e9 de r\u00e9soudre les probl\u00e8mes \u00e9thiques des mus\u00e9es qui sont port\u00e9s \u00e0 son attention.<\/p>\n<p>\u00c0 la suite de sa premi\u00e8re adoption en 1986 et de sa r\u00e9vision en 2004, il a \u00e9t\u00e9 traduit dans 38 langues.<\/p>\n<div class=\"separator\">\n<p><strong>R\u00e9vision du code de d\u00e9ontologie<\/strong><\/p>\n<\/div>\n<p>\u00c0 la suite de la 25e Conf\u00e9rence g\u00e9n\u00e9rale de l&#8217;ICOM, qui s&#8217;est tenue \u00e0 Kyoto en 2019, l&#8217;ICOM a d\u00e9cid\u00e9 que le Code devait \u00eatre r\u00e9examin\u00e9 et, si n\u00e9cessaire, r\u00e9vis\u00e9 (141e session du Conseil ex\u00e9cutif). Lors de l&#8217;examen, les membres de l&#8217;ICOM ont recommand\u00e9 une r\u00e9vision du Code. Le processus de r\u00e9vision, qui est bas\u00e9 sur une m\u00e9thodologie it\u00e9rative et transparente impliquant quatre consultations avec les membres de l&#8217;ICOM, a commenc\u00e9 en 2022.<\/p>\n<p>Lors de la 27e Conf\u00e9rence g\u00e9n\u00e9rale de l&#8217;ICOM \u00e0 Duba\u00ef, la table ronde sur la r\u00e9vision du Code de d\u00e9ontologie de l&#8217;ICOM a \u00e9t\u00e9 l&#8217;une des principales sessions de l&#8217;\u00e9v\u00e9nement. Les membres du groupe de travail sur la r\u00e9vision ont pr\u00e9sent\u00e9 une introduction compl\u00e8te au Code de d\u00e9ontologie de l&#8217;ICOM pour les mus\u00e9es, y compris son objectif et son importance pour la communaut\u00e9 mondiale des mus\u00e9es. Les participants ont eu l&#8217;occasion d&#8217;explorer l&#8217;histoire du Code, les motivations de sa r\u00e9vision actuelle et le processus mis en place pour assurer sa pertinence par rapport aux pratiques mus\u00e9ales contemporaines et aux normes d\u00e9ontologiques.<\/p>\n<p>La session a \u00e9galement pr\u00e9sent\u00e9 les r\u00e9sultats des quatre phases de consultation et d&#8217;un examen men\u00e9 avec les membres de l&#8217;ICOM, en soulignant les principales conclusions et la mani\u00e8re dont les commentaires des membres ont influenc\u00e9 la r\u00e9vision. Elle s&#8217;est termin\u00e9e par une mise \u00e0 jour de l&#8217;\u00e9tat d&#8217;avancement des travaux et des prochaines \u00e9tapes du processus. Le groupe de travail charg\u00e9 de la r\u00e9vision a r\u00e9pondu aux questions dans le cadre d&#8217;une s\u00e9ance de questions-r\u00e9ponses ouverte, au cours de laquelle les participants ont fait part de leur point de vue et de leurs commentaires sur l&#8217;\u00e9volution du processus.<\/p>\n<p>Le retour d&#8217;information, les contributions et les id\u00e9es des sessions et des webinaires organis\u00e9s au cours des mois pr\u00e9c\u00e9dents fa\u00e7onneront le d\u00e9veloppement du Code de d\u00e9ontologie de l&#8217;ICOM pour les mus\u00e9es, qui sera soumis au vote lors de la r\u00e9union annuelle de l&#8217;ICOM en juin 2026.<\/p>\n<p><span class=\"link_red link_yellow link_blue\"><a href=\"https:\/\/icom.museum\/en\/network\/committees-directory\/?type=140\">\u00c0 propos d&#8217;ETHCOM<\/a><\/span><\/p>\n<p><span class=\"link_blue\"><a href=\"https:\/\/icom.museum\/en\/member\/take-part-in-the-new-definition-of-the-museum\/\">\u00c0 propos de la d\u00e9finition du mus\u00e9e<\/a><\/span><\/p>\n<p><span class=\"link_red\"><a href=\"https:\/\/icom.museum\/fr\/member\/revision-du-code-de-deontologie\/\">En savoir plus sur la r\u00e9vision du code de d\u00e9ontologie de l&#8217;ICOM<\/a><\/span><\/p>\n<p><strong>2020 &#8211; Lancement de la r\u00e9vision<\/strong><\/p>\n<ul>\n<li>Le Comit\u00e9 permanent de d\u00e9ontologie de l&#8217;ICOM (ETHCOM) propose de r\u00e9viser le Code de d\u00e9ontologie de l&#8217;ICOM.<\/li>\n<\/ul>\n<p><strong>2021 &#8211; D\u00e9cision de r\u00e9viser le Code<\/strong><\/p>\n<ul>\n<li>Une premi\u00e8re enqu\u00eate est men\u00e9e aupr\u00e8s des membres de l&#8217;ICOM pour d\u00e9terminer si le Code doit \u00eatre r\u00e9vis\u00e9.<\/li>\n<li>Les r\u00e9sultats ont confirm\u00e9 la n\u00e9cessit\u00e9 d&#8217;une r\u00e9vision et ont permis d&#8217;identifier ce qui manquait ou n&#8217;\u00e9tait pas clair dans la version 2004 du Code.<\/li>\n<\/ul>\n<p><strong>2022 &#8211; Identification des changements<\/strong><\/p>\n<ul>\n<li>ETHCOM a men\u00e9 une deuxi\u00e8me consultation demandant l&#8217;avis des membres sur la r\u00e9vision du Code de d\u00e9ontologie et leur \u00e9valuation de chacun des 8 principes du Code de d\u00e9ontologie de 2004.<\/li>\n<li>La consultation s&#8217;est concentr\u00e9e sur l&#8217;identification de ce qui devrait \u00eatre modifi\u00e9, ajout\u00e9 ou supprim\u00e9.<\/li>\n<\/ul>\n<p><strong>2023 &#8211; Cr\u00e9ation d&#8217;un sch\u00e9ma<\/strong><\/p>\n<ul>\n<li>Sur la base du retour d&#8217;information de la deuxi\u00e8me consultation, une \u00e9bauche a \u00e9t\u00e9 \u00e9labor\u00e9e qui proposait un ensemble de th\u00e8mes centraux et d&#8217;\u00e9nonc\u00e9s connexes pour le code r\u00e9vis\u00e9.<\/li>\n<li>Cette esquisse a \u00e9t\u00e9 partag\u00e9e lors de la troisi\u00e8me s\u00e9rie de consultations avec les comit\u00e9s nationaux et internationaux de l&#8217;ICOM, les alliances r\u00e9gionales et les organisations affili\u00e9es pour recueillir leurs commentaires et suggestions.<\/li>\n<\/ul>\n<p><strong>2024 &#8211; R\u00e9daction du code r\u00e9vis\u00e9<\/strong><\/p>\n<ul>\n<li>Int\u00e9grant les r\u00e9sultats de la troisi\u00e8me consultation, un premier projet complet du Code r\u00e9vis\u00e9 a \u00e9t\u00e9 partag\u00e9 avec les membres de l&#8217;ICOM.<\/li>\n<li>L&#8217;ICOM a lanc\u00e9 un examen pr\u00e9liminaire de ce premier projet complet avec ses membres.<\/li>\n<\/ul>\n<p><strong>2025 \u2013 Affiner le Code r\u00e9vis\u00e9<\/strong><\/p>\n<ul>\n<li>Sur la base de l&#8217;examen pr\u00e9liminaire, un deuxi\u00e8me projet complet a \u00e9t\u00e9 pr\u00e9sent\u00e9 aux membres de l&#8217;ICOM.<\/li>\n<li>Une quatri\u00e8me consultation sur le deuxi\u00e8me projet complet a \u00e9t\u00e9 men\u00e9e aupr\u00e8s des comit\u00e9s nationaux et internationaux, des alliances r\u00e9gionales et des organisations affili\u00e9es, afin d&#8217;examiner et d&#8217;affiner les d\u00e9clarations du code, les descriptions qui les accompagnent et les ajouts au glossaire.<\/li>\n<li>Le retour d&#8217;information de la quatri\u00e8me consultation est en cours d&#8217;\u00e9valuation et sera utilis\u00e9 pour \u00e9laborer le prochain projet de code de d\u00e9ontologie r\u00e9vis\u00e9.<\/li>\n<li>L&#8217;ICOM a organis\u00e9 une session pl\u00e9ni\u00e8re pendant la <a href=\"https:\/\/dubai2025.icom.museum\/fr\/\">conf\u00e9rence g\u00e9n\u00e9rale<\/a>.<\/li>\n<\/ul>\n<div class=\"separator\">\n<p><strong>NORMES PROFESSIONNELLES SUR<\/strong>\u00a0<strong>LA D\u00c9ONTOLOGIE\u00a0<\/strong><\/p>\n<\/div>\n<ul>\n<li><a href=\"https:\/\/icom.museum\/wp-content\/uploads\/2019\/10\/Directives-du-Conseil-international-des-mus%C3%A9es-sur-l%E2%80%99ali%C3%A9nation-des-collections.pdf\">Directives du Conseil international des mus\u00e9es sur l\u2019ali\u00e9nation des collections<\/a>\u00a0(ETHCOM,\u00a02019)<\/li>\n<li><a href=\"https:\/\/icom.museum\/wp-content\/uploads\/2022\/03\/Accessioning-Standards_FR.pdf\">Normes sur l\u2019inscription \u00e0 l\u2019inventaire du Conseil international des mus\u00e9es<\/a> (ETHCOM, 2020)<\/li>\n<li><a href=\"https:\/\/icom.museum\/wp-content\/uploads\/2022\/03\/Fundraising-Standards_FR.pdf\">Normes sur la lev\u00e9e de fonds Conseil international des mus\u00e9es<\/a> (ETHCOM, 2020)<\/li>\n<\/ul>\n<div class=\"separator\">\n<p><strong>Code de d\u00e9ontologie pour les mus\u00e9es d\u2019histoire naturelle<\/strong><\/p>\n<\/div>\n<p class=\"bodytext\">Ce code de d\u00e9ontologie, cr\u00e9\u00e9 par le Comit\u00e9 international pour les mus\u00e9es d&#8217;histoire naturelle (NATHIST), en collaboration avec le Comit\u00e9 de l\u2019ICOM pour la d\u00e9ontologie (ETHCOM), a \u00e9t\u00e9 officiellement approuv\u00e9 lors de la 23e Assembl\u00e9e g\u00e9n\u00e9rale de l\u2019ICOM, le 17 ao\u00fbt 2013, \u00e0 Rio de Janeiro.<\/p>\n<p class=\"bodytext\">L&#8217;objectif de ce document est de d\u00e9finir des normes \u00e9thiques sur des questions propres aux mus\u00e9es d&#8217;histoire naturelle, offrant ainsi une norme de la pratique professionnelle qui pourra servir de base normative pour les institutions mus\u00e9ales concern\u00e9es.<\/p>\n<p class=\"bodytext\">Le Code de d\u00e9ontologie de NATHIST d\u00e9bute par une d\u00e9claration de position commune concernant le but des mus\u00e9es d\u2019histoire naturelle et leurs responsabilit\u00e9s. Il s\u2019organise ensuite en six sections traitant des probl\u00e9matiques sp\u00e9cifiques li\u00e9es aux mus\u00e9es d\u2019histoire naturelle : de la pr\u00e9sentation des restes humains \u00e0 la diffusion des donn\u00e9es scientifiques, en passant par la collecte des pierres, des min\u00e9raux et des fossiles. En outre, le code se cl\u00f4t par un code de bonnes pratiques pour la taxidermie.<\/p>\n<p>&nbsp;<\/p>\n<div class=\"separator\">\n<p class=\"bodytext\"><strong>Liste de contr\u00f4le d\u00e9ontologique concernant la propri\u00e9t\u00e9 des biens culturels<\/strong><\/p>\n<\/div>\n<p class=\"bodytext\">Compte tenu de la complexit\u00e9 des questions \u00e9thiques relatives au travail des mus\u00e9es aujourd\u2019hui, la liste de contr\u00f4le d\u00e9ontologique concernant la propri\u00e9t\u00e9 des biens culturels constitue un outil permettant d\u2019atteindre deux objectifs : elle expose les huit principes d\u2019organisation qui constituent les articles d\u00e9taill\u00e9s du Code de l\u2019ICOM, et propose une orientation et une assistance pour traiter ces sujets complexes ; elle propose une liste de contacts permettant d\u2019obtenir de nouveaux conseils concernant des points sp\u00e9cifiques.<\/p>\n","protected":false},"excerpt":{"rendered":"<p>Le Code de d\u00e9ontologie des mus\u00e9es de l\u2019ICOM est un document de r\u00e9f\u00e9rence qui d\u00e9finit les normes de pratique \u00e0 l\u2019attention des professionnels des mus\u00e9es Le Code de d\u00e9ontologie des mus\u00e9es de l\u2019ICOM d\u00e9finit des normes professionnelles minimales et encourage la reconnaissance des valeurs partag\u00e9es par la communaut\u00e9 mus\u00e9ale mondiale. Cet outil de r\u00e9f\u00e9rence fournit [&hellip;]<\/p>\n","protected":false},"author":10,"featured_media":0,"parent":7177,"menu_order":1,"comment_status":"closed","ping_status":"closed","template":"","meta":{"inline_featured_image":false,"footnotes":""},"class_list":["post-7194","page","type-page","status-publish","hentry"],"acf":[],"yoast_head":"<!-- This site is optimized with the Yoast SEO plugin v23.7 - https:\/\/yoast.com\/wordpress\/plugins\/seo\/ -->\n<title>Code de d\u00e9ontologie - International Council of Museums<\/title>\n<meta name=\"robots\" content=\"index, follow, max-snippet:-1, max-image-preview:large, max-video-preview:-1\" \/>\n<link rel=\"canonical\" href=\"https:\/\/icom.museum\/fr\/ressources\/normes-et-lignes-directrices\/code-de-deontologie\/\" \/>\n<meta property=\"og:locale\" content=\"fr_FR\" \/>\n<meta property=\"og:type\" content=\"article\" \/>\n<meta property=\"og:title\" content=\"Code de d\u00e9ontologie - International Council of Museums\" \/>\n<meta property=\"og:description\" content=\"Le Code de d\u00e9ontologie des mus\u00e9es de l\u2019ICOM est un document de r\u00e9f\u00e9rence qui d\u00e9finit les normes de pratique \u00e0 l\u2019attention des professionnels des mus\u00e9es Le Code de d\u00e9ontologie des mus\u00e9es de l\u2019ICOM d\u00e9finit des normes professionnelles minimales et encourage la reconnaissance des valeurs partag\u00e9es par la communaut\u00e9 mus\u00e9ale mondiale. Cet outil de r\u00e9f\u00e9rence fournit [&hellip;]\" \/>\n<meta property=\"og:url\" content=\"https:\/\/icom.museum\/fr\/ressources\/normes-et-lignes-directrices\/code-de-deontologie\/\" \/>\n<meta property=\"og:site_name\" content=\"International Council of Museums\" \/>\n<meta property=\"article:modified_time\" content=\"2026-03-09T15:01:51+00:00\" \/>\n<meta property=\"og:image\" content=\"https:\/\/icom.museum\/wp-content\/uploads\/2018\/05\/code_of_ethics.jpg\" \/>\n<meta name=\"twitter:card\" content=\"summary_large_image\" \/>\n<meta name=\"twitter:label1\" content=\"Dur\u00e9e de lecture estim\u00e9e\" \/>\n\t<meta name=\"twitter:data1\" content=\"6 minutes\" \/>\n<script type=\"application\/ld+json\" class=\"yoast-schema-graph\">{\"@context\":\"https:\/\/schema.org\",\"@graph\":[{\"@type\":\"WebPage\",\"@id\":\"https:\/\/icom.museum\/fr\/ressources\/normes-et-lignes-directrices\/code-de-deontologie\/\",\"url\":\"https:\/\/icom.museum\/fr\/ressources\/normes-et-lignes-directrices\/code-de-deontologie\/\",\"name\":\"Code de d\u00e9ontologie - International Council of Museums\",\"isPartOf\":{\"@id\":\"https:\/\/icom.museum\/en\/#website\"},\"datePublished\":\"2018-06-15T11:09:18+00:00\",\"dateModified\":\"2026-03-09T15:01:51+00:00\",\"breadcrumb\":{\"@id\":\"https:\/\/icom.museum\/fr\/ressources\/normes-et-lignes-directrices\/code-de-deontologie\/#breadcrumb\"},\"inLanguage\":\"fr-FR\",\"potentialAction\":[{\"@type\":\"ReadAction\",\"target\":[\"https:\/\/icom.museum\/fr\/ressources\/normes-et-lignes-directrices\/code-de-deontologie\/\"]}]},{\"@type\":\"BreadcrumbList\",\"@id\":\"https:\/\/icom.museum\/fr\/ressources\/normes-et-lignes-directrices\/code-de-deontologie\/#breadcrumb\",\"itemListElement\":[{\"@type\":\"ListItem\",\"position\":1,\"name\":\"Home\",\"item\":\"https:\/\/icom.museum\/fr\/\"},{\"@type\":\"ListItem\",\"position\":2,\"name\":\"Ressources\",\"item\":\"https:\/\/icom.museum\/fr\/ressources\/\"},{\"@type\":\"ListItem\",\"position\":3,\"name\":\"Normes et directives\",\"item\":\"https:\/\/icom.museum\/fr\/ressources\/normes-et-lignes-directrices\/\"},{\"@type\":\"ListItem\",\"position\":4,\"name\":\"Code de d\u00e9ontologie\"}]},{\"@type\":\"WebSite\",\"@id\":\"https:\/\/icom.museum\/en\/#website\",\"url\":\"https:\/\/icom.museum\/en\/\",\"name\":\"International Council of Museums\",\"description\":\"A global organisation of museums &amp; museum professionals committed to the promotion and protection of cultural heritage\",\"publisher\":{\"@id\":\"https:\/\/icom.museum\/en\/#organization\"},\"potentialAction\":[{\"@type\":\"SearchAction\",\"target\":{\"@type\":\"EntryPoint\",\"urlTemplate\":\"https:\/\/icom.museum\/en\/?s={search_term_string}\"},\"query-input\":{\"@type\":\"PropertyValueSpecification\",\"valueRequired\":true,\"valueName\":\"search_term_string\"}}],\"inLanguage\":\"fr-FR\"},{\"@type\":\"Organization\",\"@id\":\"https:\/\/icom.museum\/en\/#organization\",\"name\":\"International Council of Museums\",\"url\":\"https:\/\/icom.museum\/en\/\",\"logo\":{\"@type\":\"ImageObject\",\"inLanguage\":\"fr-FR\",\"@id\":\"https:\/\/icom.museum\/en\/#\/schema\/logo\/image\/\",\"url\":\"https:\/\/icom.museum\/wp-content\/uploads\/2018\/07\/ICOM_M_.jpg\",\"contentUrl\":\"https:\/\/icom.museum\/wp-content\/uploads\/2018\/07\/ICOM_M_.jpg\",\"width\":1721,\"height\":1721,\"caption\":\"International Council of Museums\"},\"image\":{\"@id\":\"https:\/\/icom.museum\/en\/#\/schema\/logo\/image\/\"}}]}<\/script>\n<!-- \/ Yoast SEO plugin. -->","yoast_head_json":{"title":"Code de d\u00e9ontologie - International Council of Museums","robots":{"index":"index","follow":"follow","max-snippet":"max-snippet:-1","max-image-preview":"max-image-preview:large","max-video-preview":"max-video-preview:-1"},"canonical":"https:\/\/icom.museum\/fr\/ressources\/normes-et-lignes-directrices\/code-de-deontologie\/","og_locale":"fr_FR","og_type":"article","og_title":"Code de d\u00e9ontologie - International Council of Museums","og_description":"Le Code de d\u00e9ontologie des mus\u00e9es de l\u2019ICOM est un document de r\u00e9f\u00e9rence qui d\u00e9finit les normes de pratique \u00e0 l\u2019attention des professionnels des mus\u00e9es Le Code de d\u00e9ontologie des mus\u00e9es de l\u2019ICOM d\u00e9finit des normes professionnelles minimales et encourage la reconnaissance des valeurs partag\u00e9es par la communaut\u00e9 mus\u00e9ale mondiale. Cet outil de r\u00e9f\u00e9rence fournit [&hellip;]","og_url":"https:\/\/icom.museum\/fr\/ressources\/normes-et-lignes-directrices\/code-de-deontologie\/","og_site_name":"International Council of Museums","article_modified_time":"2026-03-09T15:01:51+00:00","og_image":[{"url":"https:\/\/icom.museum\/wp-content\/uploads\/2018\/05\/code_of_ethics.jpg"}],"twitter_card":"summary_large_image","twitter_misc":{"Dur\u00e9e de lecture estim\u00e9e":"6 minutes"},"schema":{"@context":"https:\/\/schema.org","@graph":[{"@type":"WebPage","@id":"https:\/\/icom.museum\/fr\/ressources\/normes-et-lignes-directrices\/code-de-deontologie\/","url":"https:\/\/icom.museum\/fr\/ressources\/normes-et-lignes-directrices\/code-de-deontologie\/","name":"Code de d\u00e9ontologie - International Council of Museums","isPartOf":{"@id":"https:\/\/icom.museum\/en\/#website"},"datePublished":"2018-06-15T11:09:18+00:00","dateModified":"2026-03-09T15:01:51+00:00","breadcrumb":{"@id":"https:\/\/icom.museum\/fr\/ressources\/normes-et-lignes-directrices\/code-de-deontologie\/#breadcrumb"},"inLanguage":"fr-FR","potentialAction":[{"@type":"ReadAction","target":["https:\/\/icom.museum\/fr\/ressources\/normes-et-lignes-directrices\/code-de-deontologie\/"]}]},{"@type":"BreadcrumbList","@id":"https:\/\/icom.museum\/fr\/ressources\/normes-et-lignes-directrices\/code-de-deontologie\/#breadcrumb","itemListElement":[{"@type":"ListItem","position":1,"name":"Home","item":"https:\/\/icom.museum\/fr\/"},{"@type":"ListItem","position":2,"name":"Ressources","item":"https:\/\/icom.museum\/fr\/ressources\/"},{"@type":"ListItem","position":3,"name":"Normes et directives","item":"https:\/\/icom.museum\/fr\/ressources\/normes-et-lignes-directrices\/"},{"@type":"ListItem","position":4,"name":"Code de d\u00e9ontologie"}]},{"@type":"WebSite","@id":"https:\/\/icom.museum\/en\/#website","url":"https:\/\/icom.museum\/en\/","name":"International Council of Museums","description":"A global organisation of museums &amp; museum professionals committed to the promotion and protection of cultural heritage","publisher":{"@id":"https:\/\/icom.museum\/en\/#organization"},"potentialAction":[{"@type":"SearchAction","target":{"@type":"EntryPoint","urlTemplate":"https:\/\/icom.museum\/en\/?s={search_term_string}"},"query-input":{"@type":"PropertyValueSpecification","valueRequired":true,"valueName":"search_term_string"}}],"inLanguage":"fr-FR"},{"@type":"Organization","@id":"https:\/\/icom.museum\/en\/#organization","name":"International Council of Museums","url":"https:\/\/icom.museum\/en\/","logo":{"@type":"ImageObject","inLanguage":"fr-FR","@id":"https:\/\/icom.museum\/en\/#\/schema\/logo\/image\/","url":"https:\/\/icom.museum\/wp-content\/uploads\/2018\/07\/ICOM_M_.jpg","contentUrl":"https:\/\/icom.museum\/wp-content\/uploads\/2018\/07\/ICOM_M_.jpg","width":1721,"height":1721,"caption":"International Council of Museums"},"image":{"@id":"https:\/\/icom.museum\/en\/#\/schema\/logo\/image\/"}}]}},"_links":{"self":[{"href":"https:\/\/icom.museum\/fr\/wp-json\/wp\/v2\/pages\/7194"}],"collection":[{"href":"https:\/\/icom.museum\/fr\/wp-json\/wp\/v2\/pages"}],"about":[{"href":"https:\/\/icom.museum\/fr\/wp-json\/wp\/v2\/types\/page"}],"author":[{"embeddable":true,"href":"https:\/\/icom.museum\/fr\/wp-json\/wp\/v2\/users\/10"}],"replies":[{"embeddable":true,"href":"https:\/\/icom.museum\/fr\/wp-json\/wp\/v2\/comments?post=7194"}],"version-history":[{"count":38,"href":"https:\/\/icom.museum\/fr\/wp-json\/wp\/v2\/pages\/7194\/revisions"}],"predecessor-version":[{"id":67664,"href":"https:\/\/icom.museum\/fr\/wp-json\/wp\/v2\/pages\/7194\/revisions\/67664"}],"up":[{"embeddable":true,"href":"https:\/\/icom.museum\/fr\/wp-json\/wp\/v2\/pages\/7177"}],"wp:attachment":[{"href":"https:\/\/icom.museum\/fr\/wp-json\/wp\/v2\/media?parent=7194"}],"curies":[{"name":"wp","href":"https:\/\/api.w.org\/{rel}","templated":true}]}}