{"id":7205,"date":"2018-06-15T13:01:32","date_gmt":"2018-06-15T13:01:32","guid":{"rendered":"http:\/\/icom.museum\/?page_id=7205"},"modified":"2026-04-19T01:30:57","modified_gmt":"2026-04-18T23:30:57","slug":"declarations","status":"publish","type":"page","link":"https:\/\/icom.museum\/fr\/ressources\/normes-et-lignes-directrices\/declarations\/","title":{"rendered":"D\u00e9clarations publiques et communiqu\u00e9s"},"content":{"rendered":"<h2 class=\"headline\">En tant que seule ONG repr\u00e9sentant les mus\u00e9es et les professionnels des mus\u00e9es dans le monde, l&#8217;ICOM publie des d\u00e9clarations publiques et communiqu\u00e9s sur des questions ayant un impact sur le patrimoine culturel et la profession mus\u00e9ale<\/h2>\n<p><b>D\u00e9clarations r\u00e9centes (2020-aujourd&#8217;hui)<\/b><\/p>\n<ul>\n<li><a href=\"https:\/\/icom.museum\/fr\/news\/licom-reaffirme-son-attachement-a-la-protection-et-au-respect-de-la-vie-humaine-et-du-patrimoine-culturel-en-periode-de-conflit\/\">L\u2019ICOM r\u00e9affirme son attachement \u00e0 la protection et au respect de la vie humaine et du patrimoine culturel en p\u00e9riode de conflit (2026)<\/a><\/li>\n<li><a href=\"https:\/\/icom.museum\/fr\/news\/licom-appelle-a-la-protection-des-musees-et-du-patrimoine-culturel-dans-le-contexte-des-conflits-en-iran-dans-la-region-du-golfe-et-en-mediterranee-orientale\/\">L\u2019ICOM appelle \u00e0 la protection des mus\u00e9es et du patrimoine culturel dans le contexte des conflits en Iran, dans la r\u00e9gion du Golfe et en M\u00e9diterran\u00e9e orientale (2026)<\/a><\/li>\n<li><a href=\"https:\/\/icom.museum\/wp-content\/uploads\/2025\/08\/FR-Declaration-pour-la-paix.pdf\">D\u00e9claration de l&#8217;ICOM pour la paix (2025)<\/a><\/li>\n<li><a href=\"https:\/\/icom.museum\/fr\/news\/licom-appelle-a-la-protection-du-patrimoine-culturel-en-ukraine\/\">L\u2019ICOM appelle \u00e0 la protection du patrimoine culturel en Ukraine (2025)<\/a><\/li>\n<li><a href=\"https:\/\/icom.museum\/fr\/news\/musees-en-danger-licom-craint-des-repercussions-sur-les-musees-de-la-republique-islamique-diran-et-letat-disrael\/\">Mus\u00e9es en danger\u202f: L\u2019ICOM craint des r\u00e9percussions sur les mus\u00e9es de la R\u00e9publique Islamique d\u2019Iran et l\u2019Etat d\u2019Isra\u00ebl (2025)<\/a><\/li>\n<li><a href=\"https:\/\/icom.museum\/fr\/news\/declaration-de-licom-sur-les-voyages-des-membres-dans-les-zones-de-conflit-et-ou-les-territoires-contestes\/\">D\u00e9claration de l\u2019ICOM sur les voyages des membres dans les zones de conflit et\/ou les territoires contest\u00e9s (2024)<\/a><\/li>\n<li><a href=\"https:\/\/icom.museum\/fr\/news\/appel-urgent-a-la-protection-du-patrimoine-culturel-en-danger-au-bangladesh-dans-le-cadre-de-la-crise-actuelle\/\">Appel urgent \u00e0 la protection du patrimoine culturel en danger au Bangladesh dans le cadre de la crise actuelle (2024)<\/a><\/li>\n<li><a href=\"https:\/\/icom.museum\/en\/news\/declaration-on-the-protection-of-archives-libraries-museums-and-heritage-places-during-armed-conflicts-and-political-instability\/\">D\u00e9claration sur la protection des archives, des biblioth\u00e8ques, des mus\u00e9es et des lieux patrimoniaux pendant les conflits arm\u00e9s et l&#8217;instabilit\u00e9 politique (2024)<\/a><\/li>\n<li><a href=\"https:\/\/icom.museum\/en\/news\/statement-condemning-violence-against-people-and-their-cultural-heritage\/\">D\u00e9claration condamnant la violence \u00e0 l&#8217;encontre des personnes et de leur patrimoine culturel<\/a> (2024)<\/li>\n<li><a href=\"https:\/\/icom.museum\/en\/news\/statement-concerning-israel-and-palestine\/\">D\u00e9claration concernant Isra\u00ebl et la Palestine (2023)<\/a><\/li>\n<li><a href=\"https:\/\/icom.museum\/en\/news\/icom-statement-climate-activism\/\">D\u00e9claration :<\/a> <a href=\"https:\/\/icom.museum\/en\/news\/icom-statement-climate-activism\/\">Les mus\u00e9es et l&#8217;activisme climatique (2022)<\/a><\/li>\n<li><a href=\"https:\/\/icom.museum\/en\/news\/statement-russia-invasion-into-ukraine\/\">D\u00e9claration concernant l&#8217;invasion russe en Ukraine (2022)<\/a><\/li>\n<li><a href=\"https:\/\/icom.museum\/en\/news\/statement-concerning-the-situation-facing-cultural-heritage-in-afghanistan\/\">D\u00e9claration concernant la situation du patrimoine culturel en Afghanistan (2021)<\/a><\/li>\n<li><a href=\"https:\/\/icom.museum\/en\/news\/icomos-ica-ifla-icom-statement-on-nagorno-karabakh\/\">ICOMOS, ICA, IFLA &amp; ICOM &#8211; D\u00e9claration sur le Nagorno Karabakh (2020)<\/a><\/li>\n<li><a href=\"https:\/\/icom.museum\/en\/news\/statement-of-solidarity-with-lebanon-and-support-to-recover-the-damaged-cultural-heritage-in-beirut\/\">D\u00e9claration de solidarit\u00e9 avec le Liban et soutien \u00e0 la r\u00e9cup\u00e9ration du patrimoine culturel endommag\u00e9 \u00e0 Beyrouth<\/a> (2020)<\/li>\n<li><a href=\"https:\/\/icom.museum\/en\/news\/icom-and-icomos-joint-statement-%e2%80%a8on-hagia-sophia-istanbul-turkey\/\">D\u00e9claration commune de l&#8217;ICOM et de l&#8217;ICOMOS sur Sainte-Sophie (Istanbul, Turquie) (2020)<\/a><\/li>\n<li><a href=\"https:\/\/icom.museum\/en\/news\/statement-on-the-necessity-for-relief-funds-for-museums-during-the-covid-19-crisis\/\">D\u00e9claration sur la n\u00e9cessit\u00e9 de fonds de secours pour les mus\u00e9es pendant la crise du COVID-19 (2020)<\/a><\/li>\n<li><a href=\"https:\/\/icom.museum\/en\/news\/statement-on-the-independence-of-museums\/\">D\u00e9claration sur l&#8217;ind\u00e9pendance des mus\u00e9es (2020)<\/a><\/li>\n<\/ul>\n<p><b>D\u00e9clarations ant\u00e9rieures (avant 2020)<\/b><\/p>\n<ul>\n<li><a href=\"https:\/\/icom.museum\/en\/news\/presidents-statement-on-the-alignment-of-icom-with-the-un-agenda-2030\/\">D\u00e9claration du pr\u00e9sident sur l&#8217;alignement de l&#8217;ICOM sur l&#8217;Agenda 2030 de l&#8217;ONU (2019)<\/a><\/li>\n<li><a href=\"https:\/\/icom.museum\/en\/news\/statement-regarding-the-ethiopian-airlines-crash-in-memory-of-sebastiano-tusa\/\">D\u00e9claration concernant le crash de l&#8217;avion d&#8217;Ethiopian Airlines :<\/a> <a href=\"https:\/\/icom.museum\/en\/news\/statement-regarding-the-ethiopian-airlines-crash-in-memory-of-sebastiano-tusa\/\">En m\u00e9moire de Sebastiano Tusa (2019)<\/a><\/li>\n<li><a href=\"https:\/\/icom.museum\/en\/news\/joint-statement-call-icom-icomos\/\">D\u00e9claration\/appel conjoint ICOM-ICOMOS (2019)<\/a><\/li>\n<li><a href=\"https:\/\/icom.museum\/en\/news\/the-reduction-in-public-funds-threatens-the-very-existence-of-museums\/\">D\u00e9claration de l&#8217;ICOM sur la n\u00e9cessit\u00e9 d&#8217;un financement public ad\u00e9quat pour les mus\u00e9es (2018)<\/a><\/li>\n<li><a href=\"https:\/\/icom.museum\/en\/news\/statement-regarding-the-devastating-fire-in-the-national-museum-of-brazil-in-rio-de-janeiro\/\">D\u00e9claration concernant l&#8217;incendie d\u00e9vastateur du Mus\u00e9e national du Br\u00e9sil (2018)<\/a><\/li>\n<li><a href=\"https:\/\/icom.museum\/wp-content\/uploads\/2018\/09\/CP_Statement-independence-of-museums_EN.pdf\">D\u00e9claration de l&#8217;ICOM sur l&#8217;ind\u00e9pendance des mus\u00e9es (2018)<\/a><\/li>\n<li><a href=\"https:\/\/icom.museum\/wp-content\/uploads\/2018\/06\/20170929_Statement_Natural_Disasters_final_EN.pdf\">D\u00e9claration de l&#8217;ICOM sur les catastrophes naturelles affectant le patrimoine culturel (2017)<\/a><\/li>\n<li><a href=\"https:\/\/icom.museum\/wp-content\/uploads\/2018\/06\/61_En.pdf\">D\u00e9claration de l&#8217;ICOM sur le d\u00e9cret du 27 janvier du pr\u00e9sident Trump (2017)<\/a><\/li>\n<li><a href=\"https:\/\/icom.museum\/wp-content\/uploads\/2018\/06\/declaration_copy_WIPO_ICOM_eng.pdf\">D\u00e9claration de l&#8217;ICOM concernant la protection des biens culturels et l&#8217;amendement de la loi en Allemagne (2015)<\/a><\/li>\n<li>D\u00e9claration de l&#8217;ICOM concernant les exceptions au droit d&#8217;auteur (2015)<\/li>\n<li><a href=\"https:\/\/icom.museum\/wp-content\/uploads\/2018\/07\/Lisbon_Declaration_ENG.pdf\">Appel au Parlement europ\u00e9en et \u00e0 la Commission, aux parlements et gouvernements des pays europ\u00e9ens et aux gouvernements r\u00e9gionaux et locaux Soutenir la culture et les mus\u00e9es pour faire face \u00e0 la crise mondiale et construire l&#8217;avenir (2013)<\/a><\/li>\n<li><a href=\"https:\/\/icom.museum\/wp-content\/uploads\/2018\/07\/tourism2007_eng.pdf\">D\u00e9claration du Conseil international des mus\u00e9es (ICOM) et de la F\u00e9d\u00e9ration mondiale des amis des mus\u00e9es (WFFM) pour un tourisme culturel mondial durable (2007)<\/a><\/li>\n<li><a href=\"https:\/\/icom.museum\/wp-content\/uploads\/2018\/07\/Anglais.pdf\">Trafic illicite sur internet.<\/a> <a href=\"https:\/\/icom.museum\/wp-content\/uploads\/2018\/07\/Anglais.pdf\">Appel de l&#8217;ICOM, de l&#8217;UNESCO et d&#8217;Interpol (2007)<\/a><\/li>\n<li><a href=\"https:\/\/icom.museum\/wp-content\/uploads\/2018\/07\/Statement_en.pdf\">D\u00e9claration du Pr\u00e9sident de l&#8217;ICOM sur les actions judiciaires en cours contre les mus\u00e9es pour le retour de biens culturels ill\u00e9galement export\u00e9s (en particulier l&#8217;Italie Vs le J Paul Getty Museum) (2006)<\/a><\/li>\n<li><a href=\"https:\/\/icom.museum\/wp-content\/uploads\/2018\/07\/mediation_eng.pdf\">Promotion de l&#8217;utilisation de la m\u00e9diation dans la r\u00e9solution des litiges relatifs \u00e0 la propri\u00e9t\u00e9 des objets des collections de mus\u00e9es :<\/a> <a href=\"https:\/\/icom.museum\/wp-content\/uploads\/2018\/07\/mediation_eng.pdf\">D\u00e9claration de la pr\u00e9sidente de l&#8217;ICOM Alissandra Cummins (2006)<\/a><\/li>\n<li><a href=\"https:\/\/icom.museum\/wp-content\/uploads\/2018\/07\/Shanghay_Charter_Eng.pdf\">Mus\u00e9es, patrimoine immat\u00e9riel et mondialisation &#8211; La Charte de Shanghai (2002)<\/a><\/li>\n<li><a href=\"https:\/\/icom.museum\/wp-content\/uploads\/2018\/07\/Afghanistan_Eng.pdf\">Appel \u00e0 l&#8217;aide au mus\u00e9e national d&#8217;Afghanistan (2002)<\/a><\/li>\n<li>Appel d&#8217;Arusha (1993)<\/li>\n<\/ul>\n<p>&nbsp;<\/p>\n","protected":false},"excerpt":{"rendered":"<p>En tant que seule ONG repr\u00e9sentant les mus\u00e9es et les professionnels des mus\u00e9es dans le monde, l&#8217;ICOM publie des d\u00e9clarations publiques et communiqu\u00e9s sur des questions ayant un impact sur le patrimoine culturel et la profession mus\u00e9ale D\u00e9clarations r\u00e9centes (2020-aujourd&#8217;hui) L\u2019ICOM r\u00e9affirme son attachement \u00e0 la protection et au respect de la vie humaine et [&hellip;]<\/p>\n","protected":false},"author":10,"featured_media":0,"parent":7177,"menu_order":4,"comment_status":"closed","ping_status":"closed","template":"","meta":{"inline_featured_image":false,"footnotes":""},"class_list":["post-7205","page","type-page","status-publish","hentry"],"acf":[],"yoast_head":"<!-- This site is optimized with the Yoast SEO plugin v23.7 - https:\/\/yoast.com\/wordpress\/plugins\/seo\/ -->\n<title>D\u00e9clarations publiques et communiqu\u00e9s - International Council of Museums<\/title>\n<meta name=\"robots\" content=\"index, follow, max-snippet:-1, max-image-preview:large, max-video-preview:-1\" \/>\n<link rel=\"canonical\" href=\"https:\/\/icom.museum\/fr\/ressources\/normes-et-lignes-directrices\/declarations\/\" \/>\n<meta property=\"og:locale\" content=\"fr_FR\" \/>\n<meta property=\"og:type\" content=\"article\" \/>\n<meta property=\"og:title\" content=\"D\u00e9clarations publiques et communiqu\u00e9s - International Council of Museums\" \/>\n<meta property=\"og:description\" content=\"En tant que seule ONG repr\u00e9sentant les mus\u00e9es et les professionnels des mus\u00e9es dans le monde, l&#8217;ICOM publie des d\u00e9clarations publiques et communiqu\u00e9s sur des questions ayant un impact sur le patrimoine culturel et la profession mus\u00e9ale D\u00e9clarations r\u00e9centes (2020-aujourd&#8217;hui) L\u2019ICOM r\u00e9affirme son attachement \u00e0 la protection et au respect de la vie humaine et [&hellip;]\" \/>\n<meta property=\"og:url\" content=\"https:\/\/icom.museum\/fr\/ressources\/normes-et-lignes-directrices\/declarations\/\" \/>\n<meta property=\"og:site_name\" content=\"International Council of Museums\" \/>\n<meta property=\"article:modified_time\" content=\"2026-04-18T23:30:57+00:00\" \/>\n<meta property=\"og:image\" content=\"https:\/\/icom.museum\/wp-content\/uploads\/2018\/05\/STATEMENTS_IMD-ICOM-international-conference.jpg\" \/>\n<meta name=\"twitter:card\" content=\"summary_large_image\" \/>\n<meta name=\"twitter:label1\" content=\"Dur\u00e9e de lecture estim\u00e9e\" \/>\n\t<meta name=\"twitter:data1\" content=\"3 minutes\" \/>\n<script type=\"application\/ld+json\" class=\"yoast-schema-graph\">{\"@context\":\"https:\/\/schema.org\",\"@graph\":[{\"@type\":\"WebPage\",\"@id\":\"https:\/\/icom.museum\/fr\/ressources\/normes-et-lignes-directrices\/declarations\/\",\"url\":\"https:\/\/icom.museum\/fr\/ressources\/normes-et-lignes-directrices\/declarations\/\",\"name\":\"D\u00e9clarations publiques et communiqu\u00e9s - International Council of Museums\",\"isPartOf\":{\"@id\":\"https:\/\/icom.museum\/en\/#website\"},\"datePublished\":\"2018-06-15T13:01:32+00:00\",\"dateModified\":\"2026-04-18T23:30:57+00:00\",\"breadcrumb\":{\"@id\":\"https:\/\/icom.museum\/fr\/ressources\/normes-et-lignes-directrices\/declarations\/#breadcrumb\"},\"inLanguage\":\"fr-FR\",\"potentialAction\":[{\"@type\":\"ReadAction\",\"target\":[\"https:\/\/icom.museum\/fr\/ressources\/normes-et-lignes-directrices\/declarations\/\"]}]},{\"@type\":\"BreadcrumbList\",\"@id\":\"https:\/\/icom.museum\/fr\/ressources\/normes-et-lignes-directrices\/declarations\/#breadcrumb\",\"itemListElement\":[{\"@type\":\"ListItem\",\"position\":1,\"name\":\"Home\",\"item\":\"https:\/\/icom.museum\/fr\/\"},{\"@type\":\"ListItem\",\"position\":2,\"name\":\"Ressources\",\"item\":\"https:\/\/icom.museum\/fr\/ressources\/\"},{\"@type\":\"ListItem\",\"position\":3,\"name\":\"Normes et directives\",\"item\":\"https:\/\/icom.museum\/fr\/ressources\/normes-et-lignes-directrices\/\"},{\"@type\":\"ListItem\",\"position\":4,\"name\":\"D\u00e9clarations publiques et communiqu\u00e9s\"}]},{\"@type\":\"WebSite\",\"@id\":\"https:\/\/icom.museum\/en\/#website\",\"url\":\"https:\/\/icom.museum\/en\/\",\"name\":\"International Council of Museums\",\"description\":\"A global organisation of museums &amp; museum professionals committed to the promotion and protection of cultural heritage\",\"publisher\":{\"@id\":\"https:\/\/icom.museum\/en\/#organization\"},\"potentialAction\":[{\"@type\":\"SearchAction\",\"target\":{\"@type\":\"EntryPoint\",\"urlTemplate\":\"https:\/\/icom.museum\/en\/?s={search_term_string}\"},\"query-input\":{\"@type\":\"PropertyValueSpecification\",\"valueRequired\":true,\"valueName\":\"search_term_string\"}}],\"inLanguage\":\"fr-FR\"},{\"@type\":\"Organization\",\"@id\":\"https:\/\/icom.museum\/en\/#organization\",\"name\":\"International Council of Museums\",\"url\":\"https:\/\/icom.museum\/en\/\",\"logo\":{\"@type\":\"ImageObject\",\"inLanguage\":\"fr-FR\",\"@id\":\"https:\/\/icom.museum\/en\/#\/schema\/logo\/image\/\",\"url\":\"https:\/\/icom.museum\/wp-content\/uploads\/2018\/07\/ICOM_M_.jpg\",\"contentUrl\":\"https:\/\/icom.museum\/wp-content\/uploads\/2018\/07\/ICOM_M_.jpg\",\"width\":1721,\"height\":1721,\"caption\":\"International Council of Museums\"},\"image\":{\"@id\":\"https:\/\/icom.museum\/en\/#\/schema\/logo\/image\/\"}}]}<\/script>\n<!-- \/ Yoast SEO plugin. -->","yoast_head_json":{"title":"D\u00e9clarations publiques et communiqu\u00e9s - International Council of Museums","robots":{"index":"index","follow":"follow","max-snippet":"max-snippet:-1","max-image-preview":"max-image-preview:large","max-video-preview":"max-video-preview:-1"},"canonical":"https:\/\/icom.museum\/fr\/ressources\/normes-et-lignes-directrices\/declarations\/","og_locale":"fr_FR","og_type":"article","og_title":"D\u00e9clarations publiques et communiqu\u00e9s - International Council of Museums","og_description":"En tant que seule ONG repr\u00e9sentant les mus\u00e9es et les professionnels des mus\u00e9es dans le monde, l&#8217;ICOM publie des d\u00e9clarations publiques et communiqu\u00e9s sur des questions ayant un impact sur le patrimoine culturel et la profession mus\u00e9ale D\u00e9clarations r\u00e9centes (2020-aujourd&#8217;hui) L\u2019ICOM r\u00e9affirme son attachement \u00e0 la protection et au respect de la vie humaine et [&hellip;]","og_url":"https:\/\/icom.museum\/fr\/ressources\/normes-et-lignes-directrices\/declarations\/","og_site_name":"International Council of Museums","article_modified_time":"2026-04-18T23:30:57+00:00","og_image":[{"url":"https:\/\/icom.museum\/wp-content\/uploads\/2018\/05\/STATEMENTS_IMD-ICOM-international-conference.jpg"}],"twitter_card":"summary_large_image","twitter_misc":{"Dur\u00e9e de lecture estim\u00e9e":"3 minutes"},"schema":{"@context":"https:\/\/schema.org","@graph":[{"@type":"WebPage","@id":"https:\/\/icom.museum\/fr\/ressources\/normes-et-lignes-directrices\/declarations\/","url":"https:\/\/icom.museum\/fr\/ressources\/normes-et-lignes-directrices\/declarations\/","name":"D\u00e9clarations publiques et communiqu\u00e9s - International Council of Museums","isPartOf":{"@id":"https:\/\/icom.museum\/en\/#website"},"datePublished":"2018-06-15T13:01:32+00:00","dateModified":"2026-04-18T23:30:57+00:00","breadcrumb":{"@id":"https:\/\/icom.museum\/fr\/ressources\/normes-et-lignes-directrices\/declarations\/#breadcrumb"},"inLanguage":"fr-FR","potentialAction":[{"@type":"ReadAction","target":["https:\/\/icom.museum\/fr\/ressources\/normes-et-lignes-directrices\/declarations\/"]}]},{"@type":"BreadcrumbList","@id":"https:\/\/icom.museum\/fr\/ressources\/normes-et-lignes-directrices\/declarations\/#breadcrumb","itemListElement":[{"@type":"ListItem","position":1,"name":"Home","item":"https:\/\/icom.museum\/fr\/"},{"@type":"ListItem","position":2,"name":"Ressources","item":"https:\/\/icom.museum\/fr\/ressources\/"},{"@type":"ListItem","position":3,"name":"Normes et directives","item":"https:\/\/icom.museum\/fr\/ressources\/normes-et-lignes-directrices\/"},{"@type":"ListItem","position":4,"name":"D\u00e9clarations publiques et communiqu\u00e9s"}]},{"@type":"WebSite","@id":"https:\/\/icom.museum\/en\/#website","url":"https:\/\/icom.museum\/en\/","name":"International Council of Museums","description":"A global organisation of museums &amp; museum professionals committed to the promotion and protection of cultural heritage","publisher":{"@id":"https:\/\/icom.museum\/en\/#organization"},"potentialAction":[{"@type":"SearchAction","target":{"@type":"EntryPoint","urlTemplate":"https:\/\/icom.museum\/en\/?s={search_term_string}"},"query-input":{"@type":"PropertyValueSpecification","valueRequired":true,"valueName":"search_term_string"}}],"inLanguage":"fr-FR"},{"@type":"Organization","@id":"https:\/\/icom.museum\/en\/#organization","name":"International Council of Museums","url":"https:\/\/icom.museum\/en\/","logo":{"@type":"ImageObject","inLanguage":"fr-FR","@id":"https:\/\/icom.museum\/en\/#\/schema\/logo\/image\/","url":"https:\/\/icom.museum\/wp-content\/uploads\/2018\/07\/ICOM_M_.jpg","contentUrl":"https:\/\/icom.museum\/wp-content\/uploads\/2018\/07\/ICOM_M_.jpg","width":1721,"height":1721,"caption":"International Council of Museums"},"image":{"@id":"https:\/\/icom.museum\/en\/#\/schema\/logo\/image\/"}}]}},"_links":{"self":[{"href":"https:\/\/icom.museum\/fr\/wp-json\/wp\/v2\/pages\/7205"}],"collection":[{"href":"https:\/\/icom.museum\/fr\/wp-json\/wp\/v2\/pages"}],"about":[{"href":"https:\/\/icom.museum\/fr\/wp-json\/wp\/v2\/types\/page"}],"author":[{"embeddable":true,"href":"https:\/\/icom.museum\/fr\/wp-json\/wp\/v2\/users\/10"}],"replies":[{"embeddable":true,"href":"https:\/\/icom.museum\/fr\/wp-json\/wp\/v2\/comments?post=7205"}],"version-history":[{"count":21,"href":"https:\/\/icom.museum\/fr\/wp-json\/wp\/v2\/pages\/7205\/revisions"}],"predecessor-version":[{"id":68189,"href":"https:\/\/icom.museum\/fr\/wp-json\/wp\/v2\/pages\/7205\/revisions\/68189"}],"up":[{"embeddable":true,"href":"https:\/\/icom.museum\/fr\/wp-json\/wp\/v2\/pages\/7177"}],"wp:attachment":[{"href":"https:\/\/icom.museum\/fr\/wp-json\/wp\/v2\/media?parent=7205"}],"curies":[{"name":"wp","href":"https:\/\/api.w.org\/{rel}","templated":true}]}}