{"id":7209,"date":"2018-06-15T13:18:41","date_gmt":"2018-06-15T13:18:41","guid":{"rendered":"http:\/\/icom.museum\/?page_id=7209"},"modified":"2026-03-10T17:51:23","modified_gmt":"2026-03-10T15:51:23","slug":"listes-rouges-red-lists","status":"publish","type":"page","link":"https:\/\/icom.museum\/fr\/listes-rouges-red-lists\/","title":{"rendered":"Listes Rouges"},"content":{"rendered":"<h2>Les Listes rouges de l\u2019ICOM sur les objets culturels en danger sont des outils pratiques destin\u00e9s \u00e0 emp\u00eacher le trafic illicite d\u2019objets culturels.<\/h2>\n<p><span class=\"btn link_red\"><a href=\"http:\/\/icom.museum\/fr\/ressources\/red-lists\/\">Base de donn\u00e9es des Listes Rouges<\/a><\/span><\/p>\n<p>Les Listes rouges r\u00e9pertorient les cat\u00e9gories d\u2019objets culturels expos\u00e9es au vol et au trafic. Elles aident les individus, les organisations et les autorit\u00e9s, dont la police ou l&#8217;administration des douanes, \u00e0 identifier des objets en danger et d\u2019emp\u00eacher qu\u2019ils soient vendus ou export\u00e9s ill\u00e9galement.<\/p>\n<p>Nous tenons \u00e0 souligner qu\u2019une Liste rouge n\u2019est pas une liste d\u2019objets vol\u00e9s. Les objets culturels d\u00e9crits dans la liste sont les objets inventori\u00e9s de collections d\u2019\u00e9tablissements reconnus. Elles servent \u00e0 illustrer les cat\u00e9gories de biens culturels les plus expos\u00e9s au trafic illicite.<\/p>\n<p class=\"x_MsoNormal\">La premi\u00e8re Liste rouge a \u00e9t\u00e9 cr\u00e9\u00e9e en 1997 et publi\u00e9e en 2000. Depuis lors, l&#8217;ICOM a publi\u00e9 plus de 20 listes rouges\u00a0avec la collaboration scientifique d\u2019experts nationaux et internationaux et le soutien sans faille de parrains, afin de couvrir les zones du monde le plus vuln\u00e9rables en termes de trafic illicite d\u2019objets culturels.<\/p>\n<p>Les listes sont publi\u00e9es dans diff\u00e9rentes langues en fonction de la th\u00e9matique de chaque liste. Entre autres mod\u00e8les de r\u00e9ussite, ces outils ont contribu\u00e9 \u00e0 l\u2019identification, la r\u00e9cup\u00e9ration et la restitution de milliers d\u2019objets culturels d\u2019Irak, d\u2019Afghanistan et du Mali.<\/p>\n<p>Les Listes rouges sont disponibles gratuitement sous format num\u00e9rique (voir ci-apr\u00e8s), et les livrets correspondants sont distribu\u00e9s essentiellement aux forces de l\u2019ordre. Toute personne participant au commerce ou \u00e0 la protection d\u2019objets culturels est invit\u00e9e \u00e0 consulter et diffuser les listes afin d\u2019optimiser l\u2019utilisation et l\u2019impact de cet outil reconnu \u00e0 l\u2019\u00e9chelle mondiale. [Lien vers la base de donn\u00e9es]<\/p>\n<p>En date d\u2019aujourd&#8217;hui, la s\u00e9rie des Listes rouges comportent les livrets suivants :<\/p>\n<div class=\"separator\">\n<p><strong>Asie <\/strong><\/p>\n<\/div>\n<ul>\n<li>Liste Rouge des antiquit\u00e9s afghanes en p\u00e9ril<\/li>\n<li>Liste Rouge des antiquit\u00e9s cambodgiennes en p\u00e9ril<\/li>\n<li>Liste Rouge des biens culturels chinois en p\u00e9ril<\/li>\n<\/ul>\n<div class=\"separator\">\n<p><strong>Am\u00e9rique latine et Cara\u00efbes <\/strong><\/p>\n<\/div>\n<ul>\n<li>Liste Rouge des biens culturels en p\u00e9ril d\u2019Am\u00e9rique centrale et du Mexique<\/li>\n<li>Liste Rouge des biens culturels colombiens en p\u00e9ril<\/li>\n<li>Liste Rouge des biens culturels dominicains en p\u00e9ril<\/li>\n<li>Liste Rouge d\u2019urgence des biens culturels ha\u00eftiens en p\u00e9ril<\/li>\n<li>Liste Rouge des antiquit\u00e9s p\u00e9ruviennes en p\u00e9ril<\/li>\n<li>Liste Rouge des biens culturels latino-am\u00e9ricains en p\u00e9ril<\/li>\n<\/ul>\n<div class=\"separator\">\n<p><strong>Afrique du Nord et Moyen-Orient <\/strong><\/p>\n<\/div>\n<ul>\n<li>Liste rouge d&#8217;urgence des biens culturels irakiens en p\u00e9ril<\/li>\n<li>Liste rouge d\u2019urgence des biens culturels libyens en p\u00e9ril<\/li>\n<li>Liste rouge d\u2019urgence des biens culturels syriens en p\u00e9ril<\/li>\n<li>Liste rouge des biens culturels en p\u00e9ril pour le Y\u00e9men<\/li>\n<li>Liste Rouge d\u2019urgence des biens culturels \u00e9gyptiens en p\u00e9ril<\/li>\n<\/ul>\n<div class=\"separator\">\n<p><strong>Afrique de l&#8217;Ouest <\/strong><\/p>\n<\/div>\n<ul>\n<li>Liste rouge des biens culturels ouest-africains en p\u00e9ril<\/li>\n<\/ul>\n<p><span class=\"link_red\"><a href=\"https:\/\/icom.museum\/en\/resources\/red-lists\/\">Tous les PDF<\/a><\/span><\/p>\n","protected":false},"excerpt":{"rendered":"<p>Les Listes rouges de l\u2019ICOM sur les objets culturels en danger sont des outils pratiques destin\u00e9s \u00e0 emp\u00eacher le trafic illicite d\u2019objets culturels. Base de donn\u00e9es des Listes Rouges Les Listes rouges r\u00e9pertorient les cat\u00e9gories d\u2019objets culturels expos\u00e9es au vol et au trafic. Elles aident les individus, les organisations et les autorit\u00e9s, dont la police [&hellip;]<\/p>\n","protected":false},"author":10,"featured_media":0,"parent":0,"menu_order":0,"comment_status":"closed","ping_status":"closed","template":"","meta":{"inline_featured_image":false,"footnotes":""},"class_list":["post-7209","page","type-page","status-publish","hentry"],"acf":[],"yoast_head":"<!-- This site is optimized with the Yoast SEO plugin v23.7 - https:\/\/yoast.com\/wordpress\/plugins\/seo\/ -->\n<title>Listes Rouges - International Council of Museums<\/title>\n<meta name=\"robots\" content=\"index, follow, max-snippet:-1, max-image-preview:large, max-video-preview:-1\" \/>\n<link rel=\"canonical\" href=\"https:\/\/icom.museum\/fr\/listes-rouges-red-lists\/\" \/>\n<meta property=\"og:locale\" content=\"fr_FR\" \/>\n<meta property=\"og:type\" content=\"article\" \/>\n<meta property=\"og:title\" content=\"Listes Rouges - International Council of Museums\" \/>\n<meta property=\"og:description\" content=\"Les Listes rouges de l\u2019ICOM sur les objets culturels en danger sont des outils pratiques destin\u00e9s \u00e0 emp\u00eacher le trafic illicite d\u2019objets culturels. Base de donn\u00e9es des Listes Rouges Les Listes rouges r\u00e9pertorient les cat\u00e9gories d\u2019objets culturels expos\u00e9es au vol et au trafic. Elles aident les individus, les organisations et les autorit\u00e9s, dont la police [&hellip;]\" \/>\n<meta property=\"og:url\" content=\"https:\/\/icom.museum\/fr\/listes-rouges-red-lists\/\" \/>\n<meta property=\"og:site_name\" content=\"International Council of Museums\" \/>\n<meta property=\"article:modified_time\" content=\"2026-03-10T15:51:23+00:00\" \/>\n<meta property=\"og:image\" content=\"https:\/\/icom.museum\/wp-content\/uploads\/2018\/09\/Red-Lists-photo.jpg\" \/>\n<meta name=\"twitter:card\" content=\"summary_large_image\" \/>\n<meta name=\"twitter:label1\" content=\"Dur\u00e9e de lecture estim\u00e9e\" \/>\n\t<meta name=\"twitter:data1\" content=\"2 minutes\" \/>\n<script type=\"application\/ld+json\" class=\"yoast-schema-graph\">{\"@context\":\"https:\/\/schema.org\",\"@graph\":[{\"@type\":\"WebPage\",\"@id\":\"https:\/\/icom.museum\/fr\/listes-rouges-red-lists\/\",\"url\":\"https:\/\/icom.museum\/fr\/listes-rouges-red-lists\/\",\"name\":\"Listes Rouges - International Council of Museums\",\"isPartOf\":{\"@id\":\"https:\/\/icom.museum\/en\/#website\"},\"datePublished\":\"2018-06-15T13:18:41+00:00\",\"dateModified\":\"2026-03-10T15:51:23+00:00\",\"breadcrumb\":{\"@id\":\"https:\/\/icom.museum\/fr\/listes-rouges-red-lists\/#breadcrumb\"},\"inLanguage\":\"fr-FR\",\"potentialAction\":[{\"@type\":\"ReadAction\",\"target\":[\"https:\/\/icom.museum\/fr\/listes-rouges-red-lists\/\"]}]},{\"@type\":\"BreadcrumbList\",\"@id\":\"https:\/\/icom.museum\/fr\/listes-rouges-red-lists\/#breadcrumb\",\"itemListElement\":[{\"@type\":\"ListItem\",\"position\":1,\"name\":\"Home\",\"item\":\"https:\/\/icom.museum\/fr\/\"},{\"@type\":\"ListItem\",\"position\":2,\"name\":\"Listes Rouges\"}]},{\"@type\":\"WebSite\",\"@id\":\"https:\/\/icom.museum\/en\/#website\",\"url\":\"https:\/\/icom.museum\/en\/\",\"name\":\"International Council of Museums\",\"description\":\"A global organisation of museums &amp; museum professionals committed to the promotion and protection of cultural heritage\",\"publisher\":{\"@id\":\"https:\/\/icom.museum\/en\/#organization\"},\"potentialAction\":[{\"@type\":\"SearchAction\",\"target\":{\"@type\":\"EntryPoint\",\"urlTemplate\":\"https:\/\/icom.museum\/en\/?s={search_term_string}\"},\"query-input\":{\"@type\":\"PropertyValueSpecification\",\"valueRequired\":true,\"valueName\":\"search_term_string\"}}],\"inLanguage\":\"fr-FR\"},{\"@type\":\"Organization\",\"@id\":\"https:\/\/icom.museum\/en\/#organization\",\"name\":\"International Council of Museums\",\"url\":\"https:\/\/icom.museum\/en\/\",\"logo\":{\"@type\":\"ImageObject\",\"inLanguage\":\"fr-FR\",\"@id\":\"https:\/\/icom.museum\/en\/#\/schema\/logo\/image\/\",\"url\":\"https:\/\/icom.museum\/wp-content\/uploads\/2018\/07\/ICOM_M_.jpg\",\"contentUrl\":\"https:\/\/icom.museum\/wp-content\/uploads\/2018\/07\/ICOM_M_.jpg\",\"width\":1721,\"height\":1721,\"caption\":\"International Council of Museums\"},\"image\":{\"@id\":\"https:\/\/icom.museum\/en\/#\/schema\/logo\/image\/\"}}]}<\/script>\n<!-- \/ Yoast SEO plugin. -->","yoast_head_json":{"title":"Listes Rouges - International Council of Museums","robots":{"index":"index","follow":"follow","max-snippet":"max-snippet:-1","max-image-preview":"max-image-preview:large","max-video-preview":"max-video-preview:-1"},"canonical":"https:\/\/icom.museum\/fr\/listes-rouges-red-lists\/","og_locale":"fr_FR","og_type":"article","og_title":"Listes Rouges - International Council of Museums","og_description":"Les Listes rouges de l\u2019ICOM sur les objets culturels en danger sont des outils pratiques destin\u00e9s \u00e0 emp\u00eacher le trafic illicite d\u2019objets culturels. Base de donn\u00e9es des Listes Rouges Les Listes rouges r\u00e9pertorient les cat\u00e9gories d\u2019objets culturels expos\u00e9es au vol et au trafic. Elles aident les individus, les organisations et les autorit\u00e9s, dont la police [&hellip;]","og_url":"https:\/\/icom.museum\/fr\/listes-rouges-red-lists\/","og_site_name":"International Council of Museums","article_modified_time":"2026-03-10T15:51:23+00:00","og_image":[{"url":"https:\/\/icom.museum\/wp-content\/uploads\/2018\/09\/Red-Lists-photo.jpg"}],"twitter_card":"summary_large_image","twitter_misc":{"Dur\u00e9e de lecture estim\u00e9e":"2 minutes"},"schema":{"@context":"https:\/\/schema.org","@graph":[{"@type":"WebPage","@id":"https:\/\/icom.museum\/fr\/listes-rouges-red-lists\/","url":"https:\/\/icom.museum\/fr\/listes-rouges-red-lists\/","name":"Listes Rouges - International Council of Museums","isPartOf":{"@id":"https:\/\/icom.museum\/en\/#website"},"datePublished":"2018-06-15T13:18:41+00:00","dateModified":"2026-03-10T15:51:23+00:00","breadcrumb":{"@id":"https:\/\/icom.museum\/fr\/listes-rouges-red-lists\/#breadcrumb"},"inLanguage":"fr-FR","potentialAction":[{"@type":"ReadAction","target":["https:\/\/icom.museum\/fr\/listes-rouges-red-lists\/"]}]},{"@type":"BreadcrumbList","@id":"https:\/\/icom.museum\/fr\/listes-rouges-red-lists\/#breadcrumb","itemListElement":[{"@type":"ListItem","position":1,"name":"Home","item":"https:\/\/icom.museum\/fr\/"},{"@type":"ListItem","position":2,"name":"Listes Rouges"}]},{"@type":"WebSite","@id":"https:\/\/icom.museum\/en\/#website","url":"https:\/\/icom.museum\/en\/","name":"International Council of Museums","description":"A global organisation of museums &amp; museum professionals committed to the promotion and protection of cultural heritage","publisher":{"@id":"https:\/\/icom.museum\/en\/#organization"},"potentialAction":[{"@type":"SearchAction","target":{"@type":"EntryPoint","urlTemplate":"https:\/\/icom.museum\/en\/?s={search_term_string}"},"query-input":{"@type":"PropertyValueSpecification","valueRequired":true,"valueName":"search_term_string"}}],"inLanguage":"fr-FR"},{"@type":"Organization","@id":"https:\/\/icom.museum\/en\/#organization","name":"International Council of Museums","url":"https:\/\/icom.museum\/en\/","logo":{"@type":"ImageObject","inLanguage":"fr-FR","@id":"https:\/\/icom.museum\/en\/#\/schema\/logo\/image\/","url":"https:\/\/icom.museum\/wp-content\/uploads\/2018\/07\/ICOM_M_.jpg","contentUrl":"https:\/\/icom.museum\/wp-content\/uploads\/2018\/07\/ICOM_M_.jpg","width":1721,"height":1721,"caption":"International Council of Museums"},"image":{"@id":"https:\/\/icom.museum\/en\/#\/schema\/logo\/image\/"}}]}},"_links":{"self":[{"href":"https:\/\/icom.museum\/fr\/wp-json\/wp\/v2\/pages\/7209"}],"collection":[{"href":"https:\/\/icom.museum\/fr\/wp-json\/wp\/v2\/pages"}],"about":[{"href":"https:\/\/icom.museum\/fr\/wp-json\/wp\/v2\/types\/page"}],"author":[{"embeddable":true,"href":"https:\/\/icom.museum\/fr\/wp-json\/wp\/v2\/users\/10"}],"replies":[{"embeddable":true,"href":"https:\/\/icom.museum\/fr\/wp-json\/wp\/v2\/comments?post=7209"}],"version-history":[{"count":10,"href":"https:\/\/icom.museum\/fr\/wp-json\/wp\/v2\/pages\/7209\/revisions"}],"predecessor-version":[{"id":67669,"href":"https:\/\/icom.museum\/fr\/wp-json\/wp\/v2\/pages\/7209\/revisions\/67669"}],"wp:attachment":[{"href":"https:\/\/icom.museum\/fr\/wp-json\/wp\/v2\/media?parent=7209"}],"curies":[{"name":"wp","href":"https:\/\/api.w.org\/{rel}","templated":true}]}}