{"id":7213,"date":"2018-06-15T13:27:41","date_gmt":"2018-06-15T13:27:41","guid":{"rendered":"http:\/\/icom.museum\/?page_id=7213"},"modified":"2018-10-10T09:14:49","modified_gmt":"2018-10-10T09:14:49","slug":"lobservatoire-international-du-trafic-illicite-des-biens-culturels-de-licom","status":"publish","type":"page","link":"https:\/\/icom.museum\/fr\/protection-du-patrimoine\/lobservatoire-international-du-trafic-illicite-des-biens-culturels-de-licom\/","title":{"rendered":"L\u2019Observatoire international du trafic illicite des biens culturels"},"content":{"rendered":"<h2>L\u2019Observatoire international est une plateforme de coop\u00e9ration internationale destin\u00e9e \u00e0 partager des informations sur et encourager la coop\u00e9ration dans la lutte contre le trafic illicite.<\/h2>\n<h3><span class=\"link_red\"><a href=\"https:\/\/www.obs-traffic.museum\/fr\">Site internet de l&#8217;Observatoire<\/a><\/span><\/h3>\n<p>&nbsp;<\/p>\n<div class=\"separator\">\n<p><strong>Fonctionnement<\/strong><\/p>\n<\/div>\n<p>L\u2019Observatoire est un outil innovant servant de banque de donn\u00e9es qui fournit sur son site Web bilingue un montant sans pr\u00e9c\u00e9dent de ressources sur le trafic illicite des biens culturels et les moyens de le combattre. En tant que grande plateforme sur ce sujet, elle centralise et diffuse toutes sortes de ressources et d\u2019outils documentaires destin\u00e9s \u00e0 renforcer la compr\u00e9hension du public et orienter les politiques.<\/p>\n<p>En plus de sa capacit\u00e9 \u00e0 collecter des informations essentielles sur le sujet, l\u2019Observatoire sert \u00e9galement de plateforme permanente de coop\u00e9ration internationale. Elle renforce un solide r\u00e9seau de partenaires internationaux, y compris des organisations internationales, des organismes charg\u00e9s de faire respecter la loi, des instituts de recherche et des experts externes. \u00c0 ce titre, elle organise des r\u00e9unions annuelles destin\u00e9es \u00e0 partager des informations entre partenaires cl\u00e9s.<\/p>\n<p>Par le biais de la collaboration et de la diffusion d\u2019informations, les principaux objectifs de l\u2019Observatoire sont d\u2019am\u00e9liorer les m\u00e9thodes de contr\u00f4le, de collecte des donn\u00e9es et de recherche scientifique et d\u2019encourager l\u2019\u00e9change de bonnes pratiques. Il joue \u00e9galement un r\u00f4le cl\u00e9 dans la sensibilisation au trafic illicite de biens culturels.<\/p>\n<div class=\"separator\">\n<p><strong>Publication<\/strong><\/p>\n<\/div>\n<p>L\u2019Observatoire produit des connaissances et f\u00e9d\u00e8re les expertises. La publication pluridisciplinaire intitul\u00e9e <em>Countering Illicit Traffic in Cultural Goods : The Global Challenge of Protecting the World\u2019s Heritage<\/em>\u00a0contribue \u00e0 l\u2019atteinte de ces objectifs en fournissant des articles r\u00e9dig\u00e9s par des chercheurs et des universitaires, des professionnels des mus\u00e9es et du patrimoine, des arch\u00e9ologues, des conseillers juridiques, des conservateurs et des journalistes. Elle comporte des \u00e9tudes de cas sur le pillage dans certains pays, avec comme objectif principal d\u2019expliquer la nature du commerce d\u2019antiquit\u00e9s, les sources du trafic et les solutions \u00e0 disposition.<\/p>\n<p><span class=\"link_blue\"><a href=\"https:\/\/www.obs-traffic.museum\/sites\/default\/files\/ressources\/files\/Book_observatory_illicit_traffic_version%20issuu.pdf\">Publication de l&#8217;Observatoire\u00a0<\/a><\/span><\/p>\n<div class=\"separator\">\n<p><strong>Les racines du projet<\/strong><\/p>\n<\/div>\n<p>L\u2019Observatoire international du trafic illicite des biens culturels de l\u2019ICOM a \u00e9t\u00e9 lanc\u00e9 en janvier 2013 \u00e0 l\u2019initiative de l\u2019ICOM et avec le soutien financier du programme sp\u00e9cifique \u00ab\u00a0Pr\u00e9venir et combattre la criminalit\u00e9\u00a0\u00bb de la Direction g\u00e9n\u00e9rale des affaires int\u00e9rieures de la Commission europ\u00e9enne.<\/p>\n<p>L\u2019Observatoire a \u00e9t\u00e9 con\u00e7u dans l\u2019esprit de l\u2019Article 17 de la Convention de l\u2019UNESCO de 1970 concernant les mesures \u00e0 prendre pour interdire et emp\u00eacher l&#8217;importation, l&#8217;exportation et le transfert de propri\u00e9t\u00e9 illicites des biens culturels. Cet article fait mention de la possibilit\u00e9 pour les organisations concern\u00e9es de r\u00e9aliser des \u00e9tudes sur des sujets relatifs aux mouvements illicites de biens culturels. Il a pour objectif de lancer un processus continu de recherche et de communication approfondi.<\/p>\n<p>&nbsp;<\/p>\n","protected":false},"excerpt":{"rendered":"<p>L\u2019Observatoire international est une plateforme de coop\u00e9ration internationale destin\u00e9e \u00e0 partager des informations sur et encourager la coop\u00e9ration dans la lutte contre le trafic illicite. Site internet de l&#8217;Observatoire &nbsp; Fonctionnement L\u2019Observatoire est un outil innovant servant de banque de donn\u00e9es qui fournit sur son site Web bilingue un montant sans pr\u00e9c\u00e9dent de ressources sur [&hellip;]<\/p>\n","protected":false},"author":10,"featured_media":0,"parent":7207,"menu_order":1,"comment_status":"closed","ping_status":"closed","template":"","meta":{"inline_featured_image":false,"footnotes":""},"class_list":["post-7213","page","type-page","status-publish","hentry"],"acf":[],"yoast_head":"<!-- This site is optimized with the Yoast SEO plugin v23.7 - https:\/\/yoast.com\/wordpress\/plugins\/seo\/ -->\n<title>L\u2019Observatoire international du trafic illicite des biens culturels - International Council of Museums<\/title>\n<meta name=\"robots\" content=\"index, follow, max-snippet:-1, max-image-preview:large, max-video-preview:-1\" \/>\n<link rel=\"canonical\" href=\"https:\/\/icom.museum\/fr\/protection-du-patrimoine\/lobservatoire-international-du-trafic-illicite-des-biens-culturels-de-licom\/\" \/>\n<meta property=\"og:locale\" content=\"fr_FR\" \/>\n<meta property=\"og:type\" content=\"article\" \/>\n<meta property=\"og:title\" content=\"L\u2019Observatoire international du trafic illicite des biens culturels - International Council of Museums\" \/>\n<meta property=\"og:description\" content=\"L\u2019Observatoire international est une plateforme de coop\u00e9ration internationale destin\u00e9e \u00e0 partager des informations sur et encourager la coop\u00e9ration dans la lutte contre le trafic illicite. Site internet de l&#8217;Observatoire &nbsp; Fonctionnement L\u2019Observatoire est un outil innovant servant de banque de donn\u00e9es qui fournit sur son site Web bilingue un montant sans pr\u00e9c\u00e9dent de ressources sur [&hellip;]\" \/>\n<meta property=\"og:url\" content=\"https:\/\/icom.museum\/fr\/protection-du-patrimoine\/lobservatoire-international-du-trafic-illicite-des-biens-culturels-de-licom\/\" \/>\n<meta property=\"og:site_name\" content=\"International Council of Museums\" \/>\n<meta property=\"article:modified_time\" content=\"2018-10-10T09:14:49+00:00\" \/>\n<meta property=\"og:image\" content=\"https:\/\/icom.museum\/wp-content\/uploads\/2018\/05\/OBSERVATORY.jpg\" \/>\n<meta name=\"twitter:card\" content=\"summary_large_image\" \/>\n<meta name=\"twitter:label1\" content=\"Dur\u00e9e de lecture estim\u00e9e\" \/>\n\t<meta name=\"twitter:data1\" content=\"2 minutes\" \/>\n<script type=\"application\/ld+json\" class=\"yoast-schema-graph\">{\"@context\":\"https:\/\/schema.org\",\"@graph\":[{\"@type\":\"WebPage\",\"@id\":\"https:\/\/icom.museum\/fr\/protection-du-patrimoine\/lobservatoire-international-du-trafic-illicite-des-biens-culturels-de-licom\/\",\"url\":\"https:\/\/icom.museum\/fr\/protection-du-patrimoine\/lobservatoire-international-du-trafic-illicite-des-biens-culturels-de-licom\/\",\"name\":\"L\u2019Observatoire international du trafic illicite des biens culturels - International Council of Museums\",\"isPartOf\":{\"@id\":\"https:\/\/icom.museum\/en\/#website\"},\"datePublished\":\"2018-06-15T13:27:41+00:00\",\"dateModified\":\"2018-10-10T09:14:49+00:00\",\"breadcrumb\":{\"@id\":\"https:\/\/icom.museum\/fr\/protection-du-patrimoine\/lobservatoire-international-du-trafic-illicite-des-biens-culturels-de-licom\/#breadcrumb\"},\"inLanguage\":\"fr-FR\",\"potentialAction\":[{\"@type\":\"ReadAction\",\"target\":[\"https:\/\/icom.museum\/fr\/protection-du-patrimoine\/lobservatoire-international-du-trafic-illicite-des-biens-culturels-de-licom\/\"]}]},{\"@type\":\"BreadcrumbList\",\"@id\":\"https:\/\/icom.museum\/fr\/protection-du-patrimoine\/lobservatoire-international-du-trafic-illicite-des-biens-culturels-de-licom\/#breadcrumb\",\"itemListElement\":[{\"@type\":\"ListItem\",\"position\":1,\"name\":\"Home\",\"item\":\"https:\/\/icom.museum\/fr\/\"},{\"@type\":\"ListItem\",\"position\":2,\"name\":\"Protection du patrimoine\",\"item\":\"https:\/\/icom.museum\/fr\/protection-du-patrimoine\/\"},{\"@type\":\"ListItem\",\"position\":3,\"name\":\"L\u2019Observatoire international du trafic illicite des biens culturels\"}]},{\"@type\":\"WebSite\",\"@id\":\"https:\/\/icom.museum\/en\/#website\",\"url\":\"https:\/\/icom.museum\/en\/\",\"name\":\"International Council of Museums\",\"description\":\"A global organisation of museums &amp; museum professionals committed to the promotion and protection of cultural heritage\",\"publisher\":{\"@id\":\"https:\/\/icom.museum\/en\/#organization\"},\"potentialAction\":[{\"@type\":\"SearchAction\",\"target\":{\"@type\":\"EntryPoint\",\"urlTemplate\":\"https:\/\/icom.museum\/en\/?s={search_term_string}\"},\"query-input\":{\"@type\":\"PropertyValueSpecification\",\"valueRequired\":true,\"valueName\":\"search_term_string\"}}],\"inLanguage\":\"fr-FR\"},{\"@type\":\"Organization\",\"@id\":\"https:\/\/icom.museum\/en\/#organization\",\"name\":\"International Council of Museums\",\"url\":\"https:\/\/icom.museum\/en\/\",\"logo\":{\"@type\":\"ImageObject\",\"inLanguage\":\"fr-FR\",\"@id\":\"https:\/\/icom.museum\/en\/#\/schema\/logo\/image\/\",\"url\":\"https:\/\/icom.museum\/wp-content\/uploads\/2018\/07\/ICOM_M_.jpg\",\"contentUrl\":\"https:\/\/icom.museum\/wp-content\/uploads\/2018\/07\/ICOM_M_.jpg\",\"width\":1721,\"height\":1721,\"caption\":\"International Council of Museums\"},\"image\":{\"@id\":\"https:\/\/icom.museum\/en\/#\/schema\/logo\/image\/\"}}]}<\/script>\n<!-- \/ Yoast SEO plugin. -->","yoast_head_json":{"title":"L\u2019Observatoire international du trafic illicite des biens culturels - International Council of Museums","robots":{"index":"index","follow":"follow","max-snippet":"max-snippet:-1","max-image-preview":"max-image-preview:large","max-video-preview":"max-video-preview:-1"},"canonical":"https:\/\/icom.museum\/fr\/protection-du-patrimoine\/lobservatoire-international-du-trafic-illicite-des-biens-culturels-de-licom\/","og_locale":"fr_FR","og_type":"article","og_title":"L\u2019Observatoire international du trafic illicite des biens culturels - International Council of Museums","og_description":"L\u2019Observatoire international est une plateforme de coop\u00e9ration internationale destin\u00e9e \u00e0 partager des informations sur et encourager la coop\u00e9ration dans la lutte contre le trafic illicite. Site internet de l&#8217;Observatoire &nbsp; Fonctionnement L\u2019Observatoire est un outil innovant servant de banque de donn\u00e9es qui fournit sur son site Web bilingue un montant sans pr\u00e9c\u00e9dent de ressources sur [&hellip;]","og_url":"https:\/\/icom.museum\/fr\/protection-du-patrimoine\/lobservatoire-international-du-trafic-illicite-des-biens-culturels-de-licom\/","og_site_name":"International Council of Museums","article_modified_time":"2018-10-10T09:14:49+00:00","og_image":[{"url":"https:\/\/icom.museum\/wp-content\/uploads\/2018\/05\/OBSERVATORY.jpg"}],"twitter_card":"summary_large_image","twitter_misc":{"Dur\u00e9e de lecture estim\u00e9e":"2 minutes"},"schema":{"@context":"https:\/\/schema.org","@graph":[{"@type":"WebPage","@id":"https:\/\/icom.museum\/fr\/protection-du-patrimoine\/lobservatoire-international-du-trafic-illicite-des-biens-culturels-de-licom\/","url":"https:\/\/icom.museum\/fr\/protection-du-patrimoine\/lobservatoire-international-du-trafic-illicite-des-biens-culturels-de-licom\/","name":"L\u2019Observatoire international du trafic illicite des biens culturels - International Council of Museums","isPartOf":{"@id":"https:\/\/icom.museum\/en\/#website"},"datePublished":"2018-06-15T13:27:41+00:00","dateModified":"2018-10-10T09:14:49+00:00","breadcrumb":{"@id":"https:\/\/icom.museum\/fr\/protection-du-patrimoine\/lobservatoire-international-du-trafic-illicite-des-biens-culturels-de-licom\/#breadcrumb"},"inLanguage":"fr-FR","potentialAction":[{"@type":"ReadAction","target":["https:\/\/icom.museum\/fr\/protection-du-patrimoine\/lobservatoire-international-du-trafic-illicite-des-biens-culturels-de-licom\/"]}]},{"@type":"BreadcrumbList","@id":"https:\/\/icom.museum\/fr\/protection-du-patrimoine\/lobservatoire-international-du-trafic-illicite-des-biens-culturels-de-licom\/#breadcrumb","itemListElement":[{"@type":"ListItem","position":1,"name":"Home","item":"https:\/\/icom.museum\/fr\/"},{"@type":"ListItem","position":2,"name":"Protection du patrimoine","item":"https:\/\/icom.museum\/fr\/protection-du-patrimoine\/"},{"@type":"ListItem","position":3,"name":"L\u2019Observatoire international du trafic illicite des biens culturels"}]},{"@type":"WebSite","@id":"https:\/\/icom.museum\/en\/#website","url":"https:\/\/icom.museum\/en\/","name":"International Council of Museums","description":"A global organisation of museums &amp; museum professionals committed to the promotion and protection of cultural heritage","publisher":{"@id":"https:\/\/icom.museum\/en\/#organization"},"potentialAction":[{"@type":"SearchAction","target":{"@type":"EntryPoint","urlTemplate":"https:\/\/icom.museum\/en\/?s={search_term_string}"},"query-input":{"@type":"PropertyValueSpecification","valueRequired":true,"valueName":"search_term_string"}}],"inLanguage":"fr-FR"},{"@type":"Organization","@id":"https:\/\/icom.museum\/en\/#organization","name":"International Council of Museums","url":"https:\/\/icom.museum\/en\/","logo":{"@type":"ImageObject","inLanguage":"fr-FR","@id":"https:\/\/icom.museum\/en\/#\/schema\/logo\/image\/","url":"https:\/\/icom.museum\/wp-content\/uploads\/2018\/07\/ICOM_M_.jpg","contentUrl":"https:\/\/icom.museum\/wp-content\/uploads\/2018\/07\/ICOM_M_.jpg","width":1721,"height":1721,"caption":"International Council of Museums"},"image":{"@id":"https:\/\/icom.museum\/en\/#\/schema\/logo\/image\/"}}]}},"_links":{"self":[{"href":"https:\/\/icom.museum\/fr\/wp-json\/wp\/v2\/pages\/7213"}],"collection":[{"href":"https:\/\/icom.museum\/fr\/wp-json\/wp\/v2\/pages"}],"about":[{"href":"https:\/\/icom.museum\/fr\/wp-json\/wp\/v2\/types\/page"}],"author":[{"embeddable":true,"href":"https:\/\/icom.museum\/fr\/wp-json\/wp\/v2\/users\/10"}],"replies":[{"embeddable":true,"href":"https:\/\/icom.museum\/fr\/wp-json\/wp\/v2\/comments?post=7213"}],"version-history":[{"count":14,"href":"https:\/\/icom.museum\/fr\/wp-json\/wp\/v2\/pages\/7213\/revisions"}],"predecessor-version":[{"id":27251,"href":"https:\/\/icom.museum\/fr\/wp-json\/wp\/v2\/pages\/7213\/revisions\/27251"}],"up":[{"embeddable":true,"href":"https:\/\/icom.museum\/fr\/wp-json\/wp\/v2\/pages\/7207"}],"wp:attachment":[{"href":"https:\/\/icom.museum\/fr\/wp-json\/wp\/v2\/media?parent=7213"}],"curies":[{"name":"wp","href":"https:\/\/api.w.org\/{rel}","templated":true}]}}