{"id":7226,"date":"2018-06-15T14:05:45","date_gmt":"2018-06-15T14:05:45","guid":{"rendered":"http:\/\/icom.museum\/?page_id=7226"},"modified":"2023-01-04T14:56:37","modified_gmt":"2023-01-04T12:56:37","slug":"publications","status":"publish","type":"page","link":"https:\/\/icom.museum\/fr\/publications\/","title":{"rendered":"Publications"},"content":{"rendered":"<h2 class=\"headline\">Les publications de l\u2019ICOM sont un outil de diffusion et de partage de l\u2019expertise et de la connaissance sur la mus\u00e9ologie et le monde des mus\u00e9es. Elles comprennent notamment une revue scientifique et une s\u00e9rie d\u2019ouvrages sp\u00e9cialis\u00e9s. En outre, les comit\u00e9s de l\u2019ICOM publient r\u00e9guli\u00e8rement des revues, des livres, des bulletins d\u2019information \u00e9lectroniques, et plus encore.<\/h2>\n<div class=\"separator\">\n<p><strong>Museum International<\/strong><\/p>\n<\/div>\n<p><em>Museum International<\/em>\u00a0est la revue scientifique de l\u2019ICOM qui contribue au dialogue d\u2019experts dans les domaines conjoints des mus\u00e9es et du patrimoine, selon un point de vue international. La revue cherche \u00e0 promouvoir l\u2019\u00e9change de connaissances et \u00e0 susciter le d\u00e9bat \u00e0 travers la recherche interdisciplinaire et l\u2019articulation de bonnes pratiques pour la protection du patrimoine, dans un monde en rapide et constant changement.<\/p>\n<p><span class=\"link_red\"> <a href=\"https:\/\/www.tandfonline.com\/toc\/rmil20\/current\">Acc\u00e9der au dernier num\u00e9ro et aux archives de <em>Museum International<\/em><\/a><\/span><\/p>\n<p><span class=\"link_blue\"><a href=\"https:\/\/icom.museum\/fr\/participez\/appels-a-contribution\/\">Membres : envoyez votre contribution directement via le tableau de bord<\/a><\/span><\/p>\n<p><span class=\"link_yellow\"><a href=\"https:\/\/icom.museum\/wp-content\/uploads\/2021\/03\/VF_MI_issues_2021_FR.pdf\">Commander Museum International<\/a><\/span><\/p>\n<div class=\"separator\">\n<p><strong>Dictionnaire de Mus\u00e9ologie<\/strong><\/p>\n<\/div>\n<p style=\"line-height: 15.0pt;\"><span style=\"font-size: 11.5pt; font-family: 'Georgia',serif; color: #474747;\">Cet ouvrage de r\u00e9f\u00e9rence est une co\u00e9dition entre Armand Colin (Dunod) et l\u2019ICOM, sous la direction de Fran\u00e7ois Mairesse. Il couvre \u00e0 la fois les domaines de la mus\u00e9ologie, de l\u2019exposition, des m\u00e9thodes de recherche, de gestion des collections et de conservation\/restauration, de l\u2019\u00e9ducation mus\u00e9ale et la m\u00e9diation, dans la gestion\/marketing, de l\u2019histoire et de l\u2019analyse critique du mus\u00e9e.<\/span><\/p>\n<p style=\"line-height: 15.0pt;\"><span style=\"font-size: 11.5pt; font-family: 'Georgia',serif; color: #474747;\">Fruit de plusieurs ann\u00e9es de recherche, r\u00e9unissant une \u00e9quipe d\u2019experts et d\u2019auteurs internationaux, avec plus de 1200 entr\u00e9es, le Dictionnaire de mus\u00e9ologie vient d\u00e9finir, analyser et mettre en perspective l\u2019ensemble des termes utilis\u00e9s dans le champ mus\u00e9al, des plus acad\u00e9miques (exposition, artefact, patrimoine immat\u00e9riel, cabinet de curiosit\u00e9) aux plus innovants (NFT, points de m\u00e9moire, cybermus\u00e9e\u2026).<\/span><\/p>\n<p style=\"line-height: 15.0pt;\"><span style=\"font-size: 11.5pt; font-family: 'Georgia',serif; color: #474747;\">Les membres de l\u2019ICOM b\u00e9n\u00e9ficient d\u2019une remise de 30%. Si vous \u00eates int\u00e9ress\u00e9(e), contactez le d\u00e9partement des publications : publications@icom.museum<\/span><\/p>\n<p style=\"margin: 0cm; line-height: 15.0pt;\"><span style=\"font-size: 11.5pt; font-family: 'Georgia',serif; color: #474747;\">L\u2019\u00e9dition anglaise du Dictionnaire de mus\u00e9ologie, publi\u00e9e en collaboration avec Routledge, paraitra au printemps 2023.<\/span><\/p>\n<p><span class=\"link_red\"><a href=\"https:\/\/www.dunod.com\/sciences-humaines-et-sociales\/dictionnaire-museologie\">En savoir plus sur la version fran\u00e7aise<\/a><\/span><\/p>\n<div class=\"separator\">\n<p><strong>Collection : ICOM Advances in Museum Research<\/strong><\/p>\n<\/div>\n<p>Cette s\u00e9rie monographique, pr\u00e9par\u00e9e par l\u2019ICOM, en collaboration avec la maison d\u2019\u00e9dition Routledge, s\u2019appuie sur l\u2019expertise du r\u00e9seau international de l\u2019association. Les disciplines vari\u00e9es pratiqu\u00e9es au sein des mus\u00e9es et des institutions du patrimoine y seront repr\u00e9sent\u00e9es. Associant th\u00e9orie et pratique, l\u2019approche des th\u00e8mes abord\u00e9s selon des perspectives multiples est une garantie de pertinence pour les universitaires, les chercheurs et les \u00e9tudiants en mus\u00e9ologie. Le premier ouvrage de la s\u00e9rie, <em>The Future of Natural History Museums<\/em>, a \u00e9t\u00e9 publi\u00e9 en 2017.<\/p>\n<p><span class=\"link_yellow\"><a href=\"https:\/\/www.routledge.com\/The-Future-of-Natural-History-Museums\/Dorfman\/p\/book\/9781138692633\">Plus d\u2019informations sur <em>The Future of Natural History Museums<\/em><\/a><\/span><\/p>\n<div class=\"separator\">\n<p><strong>Concepts cl\u00e9s de mus\u00e9ologie<\/strong><\/p>\n<\/div>\n<p>L\u2019ouvrage<em> Concepts cl\u00e9s de mus\u00e9ologie<\/em>\u00a0est un outil de r\u00e9f\u00e9rence pour les professionnels de mus\u00e9e dans le monde entier. D\u00e9velopp\u00e9 par le Comit\u00e9 international de l\u2019ICOM pour la mus\u00e9ologie (ICOFOM), il d\u00e9finit un langage commun et pr\u00e9sente 21 concepts fondamentaux de mus\u00e9ologie. Les\u00a0<em>Concepts cl\u00e9s de mus\u00e9ologie<\/em> sont disponibles en onze langues :<\/p>\n<ul>\n<li><a href=\"https:\/\/icom.museum\/wp-content\/uploads\/2022\/02\/Key_concepts_EN.pdf\">Key Concepts of Museology<\/a><\/li>\n<li><a href=\"https:\/\/icom.museum\/wp-content\/uploads\/2022\/02\/Concepts-Cles_FR.pdf\">Concepts cl\u00e9s de mus\u00e9ologie<\/a><\/li>\n<li><a href=\"https:\/\/icom.museum\/wp-content\/uploads\/2022\/02\/Conceptos_claves_ES.pdf\">Conceptos claves de museolog\u00eda<\/a><\/li>\n<li><a href=\"https:\/\/icom.museum\/wp-content\/uploads\/2022\/02\/Key_concepts_RU.pdf\">\u041a\u043b\u044e\u0447\u0435\u0432\u044b\u0435 \u043f\u043e\u043d\u044f\u0442\u0438\u044f \u043c\u0443\u0437\u0435\u043e\u043b\u043e\u0433\u0438\u0438<\/a><\/li>\n<li><a href=\"https:\/\/icom.museum\/wp-content\/uploads\/2022\/02\/Muzeologijas_pamatjedzieni_LV.pdf\">Muzeolo\u0123ijas Pamatj\u0113dzieni<\/a><\/li>\n<li><a href=\"https:\/\/icom.museum\/wp-content\/uploads\/2022\/02\/Conceitos-Chave_POR_BR.pdf\">Conceitos-chave de museologia<\/a><\/li>\n<li><a href=\"https:\/\/icom.museum\/wp-content\/uploads\/2022\/02\/Key_concepts_GR.pdf\">\u0392\u03b1\u03c3\u03b9\u03ba\u03ad\u03c2 \u0388\u03bd\u03bd\u03bf\u03b9\u03b5\u03c2 \u03c4\u03b7\u03c2 M\u03bf\u03c5\u03c3\u03b5\u03b9\u03bf\u03bb\u03bf\u03b3\u03af\u03b1\u03c2<\/a><\/li>\n<li><a href=\"https:\/\/icom.museum\/wp-content\/uploads\/2022\/02\/Key-Concepts-of-Museology_jp.pdf\">\u535a\u7269\u9928\u5b66\u306e\u30ad\u30fc\u30b3\u30f3\u30bb\u30d7\u30c8<\/a><\/li>\n<li><a href=\"https:\/\/icom.museum\/wp-content\/uploads\/2022\/02\/Key_concepts_2016_IT.pdf\">Concetti chiave di museologia<\/a><\/li>\n<li><a href=\"https:\/\/icom.museum\/wp-content\/uploads\/2022\/02\/Museoloogia_pohimoisted_EE.pdf\">Museoloogia p\u00f5him\u00f5isted<\/a><\/li>\n<li><a href=\"https:\/\/icom.museum\/wp-content\/uploads\/2022\/02\/Key_Concepts_VIE.pdf\">C\u00e1c kh\u00e1i ni\u1ec7m c\u01a1 b\u1ea3n v\u1ec1 b\u1ea3o t\u00e0ng h\u1ecdc<\/a><\/li>\n<\/ul>\n<div class=\"separator\">\n<p><strong>Manuel d\u2019\u00e9dition de l\u2019ICOM<\/strong><\/p>\n<\/div>\n<p>Le manuel d\u2019\u00e9dition de l\u2019ICOM a \u00e9t\u00e9 \u00e9labor\u00e9 afin d\u2019accompagner et encourager l\u2019activit\u00e9 \u00e9ditoriale de ses comit\u00e9s. Le manuel d\u2019\u00e9dition de l\u2019ICOM propose un contenu pratique d\u00e9crivant les diff\u00e9rentes \u00e9tapes du processus \u00e9ditorial en mati\u00e8re d\u2019\u00e9dition papier et d\u2019\u00e9dition num\u00e9rique, et pour tous les formats, allant du bulletin d\u2019information \u00e9lectronique \u00e0 la collection d\u2019ouvrages. Ce manuel sera mis \u00e0 jour r\u00e9guli\u00e8rement et sera bient\u00f4t traduit en fran\u00e7ais et en espagnol. N\u2019h\u00e9sitez pas \u00e0 nous faire part de vos commentaires ou de vos questions.<\/p>\n<p><span class=\"link_blue\"><a href=\"mailto:publications@icom.museum\">Contactez le D\u00e9partment des Publications<\/a><\/span><\/p>\n<div class=\"separator\">\n<p><strong>Catalogue des publications de l\u2019ICOM<\/strong><\/p>\n<\/div>\n<p style=\"margin: 0cm; line-height: 15.0pt;\"><span style=\"font-size: 11.5pt; font-family: 'Georgia',serif; color: #474747;\">En 2018, l\u2019ICOM a publi\u00e9 un premier catalogue pr\u00e9sentant les publications r\u00e9alis\u00e9es par le Secr\u00e9tariat, comme la revue\u00a0<em><span style=\"font-family: 'Georgia',serif;\">Museum International<\/span><\/em>, des outils de r\u00e9f\u00e9rence et des ouvrages collectifs.<br \/>\nEn 2019, un deuxi\u00e8me catalogue y ajoutait les publications des comit\u00e9s de l\u2019ICOM et des alliances r\u00e9gionales.<\/span><\/p>\n<p style=\"margin: 0cm; line-height: 15.0pt;\"><span style=\"font-size: 11.5pt; font-family: 'Georgia',serif; color: #474747;\"><br \/>\nLes ouvrages, revues et documents divers publi\u00e9s depuis 2019 par le Secr\u00e9tariat et le r\u00e9seau de l\u2019ICOM sont r\u00e9f\u00e9renc\u00e9s dans la biblioth\u00e8que en ligne. On peut en trouver facilement la liste compl\u00e8te pour chaque ann\u00e9e en renseignant l\u2019espace de recherche libre de la fa\u00e7on suivante\u00a0: ICOM + ann\u00e9e (ICOM 2022, ICOM 2019\u2026)<\/span><\/p>\n","protected":false},"excerpt":{"rendered":"<p>Les publications de l\u2019ICOM sont un outil de diffusion et de partage de l\u2019expertise et de la connaissance sur la mus\u00e9ologie et le monde des mus\u00e9es. Elles comprennent notamment une revue scientifique et une s\u00e9rie d\u2019ouvrages sp\u00e9cialis\u00e9s. En outre, les comit\u00e9s de l\u2019ICOM publient r\u00e9guli\u00e8rement des revues, des livres, des bulletins d\u2019information \u00e9lectroniques, et plus [&hellip;]<\/p>\n","protected":false},"author":10,"featured_media":0,"parent":0,"menu_order":0,"comment_status":"closed","ping_status":"closed","template":"","meta":{"inline_featured_image":false,"footnotes":""},"class_list":["post-7226","page","type-page","status-publish","hentry"],"acf":[],"yoast_head":"<!-- This site is optimized with the Yoast SEO plugin v23.7 - https:\/\/yoast.com\/wordpress\/plugins\/seo\/ -->\n<title>Publications - International Council of Museums<\/title>\n<meta name=\"robots\" content=\"index, follow, max-snippet:-1, max-image-preview:large, max-video-preview:-1\" \/>\n<link rel=\"canonical\" href=\"https:\/\/icom.museum\/fr\/publications\/\" \/>\n<meta property=\"og:locale\" content=\"fr_FR\" \/>\n<meta property=\"og:type\" content=\"article\" \/>\n<meta property=\"og:title\" content=\"Publications - International Council of Museums\" \/>\n<meta property=\"og:description\" content=\"Les publications de l\u2019ICOM sont un outil de diffusion et de partage de l\u2019expertise et de la connaissance sur la mus\u00e9ologie et le monde des mus\u00e9es. Elles comprennent notamment une revue scientifique et une s\u00e9rie d\u2019ouvrages sp\u00e9cialis\u00e9s. En outre, les comit\u00e9s de l\u2019ICOM publient r\u00e9guli\u00e8rement des revues, des livres, des bulletins d\u2019information \u00e9lectroniques, et plus [&hellip;]\" \/>\n<meta property=\"og:url\" content=\"https:\/\/icom.museum\/fr\/publications\/\" \/>\n<meta property=\"og:site_name\" content=\"International Council of Museums\" \/>\n<meta property=\"article:modified_time\" content=\"2023-01-04T12:56:37+00:00\" \/>\n<meta name=\"twitter:card\" content=\"summary_large_image\" \/>\n<meta name=\"twitter:label1\" content=\"Dur\u00e9e de lecture estim\u00e9e\" \/>\n\t<meta name=\"twitter:data1\" content=\"4 minutes\" \/>\n<script type=\"application\/ld+json\" class=\"yoast-schema-graph\">{\"@context\":\"https:\/\/schema.org\",\"@graph\":[{\"@type\":\"WebPage\",\"@id\":\"https:\/\/icom.museum\/fr\/publications\/\",\"url\":\"https:\/\/icom.museum\/fr\/publications\/\",\"name\":\"Publications - International Council of Museums\",\"isPartOf\":{\"@id\":\"https:\/\/icom.museum\/en\/#website\"},\"datePublished\":\"2018-06-15T14:05:45+00:00\",\"dateModified\":\"2023-01-04T12:56:37+00:00\",\"breadcrumb\":{\"@id\":\"https:\/\/icom.museum\/fr\/publications\/#breadcrumb\"},\"inLanguage\":\"fr-FR\",\"potentialAction\":[{\"@type\":\"ReadAction\",\"target\":[\"https:\/\/icom.museum\/fr\/publications\/\"]}]},{\"@type\":\"BreadcrumbList\",\"@id\":\"https:\/\/icom.museum\/fr\/publications\/#breadcrumb\",\"itemListElement\":[{\"@type\":\"ListItem\",\"position\":1,\"name\":\"Home\",\"item\":\"https:\/\/icom.museum\/fr\/\"},{\"@type\":\"ListItem\",\"position\":2,\"name\":\"Publications\"}]},{\"@type\":\"WebSite\",\"@id\":\"https:\/\/icom.museum\/en\/#website\",\"url\":\"https:\/\/icom.museum\/en\/\",\"name\":\"International Council of Museums\",\"description\":\"A global organisation of museums &amp; museum professionals committed to the promotion and protection of cultural heritage\",\"publisher\":{\"@id\":\"https:\/\/icom.museum\/en\/#organization\"},\"potentialAction\":[{\"@type\":\"SearchAction\",\"target\":{\"@type\":\"EntryPoint\",\"urlTemplate\":\"https:\/\/icom.museum\/en\/?s={search_term_string}\"},\"query-input\":{\"@type\":\"PropertyValueSpecification\",\"valueRequired\":true,\"valueName\":\"search_term_string\"}}],\"inLanguage\":\"fr-FR\"},{\"@type\":\"Organization\",\"@id\":\"https:\/\/icom.museum\/en\/#organization\",\"name\":\"International Council of Museums\",\"url\":\"https:\/\/icom.museum\/en\/\",\"logo\":{\"@type\":\"ImageObject\",\"inLanguage\":\"fr-FR\",\"@id\":\"https:\/\/icom.museum\/en\/#\/schema\/logo\/image\/\",\"url\":\"https:\/\/icom.museum\/wp-content\/uploads\/2018\/07\/ICOM_M_.jpg\",\"contentUrl\":\"https:\/\/icom.museum\/wp-content\/uploads\/2018\/07\/ICOM_M_.jpg\",\"width\":1721,\"height\":1721,\"caption\":\"International Council of Museums\"},\"image\":{\"@id\":\"https:\/\/icom.museum\/en\/#\/schema\/logo\/image\/\"}}]}<\/script>\n<!-- \/ Yoast SEO plugin. -->","yoast_head_json":{"title":"Publications - International Council of Museums","robots":{"index":"index","follow":"follow","max-snippet":"max-snippet:-1","max-image-preview":"max-image-preview:large","max-video-preview":"max-video-preview:-1"},"canonical":"https:\/\/icom.museum\/fr\/publications\/","og_locale":"fr_FR","og_type":"article","og_title":"Publications - International Council of Museums","og_description":"Les publications de l\u2019ICOM sont un outil de diffusion et de partage de l\u2019expertise et de la connaissance sur la mus\u00e9ologie et le monde des mus\u00e9es. Elles comprennent notamment une revue scientifique et une s\u00e9rie d\u2019ouvrages sp\u00e9cialis\u00e9s. En outre, les comit\u00e9s de l\u2019ICOM publient r\u00e9guli\u00e8rement des revues, des livres, des bulletins d\u2019information \u00e9lectroniques, et plus [&hellip;]","og_url":"https:\/\/icom.museum\/fr\/publications\/","og_site_name":"International Council of Museums","article_modified_time":"2023-01-04T12:56:37+00:00","twitter_card":"summary_large_image","twitter_misc":{"Dur\u00e9e de lecture estim\u00e9e":"4 minutes"},"schema":{"@context":"https:\/\/schema.org","@graph":[{"@type":"WebPage","@id":"https:\/\/icom.museum\/fr\/publications\/","url":"https:\/\/icom.museum\/fr\/publications\/","name":"Publications - International Council of Museums","isPartOf":{"@id":"https:\/\/icom.museum\/en\/#website"},"datePublished":"2018-06-15T14:05:45+00:00","dateModified":"2023-01-04T12:56:37+00:00","breadcrumb":{"@id":"https:\/\/icom.museum\/fr\/publications\/#breadcrumb"},"inLanguage":"fr-FR","potentialAction":[{"@type":"ReadAction","target":["https:\/\/icom.museum\/fr\/publications\/"]}]},{"@type":"BreadcrumbList","@id":"https:\/\/icom.museum\/fr\/publications\/#breadcrumb","itemListElement":[{"@type":"ListItem","position":1,"name":"Home","item":"https:\/\/icom.museum\/fr\/"},{"@type":"ListItem","position":2,"name":"Publications"}]},{"@type":"WebSite","@id":"https:\/\/icom.museum\/en\/#website","url":"https:\/\/icom.museum\/en\/","name":"International Council of Museums","description":"A global organisation of museums &amp; museum professionals committed to the promotion and protection of cultural heritage","publisher":{"@id":"https:\/\/icom.museum\/en\/#organization"},"potentialAction":[{"@type":"SearchAction","target":{"@type":"EntryPoint","urlTemplate":"https:\/\/icom.museum\/en\/?s={search_term_string}"},"query-input":{"@type":"PropertyValueSpecification","valueRequired":true,"valueName":"search_term_string"}}],"inLanguage":"fr-FR"},{"@type":"Organization","@id":"https:\/\/icom.museum\/en\/#organization","name":"International Council of Museums","url":"https:\/\/icom.museum\/en\/","logo":{"@type":"ImageObject","inLanguage":"fr-FR","@id":"https:\/\/icom.museum\/en\/#\/schema\/logo\/image\/","url":"https:\/\/icom.museum\/wp-content\/uploads\/2018\/07\/ICOM_M_.jpg","contentUrl":"https:\/\/icom.museum\/wp-content\/uploads\/2018\/07\/ICOM_M_.jpg","width":1721,"height":1721,"caption":"International Council of Museums"},"image":{"@id":"https:\/\/icom.museum\/en\/#\/schema\/logo\/image\/"}}]}},"_links":{"self":[{"href":"https:\/\/icom.museum\/fr\/wp-json\/wp\/v2\/pages\/7226"}],"collection":[{"href":"https:\/\/icom.museum\/fr\/wp-json\/wp\/v2\/pages"}],"about":[{"href":"https:\/\/icom.museum\/fr\/wp-json\/wp\/v2\/types\/page"}],"author":[{"embeddable":true,"href":"https:\/\/icom.museum\/fr\/wp-json\/wp\/v2\/users\/10"}],"replies":[{"embeddable":true,"href":"https:\/\/icom.museum\/fr\/wp-json\/wp\/v2\/comments?post=7226"}],"version-history":[{"count":31,"href":"https:\/\/icom.museum\/fr\/wp-json\/wp\/v2\/pages\/7226\/revisions"}],"predecessor-version":[{"id":51916,"href":"https:\/\/icom.museum\/fr\/wp-json\/wp\/v2\/pages\/7226\/revisions\/51916"}],"wp:attachment":[{"href":"https:\/\/icom.museum\/fr\/wp-json\/wp\/v2\/media?parent=7226"}],"curies":[{"name":"wp","href":"https:\/\/api.w.org\/{rel}","templated":true}]}}