{"id":7230,"date":"2018-06-15T14:30:29","date_gmt":"2018-06-15T14:30:29","guid":{"rendered":"http:\/\/icom.museum\/?page_id=7230"},"modified":"2023-05-30T15:59:06","modified_gmt":"2023-05-30T13:59:06","slug":"centre-dinformation-icom","status":"publish","type":"page","link":"https:\/\/icom.museum\/fr\/recherche-et-developpement\/centre-dinformation-icom\/","title":{"rendered":"Centre d&#8217;information ICOM"},"content":{"rendered":"<h2>Cr\u00e9\u00e9 en 1948, le Centre de documentation de l&#8217;ICOM est g\u00e9r\u00e9 par le Secr\u00e9tariat.<\/h2>\n<div class=\"separator\">\n<p><strong>Les collections situ\u00e9es au si\u00e8ge de l\u2019ICOM<\/strong><\/p>\n<\/div>\n<p>Sont conserv\u00e9es au si\u00e8ge les publications de l\u2019ICOM, de ses Comit\u00e9s et Alliances r\u00e9gionales. D\u2019autre part, le centre d\u00e9tient une collection de l\u00e9gislations nationales concernant la protection du patrimoine culturel, de r\u00e9pertoires des mus\u00e9es nationaux et internationaux, de publications et de rapports sur le trafic illicite et sur le patrimoine en danger dans des situations d&#8217;urgence.<\/p>\n<p>Plus de <strong>44 000 r\u00e9f\u00e9rences<\/strong> sont index\u00e9es dans la biblioth\u00e8que en ligne de l\u2019ICOM.<\/p>\n<p>Les archives du secr\u00e9tariat et une partie des archives des comit\u00e9s internationaux sont \u00e9galement conserv\u00e9es au si\u00e8ge de l\u2019ICOM. La base de donn\u00e9es des archives est accessible en ligne pour les adh\u00e9rents, via <span style=\"font-weight: normal !msorm;\"><strong>l\u2019espace membre<\/strong><\/span>.<\/p>\n<div class=\"separator\">\n<p><strong>L\u2019acc\u00e8s au Centre d\u2019information ICOM<\/strong><\/p>\n<\/div>\n<p>Le Centre est situ\u00e9 au 15 rue Lasson &#8211; 75012 Paris. Il est ouvert aux membres de l&#8217;ICOM, aux chercheurs et aux \u00e9tudiants, sur rendez-vous.<\/p>\n<p><span class=\"link_blue\"><a href=\"mailto:agnes.roche@icom.museum\">Contacter la documentaliste<\/a><\/span><\/p>\n<div class=\"separator\">\n<p><strong>Les collections hors les murs<\/strong><\/p>\n<\/div>\n<p>En 1995, la collection des monographies et p\u00e9riodiques sur la mus\u00e9ologie, la museographie et la conservation ainsi que la collection des catalogues de mus\u00e9es a \u00e9t\u00e9 transf\u00e9r\u00e9e en d\u00e9p\u00f4t \u00e0 l\u2019Unit\u00e9 de documentation du Service des mus\u00e9es de France de la Direction g\u00e9n\u00e9rale des patrimoines. En 2022, cette collection a d\u00e9m\u00e9nag\u00e9 \u00e0 nouveau. Elle est d\u00e9sormais h\u00e9berg\u00e9e par le Centre d&#8217;\u00e9tudes et de documentation du Centre Dominique-Vivant Denon, situ\u00e9 dans <a href=\"https:\/\/www.louvre.fr\/recherche-et-conservation\/sources-et-ressources\/centre-d-etudes-et-de-documentation-centre-dominique-vivant-denon\">l\u2019aile Sud de la Cour Carr\u00e9e du Mus\u00e9e du Louvre<\/a> (accueil sur rendez-vous).<\/p>\n<p><span class=\"link_yellow\"><a href=\"http:\/\/capadoce.ext.culture.fr\/capadoci\/jsp\/system\/win_main.jsp\">Catalogue de l&#8217;unit\u00e9 de Documentation<\/a><\/span><\/p>\n<p><span class=\"link_red\"><a href=\"mailto:doc-mf.dgpat@culture.gouv.fr\">Envoyer un email<\/a><\/span><\/p>\n<p>En 1994, une importante collection de catalogues d\u2019expositions a \u00e9t\u00e9 transf\u00e9r\u00e9e en d\u00e9p\u00f4t \u00a0\u00e0 la biblioth\u00e8que de l\u2019\u00c9cole nationale sup\u00e9rieure des beaux-arts (ENSBA).Pour plus d\u2019informations, contactez les par email ou par t\u00e9l\u00e9phone au +33 (0)1 47 03 50 82.<\/p>\n<p><span class=\"link_yellow\"><a href=\"http:\/\/www.ensba.fr\/aloes\/opacwebaloes\/\">Catalogue de la biblioth\u00e8que de l&#8217;ENSBA<\/a><\/span><\/p>\n<p><span class=\"link_red\"><a href=\"mailto:consultation-collections@beauxartsparis.fr\">Envoyez un email<\/a><\/span><\/p>\n<p>&nbsp;<\/p>\n","protected":false},"excerpt":{"rendered":"<p>Cr\u00e9\u00e9 en 1948, le Centre de documentation de l&#8217;ICOM est g\u00e9r\u00e9 par le Secr\u00e9tariat. Les collections situ\u00e9es au si\u00e8ge de l\u2019ICOM Sont conserv\u00e9es au si\u00e8ge les publications de l\u2019ICOM, de ses Comit\u00e9s et Alliances r\u00e9gionales. D\u2019autre part, le centre d\u00e9tient une collection de l\u00e9gislations nationales concernant la protection du patrimoine culturel, de r\u00e9pertoires des mus\u00e9es [&hellip;]<\/p>\n","protected":false},"author":10,"featured_media":0,"parent":7224,"menu_order":2,"comment_status":"closed","ping_status":"closed","template":"","meta":{"inline_featured_image":false,"footnotes":""},"class_list":["post-7230","page","type-page","status-publish","hentry"],"acf":[],"yoast_head":"<!-- This site is optimized with the Yoast SEO plugin v23.7 - https:\/\/yoast.com\/wordpress\/plugins\/seo\/ -->\n<title>Centre d&#039;information ICOM - International Council of Museums<\/title>\n<meta name=\"robots\" content=\"index, follow, max-snippet:-1, max-image-preview:large, max-video-preview:-1\" \/>\n<link rel=\"canonical\" href=\"https:\/\/icom.museum\/fr\/recherche-et-developpement\/centre-dinformation-icom\/\" \/>\n<meta property=\"og:locale\" content=\"fr_FR\" \/>\n<meta property=\"og:type\" content=\"article\" \/>\n<meta property=\"og:title\" content=\"Centre d&#039;information ICOM - International Council of Museums\" \/>\n<meta property=\"og:description\" content=\"Cr\u00e9\u00e9 en 1948, le Centre de documentation de l&#8217;ICOM est g\u00e9r\u00e9 par le Secr\u00e9tariat. Les collections situ\u00e9es au si\u00e8ge de l\u2019ICOM Sont conserv\u00e9es au si\u00e8ge les publications de l\u2019ICOM, de ses Comit\u00e9s et Alliances r\u00e9gionales. D\u2019autre part, le centre d\u00e9tient une collection de l\u00e9gislations nationales concernant la protection du patrimoine culturel, de r\u00e9pertoires des mus\u00e9es [&hellip;]\" \/>\n<meta property=\"og:url\" content=\"https:\/\/icom.museum\/fr\/recherche-et-developpement\/centre-dinformation-icom\/\" \/>\n<meta property=\"og:site_name\" content=\"International Council of Museums\" \/>\n<meta property=\"article:modified_time\" content=\"2023-05-30T13:59:06+00:00\" \/>\n<meta property=\"og:image\" content=\"https:\/\/icom.museum\/wp-content\/uploads\/2018\/05\/MG_Conceitos3-1.jpg\" \/>\n<meta name=\"twitter:card\" content=\"summary_large_image\" \/>\n<meta name=\"twitter:label1\" content=\"Dur\u00e9e de lecture estim\u00e9e\" \/>\n\t<meta name=\"twitter:data1\" content=\"2 minutes\" \/>\n<script type=\"application\/ld+json\" class=\"yoast-schema-graph\">{\"@context\":\"https:\/\/schema.org\",\"@graph\":[{\"@type\":\"WebPage\",\"@id\":\"https:\/\/icom.museum\/fr\/recherche-et-developpement\/centre-dinformation-icom\/\",\"url\":\"https:\/\/icom.museum\/fr\/recherche-et-developpement\/centre-dinformation-icom\/\",\"name\":\"Centre d'information ICOM - International Council of Museums\",\"isPartOf\":{\"@id\":\"https:\/\/icom.museum\/en\/#website\"},\"datePublished\":\"2018-06-15T14:30:29+00:00\",\"dateModified\":\"2023-05-30T13:59:06+00:00\",\"breadcrumb\":{\"@id\":\"https:\/\/icom.museum\/fr\/recherche-et-developpement\/centre-dinformation-icom\/#breadcrumb\"},\"inLanguage\":\"fr-FR\",\"potentialAction\":[{\"@type\":\"ReadAction\",\"target\":[\"https:\/\/icom.museum\/fr\/recherche-et-developpement\/centre-dinformation-icom\/\"]}]},{\"@type\":\"BreadcrumbList\",\"@id\":\"https:\/\/icom.museum\/fr\/recherche-et-developpement\/centre-dinformation-icom\/#breadcrumb\",\"itemListElement\":[{\"@type\":\"ListItem\",\"position\":1,\"name\":\"Home\",\"item\":\"https:\/\/icom.museum\/fr\/\"},{\"@type\":\"ListItem\",\"position\":2,\"name\":\"Recherche\",\"item\":\"https:\/\/icom.museum\/fr\/nos-actions\/recherche-et-developpement\/\"},{\"@type\":\"ListItem\",\"position\":3,\"name\":\"Centre d&#8217;information ICOM\"}]},{\"@type\":\"WebSite\",\"@id\":\"https:\/\/icom.museum\/en\/#website\",\"url\":\"https:\/\/icom.museum\/en\/\",\"name\":\"International Council of Museums\",\"description\":\"A global organisation of museums &amp; museum professionals committed to the promotion and protection of cultural heritage\",\"publisher\":{\"@id\":\"https:\/\/icom.museum\/en\/#organization\"},\"potentialAction\":[{\"@type\":\"SearchAction\",\"target\":{\"@type\":\"EntryPoint\",\"urlTemplate\":\"https:\/\/icom.museum\/en\/?s={search_term_string}\"},\"query-input\":{\"@type\":\"PropertyValueSpecification\",\"valueRequired\":true,\"valueName\":\"search_term_string\"}}],\"inLanguage\":\"fr-FR\"},{\"@type\":\"Organization\",\"@id\":\"https:\/\/icom.museum\/en\/#organization\",\"name\":\"International Council of Museums\",\"url\":\"https:\/\/icom.museum\/en\/\",\"logo\":{\"@type\":\"ImageObject\",\"inLanguage\":\"fr-FR\",\"@id\":\"https:\/\/icom.museum\/en\/#\/schema\/logo\/image\/\",\"url\":\"https:\/\/icom.museum\/wp-content\/uploads\/2018\/07\/ICOM_M_.jpg\",\"contentUrl\":\"https:\/\/icom.museum\/wp-content\/uploads\/2018\/07\/ICOM_M_.jpg\",\"width\":1721,\"height\":1721,\"caption\":\"International Council of Museums\"},\"image\":{\"@id\":\"https:\/\/icom.museum\/en\/#\/schema\/logo\/image\/\"}}]}<\/script>\n<!-- \/ Yoast SEO plugin. -->","yoast_head_json":{"title":"Centre d'information ICOM - International Council of Museums","robots":{"index":"index","follow":"follow","max-snippet":"max-snippet:-1","max-image-preview":"max-image-preview:large","max-video-preview":"max-video-preview:-1"},"canonical":"https:\/\/icom.museum\/fr\/recherche-et-developpement\/centre-dinformation-icom\/","og_locale":"fr_FR","og_type":"article","og_title":"Centre d'information ICOM - International Council of Museums","og_description":"Cr\u00e9\u00e9 en 1948, le Centre de documentation de l&#8217;ICOM est g\u00e9r\u00e9 par le Secr\u00e9tariat. Les collections situ\u00e9es au si\u00e8ge de l\u2019ICOM Sont conserv\u00e9es au si\u00e8ge les publications de l\u2019ICOM, de ses Comit\u00e9s et Alliances r\u00e9gionales. D\u2019autre part, le centre d\u00e9tient une collection de l\u00e9gislations nationales concernant la protection du patrimoine culturel, de r\u00e9pertoires des mus\u00e9es [&hellip;]","og_url":"https:\/\/icom.museum\/fr\/recherche-et-developpement\/centre-dinformation-icom\/","og_site_name":"International Council of Museums","article_modified_time":"2023-05-30T13:59:06+00:00","og_image":[{"url":"https:\/\/icom.museum\/wp-content\/uploads\/2018\/05\/MG_Conceitos3-1.jpg"}],"twitter_card":"summary_large_image","twitter_misc":{"Dur\u00e9e de lecture estim\u00e9e":"2 minutes"},"schema":{"@context":"https:\/\/schema.org","@graph":[{"@type":"WebPage","@id":"https:\/\/icom.museum\/fr\/recherche-et-developpement\/centre-dinformation-icom\/","url":"https:\/\/icom.museum\/fr\/recherche-et-developpement\/centre-dinformation-icom\/","name":"Centre d'information ICOM - International Council of Museums","isPartOf":{"@id":"https:\/\/icom.museum\/en\/#website"},"datePublished":"2018-06-15T14:30:29+00:00","dateModified":"2023-05-30T13:59:06+00:00","breadcrumb":{"@id":"https:\/\/icom.museum\/fr\/recherche-et-developpement\/centre-dinformation-icom\/#breadcrumb"},"inLanguage":"fr-FR","potentialAction":[{"@type":"ReadAction","target":["https:\/\/icom.museum\/fr\/recherche-et-developpement\/centre-dinformation-icom\/"]}]},{"@type":"BreadcrumbList","@id":"https:\/\/icom.museum\/fr\/recherche-et-developpement\/centre-dinformation-icom\/#breadcrumb","itemListElement":[{"@type":"ListItem","position":1,"name":"Home","item":"https:\/\/icom.museum\/fr\/"},{"@type":"ListItem","position":2,"name":"Recherche","item":"https:\/\/icom.museum\/fr\/nos-actions\/recherche-et-developpement\/"},{"@type":"ListItem","position":3,"name":"Centre d&#8217;information ICOM"}]},{"@type":"WebSite","@id":"https:\/\/icom.museum\/en\/#website","url":"https:\/\/icom.museum\/en\/","name":"International Council of Museums","description":"A global organisation of museums &amp; museum professionals committed to the promotion and protection of cultural heritage","publisher":{"@id":"https:\/\/icom.museum\/en\/#organization"},"potentialAction":[{"@type":"SearchAction","target":{"@type":"EntryPoint","urlTemplate":"https:\/\/icom.museum\/en\/?s={search_term_string}"},"query-input":{"@type":"PropertyValueSpecification","valueRequired":true,"valueName":"search_term_string"}}],"inLanguage":"fr-FR"},{"@type":"Organization","@id":"https:\/\/icom.museum\/en\/#organization","name":"International Council of Museums","url":"https:\/\/icom.museum\/en\/","logo":{"@type":"ImageObject","inLanguage":"fr-FR","@id":"https:\/\/icom.museum\/en\/#\/schema\/logo\/image\/","url":"https:\/\/icom.museum\/wp-content\/uploads\/2018\/07\/ICOM_M_.jpg","contentUrl":"https:\/\/icom.museum\/wp-content\/uploads\/2018\/07\/ICOM_M_.jpg","width":1721,"height":1721,"caption":"International Council of Museums"},"image":{"@id":"https:\/\/icom.museum\/en\/#\/schema\/logo\/image\/"}}]}},"_links":{"self":[{"href":"https:\/\/icom.museum\/fr\/wp-json\/wp\/v2\/pages\/7230"}],"collection":[{"href":"https:\/\/icom.museum\/fr\/wp-json\/wp\/v2\/pages"}],"about":[{"href":"https:\/\/icom.museum\/fr\/wp-json\/wp\/v2\/types\/page"}],"author":[{"embeddable":true,"href":"https:\/\/icom.museum\/fr\/wp-json\/wp\/v2\/users\/10"}],"replies":[{"embeddable":true,"href":"https:\/\/icom.museum\/fr\/wp-json\/wp\/v2\/comments?post=7230"}],"version-history":[{"count":13,"href":"https:\/\/icom.museum\/fr\/wp-json\/wp\/v2\/pages\/7230\/revisions"}],"predecessor-version":[{"id":53481,"href":"https:\/\/icom.museum\/fr\/wp-json\/wp\/v2\/pages\/7230\/revisions\/53481"}],"up":[{"embeddable":true,"href":"https:\/\/icom.museum\/fr\/wp-json\/wp\/v2\/pages\/7224"}],"wp:attachment":[{"href":"https:\/\/icom.museum\/fr\/wp-json\/wp\/v2\/media?parent=7230"}],"curies":[{"name":"wp","href":"https:\/\/api.w.org\/{rel}","templated":true}]}}